{"id":345499,"date":"2026-03-11T12:47:30","date_gmt":"2026-03-11T11:47:30","guid":{"rendered":"https:\/\/www.secondastrada.com\/it\/piumino-yes-zee-verde-9\/"},"modified":"2026-04-23T00:18:34","modified_gmt":"2026-04-22T22:18:34","slug":"piumino-yes-zee-verde-9","status":"publish","type":"product","link":"https:\/\/www.secondastrada.com\/it\/piumino-yes-zee-verde-9\/","title":{"rendered":"Piumino  Yes Zee Verde"},"content":{"rendered":"<p><b>Piumino YES ZEE Verde da uomo<\/b><br \/>\nIl Piumino YES ZEE Verde \u00e8 un capo pratico e contemporaneo, pensato per accompagnarti con stile nelle mezze stagioni. Il colore verde dona personalit\u00e0 al look e aggiunge un tocco moderno al guardaroba maschile, mantenendo allo stesso tempo grande versatilit\u00e0 negli abbinamenti. \u00c8 una soluzione ideale per chi cerca un capo leggero ma funzionale da indossare nelle giornate pi\u00f9 fresche.<br \/>Realizzato in 100% poliestere, questo piumino garantisce leggerezza, resistenza e praticit\u00e0 nell\u2019utilizzo quotidiano. Si tratta di un Piumino con cappuccio, peso 100 grammi, progettato per offrire comfort e protezione senza risultare ingombrante. La vestibilit\u00e0 regolare permette di indossarlo facilmente sopra t-shirt, felpe leggere o camicie, assicurando una linea naturale e confortevole.<br \/>Questo Piumino da uomo adatto alla stagione primavera estate \u00e8 perfetto per molte occasioni della giornata: puoi indossarlo nel tempo libero, durante una passeggiata in citt\u00e0, in viaggio o nelle giornate dal clima variabile. Grazie al suo stile semplice e moderno si abbina facilmente a diversi outfit. Provalo con t-shirt, jeans e sneakers per un look casual e dinamico, oppure con pantaloni sportivi e scarpe casual per un outfit comodo e contemporaneo.<br \/>Il Piumino YES ZEE Verde rappresenta una scelta ideale per chi desidera un capo leggero, versatile e facile da indossare ogni giorno.<br \/>Il modello \u00e8 alto 187 cm e veste la taglia L. La vestibilit\u00e0 del capo \u00e8 regolare.<br \/>Su SecondaStrada.com trovi esclusivamente prodotti originali e selezionati. Questo capo YES ZEE \u00e8 identificato dal <b>codice articolo J544 M300<\/b>, garanzia di qualit\u00e0 e originalit\u00e0 del brand.<\/p>\n","protected":false},"excerpt":{"rendered":"<p>Piumino YES ZEE Verde da uomo Il Piumino YES ZEE Verde \u00e8 un capo pratico e contemporaneo, pensato per accompagnarti con stile nelle mezze stagioni. Il colore verde dona personalit\u00e0 al look e aggiunge un tocco moderno al guardaroba maschile, mantenendo allo stesso tempo grande versatilit\u00e0 negli abbinamenti. \u00c8 una soluzione ideale per chi cerca&#8230;<\/p>\n","protected":false},"featured_media":346952,"template":"","meta":{"inline_featured_image":false},"ss_brand":[1280],"ss_promo":[2195],"ss_season":[2531],"product_cat":[1332,1483,1841,1839,1843,1714],"product_tag":[1993,1728],"class_list":{"0":"post-345499","1":"product","2":"type-product","3":"status-publish","4":"has-post-thumbnail","6":"ss_brand-yes-zee-uomo","7":"ss_promo-mid-season-sale-uomo","8":"ss_season-pe26","9":"product_cat-abbigliamento-uomo","10":"product_cat-piumini-da-uomo","11":"product_cat-piumini-con-cappuccio-da-uomo","12":"product_cat-piumini-corti-da-uomo","13":"product_cat-piumini-leggeri-da-uomo","14":"product_cat-collezione-uomo","15":"product_tag-nuovi-arrivi-uomo","16":"product_tag-piumini-yes-zee-uomo","18":"first","19":"instock","20":"sale","21":"shipping-taxable","22":"purchasable","23":"product-type-variable","24":"has-default-attributes"},"acf":{"ss_brand":[{"term_id":1280,"name":"YES ZEE","slug":"yes-zee-uomo","term_group":0,"term_taxonomy_id":1280,"taxonomy":"ss_brand","description":"Non un semplice marchio di <strong>abbigliamento da uomo<\/strong>: <strong>Yes Zee<\/strong> \u00e8 il brand perfetto per rivoluzionare con stile tutti i tuoi look metropolitani! Scopri subito le offerte esclusive del nostro store online e acquista <strong>Yes zee da uomo a prezzi scontatissimi<\/strong>.","parent":1268,"count":491,"filter":"raw"}],"ss_promo":[2195],"ss_season":[{"term_id":2531,"name":"PE26","slug":"pe26","term_group":0,"term_taxonomy_id":2531,"taxonomy":"ss_season","description":"","parent":0,"count":1574,"filter":"raw"}],"ss_old_price":"0,00","ss_omnibus_price":"0,00","ss_style_advice":"<p><b>Piumino YES ZEE Verde da uomo<\/b><br \/>\nIl Piumino YES ZEE Verde \u00e8 un capo pratico e contemporaneo, pensato per accompagnarti con stile nelle mezze stagioni. Il colore verde dona personalit\u00e0 al look e aggiunge un tocco moderno al guardaroba maschile, mantenendo allo stesso tempo grande versatilit\u00e0 negli abbinamenti. \u00c8 una soluzione ideale per chi cerca un capo leggero ma funzionale da indossare nelle giornate pi\u00f9 fresche.<br \/>Realizzato in 100% poliestere, questo piumino garantisce leggerezza, resistenza e praticit\u00e0 nell\u2019utilizzo quotidiano. Si tratta di un Piumino con cappuccio, peso 100 grammi, progettato per offrire comfort e protezione senza risultare ingombrante. La vestibilit\u00e0 regolare permette di indossarlo facilmente sopra t-shirt, felpe leggere o camicie, assicurando una linea naturale e confortevole.<br \/>Questo Piumino da uomo adatto alla stagione primavera estate \u00e8 perfetto per molte occasioni della giornata: puoi indossarlo nel tempo libero, durante una passeggiata in citt\u00e0, in viaggio o nelle giornate dal clima variabile. Grazie al suo stile semplice e moderno si abbina facilmente a diversi outfit. Provalo con t-shirt, jeans e sneakers per un look casual e dinamico, oppure con pantaloni sportivi e scarpe casual per un outfit comodo e contemporaneo.<br \/>Il Piumino YES ZEE Verde rappresenta una scelta ideale per chi desidera un capo leggero, versatile e facile da indossare ogni giorno.<br \/>Il modello \u00e8 alto 187 cm e veste la taglia L. La vestibilit\u00e0 del capo \u00e8 regolare.<br \/>Su SecondaStrada.com trovi esclusivamente prodotti originali e selezionati. Questo capo YES ZEE \u00e8 identificato dal <b>codice articolo J544 M300<\/b>, garanzia di qualit\u00e0 e originalit\u00e0 del brand.<\/p>\n","ss_composition":"<p>100% poliestere<\/p>\n","ss_fit":"<p>Il modello \u00e8 alto 187 cm e veste la taglia L. La vestibilit\u00e0 del capo \u00e8 regolare.<\/p>\n"},"yoast_head":"<!-- This site is optimized with the Yoast SEO plugin v22.3 - https:\/\/yoast.com\/wordpress\/plugins\/seo\/ -->\n<title>Piumino Yes Zee Verde - Acquista online! - Seconda Strada<\/title>\n<meta name=\"description\" content=\"Piumino Yes Zee Verde \u27a4 Acquista online su Secondastrada.com Piumino Yes Zee Verde \u2714\ufe0f Spedizione veloce entro 24h in tutta Italia \u2714\ufe0f Sconto sul tuo primo acquisto\" \/>\n<meta name=\"robots\" content=\"index, follow, max-snippet:-1, max-image-preview:large, max-video-preview:-1\" \/>\n<link rel=\"canonical\" href=\"https:\/\/www.secondastrada.com\/it\/piumino-yes-zee-verde-9\/\" \/>\n<meta property=\"og:locale\" content=\"it_IT\" \/>\n<meta property=\"og:type\" content=\"article\" \/>\n<meta property=\"og:title\" content=\"Piumino Yes Zee Verde - Acquista online! - Seconda Strada\" \/>\n<meta property=\"og:description\" content=\"Piumino Yes Zee Verde \u27a4 Acquista online su Secondastrada.com Piumino Yes Zee Verde \u2714\ufe0f Spedizione veloce entro 24h in tutta Italia \u2714\ufe0f Sconto sul tuo primo acquisto\" \/>\n<meta property=\"og:url\" content=\"https:\/\/www.secondastrada.com\/it\/piumino-yes-zee-verde-9\/\" \/>\n<meta property=\"og:site_name\" content=\"Seconda Strada\" \/>\n<meta property=\"article:modified_time\" content=\"2026-04-22T22:18:34+00:00\" \/>\n<meta property=\"og:image\" content=\"https:\/\/www.secondastrada.com\/wp-content\/uploads\/2026\/03\/J544-M300_VERDE-MILITARE_PE26_1.jpg\" \/>\n\t<meta property=\"og:image:width\" content=\"1000\" \/>\n\t<meta property=\"og:image:height\" content=\"1300\" \/>\n\t<meta property=\"og:image:type\" content=\"image\/jpeg\" \/>\n<meta name=\"twitter:card\" content=\"summary_large_image\" \/>\n<meta name=\"twitter:label1\" content=\"Tempo di lettura stimato\" \/>\n\t<meta name=\"twitter:data1\" content=\"1 minuto\" \/>\n<!-- \/ Yoast SEO plugin. -->","yoast_head_json":{"title":"Piumino Yes Zee Verde - Acquista online! - Seconda Strada","description":"Piumino Yes Zee Verde \u27a4 Acquista online su Secondastrada.com Piumino Yes Zee Verde \u2714\ufe0f Spedizione veloce entro 24h in tutta Italia \u2714\ufe0f Sconto sul tuo primo acquisto","robots":{"index":"index","follow":"follow","max-snippet":"max-snippet:-1","max-image-preview":"max-image-preview:large","max-video-preview":"max-video-preview:-1"},"canonical":"https:\/\/www.secondastrada.com\/it\/piumino-yes-zee-verde-9\/","og_locale":"it_IT","og_type":"article","og_title":"Piumino Yes Zee Verde - Acquista online! - Seconda Strada","og_description":"Piumino Yes Zee Verde \u27a4 Acquista online su Secondastrada.com Piumino Yes Zee Verde \u2714\ufe0f Spedizione veloce entro 24h in tutta Italia \u2714\ufe0f Sconto sul tuo primo acquisto","og_url":"https:\/\/www.secondastrada.com\/it\/piumino-yes-zee-verde-9\/","og_site_name":"Seconda Strada","article_modified_time":"2026-04-22T22:18:34+00:00","og_image":[{"width":1000,"height":1300,"url":"https:\/\/www.secondastrada.com\/wp-content\/uploads\/2026\/03\/J544-M300_VERDE-MILITARE_PE26_1.jpg","type":"image\/jpeg"}],"twitter_card":"summary_large_image","twitter_misc":{"Tempo di lettura stimato":"1 minuto"},"schema":{"@context":"https:\/\/schema.org","@graph":[{"@type":"WebPage","@id":"https:\/\/www.secondastrada.com\/it\/piumino-yes-zee-verde-9\/","url":"https:\/\/www.secondastrada.com\/it\/piumino-yes-zee-verde-9\/","name":"Piumino Yes Zee Verde - Acquista online! - Seconda Strada","isPartOf":{"@id":"https:\/\/www.secondastrada.com\/it\/#website"},"primaryImageOfPage":{"@id":"https:\/\/www.secondastrada.com\/it\/piumino-yes-zee-verde-9\/#primaryimage"},"image":{"@id":"https:\/\/www.secondastrada.com\/it\/piumino-yes-zee-verde-9\/#primaryimage"},"thumbnailUrl":"https:\/\/www.secondastrada.com\/wp-content\/uploads\/2026\/03\/J544-M300_VERDE-MILITARE_PE26_1.jpg","datePublished":"2026-03-11T11:47:30+00:00","dateModified":"2026-04-22T22:18:34+00:00","description":"Piumino Yes Zee Verde \u27a4 Acquista online su Secondastrada.com Piumino Yes Zee Verde \u2714\ufe0f Spedizione veloce entro 24h in tutta Italia \u2714\ufe0f Sconto sul tuo primo acquisto","breadcrumb":{"@id":"https:\/\/www.secondastrada.com\/it\/piumino-yes-zee-verde-9\/#breadcrumb"},"inLanguage":"it-IT","potentialAction":[{"@type":"ReadAction","target":["https:\/\/www.secondastrada.com\/it\/piumino-yes-zee-verde-9\/"]}]},{"@type":"ImageObject","inLanguage":"it-IT","@id":"https:\/\/www.secondastrada.com\/it\/piumino-yes-zee-verde-9\/#primaryimage","url":"https:\/\/www.secondastrada.com\/wp-content\/uploads\/2026\/03\/J544-M300_VERDE-MILITARE_PE26_1.jpg","contentUrl":"https:\/\/www.secondastrada.com\/wp-content\/uploads\/2026\/03\/J544-M300_VERDE-MILITARE_PE26_1.jpg","width":1000,"height":1300,"caption":"J544-M300_VERDE-MILITARE_PE26"},{"@type":"BreadcrumbList","@id":"https:\/\/www.secondastrada.com\/it\/piumino-yes-zee-verde-9\/#breadcrumb","itemListElement":[{"@type":"ListItem","position":1,"name":"Home","item":"https:\/\/www.secondastrada.com\/it\/"},{"@type":"ListItem","position":2,"name":"Shop","item":"https:\/\/www.secondastrada.com\/it\/shop\/"},{"@type":"ListItem","position":3,"name":"Uomo","item":"https:\/\/www.secondastrada.com\/it\/collezione-uomo\/"},{"@type":"ListItem","position":4,"name":"Abbigliamento","item":"https:\/\/www.secondastrada.com\/it\/collezione-uomo\/abbigliamento-uomo\/"},{"@type":"ListItem","position":5,"name":"Piumini","item":"https:\/\/www.secondastrada.com\/it\/collezione-uomo\/abbigliamento-uomo\/piumini-da-uomo\/"},{"@type":"ListItem","position":6,"name":"Piumini con cappuccio","item":"https:\/\/www.secondastrada.com\/it\/collezione-uomo\/abbigliamento-uomo\/piumini-da-uomo\/piumini-con-cappuccio-da-uomo\/"},{"@type":"ListItem","position":7,"name":"Piumino Yes Zee Verde"}]},{"@type":"WebSite","@id":"https:\/\/www.secondastrada.com\/it\/#website","url":"https:\/\/www.secondastrada.com\/it\/","name":"Seconda Strada","description":"","publisher":{"@id":"https:\/\/www.secondastrada.com\/it\/#organization"},"potentialAction":[{"@type":"SearchAction","target":{"@type":"EntryPoint","urlTemplate":"https:\/\/www.secondastrada.com\/it\/?s={search_term_string}"},"query-input":"required name=search_term_string"}],"inLanguage":"it-IT"},{"@type":"Organization","@id":"https:\/\/www.secondastrada.com\/it\/#organization","name":"Seconda Strada","url":"https:\/\/www.secondastrada.com\/it\/","logo":{"@type":"ImageObject","inLanguage":"it-IT","@id":"https:\/\/www.secondastrada.com\/it\/#\/schema\/logo\/image\/","url":"https:\/\/www.secondastrada.com\/wp-content\/uploads\/2023\/11\/secondastrada-logo.svg","contentUrl":"https:\/\/www.secondastrada.com\/wp-content\/uploads\/2023\/11\/secondastrada-logo.svg","width":353,"height":47,"caption":"Seconda Strada"},"image":{"@id":"https:\/\/www.secondastrada.com\/it\/#\/schema\/logo\/image\/"}}]}},"df_price":53.94,"df_sale_price":"","df_regular_price":53.94,"df_image_link":"https:\/\/www.secondastrada.com\/wp-content\/uploads\/2026\/03\/J544-M300_VERDE-MILITARE_PE26_1-300x300.jpg","_links":{"self":[{"href":"https:\/\/www.secondastrada.com\/it\/wp-json\/wp\/v2\/product\/345499"}],"collection":[{"href":"https:\/\/www.secondastrada.com\/it\/wp-json\/wp\/v2\/product"}],"about":[{"href":"https:\/\/www.secondastrada.com\/it\/wp-json\/wp\/v2\/types\/product"}],"wp:featuredmedia":[{"embeddable":true,"href":"https:\/\/www.secondastrada.com\/it\/wp-json\/wp\/v2\/media\/346952"}],"wp:attachment":[{"href":"https:\/\/www.secondastrada.com\/it\/wp-json\/wp\/v2\/media?parent=345499"}],"wp:term":[{"taxonomy":"ss_brand","embeddable":true,"href":"https:\/\/www.secondastrada.com\/it\/wp-json\/wp\/v2\/ss_brand?post=345499"},{"taxonomy":"ss_promo","embeddable":true,"href":"https:\/\/www.secondastrada.com\/it\/wp-json\/wp\/v2\/ss_promo?post=345499"},{"taxonomy":"ss_season","embeddable":true,"href":"https:\/\/www.secondastrada.com\/it\/wp-json\/wp\/v2\/ss_season?post=345499"},{"taxonomy":"product_cat","embeddable":true,"href":"https:\/\/www.secondastrada.com\/it\/wp-json\/wp\/v2\/product_cat?post=345499"},{"taxonomy":"product_tag","embeddable":true,"href":"https:\/\/www.secondastrada.com\/it\/wp-json\/wp\/v2\/product_tag?post=345499"}],"curies":[{"name":"wp","href":"https:\/\/api.w.org\/{rel}","templated":true}]}}