{"id":348201,"date":"2026-03-18T16:37:44","date_gmt":"2026-03-18T15:37:44","guid":{"rendered":"https:\/\/www.secondastrada.com\/it\/felpa-concept83-blu-5\/"},"modified":"2026-05-01T01:47:10","modified_gmt":"2026-04-30T23:47:10","slug":"felpa-concept83-blu-5","status":"publish","type":"product","link":"https:\/\/www.secondastrada.com\/it\/felpa-concept83-blu-5\/","title":{"rendered":"Felpa Concept83 Blu"},"content":{"rendered":"<p><b>Felpa CONCEPT83 Blu: comfort dinamico e stile contemporaneo<\/b><br \/>La <b>Felpa CONCEPT83 Blu<\/b> \u00e8 il capo perfetto per accompagnarti con stile nei momenti pi\u00f9 casual della giornata. Realizzata in un mix di materiali morbidi e traspiranti (50% cotone, 35% poliestere, 10% viscosa, 5% elastina), offre una sensazione piacevole sulla pelle e una vestibilit\u00e0 regolare che garantisce comfort e libert\u00e0 di movimento. Il design <b>con cappuccio e manica 3\/4<\/b> aggiunge un tocco sportivo e contemporaneo, ideale per uno stile rilassato ma curato.<br \/>Questa <b>felpa da donna adatta alla stagione primavera estate<\/b> \u00e8 perfetta per il tempo libero, per una passeggiata o per i momenti di relax, quando vuoi sentirti comoda senza rinunciare allo stile. La modella \u00e8 alta 165 cm e veste la taglia S, a conferma di una vestibilit\u00e0 versatile e facile da scegliere.<br \/>Per un look casual e pratico, puoi abbinarla a pantaloni sportivi o jogger e sneakers; se preferisci uno stile pi\u00f9 urbano, indossala con jeans e scarpe basse. Il colore blu, sempre attuale, rende questa felpa facile da abbinare e perfetta per creare outfit semplici ma di carattere.<br \/>Un capo essenziale per il tuo guardaroba quotidiano, pensato per accompagnarti con naturalezza e stile.<br \/><b>Prodotto originale CONCEPT83<\/b> \u2013 Codice articolo: F1017XBF55011 OB<\/p>\n","protected":false},"excerpt":{"rendered":"<p>Felpa CONCEPT83 Blu: comfort dinamico e stile contemporaneoLa Felpa CONCEPT83 Blu \u00e8 il capo perfetto per accompagnarti con stile nei momenti pi\u00f9 casual della giornata. Realizzata in un mix di materiali morbidi e traspiranti (50% cotone, 35% poliestere, 10% viscosa, 5% elastina), offre una sensazione piacevole sulla pelle e una vestibilit\u00e0 regolare che garantisce comfort&#8230;<\/p>\n","protected":false},"featured_media":347847,"template":"","meta":{"inline_featured_image":false},"ss_brand":[1877],"ss_promo":[],"ss_season":[2531],"product_cat":[1329,1658,1474],"product_tag":[2553,1995],"class_list":{"0":"post-348201","1":"product","2":"type-product","3":"status-publish","4":"has-post-thumbnail","6":"ss_brand-concept83-donna","7":"ss_season-pe26","8":"product_cat-abbigliamento-donna","9":"product_cat-collezione-donna","10":"product_cat-felpe-da-donna","11":"product_tag-look-sportivo-donna","12":"product_tag-nuovi-arrivi-donna","14":"first","15":"instock","16":"shipping-taxable","17":"purchasable","18":"product-type-variable","19":"has-default-attributes"},"acf":{"ss_brand":[{"term_id":1877,"name":"CONCEPT83","slug":"concept83-donna","term_group":0,"term_taxonomy_id":1877,"taxonomy":"ss_brand","description":"Comodit\u00e0 e stile sporty: scegli il made in Italy irresistibile.\u00a0Acquista online su SecondaStrada.com abbigliamento da donna Concept83 scontatissimo!","parent":1201,"count":321,"filter":"raw"}],"ss_promo":false,"ss_season":[{"term_id":2531,"name":"PE26","slug":"pe26","term_group":0,"term_taxonomy_id":2531,"taxonomy":"ss_season","description":"","parent":0,"count":1722,"filter":"raw"}],"ss_old_price":"0,00","ss_omnibus_price":"0,00","ss_style_advice":"<p><b>Felpa CONCEPT83 Blu: comfort dinamico e stile contemporaneo<\/b><br \/>La <b>Felpa CONCEPT83 Blu<\/b> \u00e8 il capo perfetto per accompagnarti con stile nei momenti pi\u00f9 casual della giornata. Realizzata in un mix di materiali morbidi e traspiranti (50% cotone, 35% poliestere, 10% viscosa, 5% elastina), offre una sensazione piacevole sulla pelle e una vestibilit\u00e0 regolare che garantisce comfort e libert\u00e0 di movimento. Il design <b>con cappuccio e manica 3\/4<\/b> aggiunge un tocco sportivo e contemporaneo, ideale per uno stile rilassato ma curato.<br \/>Questa <b>felpa da donna adatta alla stagione primavera estate<\/b> \u00e8 perfetta per il tempo libero, per una passeggiata o per i momenti di relax, quando vuoi sentirti comoda senza rinunciare allo stile. La modella \u00e8 alta 165 cm e veste la taglia S, a conferma di una vestibilit\u00e0 versatile e facile da scegliere.<br \/>Per un look casual e pratico, puoi abbinarla a pantaloni sportivi o jogger e sneakers; se preferisci uno stile pi\u00f9 urbano, indossala con jeans e scarpe basse. Il colore blu, sempre attuale, rende questa felpa facile da abbinare e perfetta per creare outfit semplici ma di carattere.<br \/>Un capo essenziale per il tuo guardaroba quotidiano, pensato per accompagnarti con naturalezza e stile.<br \/><b>Prodotto originale CONCEPT83<\/b> \u2013 Codice articolo: F1017XBF55011 OB<\/p>\n","ss_composition":"<p>50% cotone 35% poliestere 10% viscosa 5% elastina<\/p>\n","ss_fit":"<p>La modella \u00e8 alta 165 cm e veste la taglia S. La vestibilit\u00e0 del capo \u00e8 regolare.<\/p>\n"},"yoast_head":"<!-- This site is optimized with the Yoast SEO plugin v22.3 - https:\/\/yoast.com\/wordpress\/plugins\/seo\/ -->\n<title>Felpa Concept83 Blu - Acquista online! - Seconda Strada<\/title>\n<meta name=\"description\" content=\"Felpa Concept83 Blu \u27a4 Acquista online su Secondastrada.com Felpa Concept83 Blu \u2714\ufe0f Spedizione veloce entro 24h in tutta Italia \u2714\ufe0f Sconto sul tuo primo acquisto\" \/>\n<meta name=\"robots\" content=\"index, follow, max-snippet:-1, max-image-preview:large, max-video-preview:-1\" \/>\n<link rel=\"canonical\" href=\"https:\/\/www.secondastrada.com\/it\/felpa-concept83-blu-5\/\" \/>\n<meta property=\"og:locale\" content=\"it_IT\" \/>\n<meta property=\"og:type\" content=\"article\" \/>\n<meta property=\"og:title\" content=\"Felpa Concept83 Blu - Acquista online! - Seconda Strada\" \/>\n<meta property=\"og:description\" content=\"Felpa Concept83 Blu \u27a4 Acquista online su Secondastrada.com Felpa Concept83 Blu \u2714\ufe0f Spedizione veloce entro 24h in tutta Italia \u2714\ufe0f Sconto sul tuo primo acquisto\" \/>\n<meta property=\"og:url\" content=\"https:\/\/www.secondastrada.com\/it\/felpa-concept83-blu-5\/\" \/>\n<meta property=\"og:site_name\" content=\"Seconda Strada\" \/>\n<meta property=\"article:modified_time\" content=\"2026-04-30T23:47:10+00:00\" \/>\n<meta property=\"og:image\" content=\"https:\/\/www.secondastrada.com\/wp-content\/uploads\/2026\/03\/F1017XBF55011-OB_BLU_PE26_1.jpg\" \/>\n\t<meta property=\"og:image:width\" content=\"1000\" \/>\n\t<meta property=\"og:image:height\" content=\"1300\" \/>\n\t<meta property=\"og:image:type\" content=\"image\/jpeg\" \/>\n<meta name=\"twitter:card\" content=\"summary_large_image\" \/>\n<meta name=\"twitter:label1\" content=\"Tempo di lettura stimato\" \/>\n\t<meta name=\"twitter:data1\" content=\"1 minuto\" \/>\n<!-- \/ Yoast SEO plugin. -->","yoast_head_json":{"title":"Felpa Concept83 Blu - Acquista online! - Seconda Strada","description":"Felpa Concept83 Blu \u27a4 Acquista online su Secondastrada.com Felpa Concept83 Blu \u2714\ufe0f Spedizione veloce entro 24h in tutta Italia \u2714\ufe0f Sconto sul tuo primo acquisto","robots":{"index":"index","follow":"follow","max-snippet":"max-snippet:-1","max-image-preview":"max-image-preview:large","max-video-preview":"max-video-preview:-1"},"canonical":"https:\/\/www.secondastrada.com\/it\/felpa-concept83-blu-5\/","og_locale":"it_IT","og_type":"article","og_title":"Felpa Concept83 Blu - Acquista online! - Seconda Strada","og_description":"Felpa Concept83 Blu \u27a4 Acquista online su Secondastrada.com Felpa Concept83 Blu \u2714\ufe0f Spedizione veloce entro 24h in tutta Italia \u2714\ufe0f Sconto sul tuo primo acquisto","og_url":"https:\/\/www.secondastrada.com\/it\/felpa-concept83-blu-5\/","og_site_name":"Seconda Strada","article_modified_time":"2026-04-30T23:47:10+00:00","og_image":[{"width":1000,"height":1300,"url":"https:\/\/www.secondastrada.com\/wp-content\/uploads\/2026\/03\/F1017XBF55011-OB_BLU_PE26_1.jpg","type":"image\/jpeg"}],"twitter_card":"summary_large_image","twitter_misc":{"Tempo di lettura stimato":"1 minuto"},"schema":{"@context":"https:\/\/schema.org","@graph":[{"@type":"WebPage","@id":"https:\/\/www.secondastrada.com\/it\/felpa-concept83-blu-5\/","url":"https:\/\/www.secondastrada.com\/it\/felpa-concept83-blu-5\/","name":"Felpa Concept83 Blu - Acquista online! - Seconda Strada","isPartOf":{"@id":"https:\/\/www.secondastrada.com\/it\/#website"},"primaryImageOfPage":{"@id":"https:\/\/www.secondastrada.com\/it\/felpa-concept83-blu-5\/#primaryimage"},"image":{"@id":"https:\/\/www.secondastrada.com\/it\/felpa-concept83-blu-5\/#primaryimage"},"thumbnailUrl":"https:\/\/www.secondastrada.com\/wp-content\/uploads\/2026\/03\/F1017XBF55011-OB_BLU_PE26_1.jpg","datePublished":"2026-03-18T15:37:44+00:00","dateModified":"2026-04-30T23:47:10+00:00","description":"Felpa Concept83 Blu \u27a4 Acquista online su Secondastrada.com Felpa Concept83 Blu \u2714\ufe0f Spedizione veloce entro 24h in tutta Italia \u2714\ufe0f Sconto sul tuo primo acquisto","breadcrumb":{"@id":"https:\/\/www.secondastrada.com\/it\/felpa-concept83-blu-5\/#breadcrumb"},"inLanguage":"it-IT","potentialAction":[{"@type":"ReadAction","target":["https:\/\/www.secondastrada.com\/it\/felpa-concept83-blu-5\/"]}]},{"@type":"ImageObject","inLanguage":"it-IT","@id":"https:\/\/www.secondastrada.com\/it\/felpa-concept83-blu-5\/#primaryimage","url":"https:\/\/www.secondastrada.com\/wp-content\/uploads\/2026\/03\/F1017XBF55011-OB_BLU_PE26_1.jpg","contentUrl":"https:\/\/www.secondastrada.com\/wp-content\/uploads\/2026\/03\/F1017XBF55011-OB_BLU_PE26_1.jpg","width":1000,"height":1300,"caption":"F1017XBF55011-OB_BLU_PE26"},{"@type":"BreadcrumbList","@id":"https:\/\/www.secondastrada.com\/it\/felpa-concept83-blu-5\/#breadcrumb","itemListElement":[{"@type":"ListItem","position":1,"name":"Home","item":"https:\/\/www.secondastrada.com\/it\/"},{"@type":"ListItem","position":2,"name":"Shop","item":"https:\/\/www.secondastrada.com\/it\/shop\/"},{"@type":"ListItem","position":3,"name":"Donna","item":"https:\/\/www.secondastrada.com\/it\/collezione-donna\/"},{"@type":"ListItem","position":4,"name":"Abbigliamento","item":"https:\/\/www.secondastrada.com\/it\/collezione-donna\/abbigliamento-donna\/"},{"@type":"ListItem","position":5,"name":"Felpe","item":"https:\/\/www.secondastrada.com\/it\/collezione-donna\/abbigliamento-donna\/felpe-da-donna\/"},{"@type":"ListItem","position":6,"name":"Felpa Concept83 Blu"}]},{"@type":"WebSite","@id":"https:\/\/www.secondastrada.com\/it\/#website","url":"https:\/\/www.secondastrada.com\/it\/","name":"Seconda Strada","description":"","publisher":{"@id":"https:\/\/www.secondastrada.com\/it\/#organization"},"potentialAction":[{"@type":"SearchAction","target":{"@type":"EntryPoint","urlTemplate":"https:\/\/www.secondastrada.com\/it\/?s={search_term_string}"},"query-input":"required name=search_term_string"}],"inLanguage":"it-IT"},{"@type":"Organization","@id":"https:\/\/www.secondastrada.com\/it\/#organization","name":"Seconda Strada","url":"https:\/\/www.secondastrada.com\/it\/","logo":{"@type":"ImageObject","inLanguage":"it-IT","@id":"https:\/\/www.secondastrada.com\/it\/#\/schema\/logo\/image\/","url":"https:\/\/www.secondastrada.com\/wp-content\/uploads\/2023\/11\/secondastrada-logo.svg","contentUrl":"https:\/\/www.secondastrada.com\/wp-content\/uploads\/2023\/11\/secondastrada-logo.svg","width":353,"height":47,"caption":"Seconda Strada"},"image":{"@id":"https:\/\/www.secondastrada.com\/it\/#\/schema\/logo\/image\/"}}]}},"df_price":39.99,"df_sale_price":"","df_regular_price":39.99,"df_image_link":"https:\/\/www.secondastrada.com\/wp-content\/uploads\/2026\/03\/F1017XBF55011-OB_BLU_PE26_1-300x300.jpg","_links":{"self":[{"href":"https:\/\/www.secondastrada.com\/it\/wp-json\/wp\/v2\/product\/348201"}],"collection":[{"href":"https:\/\/www.secondastrada.com\/it\/wp-json\/wp\/v2\/product"}],"about":[{"href":"https:\/\/www.secondastrada.com\/it\/wp-json\/wp\/v2\/types\/product"}],"wp:featuredmedia":[{"embeddable":true,"href":"https:\/\/www.secondastrada.com\/it\/wp-json\/wp\/v2\/media\/347847"}],"wp:attachment":[{"href":"https:\/\/www.secondastrada.com\/it\/wp-json\/wp\/v2\/media?parent=348201"}],"wp:term":[{"taxonomy":"ss_brand","embeddable":true,"href":"https:\/\/www.secondastrada.com\/it\/wp-json\/wp\/v2\/ss_brand?post=348201"},{"taxonomy":"ss_promo","embeddable":true,"href":"https:\/\/www.secondastrada.com\/it\/wp-json\/wp\/v2\/ss_promo?post=348201"},{"taxonomy":"ss_season","embeddable":true,"href":"https:\/\/www.secondastrada.com\/it\/wp-json\/wp\/v2\/ss_season?post=348201"},{"taxonomy":"product_cat","embeddable":true,"href":"https:\/\/www.secondastrada.com\/it\/wp-json\/wp\/v2\/product_cat?post=348201"},{"taxonomy":"product_tag","embeddable":true,"href":"https:\/\/www.secondastrada.com\/it\/wp-json\/wp\/v2\/product_tag?post=348201"}],"curies":[{"name":"wp","href":"https:\/\/api.w.org\/{rel}","templated":true}]}}