{"id":348733,"date":"2026-03-18T17:36:03","date_gmt":"2026-03-18T16:36:03","guid":{"rendered":"https:\/\/www.secondastrada.com\/it\/camicia-yes-zee-bianca\/"},"modified":"2026-05-01T00:25:05","modified_gmt":"2026-04-30T22:25:05","slug":"camicia-yes-zee-bianca","status":"publish","type":"product","link":"https:\/\/www.secondastrada.com\/it\/camicia-yes-zee-bianca\/","title":{"rendered":"Camicia Yes Zee Bianca"},"content":{"rendered":"<p><b>Camicia YES ZEE Bianca: eleganza moderna e comfort dinamico<\/b><br \/>La <b>Camicia YES ZEE Bianca<\/b> \u00e8 il capo ideale per chi desidera unire stile essenziale e praticit\u00e0 quotidiana. Realizzata in un innovativo mix di 76% nylon e 24% elastina, questa <b>camicia con tessuto elastico<\/b> offre una vestibilit\u00e0 comoda e flessibile, adattandosi perfettamente ai movimenti senza rinunciare a un look curato e contemporaneo.<br \/>Questa <b>camicia da uomo adatta in tutte le stagioni<\/b> \u00e8 perfetta per accompagnarti in diverse occasioni: puoi indossarla in ufficio per un outfit elegante ma confortevole oppure nel tempo libero, quando vuoi mantenere uno stile ordinato senza sforzo. La vestibilit\u00e0 regolare (il modello \u00e8 alto 187 cm e veste la taglia L) garantisce una linea pulita, valorizzando la silhouette in modo naturale.<br \/>Versatile e facile da abbinare, si presta perfettamente con pantaloni eleganti e scarpe classiche per un look pi\u00f9 formale, oppure con jeans e sneakers per un outfit casual moderno. Il colore bianco, intramontabile e luminoso, rende questa camicia un vero must-have del guardaroba maschile.<br \/>Un capo pensato per chi cerca qualit\u00e0, comfort e stile in un\u2019unica soluzione, ideale per affrontare ogni giornata con sicurezza e personalit\u00e0.<br \/><b>Prodotto originale YES ZEE<\/b> \u2013 Codice articolo: C505 OQ00<\/p>\n","protected":false},"excerpt":{"rendered":"<p>Camicia YES ZEE Bianca: eleganza moderna e comfort dinamicoLa Camicia YES ZEE Bianca \u00e8 il capo ideale per chi desidera unire stile essenziale e praticit\u00e0 quotidiana. Realizzata in un innovativo mix di 76% nylon e 24% elastina, questa camicia con tessuto elastico offre una vestibilit\u00e0 comoda e flessibile, adattandosi perfettamente ai movimenti senza rinunciare a&#8230;<\/p>\n","protected":false},"featured_media":347689,"template":"","meta":{"inline_featured_image":false},"ss_brand":[1280],"ss_promo":[],"ss_season":[2531],"product_cat":[1332,1478,1714],"product_tag":[1727,2400,2410,2408,2409,1993],"class_list":{"0":"post-348733","1":"product","2":"type-product","3":"status-publish","4":"has-post-thumbnail","6":"ss_brand-yes-zee-uomo","7":"ss_season-pe26","8":"product_cat-abbigliamento-uomo","9":"product_cat-camicie-da-uomo","10":"product_cat-collezione-uomo","11":"product_tag-camicie-yes-zee-uomo","12":"product_tag-outfit-da-cerimonia-da-uomo","13":"product_tag-look-da-discoteca-uomo","14":"product_tag-look-da-festa-uomo","15":"product_tag-look-da-sabato-sera-uomo","16":"product_tag-nuovi-arrivi-uomo","18":"first","19":"instock","20":"sale","21":"shipping-taxable","22":"purchasable","23":"product-type-variable","24":"has-default-attributes"},"acf":{"ss_brand":[{"term_id":1280,"name":"YES ZEE","slug":"yes-zee-uomo","term_group":0,"term_taxonomy_id":1280,"taxonomy":"ss_brand","description":"Non un semplice marchio di <strong>abbigliamento da uomo<\/strong>: <strong>Yes Zee<\/strong> \u00e8 il brand perfetto per rivoluzionare con stile tutti i tuoi look metropolitani! Scopri subito le offerte esclusive del nostro store online e acquista <strong>Yes zee da uomo a prezzi scontatissimi<\/strong>.","parent":1268,"count":491,"filter":"raw"}],"ss_promo":false,"ss_season":[{"term_id":2531,"name":"PE26","slug":"pe26","term_group":0,"term_taxonomy_id":2531,"taxonomy":"ss_season","description":"","parent":0,"count":1743,"filter":"raw"}],"ss_old_price":"0,00","ss_omnibus_price":"0,00","ss_style_advice":"<p><b>Camicia YES ZEE Bianca: eleganza moderna e comfort dinamico<\/b><br \/>La <b>Camicia YES ZEE Bianca<\/b> \u00e8 il capo ideale per chi desidera unire stile essenziale e praticit\u00e0 quotidiana. Realizzata in un innovativo mix di 76% nylon e 24% elastina, questa <b>camicia con tessuto elastico<\/b> offre una vestibilit\u00e0 comoda e flessibile, adattandosi perfettamente ai movimenti senza rinunciare a un look curato e contemporaneo.<br \/>Questa <b>camicia da uomo adatta in tutte le stagioni<\/b> \u00e8 perfetta per accompagnarti in diverse occasioni: puoi indossarla in ufficio per un outfit elegante ma confortevole oppure nel tempo libero, quando vuoi mantenere uno stile ordinato senza sforzo. La vestibilit\u00e0 regolare (il modello \u00e8 alto 187 cm e veste la taglia L) garantisce una linea pulita, valorizzando la silhouette in modo naturale.<br \/>Versatile e facile da abbinare, si presta perfettamente con pantaloni eleganti e scarpe classiche per un look pi\u00f9 formale, oppure con jeans e sneakers per un outfit casual moderno. Il colore bianco, intramontabile e luminoso, rende questa camicia un vero must-have del guardaroba maschile.<br \/>Un capo pensato per chi cerca qualit\u00e0, comfort e stile in un\u2019unica soluzione, ideale per affrontare ogni giornata con sicurezza e personalit\u00e0.<br \/><b>Prodotto originale YES ZEE<\/b> \u2013 Codice articolo: C505 OQ00<\/p>\n","ss_composition":"<p>76% nylon 24% elastina<\/p>\n","ss_fit":"<p>Il modello \u00e8 alto 187 cm e veste la taglia L. La vestibilit\u00e0 del capo \u00e8 regolare.<\/p>\n"},"yoast_head":"<!-- This site is optimized with the Yoast SEO plugin v22.3 - https:\/\/yoast.com\/wordpress\/plugins\/seo\/ -->\n<title>Camicia Yes Zee Bianca - Acquista online! - Seconda Strada<\/title>\n<meta name=\"description\" content=\"Camicia Yes Zee Bianca \u27a4 Acquista online su Secondastrada.com Camicia Yes Zee Bianca \u2714\ufe0f Spedizione veloce entro 24h in tutta Italia \u2714\ufe0f Sconto sul tuo primo acquisto\" \/>\n<meta name=\"robots\" content=\"index, follow, max-snippet:-1, max-image-preview:large, max-video-preview:-1\" \/>\n<link rel=\"canonical\" href=\"https:\/\/www.secondastrada.com\/it\/camicia-yes-zee-bianca\/\" \/>\n<meta property=\"og:locale\" content=\"it_IT\" \/>\n<meta property=\"og:type\" content=\"article\" \/>\n<meta property=\"og:title\" content=\"Camicia Yes Zee Bianca - Acquista online! - Seconda Strada\" \/>\n<meta property=\"og:description\" content=\"Camicia Yes Zee Bianca \u27a4 Acquista online su Secondastrada.com Camicia Yes Zee Bianca \u2714\ufe0f Spedizione veloce entro 24h in tutta Italia \u2714\ufe0f Sconto sul tuo primo acquisto\" \/>\n<meta property=\"og:url\" content=\"https:\/\/www.secondastrada.com\/it\/camicia-yes-zee-bianca\/\" \/>\n<meta property=\"og:site_name\" content=\"Seconda Strada\" \/>\n<meta property=\"article:modified_time\" content=\"2026-04-30T22:25:05+00:00\" \/>\n<meta property=\"og:image\" content=\"https:\/\/www.secondastrada.com\/wp-content\/uploads\/2026\/03\/C505-OQ00_BIANCO_PE26_1.jpg\" \/>\n\t<meta property=\"og:image:width\" content=\"1000\" \/>\n\t<meta property=\"og:image:height\" content=\"1300\" \/>\n\t<meta property=\"og:image:type\" content=\"image\/jpeg\" \/>\n<meta name=\"twitter:card\" content=\"summary_large_image\" \/>\n<meta name=\"twitter:label1\" content=\"Tempo di lettura stimato\" \/>\n\t<meta name=\"twitter:data1\" content=\"1 minuto\" \/>\n<!-- \/ Yoast SEO plugin. -->","yoast_head_json":{"title":"Camicia Yes Zee Bianca - Acquista online! - Seconda Strada","description":"Camicia Yes Zee Bianca \u27a4 Acquista online su Secondastrada.com Camicia Yes Zee Bianca \u2714\ufe0f Spedizione veloce entro 24h in tutta Italia \u2714\ufe0f Sconto sul tuo primo acquisto","robots":{"index":"index","follow":"follow","max-snippet":"max-snippet:-1","max-image-preview":"max-image-preview:large","max-video-preview":"max-video-preview:-1"},"canonical":"https:\/\/www.secondastrada.com\/it\/camicia-yes-zee-bianca\/","og_locale":"it_IT","og_type":"article","og_title":"Camicia Yes Zee Bianca - Acquista online! - Seconda Strada","og_description":"Camicia Yes Zee Bianca \u27a4 Acquista online su Secondastrada.com Camicia Yes Zee Bianca \u2714\ufe0f Spedizione veloce entro 24h in tutta Italia \u2714\ufe0f Sconto sul tuo primo acquisto","og_url":"https:\/\/www.secondastrada.com\/it\/camicia-yes-zee-bianca\/","og_site_name":"Seconda Strada","article_modified_time":"2026-04-30T22:25:05+00:00","og_image":[{"width":1000,"height":1300,"url":"https:\/\/www.secondastrada.com\/wp-content\/uploads\/2026\/03\/C505-OQ00_BIANCO_PE26_1.jpg","type":"image\/jpeg"}],"twitter_card":"summary_large_image","twitter_misc":{"Tempo di lettura stimato":"1 minuto"},"schema":{"@context":"https:\/\/schema.org","@graph":[{"@type":"WebPage","@id":"https:\/\/www.secondastrada.com\/it\/camicia-yes-zee-bianca\/","url":"https:\/\/www.secondastrada.com\/it\/camicia-yes-zee-bianca\/","name":"Camicia Yes Zee Bianca - Acquista online! - Seconda Strada","isPartOf":{"@id":"https:\/\/www.secondastrada.com\/it\/#website"},"primaryImageOfPage":{"@id":"https:\/\/www.secondastrada.com\/it\/camicia-yes-zee-bianca\/#primaryimage"},"image":{"@id":"https:\/\/www.secondastrada.com\/it\/camicia-yes-zee-bianca\/#primaryimage"},"thumbnailUrl":"https:\/\/www.secondastrada.com\/wp-content\/uploads\/2026\/03\/C505-OQ00_BIANCO_PE26_1.jpg","datePublished":"2026-03-18T16:36:03+00:00","dateModified":"2026-04-30T22:25:05+00:00","description":"Camicia Yes Zee Bianca \u27a4 Acquista online su Secondastrada.com Camicia Yes Zee Bianca \u2714\ufe0f Spedizione veloce entro 24h in tutta Italia \u2714\ufe0f Sconto sul tuo primo acquisto","breadcrumb":{"@id":"https:\/\/www.secondastrada.com\/it\/camicia-yes-zee-bianca\/#breadcrumb"},"inLanguage":"it-IT","potentialAction":[{"@type":"ReadAction","target":["https:\/\/www.secondastrada.com\/it\/camicia-yes-zee-bianca\/"]}]},{"@type":"ImageObject","inLanguage":"it-IT","@id":"https:\/\/www.secondastrada.com\/it\/camicia-yes-zee-bianca\/#primaryimage","url":"https:\/\/www.secondastrada.com\/wp-content\/uploads\/2026\/03\/C505-OQ00_BIANCO_PE26_1.jpg","contentUrl":"https:\/\/www.secondastrada.com\/wp-content\/uploads\/2026\/03\/C505-OQ00_BIANCO_PE26_1.jpg","width":1000,"height":1300,"caption":"C505-OQ00_BIANCO_PE26"},{"@type":"BreadcrumbList","@id":"https:\/\/www.secondastrada.com\/it\/camicia-yes-zee-bianca\/#breadcrumb","itemListElement":[{"@type":"ListItem","position":1,"name":"Home","item":"https:\/\/www.secondastrada.com\/it\/"},{"@type":"ListItem","position":2,"name":"Shop","item":"https:\/\/www.secondastrada.com\/it\/shop\/"},{"@type":"ListItem","position":3,"name":"Uomo","item":"https:\/\/www.secondastrada.com\/it\/collezione-uomo\/"},{"@type":"ListItem","position":4,"name":"Abbigliamento","item":"https:\/\/www.secondastrada.com\/it\/collezione-uomo\/abbigliamento-uomo\/"},{"@type":"ListItem","position":5,"name":"Camicie","item":"https:\/\/www.secondastrada.com\/it\/collezione-uomo\/abbigliamento-uomo\/camicie-da-uomo\/"},{"@type":"ListItem","position":6,"name":"Camicia Yes Zee Bianca"}]},{"@type":"WebSite","@id":"https:\/\/www.secondastrada.com\/it\/#website","url":"https:\/\/www.secondastrada.com\/it\/","name":"Seconda Strada","description":"","publisher":{"@id":"https:\/\/www.secondastrada.com\/it\/#organization"},"potentialAction":[{"@type":"SearchAction","target":{"@type":"EntryPoint","urlTemplate":"https:\/\/www.secondastrada.com\/it\/?s={search_term_string}"},"query-input":"required name=search_term_string"}],"inLanguage":"it-IT"},{"@type":"Organization","@id":"https:\/\/www.secondastrada.com\/it\/#organization","name":"Seconda Strada","url":"https:\/\/www.secondastrada.com\/it\/","logo":{"@type":"ImageObject","inLanguage":"it-IT","@id":"https:\/\/www.secondastrada.com\/it\/#\/schema\/logo\/image\/","url":"https:\/\/www.secondastrada.com\/wp-content\/uploads\/2023\/11\/secondastrada-logo.svg","contentUrl":"https:\/\/www.secondastrada.com\/wp-content\/uploads\/2023\/11\/secondastrada-logo.svg","width":353,"height":47,"caption":"Seconda Strada"},"image":{"@id":"https:\/\/www.secondastrada.com\/it\/#\/schema\/logo\/image\/"}}]}},"df_price":47.92,"df_sale_price":"","df_regular_price":47.92,"df_image_link":"https:\/\/www.secondastrada.com\/wp-content\/uploads\/2026\/03\/C505-OQ00_BIANCO_PE26_1-300x300.jpg","_links":{"self":[{"href":"https:\/\/www.secondastrada.com\/it\/wp-json\/wp\/v2\/product\/348733"}],"collection":[{"href":"https:\/\/www.secondastrada.com\/it\/wp-json\/wp\/v2\/product"}],"about":[{"href":"https:\/\/www.secondastrada.com\/it\/wp-json\/wp\/v2\/types\/product"}],"wp:featuredmedia":[{"embeddable":true,"href":"https:\/\/www.secondastrada.com\/it\/wp-json\/wp\/v2\/media\/347689"}],"wp:attachment":[{"href":"https:\/\/www.secondastrada.com\/it\/wp-json\/wp\/v2\/media?parent=348733"}],"wp:term":[{"taxonomy":"ss_brand","embeddable":true,"href":"https:\/\/www.secondastrada.com\/it\/wp-json\/wp\/v2\/ss_brand?post=348733"},{"taxonomy":"ss_promo","embeddable":true,"href":"https:\/\/www.secondastrada.com\/it\/wp-json\/wp\/v2\/ss_promo?post=348733"},{"taxonomy":"ss_season","embeddable":true,"href":"https:\/\/www.secondastrada.com\/it\/wp-json\/wp\/v2\/ss_season?post=348733"},{"taxonomy":"product_cat","embeddable":true,"href":"https:\/\/www.secondastrada.com\/it\/wp-json\/wp\/v2\/product_cat?post=348733"},{"taxonomy":"product_tag","embeddable":true,"href":"https:\/\/www.secondastrada.com\/it\/wp-json\/wp\/v2\/product_tag?post=348733"}],"curies":[{"name":"wp","href":"https:\/\/api.w.org\/{rel}","templated":true}]}}