{"id":348846,"date":"2026-03-18T17:47:21","date_gmt":"2026-03-18T16:47:21","guid":{"rendered":"https:\/\/www.secondastrada.com\/it\/jeans-yes-zee-blu\/"},"modified":"2026-05-02T19:04:57","modified_gmt":"2026-05-02T17:04:57","slug":"jeans-yes-zee-blu","status":"publish","type":"product","link":"https:\/\/www.secondastrada.com\/it\/jeans-yes-zee-blu\/","title":{"rendered":"Jeans Yes Zee Blu"},"content":{"rendered":"<p><b>Jeans YES ZEE Blu: comfort quotidiano e stile moderno<\/b><br \/>I <b>Jeans YES ZEE Blu<\/b> sono il capo perfetto per chi cerca un equilibrio tra praticit\u00e0 e stile contemporaneo. Realizzati in un tessuto resistente e confortevole (98% cotone, 2% elastina), garantiscono libert\u00e0 di movimento e una vestibilit\u00e0 piacevole per tutta la giornata. Il design <b>con gamba stretta e vita regolare<\/b> valorizza la silhouette, offrendo un look pulito e attuale.<br \/>Questi <b>jeans da uomo adatti in primavera estate<\/b> sono ideali per accompagnarti in ogni occasione, sia in ufficio con un outfit casual curato, sia nel tempo libero per un look rilassato ma sempre ordinato. La vestibilit\u00e0 regolare (il modello \u00e8 alto 187 cm e veste la taglia L) li rende facili da scegliere e perfetti per diverse fisicit\u00e0.<br \/>Versatili e facili da abbinare, puoi indossarli con una polo per uno stile casual elegante oppure con una camicia per un outfit pi\u00f9 raffinato. Per un look quotidiano, abbinali a una t-shirt e sneakers. Il colore blu, intramontabile e versatile, li rende un must-have nel guardaroba maschile.<br \/>Un capo essenziale pensato per accompagnarti con comfort e stile in ogni momento della giornata.<br \/><b>Prodotto originale YES ZEE<\/b> \u2013 Codice articolo: P601 F901<\/p>\n","protected":false},"excerpt":{"rendered":"<p>Jeans YES ZEE Blu: comfort quotidiano e stile modernoI Jeans YES ZEE Blu sono il capo perfetto per chi cerca un equilibrio tra praticit\u00e0 e stile contemporaneo. Realizzati in un tessuto resistente e confortevole (98% cotone, 2% elastina), garantiscono libert\u00e0 di movimento e una vestibilit\u00e0 piacevole per tutta la giornata. Il design con gamba stretta&#8230;<\/p>\n","protected":false},"featured_media":347695,"template":"","meta":{"inline_featured_image":false},"ss_brand":[1280],"ss_promo":[],"ss_season":[2531],"product_cat":[1332,1844,1714],"product_tag":[2410,2408,2409,1993],"class_list":{"0":"post-348846","1":"product","2":"type-product","3":"status-publish","4":"has-post-thumbnail","6":"ss_brand-yes-zee-uomo","7":"ss_season-pe26","8":"product_cat-abbigliamento-uomo","9":"product_cat-jeans-da-uomo","10":"product_cat-collezione-uomo","11":"product_tag-look-da-discoteca-uomo","12":"product_tag-look-da-festa-uomo","13":"product_tag-look-da-sabato-sera-uomo","14":"product_tag-nuovi-arrivi-uomo","16":"first","17":"instock","18":"sale","19":"shipping-taxable","20":"purchasable","21":"product-type-variable","22":"has-default-attributes"},"acf":{"ss_brand":[{"term_id":1280,"name":"YES ZEE","slug":"yes-zee-uomo","term_group":0,"term_taxonomy_id":1280,"taxonomy":"ss_brand","description":"Non un semplice marchio di <strong>abbigliamento da uomo<\/strong>: <strong>Yes Zee<\/strong> \u00e8 il brand perfetto per rivoluzionare con stile tutti i tuoi look metropolitani! Scopri subito le offerte esclusive del nostro store online e acquista <strong>Yes zee da uomo a prezzi scontatissimi<\/strong>.","parent":1268,"count":491,"filter":"raw"}],"ss_promo":false,"ss_season":[{"term_id":2531,"name":"PE26","slug":"pe26","term_group":0,"term_taxonomy_id":2531,"taxonomy":"ss_season","description":"","parent":0,"count":1722,"filter":"raw"}],"ss_old_price":"0,00","ss_omnibus_price":"0,00","ss_style_advice":"<p><b>Jeans YES ZEE Blu: comfort quotidiano e stile moderno<\/b><br \/>I <b>Jeans YES ZEE Blu<\/b> sono il capo perfetto per chi cerca un equilibrio tra praticit\u00e0 e stile contemporaneo. Realizzati in un tessuto resistente e confortevole (98% cotone, 2% elastina), garantiscono libert\u00e0 di movimento e una vestibilit\u00e0 piacevole per tutta la giornata. Il design <b>con gamba stretta e vita regolare<\/b> valorizza la silhouette, offrendo un look pulito e attuale.<br \/>Questi <b>jeans da uomo adatti in primavera estate<\/b> sono ideali per accompagnarti in ogni occasione, sia in ufficio con un outfit casual curato, sia nel tempo libero per un look rilassato ma sempre ordinato. La vestibilit\u00e0 regolare (il modello \u00e8 alto 187 cm e veste la taglia L) li rende facili da scegliere e perfetti per diverse fisicit\u00e0.<br \/>Versatili e facili da abbinare, puoi indossarli con una polo per uno stile casual elegante oppure con una camicia per un outfit pi\u00f9 raffinato. Per un look quotidiano, abbinali a una t-shirt e sneakers. Il colore blu, intramontabile e versatile, li rende un must-have nel guardaroba maschile.<br \/>Un capo essenziale pensato per accompagnarti con comfort e stile in ogni momento della giornata.<br \/><b>Prodotto originale YES ZEE<\/b> \u2013 Codice articolo: P601 F901<\/p>\n","ss_composition":"<p>98% cotone 2% elastina<\/p>\n","ss_fit":"<p>Il modello \u00e8 alto 187 cm e veste la taglia L. La vestibilit\u00e0 del capo \u00e8 regolare.<\/p>\n"},"yoast_head":"<!-- This site is optimized with the Yoast SEO plugin v22.3 - https:\/\/yoast.com\/wordpress\/plugins\/seo\/ -->\n<title>Jeans Yes Zee Blu - Acquista online! - Seconda Strada<\/title>\n<meta name=\"description\" content=\"Jeans Yes Zee Blu \u27a4 Acquista online su Secondastrada.com Jeans Yes Zee Blu \u2714\ufe0f Spedizione veloce entro 24h in tutta Italia \u2714\ufe0f Sconto sul tuo primo acquisto\" \/>\n<meta name=\"robots\" content=\"index, follow, max-snippet:-1, max-image-preview:large, max-video-preview:-1\" \/>\n<link rel=\"canonical\" href=\"https:\/\/www.secondastrada.com\/it\/jeans-yes-zee-blu\/\" \/>\n<meta property=\"og:locale\" content=\"it_IT\" \/>\n<meta property=\"og:type\" content=\"article\" \/>\n<meta property=\"og:title\" content=\"Jeans Yes Zee Blu - Acquista online! - Seconda Strada\" \/>\n<meta property=\"og:description\" content=\"Jeans Yes Zee Blu \u27a4 Acquista online su Secondastrada.com Jeans Yes Zee Blu \u2714\ufe0f Spedizione veloce entro 24h in tutta Italia \u2714\ufe0f Sconto sul tuo primo acquisto\" \/>\n<meta property=\"og:url\" content=\"https:\/\/www.secondastrada.com\/it\/jeans-yes-zee-blu\/\" \/>\n<meta property=\"og:site_name\" content=\"Seconda Strada\" \/>\n<meta property=\"article:modified_time\" content=\"2026-05-02T17:04:57+00:00\" \/>\n<meta property=\"og:image\" content=\"https:\/\/www.secondastrada.com\/wp-content\/uploads\/2026\/03\/P601-F901_RINSE_PE26_1.jpg\" \/>\n\t<meta property=\"og:image:width\" content=\"1000\" \/>\n\t<meta property=\"og:image:height\" content=\"1300\" \/>\n\t<meta property=\"og:image:type\" content=\"image\/jpeg\" \/>\n<meta name=\"twitter:card\" content=\"summary_large_image\" \/>\n<meta name=\"twitter:label1\" content=\"Tempo di lettura stimato\" \/>\n\t<meta name=\"twitter:data1\" content=\"1 minuto\" \/>\n<!-- \/ Yoast SEO plugin. -->","yoast_head_json":{"title":"Jeans Yes Zee Blu - Acquista online! - Seconda Strada","description":"Jeans Yes Zee Blu \u27a4 Acquista online su Secondastrada.com Jeans Yes Zee Blu \u2714\ufe0f Spedizione veloce entro 24h in tutta Italia \u2714\ufe0f Sconto sul tuo primo acquisto","robots":{"index":"index","follow":"follow","max-snippet":"max-snippet:-1","max-image-preview":"max-image-preview:large","max-video-preview":"max-video-preview:-1"},"canonical":"https:\/\/www.secondastrada.com\/it\/jeans-yes-zee-blu\/","og_locale":"it_IT","og_type":"article","og_title":"Jeans Yes Zee Blu - Acquista online! - Seconda Strada","og_description":"Jeans Yes Zee Blu \u27a4 Acquista online su Secondastrada.com Jeans Yes Zee Blu \u2714\ufe0f Spedizione veloce entro 24h in tutta Italia \u2714\ufe0f Sconto sul tuo primo acquisto","og_url":"https:\/\/www.secondastrada.com\/it\/jeans-yes-zee-blu\/","og_site_name":"Seconda Strada","article_modified_time":"2026-05-02T17:04:57+00:00","og_image":[{"width":1000,"height":1300,"url":"https:\/\/www.secondastrada.com\/wp-content\/uploads\/2026\/03\/P601-F901_RINSE_PE26_1.jpg","type":"image\/jpeg"}],"twitter_card":"summary_large_image","twitter_misc":{"Tempo di lettura stimato":"1 minuto"},"schema":{"@context":"https:\/\/schema.org","@graph":[{"@type":"WebPage","@id":"https:\/\/www.secondastrada.com\/it\/jeans-yes-zee-blu\/","url":"https:\/\/www.secondastrada.com\/it\/jeans-yes-zee-blu\/","name":"Jeans Yes Zee Blu - Acquista online! - Seconda Strada","isPartOf":{"@id":"https:\/\/www.secondastrada.com\/it\/#website"},"primaryImageOfPage":{"@id":"https:\/\/www.secondastrada.com\/it\/jeans-yes-zee-blu\/#primaryimage"},"image":{"@id":"https:\/\/www.secondastrada.com\/it\/jeans-yes-zee-blu\/#primaryimage"},"thumbnailUrl":"https:\/\/www.secondastrada.com\/wp-content\/uploads\/2026\/03\/P601-F901_RINSE_PE26_1.jpg","datePublished":"2026-03-18T16:47:21+00:00","dateModified":"2026-05-02T17:04:57+00:00","description":"Jeans Yes Zee Blu \u27a4 Acquista online su Secondastrada.com Jeans Yes Zee Blu \u2714\ufe0f Spedizione veloce entro 24h in tutta Italia \u2714\ufe0f Sconto sul tuo primo acquisto","breadcrumb":{"@id":"https:\/\/www.secondastrada.com\/it\/jeans-yes-zee-blu\/#breadcrumb"},"inLanguage":"it-IT","potentialAction":[{"@type":"ReadAction","target":["https:\/\/www.secondastrada.com\/it\/jeans-yes-zee-blu\/"]}]},{"@type":"ImageObject","inLanguage":"it-IT","@id":"https:\/\/www.secondastrada.com\/it\/jeans-yes-zee-blu\/#primaryimage","url":"https:\/\/www.secondastrada.com\/wp-content\/uploads\/2026\/03\/P601-F901_RINSE_PE26_1.jpg","contentUrl":"https:\/\/www.secondastrada.com\/wp-content\/uploads\/2026\/03\/P601-F901_RINSE_PE26_1.jpg","width":1000,"height":1300,"caption":"P601-F901_RINSE_PE26"},{"@type":"BreadcrumbList","@id":"https:\/\/www.secondastrada.com\/it\/jeans-yes-zee-blu\/#breadcrumb","itemListElement":[{"@type":"ListItem","position":1,"name":"Home","item":"https:\/\/www.secondastrada.com\/it\/"},{"@type":"ListItem","position":2,"name":"Shop","item":"https:\/\/www.secondastrada.com\/it\/shop\/"},{"@type":"ListItem","position":3,"name":"Uomo","item":"https:\/\/www.secondastrada.com\/it\/collezione-uomo\/"},{"@type":"ListItem","position":4,"name":"Abbigliamento","item":"https:\/\/www.secondastrada.com\/it\/collezione-uomo\/abbigliamento-uomo\/"},{"@type":"ListItem","position":5,"name":"Jeans","item":"https:\/\/www.secondastrada.com\/it\/collezione-uomo\/abbigliamento-uomo\/jeans-da-uomo\/"},{"@type":"ListItem","position":6,"name":"Jeans Yes Zee Blu"}]},{"@type":"WebSite","@id":"https:\/\/www.secondastrada.com\/it\/#website","url":"https:\/\/www.secondastrada.com\/it\/","name":"Seconda Strada","description":"","publisher":{"@id":"https:\/\/www.secondastrada.com\/it\/#organization"},"potentialAction":[{"@type":"SearchAction","target":{"@type":"EntryPoint","urlTemplate":"https:\/\/www.secondastrada.com\/it\/?s={search_term_string}"},"query-input":"required name=search_term_string"}],"inLanguage":"it-IT"},{"@type":"Organization","@id":"https:\/\/www.secondastrada.com\/it\/#organization","name":"Seconda Strada","url":"https:\/\/www.secondastrada.com\/it\/","logo":{"@type":"ImageObject","inLanguage":"it-IT","@id":"https:\/\/www.secondastrada.com\/it\/#\/schema\/logo\/image\/","url":"https:\/\/www.secondastrada.com\/wp-content\/uploads\/2023\/11\/secondastrada-logo.svg","contentUrl":"https:\/\/www.secondastrada.com\/wp-content\/uploads\/2023\/11\/secondastrada-logo.svg","width":353,"height":47,"caption":"Seconda Strada"},"image":{"@id":"https:\/\/www.secondastrada.com\/it\/#\/schema\/logo\/image\/"}}]}},"df_price":47.92,"df_sale_price":"","df_regular_price":47.92,"df_image_link":"https:\/\/www.secondastrada.com\/wp-content\/uploads\/2026\/03\/P601-F901_RINSE_PE26_1-300x300.jpg","_links":{"self":[{"href":"https:\/\/www.secondastrada.com\/it\/wp-json\/wp\/v2\/product\/348846"}],"collection":[{"href":"https:\/\/www.secondastrada.com\/it\/wp-json\/wp\/v2\/product"}],"about":[{"href":"https:\/\/www.secondastrada.com\/it\/wp-json\/wp\/v2\/types\/product"}],"wp:featuredmedia":[{"embeddable":true,"href":"https:\/\/www.secondastrada.com\/it\/wp-json\/wp\/v2\/media\/347695"}],"wp:attachment":[{"href":"https:\/\/www.secondastrada.com\/it\/wp-json\/wp\/v2\/media?parent=348846"}],"wp:term":[{"taxonomy":"ss_brand","embeddable":true,"href":"https:\/\/www.secondastrada.com\/it\/wp-json\/wp\/v2\/ss_brand?post=348846"},{"taxonomy":"ss_promo","embeddable":true,"href":"https:\/\/www.secondastrada.com\/it\/wp-json\/wp\/v2\/ss_promo?post=348846"},{"taxonomy":"ss_season","embeddable":true,"href":"https:\/\/www.secondastrada.com\/it\/wp-json\/wp\/v2\/ss_season?post=348846"},{"taxonomy":"product_cat","embeddable":true,"href":"https:\/\/www.secondastrada.com\/it\/wp-json\/wp\/v2\/product_cat?post=348846"},{"taxonomy":"product_tag","embeddable":true,"href":"https:\/\/www.secondastrada.com\/it\/wp-json\/wp\/v2\/product_tag?post=348846"}],"curies":[{"name":"wp","href":"https:\/\/api.w.org\/{rel}","templated":true}]}}