{"id":348962,"date":"2026-03-18T17:59:54","date_gmt":"2026-03-18T16:59:54","guid":{"rendered":"https:\/\/www.secondastrada.com\/it\/pantalone-yes-zee-beige-3\/"},"modified":"2026-05-01T00:16:29","modified_gmt":"2026-04-30T22:16:29","slug":"pantalone-yes-zee-beige-3","status":"publish","type":"product","link":"https:\/\/www.secondastrada.com\/it\/pantalone-yes-zee-beige-3\/","title":{"rendered":"Pantalone Yes Zee Beige"},"content":{"rendered":"<section class=\"l-section wpb_row height_medium\"><div class=\"l-section-h i-cf\"><div class=\"g-cols vc_row via_grid cols_1 laptops-cols_inherit tablets-cols_inherit mobiles-cols_1 valign_top type_default stacking_default\"><div class=\"wpb_column vc_column_container\"><div class=\"vc_column-inner\"><div class=\"wpb_text_column\"><div class=\"wpb_wrapper\"><p><b>Pantalone YES ZEE Beige: eleganza naturale e comfort quotidiano<\/b><br \/>\nIl <b>Pantalone YES ZEE Beige<\/b> \u00e8 il capo perfetto per chi desidera uno stile raffinato ma pratico, ideale per affrontare la giornata con leggerezza. Realizzato in un tessuto tecnico composto da 50% poliestere, 23% nylon, 15% viscosa e 12% elastane, questo <b>pantalone con tessuto elastico, coulisse e gamba dritta<\/b> garantisce una vestibilit\u00e0 comoda e fluida, adattandosi perfettamente ai movimenti.<br \/>\nQuesto <b>pantalone da uomo adatto alla stagione primavera estate<\/b> \u00e8 pensato per accompagnarti in ogni momento: perfetto in ufficio per un look smart e rilassato, ma anche nel tempo libero per un outfit comodo e curato. La vestibilit\u00e0 regolare assicura una linea pulita e armoniosa, valorizzando la silhouette con naturalezza.<br \/>\nVersatile e facile da abbinare, puoi indossarlo con una camicia coordinata per un look elegante e contemporaneo oppure con una t-shirt e sneakers per uno stile pi\u00f9 casual e dinamico. Il colore beige, luminoso e sofisticato, si presta a numerose combinazioni ed \u00e8 ideale per creare outfit freschi e di tendenza.<br \/>\nUn capo essenziale che unisce comfort, versatilit\u00e0 e stile, perfetto per accompagnarti con sicurezza in ogni occasione.<br \/>\n<b>Prodotto originale YES ZEE<\/b> \u2013 Codice articolo: P670 KU00<\/p>\n<\/div><\/div><\/div><\/div><\/div><\/div><\/section>\n","protected":false},"excerpt":{"rendered":"Pantalone YES ZEE Beige: eleganza naturale e comfort quotidiano Il Pantalone YES ZEE Beige \u00e8 il capo perfetto per chi desidera uno stile raffinato ma pratico, ideale per affrontare la giornata con leggerezza. Realizzato in un tessuto tecnico composto da 50% poliestere, 23% nylon, 15% viscosa e 12% elastane, questo pantalone con tessuto elastico, coulisse...","protected":false},"featured_media":347759,"template":"","meta":{"inline_featured_image":false},"ss_brand":[1208],"ss_promo":[],"ss_season":[2531],"product_cat":[1332,1342,1484,1714],"product_tag":[1993],"class_list":{"0":"post-348962","1":"product","2":"type-product","3":"status-publish","4":"has-post-thumbnail","6":"ss_brand-yes-zee-donna","7":"ss_season-pe26","8":"product_cat-abbigliamento-uomo","9":"product_cat-pantaloni-da-donna","10":"product_cat-pantaloni-da-uomo","11":"product_cat-collezione-uomo","12":"product_tag-nuovi-arrivi-uomo","14":"first","15":"instock","16":"sale","17":"shipping-taxable","18":"purchasable","19":"product-type-variable","20":"has-default-attributes"},"acf":{"ss_brand":[{"term_id":1208,"name":"YES ZEE","slug":"yes-zee-donna","term_group":0,"term_taxonomy_id":1208,"taxonomy":"ss_brand","description":"Libera il tuo istinto fashion e lasciati ispirare dalle collezioni da donna <strong>Yes Zee<\/strong> sempre all\u2019avanguardia e non perdere le nostre <strong>offerte imbattibili<\/strong>!\u00a0Acquista online su SecondaStrada.com <strong>abbigliamento da donna Yes Zee scontatissimo<\/strong>!","parent":1201,"count":740,"filter":"raw"}],"ss_promo":false,"ss_season":[{"term_id":2531,"name":"PE26","slug":"pe26","term_group":0,"term_taxonomy_id":2531,"taxonomy":"ss_season","description":"","parent":0,"count":1743,"filter":"raw"}],"ss_old_price":"0,00","ss_omnibus_price":"0,00","ss_style_advice":"<p><b>Pantalone YES ZEE Beige: eleganza naturale e comfort quotidiano<\/b><br \/>Il <b>Pantalone YES ZEE Beige<\/b> \u00e8 il capo perfetto per chi desidera uno stile raffinato ma pratico, ideale per affrontare la giornata con leggerezza. Realizzato in un tessuto tecnico composto da 50% poliestere, 23% nylon, 15% viscosa e 12% elastane, questo <b>pantalone con tessuto elastico, coulisse e gamba dritta<\/b> garantisce una vestibilit\u00e0 comoda e fluida, adattandosi perfettamente ai movimenti.<br \/>Questo <b>pantalone da donna adatti alla stagione primavera estate<\/b> \u00e8 pensato per accompagnarti in ogni momento: perfetto in ufficio per un look smart e rilassato, ma anche nel tempo libero per un outfit comodo e curato. La vestibilit\u00e0 regolare assicura una linea pulita e armoniosa, valorizzando la silhouette con naturalezza.<br \/>Versatile e facile da abbinare, puoi indossarlo con una camicia coordinata per un look elegante e contemporaneo oppure con una t-shirt e sneakers per uno stile pi\u00f9 casual e dinamico. Il colore beige, luminoso e sofisticato, si presta a numerose combinazioni ed \u00e8 ideale per creare outfit freschi e di tendenza.<br \/>Un capo essenziale che unisce comfort, versatilit\u00e0 e stile, perfetto per accompagnarti con sicurezza in ogni occasione.<br \/><b>Prodotto originale YES ZEE<\/b> \u2013 Codice articolo: P670 KU00<\/p>\n","ss_composition":"<p>50% poliestere 23% nylon 15% viscosa 12% elastane<\/p>\n","ss_fit":"<p>Il modello \u00e8 alto 187 cm e veste la taglia L. La vestibilit\u00e0 del capo \u00e8 regolare.<\/p>\n","ss_etichetta":""},"yoast_head":"<!-- This site is optimized with the Yoast SEO plugin v22.3 - https:\/\/yoast.com\/wordpress\/plugins\/seo\/ -->\n<title>Pantalone Yes Zee Beige - Acquista online! - Seconda Strada<\/title>\n<meta name=\"description\" content=\"Pantalone Yes Zee Beige \u27a4 Acquista online su Secondastrada.com Pantalone Yes Zee Beige \u2714\ufe0f Spedizione veloce entro 24h in tutta Italia \u2714\ufe0f Sconto sul tuo primo acquisto\" \/>\n<meta name=\"robots\" content=\"index, follow, max-snippet:-1, max-image-preview:large, max-video-preview:-1\" \/>\n<link rel=\"canonical\" href=\"https:\/\/www.secondastrada.com\/it\/pantalone-yes-zee-beige-3\/\" \/>\n<meta property=\"og:locale\" content=\"it_IT\" \/>\n<meta property=\"og:type\" content=\"article\" \/>\n<meta property=\"og:title\" content=\"Pantalone Yes Zee Beige - Acquista online! - Seconda Strada\" \/>\n<meta property=\"og:description\" content=\"Pantalone Yes Zee Beige \u27a4 Acquista online su Secondastrada.com Pantalone Yes Zee Beige \u2714\ufe0f Spedizione veloce entro 24h in tutta Italia \u2714\ufe0f Sconto sul tuo primo acquisto\" \/>\n<meta property=\"og:url\" content=\"https:\/\/www.secondastrada.com\/it\/pantalone-yes-zee-beige-3\/\" \/>\n<meta property=\"og:site_name\" content=\"Seconda Strada\" \/>\n<meta property=\"article:modified_time\" content=\"2026-04-30T22:16:29+00:00\" \/>\n<meta property=\"og:image\" content=\"https:\/\/www.secondastrada.com\/wp-content\/uploads\/2026\/03\/P670-KU00_TORTORA-MELANGE_PE26_1.jpg\" \/>\n\t<meta property=\"og:image:width\" content=\"1000\" \/>\n\t<meta property=\"og:image:height\" content=\"1300\" \/>\n\t<meta property=\"og:image:type\" content=\"image\/jpeg\" \/>\n<meta name=\"twitter:card\" content=\"summary_large_image\" \/>\n<meta name=\"twitter:label1\" content=\"Tempo di lettura stimato\" \/>\n\t<meta name=\"twitter:data1\" content=\"2 minuti\" \/>\n<!-- \/ Yoast SEO plugin. -->","yoast_head_json":{"title":"Pantalone Yes Zee Beige - Acquista online! - Seconda Strada","description":"Pantalone Yes Zee Beige \u27a4 Acquista online su Secondastrada.com Pantalone Yes Zee Beige \u2714\ufe0f Spedizione veloce entro 24h in tutta Italia \u2714\ufe0f Sconto sul tuo primo acquisto","robots":{"index":"index","follow":"follow","max-snippet":"max-snippet:-1","max-image-preview":"max-image-preview:large","max-video-preview":"max-video-preview:-1"},"canonical":"https:\/\/www.secondastrada.com\/it\/pantalone-yes-zee-beige-3\/","og_locale":"it_IT","og_type":"article","og_title":"Pantalone Yes Zee Beige - Acquista online! - Seconda Strada","og_description":"Pantalone Yes Zee Beige \u27a4 Acquista online su Secondastrada.com Pantalone Yes Zee Beige \u2714\ufe0f Spedizione veloce entro 24h in tutta Italia \u2714\ufe0f Sconto sul tuo primo acquisto","og_url":"https:\/\/www.secondastrada.com\/it\/pantalone-yes-zee-beige-3\/","og_site_name":"Seconda Strada","article_modified_time":"2026-04-30T22:16:29+00:00","og_image":[{"width":1000,"height":1300,"url":"https:\/\/www.secondastrada.com\/wp-content\/uploads\/2026\/03\/P670-KU00_TORTORA-MELANGE_PE26_1.jpg","type":"image\/jpeg"}],"twitter_card":"summary_large_image","twitter_misc":{"Tempo di lettura stimato":"2 minuti"},"schema":{"@context":"https:\/\/schema.org","@graph":[{"@type":"WebPage","@id":"https:\/\/www.secondastrada.com\/it\/pantalone-yes-zee-beige-3\/","url":"https:\/\/www.secondastrada.com\/it\/pantalone-yes-zee-beige-3\/","name":"Pantalone Yes Zee Beige - Acquista online! - Seconda Strada","isPartOf":{"@id":"https:\/\/www.secondastrada.com\/it\/#website"},"primaryImageOfPage":{"@id":"https:\/\/www.secondastrada.com\/it\/pantalone-yes-zee-beige-3\/#primaryimage"},"image":{"@id":"https:\/\/www.secondastrada.com\/it\/pantalone-yes-zee-beige-3\/#primaryimage"},"thumbnailUrl":"https:\/\/www.secondastrada.com\/wp-content\/uploads\/2026\/03\/P670-KU00_TORTORA-MELANGE_PE26_1.jpg","datePublished":"2026-03-18T16:59:54+00:00","dateModified":"2026-04-30T22:16:29+00:00","description":"Pantalone Yes Zee Beige \u27a4 Acquista online su Secondastrada.com Pantalone Yes Zee Beige \u2714\ufe0f Spedizione veloce entro 24h in tutta Italia \u2714\ufe0f Sconto sul tuo primo acquisto","breadcrumb":{"@id":"https:\/\/www.secondastrada.com\/it\/pantalone-yes-zee-beige-3\/#breadcrumb"},"inLanguage":"it-IT","potentialAction":[{"@type":"ReadAction","target":["https:\/\/www.secondastrada.com\/it\/pantalone-yes-zee-beige-3\/"]}]},{"@type":"ImageObject","inLanguage":"it-IT","@id":"https:\/\/www.secondastrada.com\/it\/pantalone-yes-zee-beige-3\/#primaryimage","url":"https:\/\/www.secondastrada.com\/wp-content\/uploads\/2026\/03\/P670-KU00_TORTORA-MELANGE_PE26_1.jpg","contentUrl":"https:\/\/www.secondastrada.com\/wp-content\/uploads\/2026\/03\/P670-KU00_TORTORA-MELANGE_PE26_1.jpg","width":1000,"height":1300,"caption":"P670-KU00_TORTORA-MELANGE_PE26"},{"@type":"BreadcrumbList","@id":"https:\/\/www.secondastrada.com\/it\/pantalone-yes-zee-beige-3\/#breadcrumb","itemListElement":[{"@type":"ListItem","position":1,"name":"Home","item":"https:\/\/www.secondastrada.com\/it\/"},{"@type":"ListItem","position":2,"name":"Shop","item":"https:\/\/www.secondastrada.com\/it\/shop\/"},{"@type":"ListItem","position":3,"name":"Donna","item":"https:\/\/www.secondastrada.com\/it\/collezione-donna\/"},{"@type":"ListItem","position":4,"name":"Abbigliamento","item":"https:\/\/www.secondastrada.com\/it\/collezione-donna\/abbigliamento-donna\/"},{"@type":"ListItem","position":5,"name":"Pantaloni","item":"https:\/\/www.secondastrada.com\/it\/collezione-donna\/abbigliamento-donna\/pantaloni-da-donna\/"},{"@type":"ListItem","position":6,"name":"Pantalone Yes Zee Beige"}]},{"@type":"WebSite","@id":"https:\/\/www.secondastrada.com\/it\/#website","url":"https:\/\/www.secondastrada.com\/it\/","name":"Seconda Strada","description":"","publisher":{"@id":"https:\/\/www.secondastrada.com\/it\/#organization"},"potentialAction":[{"@type":"SearchAction","target":{"@type":"EntryPoint","urlTemplate":"https:\/\/www.secondastrada.com\/it\/?s={search_term_string}"},"query-input":"required name=search_term_string"}],"inLanguage":"it-IT"},{"@type":"Organization","@id":"https:\/\/www.secondastrada.com\/it\/#organization","name":"Seconda Strada","url":"https:\/\/www.secondastrada.com\/it\/","logo":{"@type":"ImageObject","inLanguage":"it-IT","@id":"https:\/\/www.secondastrada.com\/it\/#\/schema\/logo\/image\/","url":"https:\/\/www.secondastrada.com\/wp-content\/uploads\/2023\/11\/secondastrada-logo.svg","contentUrl":"https:\/\/www.secondastrada.com\/wp-content\/uploads\/2023\/11\/secondastrada-logo.svg","width":353,"height":47,"caption":"Seconda Strada"},"image":{"@id":"https:\/\/www.secondastrada.com\/it\/#\/schema\/logo\/image\/"}}]}},"df_price":59.92,"df_sale_price":"","df_regular_price":59.92,"df_image_link":"https:\/\/www.secondastrada.com\/wp-content\/uploads\/2026\/03\/P670-KU00_TORTORA-MELANGE_PE26_1-300x300.jpg","_links":{"self":[{"href":"https:\/\/www.secondastrada.com\/it\/wp-json\/wp\/v2\/product\/348962"}],"collection":[{"href":"https:\/\/www.secondastrada.com\/it\/wp-json\/wp\/v2\/product"}],"about":[{"href":"https:\/\/www.secondastrada.com\/it\/wp-json\/wp\/v2\/types\/product"}],"wp:featuredmedia":[{"embeddable":true,"href":"https:\/\/www.secondastrada.com\/it\/wp-json\/wp\/v2\/media\/347759"}],"wp:attachment":[{"href":"https:\/\/www.secondastrada.com\/it\/wp-json\/wp\/v2\/media?parent=348962"}],"wp:term":[{"taxonomy":"ss_brand","embeddable":true,"href":"https:\/\/www.secondastrada.com\/it\/wp-json\/wp\/v2\/ss_brand?post=348962"},{"taxonomy":"ss_promo","embeddable":true,"href":"https:\/\/www.secondastrada.com\/it\/wp-json\/wp\/v2\/ss_promo?post=348962"},{"taxonomy":"ss_season","embeddable":true,"href":"https:\/\/www.secondastrada.com\/it\/wp-json\/wp\/v2\/ss_season?post=348962"},{"taxonomy":"product_cat","embeddable":true,"href":"https:\/\/www.secondastrada.com\/it\/wp-json\/wp\/v2\/product_cat?post=348962"},{"taxonomy":"product_tag","embeddable":true,"href":"https:\/\/www.secondastrada.com\/it\/wp-json\/wp\/v2\/product_tag?post=348962"}],"curies":[{"name":"wp","href":"https:\/\/api.w.org\/{rel}","templated":true}]}}