{"id":349082,"date":"2026-04-01T10:57:00","date_gmt":"2026-04-01T08:57:00","guid":{"rendered":"https:\/\/www.secondastrada.com\/it\/maglia-materica-nera-2\/"},"modified":"2026-05-01T01:38:42","modified_gmt":"2026-04-30T23:38:42","slug":"maglia-materica-nera-2","status":"publish","type":"product","link":"https:\/\/www.secondastrada.com\/it\/maglia-materica-nera-2\/","title":{"rendered":"Maglia Materica Nera"},"content":{"rendered":"<p><b>Maglia MATERICA Nera: eleganza essenziale con un tocco luminoso<\/b><br \/>La <b>Maglia MATERICA Nera<\/b> \u00e8 il capo perfetto per chi desidera uno stile sofisticato ma facile da indossare, ideale per accompagnarti con eleganza nella stagione pi\u00f9 calda. Realizzata in un morbido tessuto composto da 85% viscosa e 15% poliestere, garantisce leggerezza e comfort, adattandosi con naturalezza ai movimenti. Il design \u00e8 arricchito da <b>pajette tono su tono e tessuto leggero<\/b>, dettagli discreti che donano luminosit\u00e0 e rendono il capo raffinato senza risultare eccessivo.<br \/>Questa <b>maglia da donna adatta alla stagione primavera estate<\/b> \u00e8 perfetta nel tempo libero, per una passeggiata o un\u2019uscita serale, quando vuoi sentirti curata con semplicit\u00e0. La vestibilit\u00e0 regolare (la modella \u00e8 alta 165 cm e veste la taglia S) assicura una linea armoniosa che valorizza la silhouette in modo naturale.<br \/>Versatile e facile da abbinare, puoi indossarla con pantaloni leggeri e sandali per un look elegante e rilassato, oppure con jeans e sneakers per uno stile pi\u00f9 casual ma sempre ricercato. Il colore nero, intramontabile e raffinato, la rende un capo indispensabile per creare outfit sempre diversi.<br \/>Un capo femminile e contemporaneo, pensato per accompagnarti con stile e sicurezza in ogni momento della giornata.<br \/><b>Prodotto originale MATERICA<\/b> \u2013 Codice articolo: DS6255 OB\u00f9<\/p>\n","protected":false},"excerpt":{"rendered":"<p>Maglia MATERICA Nera: eleganza essenziale con un tocco luminosoLa Maglia MATERICA Nera \u00e8 il capo perfetto per chi desidera uno stile sofisticato ma facile da indossare, ideale per accompagnarti con eleganza nella stagione pi\u00f9 calda. Realizzata in un morbido tessuto composto da 85% viscosa e 15% poliestere, garantisce leggerezza e comfort, adattandosi con naturalezza ai&#8230;<\/p>\n","protected":false},"featured_media":353859,"template":"","meta":{"inline_featured_image":false},"ss_brand":[2221],"ss_promo":[],"ss_season":[2531],"product_cat":[1329,1658,1606,1603,1535],"product_tag":[1995],"class_list":{"0":"post-349082","1":"product","2":"type-product","3":"status-publish","4":"has-post-thumbnail","6":"ss_brand-materica-donna","7":"ss_season-pe26","8":"product_cat-abbigliamento-donna","9":"product_cat-collezione-donna","10":"product_cat-maglie-manica-corta-da-donna","11":"product_cat-maglie-girocollo-da-donna","12":"product_cat-maglie-da-donna","13":"product_tag-nuovi-arrivi-donna","15":"first","16":"instock","17":"shipping-taxable","18":"purchasable","19":"product-type-variable","20":"has-default-attributes"},"acf":{"ss_brand":[{"term_id":2221,"name":"MATERICA","slug":"materica-donna","term_group":0,"term_taxonomy_id":2221,"taxonomy":"ss_brand","description":"","parent":1201,"count":460,"filter":"raw"}],"ss_promo":false,"ss_season":[{"term_id":2531,"name":"PE26","slug":"pe26","term_group":0,"term_taxonomy_id":2531,"taxonomy":"ss_season","description":"","parent":0,"count":1722,"filter":"raw"}],"ss_old_price":"0,00","ss_omnibus_price":"0,00","ss_style_advice":"<p><b>Maglia MATERICA Nera: eleganza essenziale con un tocco luminoso<\/b><br \/>La <b>Maglia MATERICA Nera<\/b> \u00e8 il capo perfetto per chi desidera uno stile sofisticato ma facile da indossare, ideale per accompagnarti con eleganza nella stagione pi\u00f9 calda. Realizzata in un morbido tessuto composto da 85% viscosa e 15% poliestere, garantisce leggerezza e comfort, adattandosi con naturalezza ai movimenti. Il design \u00e8 arricchito da <b>pajette tono su tono e tessuto leggero<\/b>, dettagli discreti che donano luminosit\u00e0 e rendono il capo raffinato senza risultare eccessivo.<br \/>Questa <b>maglia da donna adatta alla stagione primavera estate<\/b> \u00e8 perfetta nel tempo libero, per una passeggiata o un\u2019uscita serale, quando vuoi sentirti curata con semplicit\u00e0. La vestibilit\u00e0 regolare (la modella \u00e8 alta 165 cm e veste la taglia S) assicura una linea armoniosa che valorizza la silhouette in modo naturale.<br \/>Versatile e facile da abbinare, puoi indossarla con pantaloni leggeri e sandali per un look elegante e rilassato, oppure con jeans e sneakers per uno stile pi\u00f9 casual ma sempre ricercato. Il colore nero, intramontabile e raffinato, la rende un capo indispensabile per creare outfit sempre diversi.<br \/>Un capo femminile e contemporaneo, pensato per accompagnarti con stile e sicurezza in ogni momento della giornata.<br \/><b>Prodotto originale MATERICA<\/b> \u2013 Codice articolo: DS6255 OB\u00f9<\/p>\n","ss_composition":"<p>85% viscosa 15% poliestere<\/p>\n","ss_fit":"<p>La modella \u00e8 alta 165 cm e veste la taglia S. La vestibilit\u00e0 del capo \u00e8 regolare.<\/p>\n"},"yoast_head":"<!-- This site is optimized with the Yoast SEO plugin v22.3 - https:\/\/yoast.com\/wordpress\/plugins\/seo\/ -->\n<title>Maglia Materica Nera - Acquista online! - Seconda Strada<\/title>\n<meta name=\"description\" content=\"Maglia Materica Nera \u27a4 Acquista online su Secondastrada.com Maglia Materica Nera \u2714\ufe0f Spedizione veloce entro 24h in tutta Italia \u2714\ufe0f Sconto sul tuo primo acquisto\" \/>\n<meta name=\"robots\" content=\"index, follow, max-snippet:-1, max-image-preview:large, max-video-preview:-1\" \/>\n<link rel=\"canonical\" href=\"https:\/\/www.secondastrada.com\/it\/maglia-materica-nera-2\/\" \/>\n<meta property=\"og:locale\" content=\"it_IT\" \/>\n<meta property=\"og:type\" content=\"article\" \/>\n<meta property=\"og:title\" content=\"Maglia Materica Nera - Acquista online! - Seconda Strada\" \/>\n<meta property=\"og:description\" content=\"Maglia Materica Nera \u27a4 Acquista online su Secondastrada.com Maglia Materica Nera \u2714\ufe0f Spedizione veloce entro 24h in tutta Italia \u2714\ufe0f Sconto sul tuo primo acquisto\" \/>\n<meta property=\"og:url\" content=\"https:\/\/www.secondastrada.com\/it\/maglia-materica-nera-2\/\" \/>\n<meta property=\"og:site_name\" content=\"Seconda Strada\" \/>\n<meta property=\"article:modified_time\" content=\"2026-04-30T23:38:42+00:00\" \/>\n<meta property=\"og:image\" content=\"https:\/\/www.secondastrada.com\/wp-content\/uploads\/2026\/04\/DS6255-OB_BLACK_PE26_1.jpg\" \/>\n\t<meta property=\"og:image:width\" content=\"1000\" \/>\n\t<meta property=\"og:image:height\" content=\"1300\" \/>\n\t<meta property=\"og:image:type\" content=\"image\/jpeg\" \/>\n<meta name=\"twitter:card\" content=\"summary_large_image\" \/>\n<meta name=\"twitter:label1\" content=\"Tempo di lettura stimato\" \/>\n\t<meta name=\"twitter:data1\" content=\"1 minuto\" \/>\n<!-- \/ Yoast SEO plugin. -->","yoast_head_json":{"title":"Maglia Materica Nera - Acquista online! - Seconda Strada","description":"Maglia Materica Nera \u27a4 Acquista online su Secondastrada.com Maglia Materica Nera \u2714\ufe0f Spedizione veloce entro 24h in tutta Italia \u2714\ufe0f Sconto sul tuo primo acquisto","robots":{"index":"index","follow":"follow","max-snippet":"max-snippet:-1","max-image-preview":"max-image-preview:large","max-video-preview":"max-video-preview:-1"},"canonical":"https:\/\/www.secondastrada.com\/it\/maglia-materica-nera-2\/","og_locale":"it_IT","og_type":"article","og_title":"Maglia Materica Nera - Acquista online! - Seconda Strada","og_description":"Maglia Materica Nera \u27a4 Acquista online su Secondastrada.com Maglia Materica Nera \u2714\ufe0f Spedizione veloce entro 24h in tutta Italia \u2714\ufe0f Sconto sul tuo primo acquisto","og_url":"https:\/\/www.secondastrada.com\/it\/maglia-materica-nera-2\/","og_site_name":"Seconda Strada","article_modified_time":"2026-04-30T23:38:42+00:00","og_image":[{"width":1000,"height":1300,"url":"https:\/\/www.secondastrada.com\/wp-content\/uploads\/2026\/04\/DS6255-OB_BLACK_PE26_1.jpg","type":"image\/jpeg"}],"twitter_card":"summary_large_image","twitter_misc":{"Tempo di lettura stimato":"1 minuto"},"schema":{"@context":"https:\/\/schema.org","@graph":[{"@type":"WebPage","@id":"https:\/\/www.secondastrada.com\/it\/maglia-materica-nera-2\/","url":"https:\/\/www.secondastrada.com\/it\/maglia-materica-nera-2\/","name":"Maglia Materica Nera - Acquista online! - Seconda Strada","isPartOf":{"@id":"https:\/\/www.secondastrada.com\/it\/#website"},"primaryImageOfPage":{"@id":"https:\/\/www.secondastrada.com\/it\/maglia-materica-nera-2\/#primaryimage"},"image":{"@id":"https:\/\/www.secondastrada.com\/it\/maglia-materica-nera-2\/#primaryimage"},"thumbnailUrl":"https:\/\/www.secondastrada.com\/wp-content\/uploads\/2026\/04\/DS6255-OB_BLACK_PE26_1.jpg","datePublished":"2026-04-01T08:57:00+00:00","dateModified":"2026-04-30T23:38:42+00:00","description":"Maglia Materica Nera \u27a4 Acquista online su Secondastrada.com Maglia Materica Nera \u2714\ufe0f Spedizione veloce entro 24h in tutta Italia \u2714\ufe0f Sconto sul tuo primo acquisto","breadcrumb":{"@id":"https:\/\/www.secondastrada.com\/it\/maglia-materica-nera-2\/#breadcrumb"},"inLanguage":"it-IT","potentialAction":[{"@type":"ReadAction","target":["https:\/\/www.secondastrada.com\/it\/maglia-materica-nera-2\/"]}]},{"@type":"ImageObject","inLanguage":"it-IT","@id":"https:\/\/www.secondastrada.com\/it\/maglia-materica-nera-2\/#primaryimage","url":"https:\/\/www.secondastrada.com\/wp-content\/uploads\/2026\/04\/DS6255-OB_BLACK_PE26_1.jpg","contentUrl":"https:\/\/www.secondastrada.com\/wp-content\/uploads\/2026\/04\/DS6255-OB_BLACK_PE26_1.jpg","width":1000,"height":1300,"caption":"DS6255-OB_BLACK_PE26"},{"@type":"BreadcrumbList","@id":"https:\/\/www.secondastrada.com\/it\/maglia-materica-nera-2\/#breadcrumb","itemListElement":[{"@type":"ListItem","position":1,"name":"Home","item":"https:\/\/www.secondastrada.com\/it\/"},{"@type":"ListItem","position":2,"name":"Shop","item":"https:\/\/www.secondastrada.com\/it\/shop\/"},{"@type":"ListItem","position":3,"name":"Donna","item":"https:\/\/www.secondastrada.com\/it\/collezione-donna\/"},{"@type":"ListItem","position":4,"name":"Abbigliamento","item":"https:\/\/www.secondastrada.com\/it\/collezione-donna\/abbigliamento-donna\/"},{"@type":"ListItem","position":5,"name":"Maglieria","item":"https:\/\/www.secondastrada.com\/it\/collezione-donna\/abbigliamento-donna\/maglie-da-donna\/"},{"@type":"ListItem","position":6,"name":"Maglie a manica corta","item":"https:\/\/www.secondastrada.com\/it\/collezione-donna\/abbigliamento-donna\/maglie-da-donna\/maglie-manica-corta-da-donna\/"},{"@type":"ListItem","position":7,"name":"Maglia Materica Nera"}]},{"@type":"WebSite","@id":"https:\/\/www.secondastrada.com\/it\/#website","url":"https:\/\/www.secondastrada.com\/it\/","name":"Seconda Strada","description":"","publisher":{"@id":"https:\/\/www.secondastrada.com\/it\/#organization"},"potentialAction":[{"@type":"SearchAction","target":{"@type":"EntryPoint","urlTemplate":"https:\/\/www.secondastrada.com\/it\/?s={search_term_string}"},"query-input":"required name=search_term_string"}],"inLanguage":"it-IT"},{"@type":"Organization","@id":"https:\/\/www.secondastrada.com\/it\/#organization","name":"Seconda Strada","url":"https:\/\/www.secondastrada.com\/it\/","logo":{"@type":"ImageObject","inLanguage":"it-IT","@id":"https:\/\/www.secondastrada.com\/it\/#\/schema\/logo\/image\/","url":"https:\/\/www.secondastrada.com\/wp-content\/uploads\/2023\/11\/secondastrada-logo.svg","contentUrl":"https:\/\/www.secondastrada.com\/wp-content\/uploads\/2023\/11\/secondastrada-logo.svg","width":353,"height":47,"caption":"Seconda Strada"},"image":{"@id":"https:\/\/www.secondastrada.com\/it\/#\/schema\/logo\/image\/"}}]}},"df_price":59.99,"df_sale_price":"","df_regular_price":59.99,"df_image_link":"https:\/\/www.secondastrada.com\/wp-content\/uploads\/2026\/04\/DS6255-OB_BLACK_PE26_1-300x300.jpg","_links":{"self":[{"href":"https:\/\/www.secondastrada.com\/it\/wp-json\/wp\/v2\/product\/349082"}],"collection":[{"href":"https:\/\/www.secondastrada.com\/it\/wp-json\/wp\/v2\/product"}],"about":[{"href":"https:\/\/www.secondastrada.com\/it\/wp-json\/wp\/v2\/types\/product"}],"wp:featuredmedia":[{"embeddable":true,"href":"https:\/\/www.secondastrada.com\/it\/wp-json\/wp\/v2\/media\/353859"}],"wp:attachment":[{"href":"https:\/\/www.secondastrada.com\/it\/wp-json\/wp\/v2\/media?parent=349082"}],"wp:term":[{"taxonomy":"ss_brand","embeddable":true,"href":"https:\/\/www.secondastrada.com\/it\/wp-json\/wp\/v2\/ss_brand?post=349082"},{"taxonomy":"ss_promo","embeddable":true,"href":"https:\/\/www.secondastrada.com\/it\/wp-json\/wp\/v2\/ss_promo?post=349082"},{"taxonomy":"ss_season","embeddable":true,"href":"https:\/\/www.secondastrada.com\/it\/wp-json\/wp\/v2\/ss_season?post=349082"},{"taxonomy":"product_cat","embeddable":true,"href":"https:\/\/www.secondastrada.com\/it\/wp-json\/wp\/v2\/product_cat?post=349082"},{"taxonomy":"product_tag","embeddable":true,"href":"https:\/\/www.secondastrada.com\/it\/wp-json\/wp\/v2\/product_tag?post=349082"}],"curies":[{"name":"wp","href":"https:\/\/api.w.org\/{rel}","templated":true}]}}