{"id":349470,"date":"2026-03-19T09:14:34","date_gmt":"2026-03-19T08:14:34","guid":{"rendered":"https:\/\/www.secondastrada.com\/it\/portamonete-calvin-klein-marrone\/"},"modified":"2026-04-03T00:24:01","modified_gmt":"2026-04-02T22:24:01","slug":"portamonete-calvin-klein-marrone","status":"publish","type":"product","link":"https:\/\/www.secondastrada.com\/it\/portamonete-calvin-klein-marrone\/","title":{"rendered":"Portamonete Calvin Klein Marrone"},"content":{"rendered":"<p><b>Portamonete CALVIN KLEIN Marrone da donna<\/b><br \/>Il <b>Portamonete CALVIN KLEIN Marrone<\/b> \u00e8 l\u2019accessorio ideale per chi desidera unire praticit\u00e0 e stile in un design elegante e contemporaneo. Realizzato in poliuretano, resistente e curato nei dettagli, \u00e8 perfetto per accompagnarti ogni giorno con funzionalit\u00e0 e un tocco sofisticato.<br \/>Questo <b>portamonete da donna adatta in tutte le stagioni<\/b> si distingue per il suo look raffinato: un <b>portamonete con logo CK lucido tono su tono, cerniera dorata<\/b>, elementi che donano luminosit\u00e0 e carattere mantenendo uno stile minimal. La chiusura con zip garantisce sicurezza e praticit\u00e0, permettendoti di organizzare monete e piccoli oggetti in modo semplice ed efficace.<br \/>Ideale nel tempo libero, durante le commissioni quotidiane o in viaggio, questo portamonete \u00e8 perfetto per avere sempre con te l\u2019essenziale senza ingombro. Puoi abbinarlo a una borsa marrone per un look armonioso e caldo, oppure inserirlo in una borsa nera per creare un contrasto elegante e moderno.<br \/>Il colore marrone, naturale e sofisticato, dona un tocco di calore al tuo stile e si abbina facilmente a diverse tonalit\u00e0, rendendolo un accessorio versatile e sempre attuale.<br \/>Scegli un accessorio firmato CALVIN KLEIN per completare il tuo guardaroba con qualit\u00e0, semplicit\u00e0 e attenzione ai dettagli.<br \/>Tutti i prodotti su SecondaStrada.com sono originali e garantiti. Codice articolo: LV04F1154G OB.<\/p>\n","protected":false},"excerpt":{"rendered":"<p>Portamonete CALVIN KLEIN Marrone da donnaIl Portamonete CALVIN KLEIN Marrone \u00e8 l\u2019accessorio ideale per chi desidera unire praticit\u00e0 e stile in un design elegante e contemporaneo. Realizzato in poliuretano, resistente e curato nei dettagli, \u00e8 perfetto per accompagnarti ogni giorno con funzionalit\u00e0 e un tocco sofisticato.Questo portamonete da donna adatta in tutte le stagioni si&#8230;<\/p>\n","protected":false},"featured_media":349210,"template":"","meta":{"inline_featured_image":false},"ss_brand":[1867],"ss_promo":[],"ss_season":[2531],"product_cat":[1331,1658,1832],"product_tag":[1995],"class_list":{"0":"post-349470","1":"product","2":"type-product","3":"status-publish","4":"has-post-thumbnail","6":"ss_brand-calvin-klein-donna","7":"ss_season-pe26","8":"product_cat-accessori-donna","9":"product_cat-collezione-donna","10":"product_cat-portafogli-da-donna","11":"product_tag-nuovi-arrivi-donna","13":"first","14":"instock","15":"shipping-taxable","16":"purchasable","17":"product-type-variable","18":"has-default-attributes"},"acf":{"ss_brand":[{"term_id":1867,"name":"CALVIN KLEIN","slug":"calvin-klein-donna","term_group":0,"term_taxonomy_id":1867,"taxonomy":"ss_brand","description":"Calvin Klein \u00e8 la moda casual semplice e funzionale. Scopri subito le nostre offerte!\u00a0Acquista online su SecondaStrada.com abbigliamento da donna CALVIN KLEIN scontatissimo!","parent":1201,"count":354,"filter":"raw"}],"ss_promo":false,"ss_season":[{"term_id":2531,"name":"PE26","slug":"pe26","term_group":0,"term_taxonomy_id":2531,"taxonomy":"ss_season","description":"","parent":0,"count":1722,"filter":"raw"}],"ss_old_price":"49,90","ss_omnibus_price":"0,00","ss_style_advice":"<p><b>Portamonete CALVIN KLEIN Marrone da donna<\/b><br \/>Il <b>Portamonete CALVIN KLEIN Marrone<\/b> \u00e8 l\u2019accessorio ideale per chi desidera unire praticit\u00e0 e stile in un design elegante e contemporaneo. Realizzato in poliuretano, resistente e curato nei dettagli, \u00e8 perfetto per accompagnarti ogni giorno con funzionalit\u00e0 e un tocco sofisticato.<br \/>Questo <b>portamonete da donna adatta in tutte le stagioni<\/b> si distingue per il suo look raffinato: un <b>portamonete con logo CK lucido tono su tono, cerniera dorata<\/b>, elementi che donano luminosit\u00e0 e carattere mantenendo uno stile minimal. La chiusura con zip garantisce sicurezza e praticit\u00e0, permettendoti di organizzare monete e piccoli oggetti in modo semplice ed efficace.<br \/>Ideale nel tempo libero, durante le commissioni quotidiane o in viaggio, questo portamonete \u00e8 perfetto per avere sempre con te l\u2019essenziale senza ingombro. Puoi abbinarlo a una borsa marrone per un look armonioso e caldo, oppure inserirlo in una borsa nera per creare un contrasto elegante e moderno.<br \/>Il colore marrone, naturale e sofisticato, dona un tocco di calore al tuo stile e si abbina facilmente a diverse tonalit\u00e0, rendendolo un accessorio versatile e sempre attuale.<br \/>Scegli un accessorio firmato CALVIN KLEIN per completare il tuo guardaroba con qualit\u00e0, semplicit\u00e0 e attenzione ai dettagli.<br \/>Tutti i prodotti su SecondaStrada.com sono originali e garantiti. Codice articolo: LV04F1154G OB.<\/p>\n","ss_composition":"<p>Poliuretano<\/p>\n","ss_fit":"<p>Base inferiore: 31 cm<br \/>Altezza massima: 32 cm<br \/>Profondit\u00e0: 10 cm<\/p>\n"},"yoast_head":"<!-- This site is optimized with the Yoast SEO plugin v22.3 - https:\/\/yoast.com\/wordpress\/plugins\/seo\/ -->\n<title>Portamonete Calvin Klein Marrone - Acquista online! - Seconda Strada<\/title>\n<meta name=\"description\" content=\"Portamonete Calvin Klein Marrone \u27a4 Acquista online su Secondastrada.com Portamonete Calvin Klein Marrone \u2714\ufe0f Spedizione veloce entro 24h in tutta Italia \u2714\ufe0f Sconto sul tuo primo acquisto\" \/>\n<meta name=\"robots\" content=\"index, follow, max-snippet:-1, max-image-preview:large, max-video-preview:-1\" \/>\n<link rel=\"canonical\" href=\"https:\/\/www.secondastrada.com\/it\/portamonete-calvin-klein-marrone\/\" \/>\n<meta property=\"og:locale\" content=\"it_IT\" \/>\n<meta property=\"og:type\" content=\"article\" \/>\n<meta property=\"og:title\" content=\"Portamonete Calvin Klein Marrone - Acquista online! - Seconda Strada\" \/>\n<meta property=\"og:description\" content=\"Portamonete Calvin Klein Marrone \u27a4 Acquista online su Secondastrada.com Portamonete Calvin Klein Marrone \u2714\ufe0f Spedizione veloce entro 24h in tutta Italia \u2714\ufe0f Sconto sul tuo primo acquisto\" \/>\n<meta property=\"og:url\" content=\"https:\/\/www.secondastrada.com\/it\/portamonete-calvin-klein-marrone\/\" \/>\n<meta property=\"og:site_name\" content=\"Seconda Strada\" \/>\n<meta property=\"article:modified_time\" content=\"2026-04-02T22:24:01+00:00\" \/>\n<meta property=\"og:image\" content=\"https:\/\/www.secondastrada.com\/wp-content\/uploads\/2026\/03\/LV04F1154G-OB_DESERT-TAUPE_PE26_1.jpg\" \/>\n\t<meta property=\"og:image:width\" content=\"1000\" \/>\n\t<meta property=\"og:image:height\" content=\"1300\" \/>\n\t<meta property=\"og:image:type\" content=\"image\/jpeg\" \/>\n<meta name=\"twitter:card\" content=\"summary_large_image\" \/>\n<meta name=\"twitter:label1\" content=\"Tempo di lettura stimato\" \/>\n\t<meta name=\"twitter:data1\" content=\"1 minuto\" \/>\n<!-- \/ Yoast SEO plugin. -->","yoast_head_json":{"title":"Portamonete Calvin Klein Marrone - Acquista online! - Seconda Strada","description":"Portamonete Calvin Klein Marrone \u27a4 Acquista online su Secondastrada.com Portamonete Calvin Klein Marrone \u2714\ufe0f Spedizione veloce entro 24h in tutta Italia \u2714\ufe0f Sconto sul tuo primo acquisto","robots":{"index":"index","follow":"follow","max-snippet":"max-snippet:-1","max-image-preview":"max-image-preview:large","max-video-preview":"max-video-preview:-1"},"canonical":"https:\/\/www.secondastrada.com\/it\/portamonete-calvin-klein-marrone\/","og_locale":"it_IT","og_type":"article","og_title":"Portamonete Calvin Klein Marrone - Acquista online! - Seconda Strada","og_description":"Portamonete Calvin Klein Marrone \u27a4 Acquista online su Secondastrada.com Portamonete Calvin Klein Marrone \u2714\ufe0f Spedizione veloce entro 24h in tutta Italia \u2714\ufe0f Sconto sul tuo primo acquisto","og_url":"https:\/\/www.secondastrada.com\/it\/portamonete-calvin-klein-marrone\/","og_site_name":"Seconda Strada","article_modified_time":"2026-04-02T22:24:01+00:00","og_image":[{"width":1000,"height":1300,"url":"https:\/\/www.secondastrada.com\/wp-content\/uploads\/2026\/03\/LV04F1154G-OB_DESERT-TAUPE_PE26_1.jpg","type":"image\/jpeg"}],"twitter_card":"summary_large_image","twitter_misc":{"Tempo di lettura stimato":"1 minuto"},"schema":{"@context":"https:\/\/schema.org","@graph":[{"@type":"WebPage","@id":"https:\/\/www.secondastrada.com\/it\/portamonete-calvin-klein-marrone\/","url":"https:\/\/www.secondastrada.com\/it\/portamonete-calvin-klein-marrone\/","name":"Portamonete Calvin Klein Marrone - Acquista online! - Seconda Strada","isPartOf":{"@id":"https:\/\/www.secondastrada.com\/it\/#website"},"primaryImageOfPage":{"@id":"https:\/\/www.secondastrada.com\/it\/portamonete-calvin-klein-marrone\/#primaryimage"},"image":{"@id":"https:\/\/www.secondastrada.com\/it\/portamonete-calvin-klein-marrone\/#primaryimage"},"thumbnailUrl":"https:\/\/www.secondastrada.com\/wp-content\/uploads\/2026\/03\/LV04F1154G-OB_DESERT-TAUPE_PE26_1.jpg","datePublished":"2026-03-19T08:14:34+00:00","dateModified":"2026-04-02T22:24:01+00:00","description":"Portamonete Calvin Klein Marrone \u27a4 Acquista online su Secondastrada.com Portamonete Calvin Klein Marrone \u2714\ufe0f Spedizione veloce entro 24h in tutta Italia \u2714\ufe0f Sconto sul tuo primo acquisto","breadcrumb":{"@id":"https:\/\/www.secondastrada.com\/it\/portamonete-calvin-klein-marrone\/#breadcrumb"},"inLanguage":"it-IT","potentialAction":[{"@type":"ReadAction","target":["https:\/\/www.secondastrada.com\/it\/portamonete-calvin-klein-marrone\/"]}]},{"@type":"ImageObject","inLanguage":"it-IT","@id":"https:\/\/www.secondastrada.com\/it\/portamonete-calvin-klein-marrone\/#primaryimage","url":"https:\/\/www.secondastrada.com\/wp-content\/uploads\/2026\/03\/LV04F1154G-OB_DESERT-TAUPE_PE26_1.jpg","contentUrl":"https:\/\/www.secondastrada.com\/wp-content\/uploads\/2026\/03\/LV04F1154G-OB_DESERT-TAUPE_PE26_1.jpg","width":1000,"height":1300,"caption":"LV04F1154G-OB_DESERT-TAUPE_PE26"},{"@type":"BreadcrumbList","@id":"https:\/\/www.secondastrada.com\/it\/portamonete-calvin-klein-marrone\/#breadcrumb","itemListElement":[{"@type":"ListItem","position":1,"name":"Home","item":"https:\/\/www.secondastrada.com\/it\/"},{"@type":"ListItem","position":2,"name":"Shop","item":"https:\/\/www.secondastrada.com\/it\/shop\/"},{"@type":"ListItem","position":3,"name":"Donna","item":"https:\/\/www.secondastrada.com\/it\/collezione-donna\/"},{"@type":"ListItem","position":4,"name":"Accessori","item":"https:\/\/www.secondastrada.com\/it\/collezione-donna\/accessori-donna\/"},{"@type":"ListItem","position":5,"name":"Portafogli","item":"https:\/\/www.secondastrada.com\/it\/collezione-donna\/accessori-donna\/portafogli-da-donna\/"},{"@type":"ListItem","position":6,"name":"Portamonete Calvin Klein Marrone"}]},{"@type":"WebSite","@id":"https:\/\/www.secondastrada.com\/it\/#website","url":"https:\/\/www.secondastrada.com\/it\/","name":"Seconda Strada","description":"","publisher":{"@id":"https:\/\/www.secondastrada.com\/it\/#organization"},"potentialAction":[{"@type":"SearchAction","target":{"@type":"EntryPoint","urlTemplate":"https:\/\/www.secondastrada.com\/it\/?s={search_term_string}"},"query-input":"required name=search_term_string"}],"inLanguage":"it-IT"},{"@type":"Organization","@id":"https:\/\/www.secondastrada.com\/it\/#organization","name":"Seconda Strada","url":"https:\/\/www.secondastrada.com\/it\/","logo":{"@type":"ImageObject","inLanguage":"it-IT","@id":"https:\/\/www.secondastrada.com\/it\/#\/schema\/logo\/image\/","url":"https:\/\/www.secondastrada.com\/wp-content\/uploads\/2023\/11\/secondastrada-logo.svg","contentUrl":"https:\/\/www.secondastrada.com\/wp-content\/uploads\/2023\/11\/secondastrada-logo.svg","width":353,"height":47,"caption":"Seconda Strada"},"image":{"@id":"https:\/\/www.secondastrada.com\/it\/#\/schema\/logo\/image\/"}}]}},"df_price":44.99,"df_sale_price":"","df_regular_price":44.99,"df_image_link":"https:\/\/www.secondastrada.com\/wp-content\/uploads\/2026\/03\/LV04F1154G-OB_DESERT-TAUPE_PE26_1-300x300.jpg","_links":{"self":[{"href":"https:\/\/www.secondastrada.com\/it\/wp-json\/wp\/v2\/product\/349470"}],"collection":[{"href":"https:\/\/www.secondastrada.com\/it\/wp-json\/wp\/v2\/product"}],"about":[{"href":"https:\/\/www.secondastrada.com\/it\/wp-json\/wp\/v2\/types\/product"}],"wp:featuredmedia":[{"embeddable":true,"href":"https:\/\/www.secondastrada.com\/it\/wp-json\/wp\/v2\/media\/349210"}],"wp:attachment":[{"href":"https:\/\/www.secondastrada.com\/it\/wp-json\/wp\/v2\/media?parent=349470"}],"wp:term":[{"taxonomy":"ss_brand","embeddable":true,"href":"https:\/\/www.secondastrada.com\/it\/wp-json\/wp\/v2\/ss_brand?post=349470"},{"taxonomy":"ss_promo","embeddable":true,"href":"https:\/\/www.secondastrada.com\/it\/wp-json\/wp\/v2\/ss_promo?post=349470"},{"taxonomy":"ss_season","embeddable":true,"href":"https:\/\/www.secondastrada.com\/it\/wp-json\/wp\/v2\/ss_season?post=349470"},{"taxonomy":"product_cat","embeddable":true,"href":"https:\/\/www.secondastrada.com\/it\/wp-json\/wp\/v2\/product_cat?post=349470"},{"taxonomy":"product_tag","embeddable":true,"href":"https:\/\/www.secondastrada.com\/it\/wp-json\/wp\/v2\/product_tag?post=349470"}],"curies":[{"name":"wp","href":"https:\/\/api.w.org\/{rel}","templated":true}]}}