{"id":349480,"date":"2026-03-19T09:16:18","date_gmt":"2026-03-19T08:16:18","guid":{"rendered":"https:\/\/www.secondastrada.com\/it\/borsa-calvin-klein-nera-3\/"},"modified":"2026-04-03T00:19:14","modified_gmt":"2026-04-02T22:19:14","slug":"borsa-calvin-klein-nera-3","status":"publish","type":"product","link":"https:\/\/www.secondastrada.com\/it\/borsa-calvin-klein-nera-3\/","title":{"rendered":"Borsa Calvin Klein Nera"},"content":{"rendered":"<p><b>Borsa CALVIN KLEIN Nera da donna<\/b><br \/>La <b>Borsa CALVIN KLEIN Nera<\/b> \u00e8 l\u2019accessorio perfetto per chi cerca capienza, praticit\u00e0 e uno stile essenziale ma sempre elegante. Realizzata in poliuretano, resistente e facile da mantenere, \u00e8 pensata per accompagnarti nelle tue giornate pi\u00f9 dinamiche con comfort e raffinatezza.<br \/>Questa <b>borsa da donna adatta in tutte le stagioni<\/b> si distingue per il suo design funzionale e contemporaneo: una <b>borsa con molto capiente logo CK lucito tono su tono<\/b>, che dona un tocco discreto ma riconoscibile al modello. Le dimensioni generose (base 34 cm, altezza 27 cm, profondit\u00e0 15 cm) la rendono ideale per contenere tutto ci\u00f2 di cui hai bisogno, dal lavoro al tempo libero, mantenendo ordine e praticit\u00e0.<br \/>Perfetta per una giornata in ufficio, per lo shopping o per i tuoi impegni quotidiani, questa borsa si adatta facilmente a ogni occasione. Puoi abbinarla a un outfit casual con jeans e maglia per un look rilassato, oppure a un completo pi\u00f9 elegante con blazer per uno stile curato e contemporaneo.<br \/>Il colore nero, intramontabile e versatile, la rende un vero must-have del guardaroba, facile da abbinare e sempre attuale, perfetto per ogni stagione.<br \/>Scegli un accessorio firmato CALVIN KLEIN per completare il tuo stile con qualit\u00e0, funzionalit\u00e0 e design minimal.<br \/>Tutti i prodotti su SecondaStrada.com sono originali e garantiti. Codice articolo: LV04F3218G OB.<\/p>\n","protected":false},"excerpt":{"rendered":"<p>Borsa CALVIN KLEIN Nera da donnaLa Borsa CALVIN KLEIN Nera \u00e8 l\u2019accessorio perfetto per chi cerca capienza, praticit\u00e0 e uno stile essenziale ma sempre elegante. Realizzata in poliuretano, resistente e facile da mantenere, \u00e8 pensata per accompagnarti nelle tue giornate pi\u00f9 dinamiche con comfort e raffinatezza.Questa borsa da donna adatta in tutte le stagioni si&#8230;<\/p>\n","protected":false},"featured_media":349338,"template":"","meta":{"inline_featured_image":false},"ss_brand":[1867],"ss_promo":[],"ss_season":[2531],"product_cat":[1331,1477,1658],"product_tag":[1995],"class_list":{"0":"post-349480","1":"product","2":"type-product","3":"status-publish","4":"has-post-thumbnail","6":"ss_brand-calvin-klein-donna","7":"ss_season-pe26","8":"product_cat-accessori-donna","9":"product_cat-borse-da-donna","10":"product_cat-collezione-donna","11":"product_tag-nuovi-arrivi-donna","13":"first","14":"instock","15":"shipping-taxable","16":"purchasable","17":"product-type-variable","18":"has-default-attributes"},"acf":{"ss_brand":[{"term_id":1867,"name":"CALVIN KLEIN","slug":"calvin-klein-donna","term_group":0,"term_taxonomy_id":1867,"taxonomy":"ss_brand","description":"Calvin Klein \u00e8 la moda casual semplice e funzionale. Scopri subito le nostre offerte!\u00a0Acquista online su SecondaStrada.com abbigliamento da donna CALVIN KLEIN scontatissimo!","parent":1201,"count":354,"filter":"raw"}],"ss_promo":false,"ss_season":[{"term_id":2531,"name":"PE26","slug":"pe26","term_group":0,"term_taxonomy_id":2531,"taxonomy":"ss_season","description":"","parent":0,"count":1722,"filter":"raw"}],"ss_old_price":"139,90","ss_omnibus_price":"0,00","ss_style_advice":"<p><b>Borsa CALVIN KLEIN Nera da donna<\/b><br \/>La <b>Borsa CALVIN KLEIN Nera<\/b> \u00e8 l\u2019accessorio perfetto per chi cerca capienza, praticit\u00e0 e uno stile essenziale ma sempre elegante. Realizzata in poliuretano, resistente e facile da mantenere, \u00e8 pensata per accompagnarti nelle tue giornate pi\u00f9 dinamiche con comfort e raffinatezza.<br \/>Questa <b>borsa da donna adatta in tutte le stagioni<\/b> si distingue per il suo design funzionale e contemporaneo: una <b>borsa con molto capiente logo CK lucito tono su tono<\/b>, che dona un tocco discreto ma riconoscibile al modello. Le dimensioni generose (base 34 cm, altezza 27 cm, profondit\u00e0 15 cm) la rendono ideale per contenere tutto ci\u00f2 di cui hai bisogno, dal lavoro al tempo libero, mantenendo ordine e praticit\u00e0.<br \/>Perfetta per una giornata in ufficio, per lo shopping o per i tuoi impegni quotidiani, questa borsa si adatta facilmente a ogni occasione. Puoi abbinarla a un outfit casual con jeans e maglia per un look rilassato, oppure a un completo pi\u00f9 elegante con blazer per uno stile curato e contemporaneo.<br \/>Il colore nero, intramontabile e versatile, la rende un vero must-have del guardaroba, facile da abbinare e sempre attuale, perfetto per ogni stagione.<br \/>Scegli un accessorio firmato CALVIN KLEIN per completare il tuo stile con qualit\u00e0, funzionalit\u00e0 e design minimal.<br \/>Tutti i prodotti su SecondaStrada.com sono originali e garantiti. Codice articolo: LV04F3218G OB.<\/p>\n","ss_composition":"<p>Poliuretano<\/p>\n","ss_fit":"<p>Base inferiore: 34 cm<br \/>Altezza massima: 27 cm<br \/>Profondit\u00e0: 15 cm<\/p>\n"},"yoast_head":"<!-- This site is optimized with the Yoast SEO plugin v22.3 - https:\/\/yoast.com\/wordpress\/plugins\/seo\/ -->\n<title>Borsa Calvin Klein Nera - Acquista online! - Seconda Strada<\/title>\n<meta name=\"description\" content=\"Borsa Calvin Klein Nera \u27a4 Acquista online su Secondastrada.com Borsa Calvin Klein Nera \u2714\ufe0f Spedizione veloce entro 24h in tutta Italia \u2714\ufe0f Sconto sul tuo primo acquisto\" \/>\n<meta name=\"robots\" content=\"index, follow, max-snippet:-1, max-image-preview:large, max-video-preview:-1\" \/>\n<link rel=\"canonical\" href=\"https:\/\/www.secondastrada.com\/it\/borsa-calvin-klein-nera-3\/\" \/>\n<meta property=\"og:locale\" content=\"it_IT\" \/>\n<meta property=\"og:type\" content=\"article\" \/>\n<meta property=\"og:title\" content=\"Borsa Calvin Klein Nera - Acquista online! - Seconda Strada\" \/>\n<meta property=\"og:description\" content=\"Borsa Calvin Klein Nera \u27a4 Acquista online su Secondastrada.com Borsa Calvin Klein Nera \u2714\ufe0f Spedizione veloce entro 24h in tutta Italia \u2714\ufe0f Sconto sul tuo primo acquisto\" \/>\n<meta property=\"og:url\" content=\"https:\/\/www.secondastrada.com\/it\/borsa-calvin-klein-nera-3\/\" \/>\n<meta property=\"og:site_name\" content=\"Seconda Strada\" \/>\n<meta property=\"article:modified_time\" content=\"2026-04-02T22:19:14+00:00\" \/>\n<meta property=\"og:image\" content=\"https:\/\/www.secondastrada.com\/wp-content\/uploads\/2026\/03\/LV04F3218G-OB_BLACK_PE26_1.jpg\" \/>\n\t<meta property=\"og:image:width\" content=\"1000\" \/>\n\t<meta property=\"og:image:height\" content=\"1300\" \/>\n\t<meta property=\"og:image:type\" content=\"image\/jpeg\" \/>\n<meta name=\"twitter:card\" content=\"summary_large_image\" \/>\n<meta name=\"twitter:label1\" content=\"Tempo di lettura stimato\" \/>\n\t<meta name=\"twitter:data1\" content=\"1 minuto\" \/>\n<!-- \/ Yoast SEO plugin. -->","yoast_head_json":{"title":"Borsa Calvin Klein Nera - Acquista online! - Seconda Strada","description":"Borsa Calvin Klein Nera \u27a4 Acquista online su Secondastrada.com Borsa Calvin Klein Nera \u2714\ufe0f Spedizione veloce entro 24h in tutta Italia \u2714\ufe0f Sconto sul tuo primo acquisto","robots":{"index":"index","follow":"follow","max-snippet":"max-snippet:-1","max-image-preview":"max-image-preview:large","max-video-preview":"max-video-preview:-1"},"canonical":"https:\/\/www.secondastrada.com\/it\/borsa-calvin-klein-nera-3\/","og_locale":"it_IT","og_type":"article","og_title":"Borsa Calvin Klein Nera - Acquista online! - Seconda Strada","og_description":"Borsa Calvin Klein Nera \u27a4 Acquista online su Secondastrada.com Borsa Calvin Klein Nera \u2714\ufe0f Spedizione veloce entro 24h in tutta Italia \u2714\ufe0f Sconto sul tuo primo acquisto","og_url":"https:\/\/www.secondastrada.com\/it\/borsa-calvin-klein-nera-3\/","og_site_name":"Seconda Strada","article_modified_time":"2026-04-02T22:19:14+00:00","og_image":[{"width":1000,"height":1300,"url":"https:\/\/www.secondastrada.com\/wp-content\/uploads\/2026\/03\/LV04F3218G-OB_BLACK_PE26_1.jpg","type":"image\/jpeg"}],"twitter_card":"summary_large_image","twitter_misc":{"Tempo di lettura stimato":"1 minuto"},"schema":{"@context":"https:\/\/schema.org","@graph":[{"@type":"WebPage","@id":"https:\/\/www.secondastrada.com\/it\/borsa-calvin-klein-nera-3\/","url":"https:\/\/www.secondastrada.com\/it\/borsa-calvin-klein-nera-3\/","name":"Borsa Calvin Klein Nera - Acquista online! - Seconda Strada","isPartOf":{"@id":"https:\/\/www.secondastrada.com\/it\/#website"},"primaryImageOfPage":{"@id":"https:\/\/www.secondastrada.com\/it\/borsa-calvin-klein-nera-3\/#primaryimage"},"image":{"@id":"https:\/\/www.secondastrada.com\/it\/borsa-calvin-klein-nera-3\/#primaryimage"},"thumbnailUrl":"https:\/\/www.secondastrada.com\/wp-content\/uploads\/2026\/03\/LV04F3218G-OB_BLACK_PE26_1.jpg","datePublished":"2026-03-19T08:16:18+00:00","dateModified":"2026-04-02T22:19:14+00:00","description":"Borsa Calvin Klein Nera \u27a4 Acquista online su Secondastrada.com Borsa Calvin Klein Nera \u2714\ufe0f Spedizione veloce entro 24h in tutta Italia \u2714\ufe0f Sconto sul tuo primo acquisto","breadcrumb":{"@id":"https:\/\/www.secondastrada.com\/it\/borsa-calvin-klein-nera-3\/#breadcrumb"},"inLanguage":"it-IT","potentialAction":[{"@type":"ReadAction","target":["https:\/\/www.secondastrada.com\/it\/borsa-calvin-klein-nera-3\/"]}]},{"@type":"ImageObject","inLanguage":"it-IT","@id":"https:\/\/www.secondastrada.com\/it\/borsa-calvin-klein-nera-3\/#primaryimage","url":"https:\/\/www.secondastrada.com\/wp-content\/uploads\/2026\/03\/LV04F3218G-OB_BLACK_PE26_1.jpg","contentUrl":"https:\/\/www.secondastrada.com\/wp-content\/uploads\/2026\/03\/LV04F3218G-OB_BLACK_PE26_1.jpg","width":1000,"height":1300,"caption":"LV04F3218G-OB_BLACK_PE26"},{"@type":"BreadcrumbList","@id":"https:\/\/www.secondastrada.com\/it\/borsa-calvin-klein-nera-3\/#breadcrumb","itemListElement":[{"@type":"ListItem","position":1,"name":"Home","item":"https:\/\/www.secondastrada.com\/it\/"},{"@type":"ListItem","position":2,"name":"Shop","item":"https:\/\/www.secondastrada.com\/it\/shop\/"},{"@type":"ListItem","position":3,"name":"Donna","item":"https:\/\/www.secondastrada.com\/it\/collezione-donna\/"},{"@type":"ListItem","position":4,"name":"Accessori","item":"https:\/\/www.secondastrada.com\/it\/collezione-donna\/accessori-donna\/"},{"@type":"ListItem","position":5,"name":"Borse","item":"https:\/\/www.secondastrada.com\/it\/collezione-donna\/accessori-donna\/borse-da-donna\/"},{"@type":"ListItem","position":6,"name":"Borsa Calvin Klein Nera"}]},{"@type":"WebSite","@id":"https:\/\/www.secondastrada.com\/it\/#website","url":"https:\/\/www.secondastrada.com\/it\/","name":"Seconda Strada","description":"","publisher":{"@id":"https:\/\/www.secondastrada.com\/it\/#organization"},"potentialAction":[{"@type":"SearchAction","target":{"@type":"EntryPoint","urlTemplate":"https:\/\/www.secondastrada.com\/it\/?s={search_term_string}"},"query-input":"required name=search_term_string"}],"inLanguage":"it-IT"},{"@type":"Organization","@id":"https:\/\/www.secondastrada.com\/it\/#organization","name":"Seconda Strada","url":"https:\/\/www.secondastrada.com\/it\/","logo":{"@type":"ImageObject","inLanguage":"it-IT","@id":"https:\/\/www.secondastrada.com\/it\/#\/schema\/logo\/image\/","url":"https:\/\/www.secondastrada.com\/wp-content\/uploads\/2023\/11\/secondastrada-logo.svg","contentUrl":"https:\/\/www.secondastrada.com\/wp-content\/uploads\/2023\/11\/secondastrada-logo.svg","width":353,"height":47,"caption":"Seconda Strada"},"image":{"@id":"https:\/\/www.secondastrada.com\/it\/#\/schema\/logo\/image\/"}}]}},"df_price":126.99,"df_sale_price":"","df_regular_price":126.99,"df_image_link":"https:\/\/www.secondastrada.com\/wp-content\/uploads\/2026\/03\/LV04F3218G-OB_BLACK_PE26_1-300x300.jpg","_links":{"self":[{"href":"https:\/\/www.secondastrada.com\/it\/wp-json\/wp\/v2\/product\/349480"}],"collection":[{"href":"https:\/\/www.secondastrada.com\/it\/wp-json\/wp\/v2\/product"}],"about":[{"href":"https:\/\/www.secondastrada.com\/it\/wp-json\/wp\/v2\/types\/product"}],"wp:featuredmedia":[{"embeddable":true,"href":"https:\/\/www.secondastrada.com\/it\/wp-json\/wp\/v2\/media\/349338"}],"wp:attachment":[{"href":"https:\/\/www.secondastrada.com\/it\/wp-json\/wp\/v2\/media?parent=349480"}],"wp:term":[{"taxonomy":"ss_brand","embeddable":true,"href":"https:\/\/www.secondastrada.com\/it\/wp-json\/wp\/v2\/ss_brand?post=349480"},{"taxonomy":"ss_promo","embeddable":true,"href":"https:\/\/www.secondastrada.com\/it\/wp-json\/wp\/v2\/ss_promo?post=349480"},{"taxonomy":"ss_season","embeddable":true,"href":"https:\/\/www.secondastrada.com\/it\/wp-json\/wp\/v2\/ss_season?post=349480"},{"taxonomy":"product_cat","embeddable":true,"href":"https:\/\/www.secondastrada.com\/it\/wp-json\/wp\/v2\/product_cat?post=349480"},{"taxonomy":"product_tag","embeddable":true,"href":"https:\/\/www.secondastrada.com\/it\/wp-json\/wp\/v2\/product_tag?post=349480"}],"curies":[{"name":"wp","href":"https:\/\/api.w.org\/{rel}","templated":true}]}}