{"id":350167,"date":"2026-03-26T14:15:28","date_gmt":"2026-03-26T13:15:28","guid":{"rendered":"https:\/\/www.secondastrada.com\/it\/camicia-desigual-bianco-4\/"},"modified":"2026-05-01T00:37:38","modified_gmt":"2026-04-30T22:37:38","slug":"camicia-desigual-bianco-4","status":"publish","type":"product","link":"https:\/\/www.secondastrada.com\/it\/camicia-desigual-bianco-4\/","title":{"rendered":"Camicia Desigual Bianco"},"content":{"rendered":"<p><b>Camicia DESIGUAL Bianca da donna<\/b><br \/>\nLa Camicia DESIGUAL Bianca \u00e8 il capo perfetto per chi cerca leggerezza, stile e un tocco originale da indossare ogni giorno. Questa camicia da donna adatta alla primavera estate si distingue per il suo design fresco e versatile, pensato per accompagnarti con naturalezza nelle giornate pi\u00f9 miti.<br \/>Realizzata in un morbido mix di 83% viscosa e 17% poliestere, garantisce una sensazione piacevole sulla pelle e una vestibilit\u00e0 confortevole. La linea \u00e8 regolare e valorizza la figura senza costringere, proprio come indossata dalla modella alta 172 cm che veste una taglia S. I ricami sulla manica aggiungono un dettaglio distintivo e femminile, mentre le maniche 3\/4 rendono questa camicia con ricami sulla manica, morbida e manica 3\/4 ideale per un look curato ma rilassato.<br \/>Perfetta da indossare nel tempo libero, durante una passeggiata in citt\u00e0 o per un pranzo all\u2019aperto, si adatta facilmente a diversi momenti della giornata. Per un outfit casual puoi abbinarla a jeans e sneakers, mentre con pantaloni fluidi e zeppe crea un look pi\u00f9 femminile e raffinato.<br \/>Scegli la Camicia DESIGUAL Bianco per aggiungere un capo versatile e di qualit\u00e0 al tuo guardaroba. Tutti i prodotti su Seconda Strada sono originali e selezionati con cura. Codice articolo: 26SWBW13 OB.<\/p>\n","protected":false},"excerpt":{"rendered":"<p>Camicia DESIGUAL Bianca da donna La Camicia DESIGUAL Bianca \u00e8 il capo perfetto per chi cerca leggerezza, stile e un tocco originale da indossare ogni giorno. Questa camicia da donna adatta alla primavera estate si distingue per il suo design fresco e versatile, pensato per accompagnarti con naturalezza nelle giornate pi\u00f9 miti.Realizzata in un morbido&#8230;<\/p>\n","protected":false},"featured_media":350603,"template":"","meta":{"inline_featured_image":false},"ss_brand":[1217],"ss_promo":[],"ss_season":[2531],"product_cat":[1329,1339,1658],"product_tag":[1762,2188,1995],"class_list":{"0":"post-350167","1":"product","2":"type-product","3":"status-publish","4":"has-post-thumbnail","6":"ss_brand-desigual-donna","7":"ss_season-pe26","8":"product_cat-abbigliamento-donna","9":"product_cat-camicie-e-bluse-da-donna","10":"product_cat-collezione-donna","11":"product_tag-camicie-e-bluse-desigual-donna","12":"product_tag-ufficio-da-donna","13":"product_tag-nuovi-arrivi-donna","15":"first","16":"instock","17":"sale","18":"shipping-taxable","19":"purchasable","20":"product-type-variable","21":"has-default-attributes"},"acf":{"ss_brand":[{"term_id":1217,"name":"DESIGUAL","slug":"desigual-donna","term_group":0,"term_taxonomy_id":1217,"taxonomy":"ss_brand","description":"Immergiti nel mondo camaleontico, insolito e dalle tinte forte di questo eccentrico brand e non perdere tutti i modelli a prezzi esclusivi che abbiamo selezionato per te!\u00a0Acquista online su SecondaStrada.com<strong> abbigliamento da donna Desigual scontatissim<\/strong>o!","parent":1201,"count":394,"filter":"raw"}],"ss_promo":false,"ss_season":[{"term_id":2531,"name":"PE26","slug":"pe26","term_group":0,"term_taxonomy_id":2531,"taxonomy":"ss_season","description":"","parent":0,"count":2037,"filter":"raw"}],"ss_old_price":"0,00","ss_omnibus_price":"0,00","ss_style_advice":"<p><b>Camicia DESIGUAL Bianca da donna<\/b><br \/>\nLa Camicia DESIGUAL Bianca \u00e8 il capo perfetto per chi cerca leggerezza, stile e un tocco originale da indossare ogni giorno. Questa camicia da donna adatta alla primavera estate si distingue per il suo design fresco e versatile, pensato per accompagnarti con naturalezza nelle giornate pi\u00f9 miti.<br \/>Realizzata in un morbido mix di 83% viscosa e 17% poliestere, garantisce una sensazione piacevole sulla pelle e una vestibilit\u00e0 confortevole. La linea \u00e8 regolare e valorizza la figura senza costringere, proprio come indossata dalla modella alta 172 cm che veste una taglia S. I ricami sulla manica aggiungono un dettaglio distintivo e femminile, mentre le maniche 3\/4 rendono questa camicia con ricami sulla manica, morbida e manica 3\/4 ideale per un look curato ma rilassato.<br \/>Perfetta da indossare nel tempo libero, durante una passeggiata in citt\u00e0 o per un pranzo all\u2019aperto, si adatta facilmente a diversi momenti della giornata. Per un outfit casual puoi abbinarla a jeans e sneakers, mentre con pantaloni fluidi e zeppe crea un look pi\u00f9 femminile e raffinato.<br \/>Scegli la Camicia DESIGUAL Bianco per aggiungere un capo versatile e di qualit\u00e0 al tuo guardaroba. Tutti i prodotti su Seconda Strada sono originali e selezionati con cura. Codice articolo: 26SWBW13 OB.<\/p>\n","ss_composition":"<p>83% viscosa 17% poliestere<\/p>\n","ss_fit":"<p>La modella \u00e8 alta 172 cm e veste la taglia S. La vestibilit\u00e0 del capo \u00e8 regolare.<\/p>\n"},"yoast_head":"<!-- This site is optimized with the Yoast SEO plugin v22.3 - https:\/\/yoast.com\/wordpress\/plugins\/seo\/ -->\n<title>Camicia Desigual Bianco - Acquista online! - Seconda Strada<\/title>\n<meta name=\"description\" content=\"Camicia Desigual Bianco \u27a4 Acquista online su Secondastrada.com Camicia Desigual Bianco \u2714\ufe0f Spedizione veloce entro 24h in tutta Italia \u2714\ufe0f Sconto sul tuo primo acquisto\" \/>\n<meta name=\"robots\" content=\"index, follow, max-snippet:-1, max-image-preview:large, max-video-preview:-1\" \/>\n<link rel=\"canonical\" href=\"https:\/\/www.secondastrada.com\/it\/camicia-desigual-bianco-4\/\" \/>\n<meta property=\"og:locale\" content=\"it_IT\" \/>\n<meta property=\"og:type\" content=\"article\" \/>\n<meta property=\"og:title\" content=\"Camicia Desigual Bianco - Acquista online! - Seconda Strada\" \/>\n<meta property=\"og:description\" content=\"Camicia Desigual Bianco \u27a4 Acquista online su Secondastrada.com Camicia Desigual Bianco \u2714\ufe0f Spedizione veloce entro 24h in tutta Italia \u2714\ufe0f Sconto sul tuo primo acquisto\" \/>\n<meta property=\"og:url\" content=\"https:\/\/www.secondastrada.com\/it\/camicia-desigual-bianco-4\/\" \/>\n<meta property=\"og:site_name\" content=\"Seconda Strada\" \/>\n<meta property=\"article:modified_time\" content=\"2026-04-30T22:37:38+00:00\" \/>\n<meta property=\"og:image\" content=\"https:\/\/www.secondastrada.com\/wp-content\/uploads\/2026\/03\/26SWBW13-OB_BIANCO_PE26_1.jpg\" \/>\n\t<meta property=\"og:image:width\" content=\"1000\" \/>\n\t<meta property=\"og:image:height\" content=\"1300\" \/>\n\t<meta property=\"og:image:type\" content=\"image\/jpeg\" \/>\n<meta name=\"twitter:card\" content=\"summary_large_image\" \/>\n<meta name=\"twitter:label1\" content=\"Tempo di lettura stimato\" \/>\n\t<meta name=\"twitter:data1\" content=\"1 minuto\" \/>\n<!-- \/ Yoast SEO plugin. -->","yoast_head_json":{"title":"Camicia Desigual Bianco - Acquista online! - Seconda Strada","description":"Camicia Desigual Bianco \u27a4 Acquista online su Secondastrada.com Camicia Desigual Bianco \u2714\ufe0f Spedizione veloce entro 24h in tutta Italia \u2714\ufe0f Sconto sul tuo primo acquisto","robots":{"index":"index","follow":"follow","max-snippet":"max-snippet:-1","max-image-preview":"max-image-preview:large","max-video-preview":"max-video-preview:-1"},"canonical":"https:\/\/www.secondastrada.com\/it\/camicia-desigual-bianco-4\/","og_locale":"it_IT","og_type":"article","og_title":"Camicia Desigual Bianco - Acquista online! - Seconda Strada","og_description":"Camicia Desigual Bianco \u27a4 Acquista online su Secondastrada.com Camicia Desigual Bianco \u2714\ufe0f Spedizione veloce entro 24h in tutta Italia \u2714\ufe0f Sconto sul tuo primo acquisto","og_url":"https:\/\/www.secondastrada.com\/it\/camicia-desigual-bianco-4\/","og_site_name":"Seconda Strada","article_modified_time":"2026-04-30T22:37:38+00:00","og_image":[{"width":1000,"height":1300,"url":"https:\/\/www.secondastrada.com\/wp-content\/uploads\/2026\/03\/26SWBW13-OB_BIANCO_PE26_1.jpg","type":"image\/jpeg"}],"twitter_card":"summary_large_image","twitter_misc":{"Tempo di lettura stimato":"1 minuto"},"schema":{"@context":"https:\/\/schema.org","@graph":[{"@type":"WebPage","@id":"https:\/\/www.secondastrada.com\/it\/camicia-desigual-bianco-4\/","url":"https:\/\/www.secondastrada.com\/it\/camicia-desigual-bianco-4\/","name":"Camicia Desigual Bianco - Acquista online! - Seconda Strada","isPartOf":{"@id":"https:\/\/www.secondastrada.com\/it\/#website"},"primaryImageOfPage":{"@id":"https:\/\/www.secondastrada.com\/it\/camicia-desigual-bianco-4\/#primaryimage"},"image":{"@id":"https:\/\/www.secondastrada.com\/it\/camicia-desigual-bianco-4\/#primaryimage"},"thumbnailUrl":"https:\/\/www.secondastrada.com\/wp-content\/uploads\/2026\/03\/26SWBW13-OB_BIANCO_PE26_1.jpg","datePublished":"2026-03-26T13:15:28+00:00","dateModified":"2026-04-30T22:37:38+00:00","description":"Camicia Desigual Bianco \u27a4 Acquista online su Secondastrada.com Camicia Desigual Bianco \u2714\ufe0f Spedizione veloce entro 24h in tutta Italia \u2714\ufe0f Sconto sul tuo primo acquisto","breadcrumb":{"@id":"https:\/\/www.secondastrada.com\/it\/camicia-desigual-bianco-4\/#breadcrumb"},"inLanguage":"it-IT","potentialAction":[{"@type":"ReadAction","target":["https:\/\/www.secondastrada.com\/it\/camicia-desigual-bianco-4\/"]}]},{"@type":"ImageObject","inLanguage":"it-IT","@id":"https:\/\/www.secondastrada.com\/it\/camicia-desigual-bianco-4\/#primaryimage","url":"https:\/\/www.secondastrada.com\/wp-content\/uploads\/2026\/03\/26SWBW13-OB_BIANCO_PE26_1.jpg","contentUrl":"https:\/\/www.secondastrada.com\/wp-content\/uploads\/2026\/03\/26SWBW13-OB_BIANCO_PE26_1.jpg","width":1000,"height":1300,"caption":"26SWBW13-OB_BIANCO_PE26"},{"@type":"BreadcrumbList","@id":"https:\/\/www.secondastrada.com\/it\/camicia-desigual-bianco-4\/#breadcrumb","itemListElement":[{"@type":"ListItem","position":1,"name":"Home","item":"https:\/\/www.secondastrada.com\/it\/"},{"@type":"ListItem","position":2,"name":"Shop","item":"https:\/\/www.secondastrada.com\/it\/shop\/"},{"@type":"ListItem","position":3,"name":"Donna","item":"https:\/\/www.secondastrada.com\/it\/collezione-donna\/"},{"@type":"ListItem","position":4,"name":"Abbigliamento","item":"https:\/\/www.secondastrada.com\/it\/collezione-donna\/abbigliamento-donna\/"},{"@type":"ListItem","position":5,"name":"Camicie e Bluse","item":"https:\/\/www.secondastrada.com\/it\/collezione-donna\/abbigliamento-donna\/camicie-e-bluse-da-donna\/"},{"@type":"ListItem","position":6,"name":"Camicia Desigual Bianco"}]},{"@type":"WebSite","@id":"https:\/\/www.secondastrada.com\/it\/#website","url":"https:\/\/www.secondastrada.com\/it\/","name":"Seconda Strada","description":"","publisher":{"@id":"https:\/\/www.secondastrada.com\/it\/#organization"},"potentialAction":[{"@type":"SearchAction","target":{"@type":"EntryPoint","urlTemplate":"https:\/\/www.secondastrada.com\/it\/?s={search_term_string}"},"query-input":"required name=search_term_string"}],"inLanguage":"it-IT"},{"@type":"Organization","@id":"https:\/\/www.secondastrada.com\/it\/#organization","name":"Seconda Strada","url":"https:\/\/www.secondastrada.com\/it\/","logo":{"@type":"ImageObject","inLanguage":"it-IT","@id":"https:\/\/www.secondastrada.com\/it\/#\/schema\/logo\/image\/","url":"https:\/\/www.secondastrada.com\/wp-content\/uploads\/2023\/11\/secondastrada-logo.svg","contentUrl":"https:\/\/www.secondastrada.com\/wp-content\/uploads\/2023\/11\/secondastrada-logo.svg","width":353,"height":47,"caption":"Seconda Strada"},"image":{"@id":"https:\/\/www.secondastrada.com\/it\/#\/schema\/logo\/image\/"}}]}},"df_price":71.96,"df_sale_price":"","df_regular_price":71.96,"df_image_link":"https:\/\/www.secondastrada.com\/wp-content\/uploads\/2026\/03\/26SWBW13-OB_BIANCO_PE26_1-300x300.jpg","_links":{"self":[{"href":"https:\/\/www.secondastrada.com\/it\/wp-json\/wp\/v2\/product\/350167"}],"collection":[{"href":"https:\/\/www.secondastrada.com\/it\/wp-json\/wp\/v2\/product"}],"about":[{"href":"https:\/\/www.secondastrada.com\/it\/wp-json\/wp\/v2\/types\/product"}],"wp:featuredmedia":[{"embeddable":true,"href":"https:\/\/www.secondastrada.com\/it\/wp-json\/wp\/v2\/media\/350603"}],"wp:attachment":[{"href":"https:\/\/www.secondastrada.com\/it\/wp-json\/wp\/v2\/media?parent=350167"}],"wp:term":[{"taxonomy":"ss_brand","embeddable":true,"href":"https:\/\/www.secondastrada.com\/it\/wp-json\/wp\/v2\/ss_brand?post=350167"},{"taxonomy":"ss_promo","embeddable":true,"href":"https:\/\/www.secondastrada.com\/it\/wp-json\/wp\/v2\/ss_promo?post=350167"},{"taxonomy":"ss_season","embeddable":true,"href":"https:\/\/www.secondastrada.com\/it\/wp-json\/wp\/v2\/ss_season?post=350167"},{"taxonomy":"product_cat","embeddable":true,"href":"https:\/\/www.secondastrada.com\/it\/wp-json\/wp\/v2\/product_cat?post=350167"},{"taxonomy":"product_tag","embeddable":true,"href":"https:\/\/www.secondastrada.com\/it\/wp-json\/wp\/v2\/product_tag?post=350167"}],"curies":[{"name":"wp","href":"https:\/\/api.w.org\/{rel}","templated":true}]}}