{"id":350275,"date":"2026-03-26T10:52:18","date_gmt":"2026-03-26T09:52:18","guid":{"rendered":"https:\/\/www.secondastrada.com\/it\/maglia-desigual-nero-8\/"},"modified":"2026-05-01T01:10:16","modified_gmt":"2026-04-30T23:10:16","slug":"maglia-desigual-nero-8","status":"publish","type":"product","link":"https:\/\/www.secondastrada.com\/it\/maglia-desigual-nero-8\/","title":{"rendered":"Maglia Desigual Nero"},"content":{"rendered":"<p><b>Maglia DESIGUAL Nera da donna<\/b><br \/>\nLa Maglia DESIGUAL Nera \u00e8 il capo perfetto per chi desidera unire semplicit\u00e0 e carattere in un unico look. Ideale come maglia da donna adatta alla mezza stagione, si distingue per il suo design essenziale arricchito da una stampa colorata astratta che dona vivacit\u00e0 e personalit\u00e0.<br \/>Realizzata in un mix di 56% viscosa, 36% poliestere e 8% lino, offre una sensazione leggera e confortevole sulla pelle, perfetta per affrontare le giornate di transizione con stile. La vestibilit\u00e0 \u00e8 regolare e valorizza la silhouette senza risultare aderente: la modella \u00e8 alta 172 cm e indossa una taglia S, un utile riferimento per scegliere la tua misura.<br \/>Questa maglia con stampa colorata astratta \u00e8 pensata per accompagnarti in diversi momenti della giornata. Puoi indossarla nel tempo libero, per un\u2019uscita informale, oppure in ufficio per aggiungere un tocco creativo a un look pi\u00f9 sobrio.<br \/>Facile da abbinare, si presta perfettamente con pantaloni dal taglio classico per uno stile pi\u00f9 elegante, oppure con jeans per un outfit casual e contemporaneo.<br \/>Scegli la Maglia DESIGUAL Nera per arricchire il tuo guardaroba con un capo versatile e distintivo. Tutti i prodotti Seconda Strada sono originali e selezionati con cura. Codice articolo: 26SWJF35 OB.<\/p>\n","protected":false},"excerpt":{"rendered":"<p>Maglia DESIGUAL Nera da donna La Maglia DESIGUAL Nera \u00e8 il capo perfetto per chi desidera unire semplicit\u00e0 e carattere in un unico look. Ideale come maglia da donna adatta alla mezza stagione, si distingue per il suo design essenziale arricchito da una stampa colorata astratta che dona vivacit\u00e0 e personalit\u00e0.Realizzata in un mix di&#8230;<\/p>\n","protected":false},"featured_media":350010,"template":"","meta":{"inline_featured_image":false},"ss_brand":[1217],"ss_promo":[],"ss_season":[2531],"product_cat":[1329,1658,1605,1603,1535],"product_tag":[1995],"class_list":{"0":"post-350275","1":"product","2":"type-product","3":"status-publish","4":"has-post-thumbnail","6":"ss_brand-desigual-donna","7":"ss_season-pe26","8":"product_cat-abbigliamento-donna","9":"product_cat-collezione-donna","10":"product_cat-maglie-a-manica-lunga-da-donna","11":"product_cat-maglie-girocollo-da-donna","12":"product_cat-maglie-da-donna","13":"product_tag-nuovi-arrivi-donna","15":"first","16":"instock","17":"sale","18":"shipping-taxable","19":"purchasable","20":"product-type-variable","21":"has-default-attributes"},"acf":{"ss_brand":[{"term_id":1217,"name":"DESIGUAL","slug":"desigual-donna","term_group":0,"term_taxonomy_id":1217,"taxonomy":"ss_brand","description":"Immergiti nel mondo camaleontico, insolito e dalle tinte forte di questo eccentrico brand e non perdere tutti i modelli a prezzi esclusivi che abbiamo selezionato per te!\u00a0Acquista online su SecondaStrada.com<strong> abbigliamento da donna Desigual scontatissim<\/strong>o!","parent":1201,"count":394,"filter":"raw"}],"ss_promo":false,"ss_season":[{"term_id":2531,"name":"PE26","slug":"pe26","term_group":0,"term_taxonomy_id":2531,"taxonomy":"ss_season","description":"","parent":0,"count":1898,"filter":"raw"}],"ss_old_price":"0,00","ss_omnibus_price":"0,00","ss_style_advice":"<p><b>Maglia DESIGUAL Nera da donna<\/b><br \/>\nLa Maglia DESIGUAL Nera \u00e8 il capo perfetto per chi desidera unire semplicit\u00e0 e carattere in un unico look. Ideale come maglia da donna adatta alla mezza stagione, si distingue per il suo design essenziale arricchito da una stampa colorata astratta che dona vivacit\u00e0 e personalit\u00e0.<br \/>Realizzata in un mix di 56% viscosa, 36% poliestere e 8% lino, offre una sensazione leggera e confortevole sulla pelle, perfetta per affrontare le giornate di transizione con stile. La vestibilit\u00e0 \u00e8 regolare e valorizza la silhouette senza risultare aderente: la modella \u00e8 alta 172 cm e indossa una taglia S, un utile riferimento per scegliere la tua misura.<br \/>Questa maglia con stampa colorata astratta \u00e8 pensata per accompagnarti in diversi momenti della giornata. Puoi indossarla nel tempo libero, per un\u2019uscita informale, oppure in ufficio per aggiungere un tocco creativo a un look pi\u00f9 sobrio.<br \/>Facile da abbinare, si presta perfettamente con pantaloni dal taglio classico per uno stile pi\u00f9 elegante, oppure con jeans per un outfit casual e contemporaneo.<br \/>Scegli la Maglia DESIGUAL Nera per arricchire il tuo guardaroba con un capo versatile e distintivo. Tutti i prodotti Seconda Strada sono originali e selezionati con cura. Codice articolo: 26SWJF35 OB.<\/p>\n","ss_composition":"<p>56% viscosa 36% poliestere 8% lino<\/p>\n","ss_fit":"<p>La modella \u00e8 alta 172 cm e veste la taglia S. La vestibilit\u00e0 del capo \u00e8 regolare.<\/p>\n"},"yoast_head":"<!-- This site is optimized with the Yoast SEO plugin v22.3 - https:\/\/yoast.com\/wordpress\/plugins\/seo\/ -->\n<title>Maglia Desigual Nero - Acquista online! - Seconda Strada<\/title>\n<meta name=\"description\" content=\"Maglia Desigual Nero \u27a4 Acquista online su Secondastrada.com Maglia Desigual Nero \u2714\ufe0f Spedizione veloce entro 24h in tutta Italia \u2714\ufe0f Sconto sul tuo primo acquisto\" \/>\n<meta name=\"robots\" content=\"index, follow, max-snippet:-1, max-image-preview:large, max-video-preview:-1\" \/>\n<link rel=\"canonical\" href=\"https:\/\/www.secondastrada.com\/it\/maglia-desigual-nero-8\/\" \/>\n<meta property=\"og:locale\" content=\"it_IT\" \/>\n<meta property=\"og:type\" content=\"article\" \/>\n<meta property=\"og:title\" content=\"Maglia Desigual Nero - Acquista online! - Seconda Strada\" \/>\n<meta property=\"og:description\" content=\"Maglia Desigual Nero \u27a4 Acquista online su Secondastrada.com Maglia Desigual Nero \u2714\ufe0f Spedizione veloce entro 24h in tutta Italia \u2714\ufe0f Sconto sul tuo primo acquisto\" \/>\n<meta property=\"og:url\" content=\"https:\/\/www.secondastrada.com\/it\/maglia-desigual-nero-8\/\" \/>\n<meta property=\"og:site_name\" content=\"Seconda Strada\" \/>\n<meta property=\"article:modified_time\" content=\"2026-04-30T23:10:16+00:00\" \/>\n<meta property=\"og:image\" content=\"https:\/\/www.secondastrada.com\/wp-content\/uploads\/2026\/03\/26SWJF35-OB_NERO_PE26_1.jpg\" \/>\n\t<meta property=\"og:image:width\" content=\"1000\" \/>\n\t<meta property=\"og:image:height\" content=\"1300\" \/>\n\t<meta property=\"og:image:type\" content=\"image\/jpeg\" \/>\n<meta name=\"twitter:card\" content=\"summary_large_image\" \/>\n<meta name=\"twitter:label1\" content=\"Tempo di lettura stimato\" \/>\n\t<meta name=\"twitter:data1\" content=\"1 minuto\" \/>\n<!-- \/ Yoast SEO plugin. -->","yoast_head_json":{"title":"Maglia Desigual Nero - Acquista online! - Seconda Strada","description":"Maglia Desigual Nero \u27a4 Acquista online su Secondastrada.com Maglia Desigual Nero \u2714\ufe0f Spedizione veloce entro 24h in tutta Italia \u2714\ufe0f Sconto sul tuo primo acquisto","robots":{"index":"index","follow":"follow","max-snippet":"max-snippet:-1","max-image-preview":"max-image-preview:large","max-video-preview":"max-video-preview:-1"},"canonical":"https:\/\/www.secondastrada.com\/it\/maglia-desigual-nero-8\/","og_locale":"it_IT","og_type":"article","og_title":"Maglia Desigual Nero - Acquista online! - Seconda Strada","og_description":"Maglia Desigual Nero \u27a4 Acquista online su Secondastrada.com Maglia Desigual Nero \u2714\ufe0f Spedizione veloce entro 24h in tutta Italia \u2714\ufe0f Sconto sul tuo primo acquisto","og_url":"https:\/\/www.secondastrada.com\/it\/maglia-desigual-nero-8\/","og_site_name":"Seconda Strada","article_modified_time":"2026-04-30T23:10:16+00:00","og_image":[{"width":1000,"height":1300,"url":"https:\/\/www.secondastrada.com\/wp-content\/uploads\/2026\/03\/26SWJF35-OB_NERO_PE26_1.jpg","type":"image\/jpeg"}],"twitter_card":"summary_large_image","twitter_misc":{"Tempo di lettura stimato":"1 minuto"},"schema":{"@context":"https:\/\/schema.org","@graph":[{"@type":"WebPage","@id":"https:\/\/www.secondastrada.com\/it\/maglia-desigual-nero-8\/","url":"https:\/\/www.secondastrada.com\/it\/maglia-desigual-nero-8\/","name":"Maglia Desigual Nero - Acquista online! - Seconda Strada","isPartOf":{"@id":"https:\/\/www.secondastrada.com\/it\/#website"},"primaryImageOfPage":{"@id":"https:\/\/www.secondastrada.com\/it\/maglia-desigual-nero-8\/#primaryimage"},"image":{"@id":"https:\/\/www.secondastrada.com\/it\/maglia-desigual-nero-8\/#primaryimage"},"thumbnailUrl":"https:\/\/www.secondastrada.com\/wp-content\/uploads\/2026\/03\/26SWJF35-OB_NERO_PE26_1.jpg","datePublished":"2026-03-26T09:52:18+00:00","dateModified":"2026-04-30T23:10:16+00:00","description":"Maglia Desigual Nero \u27a4 Acquista online su Secondastrada.com Maglia Desigual Nero \u2714\ufe0f Spedizione veloce entro 24h in tutta Italia \u2714\ufe0f Sconto sul tuo primo acquisto","breadcrumb":{"@id":"https:\/\/www.secondastrada.com\/it\/maglia-desigual-nero-8\/#breadcrumb"},"inLanguage":"it-IT","potentialAction":[{"@type":"ReadAction","target":["https:\/\/www.secondastrada.com\/it\/maglia-desigual-nero-8\/"]}]},{"@type":"ImageObject","inLanguage":"it-IT","@id":"https:\/\/www.secondastrada.com\/it\/maglia-desigual-nero-8\/#primaryimage","url":"https:\/\/www.secondastrada.com\/wp-content\/uploads\/2026\/03\/26SWJF35-OB_NERO_PE26_1.jpg","contentUrl":"https:\/\/www.secondastrada.com\/wp-content\/uploads\/2026\/03\/26SWJF35-OB_NERO_PE26_1.jpg","width":1000,"height":1300,"caption":"26SWJF35-OB_NERO_PE26"},{"@type":"BreadcrumbList","@id":"https:\/\/www.secondastrada.com\/it\/maglia-desigual-nero-8\/#breadcrumb","itemListElement":[{"@type":"ListItem","position":1,"name":"Home","item":"https:\/\/www.secondastrada.com\/it\/"},{"@type":"ListItem","position":2,"name":"Shop","item":"https:\/\/www.secondastrada.com\/it\/shop\/"},{"@type":"ListItem","position":3,"name":"Donna","item":"https:\/\/www.secondastrada.com\/it\/collezione-donna\/"},{"@type":"ListItem","position":4,"name":"Abbigliamento","item":"https:\/\/www.secondastrada.com\/it\/collezione-donna\/abbigliamento-donna\/"},{"@type":"ListItem","position":5,"name":"Maglieria","item":"https:\/\/www.secondastrada.com\/it\/collezione-donna\/abbigliamento-donna\/maglie-da-donna\/"},{"@type":"ListItem","position":6,"name":"Maglie a manica lunga","item":"https:\/\/www.secondastrada.com\/it\/collezione-donna\/abbigliamento-donna\/maglie-da-donna\/maglie-a-manica-lunga-da-donna\/"},{"@type":"ListItem","position":7,"name":"Maglia Desigual Nero"}]},{"@type":"WebSite","@id":"https:\/\/www.secondastrada.com\/it\/#website","url":"https:\/\/www.secondastrada.com\/it\/","name":"Seconda Strada","description":"","publisher":{"@id":"https:\/\/www.secondastrada.com\/it\/#organization"},"potentialAction":[{"@type":"SearchAction","target":{"@type":"EntryPoint","urlTemplate":"https:\/\/www.secondastrada.com\/it\/?s={search_term_string}"},"query-input":"required name=search_term_string"}],"inLanguage":"it-IT"},{"@type":"Organization","@id":"https:\/\/www.secondastrada.com\/it\/#organization","name":"Seconda Strada","url":"https:\/\/www.secondastrada.com\/it\/","logo":{"@type":"ImageObject","inLanguage":"it-IT","@id":"https:\/\/www.secondastrada.com\/it\/#\/schema\/logo\/image\/","url":"https:\/\/www.secondastrada.com\/wp-content\/uploads\/2023\/11\/secondastrada-logo.svg","contentUrl":"https:\/\/www.secondastrada.com\/wp-content\/uploads\/2023\/11\/secondastrada-logo.svg","width":353,"height":47,"caption":"Seconda Strada"},"image":{"@id":"https:\/\/www.secondastrada.com\/it\/#\/schema\/logo\/image\/"}}]}},"df_price":71.96,"df_sale_price":"","df_regular_price":71.96,"df_image_link":"https:\/\/www.secondastrada.com\/wp-content\/uploads\/2026\/03\/26SWJF35-OB_NERO_PE26_1-300x300.jpg","_links":{"self":[{"href":"https:\/\/www.secondastrada.com\/it\/wp-json\/wp\/v2\/product\/350275"}],"collection":[{"href":"https:\/\/www.secondastrada.com\/it\/wp-json\/wp\/v2\/product"}],"about":[{"href":"https:\/\/www.secondastrada.com\/it\/wp-json\/wp\/v2\/types\/product"}],"wp:featuredmedia":[{"embeddable":true,"href":"https:\/\/www.secondastrada.com\/it\/wp-json\/wp\/v2\/media\/350010"}],"wp:attachment":[{"href":"https:\/\/www.secondastrada.com\/it\/wp-json\/wp\/v2\/media?parent=350275"}],"wp:term":[{"taxonomy":"ss_brand","embeddable":true,"href":"https:\/\/www.secondastrada.com\/it\/wp-json\/wp\/v2\/ss_brand?post=350275"},{"taxonomy":"ss_promo","embeddable":true,"href":"https:\/\/www.secondastrada.com\/it\/wp-json\/wp\/v2\/ss_promo?post=350275"},{"taxonomy":"ss_season","embeddable":true,"href":"https:\/\/www.secondastrada.com\/it\/wp-json\/wp\/v2\/ss_season?post=350275"},{"taxonomy":"product_cat","embeddable":true,"href":"https:\/\/www.secondastrada.com\/it\/wp-json\/wp\/v2\/product_cat?post=350275"},{"taxonomy":"product_tag","embeddable":true,"href":"https:\/\/www.secondastrada.com\/it\/wp-json\/wp\/v2\/product_tag?post=350275"}],"curies":[{"name":"wp","href":"https:\/\/api.w.org\/{rel}","templated":true}]}}