{"id":350565,"date":"2026-03-26T11:29:24","date_gmt":"2026-03-26T10:29:24","guid":{"rendered":"https:\/\/www.secondastrada.com\/it\/portafoglio-desigual-nero-5\/"},"modified":"2026-05-01T01:56:01","modified_gmt":"2026-04-30T23:56:01","slug":"portafoglio-desigual-nero-5","status":"publish","type":"product","link":"https:\/\/www.secondastrada.com\/it\/portafoglio-desigual-nero-5\/","title":{"rendered":"Portafoglio Desigual Nero"},"content":{"rendered":"<p><b>Portafoglio DESIGUAL Nero da donna<\/b><br \/>\nElegante, pratico e curato nei dettagli, il <b>Portafoglio DESIGUAL Nero<\/b> \u00e8 l\u2019accessorio perfetto per accompagnarti ogni giorno con stile e funzionalit\u00e0. Realizzato in 100% poliuretano, si distingue per il suo design raffinato arricchito da <b>ricami tono su tono<\/b>, che donano profondit\u00e0 e un tocco sofisticato senza risultare eccessivi.<br \/>Compatto ma ben organizzato, presenta dimensioni ideali per contenere tutto ci\u00f2 di cui hai bisogno: con una base di 19 cm, altezza di 10 cm e profondit\u00e0 di 2 cm, \u00e8 perfetto per custodire carte, contanti e documenti in modo ordinato. Questo <b>portafoglio da donna adatto in tutte le stagioni<\/b> \u00e8 pensato per offrirti praticit\u00e0 quotidiana con uno stile sempre attuale.<br \/>Usalo nel tempo libero, durante le tue giornate fuori casa o nei momenti pi\u00f9 dinamici: \u00e8 leggero e facile da inserire in borsa, diventando un alleato indispensabile nella tua routine. Puoi abbinarlo a una borsa Desigual coordinata per un look armonioso, oppure utilizzarlo come accessorio distintivo all\u2019interno della tua borsa preferita.<br \/>Il <b>portafoglio con ricami tono su tono<\/b> firmato Desigual \u00e8 ideale per chi cerca un accessorio funzionale ma con un\u2019estetica curata e contemporanea.<br \/>Acquistando su SecondaStrada.com hai la certezza di scegliere prodotti originali e selezionati. <b>Codice articolo: 26SAYP20 OB<\/b>.<\/p>\n","protected":false},"excerpt":{"rendered":"<p>Portafoglio DESIGUAL Nero da donna Elegante, pratico e curato nei dettagli, il Portafoglio DESIGUAL Nero \u00e8 l\u2019accessorio perfetto per accompagnarti ogni giorno con stile e funzionalit\u00e0. Realizzato in 100% poliuretano, si distingue per il suo design raffinato arricchito da ricami tono su tono, che donano profondit\u00e0 e un tocco sofisticato senza risultare eccessivi.Compatto ma ben&#8230;<\/p>\n","protected":false},"featured_media":349912,"template":"","meta":{"inline_featured_image":false},"ss_brand":[1217],"ss_promo":[],"ss_season":[2531],"product_cat":[1331,1658,1832],"product_tag":[1995],"class_list":{"0":"post-350565","1":"product","2":"type-product","3":"status-publish","4":"has-post-thumbnail","6":"ss_brand-desigual-donna","7":"ss_season-pe26","8":"product_cat-accessori-donna","9":"product_cat-collezione-donna","10":"product_cat-portafogli-da-donna","11":"product_tag-nuovi-arrivi-donna","13":"first","14":"instock","15":"sale","16":"shipping-taxable","17":"purchasable","18":"product-type-variable","19":"has-default-attributes"},"acf":{"ss_brand":[{"term_id":1217,"name":"DESIGUAL","slug":"desigual-donna","term_group":0,"term_taxonomy_id":1217,"taxonomy":"ss_brand","description":"Immergiti nel mondo camaleontico, insolito e dalle tinte forte di questo eccentrico brand e non perdere tutti i modelli a prezzi esclusivi che abbiamo selezionato per te!\u00a0Acquista online su SecondaStrada.com<strong> abbigliamento da donna Desigual scontatissim<\/strong>o!","parent":1201,"count":394,"filter":"raw"}],"ss_promo":false,"ss_season":[{"term_id":2531,"name":"PE26","slug":"pe26","term_group":0,"term_taxonomy_id":2531,"taxonomy":"ss_season","description":"","parent":0,"count":1898,"filter":"raw"}],"ss_old_price":"0,00","ss_omnibus_price":"0,00","ss_style_advice":"<p><b>Portafoglio DESIGUAL Nero da donna<\/b><br \/>\nElegante, pratico e curato nei dettagli, il <b>Portafoglio DESIGUAL Nero<\/b> \u00e8 l\u2019accessorio perfetto per accompagnarti ogni giorno con stile e funzionalit\u00e0. Realizzato in 100% poliuretano, si distingue per il suo design raffinato arricchito da <b>ricami tono su tono<\/b>, che donano profondit\u00e0 e un tocco sofisticato senza risultare eccessivi.<br \/>Compatto ma ben organizzato, presenta dimensioni ideali per contenere tutto ci\u00f2 di cui hai bisogno: con una base di 19 cm, altezza di 10 cm e profondit\u00e0 di 2 cm, \u00e8 perfetto per custodire carte, contanti e documenti in modo ordinato. Questo <b>portafoglio da donna adatto in tutte le stagioni<\/b> \u00e8 pensato per offrirti praticit\u00e0 quotidiana con uno stile sempre attuale.<br \/>Usalo nel tempo libero, durante le tue giornate fuori casa o nei momenti pi\u00f9 dinamici: \u00e8 leggero e facile da inserire in borsa, diventando un alleato indispensabile nella tua routine. Puoi abbinarlo a una borsa Desigual coordinata per un look armonioso, oppure utilizzarlo come accessorio distintivo all\u2019interno della tua borsa preferita.<br \/>Il <b>portafoglio con ricami tono su tono<\/b> firmato Desigual \u00e8 ideale per chi cerca un accessorio funzionale ma con un\u2019estetica curata e contemporanea.<br \/>Acquistando su SecondaStrada.com hai la certezza di scegliere prodotti originali e selezionati. <b>Codice articolo: 26SAYP20 OB<\/b>.<\/p>\n","ss_composition":"<p>100% poliuretano<\/p>\n","ss_fit":"<p>Base inferiore: 19 cm<br \/>Altezza massima: 10 cm<br \/>Profondit\u00e0: 2 cm<\/p>\n"},"yoast_head":"<!-- This site is optimized with the Yoast SEO plugin v22.3 - https:\/\/yoast.com\/wordpress\/plugins\/seo\/ -->\n<title>Portafoglio Desigual Nero - Acquista online! - Seconda Strada<\/title>\n<meta name=\"description\" content=\"Portafoglio Desigual Nero \u27a4 Acquista online su Secondastrada.com Portafoglio Desigual Nero \u2714\ufe0f Spedizione veloce entro 24h in tutta Italia \u2714\ufe0f Sconto sul tuo primo acquisto\" \/>\n<meta name=\"robots\" content=\"index, follow, max-snippet:-1, max-image-preview:large, max-video-preview:-1\" \/>\n<link rel=\"canonical\" href=\"https:\/\/www.secondastrada.com\/it\/portafoglio-desigual-nero-5\/\" \/>\n<meta property=\"og:locale\" content=\"it_IT\" \/>\n<meta property=\"og:type\" content=\"article\" \/>\n<meta property=\"og:title\" content=\"Portafoglio Desigual Nero - Acquista online! - Seconda Strada\" \/>\n<meta property=\"og:description\" content=\"Portafoglio Desigual Nero \u27a4 Acquista online su Secondastrada.com Portafoglio Desigual Nero \u2714\ufe0f Spedizione veloce entro 24h in tutta Italia \u2714\ufe0f Sconto sul tuo primo acquisto\" \/>\n<meta property=\"og:url\" content=\"https:\/\/www.secondastrada.com\/it\/portafoglio-desigual-nero-5\/\" \/>\n<meta property=\"og:site_name\" content=\"Seconda Strada\" \/>\n<meta property=\"article:modified_time\" content=\"2026-04-30T23:56:01+00:00\" \/>\n<meta property=\"og:image\" content=\"https:\/\/www.secondastrada.com\/wp-content\/uploads\/2026\/03\/26SAYP20-OB_NERO_PE26_1.jpg\" \/>\n\t<meta property=\"og:image:width\" content=\"1000\" \/>\n\t<meta property=\"og:image:height\" content=\"1300\" \/>\n\t<meta property=\"og:image:type\" content=\"image\/jpeg\" \/>\n<meta name=\"twitter:card\" content=\"summary_large_image\" \/>\n<meta name=\"twitter:label1\" content=\"Tempo di lettura stimato\" \/>\n\t<meta name=\"twitter:data1\" content=\"1 minuto\" \/>\n<!-- \/ Yoast SEO plugin. -->","yoast_head_json":{"title":"Portafoglio Desigual Nero - Acquista online! - Seconda Strada","description":"Portafoglio Desigual Nero \u27a4 Acquista online su Secondastrada.com Portafoglio Desigual Nero \u2714\ufe0f Spedizione veloce entro 24h in tutta Italia \u2714\ufe0f Sconto sul tuo primo acquisto","robots":{"index":"index","follow":"follow","max-snippet":"max-snippet:-1","max-image-preview":"max-image-preview:large","max-video-preview":"max-video-preview:-1"},"canonical":"https:\/\/www.secondastrada.com\/it\/portafoglio-desigual-nero-5\/","og_locale":"it_IT","og_type":"article","og_title":"Portafoglio Desigual Nero - Acquista online! - Seconda Strada","og_description":"Portafoglio Desigual Nero \u27a4 Acquista online su Secondastrada.com Portafoglio Desigual Nero \u2714\ufe0f Spedizione veloce entro 24h in tutta Italia \u2714\ufe0f Sconto sul tuo primo acquisto","og_url":"https:\/\/www.secondastrada.com\/it\/portafoglio-desigual-nero-5\/","og_site_name":"Seconda Strada","article_modified_time":"2026-04-30T23:56:01+00:00","og_image":[{"width":1000,"height":1300,"url":"https:\/\/www.secondastrada.com\/wp-content\/uploads\/2026\/03\/26SAYP20-OB_NERO_PE26_1.jpg","type":"image\/jpeg"}],"twitter_card":"summary_large_image","twitter_misc":{"Tempo di lettura stimato":"1 minuto"},"schema":{"@context":"https:\/\/schema.org","@graph":[{"@type":"WebPage","@id":"https:\/\/www.secondastrada.com\/it\/portafoglio-desigual-nero-5\/","url":"https:\/\/www.secondastrada.com\/it\/portafoglio-desigual-nero-5\/","name":"Portafoglio Desigual Nero - Acquista online! - Seconda Strada","isPartOf":{"@id":"https:\/\/www.secondastrada.com\/it\/#website"},"primaryImageOfPage":{"@id":"https:\/\/www.secondastrada.com\/it\/portafoglio-desigual-nero-5\/#primaryimage"},"image":{"@id":"https:\/\/www.secondastrada.com\/it\/portafoglio-desigual-nero-5\/#primaryimage"},"thumbnailUrl":"https:\/\/www.secondastrada.com\/wp-content\/uploads\/2026\/03\/26SAYP20-OB_NERO_PE26_1.jpg","datePublished":"2026-03-26T10:29:24+00:00","dateModified":"2026-04-30T23:56:01+00:00","description":"Portafoglio Desigual Nero \u27a4 Acquista online su Secondastrada.com Portafoglio Desigual Nero \u2714\ufe0f Spedizione veloce entro 24h in tutta Italia \u2714\ufe0f Sconto sul tuo primo acquisto","breadcrumb":{"@id":"https:\/\/www.secondastrada.com\/it\/portafoglio-desigual-nero-5\/#breadcrumb"},"inLanguage":"it-IT","potentialAction":[{"@type":"ReadAction","target":["https:\/\/www.secondastrada.com\/it\/portafoglio-desigual-nero-5\/"]}]},{"@type":"ImageObject","inLanguage":"it-IT","@id":"https:\/\/www.secondastrada.com\/it\/portafoglio-desigual-nero-5\/#primaryimage","url":"https:\/\/www.secondastrada.com\/wp-content\/uploads\/2026\/03\/26SAYP20-OB_NERO_PE26_1.jpg","contentUrl":"https:\/\/www.secondastrada.com\/wp-content\/uploads\/2026\/03\/26SAYP20-OB_NERO_PE26_1.jpg","width":1000,"height":1300,"caption":"26SAYP20-OB_NERO_PE26"},{"@type":"BreadcrumbList","@id":"https:\/\/www.secondastrada.com\/it\/portafoglio-desigual-nero-5\/#breadcrumb","itemListElement":[{"@type":"ListItem","position":1,"name":"Home","item":"https:\/\/www.secondastrada.com\/it\/"},{"@type":"ListItem","position":2,"name":"Shop","item":"https:\/\/www.secondastrada.com\/it\/shop\/"},{"@type":"ListItem","position":3,"name":"Donna","item":"https:\/\/www.secondastrada.com\/it\/collezione-donna\/"},{"@type":"ListItem","position":4,"name":"Accessori","item":"https:\/\/www.secondastrada.com\/it\/collezione-donna\/accessori-donna\/"},{"@type":"ListItem","position":5,"name":"Portafogli","item":"https:\/\/www.secondastrada.com\/it\/collezione-donna\/accessori-donna\/portafogli-da-donna\/"},{"@type":"ListItem","position":6,"name":"Portafoglio Desigual Nero"}]},{"@type":"WebSite","@id":"https:\/\/www.secondastrada.com\/it\/#website","url":"https:\/\/www.secondastrada.com\/it\/","name":"Seconda Strada","description":"","publisher":{"@id":"https:\/\/www.secondastrada.com\/it\/#organization"},"potentialAction":[{"@type":"SearchAction","target":{"@type":"EntryPoint","urlTemplate":"https:\/\/www.secondastrada.com\/it\/?s={search_term_string}"},"query-input":"required name=search_term_string"}],"inLanguage":"it-IT"},{"@type":"Organization","@id":"https:\/\/www.secondastrada.com\/it\/#organization","name":"Seconda Strada","url":"https:\/\/www.secondastrada.com\/it\/","logo":{"@type":"ImageObject","inLanguage":"it-IT","@id":"https:\/\/www.secondastrada.com\/it\/#\/schema\/logo\/image\/","url":"https:\/\/www.secondastrada.com\/wp-content\/uploads\/2023\/11\/secondastrada-logo.svg","contentUrl":"https:\/\/www.secondastrada.com\/wp-content\/uploads\/2023\/11\/secondastrada-logo.svg","width":353,"height":47,"caption":"Seconda Strada"},"image":{"@id":"https:\/\/www.secondastrada.com\/it\/#\/schema\/logo\/image\/"}}]}},"df_price":47.96,"df_sale_price":"","df_regular_price":47.96,"df_image_link":"https:\/\/www.secondastrada.com\/wp-content\/uploads\/2026\/03\/26SAYP20-OB_NERO_PE26_1-300x300.jpg","_links":{"self":[{"href":"https:\/\/www.secondastrada.com\/it\/wp-json\/wp\/v2\/product\/350565"}],"collection":[{"href":"https:\/\/www.secondastrada.com\/it\/wp-json\/wp\/v2\/product"}],"about":[{"href":"https:\/\/www.secondastrada.com\/it\/wp-json\/wp\/v2\/types\/product"}],"wp:featuredmedia":[{"embeddable":true,"href":"https:\/\/www.secondastrada.com\/it\/wp-json\/wp\/v2\/media\/349912"}],"wp:attachment":[{"href":"https:\/\/www.secondastrada.com\/it\/wp-json\/wp\/v2\/media?parent=350565"}],"wp:term":[{"taxonomy":"ss_brand","embeddable":true,"href":"https:\/\/www.secondastrada.com\/it\/wp-json\/wp\/v2\/ss_brand?post=350565"},{"taxonomy":"ss_promo","embeddable":true,"href":"https:\/\/www.secondastrada.com\/it\/wp-json\/wp\/v2\/ss_promo?post=350565"},{"taxonomy":"ss_season","embeddable":true,"href":"https:\/\/www.secondastrada.com\/it\/wp-json\/wp\/v2\/ss_season?post=350565"},{"taxonomy":"product_cat","embeddable":true,"href":"https:\/\/www.secondastrada.com\/it\/wp-json\/wp\/v2\/product_cat?post=350565"},{"taxonomy":"product_tag","embeddable":true,"href":"https:\/\/www.secondastrada.com\/it\/wp-json\/wp\/v2\/product_tag?post=350565"}],"curies":[{"name":"wp","href":"https:\/\/api.w.org\/{rel}","templated":true}]}}