{"id":351193,"date":"2026-03-27T09:24:00","date_gmt":"2026-03-27T08:24:00","guid":{"rendered":"https:\/\/www.secondastrada.com\/it\/gilet-prj22-blu-3\/"},"modified":"2026-05-10T20:44:20","modified_gmt":"2026-05-10T18:44:20","slug":"gilet-prj22-blu-3","status":"publish","type":"product","link":"https:\/\/www.secondastrada.com\/it\/gilet-prj22-blu-3\/","title":{"rendered":"Gilet Prj22. Blu"},"content":{"rendered":"<p><b>Gilet PRJ22 Blu da uomo<\/b><br \/>\nIl gilet PRJ22 Blu da uomo \u00e8 il capo perfetto per aggiungere un tocco di eleganza contemporanea ai tuoi outfit della stagione primavera estate. Realizzato con un mix di materiali di qualit\u00e0 (70% poliestere, 28% viscosa, 2% elastane), garantisce comfort, leggerezza e una vestibilit\u00e0 regolare che si adatta con naturalezza alla silhouette.<br \/>Questo gilet con interno foderato, bottoni ad asola, cinturetta regolabile sul retro e taschino fake unisce stile e funzionalit\u00e0 in un design essenziale ma curato. I dettagli sartoriali lo rendono ideale sia per occasioni casual che per contesti pi\u00f9 raffinati, permettendoti di costruire look versatili e sempre attuali.<br \/>Indossalo sopra una camicia per un outfit elegante da giorno o da sera, oppure abbinalo a una t-shirt per uno stile pi\u00f9 rilassato ma ricercato. Perfetto anche con il completo coordinato, questo gilet valorizza ogni combinazione con equilibrio e personalit\u00e0.<br \/>Il modello \u00e8 alto 187 cm e indossa la taglia 48, confermando una vestibilit\u00e0 regolare pensata per offrire comfort senza rinunciare allo stile. Scegli un gilet da uomo adatto alla stagione primavera estate che sappia accompagnarti in ogni momento con disinvoltura.<br \/>Acquista su SecondaStrada.com la tua nuova Gilet PRJ22 Blu: tutti i prodotti sono originali e selezionati con attenzione. Codice articolo GL597FSP26 TPV317 TELEF OB.<\/p>\n","protected":false},"excerpt":{"rendered":"<p>Gilet PRJ22 Blu da uomo Il gilet PRJ22 Blu da uomo \u00e8 il capo perfetto per aggiungere un tocco di eleganza contemporanea ai tuoi outfit della stagione primavera estate. Realizzato con un mix di materiali di qualit\u00e0 (70% poliestere, 28% viscosa, 2% elastane), garantisce comfort, leggerezza e una vestibilit\u00e0 regolare che si adatta con naturalezza&#8230;<\/p>\n","protected":false},"featured_media":351121,"template":"","meta":{"inline_featured_image":false},"ss_brand":[2370],"ss_promo":[],"ss_season":[2531],"product_cat":[1332,2011,1714],"product_tag":[2400,2408,2409,1993],"class_list":{"0":"post-351193","1":"product","2":"type-product","3":"status-publish","4":"has-post-thumbnail","6":"ss_brand-prj22-uomo","7":"ss_season-pe26","8":"product_cat-abbigliamento-uomo","9":"product_cat-gilet-da-uomo","10":"product_cat-collezione-uomo","11":"product_tag-outfit-da-cerimonia-da-uomo","12":"product_tag-look-da-festa-uomo","13":"product_tag-look-da-sabato-sera-uomo","14":"product_tag-nuovi-arrivi-uomo","16":"first","17":"instock","18":"shipping-taxable","19":"purchasable","20":"product-type-variable","21":"has-default-attributes"},"acf":{"ss_brand":[{"term_id":2370,"name":"PRJ22.","slug":"prj22-uomo","term_group":0,"term_taxonomy_id":2370,"taxonomy":"ss_brand","description":"Scopri lo stile urbano e funzionale di <strong>PRJ22<\/strong>: capi essenziali, linee pulite e dettagli tecnici pensati per l\u2019uomo che vuole muoversi con leggerezza tra lavoro e tempo libero. Su SecondaStrada.com trovi <strong>abbigliamento da uomo PRJ22 in offerta<\/strong> selezionato per creare outfit versatili e contemporanei.","parent":1268,"count":179,"filter":"raw"}],"ss_promo":false,"ss_season":[{"term_id":2531,"name":"PE26","slug":"pe26","term_group":0,"term_taxonomy_id":2531,"taxonomy":"ss_season","description":"","parent":0,"count":2036,"filter":"raw"}],"ss_old_price":"0,00","ss_omnibus_price":"0,00","ss_style_advice":"<p><b>Gilet PRJ22 Blu da uomo<\/b><br \/>\nIl gilet PRJ22 Blu da uomo \u00e8 il capo perfetto per aggiungere un tocco di eleganza contemporanea ai tuoi outfit della stagione primavera estate. Realizzato con un mix di materiali di qualit\u00e0 (70% poliestere, 28% viscosa, 2% elastane), garantisce comfort, leggerezza e una vestibilit\u00e0 regolare che si adatta con naturalezza alla silhouette.<br \/>Questo gilet con interno foderato, bottoni ad asola, cinturetta regolabile sul retro e taschino fake unisce stile e funzionalit\u00e0 in un design essenziale ma curato. I dettagli sartoriali lo rendono ideale sia per occasioni casual che per contesti pi\u00f9 raffinati, permettendoti di costruire look versatili e sempre attuali.<br \/>Indossalo sopra una camicia per un outfit elegante da giorno o da sera, oppure abbinalo a una t-shirt per uno stile pi\u00f9 rilassato ma ricercato. Perfetto anche con il completo coordinato, questo gilet valorizza ogni combinazione con equilibrio e personalit\u00e0.<br \/>Il modello \u00e8 alto 187 cm e indossa la taglia 48, confermando una vestibilit\u00e0 regolare pensata per offrire comfort senza rinunciare allo stile. Scegli un gilet da uomo adatto alla stagione primavera estate che sappia accompagnarti in ogni momento con disinvoltura.<br \/>Acquista su SecondaStrada.com la tua nuova Gilet PRJ22 Blu: tutti i prodotti sono originali e selezionati con attenzione. Codice articolo GL597FSP26 TPV317 TELEF OB.<\/p>\n","ss_composition":"<p>70% poliestere 28% viscosa 2% elastane<\/p>\n","ss_fit":"<p>Il modello \u00e8 alto 187 cm e indossa la taglia 48. La vestibilit\u00e0 del capo \u00e8 regolare.<\/p>\n"},"yoast_head":"<!-- This site is optimized with the Yoast SEO plugin v22.3 - https:\/\/yoast.com\/wordpress\/plugins\/seo\/ -->\n<title>Gilet Prj22. Blu - Acquista online! - Seconda Strada<\/title>\n<meta name=\"description\" content=\"Gilet Prj22. Blu \u27a4 Acquista online su Secondastrada.com Gilet Prj22. Blu \u2714\ufe0f Spedizione veloce entro 24h in tutta Italia \u2714\ufe0f Sconto sul tuo primo acquisto\" \/>\n<meta name=\"robots\" content=\"index, follow, max-snippet:-1, max-image-preview:large, max-video-preview:-1\" \/>\n<link rel=\"canonical\" href=\"https:\/\/www.secondastrada.com\/it\/gilet-prj22-blu-3\/\" \/>\n<meta property=\"og:locale\" content=\"it_IT\" \/>\n<meta property=\"og:type\" content=\"article\" \/>\n<meta property=\"og:title\" content=\"Gilet Prj22. Blu - Acquista online! - Seconda Strada\" \/>\n<meta property=\"og:description\" content=\"Gilet Prj22. Blu \u27a4 Acquista online su Secondastrada.com Gilet Prj22. Blu \u2714\ufe0f Spedizione veloce entro 24h in tutta Italia \u2714\ufe0f Sconto sul tuo primo acquisto\" \/>\n<meta property=\"og:url\" content=\"https:\/\/www.secondastrada.com\/it\/gilet-prj22-blu-3\/\" \/>\n<meta property=\"og:site_name\" content=\"Seconda Strada\" \/>\n<meta property=\"article:modified_time\" content=\"2026-05-10T18:44:20+00:00\" \/>\n<meta property=\"og:image\" content=\"https:\/\/www.secondastrada.com\/wp-content\/uploads\/2026\/03\/GL597FSP26-TPV317-TELEF-OB_BLU_PE26_1.jpg\" \/>\n\t<meta property=\"og:image:width\" content=\"1000\" \/>\n\t<meta property=\"og:image:height\" content=\"1300\" \/>\n\t<meta property=\"og:image:type\" content=\"image\/jpeg\" \/>\n<meta name=\"twitter:card\" content=\"summary_large_image\" \/>\n<meta name=\"twitter:label1\" content=\"Tempo di lettura stimato\" \/>\n\t<meta name=\"twitter:data1\" content=\"1 minuto\" \/>\n<!-- \/ Yoast SEO plugin. -->","yoast_head_json":{"title":"Gilet Prj22. Blu - Acquista online! - Seconda Strada","description":"Gilet Prj22. Blu \u27a4 Acquista online su Secondastrada.com Gilet Prj22. Blu \u2714\ufe0f Spedizione veloce entro 24h in tutta Italia \u2714\ufe0f Sconto sul tuo primo acquisto","robots":{"index":"index","follow":"follow","max-snippet":"max-snippet:-1","max-image-preview":"max-image-preview:large","max-video-preview":"max-video-preview:-1"},"canonical":"https:\/\/www.secondastrada.com\/it\/gilet-prj22-blu-3\/","og_locale":"it_IT","og_type":"article","og_title":"Gilet Prj22. Blu - Acquista online! - Seconda Strada","og_description":"Gilet Prj22. Blu \u27a4 Acquista online su Secondastrada.com Gilet Prj22. Blu \u2714\ufe0f Spedizione veloce entro 24h in tutta Italia \u2714\ufe0f Sconto sul tuo primo acquisto","og_url":"https:\/\/www.secondastrada.com\/it\/gilet-prj22-blu-3\/","og_site_name":"Seconda Strada","article_modified_time":"2026-05-10T18:44:20+00:00","og_image":[{"width":1000,"height":1300,"url":"https:\/\/www.secondastrada.com\/wp-content\/uploads\/2026\/03\/GL597FSP26-TPV317-TELEF-OB_BLU_PE26_1.jpg","type":"image\/jpeg"}],"twitter_card":"summary_large_image","twitter_misc":{"Tempo di lettura stimato":"1 minuto"},"schema":{"@context":"https:\/\/schema.org","@graph":[{"@type":"WebPage","@id":"https:\/\/www.secondastrada.com\/it\/gilet-prj22-blu-3\/","url":"https:\/\/www.secondastrada.com\/it\/gilet-prj22-blu-3\/","name":"Gilet Prj22. Blu - Acquista online! - Seconda Strada","isPartOf":{"@id":"https:\/\/www.secondastrada.com\/it\/#website"},"primaryImageOfPage":{"@id":"https:\/\/www.secondastrada.com\/it\/gilet-prj22-blu-3\/#primaryimage"},"image":{"@id":"https:\/\/www.secondastrada.com\/it\/gilet-prj22-blu-3\/#primaryimage"},"thumbnailUrl":"https:\/\/www.secondastrada.com\/wp-content\/uploads\/2026\/03\/GL597FSP26-TPV317-TELEF-OB_BLU_PE26_1.jpg","datePublished":"2026-03-27T08:24:00+00:00","dateModified":"2026-05-10T18:44:20+00:00","description":"Gilet Prj22. Blu \u27a4 Acquista online su Secondastrada.com Gilet Prj22. Blu \u2714\ufe0f Spedizione veloce entro 24h in tutta Italia \u2714\ufe0f Sconto sul tuo primo acquisto","breadcrumb":{"@id":"https:\/\/www.secondastrada.com\/it\/gilet-prj22-blu-3\/#breadcrumb"},"inLanguage":"it-IT","potentialAction":[{"@type":"ReadAction","target":["https:\/\/www.secondastrada.com\/it\/gilet-prj22-blu-3\/"]}]},{"@type":"ImageObject","inLanguage":"it-IT","@id":"https:\/\/www.secondastrada.com\/it\/gilet-prj22-blu-3\/#primaryimage","url":"https:\/\/www.secondastrada.com\/wp-content\/uploads\/2026\/03\/GL597FSP26-TPV317-TELEF-OB_BLU_PE26_1.jpg","contentUrl":"https:\/\/www.secondastrada.com\/wp-content\/uploads\/2026\/03\/GL597FSP26-TPV317-TELEF-OB_BLU_PE26_1.jpg","width":1000,"height":1300,"caption":"GL597FSP26-TPV317-TELEF-OB_BLU_PE26"},{"@type":"BreadcrumbList","@id":"https:\/\/www.secondastrada.com\/it\/gilet-prj22-blu-3\/#breadcrumb","itemListElement":[{"@type":"ListItem","position":1,"name":"Home","item":"https:\/\/www.secondastrada.com\/it\/"},{"@type":"ListItem","position":2,"name":"Shop","item":"https:\/\/www.secondastrada.com\/it\/shop\/"},{"@type":"ListItem","position":3,"name":"Uomo","item":"https:\/\/www.secondastrada.com\/it\/collezione-uomo\/"},{"@type":"ListItem","position":4,"name":"Abbigliamento","item":"https:\/\/www.secondastrada.com\/it\/collezione-uomo\/abbigliamento-uomo\/"},{"@type":"ListItem","position":5,"name":"Gilet","item":"https:\/\/www.secondastrada.com\/it\/collezione-uomo\/abbigliamento-uomo\/gilet-da-uomo\/"},{"@type":"ListItem","position":6,"name":"Gilet Prj22. Blu"}]},{"@type":"WebSite","@id":"https:\/\/www.secondastrada.com\/it\/#website","url":"https:\/\/www.secondastrada.com\/it\/","name":"Seconda Strada","description":"","publisher":{"@id":"https:\/\/www.secondastrada.com\/it\/#organization"},"potentialAction":[{"@type":"SearchAction","target":{"@type":"EntryPoint","urlTemplate":"https:\/\/www.secondastrada.com\/it\/?s={search_term_string}"},"query-input":"required name=search_term_string"}],"inLanguage":"it-IT"},{"@type":"Organization","@id":"https:\/\/www.secondastrada.com\/it\/#organization","name":"Seconda Strada","url":"https:\/\/www.secondastrada.com\/it\/","logo":{"@type":"ImageObject","inLanguage":"it-IT","@id":"https:\/\/www.secondastrada.com\/it\/#\/schema\/logo\/image\/","url":"https:\/\/www.secondastrada.com\/wp-content\/uploads\/2023\/11\/secondastrada-logo.svg","contentUrl":"https:\/\/www.secondastrada.com\/wp-content\/uploads\/2023\/11\/secondastrada-logo.svg","width":353,"height":47,"caption":"Seconda Strada"},"image":{"@id":"https:\/\/www.secondastrada.com\/it\/#\/schema\/logo\/image\/"}}]}},"df_price":54.99,"df_sale_price":"","df_regular_price":54.99,"df_image_link":"https:\/\/www.secondastrada.com\/wp-content\/uploads\/2026\/03\/GL597FSP26-TPV317-TELEF-OB_BLU_PE26_1-300x300.jpg","_links":{"self":[{"href":"https:\/\/www.secondastrada.com\/it\/wp-json\/wp\/v2\/product\/351193"}],"collection":[{"href":"https:\/\/www.secondastrada.com\/it\/wp-json\/wp\/v2\/product"}],"about":[{"href":"https:\/\/www.secondastrada.com\/it\/wp-json\/wp\/v2\/types\/product"}],"wp:featuredmedia":[{"embeddable":true,"href":"https:\/\/www.secondastrada.com\/it\/wp-json\/wp\/v2\/media\/351121"}],"wp:attachment":[{"href":"https:\/\/www.secondastrada.com\/it\/wp-json\/wp\/v2\/media?parent=351193"}],"wp:term":[{"taxonomy":"ss_brand","embeddable":true,"href":"https:\/\/www.secondastrada.com\/it\/wp-json\/wp\/v2\/ss_brand?post=351193"},{"taxonomy":"ss_promo","embeddable":true,"href":"https:\/\/www.secondastrada.com\/it\/wp-json\/wp\/v2\/ss_promo?post=351193"},{"taxonomy":"ss_season","embeddable":true,"href":"https:\/\/www.secondastrada.com\/it\/wp-json\/wp\/v2\/ss_season?post=351193"},{"taxonomy":"product_cat","embeddable":true,"href":"https:\/\/www.secondastrada.com\/it\/wp-json\/wp\/v2\/product_cat?post=351193"},{"taxonomy":"product_tag","embeddable":true,"href":"https:\/\/www.secondastrada.com\/it\/wp-json\/wp\/v2\/product_tag?post=351193"}],"curies":[{"name":"wp","href":"https:\/\/api.w.org\/{rel}","templated":true}]}}