{"id":351723,"date":"2026-03-27T10:11:58","date_gmt":"2026-03-27T09:11:58","guid":{"rendered":"https:\/\/www.secondastrada.com\/it\/giacca-yes-zee-verde-militare\/"},"modified":"2026-05-04T17:41:19","modified_gmt":"2026-05-04T15:41:19","slug":"giacca-yes-zee-verde-militare","status":"publish","type":"product","link":"https:\/\/www.secondastrada.com\/it\/giacca-yes-zee-verde-militare\/","title":{"rendered":"Giacca Yes Zee Verde militare"},"content":{"rendered":"<p><b>Giacca YES ZEE Verde militare da uomo <\/b><br \/>\nLa <b>Giacca YES ZEE Verde militare<\/b> \u00e8 il capo perfetto per chi cerca uno stile contemporaneo senza rinunciare alla praticit\u00e0. Ideale per la mezza stagione, questa giacca da uomo si distingue per il suo design essenziale e funzionale, pensato per accompagnarti con disinvoltura nelle giornate primavera estate.<br \/>Realizzata in un tessuto tecnico composto da 88% nylon e 12% elastano, offre leggerezza, elasticit\u00e0 e comfort in ogni movimento. Si tratta di una <b>giacca leggera, non trapuntata, senza cappuccio<\/b>, perfetta per chi ama linee pulite e versatili. La vestibilit\u00e0 \u00e8 regolare: il modello \u00e8 alto 187 cm e indossa una taglia L, garantendo una silhouette equilibrata e facile da indossare.<br \/>Questa <b>giacca da uomo adatto alla stagione primavera estate<\/b> \u00e8 ideale sia di giorno, per affrontare gli impegni quotidiani con stile, sia di sera, per completare un look casual curato senza eccessi.<br \/>Per un outfit dinamico, abbinala a jeans e sneakers per il tempo libero, oppure scegli pantaloni chino e scarpe basse per un look pi\u00f9 raffinato ma rilassato. Il colore verde militare aggiunge personalit\u00e0 e si integra facilmente nel guardaroba maschile.<br \/>Scegli la qualit\u00e0 e lo stile firmato YES ZEE su SecondaStrada.com: tutti i prodotti sono originali e selezionati con cura. <b>Codice articolo: J561 NQ00<\/b>.<\/p>\n","protected":false},"excerpt":{"rendered":"<p>Giacca YES ZEE Verde militare da uomo La Giacca YES ZEE Verde militare \u00e8 il capo perfetto per chi cerca uno stile contemporaneo senza rinunciare alla praticit\u00e0. Ideale per la mezza stagione, questa giacca da uomo si distingue per il suo design essenziale e funzionale, pensato per accompagnarti con disinvoltura nelle giornate primavera estate.Realizzata in&#8230;<\/p>\n","protected":false},"featured_media":350813,"template":"","meta":{"inline_featured_image":false},"ss_brand":[1280],"ss_promo":[],"ss_season":[2531],"product_cat":[1332,1836,1714],"product_tag":[1993],"class_list":{"0":"post-351723","1":"product","2":"type-product","3":"status-publish","4":"has-post-thumbnail","6":"ss_brand-yes-zee-uomo","7":"ss_season-pe26","8":"product_cat-abbigliamento-uomo","9":"product_cat-giacche-da-uomo","10":"product_cat-collezione-uomo","11":"product_tag-nuovi-arrivi-uomo","13":"first","14":"instock","15":"sale","16":"shipping-taxable","17":"purchasable","18":"product-type-variable","19":"has-default-attributes"},"acf":{"ss_brand":[{"term_id":1280,"name":"YES ZEE","slug":"yes-zee-uomo","term_group":0,"term_taxonomy_id":1280,"taxonomy":"ss_brand","description":"Non un semplice marchio di <strong>abbigliamento da uomo<\/strong>: <strong>Yes Zee<\/strong> \u00e8 il brand perfetto per rivoluzionare con stile tutti i tuoi look metropolitani! Scopri subito le offerte esclusive del nostro store online e acquista <strong>Yes zee da uomo a prezzi scontatissimi<\/strong>.","parent":1268,"count":491,"filter":"raw"}],"ss_promo":false,"ss_season":[{"term_id":2531,"name":"PE26","slug":"pe26","term_group":0,"term_taxonomy_id":2531,"taxonomy":"ss_season","description":"","parent":0,"count":1937,"filter":"raw"}],"ss_old_price":"0,00","ss_omnibus_price":"0,00","ss_style_advice":"<p><b>Giacca YES ZEE Verde militare da uomo <\/b><br \/>\nLa <b>Giacca YES ZEE Verde militare<\/b> \u00e8 il capo perfetto per chi cerca uno stile contemporaneo senza rinunciare alla praticit\u00e0. Ideale per la mezza stagione, questa giacca da uomo si distingue per il suo design essenziale e funzionale, pensato per accompagnarti con disinvoltura nelle giornate primavera estate.<br \/>Realizzata in un tessuto tecnico composto da 88% nylon e 12% elastano, offre leggerezza, elasticit\u00e0 e comfort in ogni movimento. Si tratta di una <b>giacca leggera, non trapuntata, senza cappuccio<\/b>, perfetta per chi ama linee pulite e versatili. La vestibilit\u00e0 \u00e8 regolare: il modello \u00e8 alto 187 cm e indossa una taglia L, garantendo una silhouette equilibrata e facile da indossare.<br \/>Questa <b>giacca da uomo adatto alla stagione primavera estate<\/b> \u00e8 ideale sia di giorno, per affrontare gli impegni quotidiani con stile, sia di sera, per completare un look casual curato senza eccessi.<br \/>Per un outfit dinamico, abbinala a jeans e sneakers per il tempo libero, oppure scegli pantaloni chino e scarpe basse per un look pi\u00f9 raffinato ma rilassato. Il colore verde militare aggiunge personalit\u00e0 e si integra facilmente nel guardaroba maschile.<br \/>Scegli la qualit\u00e0 e lo stile firmato YES ZEE su SecondaStrada.com: tutti i prodotti sono originali e selezionati con cura. <b>Codice articolo: J561 NQ00<\/b>.<\/p>\n","ss_composition":"<p>88% nylon, 12% elastano<\/p>\n","ss_fit":"<p>Il modello \u00e8 alto 187 cm e veste la taglia L. La vestibilit\u00e0 del capo \u00e8 regolare.<\/p>\n"},"yoast_head":"<!-- This site is optimized with the Yoast SEO plugin v22.3 - https:\/\/yoast.com\/wordpress\/plugins\/seo\/ -->\n<title>Giacca Yes Zee Verde militare - Acquista online! - Seconda Strada<\/title>\n<meta name=\"description\" content=\"Giacca Yes Zee Verde militare \u27a4 Acquista online su Secondastrada.com Giacca Yes Zee Verde militare \u2714\ufe0f Spedizione veloce entro 24h in tutta Italia \u2714\ufe0f Sconto sul tuo primo acquisto\" \/>\n<meta name=\"robots\" content=\"index, follow, max-snippet:-1, max-image-preview:large, max-video-preview:-1\" \/>\n<link rel=\"canonical\" href=\"https:\/\/www.secondastrada.com\/it\/giacca-yes-zee-verde-militare\/\" \/>\n<meta property=\"og:locale\" content=\"it_IT\" \/>\n<meta property=\"og:type\" content=\"article\" \/>\n<meta property=\"og:title\" content=\"Giacca Yes Zee Verde militare - Acquista online! - Seconda Strada\" \/>\n<meta property=\"og:description\" content=\"Giacca Yes Zee Verde militare \u27a4 Acquista online su Secondastrada.com Giacca Yes Zee Verde militare \u2714\ufe0f Spedizione veloce entro 24h in tutta Italia \u2714\ufe0f Sconto sul tuo primo acquisto\" \/>\n<meta property=\"og:url\" content=\"https:\/\/www.secondastrada.com\/it\/giacca-yes-zee-verde-militare\/\" \/>\n<meta property=\"og:site_name\" content=\"Seconda Strada\" \/>\n<meta property=\"article:modified_time\" content=\"2026-05-04T15:41:19+00:00\" \/>\n<meta property=\"og:image\" content=\"https:\/\/www.secondastrada.com\/wp-content\/uploads\/2026\/03\/J561-NQ00_VERDE-MILITARE_PE26_1.jpg\" \/>\n\t<meta property=\"og:image:width\" content=\"1000\" \/>\n\t<meta property=\"og:image:height\" content=\"1300\" \/>\n\t<meta property=\"og:image:type\" content=\"image\/jpeg\" \/>\n<meta name=\"twitter:card\" content=\"summary_large_image\" \/>\n<meta name=\"twitter:label1\" content=\"Tempo di lettura stimato\" \/>\n\t<meta name=\"twitter:data1\" content=\"1 minuto\" \/>\n<!-- \/ Yoast SEO plugin. -->","yoast_head_json":{"title":"Giacca Yes Zee Verde militare - Acquista online! - Seconda Strada","description":"Giacca Yes Zee Verde militare \u27a4 Acquista online su Secondastrada.com Giacca Yes Zee Verde militare \u2714\ufe0f Spedizione veloce entro 24h in tutta Italia \u2714\ufe0f Sconto sul tuo primo acquisto","robots":{"index":"index","follow":"follow","max-snippet":"max-snippet:-1","max-image-preview":"max-image-preview:large","max-video-preview":"max-video-preview:-1"},"canonical":"https:\/\/www.secondastrada.com\/it\/giacca-yes-zee-verde-militare\/","og_locale":"it_IT","og_type":"article","og_title":"Giacca Yes Zee Verde militare - Acquista online! - Seconda Strada","og_description":"Giacca Yes Zee Verde militare \u27a4 Acquista online su Secondastrada.com Giacca Yes Zee Verde militare \u2714\ufe0f Spedizione veloce entro 24h in tutta Italia \u2714\ufe0f Sconto sul tuo primo acquisto","og_url":"https:\/\/www.secondastrada.com\/it\/giacca-yes-zee-verde-militare\/","og_site_name":"Seconda Strada","article_modified_time":"2026-05-04T15:41:19+00:00","og_image":[{"width":1000,"height":1300,"url":"https:\/\/www.secondastrada.com\/wp-content\/uploads\/2026\/03\/J561-NQ00_VERDE-MILITARE_PE26_1.jpg","type":"image\/jpeg"}],"twitter_card":"summary_large_image","twitter_misc":{"Tempo di lettura stimato":"1 minuto"},"schema":{"@context":"https:\/\/schema.org","@graph":[{"@type":"WebPage","@id":"https:\/\/www.secondastrada.com\/it\/giacca-yes-zee-verde-militare\/","url":"https:\/\/www.secondastrada.com\/it\/giacca-yes-zee-verde-militare\/","name":"Giacca Yes Zee Verde militare - Acquista online! - Seconda Strada","isPartOf":{"@id":"https:\/\/www.secondastrada.com\/it\/#website"},"primaryImageOfPage":{"@id":"https:\/\/www.secondastrada.com\/it\/giacca-yes-zee-verde-militare\/#primaryimage"},"image":{"@id":"https:\/\/www.secondastrada.com\/it\/giacca-yes-zee-verde-militare\/#primaryimage"},"thumbnailUrl":"https:\/\/www.secondastrada.com\/wp-content\/uploads\/2026\/03\/J561-NQ00_VERDE-MILITARE_PE26_1.jpg","datePublished":"2026-03-27T09:11:58+00:00","dateModified":"2026-05-04T15:41:19+00:00","description":"Giacca Yes Zee Verde militare \u27a4 Acquista online su Secondastrada.com Giacca Yes Zee Verde militare \u2714\ufe0f Spedizione veloce entro 24h in tutta Italia \u2714\ufe0f Sconto sul tuo primo acquisto","breadcrumb":{"@id":"https:\/\/www.secondastrada.com\/it\/giacca-yes-zee-verde-militare\/#breadcrumb"},"inLanguage":"it-IT","potentialAction":[{"@type":"ReadAction","target":["https:\/\/www.secondastrada.com\/it\/giacca-yes-zee-verde-militare\/"]}]},{"@type":"ImageObject","inLanguage":"it-IT","@id":"https:\/\/www.secondastrada.com\/it\/giacca-yes-zee-verde-militare\/#primaryimage","url":"https:\/\/www.secondastrada.com\/wp-content\/uploads\/2026\/03\/J561-NQ00_VERDE-MILITARE_PE26_1.jpg","contentUrl":"https:\/\/www.secondastrada.com\/wp-content\/uploads\/2026\/03\/J561-NQ00_VERDE-MILITARE_PE26_1.jpg","width":1000,"height":1300,"caption":"J561-NQ00_VERDE-MILITARE_PE26"},{"@type":"BreadcrumbList","@id":"https:\/\/www.secondastrada.com\/it\/giacca-yes-zee-verde-militare\/#breadcrumb","itemListElement":[{"@type":"ListItem","position":1,"name":"Home","item":"https:\/\/www.secondastrada.com\/it\/"},{"@type":"ListItem","position":2,"name":"Shop","item":"https:\/\/www.secondastrada.com\/it\/shop\/"},{"@type":"ListItem","position":3,"name":"Uomo","item":"https:\/\/www.secondastrada.com\/it\/collezione-uomo\/"},{"@type":"ListItem","position":4,"name":"Abbigliamento","item":"https:\/\/www.secondastrada.com\/it\/collezione-uomo\/abbigliamento-uomo\/"},{"@type":"ListItem","position":5,"name":"Giacche","item":"https:\/\/www.secondastrada.com\/it\/collezione-uomo\/abbigliamento-uomo\/giacche-da-uomo\/"},{"@type":"ListItem","position":6,"name":"Giacca Yes Zee Verde militare"}]},{"@type":"WebSite","@id":"https:\/\/www.secondastrada.com\/it\/#website","url":"https:\/\/www.secondastrada.com\/it\/","name":"Seconda Strada","description":"","publisher":{"@id":"https:\/\/www.secondastrada.com\/it\/#organization"},"potentialAction":[{"@type":"SearchAction","target":{"@type":"EntryPoint","urlTemplate":"https:\/\/www.secondastrada.com\/it\/?s={search_term_string}"},"query-input":"required name=search_term_string"}],"inLanguage":"it-IT"},{"@type":"Organization","@id":"https:\/\/www.secondastrada.com\/it\/#organization","name":"Seconda Strada","url":"https:\/\/www.secondastrada.com\/it\/","logo":{"@type":"ImageObject","inLanguage":"it-IT","@id":"https:\/\/www.secondastrada.com\/it\/#\/schema\/logo\/image\/","url":"https:\/\/www.secondastrada.com\/wp-content\/uploads\/2023\/11\/secondastrada-logo.svg","contentUrl":"https:\/\/www.secondastrada.com\/wp-content\/uploads\/2023\/11\/secondastrada-logo.svg","width":353,"height":47,"caption":"Seconda Strada"},"image":{"@id":"https:\/\/www.secondastrada.com\/it\/#\/schema\/logo\/image\/"}}]}},"df_price":95.92,"df_sale_price":"","df_regular_price":95.92,"df_image_link":"https:\/\/www.secondastrada.com\/wp-content\/uploads\/2026\/03\/J561-NQ00_VERDE-MILITARE_PE26_1-300x300.jpg","_links":{"self":[{"href":"https:\/\/www.secondastrada.com\/it\/wp-json\/wp\/v2\/product\/351723"}],"collection":[{"href":"https:\/\/www.secondastrada.com\/it\/wp-json\/wp\/v2\/product"}],"about":[{"href":"https:\/\/www.secondastrada.com\/it\/wp-json\/wp\/v2\/types\/product"}],"wp:featuredmedia":[{"embeddable":true,"href":"https:\/\/www.secondastrada.com\/it\/wp-json\/wp\/v2\/media\/350813"}],"wp:attachment":[{"href":"https:\/\/www.secondastrada.com\/it\/wp-json\/wp\/v2\/media?parent=351723"}],"wp:term":[{"taxonomy":"ss_brand","embeddable":true,"href":"https:\/\/www.secondastrada.com\/it\/wp-json\/wp\/v2\/ss_brand?post=351723"},{"taxonomy":"ss_promo","embeddable":true,"href":"https:\/\/www.secondastrada.com\/it\/wp-json\/wp\/v2\/ss_promo?post=351723"},{"taxonomy":"ss_season","embeddable":true,"href":"https:\/\/www.secondastrada.com\/it\/wp-json\/wp\/v2\/ss_season?post=351723"},{"taxonomy":"product_cat","embeddable":true,"href":"https:\/\/www.secondastrada.com\/it\/wp-json\/wp\/v2\/product_cat?post=351723"},{"taxonomy":"product_tag","embeddable":true,"href":"https:\/\/www.secondastrada.com\/it\/wp-json\/wp\/v2\/product_tag?post=351723"}],"curies":[{"name":"wp","href":"https:\/\/api.w.org\/{rel}","templated":true}]}}