{"id":351767,"date":"2026-03-31T10:52:33","date_gmt":"2026-03-31T08:52:33","guid":{"rendered":"https:\/\/www.secondastrada.com\/it\/maglia-yes-zee-nera\/"},"modified":"2026-05-01T01:06:40","modified_gmt":"2026-04-30T23:06:40","slug":"maglia-yes-zee-nera","status":"publish","type":"product","link":"https:\/\/www.secondastrada.com\/it\/maglia-yes-zee-nera\/","title":{"rendered":"Maglia Yes Zee Nera"},"content":{"rendered":"<p><b>Maglia YES ZEE Nera da donna <\/b><br \/>\nLa <b>Maglia YES ZEE Nera<\/b> \u00e8 il capo perfetto per chi desidera uno stile sofisticato ma versatile, capace di adattarsi con naturalezza a ogni occasione. Ideale per la stagione pi\u00f9 calda, questa maglia da donna combina semplicit\u00e0 e raffinatezza in un design moderno e femminile.<br \/>Realizzata in 65% viscosa e 35% nylon, offre una texture morbida e leggera che accarezza la pelle, garantendo comfort per tutta la giornata. La <b>maglia con tessuto leggero, con trasparenza<\/b> dona un tocco delicato e contemporaneo, perfetto per creare look dinamici e mai banali. La vestibilit\u00e0 \u00e8 regolare: la modella \u00e8 alta 165 cm e indossa una taglia S, per un fit equilibrato e facile da indossare.<br \/>Questa <b>maglia da donna adatta alla primavera estate<\/b> \u00e8 ideale nel tempo libero, in ufficio o durante un\u2019uscita serale, grazie alla sua capacit\u00e0 di trasformarsi in base agli abbinamenti.<br \/>Per uno stile casual, indossala con jeans e sneakers; per un look pi\u00f9 elegante, abbinala a pantaloni sartoriali o a una gonna e completa con accessori minimal. Il nero, intramontabile e versatile, rende questa maglia un elemento chiave del guardaroba.<br \/>Scegli l\u2019autenticit\u00e0 e la qualit\u00e0 YES ZEE su SecondaStrada.com: tutti i prodotti sono originali e garantiti. <b>Codice articolo: M442 LG00<\/b>.<\/p>\n","protected":false},"excerpt":{"rendered":"<p>Maglia YES ZEE Nera da donna La Maglia YES ZEE Nera \u00e8 il capo perfetto per chi desidera uno stile sofisticato ma versatile, capace di adattarsi con naturalezza a ogni occasione. Ideale per la stagione pi\u00f9 calda, questa maglia da donna combina semplicit\u00e0 e raffinatezza in un design moderno e femminile.Realizzata in 65% viscosa e&#8230;<\/p>\n","protected":false},"featured_media":353751,"template":"","meta":{"inline_featured_image":false},"ss_brand":[1208],"ss_promo":[],"ss_season":[2531],"product_cat":[1329,1658,1535],"product_tag":[1798,1995],"class_list":{"0":"post-351767","1":"product","2":"type-product","3":"status-publish","4":"has-post-thumbnail","6":"ss_brand-yes-zee-donna","7":"ss_season-pe26","8":"product_cat-abbigliamento-donna","9":"product_cat-collezione-donna","10":"product_cat-maglie-da-donna","11":"product_tag-maglieria-yes-zee-donna","12":"product_tag-nuovi-arrivi-donna","14":"first","15":"instock","16":"sale","17":"shipping-taxable","18":"purchasable","19":"product-type-variable","20":"has-default-attributes"},"acf":{"ss_brand":[{"term_id":1208,"name":"YES ZEE","slug":"yes-zee-donna","term_group":0,"term_taxonomy_id":1208,"taxonomy":"ss_brand","description":"Libera il tuo istinto fashion e lasciati ispirare dalle collezioni da donna <strong>Yes Zee<\/strong> sempre all\u2019avanguardia e non perdere le nostre <strong>offerte imbattibili<\/strong>!\u00a0Acquista online su SecondaStrada.com <strong>abbigliamento da donna Yes Zee scontatissimo<\/strong>!","parent":1201,"count":740,"filter":"raw"}],"ss_promo":false,"ss_season":[{"term_id":2531,"name":"PE26","slug":"pe26","term_group":0,"term_taxonomy_id":2531,"taxonomy":"ss_season","description":"","parent":0,"count":2036,"filter":"raw"}],"ss_old_price":"0,00","ss_omnibus_price":"0,00","ss_style_advice":"<p><b>Maglia YES ZEE Nera da donna <\/b><br \/>\nLa <b>Maglia YES ZEE Nera<\/b> \u00e8 il capo perfetto per chi desidera uno stile sofisticato ma versatile, capace di adattarsi con naturalezza a ogni occasione. Ideale per la stagione pi\u00f9 calda, questa maglia da donna combina semplicit\u00e0 e raffinatezza in un design moderno e femminile.<br \/>Realizzata in 65% viscosa e 35% nylon, offre una texture morbida e leggera che accarezza la pelle, garantendo comfort per tutta la giornata. La <b>maglia con tessuto leggero, con trasparenza<\/b> dona un tocco delicato e contemporaneo, perfetto per creare look dinamici e mai banali. La vestibilit\u00e0 \u00e8 regolare: la modella \u00e8 alta 165 cm e indossa una taglia S, per un fit equilibrato e facile da indossare.<br \/>Questa <b>maglia da donna adatta alla primavera estate<\/b> \u00e8 ideale nel tempo libero, in ufficio o durante un\u2019uscita serale, grazie alla sua capacit\u00e0 di trasformarsi in base agli abbinamenti.<br \/>Per uno stile casual, indossala con jeans e sneakers; per un look pi\u00f9 elegante, abbinala a pantaloni sartoriali o a una gonna e completa con accessori minimal. Il nero, intramontabile e versatile, rende questa maglia un elemento chiave del guardaroba.<br \/>Scegli l\u2019autenticit\u00e0 e la qualit\u00e0 YES ZEE su SecondaStrada.com: tutti i prodotti sono originali e garantiti. <b>Codice articolo: M442 LG00<\/b>.<\/p>\n","ss_composition":"<p>65% viscosa, 35% nylon<\/p>\n","ss_fit":"<p>La modella \u00e8 alta 165 cm e veste la taglia S. La vestibilit\u00e0 del capo \u00e8 regolare.<\/p>\n"},"yoast_head":"<!-- This site is optimized with the Yoast SEO plugin v22.3 - https:\/\/yoast.com\/wordpress\/plugins\/seo\/ -->\n<title>Maglia Yes Zee Nera - Acquista online! - Seconda Strada<\/title>\n<meta name=\"description\" content=\"Maglia Yes Zee Nera \u27a4 Acquista online su Secondastrada.com Maglia Yes Zee Nera \u2714\ufe0f Spedizione veloce entro 24h in tutta Italia \u2714\ufe0f Sconto sul tuo primo acquisto\" \/>\n<meta name=\"robots\" content=\"index, follow, max-snippet:-1, max-image-preview:large, max-video-preview:-1\" \/>\n<link rel=\"canonical\" href=\"https:\/\/www.secondastrada.com\/it\/maglia-yes-zee-nera\/\" \/>\n<meta property=\"og:locale\" content=\"it_IT\" \/>\n<meta property=\"og:type\" content=\"article\" \/>\n<meta property=\"og:title\" content=\"Maglia Yes Zee Nera - Acquista online! - Seconda Strada\" \/>\n<meta property=\"og:description\" content=\"Maglia Yes Zee Nera \u27a4 Acquista online su Secondastrada.com Maglia Yes Zee Nera \u2714\ufe0f Spedizione veloce entro 24h in tutta Italia \u2714\ufe0f Sconto sul tuo primo acquisto\" \/>\n<meta property=\"og:url\" content=\"https:\/\/www.secondastrada.com\/it\/maglia-yes-zee-nera\/\" \/>\n<meta property=\"og:site_name\" content=\"Seconda Strada\" \/>\n<meta property=\"article:modified_time\" content=\"2026-04-30T23:06:40+00:00\" \/>\n<meta property=\"og:image\" content=\"https:\/\/www.secondastrada.com\/wp-content\/uploads\/2026\/03\/M442-LG00_NERO_PE26_1.jpg\" \/>\n\t<meta property=\"og:image:width\" content=\"1000\" \/>\n\t<meta property=\"og:image:height\" content=\"1300\" \/>\n\t<meta property=\"og:image:type\" content=\"image\/jpeg\" \/>\n<meta name=\"twitter:card\" content=\"summary_large_image\" \/>\n<meta name=\"twitter:label1\" content=\"Tempo di lettura stimato\" \/>\n\t<meta name=\"twitter:data1\" content=\"1 minuto\" \/>\n<!-- \/ Yoast SEO plugin. -->","yoast_head_json":{"title":"Maglia Yes Zee Nera - Acquista online! - Seconda Strada","description":"Maglia Yes Zee Nera \u27a4 Acquista online su Secondastrada.com Maglia Yes Zee Nera \u2714\ufe0f Spedizione veloce entro 24h in tutta Italia \u2714\ufe0f Sconto sul tuo primo acquisto","robots":{"index":"index","follow":"follow","max-snippet":"max-snippet:-1","max-image-preview":"max-image-preview:large","max-video-preview":"max-video-preview:-1"},"canonical":"https:\/\/www.secondastrada.com\/it\/maglia-yes-zee-nera\/","og_locale":"it_IT","og_type":"article","og_title":"Maglia Yes Zee Nera - Acquista online! - Seconda Strada","og_description":"Maglia Yes Zee Nera \u27a4 Acquista online su Secondastrada.com Maglia Yes Zee Nera \u2714\ufe0f Spedizione veloce entro 24h in tutta Italia \u2714\ufe0f Sconto sul tuo primo acquisto","og_url":"https:\/\/www.secondastrada.com\/it\/maglia-yes-zee-nera\/","og_site_name":"Seconda Strada","article_modified_time":"2026-04-30T23:06:40+00:00","og_image":[{"width":1000,"height":1300,"url":"https:\/\/www.secondastrada.com\/wp-content\/uploads\/2026\/03\/M442-LG00_NERO_PE26_1.jpg","type":"image\/jpeg"}],"twitter_card":"summary_large_image","twitter_misc":{"Tempo di lettura stimato":"1 minuto"},"schema":{"@context":"https:\/\/schema.org","@graph":[{"@type":"WebPage","@id":"https:\/\/www.secondastrada.com\/it\/maglia-yes-zee-nera\/","url":"https:\/\/www.secondastrada.com\/it\/maglia-yes-zee-nera\/","name":"Maglia Yes Zee Nera - Acquista online! - Seconda Strada","isPartOf":{"@id":"https:\/\/www.secondastrada.com\/it\/#website"},"primaryImageOfPage":{"@id":"https:\/\/www.secondastrada.com\/it\/maglia-yes-zee-nera\/#primaryimage"},"image":{"@id":"https:\/\/www.secondastrada.com\/it\/maglia-yes-zee-nera\/#primaryimage"},"thumbnailUrl":"https:\/\/www.secondastrada.com\/wp-content\/uploads\/2026\/03\/M442-LG00_NERO_PE26_1.jpg","datePublished":"2026-03-31T08:52:33+00:00","dateModified":"2026-04-30T23:06:40+00:00","description":"Maglia Yes Zee Nera \u27a4 Acquista online su Secondastrada.com Maglia Yes Zee Nera \u2714\ufe0f Spedizione veloce entro 24h in tutta Italia \u2714\ufe0f Sconto sul tuo primo acquisto","breadcrumb":{"@id":"https:\/\/www.secondastrada.com\/it\/maglia-yes-zee-nera\/#breadcrumb"},"inLanguage":"it-IT","potentialAction":[{"@type":"ReadAction","target":["https:\/\/www.secondastrada.com\/it\/maglia-yes-zee-nera\/"]}]},{"@type":"ImageObject","inLanguage":"it-IT","@id":"https:\/\/www.secondastrada.com\/it\/maglia-yes-zee-nera\/#primaryimage","url":"https:\/\/www.secondastrada.com\/wp-content\/uploads\/2026\/03\/M442-LG00_NERO_PE26_1.jpg","contentUrl":"https:\/\/www.secondastrada.com\/wp-content\/uploads\/2026\/03\/M442-LG00_NERO_PE26_1.jpg","width":1000,"height":1300,"caption":"M442-LG00_NERO_PE26"},{"@type":"BreadcrumbList","@id":"https:\/\/www.secondastrada.com\/it\/maglia-yes-zee-nera\/#breadcrumb","itemListElement":[{"@type":"ListItem","position":1,"name":"Home","item":"https:\/\/www.secondastrada.com\/it\/"},{"@type":"ListItem","position":2,"name":"Shop","item":"https:\/\/www.secondastrada.com\/it\/shop\/"},{"@type":"ListItem","position":3,"name":"Donna","item":"https:\/\/www.secondastrada.com\/it\/collezione-donna\/"},{"@type":"ListItem","position":4,"name":"Abbigliamento","item":"https:\/\/www.secondastrada.com\/it\/collezione-donna\/abbigliamento-donna\/"},{"@type":"ListItem","position":5,"name":"Maglieria","item":"https:\/\/www.secondastrada.com\/it\/collezione-donna\/abbigliamento-donna\/maglie-da-donna\/"},{"@type":"ListItem","position":6,"name":"Maglia Yes Zee Nera"}]},{"@type":"WebSite","@id":"https:\/\/www.secondastrada.com\/it\/#website","url":"https:\/\/www.secondastrada.com\/it\/","name":"Seconda Strada","description":"","publisher":{"@id":"https:\/\/www.secondastrada.com\/it\/#organization"},"potentialAction":[{"@type":"SearchAction","target":{"@type":"EntryPoint","urlTemplate":"https:\/\/www.secondastrada.com\/it\/?s={search_term_string}"},"query-input":"required name=search_term_string"}],"inLanguage":"it-IT"},{"@type":"Organization","@id":"https:\/\/www.secondastrada.com\/it\/#organization","name":"Seconda Strada","url":"https:\/\/www.secondastrada.com\/it\/","logo":{"@type":"ImageObject","inLanguage":"it-IT","@id":"https:\/\/www.secondastrada.com\/it\/#\/schema\/logo\/image\/","url":"https:\/\/www.secondastrada.com\/wp-content\/uploads\/2023\/11\/secondastrada-logo.svg","contentUrl":"https:\/\/www.secondastrada.com\/wp-content\/uploads\/2023\/11\/secondastrada-logo.svg","width":353,"height":47,"caption":"Seconda Strada"},"image":{"@id":"https:\/\/www.secondastrada.com\/it\/#\/schema\/logo\/image\/"}}]}},"df_price":35.92,"df_sale_price":"","df_regular_price":35.92,"df_image_link":"https:\/\/www.secondastrada.com\/wp-content\/uploads\/2026\/03\/M442-LG00_NERO_PE26_1-300x300.jpg","_links":{"self":[{"href":"https:\/\/www.secondastrada.com\/it\/wp-json\/wp\/v2\/product\/351767"}],"collection":[{"href":"https:\/\/www.secondastrada.com\/it\/wp-json\/wp\/v2\/product"}],"about":[{"href":"https:\/\/www.secondastrada.com\/it\/wp-json\/wp\/v2\/types\/product"}],"wp:featuredmedia":[{"embeddable":true,"href":"https:\/\/www.secondastrada.com\/it\/wp-json\/wp\/v2\/media\/353751"}],"wp:attachment":[{"href":"https:\/\/www.secondastrada.com\/it\/wp-json\/wp\/v2\/media?parent=351767"}],"wp:term":[{"taxonomy":"ss_brand","embeddable":true,"href":"https:\/\/www.secondastrada.com\/it\/wp-json\/wp\/v2\/ss_brand?post=351767"},{"taxonomy":"ss_promo","embeddable":true,"href":"https:\/\/www.secondastrada.com\/it\/wp-json\/wp\/v2\/ss_promo?post=351767"},{"taxonomy":"ss_season","embeddable":true,"href":"https:\/\/www.secondastrada.com\/it\/wp-json\/wp\/v2\/ss_season?post=351767"},{"taxonomy":"product_cat","embeddable":true,"href":"https:\/\/www.secondastrada.com\/it\/wp-json\/wp\/v2\/product_cat?post=351767"},{"taxonomy":"product_tag","embeddable":true,"href":"https:\/\/www.secondastrada.com\/it\/wp-json\/wp\/v2\/product_tag?post=351767"}],"curies":[{"name":"wp","href":"https:\/\/api.w.org\/{rel}","templated":true}]}}