{"id":352125,"date":"2026-03-27T10:46:04","date_gmt":"2026-03-27T09:46:04","guid":{"rendered":"https:\/\/www.secondastrada.com\/it\/jeans-pepe-jeans-blu-6\/"},"modified":"2026-05-14T14:35:18","modified_gmt":"2026-05-14T12:35:18","slug":"jeans-pepe-jeans-blu-6","status":"publish","type":"product","link":"https:\/\/www.secondastrada.com\/it\/jeans-pepe-jeans-blu-6\/","title":{"rendered":"Jeans Pepe Jeans Blu"},"content":{"rendered":"<p><b>Jeans PEPE JEANS Blu da donna<\/b><br \/>\nI Jeans PEPE JEANS Blu sono la scelta perfetta se desideri un capo originale e versatile, capace di distinguersi con discrezione. Questo modello con gamba larga, vita regolare e fibra metallica unisce comfort e stile contemporaneo, aggiungendo un tocco luminoso e moderno al classico denim. La linea ampia valorizza la silhouette con naturalezza, offrendo libert\u00e0 di movimento e una vestibilit\u00e0 regolare ideale per l\u2019uso quotidiano.<br \/>Realizzati in 80% cotone, 14% poliestere e 6% fibra metallica, questi jeans garantiscono resistenza e una piacevole sensazione sulla pelle, mantenendo al tempo stesso un aspetto ricercato. Perfetti come jeans da donna adatti in tutte le stagioni, puoi indossarli nel tempo libero di giorno per un look rilassato oppure anche di sera, per uno stile pi\u00f9 deciso e attuale. La modella \u00e8 alta 165 cm e indossa la taglia S, a conferma di una vestibilit\u00e0 equilibrata.<br \/>Per un outfit casual abbinali a una t-shirt e sneakers, mentre per un look pi\u00f9 curato puoi scegliere una camicia abbinata e completare con accessori essenziali. I jeans con gamba larga, vita regolare, fibra metallica sono ideali per chi cerca un capo pratico ma con un dettaglio distintivo.<br \/>Acquistando su SecondaStrada.com hai la sicurezza di scegliere prodotti originali e selezionati con attenzione. <b>Codice articolo: PL20509230 OB<\/b><\/p>\n","protected":false},"excerpt":{"rendered":"<p>Jeans PEPE JEANS Blu da donna I Jeans PEPE JEANS Blu sono la scelta perfetta se desideri un capo originale e versatile, capace di distinguersi con discrezione. Questo modello con gamba larga, vita regolare e fibra metallica unisce comfort e stile contemporaneo, aggiungendo un tocco luminoso e moderno al classico denim. La linea ampia valorizza&#8230;<\/p>\n","protected":false},"featured_media":350934,"template":"","meta":{"inline_featured_image":false},"ss_brand":[1212],"ss_promo":[],"ss_season":[2531],"product_cat":[1329,1658,1338],"product_tag":[2549,1995],"class_list":{"0":"post-352125","1":"product","2":"type-product","3":"status-publish","4":"has-post-thumbnail","6":"ss_brand-pepe-jeans-donna","7":"ss_season-pe26","8":"product_cat-abbigliamento-donna","9":"product_cat-collezione-donna","10":"product_cat-jeans-da-donna","11":"product_tag-denim-jeans-donna","12":"product_tag-nuovi-arrivi-donna","14":"first","15":"instock","16":"sale","17":"shipping-taxable","18":"purchasable","19":"product-type-variable","20":"has-default-attributes"},"acf":{"ss_brand":[{"term_id":1212,"name":"PEPE JEANS","slug":"pepe-jeans-donna","term_group":0,"term_taxonomy_id":1212,"taxonomy":"ss_brand","description":"Stile urban-cool con accento british: dai una scossa al tuo guardaroba e scopri la collezione abbigliamento da donna Pepe Jeans a prezzi bassissimi!\u00a0Acquista online su SecondaStrada.com <strong>abbigliamento da donna Pepe Jeans scontatissimo<\/strong>!","parent":1201,"count":222,"filter":"raw"}],"ss_promo":false,"ss_season":[{"term_id":2531,"name":"PE26","slug":"pe26","term_group":0,"term_taxonomy_id":2531,"taxonomy":"ss_season","description":"","parent":0,"count":2036,"filter":"raw"}],"ss_old_price":"0,00","ss_omnibus_price":"0,00","ss_style_advice":"<p><b>Jeans PEPE JEANS Blu da donna<\/b><br \/>\nI Jeans PEPE JEANS Blu sono la scelta perfetta se desideri un capo originale e versatile, capace di distinguersi con discrezione. Questo modello con gamba larga, vita regolare e fibra metallica unisce comfort e stile contemporaneo, aggiungendo un tocco luminoso e moderno al classico denim. La linea ampia valorizza la silhouette con naturalezza, offrendo libert\u00e0 di movimento e una vestibilit\u00e0 regolare ideale per l\u2019uso quotidiano.<br \/>Realizzati in 80% cotone, 14% poliestere e 6% fibra metallica, questi jeans garantiscono resistenza e una piacevole sensazione sulla pelle, mantenendo al tempo stesso un aspetto ricercato. Perfetti come jeans da donna adatti in tutte le stagioni, puoi indossarli nel tempo libero di giorno per un look rilassato oppure anche di sera, per uno stile pi\u00f9 deciso e attuale. La modella \u00e8 alta 165 cm e indossa la taglia S, a conferma di una vestibilit\u00e0 equilibrata.<br \/>Per un outfit casual abbinali a una t-shirt e sneakers, mentre per un look pi\u00f9 curato puoi scegliere una camicia abbinata e completare con accessori essenziali. I jeans con gamba larga, vita regolare, fibra metallica sono ideali per chi cerca un capo pratico ma con un dettaglio distintivo.<br \/>Acquistando su SecondaStrada.com hai la sicurezza di scegliere prodotti originali e selezionati con attenzione. <b>Codice articolo: PL20509230 OB<\/b><\/p>\n","ss_composition":"<p>80% cotone, 14% poliestere, 6% fibra metallica<\/p>\n","ss_fit":"<p>La modella \u00e8 alta 165 cm e veste la taglia S. La vestibilit\u00e0 del capo \u00e8 regolare.<\/p>\n"},"yoast_head":"<!-- This site is optimized with the Yoast SEO plugin v22.3 - https:\/\/yoast.com\/wordpress\/plugins\/seo\/ -->\n<title>Jeans Pepe Jeans Blu - Acquista online! - Seconda Strada<\/title>\n<meta name=\"description\" content=\"Jeans Pepe Jeans Blu \u27a4 Acquista online su Secondastrada.com Jeans Pepe Jeans Blu \u2714\ufe0f Spedizione veloce entro 24h in tutta Italia \u2714\ufe0f Sconto sul tuo primo acquisto\" \/>\n<meta name=\"robots\" content=\"index, follow, max-snippet:-1, max-image-preview:large, max-video-preview:-1\" \/>\n<link rel=\"canonical\" href=\"https:\/\/www.secondastrada.com\/it\/jeans-pepe-jeans-blu-6\/\" \/>\n<meta property=\"og:locale\" content=\"it_IT\" \/>\n<meta property=\"og:type\" content=\"article\" \/>\n<meta property=\"og:title\" content=\"Jeans Pepe Jeans Blu - Acquista online! - Seconda Strada\" \/>\n<meta property=\"og:description\" content=\"Jeans Pepe Jeans Blu \u27a4 Acquista online su Secondastrada.com Jeans Pepe Jeans Blu \u2714\ufe0f Spedizione veloce entro 24h in tutta Italia \u2714\ufe0f Sconto sul tuo primo acquisto\" \/>\n<meta property=\"og:url\" content=\"https:\/\/www.secondastrada.com\/it\/jeans-pepe-jeans-blu-6\/\" \/>\n<meta property=\"og:site_name\" content=\"Seconda Strada\" \/>\n<meta property=\"article:modified_time\" content=\"2026-05-14T12:35:18+00:00\" \/>\n<meta property=\"og:image\" content=\"https:\/\/www.secondastrada.com\/wp-content\/uploads\/2026\/03\/PL20509230-OB_DENIM-P000_PE26_1.jpg\" \/>\n\t<meta property=\"og:image:width\" content=\"1000\" \/>\n\t<meta property=\"og:image:height\" content=\"1300\" \/>\n\t<meta property=\"og:image:type\" content=\"image\/jpeg\" \/>\n<meta name=\"twitter:card\" content=\"summary_large_image\" \/>\n<meta name=\"twitter:label1\" content=\"Tempo di lettura stimato\" \/>\n\t<meta name=\"twitter:data1\" content=\"1 minuto\" \/>\n<!-- \/ Yoast SEO plugin. -->","yoast_head_json":{"title":"Jeans Pepe Jeans Blu - Acquista online! - Seconda Strada","description":"Jeans Pepe Jeans Blu \u27a4 Acquista online su Secondastrada.com Jeans Pepe Jeans Blu \u2714\ufe0f Spedizione veloce entro 24h in tutta Italia \u2714\ufe0f Sconto sul tuo primo acquisto","robots":{"index":"index","follow":"follow","max-snippet":"max-snippet:-1","max-image-preview":"max-image-preview:large","max-video-preview":"max-video-preview:-1"},"canonical":"https:\/\/www.secondastrada.com\/it\/jeans-pepe-jeans-blu-6\/","og_locale":"it_IT","og_type":"article","og_title":"Jeans Pepe Jeans Blu - Acquista online! - Seconda Strada","og_description":"Jeans Pepe Jeans Blu \u27a4 Acquista online su Secondastrada.com Jeans Pepe Jeans Blu \u2714\ufe0f Spedizione veloce entro 24h in tutta Italia \u2714\ufe0f Sconto sul tuo primo acquisto","og_url":"https:\/\/www.secondastrada.com\/it\/jeans-pepe-jeans-blu-6\/","og_site_name":"Seconda Strada","article_modified_time":"2026-05-14T12:35:18+00:00","og_image":[{"width":1000,"height":1300,"url":"https:\/\/www.secondastrada.com\/wp-content\/uploads\/2026\/03\/PL20509230-OB_DENIM-P000_PE26_1.jpg","type":"image\/jpeg"}],"twitter_card":"summary_large_image","twitter_misc":{"Tempo di lettura stimato":"1 minuto"},"schema":{"@context":"https:\/\/schema.org","@graph":[{"@type":"WebPage","@id":"https:\/\/www.secondastrada.com\/it\/jeans-pepe-jeans-blu-6\/","url":"https:\/\/www.secondastrada.com\/it\/jeans-pepe-jeans-blu-6\/","name":"Jeans Pepe Jeans Blu - Acquista online! - Seconda Strada","isPartOf":{"@id":"https:\/\/www.secondastrada.com\/it\/#website"},"primaryImageOfPage":{"@id":"https:\/\/www.secondastrada.com\/it\/jeans-pepe-jeans-blu-6\/#primaryimage"},"image":{"@id":"https:\/\/www.secondastrada.com\/it\/jeans-pepe-jeans-blu-6\/#primaryimage"},"thumbnailUrl":"https:\/\/www.secondastrada.com\/wp-content\/uploads\/2026\/03\/PL20509230-OB_DENIM-P000_PE26_1.jpg","datePublished":"2026-03-27T09:46:04+00:00","dateModified":"2026-05-14T12:35:18+00:00","description":"Jeans Pepe Jeans Blu \u27a4 Acquista online su Secondastrada.com Jeans Pepe Jeans Blu \u2714\ufe0f Spedizione veloce entro 24h in tutta Italia \u2714\ufe0f Sconto sul tuo primo acquisto","breadcrumb":{"@id":"https:\/\/www.secondastrada.com\/it\/jeans-pepe-jeans-blu-6\/#breadcrumb"},"inLanguage":"it-IT","potentialAction":[{"@type":"ReadAction","target":["https:\/\/www.secondastrada.com\/it\/jeans-pepe-jeans-blu-6\/"]}]},{"@type":"ImageObject","inLanguage":"it-IT","@id":"https:\/\/www.secondastrada.com\/it\/jeans-pepe-jeans-blu-6\/#primaryimage","url":"https:\/\/www.secondastrada.com\/wp-content\/uploads\/2026\/03\/PL20509230-OB_DENIM-P000_PE26_1.jpg","contentUrl":"https:\/\/www.secondastrada.com\/wp-content\/uploads\/2026\/03\/PL20509230-OB_DENIM-P000_PE26_1.jpg","width":1000,"height":1300,"caption":"PL20509230-OB_DENIM-P000_PE26"},{"@type":"BreadcrumbList","@id":"https:\/\/www.secondastrada.com\/it\/jeans-pepe-jeans-blu-6\/#breadcrumb","itemListElement":[{"@type":"ListItem","position":1,"name":"Home","item":"https:\/\/www.secondastrada.com\/it\/"},{"@type":"ListItem","position":2,"name":"Shop","item":"https:\/\/www.secondastrada.com\/it\/shop\/"},{"@type":"ListItem","position":3,"name":"Donna","item":"https:\/\/www.secondastrada.com\/it\/collezione-donna\/"},{"@type":"ListItem","position":4,"name":"Abbigliamento","item":"https:\/\/www.secondastrada.com\/it\/collezione-donna\/abbigliamento-donna\/"},{"@type":"ListItem","position":5,"name":"Jeans","item":"https:\/\/www.secondastrada.com\/it\/collezione-donna\/abbigliamento-donna\/jeans-da-donna\/"},{"@type":"ListItem","position":6,"name":"Jeans Pepe Jeans Blu"}]},{"@type":"WebSite","@id":"https:\/\/www.secondastrada.com\/it\/#website","url":"https:\/\/www.secondastrada.com\/it\/","name":"Seconda Strada","description":"","publisher":{"@id":"https:\/\/www.secondastrada.com\/it\/#organization"},"potentialAction":[{"@type":"SearchAction","target":{"@type":"EntryPoint","urlTemplate":"https:\/\/www.secondastrada.com\/it\/?s={search_term_string}"},"query-input":"required name=search_term_string"}],"inLanguage":"it-IT"},{"@type":"Organization","@id":"https:\/\/www.secondastrada.com\/it\/#organization","name":"Seconda Strada","url":"https:\/\/www.secondastrada.com\/it\/","logo":{"@type":"ImageObject","inLanguage":"it-IT","@id":"https:\/\/www.secondastrada.com\/it\/#\/schema\/logo\/image\/","url":"https:\/\/www.secondastrada.com\/wp-content\/uploads\/2023\/11\/secondastrada-logo.svg","contentUrl":"https:\/\/www.secondastrada.com\/wp-content\/uploads\/2023\/11\/secondastrada-logo.svg","width":353,"height":47,"caption":"Seconda Strada"},"image":{"@id":"https:\/\/www.secondastrada.com\/it\/#\/schema\/logo\/image\/"}}]}},"df_price":59.94,"df_sale_price":"","df_regular_price":59.94,"df_image_link":"https:\/\/www.secondastrada.com\/wp-content\/uploads\/2026\/03\/PL20509230-OB_DENIM-P000_PE26_1-300x300.jpg","_links":{"self":[{"href":"https:\/\/www.secondastrada.com\/it\/wp-json\/wp\/v2\/product\/352125"}],"collection":[{"href":"https:\/\/www.secondastrada.com\/it\/wp-json\/wp\/v2\/product"}],"about":[{"href":"https:\/\/www.secondastrada.com\/it\/wp-json\/wp\/v2\/types\/product"}],"wp:featuredmedia":[{"embeddable":true,"href":"https:\/\/www.secondastrada.com\/it\/wp-json\/wp\/v2\/media\/350934"}],"wp:attachment":[{"href":"https:\/\/www.secondastrada.com\/it\/wp-json\/wp\/v2\/media?parent=352125"}],"wp:term":[{"taxonomy":"ss_brand","embeddable":true,"href":"https:\/\/www.secondastrada.com\/it\/wp-json\/wp\/v2\/ss_brand?post=352125"},{"taxonomy":"ss_promo","embeddable":true,"href":"https:\/\/www.secondastrada.com\/it\/wp-json\/wp\/v2\/ss_promo?post=352125"},{"taxonomy":"ss_season","embeddable":true,"href":"https:\/\/www.secondastrada.com\/it\/wp-json\/wp\/v2\/ss_season?post=352125"},{"taxonomy":"product_cat","embeddable":true,"href":"https:\/\/www.secondastrada.com\/it\/wp-json\/wp\/v2\/product_cat?post=352125"},{"taxonomy":"product_tag","embeddable":true,"href":"https:\/\/www.secondastrada.com\/it\/wp-json\/wp\/v2\/product_tag?post=352125"}],"curies":[{"name":"wp","href":"https:\/\/api.w.org\/{rel}","templated":true}]}}