{"id":352348,"date":"2026-03-27T11:06:44","date_gmt":"2026-03-27T10:06:44","guid":{"rendered":"https:\/\/www.secondastrada.com\/it\/t-shirt-pepe-jeans-nera-3\/"},"modified":"2026-04-17T00:24:51","modified_gmt":"2026-04-16T22:24:51","slug":"t-shirt-pepe-jeans-nera-3","status":"publish","type":"product","link":"https:\/\/www.secondastrada.com\/it\/t-shirt-pepe-jeans-nera-3\/","title":{"rendered":"T-shirt Pepe Jeans Nera"},"content":{"rendered":"<p><b>T-shirt PEPE JEANS Nera da donna<\/b><br \/>\nLa T-shirt PEPE JEANS Nera \u00e8 un capo essenziale e versatile, pensato per accompagnarti con stile nella tua quotidianit\u00e0. Realizzata in 95% cotone e 5% elastano, offre una combinazione perfetta di comfort, morbidezza ed elasticit\u00e0, adattandosi al corpo con una vestibilit\u00e0 regolare che valorizza la silhouette senza costringere. Il design pulito \u00e8 arricchito dal logo Pepe Jeans, un dettaglio iconico che dona carattere e riconoscibilit\u00e0 al capo.<br \/>Questa T-shirt da donna adatta alla stagione primavera estate \u00e8 ideale per essere indossata di giorno, nelle tue attivit\u00e0 quotidiane o nel tempo libero, quando cerchi un look semplice ma curato. Il colore bianco la rende estremamente versatile e facile da abbinare, diventando un vero must-have del guardaroba. La modella \u00e8 alta 165 cm e indossa la taglia S, a conferma di una vestibilit\u00e0 equilibrata e confortevole.<br \/>Per un outfit casual e dinamico puoi abbinarla a un jeans e sneakers, mentre per uno stile pi\u00f9 rilassato puoi scegliere pantaloni sportivi e accessori minimal. La T-shirt con logo Pepe Jeans \u00e8 perfetta per chi ama capi pratici ma con una forte identit\u00e0, ideali per ogni giorno.<br \/>Acquistando su SecondaStrada.com hai la certezza di scegliere prodotti originali e accuratamente selezionati. <b>Codice articolo: PL505202 OB<\/b><\/p>\n","protected":false},"excerpt":{"rendered":"<p>T-shirt PEPE JEANS Nera da donna La T-shirt PEPE JEANS Nera \u00e8 un capo essenziale e versatile, pensato per accompagnarti con stile nella tua quotidianit\u00e0. Realizzata in 95% cotone e 5% elastano, offre una combinazione perfetta di comfort, morbidezza ed elasticit\u00e0, adattandosi al corpo con una vestibilit\u00e0 regolare che valorizza la silhouette senza costringere. Il&#8230;<\/p>\n","protected":false},"featured_media":350898,"template":"","meta":{"inline_featured_image":false},"ss_brand":[1212],"ss_promo":[],"ss_season":[2531],"product_cat":[1329,1658,1822,1337],"product_tag":[1995,1808],"class_list":{"0":"post-352348","1":"product","2":"type-product","3":"status-publish","4":"has-post-thumbnail","6":"ss_brand-pepe-jeans-donna","7":"ss_season-pe26","8":"product_cat-abbigliamento-donna","9":"product_cat-collezione-donna","10":"product_cat-t-shirt-da-donna","11":"product_cat-t-shirt-e-top-da-donna","12":"product_tag-nuovi-arrivi-donna","13":"product_tag-t-shirt-e-top-pepe-jeans-donna","15":"first","16":"instock","17":"shipping-taxable","18":"purchasable","19":"product-type-variable","20":"has-default-attributes"},"acf":{"ss_brand":[{"term_id":1212,"name":"PEPE JEANS","slug":"pepe-jeans-donna","term_group":0,"term_taxonomy_id":1212,"taxonomy":"ss_brand","description":"Stile urban-cool con accento british: dai una scossa al tuo guardaroba e scopri la collezione abbigliamento da donna Pepe Jeans a prezzi bassissimi!\u00a0Acquista online su SecondaStrada.com <strong>abbigliamento da donna Pepe Jeans scontatissimo<\/strong>!","parent":1201,"count":214,"filter":"raw"}],"ss_promo":false,"ss_season":[{"term_id":2531,"name":"PE26","slug":"pe26","term_group":0,"term_taxonomy_id":2531,"taxonomy":"ss_season","description":"","parent":0,"count":1939,"filter":"raw"}],"ss_old_price":"0,00","ss_omnibus_price":"0,00","ss_style_advice":"<p><b>T-shirt PEPE JEANS Nera da donna<\/b><br \/>\nLa T-shirt PEPE JEANS Nera \u00e8 un capo essenziale e versatile, pensato per accompagnarti con stile nella tua quotidianit\u00e0. Realizzata in 95% cotone e 5% elastano, offre una combinazione perfetta di comfort, morbidezza ed elasticit\u00e0, adattandosi al corpo con una vestibilit\u00e0 regolare che valorizza la silhouette senza costringere. Il design pulito \u00e8 arricchito dal logo Pepe Jeans, un dettaglio iconico che dona carattere e riconoscibilit\u00e0 al capo.<br \/>Questa T-shirt da donna adatta alla stagione primavera estate \u00e8 ideale per essere indossata di giorno, nelle tue attivit\u00e0 quotidiane o nel tempo libero, quando cerchi un look semplice ma curato. Il colore bianco la rende estremamente versatile e facile da abbinare, diventando un vero must-have del guardaroba. La modella \u00e8 alta 165 cm e indossa la taglia S, a conferma di una vestibilit\u00e0 equilibrata e confortevole.<br \/>Per un outfit casual e dinamico puoi abbinarla a un jeans e sneakers, mentre per uno stile pi\u00f9 rilassato puoi scegliere pantaloni sportivi e accessori minimal. La T-shirt con logo Pepe Jeans \u00e8 perfetta per chi ama capi pratici ma con una forte identit\u00e0, ideali per ogni giorno.<br \/>Acquistando su SecondaStrada.com hai la certezza di scegliere prodotti originali e accuratamente selezionati. <b>Codice articolo: PL505202 OB<\/b><\/p>\n","ss_composition":"<p>95% cotone, 5% elastano<\/p>\n","ss_fit":"<p>La modella \u00e8 alta 165 cm e veste la taglia S. La vestibilit\u00e0 del capo \u00e8 regolare.<\/p>\n"},"yoast_head":"<!-- This site is optimized with the Yoast SEO plugin v22.3 - https:\/\/yoast.com\/wordpress\/plugins\/seo\/ -->\n<title>T-shirt Pepe Jeans Nera - Acquista online! - Seconda Strada<\/title>\n<meta name=\"description\" content=\"T-shirt Pepe Jeans Nera \u27a4 Acquista online su Secondastrada.com T-shirt Pepe Jeans Nera \u2714\ufe0f Spedizione veloce entro 24h in tutta Italia \u2714\ufe0f Sconto sul tuo primo acquisto\" \/>\n<meta name=\"robots\" content=\"index, follow, max-snippet:-1, max-image-preview:large, max-video-preview:-1\" \/>\n<link rel=\"canonical\" href=\"https:\/\/www.secondastrada.com\/it\/t-shirt-pepe-jeans-nera-3\/\" \/>\n<meta property=\"og:locale\" content=\"it_IT\" \/>\n<meta property=\"og:type\" content=\"article\" \/>\n<meta property=\"og:title\" content=\"T-shirt Pepe Jeans Nera - Acquista online! - Seconda Strada\" \/>\n<meta property=\"og:description\" content=\"T-shirt Pepe Jeans Nera \u27a4 Acquista online su Secondastrada.com T-shirt Pepe Jeans Nera \u2714\ufe0f Spedizione veloce entro 24h in tutta Italia \u2714\ufe0f Sconto sul tuo primo acquisto\" \/>\n<meta property=\"og:url\" content=\"https:\/\/www.secondastrada.com\/it\/t-shirt-pepe-jeans-nera-3\/\" \/>\n<meta property=\"og:site_name\" content=\"Seconda Strada\" \/>\n<meta property=\"article:modified_time\" content=\"2026-04-16T22:24:51+00:00\" \/>\n<meta property=\"og:image\" content=\"https:\/\/www.secondastrada.com\/wp-content\/uploads\/2026\/03\/PL505203-OB_BLACK-P999_PE26_1.jpg\" \/>\n\t<meta property=\"og:image:width\" content=\"1000\" \/>\n\t<meta property=\"og:image:height\" content=\"1300\" \/>\n\t<meta property=\"og:image:type\" content=\"image\/jpeg\" \/>\n<meta name=\"twitter:card\" content=\"summary_large_image\" \/>\n<meta name=\"twitter:label1\" content=\"Tempo di lettura stimato\" \/>\n\t<meta name=\"twitter:data1\" content=\"1 minuto\" \/>\n<!-- \/ Yoast SEO plugin. -->","yoast_head_json":{"title":"T-shirt Pepe Jeans Nera - Acquista online! - Seconda Strada","description":"T-shirt Pepe Jeans Nera \u27a4 Acquista online su Secondastrada.com T-shirt Pepe Jeans Nera \u2714\ufe0f Spedizione veloce entro 24h in tutta Italia \u2714\ufe0f Sconto sul tuo primo acquisto","robots":{"index":"index","follow":"follow","max-snippet":"max-snippet:-1","max-image-preview":"max-image-preview:large","max-video-preview":"max-video-preview:-1"},"canonical":"https:\/\/www.secondastrada.com\/it\/t-shirt-pepe-jeans-nera-3\/","og_locale":"it_IT","og_type":"article","og_title":"T-shirt Pepe Jeans Nera - Acquista online! - Seconda Strada","og_description":"T-shirt Pepe Jeans Nera \u27a4 Acquista online su Secondastrada.com T-shirt Pepe Jeans Nera \u2714\ufe0f Spedizione veloce entro 24h in tutta Italia \u2714\ufe0f Sconto sul tuo primo acquisto","og_url":"https:\/\/www.secondastrada.com\/it\/t-shirt-pepe-jeans-nera-3\/","og_site_name":"Seconda Strada","article_modified_time":"2026-04-16T22:24:51+00:00","og_image":[{"width":1000,"height":1300,"url":"https:\/\/www.secondastrada.com\/wp-content\/uploads\/2026\/03\/PL505203-OB_BLACK-P999_PE26_1.jpg","type":"image\/jpeg"}],"twitter_card":"summary_large_image","twitter_misc":{"Tempo di lettura stimato":"1 minuto"},"schema":{"@context":"https:\/\/schema.org","@graph":[{"@type":"WebPage","@id":"https:\/\/www.secondastrada.com\/it\/t-shirt-pepe-jeans-nera-3\/","url":"https:\/\/www.secondastrada.com\/it\/t-shirt-pepe-jeans-nera-3\/","name":"T-shirt Pepe Jeans Nera - Acquista online! - Seconda Strada","isPartOf":{"@id":"https:\/\/www.secondastrada.com\/it\/#website"},"primaryImageOfPage":{"@id":"https:\/\/www.secondastrada.com\/it\/t-shirt-pepe-jeans-nera-3\/#primaryimage"},"image":{"@id":"https:\/\/www.secondastrada.com\/it\/t-shirt-pepe-jeans-nera-3\/#primaryimage"},"thumbnailUrl":"https:\/\/www.secondastrada.com\/wp-content\/uploads\/2026\/03\/PL505203-OB_BLACK-P999_PE26_1.jpg","datePublished":"2026-03-27T10:06:44+00:00","dateModified":"2026-04-16T22:24:51+00:00","description":"T-shirt Pepe Jeans Nera \u27a4 Acquista online su Secondastrada.com T-shirt Pepe Jeans Nera \u2714\ufe0f Spedizione veloce entro 24h in tutta Italia \u2714\ufe0f Sconto sul tuo primo acquisto","breadcrumb":{"@id":"https:\/\/www.secondastrada.com\/it\/t-shirt-pepe-jeans-nera-3\/#breadcrumb"},"inLanguage":"it-IT","potentialAction":[{"@type":"ReadAction","target":["https:\/\/www.secondastrada.com\/it\/t-shirt-pepe-jeans-nera-3\/"]}]},{"@type":"ImageObject","inLanguage":"it-IT","@id":"https:\/\/www.secondastrada.com\/it\/t-shirt-pepe-jeans-nera-3\/#primaryimage","url":"https:\/\/www.secondastrada.com\/wp-content\/uploads\/2026\/03\/PL505203-OB_BLACK-P999_PE26_1.jpg","contentUrl":"https:\/\/www.secondastrada.com\/wp-content\/uploads\/2026\/03\/PL505203-OB_BLACK-P999_PE26_1.jpg","width":1000,"height":1300,"caption":"PL505203-OB_BLACK-P999_PE26"},{"@type":"BreadcrumbList","@id":"https:\/\/www.secondastrada.com\/it\/t-shirt-pepe-jeans-nera-3\/#breadcrumb","itemListElement":[{"@type":"ListItem","position":1,"name":"Home","item":"https:\/\/www.secondastrada.com\/it\/"},{"@type":"ListItem","position":2,"name":"Shop","item":"https:\/\/www.secondastrada.com\/it\/shop\/"},{"@type":"ListItem","position":3,"name":"Donna","item":"https:\/\/www.secondastrada.com\/it\/collezione-donna\/"},{"@type":"ListItem","position":4,"name":"Abbigliamento","item":"https:\/\/www.secondastrada.com\/it\/collezione-donna\/abbigliamento-donna\/"},{"@type":"ListItem","position":5,"name":"T-shirt e Top","item":"https:\/\/www.secondastrada.com\/it\/collezione-donna\/abbigliamento-donna\/t-shirt-e-top-da-donna\/"},{"@type":"ListItem","position":6,"name":"T-shirt","item":"https:\/\/www.secondastrada.com\/it\/collezione-donna\/abbigliamento-donna\/t-shirt-e-top-da-donna\/t-shirt-da-donna\/"},{"@type":"ListItem","position":7,"name":"T-shirt Pepe Jeans Nera"}]},{"@type":"WebSite","@id":"https:\/\/www.secondastrada.com\/it\/#website","url":"https:\/\/www.secondastrada.com\/it\/","name":"Seconda Strada","description":"","publisher":{"@id":"https:\/\/www.secondastrada.com\/it\/#organization"},"potentialAction":[{"@type":"SearchAction","target":{"@type":"EntryPoint","urlTemplate":"https:\/\/www.secondastrada.com\/it\/?s={search_term_string}"},"query-input":"required name=search_term_string"}],"inLanguage":"it-IT"},{"@type":"Organization","@id":"https:\/\/www.secondastrada.com\/it\/#organization","name":"Seconda Strada","url":"https:\/\/www.secondastrada.com\/it\/","logo":{"@type":"ImageObject","inLanguage":"it-IT","@id":"https:\/\/www.secondastrada.com\/it\/#\/schema\/logo\/image\/","url":"https:\/\/www.secondastrada.com\/wp-content\/uploads\/2023\/11\/secondastrada-logo.svg","contentUrl":"https:\/\/www.secondastrada.com\/wp-content\/uploads\/2023\/11\/secondastrada-logo.svg","width":353,"height":47,"caption":"Seconda Strada"},"image":{"@id":"https:\/\/www.secondastrada.com\/it\/#\/schema\/logo\/image\/"}}]}},"df_price":35,"df_sale_price":"","df_regular_price":35,"df_image_link":"https:\/\/www.secondastrada.com\/wp-content\/uploads\/2026\/03\/PL505203-OB_BLACK-P999_PE26_1-300x300.jpg","_links":{"self":[{"href":"https:\/\/www.secondastrada.com\/it\/wp-json\/wp\/v2\/product\/352348"}],"collection":[{"href":"https:\/\/www.secondastrada.com\/it\/wp-json\/wp\/v2\/product"}],"about":[{"href":"https:\/\/www.secondastrada.com\/it\/wp-json\/wp\/v2\/types\/product"}],"wp:featuredmedia":[{"embeddable":true,"href":"https:\/\/www.secondastrada.com\/it\/wp-json\/wp\/v2\/media\/350898"}],"wp:attachment":[{"href":"https:\/\/www.secondastrada.com\/it\/wp-json\/wp\/v2\/media?parent=352348"}],"wp:term":[{"taxonomy":"ss_brand","embeddable":true,"href":"https:\/\/www.secondastrada.com\/it\/wp-json\/wp\/v2\/ss_brand?post=352348"},{"taxonomy":"ss_promo","embeddable":true,"href":"https:\/\/www.secondastrada.com\/it\/wp-json\/wp\/v2\/ss_promo?post=352348"},{"taxonomy":"ss_season","embeddable":true,"href":"https:\/\/www.secondastrada.com\/it\/wp-json\/wp\/v2\/ss_season?post=352348"},{"taxonomy":"product_cat","embeddable":true,"href":"https:\/\/www.secondastrada.com\/it\/wp-json\/wp\/v2\/product_cat?post=352348"},{"taxonomy":"product_tag","embeddable":true,"href":"https:\/\/www.secondastrada.com\/it\/wp-json\/wp\/v2\/product_tag?post=352348"}],"curies":[{"name":"wp","href":"https:\/\/api.w.org\/{rel}","templated":true}]}}