{"id":352381,"date":"2026-03-27T11:09:54","date_gmt":"2026-03-27T10:09:54","guid":{"rendered":"https:\/\/www.secondastrada.com\/it\/vestito-pepe-jeans-in-fantasia\/"},"modified":"2026-04-17T00:17:00","modified_gmt":"2026-04-16T22:17:00","slug":"vestito-pepe-jeans-in-fantasia","status":"publish","type":"product","link":"https:\/\/www.secondastrada.com\/it\/vestito-pepe-jeans-in-fantasia\/","title":{"rendered":"Vestito Pepe Jeans in Fantasia"},"content":{"rendered":"<p><b>Vestito PEPE JEANS in Fantasia da donna<\/b><br \/>\nIl Vestito PEPE JEANS in Fantasia \u00e8 la scelta perfetta per chi desidera un look femminile, leggero e ricco di personalit\u00e0. Realizzato in 100% viscosa, questo capo offre una vestibilit\u00e0 fluida e confortevole, ideale per accompagnarti con eleganza durante la stagione pi\u00f9 calda. Il design con caratteristiche floreali, manica lunga e linea svasata valorizza la silhouette con naturalezza, creando un movimento armonioso ad ogni passo.<br \/>Questo vestito da donna adatto alla stagione primavera estate \u00e8 pensato per adattarsi a diverse occasioni: perfetto di sera per una cena o un\u2019uscita speciale, ma facilmente indossabile anche di giorno con un tocco pi\u00f9 casual. La modella \u00e8 alta 172 cm e indossa la taglia S, e il capo presenta una vestibilit\u00e0 regolare che si adatta con equilibrio alla figura.<br \/>Per un look deciso puoi abbinarlo a un paio di anfibi, mentre per uno stile pi\u00f9 boho e rilassato puoi scegliere camperos e accessori minimal. Il vestito con caratteristiche floreali, manica lunga, svasato \u00e8 ideale per chi ama capi versatili ma sempre d\u2019impatto, perfetti per esprimere il proprio stile con semplicit\u00e0.<br \/>Acquistando su SecondaStrada.com hai la certezza di scegliere prodotti originali e accuratamente selezionati. <b>Codice articolo: PL9537759 OB<\/b><\/p>\n","protected":false},"excerpt":{"rendered":"<p>Vestito PEPE JEANS in Fantasia da donna Il Vestito PEPE JEANS in Fantasia \u00e8 la scelta perfetta per chi desidera un look femminile, leggero e ricco di personalit\u00e0. Realizzato in 100% viscosa, questo capo offre una vestibilit\u00e0 fluida e confortevole, ideale per accompagnarti con eleganza durante la stagione pi\u00f9 calda. Il design con caratteristiche floreali,&#8230;<\/p>\n","protected":false},"featured_media":350976,"template":"","meta":{"inline_featured_image":false},"ss_brand":[1212],"ss_promo":[],"ss_season":[2531],"product_cat":[1329,1539,1658,1610,2281,1611,1613],"product_tag":[2403,2404,2407,1995],"class_list":{"0":"post-352381","1":"product","2":"type-product","3":"status-publish","4":"has-post-thumbnail","6":"ss_brand-pepe-jeans-donna","7":"ss_season-pe26","8":"product_cat-abbigliamento-donna","9":"product_cat-abiti-e-vestiti-da-donna","10":"product_cat-collezione-donna","11":"product_cat-vestiti-da-donna-corti","12":"product_cat-vestiti-estivi-da-donna","13":"product_cat-vestiti-da-donna-floreali","14":"product_cat-vestiti-da-donna-a-manica-lunga","15":"product_tag-look-da-festa-donna","16":"product_tag-look-da-primo-appuntamento-donna","17":"product_tag-look-da-sabato-sera-donna","18":"product_tag-nuovi-arrivi-donna","20":"first","21":"instock","22":"shipping-taxable","23":"purchasable","24":"product-type-variable","25":"has-default-attributes"},"acf":{"ss_brand":[{"term_id":1212,"name":"PEPE JEANS","slug":"pepe-jeans-donna","term_group":0,"term_taxonomy_id":1212,"taxonomy":"ss_brand","description":"Stile urban-cool con accento british: dai una scossa al tuo guardaroba e scopri la collezione abbigliamento da donna Pepe Jeans a prezzi bassissimi!\u00a0Acquista online su SecondaStrada.com <strong>abbigliamento da donna Pepe Jeans scontatissimo<\/strong>!","parent":1201,"count":222,"filter":"raw"}],"ss_promo":false,"ss_season":[{"term_id":2531,"name":"PE26","slug":"pe26","term_group":0,"term_taxonomy_id":2531,"taxonomy":"ss_season","description":"","parent":0,"count":2007,"filter":"raw"}],"ss_old_price":"0,00","ss_omnibus_price":"0,00","ss_style_advice":"<p><b>Vestito PEPE JEANS in Fantasia da donna<\/b><br \/>\nIl Vestito PEPE JEANS in Fantasia \u00e8 la scelta perfetta per chi desidera un look femminile, leggero e ricco di personalit\u00e0. Realizzato in 100% viscosa, questo capo offre una vestibilit\u00e0 fluida e confortevole, ideale per accompagnarti con eleganza durante la stagione pi\u00f9 calda. Il design con caratteristiche floreali, manica lunga e linea svasata valorizza la silhouette con naturalezza, creando un movimento armonioso ad ogni passo.<br \/>Questo vestito da donna adatto alla stagione primavera estate \u00e8 pensato per adattarsi a diverse occasioni: perfetto di sera per una cena o un\u2019uscita speciale, ma facilmente indossabile anche di giorno con un tocco pi\u00f9 casual. La modella \u00e8 alta 172 cm e indossa la taglia S, e il capo presenta una vestibilit\u00e0 regolare che si adatta con equilibrio alla figura.<br \/>Per un look deciso puoi abbinarlo a un paio di anfibi, mentre per uno stile pi\u00f9 boho e rilassato puoi scegliere camperos e accessori minimal. Il vestito con caratteristiche floreali, manica lunga, svasato \u00e8 ideale per chi ama capi versatili ma sempre d\u2019impatto, perfetti per esprimere il proprio stile con semplicit\u00e0.<br \/>Acquistando su SecondaStrada.com hai la certezza di scegliere prodotti originali e accuratamente selezionati. <b>Codice articolo: PL9537759 OB<\/b><\/p>\n","ss_composition":"<p>100% viscosa<\/p>\n","ss_fit":"<p>La modella \u00e8 alta 172 cm e veste la taglia S. La vestibilit\u00e0 del capo \u00e8 regolare.<\/p>\n"},"yoast_head":"<!-- This site is optimized with the Yoast SEO plugin v22.3 - https:\/\/yoast.com\/wordpress\/plugins\/seo\/ -->\n<title>Vestito Pepe Jeans in Fantasia - Acquista online! - Seconda Strada<\/title>\n<meta name=\"description\" content=\"Vestito Pepe Jeans in Fantasia \u27a4 Acquista online su Secondastrada.com Vestito Pepe Jeans in Fantasia \u2714\ufe0f Spedizione veloce entro 24h in tutta Italia \u2714\ufe0f Sconto sul tuo primo acquisto\" \/>\n<meta name=\"robots\" content=\"index, follow, max-snippet:-1, max-image-preview:large, max-video-preview:-1\" \/>\n<link rel=\"canonical\" href=\"https:\/\/www.secondastrada.com\/it\/vestito-pepe-jeans-in-fantasia\/\" \/>\n<meta property=\"og:locale\" content=\"it_IT\" \/>\n<meta property=\"og:type\" content=\"article\" \/>\n<meta property=\"og:title\" content=\"Vestito Pepe Jeans in Fantasia - Acquista online! - Seconda Strada\" \/>\n<meta property=\"og:description\" content=\"Vestito Pepe Jeans in Fantasia \u27a4 Acquista online su Secondastrada.com Vestito Pepe Jeans in Fantasia \u2714\ufe0f Spedizione veloce entro 24h in tutta Italia \u2714\ufe0f Sconto sul tuo primo acquisto\" \/>\n<meta property=\"og:url\" content=\"https:\/\/www.secondastrada.com\/it\/vestito-pepe-jeans-in-fantasia\/\" \/>\n<meta property=\"og:site_name\" content=\"Seconda Strada\" \/>\n<meta property=\"article:modified_time\" content=\"2026-04-16T22:17:00+00:00\" \/>\n<meta property=\"og:image\" content=\"https:\/\/www.secondastrada.com\/wp-content\/uploads\/2026\/03\/PL9537759-OB_LOTUS-RED-P296_PE26_1.jpg\" \/>\n\t<meta property=\"og:image:width\" content=\"1000\" \/>\n\t<meta property=\"og:image:height\" content=\"1300\" \/>\n\t<meta property=\"og:image:type\" content=\"image\/jpeg\" \/>\n<meta name=\"twitter:card\" content=\"summary_large_image\" \/>\n<meta name=\"twitter:label1\" content=\"Tempo di lettura stimato\" \/>\n\t<meta name=\"twitter:data1\" content=\"1 minuto\" \/>\n<!-- \/ Yoast SEO plugin. -->","yoast_head_json":{"title":"Vestito Pepe Jeans in Fantasia - Acquista online! - Seconda Strada","description":"Vestito Pepe Jeans in Fantasia \u27a4 Acquista online su Secondastrada.com Vestito Pepe Jeans in Fantasia \u2714\ufe0f Spedizione veloce entro 24h in tutta Italia \u2714\ufe0f Sconto sul tuo primo acquisto","robots":{"index":"index","follow":"follow","max-snippet":"max-snippet:-1","max-image-preview":"max-image-preview:large","max-video-preview":"max-video-preview:-1"},"canonical":"https:\/\/www.secondastrada.com\/it\/vestito-pepe-jeans-in-fantasia\/","og_locale":"it_IT","og_type":"article","og_title":"Vestito Pepe Jeans in Fantasia - Acquista online! - Seconda Strada","og_description":"Vestito Pepe Jeans in Fantasia \u27a4 Acquista online su Secondastrada.com Vestito Pepe Jeans in Fantasia \u2714\ufe0f Spedizione veloce entro 24h in tutta Italia \u2714\ufe0f Sconto sul tuo primo acquisto","og_url":"https:\/\/www.secondastrada.com\/it\/vestito-pepe-jeans-in-fantasia\/","og_site_name":"Seconda Strada","article_modified_time":"2026-04-16T22:17:00+00:00","og_image":[{"width":1000,"height":1300,"url":"https:\/\/www.secondastrada.com\/wp-content\/uploads\/2026\/03\/PL9537759-OB_LOTUS-RED-P296_PE26_1.jpg","type":"image\/jpeg"}],"twitter_card":"summary_large_image","twitter_misc":{"Tempo di lettura stimato":"1 minuto"},"schema":{"@context":"https:\/\/schema.org","@graph":[{"@type":"WebPage","@id":"https:\/\/www.secondastrada.com\/it\/vestito-pepe-jeans-in-fantasia\/","url":"https:\/\/www.secondastrada.com\/it\/vestito-pepe-jeans-in-fantasia\/","name":"Vestito Pepe Jeans in Fantasia - Acquista online! - Seconda Strada","isPartOf":{"@id":"https:\/\/www.secondastrada.com\/it\/#website"},"primaryImageOfPage":{"@id":"https:\/\/www.secondastrada.com\/it\/vestito-pepe-jeans-in-fantasia\/#primaryimage"},"image":{"@id":"https:\/\/www.secondastrada.com\/it\/vestito-pepe-jeans-in-fantasia\/#primaryimage"},"thumbnailUrl":"https:\/\/www.secondastrada.com\/wp-content\/uploads\/2026\/03\/PL9537759-OB_LOTUS-RED-P296_PE26_1.jpg","datePublished":"2026-03-27T10:09:54+00:00","dateModified":"2026-04-16T22:17:00+00:00","description":"Vestito Pepe Jeans in Fantasia \u27a4 Acquista online su Secondastrada.com Vestito Pepe Jeans in Fantasia \u2714\ufe0f Spedizione veloce entro 24h in tutta Italia \u2714\ufe0f Sconto sul tuo primo acquisto","breadcrumb":{"@id":"https:\/\/www.secondastrada.com\/it\/vestito-pepe-jeans-in-fantasia\/#breadcrumb"},"inLanguage":"it-IT","potentialAction":[{"@type":"ReadAction","target":["https:\/\/www.secondastrada.com\/it\/vestito-pepe-jeans-in-fantasia\/"]}]},{"@type":"ImageObject","inLanguage":"it-IT","@id":"https:\/\/www.secondastrada.com\/it\/vestito-pepe-jeans-in-fantasia\/#primaryimage","url":"https:\/\/www.secondastrada.com\/wp-content\/uploads\/2026\/03\/PL9537759-OB_LOTUS-RED-P296_PE26_1.jpg","contentUrl":"https:\/\/www.secondastrada.com\/wp-content\/uploads\/2026\/03\/PL9537759-OB_LOTUS-RED-P296_PE26_1.jpg","width":1000,"height":1300,"caption":"PL9537759-OB_LOTUS-RED-P296_PE26"},{"@type":"BreadcrumbList","@id":"https:\/\/www.secondastrada.com\/it\/vestito-pepe-jeans-in-fantasia\/#breadcrumb","itemListElement":[{"@type":"ListItem","position":1,"name":"Home","item":"https:\/\/www.secondastrada.com\/it\/"},{"@type":"ListItem","position":2,"name":"Shop","item":"https:\/\/www.secondastrada.com\/it\/shop\/"},{"@type":"ListItem","position":3,"name":"Donna","item":"https:\/\/www.secondastrada.com\/it\/collezione-donna\/"},{"@type":"ListItem","position":4,"name":"Abbigliamento","item":"https:\/\/www.secondastrada.com\/it\/collezione-donna\/abbigliamento-donna\/"},{"@type":"ListItem","position":5,"name":"Abiti e Vestiti","item":"https:\/\/www.secondastrada.com\/it\/collezione-donna\/abbigliamento-donna\/abiti-e-vestiti-da-donna\/"},{"@type":"ListItem","position":6,"name":"Vestiti corti","item":"https:\/\/www.secondastrada.com\/it\/collezione-donna\/abbigliamento-donna\/abiti-e-vestiti-da-donna\/vestiti-da-donna-corti\/"},{"@type":"ListItem","position":7,"name":"Vestito Pepe Jeans in Fantasia"}]},{"@type":"WebSite","@id":"https:\/\/www.secondastrada.com\/it\/#website","url":"https:\/\/www.secondastrada.com\/it\/","name":"Seconda Strada","description":"","publisher":{"@id":"https:\/\/www.secondastrada.com\/it\/#organization"},"potentialAction":[{"@type":"SearchAction","target":{"@type":"EntryPoint","urlTemplate":"https:\/\/www.secondastrada.com\/it\/?s={search_term_string}"},"query-input":"required name=search_term_string"}],"inLanguage":"it-IT"},{"@type":"Organization","@id":"https:\/\/www.secondastrada.com\/it\/#organization","name":"Seconda Strada","url":"https:\/\/www.secondastrada.com\/it\/","logo":{"@type":"ImageObject","inLanguage":"it-IT","@id":"https:\/\/www.secondastrada.com\/it\/#\/schema\/logo\/image\/","url":"https:\/\/www.secondastrada.com\/wp-content\/uploads\/2023\/11\/secondastrada-logo.svg","contentUrl":"https:\/\/www.secondastrada.com\/wp-content\/uploads\/2023\/11\/secondastrada-logo.svg","width":353,"height":47,"caption":"Seconda Strada"},"image":{"@id":"https:\/\/www.secondastrada.com\/it\/#\/schema\/logo\/image\/"}}]}},"df_price":110,"df_sale_price":"","df_regular_price":110,"df_image_link":"https:\/\/www.secondastrada.com\/wp-content\/uploads\/2026\/03\/PL9537759-OB_LOTUS-RED-P296_PE26_1-300x300.jpg","_links":{"self":[{"href":"https:\/\/www.secondastrada.com\/it\/wp-json\/wp\/v2\/product\/352381"}],"collection":[{"href":"https:\/\/www.secondastrada.com\/it\/wp-json\/wp\/v2\/product"}],"about":[{"href":"https:\/\/www.secondastrada.com\/it\/wp-json\/wp\/v2\/types\/product"}],"wp:featuredmedia":[{"embeddable":true,"href":"https:\/\/www.secondastrada.com\/it\/wp-json\/wp\/v2\/media\/350976"}],"wp:attachment":[{"href":"https:\/\/www.secondastrada.com\/it\/wp-json\/wp\/v2\/media?parent=352381"}],"wp:term":[{"taxonomy":"ss_brand","embeddable":true,"href":"https:\/\/www.secondastrada.com\/it\/wp-json\/wp\/v2\/ss_brand?post=352381"},{"taxonomy":"ss_promo","embeddable":true,"href":"https:\/\/www.secondastrada.com\/it\/wp-json\/wp\/v2\/ss_promo?post=352381"},{"taxonomy":"ss_season","embeddable":true,"href":"https:\/\/www.secondastrada.com\/it\/wp-json\/wp\/v2\/ss_season?post=352381"},{"taxonomy":"product_cat","embeddable":true,"href":"https:\/\/www.secondastrada.com\/it\/wp-json\/wp\/v2\/product_cat?post=352381"},{"taxonomy":"product_tag","embeddable":true,"href":"https:\/\/www.secondastrada.com\/it\/wp-json\/wp\/v2\/product_tag?post=352381"}],"curies":[{"name":"wp","href":"https:\/\/api.w.org\/{rel}","templated":true}]}}