{"id":352490,"date":"2026-03-27T11:19:49","date_gmt":"2026-03-27T10:19:49","guid":{"rendered":"https:\/\/www.secondastrada.com\/it\/vestito-rue-de-clerie-bianco-2\/"},"modified":"2026-05-01T01:48:49","modified_gmt":"2026-04-30T23:48:49","slug":"vestito-rue-de-clerie-bianco-2","status":"publish","type":"product","link":"https:\/\/www.secondastrada.com\/it\/vestito-rue-de-clerie-bianco-2\/","title":{"rendered":"Vestito Rue De Clerie Bianco"},"content":{"rendered":"<p><b>Vestito RUE DE CLERIE Bianco da donna<\/b><br \/>\nIl Vestito RUE DE CLERIE Bianco \u00e8 la scelta perfetta per chi desidera un look elegante, essenziale e femminile. Realizzato in raso con una linea lunga e spalline sottili, questo capo valorizza la silhouette con naturalezza, grazie alla sua vestibilit\u00e0 regolare e al tessuto fluido che scivola delicatamente sul corpo. La composizione in 95% poliestere e 5% elastano garantisce comfort e una leggera elasticit\u00e0, ideale per accompagnarti con stile in ogni movimento.<br \/>Questo vestito da donna adatto alla primavera estate \u00e8 pensato per le occasioni speciali ma anche per serate in cui vuoi sentirti semplicemente impeccabile. Perfetto di sera, per una cena elegante o un evento, dona luce e raffinatezza al tuo look. La modella \u00e8 alta 172 cm e indossa la taglia S, a conferma di una vestibilit\u00e0 equilibrata e armoniosa.<br \/>Per un outfit sofisticato puoi abbinarlo a sandali con tacco e una clutch minimal, mentre per un tocco pi\u00f9 contemporaneo puoi scegliere un blazer leggero o accostarlo a camperos per uno stile pi\u00f9 deciso. Il vestito con vestito in raso lungo, spalline \u00e8 ideale per chi ama capi versatili ma di grande impatto.<br \/>Acquistando su SecondaStrada.com hai la sicurezza di scegliere prodotti originali e accuratamente selezionati. <b>Codice articolo: F856XBF5890 OB<\/b><\/p>\n","protected":false},"excerpt":{"rendered":"<p>Vestito RUE DE CLERIE Bianco da donna Il Vestito RUE DE CLERIE Bianco \u00e8 la scelta perfetta per chi desidera un look elegante, essenziale e femminile. Realizzato in raso con una linea lunga e spalline sottili, questo capo valorizza la silhouette con naturalezza, grazie alla sua vestibilit\u00e0 regolare e al tessuto fluido che scivola delicatamente&#8230;<\/p>\n","protected":false},"featured_media":351115,"template":"","meta":{"inline_featured_image":false},"ss_brand":[1206],"ss_promo":[],"ss_season":[2531],"product_cat":[1329,1539,1658,2281,1614,1609,1612],"product_tag":[2232,2404,1995],"class_list":{"0":"post-352490","1":"product","2":"type-product","3":"status-publish","4":"has-post-thumbnail","6":"ss_brand-rue-de-clerie-donna","7":"ss_season-pe26","8":"product_cat-abbigliamento-donna","9":"product_cat-abiti-e-vestiti-da-donna","10":"product_cat-collezione-donna","11":"product_cat-vestiti-estivi-da-donna","12":"product_cat-vestiti-lunghi-da-donna","13":"product_cat-vestiti-da-donna-a-manica-corta","14":"product_cat-vestiti-scollati-da-donna","15":"product_tag-outfit-da-cerimonia-da-donna","16":"product_tag-look-da-primo-appuntamento-donna","17":"product_tag-nuovi-arrivi-donna","19":"first","20":"instock","21":"shipping-taxable","22":"purchasable","23":"product-type-variable","24":"has-default-attributes"},"acf":{"ss_brand":[{"term_id":1206,"name":"RUE DE CLERIE","slug":"rue-de-clerie-donna","term_group":0,"term_taxonomy_id":1206,"taxonomy":"ss_brand","description":"Creazioni essenziali con interventi boh\u00e9mien dal fascino lussuoso per chi ama vestirsi con indiscutibile classe: scopri nel nostro store online gli abiti e i maglioni da donna firmati Rue de Clerie a prezzi favolosi!\u00a0Acquista online su SecondaStrada.com <strong>abbigliamento da donna Rue De Clerie scontatissimo<\/strong>!","parent":1201,"count":663,"filter":"raw"}],"ss_promo":false,"ss_season":[{"term_id":2531,"name":"PE26","slug":"pe26","term_group":0,"term_taxonomy_id":2531,"taxonomy":"ss_season","description":"","parent":0,"count":1939,"filter":"raw"}],"ss_old_price":"0,00","ss_omnibus_price":"0,00","ss_style_advice":"<p><b>Vestito RUE DE CLERIE Bianco da donna<\/b><br \/>\nIl Vestito RUE DE CLERIE Bianco \u00e8 la scelta perfetta per chi desidera un look elegante, essenziale e femminile. Realizzato in raso con una linea lunga e spalline sottili, questo capo valorizza la silhouette con naturalezza, grazie alla sua vestibilit\u00e0 regolare e al tessuto fluido che scivola delicatamente sul corpo. La composizione in 95% poliestere e 5% elastano garantisce comfort e una leggera elasticit\u00e0, ideale per accompagnarti con stile in ogni movimento.<br \/>Questo vestito da donna adatto alla primavera estate \u00e8 pensato per le occasioni speciali ma anche per serate in cui vuoi sentirti semplicemente impeccabile. Perfetto di sera, per una cena elegante o un evento, dona luce e raffinatezza al tuo look. La modella \u00e8 alta 172 cm e indossa la taglia S, a conferma di una vestibilit\u00e0 equilibrata e armoniosa.<br \/>Per un outfit sofisticato puoi abbinarlo a sandali con tacco e una clutch minimal, mentre per un tocco pi\u00f9 contemporaneo puoi scegliere un blazer leggero o accostarlo a camperos per uno stile pi\u00f9 deciso. Il vestito con vestito in raso lungo, spalline \u00e8 ideale per chi ama capi versatili ma di grande impatto.<br \/>Acquistando su SecondaStrada.com hai la sicurezza di scegliere prodotti originali e accuratamente selezionati. <b>Codice articolo: F856XBF5890 OB<\/b><\/p>\n","ss_composition":"<p>95% poliestere, 5% elastano<\/p>\n","ss_fit":"<p>La modella \u00e8 alta 172 cm e veste la taglia S. La vestibilit\u00e0 del capo \u00e8 regolare.<\/p>\n"},"yoast_head":"<!-- This site is optimized with the Yoast SEO plugin v22.3 - https:\/\/yoast.com\/wordpress\/plugins\/seo\/ -->\n<title>Vestito Rue De Clerie Bianco - Acquista online! - Seconda Strada<\/title>\n<meta name=\"description\" content=\"Vestito Rue De Clerie Bianco \u27a4 Acquista online su Secondastrada.com Vestito Rue De Clerie Bianco \u2714\ufe0f Spedizione veloce entro 24h in tutta Italia \u2714\ufe0f Sconto sul tuo primo acquisto\" \/>\n<meta name=\"robots\" content=\"index, follow, max-snippet:-1, max-image-preview:large, max-video-preview:-1\" \/>\n<link rel=\"canonical\" href=\"https:\/\/www.secondastrada.com\/it\/vestito-rue-de-clerie-bianco-2\/\" \/>\n<meta property=\"og:locale\" content=\"it_IT\" \/>\n<meta property=\"og:type\" content=\"article\" \/>\n<meta property=\"og:title\" content=\"Vestito Rue De Clerie Bianco - Acquista online! - Seconda Strada\" \/>\n<meta property=\"og:description\" content=\"Vestito Rue De Clerie Bianco \u27a4 Acquista online su Secondastrada.com Vestito Rue De Clerie Bianco \u2714\ufe0f Spedizione veloce entro 24h in tutta Italia \u2714\ufe0f Sconto sul tuo primo acquisto\" \/>\n<meta property=\"og:url\" content=\"https:\/\/www.secondastrada.com\/it\/vestito-rue-de-clerie-bianco-2\/\" \/>\n<meta property=\"og:site_name\" content=\"Seconda Strada\" \/>\n<meta property=\"article:modified_time\" content=\"2026-04-30T23:48:49+00:00\" \/>\n<meta property=\"og:image\" content=\"https:\/\/www.secondastrada.com\/wp-content\/uploads\/2026\/03\/F856XBF5890-OB_BIANCO_PE26_1.jpg\" \/>\n\t<meta property=\"og:image:width\" content=\"1000\" \/>\n\t<meta property=\"og:image:height\" content=\"1300\" \/>\n\t<meta property=\"og:image:type\" content=\"image\/jpeg\" \/>\n<meta name=\"twitter:card\" content=\"summary_large_image\" \/>\n<meta name=\"twitter:label1\" content=\"Tempo di lettura stimato\" \/>\n\t<meta name=\"twitter:data1\" content=\"1 minuto\" \/>\n<!-- \/ Yoast SEO plugin. -->","yoast_head_json":{"title":"Vestito Rue De Clerie Bianco - Acquista online! - Seconda Strada","description":"Vestito Rue De Clerie Bianco \u27a4 Acquista online su Secondastrada.com Vestito Rue De Clerie Bianco \u2714\ufe0f Spedizione veloce entro 24h in tutta Italia \u2714\ufe0f Sconto sul tuo primo acquisto","robots":{"index":"index","follow":"follow","max-snippet":"max-snippet:-1","max-image-preview":"max-image-preview:large","max-video-preview":"max-video-preview:-1"},"canonical":"https:\/\/www.secondastrada.com\/it\/vestito-rue-de-clerie-bianco-2\/","og_locale":"it_IT","og_type":"article","og_title":"Vestito Rue De Clerie Bianco - Acquista online! - Seconda Strada","og_description":"Vestito Rue De Clerie Bianco \u27a4 Acquista online su Secondastrada.com Vestito Rue De Clerie Bianco \u2714\ufe0f Spedizione veloce entro 24h in tutta Italia \u2714\ufe0f Sconto sul tuo primo acquisto","og_url":"https:\/\/www.secondastrada.com\/it\/vestito-rue-de-clerie-bianco-2\/","og_site_name":"Seconda Strada","article_modified_time":"2026-04-30T23:48:49+00:00","og_image":[{"width":1000,"height":1300,"url":"https:\/\/www.secondastrada.com\/wp-content\/uploads\/2026\/03\/F856XBF5890-OB_BIANCO_PE26_1.jpg","type":"image\/jpeg"}],"twitter_card":"summary_large_image","twitter_misc":{"Tempo di lettura stimato":"1 minuto"},"schema":{"@context":"https:\/\/schema.org","@graph":[{"@type":"WebPage","@id":"https:\/\/www.secondastrada.com\/it\/vestito-rue-de-clerie-bianco-2\/","url":"https:\/\/www.secondastrada.com\/it\/vestito-rue-de-clerie-bianco-2\/","name":"Vestito Rue De Clerie Bianco - Acquista online! - Seconda Strada","isPartOf":{"@id":"https:\/\/www.secondastrada.com\/it\/#website"},"primaryImageOfPage":{"@id":"https:\/\/www.secondastrada.com\/it\/vestito-rue-de-clerie-bianco-2\/#primaryimage"},"image":{"@id":"https:\/\/www.secondastrada.com\/it\/vestito-rue-de-clerie-bianco-2\/#primaryimage"},"thumbnailUrl":"https:\/\/www.secondastrada.com\/wp-content\/uploads\/2026\/03\/F856XBF5890-OB_BIANCO_PE26_1.jpg","datePublished":"2026-03-27T10:19:49+00:00","dateModified":"2026-04-30T23:48:49+00:00","description":"Vestito Rue De Clerie Bianco \u27a4 Acquista online su Secondastrada.com Vestito Rue De Clerie Bianco \u2714\ufe0f Spedizione veloce entro 24h in tutta Italia \u2714\ufe0f Sconto sul tuo primo acquisto","breadcrumb":{"@id":"https:\/\/www.secondastrada.com\/it\/vestito-rue-de-clerie-bianco-2\/#breadcrumb"},"inLanguage":"it-IT","potentialAction":[{"@type":"ReadAction","target":["https:\/\/www.secondastrada.com\/it\/vestito-rue-de-clerie-bianco-2\/"]}]},{"@type":"ImageObject","inLanguage":"it-IT","@id":"https:\/\/www.secondastrada.com\/it\/vestito-rue-de-clerie-bianco-2\/#primaryimage","url":"https:\/\/www.secondastrada.com\/wp-content\/uploads\/2026\/03\/F856XBF5890-OB_BIANCO_PE26_1.jpg","contentUrl":"https:\/\/www.secondastrada.com\/wp-content\/uploads\/2026\/03\/F856XBF5890-OB_BIANCO_PE26_1.jpg","width":1000,"height":1300,"caption":"F856XBF5890-OB_BIANCO_PE26"},{"@type":"BreadcrumbList","@id":"https:\/\/www.secondastrada.com\/it\/vestito-rue-de-clerie-bianco-2\/#breadcrumb","itemListElement":[{"@type":"ListItem","position":1,"name":"Home","item":"https:\/\/www.secondastrada.com\/it\/"},{"@type":"ListItem","position":2,"name":"Shop","item":"https:\/\/www.secondastrada.com\/it\/shop\/"},{"@type":"ListItem","position":3,"name":"Donna","item":"https:\/\/www.secondastrada.com\/it\/collezione-donna\/"},{"@type":"ListItem","position":4,"name":"Abbigliamento","item":"https:\/\/www.secondastrada.com\/it\/collezione-donna\/abbigliamento-donna\/"},{"@type":"ListItem","position":5,"name":"Abiti e Vestiti","item":"https:\/\/www.secondastrada.com\/it\/collezione-donna\/abbigliamento-donna\/abiti-e-vestiti-da-donna\/"},{"@type":"ListItem","position":6,"name":"Vestiti estivi","item":"https:\/\/www.secondastrada.com\/it\/collezione-donna\/abbigliamento-donna\/abiti-e-vestiti-da-donna\/vestiti-estivi-da-donna\/"},{"@type":"ListItem","position":7,"name":"Vestito Rue De Clerie Bianco"}]},{"@type":"WebSite","@id":"https:\/\/www.secondastrada.com\/it\/#website","url":"https:\/\/www.secondastrada.com\/it\/","name":"Seconda Strada","description":"","publisher":{"@id":"https:\/\/www.secondastrada.com\/it\/#organization"},"potentialAction":[{"@type":"SearchAction","target":{"@type":"EntryPoint","urlTemplate":"https:\/\/www.secondastrada.com\/it\/?s={search_term_string}"},"query-input":"required name=search_term_string"}],"inLanguage":"it-IT"},{"@type":"Organization","@id":"https:\/\/www.secondastrada.com\/it\/#organization","name":"Seconda Strada","url":"https:\/\/www.secondastrada.com\/it\/","logo":{"@type":"ImageObject","inLanguage":"it-IT","@id":"https:\/\/www.secondastrada.com\/it\/#\/schema\/logo\/image\/","url":"https:\/\/www.secondastrada.com\/wp-content\/uploads\/2023\/11\/secondastrada-logo.svg","contentUrl":"https:\/\/www.secondastrada.com\/wp-content\/uploads\/2023\/11\/secondastrada-logo.svg","width":353,"height":47,"caption":"Seconda Strada"},"image":{"@id":"https:\/\/www.secondastrada.com\/it\/#\/schema\/logo\/image\/"}}]}},"df_price":49.99,"df_sale_price":"","df_regular_price":49.99,"df_image_link":"https:\/\/www.secondastrada.com\/wp-content\/uploads\/2026\/03\/F856XBF5890-OB_BIANCO_PE26_1-300x300.jpg","_links":{"self":[{"href":"https:\/\/www.secondastrada.com\/it\/wp-json\/wp\/v2\/product\/352490"}],"collection":[{"href":"https:\/\/www.secondastrada.com\/it\/wp-json\/wp\/v2\/product"}],"about":[{"href":"https:\/\/www.secondastrada.com\/it\/wp-json\/wp\/v2\/types\/product"}],"wp:featuredmedia":[{"embeddable":true,"href":"https:\/\/www.secondastrada.com\/it\/wp-json\/wp\/v2\/media\/351115"}],"wp:attachment":[{"href":"https:\/\/www.secondastrada.com\/it\/wp-json\/wp\/v2\/media?parent=352490"}],"wp:term":[{"taxonomy":"ss_brand","embeddable":true,"href":"https:\/\/www.secondastrada.com\/it\/wp-json\/wp\/v2\/ss_brand?post=352490"},{"taxonomy":"ss_promo","embeddable":true,"href":"https:\/\/www.secondastrada.com\/it\/wp-json\/wp\/v2\/ss_promo?post=352490"},{"taxonomy":"ss_season","embeddable":true,"href":"https:\/\/www.secondastrada.com\/it\/wp-json\/wp\/v2\/ss_season?post=352490"},{"taxonomy":"product_cat","embeddable":true,"href":"https:\/\/www.secondastrada.com\/it\/wp-json\/wp\/v2\/product_cat?post=352490"},{"taxonomy":"product_tag","embeddable":true,"href":"https:\/\/www.secondastrada.com\/it\/wp-json\/wp\/v2\/product_tag?post=352490"}],"curies":[{"name":"wp","href":"https:\/\/api.w.org\/{rel}","templated":true}]}}