{"id":353110,"date":"2026-03-27T14:36:13","date_gmt":"2026-03-27T13:36:13","guid":{"rendered":"https:\/\/www.secondastrada.com\/it\/camicia-yes-zee-azzurro-6\/"},"modified":"2026-05-06T11:43:23","modified_gmt":"2026-05-06T09:43:23","slug":"camicia-yes-zee-azzurro-6","status":"publish","type":"product","link":"https:\/\/www.secondastrada.com\/it\/camicia-yes-zee-azzurro-6\/","title":{"rendered":"Camicia Yes Zee Azzurro"},"content":{"rendered":"<p><b>Camicia YES ZEE Azzurra da donna<\/b><br \/>\nLa Camicia YES ZEE Azzurra \u00e8 il capo ideale per chi desidera un look fresco, dinamico e femminile, perfetto per accompagnarti durante la stagione pi\u00f9 calda con stile e personalit\u00e0. Realizzata in 100% cotone, garantisce una sensazione di comfort e leggerezza sulla pelle, rendendola perfetta per le giornate primaverili ed estive.<br \/>\nQuesta camicia da donna adatta alla primavera estate si distingue per il suo design in denim azzurro, arricchito da un dettaglio luminoso e originale: i brillanti sulle spalle, che donano un tocco glamour senza rinunciare alla praticit\u00e0. Le maniche corte la rendono ancora pi\u00f9 versatile e ideale per le temperature pi\u00f9 miti. La vestibilit\u00e0 \u00e8 regolare e valorizza la silhouette con naturalezza. La modella \u00e8 alta 172 cm e indossa la taglia S.<br \/>\nPuoi indossarla sia di giorno che di sera, creando look sempre diversi e attuali. Abbinala a shorts e sneakers per un outfit casual e disinvolto, oppure scegli pantaloni e anfibi per un look pi\u00f9 deciso e contemporaneo. La camicia con manica corta, in jeans con brillanti sulle spalle \u00e8 perfetta per chi ama distinguersi con dettagli di stile.<br \/>\nAcquistando su SecondaStrada.com hai la certezza di scegliere prodotti originali e selezionati con attenzione. <b>Codice articolo: G210 EB00<\/b><\/p>\n","protected":false},"excerpt":{"rendered":"<p>Camicia YES ZEE Azzurra da donna La Camicia YES ZEE Azzurra \u00e8 il capo ideale per chi desidera un look fresco, dinamico e femminile, perfetto per accompagnarti durante la stagione pi\u00f9 calda con stile e personalit\u00e0. Realizzata in 100% cotone, garantisce una sensazione di comfort e leggerezza sulla pelle, rendendola perfetta per le giornate primaverili&#8230;<\/p>\n","protected":false},"featured_media":353374,"template":"","meta":{"inline_featured_image":false},"ss_brand":[1208],"ss_promo":[],"ss_season":[2531],"product_cat":[1329,1339,1658],"product_tag":[1802,2549,2188,1995],"class_list":{"0":"post-353110","1":"product","2":"type-product","3":"status-publish","4":"has-post-thumbnail","6":"ss_brand-yes-zee-donna","7":"ss_season-pe26","8":"product_cat-abbigliamento-donna","9":"product_cat-camicie-e-bluse-da-donna","10":"product_cat-collezione-donna","11":"product_tag-camicie-e-bluse-yes-zee-donna","12":"product_tag-denim-jeans-donna","13":"product_tag-ufficio-da-donna","14":"product_tag-nuovi-arrivi-donna","16":"first","17":"instock","18":"sale","19":"shipping-taxable","20":"purchasable","21":"product-type-variable","22":"has-default-attributes"},"acf":{"ss_brand":[{"term_id":1208,"name":"YES ZEE","slug":"yes-zee-donna","term_group":0,"term_taxonomy_id":1208,"taxonomy":"ss_brand","description":"Libera il tuo istinto fashion e lasciati ispirare dalle collezioni da donna <strong>Yes Zee<\/strong> sempre all\u2019avanguardia e non perdere le nostre <strong>offerte imbattibili<\/strong>!\u00a0Acquista online su SecondaStrada.com <strong>abbigliamento da donna Yes Zee scontatissimo<\/strong>!","parent":1201,"count":740,"filter":"raw"}],"ss_promo":false,"ss_season":[{"term_id":2531,"name":"PE26","slug":"pe26","term_group":0,"term_taxonomy_id":2531,"taxonomy":"ss_season","description":"","parent":0,"count":1937,"filter":"raw"}],"ss_old_price":"0,00","ss_omnibus_price":"0,00","ss_style_advice":"<p><b>Camicia YES ZEE Azzurra da donna<\/b><br \/>\nLa Camicia YES ZEE Azzurra \u00e8 il capo ideale per chi desidera un look fresco, dinamico e femminile, perfetto per accompagnarti durante la stagione pi\u00f9 calda con stile e personalit\u00e0. Realizzata in 100% cotone, garantisce una sensazione di comfort e leggerezza sulla pelle, rendendola perfetta per le giornate primaverili ed estive.<br \/>Questa camicia da donna adatta alla primavera estate si distingue per il suo design in denim azzurro, arricchito da un dettaglio luminoso e originale: i brillanti sulle spalle, che donano un tocco glamour senza rinunciare alla praticit\u00e0. Le maniche corte la rendono ancora pi\u00f9 versatile e ideale per le temperature pi\u00f9 miti. La vestibilit\u00e0 \u00e8 regolare e valorizza la silhouette con naturalezza. La modella \u00e8 alta 172 cm e indossa la taglia S.<br \/>Puoi indossarla sia di giorno che di sera, creando look sempre diversi e attuali. Abbinala a shorts e sneakers per un outfit casual e disinvolto, oppure scegli pantaloni e anfibi per un look pi\u00f9 deciso e contemporaneo. La camicia con manica corta, in jeans con brillanti sulle spalle \u00e8 perfetta per chi ama distinguersi con dettagli di stile.<br \/>Acquistando su SecondaStrada.com hai la certezza di scegliere prodotti originali e selezionati con attenzione. <b>Codice articolo: G210 EB00<\/b><\/p>\n","ss_composition":"<p>100% cotone<\/p>\n","ss_fit":"<p>La modella \u00e8 alta 172 cm e veste la taglia S. La vestibilit\u00e0 del capo \u00e8 regolare.<\/p>\n","ss_etichetta":""},"yoast_head":"<!-- This site is optimized with the Yoast SEO plugin v22.3 - https:\/\/yoast.com\/wordpress\/plugins\/seo\/ -->\n<title>Camicia Yes Zee Azzurro - Acquista online! - Seconda Strada<\/title>\n<meta name=\"description\" content=\"Camicia Yes Zee Azzurro \u27a4 Acquista online su Secondastrada.com Camicia Yes Zee Azzurro \u2714\ufe0f Spedizione veloce entro 24h in tutta Italia \u2714\ufe0f Sconto sul tuo primo acquisto\" \/>\n<meta name=\"robots\" content=\"index, follow, max-snippet:-1, max-image-preview:large, max-video-preview:-1\" \/>\n<link rel=\"canonical\" href=\"https:\/\/www.secondastrada.com\/it\/camicia-yes-zee-azzurro-6\/\" \/>\n<meta property=\"og:locale\" content=\"it_IT\" \/>\n<meta property=\"og:type\" content=\"article\" \/>\n<meta property=\"og:title\" content=\"Camicia Yes Zee Azzurro - Acquista online! - Seconda Strada\" \/>\n<meta property=\"og:description\" content=\"Camicia Yes Zee Azzurro \u27a4 Acquista online su Secondastrada.com Camicia Yes Zee Azzurro \u2714\ufe0f Spedizione veloce entro 24h in tutta Italia \u2714\ufe0f Sconto sul tuo primo acquisto\" \/>\n<meta property=\"og:url\" content=\"https:\/\/www.secondastrada.com\/it\/camicia-yes-zee-azzurro-6\/\" \/>\n<meta property=\"og:site_name\" content=\"Seconda Strada\" \/>\n<meta property=\"article:modified_time\" content=\"2026-05-06T09:43:23+00:00\" \/>\n<meta property=\"og:image\" content=\"https:\/\/www.secondastrada.com\/wp-content\/uploads\/2026\/03\/G210-EB00_BLU-MARMORIZZATO_PE26_1.jpg\" \/>\n\t<meta property=\"og:image:width\" content=\"1000\" \/>\n\t<meta property=\"og:image:height\" content=\"1300\" \/>\n\t<meta property=\"og:image:type\" content=\"image\/jpeg\" \/>\n<meta name=\"twitter:card\" content=\"summary_large_image\" \/>\n<meta name=\"twitter:label1\" content=\"Tempo di lettura stimato\" \/>\n\t<meta name=\"twitter:data1\" content=\"2 minuti\" \/>\n<!-- \/ Yoast SEO plugin. -->","yoast_head_json":{"title":"Camicia Yes Zee Azzurro - Acquista online! - Seconda Strada","description":"Camicia Yes Zee Azzurro \u27a4 Acquista online su Secondastrada.com Camicia Yes Zee Azzurro \u2714\ufe0f Spedizione veloce entro 24h in tutta Italia \u2714\ufe0f Sconto sul tuo primo acquisto","robots":{"index":"index","follow":"follow","max-snippet":"max-snippet:-1","max-image-preview":"max-image-preview:large","max-video-preview":"max-video-preview:-1"},"canonical":"https:\/\/www.secondastrada.com\/it\/camicia-yes-zee-azzurro-6\/","og_locale":"it_IT","og_type":"article","og_title":"Camicia Yes Zee Azzurro - Acquista online! - Seconda Strada","og_description":"Camicia Yes Zee Azzurro \u27a4 Acquista online su Secondastrada.com Camicia Yes Zee Azzurro \u2714\ufe0f Spedizione veloce entro 24h in tutta Italia \u2714\ufe0f Sconto sul tuo primo acquisto","og_url":"https:\/\/www.secondastrada.com\/it\/camicia-yes-zee-azzurro-6\/","og_site_name":"Seconda Strada","article_modified_time":"2026-05-06T09:43:23+00:00","og_image":[{"width":1000,"height":1300,"url":"https:\/\/www.secondastrada.com\/wp-content\/uploads\/2026\/03\/G210-EB00_BLU-MARMORIZZATO_PE26_1.jpg","type":"image\/jpeg"}],"twitter_card":"summary_large_image","twitter_misc":{"Tempo di lettura stimato":"2 minuti"},"schema":{"@context":"https:\/\/schema.org","@graph":[{"@type":"WebPage","@id":"https:\/\/www.secondastrada.com\/it\/camicia-yes-zee-azzurro-6\/","url":"https:\/\/www.secondastrada.com\/it\/camicia-yes-zee-azzurro-6\/","name":"Camicia Yes Zee Azzurro - Acquista online! - Seconda Strada","isPartOf":{"@id":"https:\/\/www.secondastrada.com\/it\/#website"},"primaryImageOfPage":{"@id":"https:\/\/www.secondastrada.com\/it\/camicia-yes-zee-azzurro-6\/#primaryimage"},"image":{"@id":"https:\/\/www.secondastrada.com\/it\/camicia-yes-zee-azzurro-6\/#primaryimage"},"thumbnailUrl":"https:\/\/www.secondastrada.com\/wp-content\/uploads\/2026\/03\/G210-EB00_BLU-MARMORIZZATO_PE26_1.jpg","datePublished":"2026-03-27T13:36:13+00:00","dateModified":"2026-05-06T09:43:23+00:00","description":"Camicia Yes Zee Azzurro \u27a4 Acquista online su Secondastrada.com Camicia Yes Zee Azzurro \u2714\ufe0f Spedizione veloce entro 24h in tutta Italia \u2714\ufe0f Sconto sul tuo primo acquisto","breadcrumb":{"@id":"https:\/\/www.secondastrada.com\/it\/camicia-yes-zee-azzurro-6\/#breadcrumb"},"inLanguage":"it-IT","potentialAction":[{"@type":"ReadAction","target":["https:\/\/www.secondastrada.com\/it\/camicia-yes-zee-azzurro-6\/"]}]},{"@type":"ImageObject","inLanguage":"it-IT","@id":"https:\/\/www.secondastrada.com\/it\/camicia-yes-zee-azzurro-6\/#primaryimage","url":"https:\/\/www.secondastrada.com\/wp-content\/uploads\/2026\/03\/G210-EB00_BLU-MARMORIZZATO_PE26_1.jpg","contentUrl":"https:\/\/www.secondastrada.com\/wp-content\/uploads\/2026\/03\/G210-EB00_BLU-MARMORIZZATO_PE26_1.jpg","width":1000,"height":1300,"caption":"G210-EB00_BLU-MARMORIZZATO_PE26"},{"@type":"BreadcrumbList","@id":"https:\/\/www.secondastrada.com\/it\/camicia-yes-zee-azzurro-6\/#breadcrumb","itemListElement":[{"@type":"ListItem","position":1,"name":"Home","item":"https:\/\/www.secondastrada.com\/it\/"},{"@type":"ListItem","position":2,"name":"Shop","item":"https:\/\/www.secondastrada.com\/it\/shop\/"},{"@type":"ListItem","position":3,"name":"Donna","item":"https:\/\/www.secondastrada.com\/it\/collezione-donna\/"},{"@type":"ListItem","position":4,"name":"Abbigliamento","item":"https:\/\/www.secondastrada.com\/it\/collezione-donna\/abbigliamento-donna\/"},{"@type":"ListItem","position":5,"name":"Camicie e Bluse","item":"https:\/\/www.secondastrada.com\/it\/collezione-donna\/abbigliamento-donna\/camicie-e-bluse-da-donna\/"},{"@type":"ListItem","position":6,"name":"Camicia Yes Zee Azzurro"}]},{"@type":"WebSite","@id":"https:\/\/www.secondastrada.com\/it\/#website","url":"https:\/\/www.secondastrada.com\/it\/","name":"Seconda Strada","description":"","publisher":{"@id":"https:\/\/www.secondastrada.com\/it\/#organization"},"potentialAction":[{"@type":"SearchAction","target":{"@type":"EntryPoint","urlTemplate":"https:\/\/www.secondastrada.com\/it\/?s={search_term_string}"},"query-input":"required name=search_term_string"}],"inLanguage":"it-IT"},{"@type":"Organization","@id":"https:\/\/www.secondastrada.com\/it\/#organization","name":"Seconda Strada","url":"https:\/\/www.secondastrada.com\/it\/","logo":{"@type":"ImageObject","inLanguage":"it-IT","@id":"https:\/\/www.secondastrada.com\/it\/#\/schema\/logo\/image\/","url":"https:\/\/www.secondastrada.com\/wp-content\/uploads\/2023\/11\/secondastrada-logo.svg","contentUrl":"https:\/\/www.secondastrada.com\/wp-content\/uploads\/2023\/11\/secondastrada-logo.svg","width":353,"height":47,"caption":"Seconda Strada"},"image":{"@id":"https:\/\/www.secondastrada.com\/it\/#\/schema\/logo\/image\/"}}]}},"df_price":47.92,"df_sale_price":"","df_regular_price":47.92,"df_image_link":"https:\/\/www.secondastrada.com\/wp-content\/uploads\/2026\/03\/G210-EB00_BLU-MARMORIZZATO_PE26_1-300x300.jpg","_links":{"self":[{"href":"https:\/\/www.secondastrada.com\/it\/wp-json\/wp\/v2\/product\/353110"}],"collection":[{"href":"https:\/\/www.secondastrada.com\/it\/wp-json\/wp\/v2\/product"}],"about":[{"href":"https:\/\/www.secondastrada.com\/it\/wp-json\/wp\/v2\/types\/product"}],"wp:featuredmedia":[{"embeddable":true,"href":"https:\/\/www.secondastrada.com\/it\/wp-json\/wp\/v2\/media\/353374"}],"wp:attachment":[{"href":"https:\/\/www.secondastrada.com\/it\/wp-json\/wp\/v2\/media?parent=353110"}],"wp:term":[{"taxonomy":"ss_brand","embeddable":true,"href":"https:\/\/www.secondastrada.com\/it\/wp-json\/wp\/v2\/ss_brand?post=353110"},{"taxonomy":"ss_promo","embeddable":true,"href":"https:\/\/www.secondastrada.com\/it\/wp-json\/wp\/v2\/ss_promo?post=353110"},{"taxonomy":"ss_season","embeddable":true,"href":"https:\/\/www.secondastrada.com\/it\/wp-json\/wp\/v2\/ss_season?post=353110"},{"taxonomy":"product_cat","embeddable":true,"href":"https:\/\/www.secondastrada.com\/it\/wp-json\/wp\/v2\/product_cat?post=353110"},{"taxonomy":"product_tag","embeddable":true,"href":"https:\/\/www.secondastrada.com\/it\/wp-json\/wp\/v2\/product_tag?post=353110"}],"curies":[{"name":"wp","href":"https:\/\/api.w.org\/{rel}","templated":true}]}}