{"id":353251,"date":"2026-04-10T14:52:34","date_gmt":"2026-04-10T12:52:34","guid":{"rendered":"https:\/\/www.secondastrada.com\/it\/t-shirt-yes-zee-fantasia-9\/"},"modified":"2026-04-10T14:55:25","modified_gmt":"2026-04-10T12:55:25","slug":"t-shirt-yes-zee-fantasia-9","status":"publish","type":"product","link":"https:\/\/www.secondastrada.com\/it\/t-shirt-yes-zee-fantasia-9\/","title":{"rendered":"T-shirt Yes Zee Fantasia"},"content":{"rendered":"<p><b>T-shirt YES ZEE in Fantasia da donna<\/b><br \/>\nLa T-shirt YES ZEE in Fantasia \u00e8 il capo ideale per dare energia e personalit\u00e0 ai tuoi outfit quotidiani. Realizzata in 100% poliestere, \u00e8 leggera, fresca e piacevole da indossare, perfetta per affrontare con stile le giornate della stagione pi\u00f9 calda. Il design si distingue per la sua vivace fantasia con fiori e per il logo Yes Zee al centro, un dettaglio iconico che aggiunge carattere e riconoscibilit\u00e0 al capo.<br \/>Questa T-shirt da donna adatta alla primavera estate \u00e8 pensata per offrirti comfort e versatilit\u00e0, grazie alla vestibilit\u00e0 regolare che valorizza la silhouette senza costrizioni. Le maniche corte la rendono pratica e adatta a un utilizzo quotidiano. La modella \u00e8 alta 172 cm e indossa la taglia S, confermando un fit equilibrato e confortevole.<br \/>Puoi indossarla di giorno per creare look dinamici e femminili, ideali per il tempo libero o le uscite informali. Abbinala a un jeans per un outfit casual e sempre attuale, oppure scegli un pantalone e aggiungi un blazer per un tocco pi\u00f9 elegante e contemporaneo. La T-shirt con maniche corte, fantasia con fiori, logo Yes Zee al centro \u00e8 perfetta per chi ama uno stile semplice ma d\u2019impatto.<br \/>Acquistando su SecondaStrada.com hai la sicurezza di scegliere prodotti originali e selezionati con attenzione. <b>Codice articolo: T235 Y101<\/b><\/p>\n","protected":false},"excerpt":{"rendered":"<p>T-shirt YES ZEE in Fantasia da donna La T-shirt YES ZEE in Fantasia \u00e8 il capo ideale per dare energia e personalit\u00e0 ai tuoi outfit quotidiani. Realizzata in 100% poliestere, \u00e8 leggera, fresca e piacevole da indossare, perfetta per affrontare con stile le giornate della stagione pi\u00f9 calda. Il design si distingue per la sua&#8230;<\/p>\n","protected":false},"featured_media":356612,"template":"","meta":{"inline_featured_image":false},"ss_brand":[1208],"ss_promo":[],"ss_season":[2531],"product_cat":[1329,1658,1822,1337],"product_tag":[1995,1797],"class_list":{"0":"post-353251","1":"product","2":"type-product","3":"status-publish","4":"has-post-thumbnail","6":"ss_brand-yes-zee-donna","7":"ss_season-pe26","8":"product_cat-abbigliamento-donna","9":"product_cat-collezione-donna","10":"product_cat-t-shirt-da-donna","11":"product_cat-t-shirt-e-top-da-donna","12":"product_tag-nuovi-arrivi-donna","13":"product_tag-t-shirt-e-top-yes-zee-donna","15":"first","16":"instock","17":"sale","18":"shipping-taxable","19":"purchasable","20":"product-type-variable","21":"has-default-attributes"},"acf":{"ss_brand":[{"term_id":1208,"name":"YES ZEE","slug":"yes-zee-donna","term_group":0,"term_taxonomy_id":1208,"taxonomy":"ss_brand","description":"Libera il tuo istinto fashion e lasciati ispirare dalle collezioni da donna <strong>Yes Zee<\/strong> sempre all\u2019avanguardia e non perdere le nostre <strong>offerte imbattibili<\/strong>!\u00a0Acquista online su SecondaStrada.com <strong>abbigliamento da donna Yes Zee scontatissimo<\/strong>!","parent":1201,"count":721,"filter":"raw"}],"ss_promo":false,"ss_season":[{"term_id":2531,"name":"PE26","slug":"pe26","term_group":0,"term_taxonomy_id":2531,"taxonomy":"ss_season","description":"","parent":0,"count":1241,"filter":"raw"}],"ss_old_price":"0,00","ss_omnibus_price":"0,00","ss_style_advice":"<p><b>T-shirt YES ZEE in Fantasia da donna<\/b><br \/>\nLa T-shirt YES ZEE in Fantasia \u00e8 il capo ideale per dare energia e personalit\u00e0 ai tuoi outfit quotidiani. Realizzata in 100% poliestere, \u00e8 leggera, fresca e piacevole da indossare, perfetta per affrontare con stile le giornate della stagione pi\u00f9 calda. Il design si distingue per la sua vivace fantasia con fiori e per il logo Yes Zee al centro, un dettaglio iconico che aggiunge carattere e riconoscibilit\u00e0 al capo.<br \/>Questa T-shirt da donna adatta alla primavera estate \u00e8 pensata per offrirti comfort e versatilit\u00e0, grazie alla vestibilit\u00e0 regolare che valorizza la silhouette senza costrizioni. Le maniche corte la rendono pratica e adatta a un utilizzo quotidiano. La modella \u00e8 alta 172 cm e indossa la taglia S, confermando un fit equilibrato e confortevole.<br \/>Puoi indossarla di giorno per creare look dinamici e femminili, ideali per il tempo libero o le uscite informali. Abbinala a un jeans per un outfit casual e sempre attuale, oppure scegli un pantalone e aggiungi un blazer per un tocco pi\u00f9 elegante e contemporaneo. La T-shirt con maniche corte, fantasia con fiori, logo Yes Zee al centro \u00e8 perfetta per chi ama uno stile semplice ma d\u2019impatto.<br \/>Acquistando su SecondaStrada.com hai la sicurezza di scegliere prodotti originali e selezionati con attenzione. <b>Codice articolo: T235 Y101<\/b><\/p>\n","ss_composition":"<p>100% poliestere<\/p>\n","ss_fit":"<p>La modella \u00e8 alta 172 cm e veste la taglia S. La vestibilit\u00e0 del capo \u00e8 regolare.<\/p>\n"},"yoast_head":"<!-- This site is optimized with the Yoast SEO plugin v22.3 - https:\/\/yoast.com\/wordpress\/plugins\/seo\/ -->\n<title>T-shirt Yes Zee Fantasia - Acquista online! - Seconda Strada<\/title>\n<meta name=\"description\" content=\"T-shirt Yes Zee Fantasia \u27a4 Acquista online su Secondastrada.com T-shirt Yes Zee Fantasia \u2714\ufe0f Spedizione veloce entro 24h in tutta Italia \u2714\ufe0f Sconto sul tuo primo acquisto\" \/>\n<meta name=\"robots\" content=\"index, follow, max-snippet:-1, max-image-preview:large, max-video-preview:-1\" \/>\n<link rel=\"canonical\" href=\"https:\/\/www.secondastrada.com\/it\/t-shirt-yes-zee-fantasia-9\/\" \/>\n<meta property=\"og:locale\" content=\"it_IT\" \/>\n<meta property=\"og:type\" content=\"article\" \/>\n<meta property=\"og:title\" content=\"T-shirt Yes Zee Fantasia - Acquista online! - Seconda Strada\" \/>\n<meta property=\"og:description\" content=\"T-shirt Yes Zee Fantasia \u27a4 Acquista online su Secondastrada.com T-shirt Yes Zee Fantasia \u2714\ufe0f Spedizione veloce entro 24h in tutta Italia \u2714\ufe0f Sconto sul tuo primo acquisto\" \/>\n<meta property=\"og:url\" content=\"https:\/\/www.secondastrada.com\/it\/t-shirt-yes-zee-fantasia-9\/\" \/>\n<meta property=\"og:site_name\" content=\"Seconda Strada\" \/>\n<meta property=\"article:modified_time\" content=\"2026-04-10T12:55:25+00:00\" \/>\n<meta property=\"og:image\" content=\"https:\/\/www.secondastrada.com\/wp-content\/uploads\/2026\/04\/T235-Y101_VARIANTE-BLU_PE26_1.jpg\" \/>\n\t<meta property=\"og:image:width\" content=\"1000\" \/>\n\t<meta property=\"og:image:height\" content=\"1300\" \/>\n\t<meta property=\"og:image:type\" content=\"image\/jpeg\" \/>\n<meta name=\"twitter:card\" content=\"summary_large_image\" \/>\n<meta name=\"twitter:label1\" content=\"Tempo di lettura stimato\" \/>\n\t<meta name=\"twitter:data1\" content=\"1 minuto\" \/>\n<!-- \/ Yoast SEO plugin. -->","yoast_head_json":{"title":"T-shirt Yes Zee Fantasia - Acquista online! - Seconda Strada","description":"T-shirt Yes Zee Fantasia \u27a4 Acquista online su Secondastrada.com T-shirt Yes Zee Fantasia \u2714\ufe0f Spedizione veloce entro 24h in tutta Italia \u2714\ufe0f Sconto sul tuo primo acquisto","robots":{"index":"index","follow":"follow","max-snippet":"max-snippet:-1","max-image-preview":"max-image-preview:large","max-video-preview":"max-video-preview:-1"},"canonical":"https:\/\/www.secondastrada.com\/it\/t-shirt-yes-zee-fantasia-9\/","og_locale":"it_IT","og_type":"article","og_title":"T-shirt Yes Zee Fantasia - Acquista online! - Seconda Strada","og_description":"T-shirt Yes Zee Fantasia \u27a4 Acquista online su Secondastrada.com T-shirt Yes Zee Fantasia \u2714\ufe0f Spedizione veloce entro 24h in tutta Italia \u2714\ufe0f Sconto sul tuo primo acquisto","og_url":"https:\/\/www.secondastrada.com\/it\/t-shirt-yes-zee-fantasia-9\/","og_site_name":"Seconda Strada","article_modified_time":"2026-04-10T12:55:25+00:00","og_image":[{"width":1000,"height":1300,"url":"https:\/\/www.secondastrada.com\/wp-content\/uploads\/2026\/04\/T235-Y101_VARIANTE-BLU_PE26_1.jpg","type":"image\/jpeg"}],"twitter_card":"summary_large_image","twitter_misc":{"Tempo di lettura stimato":"1 minuto"},"schema":{"@context":"https:\/\/schema.org","@graph":[{"@type":"WebPage","@id":"https:\/\/www.secondastrada.com\/it\/t-shirt-yes-zee-fantasia-9\/","url":"https:\/\/www.secondastrada.com\/it\/t-shirt-yes-zee-fantasia-9\/","name":"T-shirt Yes Zee Fantasia - Acquista online! - Seconda Strada","isPartOf":{"@id":"https:\/\/www.secondastrada.com\/it\/#website"},"primaryImageOfPage":{"@id":"https:\/\/www.secondastrada.com\/it\/t-shirt-yes-zee-fantasia-9\/#primaryimage"},"image":{"@id":"https:\/\/www.secondastrada.com\/it\/t-shirt-yes-zee-fantasia-9\/#primaryimage"},"thumbnailUrl":"https:\/\/www.secondastrada.com\/wp-content\/uploads\/2026\/04\/T235-Y101_VARIANTE-BLU_PE26_1.jpg","datePublished":"2026-04-10T12:52:34+00:00","dateModified":"2026-04-10T12:55:25+00:00","description":"T-shirt Yes Zee Fantasia \u27a4 Acquista online su Secondastrada.com T-shirt Yes Zee Fantasia \u2714\ufe0f Spedizione veloce entro 24h in tutta Italia \u2714\ufe0f Sconto sul tuo primo acquisto","breadcrumb":{"@id":"https:\/\/www.secondastrada.com\/it\/t-shirt-yes-zee-fantasia-9\/#breadcrumb"},"inLanguage":"it-IT","potentialAction":[{"@type":"ReadAction","target":["https:\/\/www.secondastrada.com\/it\/t-shirt-yes-zee-fantasia-9\/"]}]},{"@type":"ImageObject","inLanguage":"it-IT","@id":"https:\/\/www.secondastrada.com\/it\/t-shirt-yes-zee-fantasia-9\/#primaryimage","url":"https:\/\/www.secondastrada.com\/wp-content\/uploads\/2026\/04\/T235-Y101_VARIANTE-BLU_PE26_1.jpg","contentUrl":"https:\/\/www.secondastrada.com\/wp-content\/uploads\/2026\/04\/T235-Y101_VARIANTE-BLU_PE26_1.jpg","width":1000,"height":1300,"caption":"T235-Y101_VARIANTE-BLU_PE26"},{"@type":"BreadcrumbList","@id":"https:\/\/www.secondastrada.com\/it\/t-shirt-yes-zee-fantasia-9\/#breadcrumb","itemListElement":[{"@type":"ListItem","position":1,"name":"Home","item":"https:\/\/www.secondastrada.com\/it\/"},{"@type":"ListItem","position":2,"name":"Shop","item":"https:\/\/www.secondastrada.com\/it\/shop\/"},{"@type":"ListItem","position":3,"name":"Donna","item":"https:\/\/www.secondastrada.com\/it\/collezione-donna\/"},{"@type":"ListItem","position":4,"name":"Abbigliamento","item":"https:\/\/www.secondastrada.com\/it\/collezione-donna\/abbigliamento-donna\/"},{"@type":"ListItem","position":5,"name":"T-shirt e Top","item":"https:\/\/www.secondastrada.com\/it\/collezione-donna\/abbigliamento-donna\/t-shirt-e-top-da-donna\/"},{"@type":"ListItem","position":6,"name":"T-shirt","item":"https:\/\/www.secondastrada.com\/it\/collezione-donna\/abbigliamento-donna\/t-shirt-e-top-da-donna\/t-shirt-da-donna\/"},{"@type":"ListItem","position":7,"name":"T-shirt Yes Zee Fantasia"}]},{"@type":"WebSite","@id":"https:\/\/www.secondastrada.com\/it\/#website","url":"https:\/\/www.secondastrada.com\/it\/","name":"Seconda Strada","description":"","publisher":{"@id":"https:\/\/www.secondastrada.com\/it\/#organization"},"potentialAction":[{"@type":"SearchAction","target":{"@type":"EntryPoint","urlTemplate":"https:\/\/www.secondastrada.com\/it\/?s={search_term_string}"},"query-input":"required name=search_term_string"}],"inLanguage":"it-IT"},{"@type":"Organization","@id":"https:\/\/www.secondastrada.com\/it\/#organization","name":"Seconda Strada","url":"https:\/\/www.secondastrada.com\/it\/","logo":{"@type":"ImageObject","inLanguage":"it-IT","@id":"https:\/\/www.secondastrada.com\/it\/#\/schema\/logo\/image\/","url":"https:\/\/www.secondastrada.com\/wp-content\/uploads\/2023\/11\/secondastrada-logo.svg","contentUrl":"https:\/\/www.secondastrada.com\/wp-content\/uploads\/2023\/11\/secondastrada-logo.svg","width":353,"height":47,"caption":"Seconda Strada"},"image":{"@id":"https:\/\/www.secondastrada.com\/it\/#\/schema\/logo\/image\/"}}]}},"df_price":19.92,"df_sale_price":"","df_regular_price":19.92,"df_image_link":"https:\/\/www.secondastrada.com\/wp-content\/uploads\/2026\/04\/T235-Y101_VARIANTE-BLU_PE26_1-300x300.jpg","_links":{"self":[{"href":"https:\/\/www.secondastrada.com\/it\/wp-json\/wp\/v2\/product\/353251"}],"collection":[{"href":"https:\/\/www.secondastrada.com\/it\/wp-json\/wp\/v2\/product"}],"about":[{"href":"https:\/\/www.secondastrada.com\/it\/wp-json\/wp\/v2\/types\/product"}],"wp:featuredmedia":[{"embeddable":true,"href":"https:\/\/www.secondastrada.com\/it\/wp-json\/wp\/v2\/media\/356612"}],"wp:attachment":[{"href":"https:\/\/www.secondastrada.com\/it\/wp-json\/wp\/v2\/media?parent=353251"}],"wp:term":[{"taxonomy":"ss_brand","embeddable":true,"href":"https:\/\/www.secondastrada.com\/it\/wp-json\/wp\/v2\/ss_brand?post=353251"},{"taxonomy":"ss_promo","embeddable":true,"href":"https:\/\/www.secondastrada.com\/it\/wp-json\/wp\/v2\/ss_promo?post=353251"},{"taxonomy":"ss_season","embeddable":true,"href":"https:\/\/www.secondastrada.com\/it\/wp-json\/wp\/v2\/ss_season?post=353251"},{"taxonomy":"product_cat","embeddable":true,"href":"https:\/\/www.secondastrada.com\/it\/wp-json\/wp\/v2\/product_cat?post=353251"},{"taxonomy":"product_tag","embeddable":true,"href":"https:\/\/www.secondastrada.com\/it\/wp-json\/wp\/v2\/product_tag?post=353251"}],"curies":[{"name":"wp","href":"https:\/\/api.w.org\/{rel}","templated":true}]}}