{"id":354642,"date":"2026-04-03T10:50:16","date_gmt":"2026-04-03T08:50:16","guid":{"rendered":"https:\/\/www.secondastrada.com\/it\/felpa-pepe-jeans-bianca\/"},"modified":"2026-04-07T11:28:42","modified_gmt":"2026-04-07T09:28:42","slug":"felpa-pepe-jeans-bianca","status":"publish","type":"product","link":"https:\/\/www.secondastrada.com\/it\/felpa-pepe-jeans-bianca\/","title":{"rendered":"Felpa Pepe Jeans Bianca"},"content":{"rendered":"<p>Felpa PEPE JEANS Bianca da donna<br \/>\nLa Felpa PEPE JEANS Bianca \u00e8 il capo ideale per chi cerca comfort e stile in un\u2019unica soluzione. Essenziale ma curata nei dettagli, questa felpa da donna adatta in primavera estate \u00e8 perfetta per accompagnarti nelle giornate pi\u00f9 fresche con un look casual ma sempre attuale.Realizzata in 85% cotone e 15% poliestere, offre una piacevole sensazione sulla pelle e una vestibilit\u00e0 morbida. Il tessuto garzato aggiunge un tocco di comfort in pi\u00f9, rendendola ideale per i momenti di relax o per le mezze stagioni. La vestibilit\u00e0 \u00e8 regolare, come indossata dalla modella alta 165 cm che veste la taglia S, garantendo una linea naturale e adatta a diverse fisicit\u00e0.Il dettaglio distintivo \u00e8 la stampa pepe jeans a contrasto, che dona carattere e riconoscibilit\u00e0 a questa felpa con garzata, stampa pepe jeans a contrasto, rendendola perfetta per uno stile dinamico e contemporaneo.Puoi indossarla nel tempo libero, durante una passeggiata o in viaggio, quando desideri sentirti comoda senza rinunciare allo stile.Abbinala a jeans e sneakers per un look casual e rilassato, oppure a pantaloni sportivi per un outfit ancora pi\u00f9 confortevole e pratico.Versatile, pratica e facile da abbinare, \u00e8 un capo indispensabile per completare il tuo guardaroba quotidiano.Acquista in totale sicurezza su SecondaStrada.com: tutti i prodotti sono originali e selezionati con cura. Codice articolo: PL5800072 OB<\/p>\n","protected":false},"excerpt":{"rendered":"<p>Felpa PEPE JEANS Bianca da donna La Felpa PEPE JEANS Bianca \u00e8 il capo ideale per chi cerca comfort e stile in un\u2019unica soluzione. Essenziale ma curata nei dettagli, questa felpa da donna adatta in primavera estate \u00e8 perfetta per accompagnarti nelle giornate pi\u00f9 fresche con un look casual ma sempre attuale.Realizzata in 85% cotone&#8230;<\/p>\n","protected":false},"featured_media":355099,"template":"","meta":{"inline_featured_image":false},"ss_brand":[1212],"ss_promo":[],"ss_season":[2531],"product_cat":[1329,1658,1474],"product_tag":[1995],"class_list":{"0":"post-354642","1":"product","2":"type-product","3":"status-publish","4":"has-post-thumbnail","6":"ss_brand-pepe-jeans-donna","7":"ss_season-pe26","8":"product_cat-abbigliamento-donna","9":"product_cat-collezione-donna","10":"product_cat-felpe-da-donna","11":"product_tag-nuovi-arrivi-donna","13":"first","14":"instock","15":"sale","16":"shipping-taxable","17":"purchasable","18":"product-type-variable","19":"has-default-attributes"},"acf":{"ss_brand":[{"term_id":1212,"name":"PEPE JEANS","slug":"pepe-jeans-donna","term_group":0,"term_taxonomy_id":1212,"taxonomy":"ss_brand","description":"Stile urban-cool con accento british: dai una scossa al tuo guardaroba e scopri la collezione abbigliamento da donna Pepe Jeans a prezzi bassissimi!\u00a0Acquista online su SecondaStrada.com <strong>abbigliamento da donna Pepe Jeans scontatissimo<\/strong>!","parent":1201,"count":208,"filter":"raw"}],"ss_promo":false,"ss_season":[{"term_id":2531,"name":"PE26","slug":"pe26","term_group":0,"term_taxonomy_id":2531,"taxonomy":"ss_season","description":"","parent":0,"count":1152,"filter":"raw"}],"ss_old_price":"0,00","ss_omnibus_price":"0,00","ss_style_advice":"<p>Felpa PEPE JEANS Bianca da donna<br \/>\nLa Felpa PEPE JEANS Bianca \u00e8 il capo ideale per chi cerca comfort e stile in un\u2019unica soluzione. Essenziale ma curata nei dettagli, questa felpa da donna adatta in primavera estate \u00e8 perfetta per accompagnarti nelle giornate pi\u00f9 fresche con un look casual ma sempre attuale.Realizzata in 85% cotone e 15% poliestere, offre una piacevole sensazione sulla pelle e una vestibilit\u00e0 morbida. Il tessuto garzato aggiunge un tocco di comfort in pi\u00f9, rendendola ideale per i momenti di relax o per le mezze stagioni. La vestibilit\u00e0 \u00e8 regolare, come indossata dalla modella alta 165 cm che veste la taglia S, garantendo una linea naturale e adatta a diverse fisicit\u00e0.Il dettaglio distintivo \u00e8 la stampa pepe jeans a contrasto, che dona carattere e riconoscibilit\u00e0 a questa felpa con garzata, stampa pepe jeans a contrasto, rendendola perfetta per uno stile dinamico e contemporaneo.Puoi indossarla nel tempo libero, durante una passeggiata o in viaggio, quando desideri sentirti comoda senza rinunciare allo stile.Abbinala a jeans e sneakers per un look casual e rilassato, oppure a pantaloni sportivi per un outfit ancora pi\u00f9 confortevole e pratico.Versatile, pratica e facile da abbinare, \u00e8 un capo indispensabile per completare il tuo guardaroba quotidiano.Acquista in totale sicurezza su SecondaStrada.com: tutti i prodotti sono originali e selezionati con cura. Codice articolo: PL5800072 OB<\/p>\n","ss_composition":"<p>85% cotone 15% poliestere<\/p>\n","ss_fit":"<p>La modella \u00e8 alta 165 cm e veste la taglia S. La vestibilit\u00e0 del capo \u00e8 regolare.<\/p>\n"},"yoast_head":"<!-- This site is optimized with the Yoast SEO plugin v22.3 - https:\/\/yoast.com\/wordpress\/plugins\/seo\/ -->\n<title>Felpa Pepe Jeans Bianca - Acquista online! - Seconda Strada<\/title>\n<meta name=\"description\" content=\"Felpa Pepe Jeans Bianca \u27a4 Acquista online su Secondastrada.com Felpa Pepe Jeans Bianca \u2714\ufe0f Spedizione veloce entro 24h in tutta Italia \u2714\ufe0f Sconto sul tuo primo acquisto\" \/>\n<meta name=\"robots\" content=\"index, follow, max-snippet:-1, max-image-preview:large, max-video-preview:-1\" \/>\n<link rel=\"canonical\" href=\"https:\/\/www.secondastrada.com\/it\/felpa-pepe-jeans-bianca\/\" \/>\n<meta property=\"og:locale\" content=\"it_IT\" \/>\n<meta property=\"og:type\" content=\"article\" \/>\n<meta property=\"og:title\" content=\"Felpa Pepe Jeans Bianca - Acquista online! - Seconda Strada\" \/>\n<meta property=\"og:description\" content=\"Felpa Pepe Jeans Bianca \u27a4 Acquista online su Secondastrada.com Felpa Pepe Jeans Bianca \u2714\ufe0f Spedizione veloce entro 24h in tutta Italia \u2714\ufe0f Sconto sul tuo primo acquisto\" \/>\n<meta property=\"og:url\" content=\"https:\/\/www.secondastrada.com\/it\/felpa-pepe-jeans-bianca\/\" \/>\n<meta property=\"og:site_name\" content=\"Seconda Strada\" \/>\n<meta property=\"article:modified_time\" content=\"2026-04-07T09:28:42+00:00\" \/>\n<meta property=\"og:image\" content=\"https:\/\/www.secondastrada.com\/wp-content\/uploads\/2026\/04\/PL5800072-OB_ANTIQUE-WHITE-P807_PE26_1.jpg\" \/>\n\t<meta property=\"og:image:width\" content=\"1000\" \/>\n\t<meta property=\"og:image:height\" content=\"1300\" \/>\n\t<meta property=\"og:image:type\" content=\"image\/jpeg\" \/>\n<meta name=\"twitter:card\" content=\"summary_large_image\" \/>\n<meta name=\"twitter:label1\" content=\"Tempo di lettura stimato\" \/>\n\t<meta name=\"twitter:data1\" content=\"1 minuto\" \/>\n<!-- \/ Yoast SEO plugin. -->","yoast_head_json":{"title":"Felpa Pepe Jeans Bianca - Acquista online! - Seconda Strada","description":"Felpa Pepe Jeans Bianca \u27a4 Acquista online su Secondastrada.com Felpa Pepe Jeans Bianca \u2714\ufe0f Spedizione veloce entro 24h in tutta Italia \u2714\ufe0f Sconto sul tuo primo acquisto","robots":{"index":"index","follow":"follow","max-snippet":"max-snippet:-1","max-image-preview":"max-image-preview:large","max-video-preview":"max-video-preview:-1"},"canonical":"https:\/\/www.secondastrada.com\/it\/felpa-pepe-jeans-bianca\/","og_locale":"it_IT","og_type":"article","og_title":"Felpa Pepe Jeans Bianca - Acquista online! - Seconda Strada","og_description":"Felpa Pepe Jeans Bianca \u27a4 Acquista online su Secondastrada.com Felpa Pepe Jeans Bianca \u2714\ufe0f Spedizione veloce entro 24h in tutta Italia \u2714\ufe0f Sconto sul tuo primo acquisto","og_url":"https:\/\/www.secondastrada.com\/it\/felpa-pepe-jeans-bianca\/","og_site_name":"Seconda Strada","article_modified_time":"2026-04-07T09:28:42+00:00","og_image":[{"width":1000,"height":1300,"url":"https:\/\/www.secondastrada.com\/wp-content\/uploads\/2026\/04\/PL5800072-OB_ANTIQUE-WHITE-P807_PE26_1.jpg","type":"image\/jpeg"}],"twitter_card":"summary_large_image","twitter_misc":{"Tempo di lettura stimato":"1 minuto"},"schema":{"@context":"https:\/\/schema.org","@graph":[{"@type":"WebPage","@id":"https:\/\/www.secondastrada.com\/it\/felpa-pepe-jeans-bianca\/","url":"https:\/\/www.secondastrada.com\/it\/felpa-pepe-jeans-bianca\/","name":"Felpa Pepe Jeans Bianca - Acquista online! - Seconda Strada","isPartOf":{"@id":"https:\/\/www.secondastrada.com\/it\/#website"},"primaryImageOfPage":{"@id":"https:\/\/www.secondastrada.com\/it\/felpa-pepe-jeans-bianca\/#primaryimage"},"image":{"@id":"https:\/\/www.secondastrada.com\/it\/felpa-pepe-jeans-bianca\/#primaryimage"},"thumbnailUrl":"https:\/\/www.secondastrada.com\/wp-content\/uploads\/2026\/04\/PL5800072-OB_ANTIQUE-WHITE-P807_PE26_1.jpg","datePublished":"2026-04-03T08:50:16+00:00","dateModified":"2026-04-07T09:28:42+00:00","description":"Felpa Pepe Jeans Bianca \u27a4 Acquista online su Secondastrada.com Felpa Pepe Jeans Bianca \u2714\ufe0f Spedizione veloce entro 24h in tutta Italia \u2714\ufe0f Sconto sul tuo primo acquisto","breadcrumb":{"@id":"https:\/\/www.secondastrada.com\/it\/felpa-pepe-jeans-bianca\/#breadcrumb"},"inLanguage":"it-IT","potentialAction":[{"@type":"ReadAction","target":["https:\/\/www.secondastrada.com\/it\/felpa-pepe-jeans-bianca\/"]}]},{"@type":"ImageObject","inLanguage":"it-IT","@id":"https:\/\/www.secondastrada.com\/it\/felpa-pepe-jeans-bianca\/#primaryimage","url":"https:\/\/www.secondastrada.com\/wp-content\/uploads\/2026\/04\/PL5800072-OB_ANTIQUE-WHITE-P807_PE26_1.jpg","contentUrl":"https:\/\/www.secondastrada.com\/wp-content\/uploads\/2026\/04\/PL5800072-OB_ANTIQUE-WHITE-P807_PE26_1.jpg","width":1000,"height":1300,"caption":"PL5800072-OB_ANTIQUE-WHITE-P807_PE26"},{"@type":"BreadcrumbList","@id":"https:\/\/www.secondastrada.com\/it\/felpa-pepe-jeans-bianca\/#breadcrumb","itemListElement":[{"@type":"ListItem","position":1,"name":"Home","item":"https:\/\/www.secondastrada.com\/it\/"},{"@type":"ListItem","position":2,"name":"Shop","item":"https:\/\/www.secondastrada.com\/it\/shop\/"},{"@type":"ListItem","position":3,"name":"Donna","item":"https:\/\/www.secondastrada.com\/it\/collezione-donna\/"},{"@type":"ListItem","position":4,"name":"Abbigliamento","item":"https:\/\/www.secondastrada.com\/it\/collezione-donna\/abbigliamento-donna\/"},{"@type":"ListItem","position":5,"name":"Felpe","item":"https:\/\/www.secondastrada.com\/it\/collezione-donna\/abbigliamento-donna\/felpe-da-donna\/"},{"@type":"ListItem","position":6,"name":"Felpa Pepe Jeans Bianca"}]},{"@type":"WebSite","@id":"https:\/\/www.secondastrada.com\/it\/#website","url":"https:\/\/www.secondastrada.com\/it\/","name":"Seconda Strada","description":"","publisher":{"@id":"https:\/\/www.secondastrada.com\/it\/#organization"},"potentialAction":[{"@type":"SearchAction","target":{"@type":"EntryPoint","urlTemplate":"https:\/\/www.secondastrada.com\/it\/?s={search_term_string}"},"query-input":"required name=search_term_string"}],"inLanguage":"it-IT"},{"@type":"Organization","@id":"https:\/\/www.secondastrada.com\/it\/#organization","name":"Seconda Strada","url":"https:\/\/www.secondastrada.com\/it\/","logo":{"@type":"ImageObject","inLanguage":"it-IT","@id":"https:\/\/www.secondastrada.com\/it\/#\/schema\/logo\/image\/","url":"https:\/\/www.secondastrada.com\/wp-content\/uploads\/2023\/11\/secondastrada-logo.svg","contentUrl":"https:\/\/www.secondastrada.com\/wp-content\/uploads\/2023\/11\/secondastrada-logo.svg","width":353,"height":47,"caption":"Seconda Strada"},"image":{"@id":"https:\/\/www.secondastrada.com\/it\/#\/schema\/logo\/image\/"}}]}},"df_price":41.93,"df_sale_price":"","df_regular_price":41.93,"df_image_link":"https:\/\/www.secondastrada.com\/wp-content\/uploads\/2026\/04\/PL5800072-OB_ANTIQUE-WHITE-P807_PE26_1-300x300.jpg","_links":{"self":[{"href":"https:\/\/www.secondastrada.com\/it\/wp-json\/wp\/v2\/product\/354642"}],"collection":[{"href":"https:\/\/www.secondastrada.com\/it\/wp-json\/wp\/v2\/product"}],"about":[{"href":"https:\/\/www.secondastrada.com\/it\/wp-json\/wp\/v2\/types\/product"}],"wp:featuredmedia":[{"embeddable":true,"href":"https:\/\/www.secondastrada.com\/it\/wp-json\/wp\/v2\/media\/355099"}],"wp:attachment":[{"href":"https:\/\/www.secondastrada.com\/it\/wp-json\/wp\/v2\/media?parent=354642"}],"wp:term":[{"taxonomy":"ss_brand","embeddable":true,"href":"https:\/\/www.secondastrada.com\/it\/wp-json\/wp\/v2\/ss_brand?post=354642"},{"taxonomy":"ss_promo","embeddable":true,"href":"https:\/\/www.secondastrada.com\/it\/wp-json\/wp\/v2\/ss_promo?post=354642"},{"taxonomy":"ss_season","embeddable":true,"href":"https:\/\/www.secondastrada.com\/it\/wp-json\/wp\/v2\/ss_season?post=354642"},{"taxonomy":"product_cat","embeddable":true,"href":"https:\/\/www.secondastrada.com\/it\/wp-json\/wp\/v2\/product_cat?post=354642"},{"taxonomy":"product_tag","embeddable":true,"href":"https:\/\/www.secondastrada.com\/it\/wp-json\/wp\/v2\/product_tag?post=354642"}],"curies":[{"name":"wp","href":"https:\/\/api.w.org\/{rel}","templated":true}]}}