{"id":354664,"date":"2026-04-03T10:52:18","date_gmt":"2026-04-03T08:52:18","guid":{"rendered":"https:\/\/www.secondastrada.com\/it\/shorts-pepe-jeans-azzurro\/"},"modified":"2026-04-03T11:53:33","modified_gmt":"2026-04-03T09:53:33","slug":"shorts-pepe-jeans-azzurro","status":"publish","type":"product","link":"https:\/\/www.secondastrada.com\/it\/shorts-pepe-jeans-azzurro\/","title":{"rendered":"Shorts Pepe Jeans Azzurro"},"content":{"rendered":"<p>Shorts PEPE JEANS Azzurri da donna<br \/>\nGli Shorts PEPE JEANS Azzurri sono il capo perfetto per vivere la stagione pi\u00f9 calda con stile e leggerezza. Freschi, versatili e sempre attuali, questi shorts da donna adatti alla primavera estate rappresentano una scelta ideale per creare outfit pratici ma curati.Realizzati in 99% cotone e 1% elastina, offrono una vestibilit\u00e0 confortevole e leggermente elasticizzata, perfetta per accompagnarti nei movimenti quotidiani. Il modello con vita regolare garantisce un fit naturale e facile da indossare, valorizzando la silhouette senza costringere. La vestibilit\u00e0 \u00e8 regolare, come indossata dalla modella alta 165 cm che veste la taglia S, adattandosi a diverse fisicit\u00e0.Perfetti da indossare nel tempo libero, durante una giornata al mare, una passeggiata in citt\u00e0 o un viaggio estivo, questi shorts con vita regolare sono pensati per offrirti comfort e stile in ogni occasione.<br \/>\nPuoi abbinarli a un top leggero e sneakers per un look casual e dinamico, oppure a una t-shirt e sandali per un outfit pi\u00f9 rilassato e femminile.Pratici, versatili e facili da abbinare, sono un must-have per affrontare la bella stagione con semplicit\u00e0 e personalit\u00e0.Acquista in totale sicurezza su SecondaStrada.com: tutti i prodotti sono originali e selezionati con cura. Codice articolo: PL80000333A2 OB<\/p>\n","protected":false},"excerpt":{"rendered":"<p>Shorts PEPE JEANS Azzurri da donna Gli Shorts PEPE JEANS Azzurri sono il capo perfetto per vivere la stagione pi\u00f9 calda con stile e leggerezza. Freschi, versatili e sempre attuali, questi shorts da donna adatti alla primavera estate rappresentano una scelta ideale per creare outfit pratici ma curati.Realizzati in 99% cotone e 1% elastina, offrono&#8230;<\/p>\n","protected":false},"featured_media":354396,"template":"","meta":{"inline_featured_image":false},"ss_brand":[1212],"ss_promo":[],"ss_season":[2531],"product_cat":[1329,1658,1475],"product_tag":[1995],"class_list":{"0":"post-354664","1":"product","2":"type-product","3":"status-publish","4":"has-post-thumbnail","6":"ss_brand-pepe-jeans-donna","7":"ss_season-pe26","8":"product_cat-abbigliamento-donna","9":"product_cat-collezione-donna","10":"product_cat-shorts-da-donna","11":"product_tag-nuovi-arrivi-donna","13":"first","14":"instock","15":"sale","16":"shipping-taxable","17":"purchasable","18":"product-type-variable","19":"has-default-attributes"},"acf":{"ss_brand":[{"term_id":1212,"name":"PEPE JEANS","slug":"pepe-jeans-donna","term_group":0,"term_taxonomy_id":1212,"taxonomy":"ss_brand","description":"Stile urban-cool con accento british: dai una scossa al tuo guardaroba e scopri la collezione abbigliamento da donna Pepe Jeans a prezzi bassissimi!\u00a0Acquista online su SecondaStrada.com <strong>abbigliamento da donna Pepe Jeans scontatissimo<\/strong>!","parent":1201,"count":207,"filter":"raw"}],"ss_promo":false,"ss_season":[{"term_id":2531,"name":"PE26","slug":"pe26","term_group":0,"term_taxonomy_id":2531,"taxonomy":"ss_season","description":"","parent":0,"count":1148,"filter":"raw"}],"ss_old_price":"0,00","ss_omnibus_price":"0,00","ss_style_advice":"<p>Shorts PEPE JEANS Azzurri da donna<br \/>\nGli Shorts PEPE JEANS Azzurri sono il capo perfetto per vivere la stagione pi\u00f9 calda con stile e leggerezza. Freschi, versatili e sempre attuali, questi shorts da donna adatti alla primavera estate rappresentano una scelta ideale per creare outfit pratici ma curati.Realizzati in 99% cotone e 1% elastina, offrono una vestibilit\u00e0 confortevole e leggermente elasticizzata, perfetta per accompagnarti nei movimenti quotidiani. Il modello con vita regolare garantisce un fit naturale e facile da indossare, valorizzando la silhouette senza costringere. La vestibilit\u00e0 \u00e8 regolare, come indossata dalla modella alta 165 cm che veste la taglia S, adattandosi a diverse fisicit\u00e0.Perfetti da indossare nel tempo libero, durante una giornata al mare, una passeggiata in citt\u00e0 o un viaggio estivo, questi shorts con vita regolare sono pensati per offrirti comfort e stile in ogni occasione.<br \/>\nPuoi abbinarli a un top leggero e sneakers per un look casual e dinamico, oppure a una t-shirt e sandali per un outfit pi\u00f9 rilassato e femminile.Pratici, versatili e facili da abbinare, sono un must-have per affrontare la bella stagione con semplicit\u00e0 e personalit\u00e0.Acquista in totale sicurezza su SecondaStrada.com: tutti i prodotti sono originali e selezionati con cura. Codice articolo: PL80000333A2 OB<\/p>\n","ss_composition":"<p>99% cotone 1% elastina<\/p>\n","ss_fit":"<p>La modella \u00e8 alta 165 cm e veste la taglia S. La vestibilit\u00e0 del capo \u00e8 regolare.<\/p>\n"},"yoast_head":"<!-- This site is optimized with the Yoast SEO plugin v22.3 - https:\/\/yoast.com\/wordpress\/plugins\/seo\/ -->\n<title>Shorts Pepe Jeans Azzurro - Acquista online! - Seconda Strada<\/title>\n<meta name=\"description\" content=\"Shorts Pepe Jeans Azzurro \u27a4 Acquista online su Secondastrada.com Shorts Pepe Jeans Azzurro \u2714\ufe0f Spedizione veloce entro 24h in tutta Italia \u2714\ufe0f Sconto sul tuo primo acquisto\" \/>\n<meta name=\"robots\" content=\"index, follow, max-snippet:-1, max-image-preview:large, max-video-preview:-1\" \/>\n<link rel=\"canonical\" href=\"https:\/\/www.secondastrada.com\/it\/shorts-pepe-jeans-azzurro\/\" \/>\n<meta property=\"og:locale\" content=\"it_IT\" \/>\n<meta property=\"og:type\" content=\"article\" \/>\n<meta property=\"og:title\" content=\"Shorts Pepe Jeans Azzurro - Acquista online! - Seconda Strada\" \/>\n<meta property=\"og:description\" content=\"Shorts Pepe Jeans Azzurro \u27a4 Acquista online su Secondastrada.com Shorts Pepe Jeans Azzurro \u2714\ufe0f Spedizione veloce entro 24h in tutta Italia \u2714\ufe0f Sconto sul tuo primo acquisto\" \/>\n<meta property=\"og:url\" content=\"https:\/\/www.secondastrada.com\/it\/shorts-pepe-jeans-azzurro\/\" \/>\n<meta property=\"og:site_name\" content=\"Seconda Strada\" \/>\n<meta property=\"article:modified_time\" content=\"2026-04-03T09:53:33+00:00\" \/>\n<meta property=\"og:image\" content=\"https:\/\/www.secondastrada.com\/wp-content\/uploads\/2026\/04\/PL80000333A2-OB_DENIM-P000_PE26_1.jpg\" \/>\n\t<meta property=\"og:image:width\" content=\"1000\" \/>\n\t<meta property=\"og:image:height\" content=\"1300\" \/>\n\t<meta property=\"og:image:type\" content=\"image\/jpeg\" \/>\n<meta name=\"twitter:card\" content=\"summary_large_image\" \/>\n<meta name=\"twitter:label1\" content=\"Tempo di lettura stimato\" \/>\n\t<meta name=\"twitter:data1\" content=\"1 minuto\" \/>\n<!-- \/ Yoast SEO plugin. -->","yoast_head_json":{"title":"Shorts Pepe Jeans Azzurro - Acquista online! - Seconda Strada","description":"Shorts Pepe Jeans Azzurro \u27a4 Acquista online su Secondastrada.com Shorts Pepe Jeans Azzurro \u2714\ufe0f Spedizione veloce entro 24h in tutta Italia \u2714\ufe0f Sconto sul tuo primo acquisto","robots":{"index":"index","follow":"follow","max-snippet":"max-snippet:-1","max-image-preview":"max-image-preview:large","max-video-preview":"max-video-preview:-1"},"canonical":"https:\/\/www.secondastrada.com\/it\/shorts-pepe-jeans-azzurro\/","og_locale":"it_IT","og_type":"article","og_title":"Shorts Pepe Jeans Azzurro - Acquista online! - Seconda Strada","og_description":"Shorts Pepe Jeans Azzurro \u27a4 Acquista online su Secondastrada.com Shorts Pepe Jeans Azzurro \u2714\ufe0f Spedizione veloce entro 24h in tutta Italia \u2714\ufe0f Sconto sul tuo primo acquisto","og_url":"https:\/\/www.secondastrada.com\/it\/shorts-pepe-jeans-azzurro\/","og_site_name":"Seconda Strada","article_modified_time":"2026-04-03T09:53:33+00:00","og_image":[{"width":1000,"height":1300,"url":"https:\/\/www.secondastrada.com\/wp-content\/uploads\/2026\/04\/PL80000333A2-OB_DENIM-P000_PE26_1.jpg","type":"image\/jpeg"}],"twitter_card":"summary_large_image","twitter_misc":{"Tempo di lettura stimato":"1 minuto"},"schema":{"@context":"https:\/\/schema.org","@graph":[{"@type":"WebPage","@id":"https:\/\/www.secondastrada.com\/it\/shorts-pepe-jeans-azzurro\/","url":"https:\/\/www.secondastrada.com\/it\/shorts-pepe-jeans-azzurro\/","name":"Shorts Pepe Jeans Azzurro - Acquista online! - Seconda Strada","isPartOf":{"@id":"https:\/\/www.secondastrada.com\/it\/#website"},"primaryImageOfPage":{"@id":"https:\/\/www.secondastrada.com\/it\/shorts-pepe-jeans-azzurro\/#primaryimage"},"image":{"@id":"https:\/\/www.secondastrada.com\/it\/shorts-pepe-jeans-azzurro\/#primaryimage"},"thumbnailUrl":"https:\/\/www.secondastrada.com\/wp-content\/uploads\/2026\/04\/PL80000333A2-OB_DENIM-P000_PE26_1.jpg","datePublished":"2026-04-03T08:52:18+00:00","dateModified":"2026-04-03T09:53:33+00:00","description":"Shorts Pepe Jeans Azzurro \u27a4 Acquista online su Secondastrada.com Shorts Pepe Jeans Azzurro \u2714\ufe0f Spedizione veloce entro 24h in tutta Italia \u2714\ufe0f Sconto sul tuo primo acquisto","breadcrumb":{"@id":"https:\/\/www.secondastrada.com\/it\/shorts-pepe-jeans-azzurro\/#breadcrumb"},"inLanguage":"it-IT","potentialAction":[{"@type":"ReadAction","target":["https:\/\/www.secondastrada.com\/it\/shorts-pepe-jeans-azzurro\/"]}]},{"@type":"ImageObject","inLanguage":"it-IT","@id":"https:\/\/www.secondastrada.com\/it\/shorts-pepe-jeans-azzurro\/#primaryimage","url":"https:\/\/www.secondastrada.com\/wp-content\/uploads\/2026\/04\/PL80000333A2-OB_DENIM-P000_PE26_1.jpg","contentUrl":"https:\/\/www.secondastrada.com\/wp-content\/uploads\/2026\/04\/PL80000333A2-OB_DENIM-P000_PE26_1.jpg","width":1000,"height":1300,"caption":"PL80000333A2-OB_DENIM-P000_PE26"},{"@type":"BreadcrumbList","@id":"https:\/\/www.secondastrada.com\/it\/shorts-pepe-jeans-azzurro\/#breadcrumb","itemListElement":[{"@type":"ListItem","position":1,"name":"Home","item":"https:\/\/www.secondastrada.com\/it\/"},{"@type":"ListItem","position":2,"name":"Shop","item":"https:\/\/www.secondastrada.com\/it\/shop\/"},{"@type":"ListItem","position":3,"name":"Donna","item":"https:\/\/www.secondastrada.com\/it\/collezione-donna\/"},{"@type":"ListItem","position":4,"name":"Abbigliamento","item":"https:\/\/www.secondastrada.com\/it\/collezione-donna\/abbigliamento-donna\/"},{"@type":"ListItem","position":5,"name":"Shorts","item":"https:\/\/www.secondastrada.com\/it\/collezione-donna\/abbigliamento-donna\/shorts-da-donna\/"},{"@type":"ListItem","position":6,"name":"Shorts Pepe Jeans Azzurro"}]},{"@type":"WebSite","@id":"https:\/\/www.secondastrada.com\/it\/#website","url":"https:\/\/www.secondastrada.com\/it\/","name":"Seconda Strada","description":"","publisher":{"@id":"https:\/\/www.secondastrada.com\/it\/#organization"},"potentialAction":[{"@type":"SearchAction","target":{"@type":"EntryPoint","urlTemplate":"https:\/\/www.secondastrada.com\/it\/?s={search_term_string}"},"query-input":"required name=search_term_string"}],"inLanguage":"it-IT"},{"@type":"Organization","@id":"https:\/\/www.secondastrada.com\/it\/#organization","name":"Seconda Strada","url":"https:\/\/www.secondastrada.com\/it\/","logo":{"@type":"ImageObject","inLanguage":"it-IT","@id":"https:\/\/www.secondastrada.com\/it\/#\/schema\/logo\/image\/","url":"https:\/\/www.secondastrada.com\/wp-content\/uploads\/2023\/11\/secondastrada-logo.svg","contentUrl":"https:\/\/www.secondastrada.com\/wp-content\/uploads\/2023\/11\/secondastrada-logo.svg","width":353,"height":47,"caption":"Seconda Strada"},"image":{"@id":"https:\/\/www.secondastrada.com\/it\/#\/schema\/logo\/image\/"}}]}},"df_price":41.93,"df_sale_price":"","df_regular_price":41.93,"df_image_link":"https:\/\/www.secondastrada.com\/wp-content\/uploads\/2026\/04\/PL80000333A2-OB_DENIM-P000_PE26_1-300x300.jpg","_links":{"self":[{"href":"https:\/\/www.secondastrada.com\/it\/wp-json\/wp\/v2\/product\/354664"}],"collection":[{"href":"https:\/\/www.secondastrada.com\/it\/wp-json\/wp\/v2\/product"}],"about":[{"href":"https:\/\/www.secondastrada.com\/it\/wp-json\/wp\/v2\/types\/product"}],"wp:featuredmedia":[{"embeddable":true,"href":"https:\/\/www.secondastrada.com\/it\/wp-json\/wp\/v2\/media\/354396"}],"wp:attachment":[{"href":"https:\/\/www.secondastrada.com\/it\/wp-json\/wp\/v2\/media?parent=354664"}],"wp:term":[{"taxonomy":"ss_brand","embeddable":true,"href":"https:\/\/www.secondastrada.com\/it\/wp-json\/wp\/v2\/ss_brand?post=354664"},{"taxonomy":"ss_promo","embeddable":true,"href":"https:\/\/www.secondastrada.com\/it\/wp-json\/wp\/v2\/ss_promo?post=354664"},{"taxonomy":"ss_season","embeddable":true,"href":"https:\/\/www.secondastrada.com\/it\/wp-json\/wp\/v2\/ss_season?post=354664"},{"taxonomy":"product_cat","embeddable":true,"href":"https:\/\/www.secondastrada.com\/it\/wp-json\/wp\/v2\/product_cat?post=354664"},{"taxonomy":"product_tag","embeddable":true,"href":"https:\/\/www.secondastrada.com\/it\/wp-json\/wp\/v2\/product_tag?post=354664"}],"curies":[{"name":"wp","href":"https:\/\/api.w.org\/{rel}","templated":true}]}}