{"id":354883,"date":"2026-04-08T15:29:53","date_gmt":"2026-04-08T13:29:53","guid":{"rendered":"https:\/\/www.secondastrada.com\/it\/felpa-pepe-jeans-bianca-2\/"},"modified":"2026-04-08T15:29:53","modified_gmt":"2026-04-08T13:29:53","slug":"felpa-pepe-jeans-bianca-2","status":"publish","type":"product","link":"https:\/\/www.secondastrada.com\/it\/felpa-pepe-jeans-bianca-2\/","title":{"rendered":"Felpa Pepe Jeans Bianca"},"content":{"rendered":"<p><b>Felpa PEPE JEANS Bianca da uomo<\/b><br \/>\nLa <b>Felpa PEPE JEANS Bianca<\/b> da uomo \u00e8 il capo ideale per chi cerca uno stile pulito, contemporaneo e facilmente abbinabile in ogni occasione.<br \/>Realizzata in <b>100% cotone<\/b>, questa felpa garantisce comfort e traspirabilit\u00e0 durante tutta la giornata, mentre l\u2019interno <b>garzato<\/b> aggiunge una piacevole sensazione di morbidezza sulla pelle.<br \/>Il design \u00e8 valorizzato dalla <b>stampa Pepe Jeans a contrasto<\/b>, che dona carattere al capo mantenendo un\u2019estetica essenziale e versatile.<br \/>Questa <b>felpa da uomo adatta in tutte le stagioni<\/b> \u00e8 perfetta da indossare nel tempo libero, durante una passeggiata in citt\u00e0 o nei momenti di relax, offrendo sempre un look curato senza sforzo.<br \/>La vestibilit\u00e0 regolare assicura comfort e libert\u00e0 di movimento: il modello \u00e8 alto 187 cm e indossa una taglia L.<br \/>Facile da abbinare, puoi indossarla con un paio di jeans per un outfit casual quotidiano oppure con bermuda nelle giornate pi\u00f9 miti per uno stile rilassato ma attuale.<br \/>La <b>felpa con stampa pepe jeans a contrasto, garzata<\/b> \u00e8 una scelta affidabile per rinnovare il guardaroba con un capo pratico e sempre attuale.<br \/>Scegli la qualit\u00e0 e l\u2019autenticit\u00e0 di PEPE JEANS su SecondaStrada.com: tutti i prodotti sono originali e selezionati con cura.<br \/><b>Codice articolo: PM5800146 OB<\/b><\/p>\n","protected":false},"excerpt":{"rendered":"<p>Felpa PEPE JEANS Bianca da uomo La Felpa PEPE JEANS Bianca da uomo \u00e8 il capo ideale per chi cerca uno stile pulito, contemporaneo e facilmente abbinabile in ogni occasione.Realizzata in 100% cotone, questa felpa garantisce comfort e traspirabilit\u00e0 durante tutta la giornata, mentre l\u2019interno garzato aggiunge una piacevole sensazione di morbidezza sulla pelle.Il design&#8230;<\/p>\n","protected":false},"featured_media":355223,"template":"","meta":{"inline_featured_image":false},"ss_brand":[1269],"ss_promo":[],"ss_season":[2531],"product_cat":[1332,1480,1714],"product_tag":[1993],"class_list":{"0":"post-354883","1":"product","2":"type-product","3":"status-publish","4":"has-post-thumbnail","6":"ss_brand-pepe-jeans-uomo","7":"ss_season-pe26","8":"product_cat-abbigliamento-uomo","9":"product_cat-felpe-da-uomo","10":"product_cat-collezione-uomo","11":"product_tag-nuovi-arrivi-uomo","13":"first","14":"instock","15":"sale","16":"shipping-taxable","17":"purchasable","18":"product-type-variable","19":"has-default-attributes"},"acf":{"ss_brand":[{"term_id":1269,"name":"PEPE JEANS","slug":"pepe-jeans-uomo","term_group":0,"term_taxonomy_id":1269,"taxonomy":"ss_brand","description":"Rivoluziona il tuo guardaroba con lo stile brit-cool di Pepe Jeans e scopri le imperdibili promozioni del nostro store di abbigliamento online!\u00a0Acquista online su SecondaStrada.com<strong> abbigliamento da uomo Pepe Jeans scontatissimo<\/strong>!","parent":1268,"count":94,"filter":"raw"}],"ss_promo":false,"ss_season":[{"term_id":2531,"name":"PE26","slug":"pe26","term_group":0,"term_taxonomy_id":2531,"taxonomy":"ss_season","description":"","parent":0,"count":1163,"filter":"raw"}],"ss_old_price":"0,00","ss_omnibus_price":"0,00","ss_style_advice":"<p><b>Felpa PEPE JEANS Bianca da uomo<\/b><br \/>\nLa <b>Felpa PEPE JEANS Bianca<\/b> da uomo \u00e8 il capo ideale per chi cerca uno stile pulito, contemporaneo e facilmente abbinabile in ogni occasione.<br \/>Realizzata in <b>100% cotone<\/b>, questa felpa garantisce comfort e traspirabilit\u00e0 durante tutta la giornata, mentre l\u2019interno <b>garzato<\/b> aggiunge una piacevole sensazione di morbidezza sulla pelle.<br \/>Il design \u00e8 valorizzato dalla <b>stampa Pepe Jeans a contrasto<\/b>, che dona carattere al capo mantenendo un\u2019estetica essenziale e versatile.<br \/>Questa <b>felpa da uomo adatta in tutte le stagioni<\/b> \u00e8 perfetta da indossare nel tempo libero, durante una passeggiata in citt\u00e0 o nei momenti di relax, offrendo sempre un look curato senza sforzo.<br \/>La vestibilit\u00e0 regolare assicura comfort e libert\u00e0 di movimento: il modello \u00e8 alto 187 cm e indossa una taglia L.<br \/>Facile da abbinare, puoi indossarla con un paio di jeans per un outfit casual quotidiano oppure con bermuda nelle giornate pi\u00f9 miti per uno stile rilassato ma attuale.<br \/>La <b>felpa con stampa pepe jeans a contrasto, garzata<\/b> \u00e8 una scelta affidabile per rinnovare il guardaroba con un capo pratico e sempre attuale.<br \/>Scegli la qualit\u00e0 e l\u2019autenticit\u00e0 di PEPE JEANS su SecondaStrada.com: tutti i prodotti sono originali e selezionati con cura.<br \/><b>Codice articolo: PM5800146 OB<\/b><\/p>\n","ss_composition":"<p>100% cotone<\/p>\n","ss_fit":"<p>Il modello \u00e8 alto 187 cm e veste la taglia L. La vestibilit\u00e0 del capo \u00e8 regolare.<\/p>\n"},"yoast_head":"<!-- This site is optimized with the Yoast SEO plugin v22.3 - https:\/\/yoast.com\/wordpress\/plugins\/seo\/ -->\n<title>Felpa Pepe Jeans Bianca - Acquista online! - Seconda Strada<\/title>\n<meta name=\"description\" content=\"Felpa Pepe Jeans Bianca \u27a4 Acquista online su Secondastrada.com Felpa Pepe Jeans Bianca \u2714\ufe0f Spedizione veloce entro 24h in tutta Italia \u2714\ufe0f Sconto sul tuo primo acquisto\" \/>\n<meta name=\"robots\" content=\"index, follow, max-snippet:-1, max-image-preview:large, max-video-preview:-1\" \/>\n<link rel=\"canonical\" href=\"https:\/\/www.secondastrada.com\/it\/felpa-pepe-jeans-bianca-2\/\" \/>\n<meta property=\"og:locale\" content=\"it_IT\" \/>\n<meta property=\"og:type\" content=\"article\" \/>\n<meta property=\"og:title\" content=\"Felpa Pepe Jeans Bianca - Acquista online! - Seconda Strada\" \/>\n<meta property=\"og:description\" content=\"Felpa Pepe Jeans Bianca \u27a4 Acquista online su Secondastrada.com Felpa Pepe Jeans Bianca \u2714\ufe0f Spedizione veloce entro 24h in tutta Italia \u2714\ufe0f Sconto sul tuo primo acquisto\" \/>\n<meta property=\"og:url\" content=\"https:\/\/www.secondastrada.com\/it\/felpa-pepe-jeans-bianca-2\/\" \/>\n<meta property=\"og:site_name\" content=\"Seconda Strada\" \/>\n<meta property=\"og:image\" content=\"https:\/\/www.secondastrada.com\/wp-content\/uploads\/2026\/04\/PM5800146-OB_OFF-WHITE-P803_PE26_1.jpg\" \/>\n\t<meta property=\"og:image:width\" content=\"1000\" \/>\n\t<meta property=\"og:image:height\" content=\"1300\" \/>\n\t<meta property=\"og:image:type\" content=\"image\/jpeg\" \/>\n<meta name=\"twitter:card\" content=\"summary_large_image\" \/>\n<meta name=\"twitter:label1\" content=\"Tempo di lettura stimato\" \/>\n\t<meta name=\"twitter:data1\" content=\"1 minuto\" \/>\n<!-- \/ Yoast SEO plugin. -->","yoast_head_json":{"title":"Felpa Pepe Jeans Bianca - Acquista online! - Seconda Strada","description":"Felpa Pepe Jeans Bianca \u27a4 Acquista online su Secondastrada.com Felpa Pepe Jeans Bianca \u2714\ufe0f Spedizione veloce entro 24h in tutta Italia \u2714\ufe0f Sconto sul tuo primo acquisto","robots":{"index":"index","follow":"follow","max-snippet":"max-snippet:-1","max-image-preview":"max-image-preview:large","max-video-preview":"max-video-preview:-1"},"canonical":"https:\/\/www.secondastrada.com\/it\/felpa-pepe-jeans-bianca-2\/","og_locale":"it_IT","og_type":"article","og_title":"Felpa Pepe Jeans Bianca - Acquista online! - Seconda Strada","og_description":"Felpa Pepe Jeans Bianca \u27a4 Acquista online su Secondastrada.com Felpa Pepe Jeans Bianca \u2714\ufe0f Spedizione veloce entro 24h in tutta Italia \u2714\ufe0f Sconto sul tuo primo acquisto","og_url":"https:\/\/www.secondastrada.com\/it\/felpa-pepe-jeans-bianca-2\/","og_site_name":"Seconda Strada","og_image":[{"width":1000,"height":1300,"url":"https:\/\/www.secondastrada.com\/wp-content\/uploads\/2026\/04\/PM5800146-OB_OFF-WHITE-P803_PE26_1.jpg","type":"image\/jpeg"}],"twitter_card":"summary_large_image","twitter_misc":{"Tempo di lettura stimato":"1 minuto"},"schema":{"@context":"https:\/\/schema.org","@graph":[{"@type":"WebPage","@id":"https:\/\/www.secondastrada.com\/it\/felpa-pepe-jeans-bianca-2\/","url":"https:\/\/www.secondastrada.com\/it\/felpa-pepe-jeans-bianca-2\/","name":"Felpa Pepe Jeans Bianca - Acquista online! - Seconda Strada","isPartOf":{"@id":"https:\/\/www.secondastrada.com\/it\/#website"},"primaryImageOfPage":{"@id":"https:\/\/www.secondastrada.com\/it\/felpa-pepe-jeans-bianca-2\/#primaryimage"},"image":{"@id":"https:\/\/www.secondastrada.com\/it\/felpa-pepe-jeans-bianca-2\/#primaryimage"},"thumbnailUrl":"https:\/\/www.secondastrada.com\/wp-content\/uploads\/2026\/04\/PM5800146-OB_OFF-WHITE-P803_PE26_1.jpg","datePublished":"2026-04-08T13:29:53+00:00","dateModified":"2026-04-08T13:29:53+00:00","description":"Felpa Pepe Jeans Bianca \u27a4 Acquista online su Secondastrada.com Felpa Pepe Jeans Bianca \u2714\ufe0f Spedizione veloce entro 24h in tutta Italia \u2714\ufe0f Sconto sul tuo primo acquisto","breadcrumb":{"@id":"https:\/\/www.secondastrada.com\/it\/felpa-pepe-jeans-bianca-2\/#breadcrumb"},"inLanguage":"it-IT","potentialAction":[{"@type":"ReadAction","target":["https:\/\/www.secondastrada.com\/it\/felpa-pepe-jeans-bianca-2\/"]}]},{"@type":"ImageObject","inLanguage":"it-IT","@id":"https:\/\/www.secondastrada.com\/it\/felpa-pepe-jeans-bianca-2\/#primaryimage","url":"https:\/\/www.secondastrada.com\/wp-content\/uploads\/2026\/04\/PM5800146-OB_OFF-WHITE-P803_PE26_1.jpg","contentUrl":"https:\/\/www.secondastrada.com\/wp-content\/uploads\/2026\/04\/PM5800146-OB_OFF-WHITE-P803_PE26_1.jpg","width":1000,"height":1300,"caption":"PM5800146-OB_OFF-WHITE-P803_PE26"},{"@type":"BreadcrumbList","@id":"https:\/\/www.secondastrada.com\/it\/felpa-pepe-jeans-bianca-2\/#breadcrumb","itemListElement":[{"@type":"ListItem","position":1,"name":"Home","item":"https:\/\/www.secondastrada.com\/it\/"},{"@type":"ListItem","position":2,"name":"Shop","item":"https:\/\/www.secondastrada.com\/it\/shop\/"},{"@type":"ListItem","position":3,"name":"Uomo","item":"https:\/\/www.secondastrada.com\/it\/collezione-uomo\/"},{"@type":"ListItem","position":4,"name":"Abbigliamento","item":"https:\/\/www.secondastrada.com\/it\/collezione-uomo\/abbigliamento-uomo\/"},{"@type":"ListItem","position":5,"name":"Felpe","item":"https:\/\/www.secondastrada.com\/it\/collezione-uomo\/abbigliamento-uomo\/felpe-da-uomo\/"},{"@type":"ListItem","position":6,"name":"Felpa Pepe Jeans Bianca"}]},{"@type":"WebSite","@id":"https:\/\/www.secondastrada.com\/it\/#website","url":"https:\/\/www.secondastrada.com\/it\/","name":"Seconda Strada","description":"","publisher":{"@id":"https:\/\/www.secondastrada.com\/it\/#organization"},"potentialAction":[{"@type":"SearchAction","target":{"@type":"EntryPoint","urlTemplate":"https:\/\/www.secondastrada.com\/it\/?s={search_term_string}"},"query-input":"required name=search_term_string"}],"inLanguage":"it-IT"},{"@type":"Organization","@id":"https:\/\/www.secondastrada.com\/it\/#organization","name":"Seconda Strada","url":"https:\/\/www.secondastrada.com\/it\/","logo":{"@type":"ImageObject","inLanguage":"it-IT","@id":"https:\/\/www.secondastrada.com\/it\/#\/schema\/logo\/image\/","url":"https:\/\/www.secondastrada.com\/wp-content\/uploads\/2023\/11\/secondastrada-logo.svg","contentUrl":"https:\/\/www.secondastrada.com\/wp-content\/uploads\/2023\/11\/secondastrada-logo.svg","width":353,"height":47,"caption":"Seconda Strada"},"image":{"@id":"https:\/\/www.secondastrada.com\/it\/#\/schema\/logo\/image\/"}}]}},"df_price":48.93,"df_sale_price":"","df_regular_price":48.93,"df_image_link":"https:\/\/www.secondastrada.com\/wp-content\/uploads\/2026\/04\/PM5800146-OB_OFF-WHITE-P803_PE26_1-300x300.jpg","_links":{"self":[{"href":"https:\/\/www.secondastrada.com\/it\/wp-json\/wp\/v2\/product\/354883"}],"collection":[{"href":"https:\/\/www.secondastrada.com\/it\/wp-json\/wp\/v2\/product"}],"about":[{"href":"https:\/\/www.secondastrada.com\/it\/wp-json\/wp\/v2\/types\/product"}],"wp:featuredmedia":[{"embeddable":true,"href":"https:\/\/www.secondastrada.com\/it\/wp-json\/wp\/v2\/media\/355223"}],"wp:attachment":[{"href":"https:\/\/www.secondastrada.com\/it\/wp-json\/wp\/v2\/media?parent=354883"}],"wp:term":[{"taxonomy":"ss_brand","embeddable":true,"href":"https:\/\/www.secondastrada.com\/it\/wp-json\/wp\/v2\/ss_brand?post=354883"},{"taxonomy":"ss_promo","embeddable":true,"href":"https:\/\/www.secondastrada.com\/it\/wp-json\/wp\/v2\/ss_promo?post=354883"},{"taxonomy":"ss_season","embeddable":true,"href":"https:\/\/www.secondastrada.com\/it\/wp-json\/wp\/v2\/ss_season?post=354883"},{"taxonomy":"product_cat","embeddable":true,"href":"https:\/\/www.secondastrada.com\/it\/wp-json\/wp\/v2\/product_cat?post=354883"},{"taxonomy":"product_tag","embeddable":true,"href":"https:\/\/www.secondastrada.com\/it\/wp-json\/wp\/v2\/product_tag?post=354883"}],"curies":[{"name":"wp","href":"https:\/\/api.w.org\/{rel}","templated":true}]}}