{"id":354894,"date":"2026-04-07T11:28:17","date_gmt":"2026-04-07T09:28:17","guid":{"rendered":"https:\/\/www.secondastrada.com\/it\/felpa-pepe-jeans-blu-3\/"},"modified":"2026-04-07T11:28:17","modified_gmt":"2026-04-07T09:28:17","slug":"felpa-pepe-jeans-blu-3","status":"publish","type":"product","link":"https:\/\/www.secondastrada.com\/it\/felpa-pepe-jeans-blu-3\/","title":{"rendered":"Felpa Pepe Jeans Blu"},"content":{"rendered":"<p><b>Felpa PEPE JEANS Blu da uomo<\/b><br \/>\nLa <b>Felpa PEPE JEANS Blu<\/b> da uomo \u00e8 una scelta versatile e moderna, perfetta per accompagnarti con stile in ogni momento della giornata.<br \/>Realizzata in <b>100% cotone<\/b>, offre una sensazione naturale sulla pelle e un comfort duraturo, mentre la lavorazione interna <b>garzata<\/b> aggiunge calore e morbidezza ideali nelle giornate pi\u00f9 fresche.<br \/>Il design essenziale \u00e8 arricchito dalla <b>stampa Pepe Jeans a contrasto<\/b>, un dettaglio distintivo che dona personalit\u00e0 al capo senza rinunciare alla semplicit\u00e0.<br \/>Questa <b>felpa da uomo adatta in tutte le stagioni<\/b> \u00e8 perfetta da indossare nel tempo libero, durante una giornata dinamica in citt\u00e0 o nei momenti di relax, quando cerchi praticit\u00e0 senza sacrificare lo stile.<br \/>La vestibilit\u00e0 regolare garantisce una linea comoda e contemporanea: il modello \u00e8 alto 187 cm e indossa una taglia L.<br \/>Facile da abbinare, puoi indossarla con jeans per un look casual sempre attuale oppure con pantaloni sportivi per un outfit pi\u00f9 rilassato e confortevole.<br \/>La <b>felpa con stampa pepe jeans a contrasto, garzata<\/b> rappresenta un capo essenziale del guardaroba maschile, pensato per durare nel tempo e adattarsi a diversi contesti.<br \/>Scegliendo SecondaStrada.com hai la certezza di acquistare prodotti originali, selezionati con attenzione per qualit\u00e0 e autenticit\u00e0.<br \/><b>Codice articolo: PM5800146 OB<\/b><\/p>\n","protected":false},"excerpt":{"rendered":"<p>Felpa PEPE JEANS Blu da uomo La Felpa PEPE JEANS Blu da uomo \u00e8 una scelta versatile e moderna, perfetta per accompagnarti con stile in ogni momento della giornata.Realizzata in 100% cotone, offre una sensazione naturale sulla pelle e un comfort duraturo, mentre la lavorazione interna garzata aggiunge calore e morbidezza ideali nelle giornate pi\u00f9&#8230;<\/p>\n","protected":false},"featured_media":355115,"template":"","meta":{"inline_featured_image":false},"ss_brand":[1269],"ss_promo":[],"ss_season":[2531],"product_cat":[1332,1480,1714],"product_tag":[1995],"class_list":{"0":"post-354894","1":"product","2":"type-product","3":"status-publish","4":"has-post-thumbnail","6":"ss_brand-pepe-jeans-uomo","7":"ss_season-pe26","8":"product_cat-abbigliamento-uomo","9":"product_cat-felpe-da-uomo","10":"product_cat-collezione-uomo","11":"product_tag-nuovi-arrivi-donna","13":"first","14":"instock","15":"sale","16":"shipping-taxable","17":"purchasable","18":"product-type-variable","19":"has-default-attributes"},"acf":{"ss_brand":[{"term_id":1269,"name":"PEPE JEANS","slug":"pepe-jeans-uomo","term_group":0,"term_taxonomy_id":1269,"taxonomy":"ss_brand","description":"Rivoluziona il tuo guardaroba con lo stile brit-cool di Pepe Jeans e scopri le imperdibili promozioni del nostro store di abbigliamento online!\u00a0Acquista online su SecondaStrada.com<strong> abbigliamento da uomo Pepe Jeans scontatissimo<\/strong>!","parent":1268,"count":88,"filter":"raw"}],"ss_promo":false,"ss_season":[{"term_id":2531,"name":"PE26","slug":"pe26","term_group":0,"term_taxonomy_id":2531,"taxonomy":"ss_season","description":"","parent":0,"count":1152,"filter":"raw"}],"ss_old_price":"0,00","ss_omnibus_price":"0,00","ss_style_advice":"<p><b>Felpa PEPE JEANS Blu da uomo<\/b><br \/>\nLa <b>Felpa PEPE JEANS Blu<\/b> da uomo \u00e8 una scelta versatile e moderna, perfetta per accompagnarti con stile in ogni momento della giornata.<br \/>Realizzata in <b>100% cotone<\/b>, offre una sensazione naturale sulla pelle e un comfort duraturo, mentre la lavorazione interna <b>garzata<\/b> aggiunge calore e morbidezza ideali nelle giornate pi\u00f9 fresche.<br \/>Il design essenziale \u00e8 arricchito dalla <b>stampa Pepe Jeans a contrasto<\/b>, un dettaglio distintivo che dona personalit\u00e0 al capo senza rinunciare alla semplicit\u00e0.<br \/>Questa <b>felpa da uomo adatta in tutte le stagioni<\/b> \u00e8 perfetta da indossare nel tempo libero, durante una giornata dinamica in citt\u00e0 o nei momenti di relax, quando cerchi praticit\u00e0 senza sacrificare lo stile.<br \/>La vestibilit\u00e0 regolare garantisce una linea comoda e contemporanea: il modello \u00e8 alto 187 cm e indossa una taglia L.<br \/>Facile da abbinare, puoi indossarla con jeans per un look casual sempre attuale oppure con pantaloni sportivi per un outfit pi\u00f9 rilassato e confortevole.<br \/>La <b>felpa con stampa pepe jeans a contrasto, garzata<\/b> rappresenta un capo essenziale del guardaroba maschile, pensato per durare nel tempo e adattarsi a diversi contesti.<br \/>Scegliendo SecondaStrada.com hai la certezza di acquistare prodotti originali, selezionati con attenzione per qualit\u00e0 e autenticit\u00e0.<br \/><b>Codice articolo: PM5800146 OB<\/b><\/p>\n","ss_composition":"<p>100% cotone<\/p>\n","ss_fit":"<p>Il modello \u00e8 alto 187 cm e veste la taglia L. La vestibilit\u00e0 del capo \u00e8 regolare.<\/p>\n"},"yoast_head":"<!-- This site is optimized with the Yoast SEO plugin v22.3 - https:\/\/yoast.com\/wordpress\/plugins\/seo\/ -->\n<title>Felpa Pepe Jeans Blu - Acquista online! - Seconda Strada<\/title>\n<meta name=\"description\" content=\"Felpa Pepe Jeans Blu \u27a4 Acquista online su Secondastrada.com Felpa Pepe Jeans Blu \u2714\ufe0f Spedizione veloce entro 24h in tutta Italia \u2714\ufe0f Sconto sul tuo primo acquisto\" \/>\n<meta name=\"robots\" content=\"index, follow, max-snippet:-1, max-image-preview:large, max-video-preview:-1\" \/>\n<link rel=\"canonical\" href=\"https:\/\/www.secondastrada.com\/it\/felpa-pepe-jeans-blu-3\/\" \/>\n<meta property=\"og:locale\" content=\"it_IT\" \/>\n<meta property=\"og:type\" content=\"article\" \/>\n<meta property=\"og:title\" content=\"Felpa Pepe Jeans Blu - Acquista online! - Seconda Strada\" \/>\n<meta property=\"og:description\" content=\"Felpa Pepe Jeans Blu \u27a4 Acquista online su Secondastrada.com Felpa Pepe Jeans Blu \u2714\ufe0f Spedizione veloce entro 24h in tutta Italia \u2714\ufe0f Sconto sul tuo primo acquisto\" \/>\n<meta property=\"og:url\" content=\"https:\/\/www.secondastrada.com\/it\/felpa-pepe-jeans-blu-3\/\" \/>\n<meta property=\"og:site_name\" content=\"Seconda Strada\" \/>\n<meta property=\"og:image\" content=\"https:\/\/www.secondastrada.com\/wp-content\/uploads\/2026\/04\/PM5800146-OB_WASHED-NAVY-BLUE-P576_PE26_1.jpg\" \/>\n\t<meta property=\"og:image:width\" content=\"1000\" \/>\n\t<meta property=\"og:image:height\" content=\"1300\" \/>\n\t<meta property=\"og:image:type\" content=\"image\/jpeg\" \/>\n<meta name=\"twitter:card\" content=\"summary_large_image\" \/>\n<meta name=\"twitter:label1\" content=\"Tempo di lettura stimato\" \/>\n\t<meta name=\"twitter:data1\" content=\"1 minuto\" \/>\n<!-- \/ Yoast SEO plugin. -->","yoast_head_json":{"title":"Felpa Pepe Jeans Blu - Acquista online! - Seconda Strada","description":"Felpa Pepe Jeans Blu \u27a4 Acquista online su Secondastrada.com Felpa Pepe Jeans Blu \u2714\ufe0f Spedizione veloce entro 24h in tutta Italia \u2714\ufe0f Sconto sul tuo primo acquisto","robots":{"index":"index","follow":"follow","max-snippet":"max-snippet:-1","max-image-preview":"max-image-preview:large","max-video-preview":"max-video-preview:-1"},"canonical":"https:\/\/www.secondastrada.com\/it\/felpa-pepe-jeans-blu-3\/","og_locale":"it_IT","og_type":"article","og_title":"Felpa Pepe Jeans Blu - Acquista online! - Seconda Strada","og_description":"Felpa Pepe Jeans Blu \u27a4 Acquista online su Secondastrada.com Felpa Pepe Jeans Blu \u2714\ufe0f Spedizione veloce entro 24h in tutta Italia \u2714\ufe0f Sconto sul tuo primo acquisto","og_url":"https:\/\/www.secondastrada.com\/it\/felpa-pepe-jeans-blu-3\/","og_site_name":"Seconda Strada","og_image":[{"width":1000,"height":1300,"url":"https:\/\/www.secondastrada.com\/wp-content\/uploads\/2026\/04\/PM5800146-OB_WASHED-NAVY-BLUE-P576_PE26_1.jpg","type":"image\/jpeg"}],"twitter_card":"summary_large_image","twitter_misc":{"Tempo di lettura stimato":"1 minuto"},"schema":{"@context":"https:\/\/schema.org","@graph":[{"@type":"WebPage","@id":"https:\/\/www.secondastrada.com\/it\/felpa-pepe-jeans-blu-3\/","url":"https:\/\/www.secondastrada.com\/it\/felpa-pepe-jeans-blu-3\/","name":"Felpa Pepe Jeans Blu - Acquista online! - Seconda Strada","isPartOf":{"@id":"https:\/\/www.secondastrada.com\/it\/#website"},"primaryImageOfPage":{"@id":"https:\/\/www.secondastrada.com\/it\/felpa-pepe-jeans-blu-3\/#primaryimage"},"image":{"@id":"https:\/\/www.secondastrada.com\/it\/felpa-pepe-jeans-blu-3\/#primaryimage"},"thumbnailUrl":"https:\/\/www.secondastrada.com\/wp-content\/uploads\/2026\/04\/PM5800146-OB_WASHED-NAVY-BLUE-P576_PE26_1.jpg","datePublished":"2026-04-07T09:28:17+00:00","dateModified":"2026-04-07T09:28:17+00:00","description":"Felpa Pepe Jeans Blu \u27a4 Acquista online su Secondastrada.com Felpa Pepe Jeans Blu \u2714\ufe0f Spedizione veloce entro 24h in tutta Italia \u2714\ufe0f Sconto sul tuo primo acquisto","breadcrumb":{"@id":"https:\/\/www.secondastrada.com\/it\/felpa-pepe-jeans-blu-3\/#breadcrumb"},"inLanguage":"it-IT","potentialAction":[{"@type":"ReadAction","target":["https:\/\/www.secondastrada.com\/it\/felpa-pepe-jeans-blu-3\/"]}]},{"@type":"ImageObject","inLanguage":"it-IT","@id":"https:\/\/www.secondastrada.com\/it\/felpa-pepe-jeans-blu-3\/#primaryimage","url":"https:\/\/www.secondastrada.com\/wp-content\/uploads\/2026\/04\/PM5800146-OB_WASHED-NAVY-BLUE-P576_PE26_1.jpg","contentUrl":"https:\/\/www.secondastrada.com\/wp-content\/uploads\/2026\/04\/PM5800146-OB_WASHED-NAVY-BLUE-P576_PE26_1.jpg","width":1000,"height":1300,"caption":"PM5800146-OB_WASHED-NAVY-BLUE-P576_PE26"},{"@type":"BreadcrumbList","@id":"https:\/\/www.secondastrada.com\/it\/felpa-pepe-jeans-blu-3\/#breadcrumb","itemListElement":[{"@type":"ListItem","position":1,"name":"Home","item":"https:\/\/www.secondastrada.com\/it\/"},{"@type":"ListItem","position":2,"name":"Shop","item":"https:\/\/www.secondastrada.com\/it\/shop\/"},{"@type":"ListItem","position":3,"name":"Uomo","item":"https:\/\/www.secondastrada.com\/it\/collezione-uomo\/"},{"@type":"ListItem","position":4,"name":"Abbigliamento","item":"https:\/\/www.secondastrada.com\/it\/collezione-uomo\/abbigliamento-uomo\/"},{"@type":"ListItem","position":5,"name":"Felpe","item":"https:\/\/www.secondastrada.com\/it\/collezione-uomo\/abbigliamento-uomo\/felpe-da-uomo\/"},{"@type":"ListItem","position":6,"name":"Felpa Pepe Jeans Blu"}]},{"@type":"WebSite","@id":"https:\/\/www.secondastrada.com\/it\/#website","url":"https:\/\/www.secondastrada.com\/it\/","name":"Seconda Strada","description":"","publisher":{"@id":"https:\/\/www.secondastrada.com\/it\/#organization"},"potentialAction":[{"@type":"SearchAction","target":{"@type":"EntryPoint","urlTemplate":"https:\/\/www.secondastrada.com\/it\/?s={search_term_string}"},"query-input":"required name=search_term_string"}],"inLanguage":"it-IT"},{"@type":"Organization","@id":"https:\/\/www.secondastrada.com\/it\/#organization","name":"Seconda Strada","url":"https:\/\/www.secondastrada.com\/it\/","logo":{"@type":"ImageObject","inLanguage":"it-IT","@id":"https:\/\/www.secondastrada.com\/it\/#\/schema\/logo\/image\/","url":"https:\/\/www.secondastrada.com\/wp-content\/uploads\/2023\/11\/secondastrada-logo.svg","contentUrl":"https:\/\/www.secondastrada.com\/wp-content\/uploads\/2023\/11\/secondastrada-logo.svg","width":353,"height":47,"caption":"Seconda Strada"},"image":{"@id":"https:\/\/www.secondastrada.com\/it\/#\/schema\/logo\/image\/"}}]}},"df_price":48.93,"df_sale_price":"","df_regular_price":48.93,"df_image_link":"https:\/\/www.secondastrada.com\/wp-content\/uploads\/2026\/04\/PM5800146-OB_WASHED-NAVY-BLUE-P576_PE26_1-300x300.jpg","_links":{"self":[{"href":"https:\/\/www.secondastrada.com\/it\/wp-json\/wp\/v2\/product\/354894"}],"collection":[{"href":"https:\/\/www.secondastrada.com\/it\/wp-json\/wp\/v2\/product"}],"about":[{"href":"https:\/\/www.secondastrada.com\/it\/wp-json\/wp\/v2\/types\/product"}],"wp:featuredmedia":[{"embeddable":true,"href":"https:\/\/www.secondastrada.com\/it\/wp-json\/wp\/v2\/media\/355115"}],"wp:attachment":[{"href":"https:\/\/www.secondastrada.com\/it\/wp-json\/wp\/v2\/media?parent=354894"}],"wp:term":[{"taxonomy":"ss_brand","embeddable":true,"href":"https:\/\/www.secondastrada.com\/it\/wp-json\/wp\/v2\/ss_brand?post=354894"},{"taxonomy":"ss_promo","embeddable":true,"href":"https:\/\/www.secondastrada.com\/it\/wp-json\/wp\/v2\/ss_promo?post=354894"},{"taxonomy":"ss_season","embeddable":true,"href":"https:\/\/www.secondastrada.com\/it\/wp-json\/wp\/v2\/ss_season?post=354894"},{"taxonomy":"product_cat","embeddable":true,"href":"https:\/\/www.secondastrada.com\/it\/wp-json\/wp\/v2\/product_cat?post=354894"},{"taxonomy":"product_tag","embeddable":true,"href":"https:\/\/www.secondastrada.com\/it\/wp-json\/wp\/v2\/product_tag?post=354894"}],"curies":[{"name":"wp","href":"https:\/\/api.w.org\/{rel}","templated":true}]}}