{"id":355504,"date":"2026-04-09T09:21:47","date_gmt":"2026-04-09T07:21:47","guid":{"rendered":"https:\/\/www.secondastrada.com\/it\/t-shirt-timberland-bianca-5\/"},"modified":"2026-04-09T13:12:12","modified_gmt":"2026-04-09T11:12:12","slug":"t-shirt-timberland-bianca-5","status":"publish","type":"product","link":"https:\/\/www.secondastrada.com\/it\/t-shirt-timberland-bianca-5\/","title":{"rendered":"T-shirt Timberland Bianca"},"content":{"rendered":"<p><b>T-shirt TIMBERLAND Bianca da uomo<\/b><br \/>\nPulita, versatile e sempre attuale, la T-shirt TIMBERLAND Bianca \u00e8 il capo perfetto per chi cerca uno stile essenziale ma curato. Realizzata in 100% cotone, garantisce una sensazione di comfort e freschezza sulla pelle, rendendola una T-shirt da uomo adatta in tutte le stagioni.<br \/>Il design minimal \u00e8 arricchito da una stampa Timberland a contrasto, dettaglio distintivo che dona carattere al capo senza appesantirne l\u2019estetica. La vestibilit\u00e0 regolare assicura un fit comodo e naturale: il modello \u00e8 alto 187 cm e indossa una taglia L, per un risultato equilibrato e facile da indossare ogni giorno.<br \/>Questa T-shirt con stampa timberland a contrasto \u00e8 ideale da indossare nel tempo libero, durante le giornate pi\u00f9 dinamiche o nei momenti di relax. Si abbina perfettamente a bermuda e sneakers per un look estivo e informale, oppure a jeans per uno stile casual sempre attuale e versatile.<br \/>La T-shirt TIMBERLAND Bianca rappresenta un must-have del guardaroba maschile, grazie alla sua semplicit\u00e0 e alla qualit\u00e0 dei materiali.<br \/>Tutti i prodotti su SecondaStrada.com sono originali e selezionati con cura. Codice articolo: A2BRN OB.<\/p>\n","protected":false},"excerpt":{"rendered":"<p>T-shirt TIMBERLAND Bianca da uomo Pulita, versatile e sempre attuale, la T-shirt TIMBERLAND Bianca \u00e8 il capo perfetto per chi cerca uno stile essenziale ma curato. Realizzata in 100% cotone, garantisce una sensazione di comfort e freschezza sulla pelle, rendendola una T-shirt da uomo adatta in tutte le stagioni.Il design minimal \u00e8 arricchito da una&#8230;<\/p>\n","protected":false},"featured_media":355335,"template":"","meta":{"inline_featured_image":false},"ss_brand":[1298],"ss_promo":[],"ss_season":[2531],"product_cat":[1332,1479,2276,1714],"product_tag":[1993],"class_list":{"0":"post-355504","1":"product","2":"type-product","3":"status-publish","4":"has-post-thumbnail","6":"ss_brand-timberland-uomo","7":"ss_season-pe26","8":"product_cat-abbigliamento-uomo","9":"product_cat-t-shirt-da-uomo","10":"product_cat-t-shirt-in-cotone-da-uomo","11":"product_cat-collezione-uomo","12":"product_tag-nuovi-arrivi-uomo","14":"first","15":"instock","16":"shipping-taxable","17":"purchasable","18":"product-type-variable","19":"has-default-attributes"},"acf":{"ss_brand":[{"term_id":1298,"name":"TIMBERLAND","slug":"timberland-uomo","term_group":0,"term_taxonomy_id":1298,"taxonomy":"ss_brand","description":"Dai boschi del New Hempshire alla giungla urbana, con Timberland si respira aria green! Scopri le nostre offerte e non lasciarti scappare i tuoi capi preferiti.","parent":1268,"count":100,"filter":"raw"}],"ss_promo":false,"ss_season":[{"term_id":2531,"name":"PE26","slug":"pe26","term_group":0,"term_taxonomy_id":2531,"taxonomy":"ss_season","description":"","parent":0,"count":1196,"filter":"raw"}],"ss_old_price":"40,00","ss_omnibus_price":"0,00","ss_style_advice":"<p><b>T-shirt TIMBERLAND Bianca da uomo<\/b><br \/>\nPulita, versatile e sempre attuale, la T-shirt TIMBERLAND Bianca \u00e8 il capo perfetto per chi cerca uno stile essenziale ma curato. Realizzata in 100% cotone, garantisce una sensazione di comfort e freschezza sulla pelle, rendendola una T-shirt da uomo adatta in tutte le stagioni.<br \/>Il design minimal \u00e8 arricchito da una stampa Timberland a contrasto, dettaglio distintivo che dona carattere al capo senza appesantirne l\u2019estetica. La vestibilit\u00e0 regolare assicura un fit comodo e naturale: il modello \u00e8 alto 187 cm e indossa una taglia L, per un risultato equilibrato e facile da indossare ogni giorno.<br \/>Questa T-shirt con stampa timberland a contrasto \u00e8 ideale da indossare nel tempo libero, durante le giornate pi\u00f9 dinamiche o nei momenti di relax. Si abbina perfettamente a bermuda e sneakers per un look estivo e informale, oppure a jeans per uno stile casual sempre attuale e versatile.<br \/>La T-shirt TIMBERLAND Bianca rappresenta un must-have del guardaroba maschile, grazie alla sua semplicit\u00e0 e alla qualit\u00e0 dei materiali.<br \/>Tutti i prodotti su SecondaStrada.com sono originali e selezionati con cura. Codice articolo: A2BRN OB.<\/p>\n","ss_composition":"<p>100% cotone<\/p>\n","ss_fit":"<p>Il modello \u00e8 alto 187 cm e veste la taglia L. La vestibilit\u00e0 del capo \u00e8 regolare.<\/p>\n"},"yoast_head":"<!-- This site is optimized with the Yoast SEO plugin v22.3 - https:\/\/yoast.com\/wordpress\/plugins\/seo\/ -->\n<title>T-shirt Timberland Bianca - Acquista online! - Seconda Strada<\/title>\n<meta name=\"description\" content=\"T-shirt Timberland Bianca \u27a4 Acquista online su Secondastrada.com T-shirt Timberland Bianca \u2714\ufe0f Spedizione veloce entro 24h in tutta Italia \u2714\ufe0f Sconto sul tuo primo acquisto\" \/>\n<meta name=\"robots\" content=\"index, follow, max-snippet:-1, max-image-preview:large, max-video-preview:-1\" \/>\n<link rel=\"canonical\" href=\"https:\/\/www.secondastrada.com\/it\/t-shirt-timberland-bianca-5\/\" \/>\n<meta property=\"og:locale\" content=\"it_IT\" \/>\n<meta property=\"og:type\" content=\"article\" \/>\n<meta property=\"og:title\" content=\"T-shirt Timberland Bianca - Acquista online! - Seconda Strada\" \/>\n<meta property=\"og:description\" content=\"T-shirt Timberland Bianca \u27a4 Acquista online su Secondastrada.com T-shirt Timberland Bianca \u2714\ufe0f Spedizione veloce entro 24h in tutta Italia \u2714\ufe0f Sconto sul tuo primo acquisto\" \/>\n<meta property=\"og:url\" content=\"https:\/\/www.secondastrada.com\/it\/t-shirt-timberland-bianca-5\/\" \/>\n<meta property=\"og:site_name\" content=\"Seconda Strada\" \/>\n<meta property=\"article:modified_time\" content=\"2026-04-09T11:12:12+00:00\" \/>\n<meta property=\"og:image\" content=\"https:\/\/www.secondastrada.com\/wp-content\/uploads\/2026\/04\/A2BRN-OB_WHITE_PE26_1.jpg\" \/>\n\t<meta property=\"og:image:width\" content=\"1000\" \/>\n\t<meta property=\"og:image:height\" content=\"1300\" \/>\n\t<meta property=\"og:image:type\" content=\"image\/jpeg\" \/>\n<meta name=\"twitter:card\" content=\"summary_large_image\" \/>\n<meta name=\"twitter:label1\" content=\"Tempo di lettura stimato\" \/>\n\t<meta name=\"twitter:data1\" content=\"1 minuto\" \/>\n<!-- \/ Yoast SEO plugin. -->","yoast_head_json":{"title":"T-shirt Timberland Bianca - Acquista online! - Seconda Strada","description":"T-shirt Timberland Bianca \u27a4 Acquista online su Secondastrada.com T-shirt Timberland Bianca \u2714\ufe0f Spedizione veloce entro 24h in tutta Italia \u2714\ufe0f Sconto sul tuo primo acquisto","robots":{"index":"index","follow":"follow","max-snippet":"max-snippet:-1","max-image-preview":"max-image-preview:large","max-video-preview":"max-video-preview:-1"},"canonical":"https:\/\/www.secondastrada.com\/it\/t-shirt-timberland-bianca-5\/","og_locale":"it_IT","og_type":"article","og_title":"T-shirt Timberland Bianca - Acquista online! - Seconda Strada","og_description":"T-shirt Timberland Bianca \u27a4 Acquista online su Secondastrada.com T-shirt Timberland Bianca \u2714\ufe0f Spedizione veloce entro 24h in tutta Italia \u2714\ufe0f Sconto sul tuo primo acquisto","og_url":"https:\/\/www.secondastrada.com\/it\/t-shirt-timberland-bianca-5\/","og_site_name":"Seconda Strada","article_modified_time":"2026-04-09T11:12:12+00:00","og_image":[{"width":1000,"height":1300,"url":"https:\/\/www.secondastrada.com\/wp-content\/uploads\/2026\/04\/A2BRN-OB_WHITE_PE26_1.jpg","type":"image\/jpeg"}],"twitter_card":"summary_large_image","twitter_misc":{"Tempo di lettura stimato":"1 minuto"},"schema":{"@context":"https:\/\/schema.org","@graph":[{"@type":"WebPage","@id":"https:\/\/www.secondastrada.com\/it\/t-shirt-timberland-bianca-5\/","url":"https:\/\/www.secondastrada.com\/it\/t-shirt-timberland-bianca-5\/","name":"T-shirt Timberland Bianca - Acquista online! - Seconda Strada","isPartOf":{"@id":"https:\/\/www.secondastrada.com\/it\/#website"},"primaryImageOfPage":{"@id":"https:\/\/www.secondastrada.com\/it\/t-shirt-timberland-bianca-5\/#primaryimage"},"image":{"@id":"https:\/\/www.secondastrada.com\/it\/t-shirt-timberland-bianca-5\/#primaryimage"},"thumbnailUrl":"https:\/\/www.secondastrada.com\/wp-content\/uploads\/2026\/04\/A2BRN-OB_WHITE_PE26_1.jpg","datePublished":"2026-04-09T07:21:47+00:00","dateModified":"2026-04-09T11:12:12+00:00","description":"T-shirt Timberland Bianca \u27a4 Acquista online su Secondastrada.com T-shirt Timberland Bianca \u2714\ufe0f Spedizione veloce entro 24h in tutta Italia \u2714\ufe0f Sconto sul tuo primo acquisto","breadcrumb":{"@id":"https:\/\/www.secondastrada.com\/it\/t-shirt-timberland-bianca-5\/#breadcrumb"},"inLanguage":"it-IT","potentialAction":[{"@type":"ReadAction","target":["https:\/\/www.secondastrada.com\/it\/t-shirt-timberland-bianca-5\/"]}]},{"@type":"ImageObject","inLanguage":"it-IT","@id":"https:\/\/www.secondastrada.com\/it\/t-shirt-timberland-bianca-5\/#primaryimage","url":"https:\/\/www.secondastrada.com\/wp-content\/uploads\/2026\/04\/A2BRN-OB_WHITE_PE26_1.jpg","contentUrl":"https:\/\/www.secondastrada.com\/wp-content\/uploads\/2026\/04\/A2BRN-OB_WHITE_PE26_1.jpg","width":1000,"height":1300,"caption":"A2BRN-OB_WHITE_PE26"},{"@type":"BreadcrumbList","@id":"https:\/\/www.secondastrada.com\/it\/t-shirt-timberland-bianca-5\/#breadcrumb","itemListElement":[{"@type":"ListItem","position":1,"name":"Home","item":"https:\/\/www.secondastrada.com\/it\/"},{"@type":"ListItem","position":2,"name":"Shop","item":"https:\/\/www.secondastrada.com\/it\/shop\/"},{"@type":"ListItem","position":3,"name":"Uomo","item":"https:\/\/www.secondastrada.com\/it\/collezione-uomo\/"},{"@type":"ListItem","position":4,"name":"Abbigliamento","item":"https:\/\/www.secondastrada.com\/it\/collezione-uomo\/abbigliamento-uomo\/"},{"@type":"ListItem","position":5,"name":"T-shirt","item":"https:\/\/www.secondastrada.com\/it\/collezione-uomo\/abbigliamento-uomo\/t-shirt-da-uomo\/"},{"@type":"ListItem","position":6,"name":"T-shirt in cotone","item":"https:\/\/www.secondastrada.com\/it\/collezione-uomo\/abbigliamento-uomo\/t-shirt-da-uomo\/t-shirt-in-cotone-da-uomo\/"},{"@type":"ListItem","position":7,"name":"T-shirt Timberland Bianca"}]},{"@type":"WebSite","@id":"https:\/\/www.secondastrada.com\/it\/#website","url":"https:\/\/www.secondastrada.com\/it\/","name":"Seconda Strada","description":"","publisher":{"@id":"https:\/\/www.secondastrada.com\/it\/#organization"},"potentialAction":[{"@type":"SearchAction","target":{"@type":"EntryPoint","urlTemplate":"https:\/\/www.secondastrada.com\/it\/?s={search_term_string}"},"query-input":"required name=search_term_string"}],"inLanguage":"it-IT"},{"@type":"Organization","@id":"https:\/\/www.secondastrada.com\/it\/#organization","name":"Seconda Strada","url":"https:\/\/www.secondastrada.com\/it\/","logo":{"@type":"ImageObject","inLanguage":"it-IT","@id":"https:\/\/www.secondastrada.com\/it\/#\/schema\/logo\/image\/","url":"https:\/\/www.secondastrada.com\/wp-content\/uploads\/2023\/11\/secondastrada-logo.svg","contentUrl":"https:\/\/www.secondastrada.com\/wp-content\/uploads\/2023\/11\/secondastrada-logo.svg","width":353,"height":47,"caption":"Seconda Strada"},"image":{"@id":"https:\/\/www.secondastrada.com\/it\/#\/schema\/logo\/image\/"}}]}},"df_price":32.99,"df_sale_price":"","df_regular_price":32.99,"df_image_link":"https:\/\/www.secondastrada.com\/wp-content\/uploads\/2026\/04\/A2BRN-OB_WHITE_PE26_1-300x300.jpg","_links":{"self":[{"href":"https:\/\/www.secondastrada.com\/it\/wp-json\/wp\/v2\/product\/355504"}],"collection":[{"href":"https:\/\/www.secondastrada.com\/it\/wp-json\/wp\/v2\/product"}],"about":[{"href":"https:\/\/www.secondastrada.com\/it\/wp-json\/wp\/v2\/types\/product"}],"wp:featuredmedia":[{"embeddable":true,"href":"https:\/\/www.secondastrada.com\/it\/wp-json\/wp\/v2\/media\/355335"}],"wp:attachment":[{"href":"https:\/\/www.secondastrada.com\/it\/wp-json\/wp\/v2\/media?parent=355504"}],"wp:term":[{"taxonomy":"ss_brand","embeddable":true,"href":"https:\/\/www.secondastrada.com\/it\/wp-json\/wp\/v2\/ss_brand?post=355504"},{"taxonomy":"ss_promo","embeddable":true,"href":"https:\/\/www.secondastrada.com\/it\/wp-json\/wp\/v2\/ss_promo?post=355504"},{"taxonomy":"ss_season","embeddable":true,"href":"https:\/\/www.secondastrada.com\/it\/wp-json\/wp\/v2\/ss_season?post=355504"},{"taxonomy":"product_cat","embeddable":true,"href":"https:\/\/www.secondastrada.com\/it\/wp-json\/wp\/v2\/product_cat?post=355504"},{"taxonomy":"product_tag","embeddable":true,"href":"https:\/\/www.secondastrada.com\/it\/wp-json\/wp\/v2\/product_tag?post=355504"}],"curies":[{"name":"wp","href":"https:\/\/api.w.org\/{rel}","templated":true}]}}