{"id":355515,"date":"2026-04-09T09:22:43","date_gmt":"2026-04-09T07:22:43","guid":{"rendered":"https:\/\/www.secondastrada.com\/it\/polo-timberland-nera\/"},"modified":"2026-04-09T13:12:29","modified_gmt":"2026-04-09T11:12:29","slug":"polo-timberland-nera","status":"publish","type":"product","link":"https:\/\/www.secondastrada.com\/it\/polo-timberland-nera\/","title":{"rendered":"Polo Timberland Nera"},"content":{"rendered":"<p><b>Polo TIMBERLAND Nera da uomo<\/b><br \/>\nElegante nella sua semplicit\u00e0, la Polo TIMBERLAND Nera \u00e8 il capo ideale per chi cerca uno stile curato ma versatile, perfetto per diverse occasioni. Realizzata in 100% cotone, offre comfort, traspirabilit\u00e0 e una piacevole sensazione sulla pelle, rendendola una polo da uomo adatta in tutte le stagioni.<br \/>Il design essenziale \u00e8 impreziosito da un logo Timberland ricamato tono su tono, dettaglio raffinato che aggiunge identit\u00e0 senza risultare eccessivo. La vestibilit\u00e0 regolare garantisce un fit equilibrato e confortevole: il modello \u00e8 alto 187 cm e indossa una taglia L, assicurando una linea naturale e versatile.<br \/>Questa polo con logo Timberland ricamato tono su tono \u00e8 perfetta da indossare nel tempo libero ma anche in contesti pi\u00f9 curati come l\u2019ufficio informale. Si abbina facilmente a pantaloni e sneakers per un look casual ordinato, oppure a chino e scarpe basse per uno stile pi\u00f9 elegante ma rilassato.<br \/>La Polo TIMBERLAND Nera rappresenta un equilibrio perfetto tra praticit\u00e0 e stile, diventando un punto fermo nel guardaroba maschile.<br \/>Tutti i prodotti su SecondaStrada.com sono originali e selezionati con attenzione. Codice articolo: A2BS1 OB.<\/p>\n","protected":false},"excerpt":{"rendered":"<p>Polo TIMBERLAND Nera da uomo Elegante nella sua semplicit\u00e0, la Polo TIMBERLAND Nera \u00e8 il capo ideale per chi cerca uno stile curato ma versatile, perfetto per diverse occasioni. Realizzata in 100% cotone, offre comfort, traspirabilit\u00e0 e una piacevole sensazione sulla pelle, rendendola una polo da uomo adatta in tutte le stagioni.Il design essenziale \u00e8&#8230;<\/p>\n","protected":false},"featured_media":355393,"template":"","meta":{"inline_featured_image":false},"ss_brand":[1298],"ss_promo":[],"ss_season":[2531],"product_cat":[1332,1481,1714],"product_tag":[1993],"class_list":{"0":"post-355515","1":"product","2":"type-product","3":"status-publish","4":"has-post-thumbnail","6":"ss_brand-timberland-uomo","7":"ss_season-pe26","8":"product_cat-abbigliamento-uomo","9":"product_cat-polo-da-uomo","10":"product_cat-collezione-uomo","11":"product_tag-nuovi-arrivi-uomo","13":"first","14":"instock","15":"shipping-taxable","16":"purchasable","17":"product-type-variable","18":"has-default-attributes"},"acf":{"ss_brand":[{"term_id":1298,"name":"TIMBERLAND","slug":"timberland-uomo","term_group":0,"term_taxonomy_id":1298,"taxonomy":"ss_brand","description":"Dai boschi del New Hempshire alla giungla urbana, con Timberland si respira aria green! Scopri le nostre offerte e non lasciarti scappare i tuoi capi preferiti.","parent":1268,"count":100,"filter":"raw"}],"ss_promo":false,"ss_season":[{"term_id":2531,"name":"PE26","slug":"pe26","term_group":0,"term_taxonomy_id":2531,"taxonomy":"ss_season","description":"","parent":0,"count":1196,"filter":"raw"}],"ss_old_price":"70,00","ss_omnibus_price":"0,00","ss_style_advice":"<p><b>Polo TIMBERLAND Nera da uomo<\/b><br \/>\nElegante nella sua semplicit\u00e0, la Polo TIMBERLAND Nera \u00e8 il capo ideale per chi cerca uno stile curato ma versatile, perfetto per diverse occasioni. Realizzata in 100% cotone, offre comfort, traspirabilit\u00e0 e una piacevole sensazione sulla pelle, rendendola una polo da uomo adatta in tutte le stagioni.<br \/>Il design essenziale \u00e8 impreziosito da un logo Timberland ricamato tono su tono, dettaglio raffinato che aggiunge identit\u00e0 senza risultare eccessivo. La vestibilit\u00e0 regolare garantisce un fit equilibrato e confortevole: il modello \u00e8 alto 187 cm e indossa una taglia L, assicurando una linea naturale e versatile.<br \/>Questa polo con logo Timberland ricamato tono su tono \u00e8 perfetta da indossare nel tempo libero ma anche in contesti pi\u00f9 curati come l\u2019ufficio informale. Si abbina facilmente a pantaloni e sneakers per un look casual ordinato, oppure a chino e scarpe basse per uno stile pi\u00f9 elegante ma rilassato.<br \/>La Polo TIMBERLAND Nera rappresenta un equilibrio perfetto tra praticit\u00e0 e stile, diventando un punto fermo nel guardaroba maschile.<br \/>Tutti i prodotti su SecondaStrada.com sono originali e selezionati con attenzione. Codice articolo: A2BS1 OB.<\/p>\n","ss_composition":"<p>100% cotone<\/p>\n","ss_fit":"<p>Il modello \u00e8 alto 187 cm e veste la taglia L. La vestibilit\u00e0 del capo \u00e8 regolare.<\/p>\n"},"yoast_head":"<!-- This site is optimized with the Yoast SEO plugin v22.3 - https:\/\/yoast.com\/wordpress\/plugins\/seo\/ -->\n<title>Polo Timberland Nera - Acquista online! - Seconda Strada<\/title>\n<meta name=\"description\" content=\"Polo Timberland Nera \u27a4 Acquista online su Secondastrada.com Polo Timberland Nera \u2714\ufe0f Spedizione veloce entro 24h in tutta Italia \u2714\ufe0f Sconto sul tuo primo acquisto\" \/>\n<meta name=\"robots\" content=\"index, follow, max-snippet:-1, max-image-preview:large, max-video-preview:-1\" \/>\n<link rel=\"canonical\" href=\"https:\/\/www.secondastrada.com\/it\/polo-timberland-nera\/\" \/>\n<meta property=\"og:locale\" content=\"it_IT\" \/>\n<meta property=\"og:type\" content=\"article\" \/>\n<meta property=\"og:title\" content=\"Polo Timberland Nera - Acquista online! - Seconda Strada\" \/>\n<meta property=\"og:description\" content=\"Polo Timberland Nera \u27a4 Acquista online su Secondastrada.com Polo Timberland Nera \u2714\ufe0f Spedizione veloce entro 24h in tutta Italia \u2714\ufe0f Sconto sul tuo primo acquisto\" \/>\n<meta property=\"og:url\" content=\"https:\/\/www.secondastrada.com\/it\/polo-timberland-nera\/\" \/>\n<meta property=\"og:site_name\" content=\"Seconda Strada\" \/>\n<meta property=\"article:modified_time\" content=\"2026-04-09T11:12:29+00:00\" \/>\n<meta property=\"og:image\" content=\"https:\/\/www.secondastrada.com\/wp-content\/uploads\/2026\/04\/A2BS1-OB_BLACK-PAVEMENT_PE26_1.jpg\" \/>\n\t<meta property=\"og:image:width\" content=\"1000\" \/>\n\t<meta property=\"og:image:height\" content=\"1300\" \/>\n\t<meta property=\"og:image:type\" content=\"image\/jpeg\" \/>\n<meta name=\"twitter:card\" content=\"summary_large_image\" \/>\n<meta name=\"twitter:label1\" content=\"Tempo di lettura stimato\" \/>\n\t<meta name=\"twitter:data1\" content=\"1 minuto\" \/>\n<!-- \/ Yoast SEO plugin. -->","yoast_head_json":{"title":"Polo Timberland Nera - Acquista online! - Seconda Strada","description":"Polo Timberland Nera \u27a4 Acquista online su Secondastrada.com Polo Timberland Nera \u2714\ufe0f Spedizione veloce entro 24h in tutta Italia \u2714\ufe0f Sconto sul tuo primo acquisto","robots":{"index":"index","follow":"follow","max-snippet":"max-snippet:-1","max-image-preview":"max-image-preview:large","max-video-preview":"max-video-preview:-1"},"canonical":"https:\/\/www.secondastrada.com\/it\/polo-timberland-nera\/","og_locale":"it_IT","og_type":"article","og_title":"Polo Timberland Nera - Acquista online! - Seconda Strada","og_description":"Polo Timberland Nera \u27a4 Acquista online su Secondastrada.com Polo Timberland Nera \u2714\ufe0f Spedizione veloce entro 24h in tutta Italia \u2714\ufe0f Sconto sul tuo primo acquisto","og_url":"https:\/\/www.secondastrada.com\/it\/polo-timberland-nera\/","og_site_name":"Seconda Strada","article_modified_time":"2026-04-09T11:12:29+00:00","og_image":[{"width":1000,"height":1300,"url":"https:\/\/www.secondastrada.com\/wp-content\/uploads\/2026\/04\/A2BS1-OB_BLACK-PAVEMENT_PE26_1.jpg","type":"image\/jpeg"}],"twitter_card":"summary_large_image","twitter_misc":{"Tempo di lettura stimato":"1 minuto"},"schema":{"@context":"https:\/\/schema.org","@graph":[{"@type":"WebPage","@id":"https:\/\/www.secondastrada.com\/it\/polo-timberland-nera\/","url":"https:\/\/www.secondastrada.com\/it\/polo-timberland-nera\/","name":"Polo Timberland Nera - Acquista online! - Seconda Strada","isPartOf":{"@id":"https:\/\/www.secondastrada.com\/it\/#website"},"primaryImageOfPage":{"@id":"https:\/\/www.secondastrada.com\/it\/polo-timberland-nera\/#primaryimage"},"image":{"@id":"https:\/\/www.secondastrada.com\/it\/polo-timberland-nera\/#primaryimage"},"thumbnailUrl":"https:\/\/www.secondastrada.com\/wp-content\/uploads\/2026\/04\/A2BS1-OB_BLACK-PAVEMENT_PE26_1.jpg","datePublished":"2026-04-09T07:22:43+00:00","dateModified":"2026-04-09T11:12:29+00:00","description":"Polo Timberland Nera \u27a4 Acquista online su Secondastrada.com Polo Timberland Nera \u2714\ufe0f Spedizione veloce entro 24h in tutta Italia \u2714\ufe0f Sconto sul tuo primo acquisto","breadcrumb":{"@id":"https:\/\/www.secondastrada.com\/it\/polo-timberland-nera\/#breadcrumb"},"inLanguage":"it-IT","potentialAction":[{"@type":"ReadAction","target":["https:\/\/www.secondastrada.com\/it\/polo-timberland-nera\/"]}]},{"@type":"ImageObject","inLanguage":"it-IT","@id":"https:\/\/www.secondastrada.com\/it\/polo-timberland-nera\/#primaryimage","url":"https:\/\/www.secondastrada.com\/wp-content\/uploads\/2026\/04\/A2BS1-OB_BLACK-PAVEMENT_PE26_1.jpg","contentUrl":"https:\/\/www.secondastrada.com\/wp-content\/uploads\/2026\/04\/A2BS1-OB_BLACK-PAVEMENT_PE26_1.jpg","width":1000,"height":1300,"caption":"A2BS1-OB_BLACK-PAVEMENT_PE26"},{"@type":"BreadcrumbList","@id":"https:\/\/www.secondastrada.com\/it\/polo-timberland-nera\/#breadcrumb","itemListElement":[{"@type":"ListItem","position":1,"name":"Home","item":"https:\/\/www.secondastrada.com\/it\/"},{"@type":"ListItem","position":2,"name":"Shop","item":"https:\/\/www.secondastrada.com\/it\/shop\/"},{"@type":"ListItem","position":3,"name":"Uomo","item":"https:\/\/www.secondastrada.com\/it\/collezione-uomo\/"},{"@type":"ListItem","position":4,"name":"Abbigliamento","item":"https:\/\/www.secondastrada.com\/it\/collezione-uomo\/abbigliamento-uomo\/"},{"@type":"ListItem","position":5,"name":"Polo","item":"https:\/\/www.secondastrada.com\/it\/collezione-uomo\/abbigliamento-uomo\/polo-da-uomo\/"},{"@type":"ListItem","position":6,"name":"Polo Timberland Nera"}]},{"@type":"WebSite","@id":"https:\/\/www.secondastrada.com\/it\/#website","url":"https:\/\/www.secondastrada.com\/it\/","name":"Seconda Strada","description":"","publisher":{"@id":"https:\/\/www.secondastrada.com\/it\/#organization"},"potentialAction":[{"@type":"SearchAction","target":{"@type":"EntryPoint","urlTemplate":"https:\/\/www.secondastrada.com\/it\/?s={search_term_string}"},"query-input":"required name=search_term_string"}],"inLanguage":"it-IT"},{"@type":"Organization","@id":"https:\/\/www.secondastrada.com\/it\/#organization","name":"Seconda Strada","url":"https:\/\/www.secondastrada.com\/it\/","logo":{"@type":"ImageObject","inLanguage":"it-IT","@id":"https:\/\/www.secondastrada.com\/it\/#\/schema\/logo\/image\/","url":"https:\/\/www.secondastrada.com\/wp-content\/uploads\/2023\/11\/secondastrada-logo.svg","contentUrl":"https:\/\/www.secondastrada.com\/wp-content\/uploads\/2023\/11\/secondastrada-logo.svg","width":353,"height":47,"caption":"Seconda Strada"},"image":{"@id":"https:\/\/www.secondastrada.com\/it\/#\/schema\/logo\/image\/"}}]}},"df_price":54.99,"df_sale_price":"","df_regular_price":54.99,"df_image_link":"https:\/\/www.secondastrada.com\/wp-content\/uploads\/2026\/04\/A2BS1-OB_BLACK-PAVEMENT_PE26_1-300x300.jpg","_links":{"self":[{"href":"https:\/\/www.secondastrada.com\/it\/wp-json\/wp\/v2\/product\/355515"}],"collection":[{"href":"https:\/\/www.secondastrada.com\/it\/wp-json\/wp\/v2\/product"}],"about":[{"href":"https:\/\/www.secondastrada.com\/it\/wp-json\/wp\/v2\/types\/product"}],"wp:featuredmedia":[{"embeddable":true,"href":"https:\/\/www.secondastrada.com\/it\/wp-json\/wp\/v2\/media\/355393"}],"wp:attachment":[{"href":"https:\/\/www.secondastrada.com\/it\/wp-json\/wp\/v2\/media?parent=355515"}],"wp:term":[{"taxonomy":"ss_brand","embeddable":true,"href":"https:\/\/www.secondastrada.com\/it\/wp-json\/wp\/v2\/ss_brand?post=355515"},{"taxonomy":"ss_promo","embeddable":true,"href":"https:\/\/www.secondastrada.com\/it\/wp-json\/wp\/v2\/ss_promo?post=355515"},{"taxonomy":"ss_season","embeddable":true,"href":"https:\/\/www.secondastrada.com\/it\/wp-json\/wp\/v2\/ss_season?post=355515"},{"taxonomy":"product_cat","embeddable":true,"href":"https:\/\/www.secondastrada.com\/it\/wp-json\/wp\/v2\/product_cat?post=355515"},{"taxonomy":"product_tag","embeddable":true,"href":"https:\/\/www.secondastrada.com\/it\/wp-json\/wp\/v2\/product_tag?post=355515"}],"curies":[{"name":"wp","href":"https:\/\/api.w.org\/{rel}","templated":true}]}}