{"id":355956,"date":"2026-04-10T08:31:26","date_gmt":"2026-04-10T06:31:26","guid":{"rendered":"https:\/\/www.secondastrada.com\/it\/borsa-concept83-blu-2\/"},"modified":"2026-04-10T10:14:53","modified_gmt":"2026-04-10T08:14:53","slug":"borsa-concept83-blu-2","status":"publish","type":"product","link":"https:\/\/www.secondastrada.com\/it\/borsa-concept83-blu-2\/","title":{"rendered":"Borsa Concept83 Blu"},"content":{"rendered":"<p><b>Borsa CONCEPT83 Blu da donna<\/b><br \/>\nCompatta, pratica e dallo stile intramontabile, la Borsa CONCEPT83 Blu \u00e8 l\u2019accessorio ideale per accompagnarti con leggerezza nelle giornate pi\u00f9 dinamiche. Il design con righe bianche e blu richiama un\u2019eleganza fresca e disinvolta, perfetta per la stagione pi\u00f9 luminosa dell\u2019anno e facile da abbinare a diversi outfit.<br \/>Questa borsa da donna adatta alla primavera estate \u00e8 pensata per offrirti funzionalit\u00e0 e stile in ogni occasione. Grazie alle sue dimensioni compatte, con base di 22 cm, altezza massima di 17 cm e profondit\u00e0 di 8 cm, \u00e8 perfetta da indossare nel tempo libero, durante una passeggiata, un aperitivo o una giornata di shopping, portando con te solo ci\u00f2 che serve davvero.<br \/>Realizzata in 70% poliestere e 30% cotone, \u00e8 una borsa con righe bianche e blu che unisce resistenza e leggerezza, ideale per un utilizzo quotidiano. Il suo stile versatile ti permette di abbinarla facilmente a jeans e t-shirt per un look casual e rilassato, oppure a un abito leggero per un outfit pi\u00f9 femminile e curato.<br \/>Se cerchi un accessorio pratico ma con carattere, la Borsa CONCEPT83 Blu \u00e8 la scelta giusta per completare i tuoi look con semplicit\u00e0 e personalit\u00e0.<br \/>Tutti i prodotti su SecondaStrada.com sono originali e selezionati con cura. Codice articolo: BR0517SP OB.<\/p>\n","protected":false},"excerpt":{"rendered":"<p>Borsa CONCEPT83 Blu da donna Compatta, pratica e dallo stile intramontabile, la Borsa CONCEPT83 Blu \u00e8 l\u2019accessorio ideale per accompagnarti con leggerezza nelle giornate pi\u00f9 dinamiche. Il design con righe bianche e blu richiama un\u2019eleganza fresca e disinvolta, perfetta per la stagione pi\u00f9 luminosa dell\u2019anno e facile da abbinare a diversi outfit.Questa borsa da donna&#8230;<\/p>\n","protected":false},"featured_media":355937,"template":"","meta":{"inline_featured_image":false},"ss_brand":[1877],"ss_promo":[],"ss_season":[2531],"product_cat":[1331,1477,1658],"product_tag":[1995],"class_list":{"0":"post-355956","1":"product","2":"type-product","3":"status-publish","4":"has-post-thumbnail","6":"ss_brand-concept83-donna","7":"ss_season-pe26","8":"product_cat-accessori-donna","9":"product_cat-borse-da-donna","10":"product_cat-collezione-donna","11":"product_tag-nuovi-arrivi-donna","13":"first","14":"instock","15":"shipping-taxable","16":"purchasable","17":"product-type-variable","18":"has-default-attributes"},"acf":{"ss_brand":[{"term_id":1877,"name":"CONCEPT83","slug":"concept83-donna","term_group":0,"term_taxonomy_id":1877,"taxonomy":"ss_brand","description":"Comodit\u00e0 e stile sporty: scegli il made in Italy irresistibile.\u00a0Acquista online su SecondaStrada.com abbigliamento da donna Concept83 scontatissimo!","parent":1201,"count":318,"filter":"raw"}],"ss_promo":false,"ss_season":[{"term_id":2531,"name":"PE26","slug":"pe26","term_group":0,"term_taxonomy_id":2531,"taxonomy":"ss_season","description":"","parent":0,"count":1241,"filter":"raw"}],"ss_old_price":"0,00","ss_omnibus_price":"0,00","ss_style_advice":"<p><b>Borsa CONCEPT83 Blu da donna<\/b><br \/>\nCompatta, pratica e dallo stile intramontabile, la Borsa CONCEPT83 Blu \u00e8 l\u2019accessorio ideale per accompagnarti con leggerezza nelle giornate pi\u00f9 dinamiche. Il design con righe bianche e blu richiama un\u2019eleganza fresca e disinvolta, perfetta per la stagione pi\u00f9 luminosa dell\u2019anno e facile da abbinare a diversi outfit.<br \/>Questa borsa da donna adatta alla primavera estate \u00e8 pensata per offrirti funzionalit\u00e0 e stile in ogni occasione. Grazie alle sue dimensioni compatte, con base di 22 cm, altezza massima di 17 cm e profondit\u00e0 di 8 cm, \u00e8 perfetta da indossare nel tempo libero, durante una passeggiata, un aperitivo o una giornata di shopping, portando con te solo ci\u00f2 che serve davvero.<br \/>Realizzata in 70% poliestere e 30% cotone, \u00e8 una borsa con righe bianche e blu che unisce resistenza e leggerezza, ideale per un utilizzo quotidiano. Il suo stile versatile ti permette di abbinarla facilmente a jeans e t-shirt per un look casual e rilassato, oppure a un abito leggero per un outfit pi\u00f9 femminile e curato.<br \/>Se cerchi un accessorio pratico ma con carattere, la Borsa CONCEPT83 Blu \u00e8 la scelta giusta per completare i tuoi look con semplicit\u00e0 e personalit\u00e0.<br \/>Tutti i prodotti su SecondaStrada.com sono originali e selezionati con cura. Codice articolo: BR0517SP OB.<\/p>\n","ss_composition":"<p>70% poliestere 30% cotone<\/p>\n","ss_fit":"<p>Base inferiore: 22 cm<br \/>Altezza massima: 17 cm<br \/>Profondit\u00e0: 8 cm<\/p>\n"},"yoast_head":"<!-- This site is optimized with the Yoast SEO plugin v22.3 - https:\/\/yoast.com\/wordpress\/plugins\/seo\/ -->\n<title>Borsa Concept83 Blu - Acquista online! - Seconda Strada<\/title>\n<meta name=\"description\" content=\"Borsa Concept83 Blu \u27a4 Acquista online su Secondastrada.com Borsa Concept83 Blu \u2714\ufe0f Spedizione veloce entro 24h in tutta Italia \u2714\ufe0f Sconto sul tuo primo acquisto\" \/>\n<meta name=\"robots\" content=\"index, follow, max-snippet:-1, max-image-preview:large, max-video-preview:-1\" \/>\n<link rel=\"canonical\" href=\"https:\/\/www.secondastrada.com\/it\/borsa-concept83-blu-2\/\" \/>\n<meta property=\"og:locale\" content=\"it_IT\" \/>\n<meta property=\"og:type\" content=\"article\" \/>\n<meta property=\"og:title\" content=\"Borsa Concept83 Blu - Acquista online! - Seconda Strada\" \/>\n<meta property=\"og:description\" content=\"Borsa Concept83 Blu \u27a4 Acquista online su Secondastrada.com Borsa Concept83 Blu \u2714\ufe0f Spedizione veloce entro 24h in tutta Italia \u2714\ufe0f Sconto sul tuo primo acquisto\" \/>\n<meta property=\"og:url\" content=\"https:\/\/www.secondastrada.com\/it\/borsa-concept83-blu-2\/\" \/>\n<meta property=\"og:site_name\" content=\"Seconda Strada\" \/>\n<meta property=\"article:modified_time\" content=\"2026-04-10T08:14:53+00:00\" \/>\n<meta property=\"og:image\" content=\"https:\/\/www.secondastrada.com\/wp-content\/uploads\/2026\/04\/BR0517SP-OB_BLUE_PE26_1.jpg\" \/>\n\t<meta property=\"og:image:width\" content=\"1000\" \/>\n\t<meta property=\"og:image:height\" content=\"1300\" \/>\n\t<meta property=\"og:image:type\" content=\"image\/jpeg\" \/>\n<meta name=\"twitter:card\" content=\"summary_large_image\" \/>\n<meta name=\"twitter:label1\" content=\"Tempo di lettura stimato\" \/>\n\t<meta name=\"twitter:data1\" content=\"1 minuto\" \/>\n<!-- \/ Yoast SEO plugin. -->","yoast_head_json":{"title":"Borsa Concept83 Blu - Acquista online! - Seconda Strada","description":"Borsa Concept83 Blu \u27a4 Acquista online su Secondastrada.com Borsa Concept83 Blu \u2714\ufe0f Spedizione veloce entro 24h in tutta Italia \u2714\ufe0f Sconto sul tuo primo acquisto","robots":{"index":"index","follow":"follow","max-snippet":"max-snippet:-1","max-image-preview":"max-image-preview:large","max-video-preview":"max-video-preview:-1"},"canonical":"https:\/\/www.secondastrada.com\/it\/borsa-concept83-blu-2\/","og_locale":"it_IT","og_type":"article","og_title":"Borsa Concept83 Blu - Acquista online! - Seconda Strada","og_description":"Borsa Concept83 Blu \u27a4 Acquista online su Secondastrada.com Borsa Concept83 Blu \u2714\ufe0f Spedizione veloce entro 24h in tutta Italia \u2714\ufe0f Sconto sul tuo primo acquisto","og_url":"https:\/\/www.secondastrada.com\/it\/borsa-concept83-blu-2\/","og_site_name":"Seconda Strada","article_modified_time":"2026-04-10T08:14:53+00:00","og_image":[{"width":1000,"height":1300,"url":"https:\/\/www.secondastrada.com\/wp-content\/uploads\/2026\/04\/BR0517SP-OB_BLUE_PE26_1.jpg","type":"image\/jpeg"}],"twitter_card":"summary_large_image","twitter_misc":{"Tempo di lettura stimato":"1 minuto"},"schema":{"@context":"https:\/\/schema.org","@graph":[{"@type":"WebPage","@id":"https:\/\/www.secondastrada.com\/it\/borsa-concept83-blu-2\/","url":"https:\/\/www.secondastrada.com\/it\/borsa-concept83-blu-2\/","name":"Borsa Concept83 Blu - Acquista online! - Seconda Strada","isPartOf":{"@id":"https:\/\/www.secondastrada.com\/it\/#website"},"primaryImageOfPage":{"@id":"https:\/\/www.secondastrada.com\/it\/borsa-concept83-blu-2\/#primaryimage"},"image":{"@id":"https:\/\/www.secondastrada.com\/it\/borsa-concept83-blu-2\/#primaryimage"},"thumbnailUrl":"https:\/\/www.secondastrada.com\/wp-content\/uploads\/2026\/04\/BR0517SP-OB_BLUE_PE26_1.jpg","datePublished":"2026-04-10T06:31:26+00:00","dateModified":"2026-04-10T08:14:53+00:00","description":"Borsa Concept83 Blu \u27a4 Acquista online su Secondastrada.com Borsa Concept83 Blu \u2714\ufe0f Spedizione veloce entro 24h in tutta Italia \u2714\ufe0f Sconto sul tuo primo acquisto","breadcrumb":{"@id":"https:\/\/www.secondastrada.com\/it\/borsa-concept83-blu-2\/#breadcrumb"},"inLanguage":"it-IT","potentialAction":[{"@type":"ReadAction","target":["https:\/\/www.secondastrada.com\/it\/borsa-concept83-blu-2\/"]}]},{"@type":"ImageObject","inLanguage":"it-IT","@id":"https:\/\/www.secondastrada.com\/it\/borsa-concept83-blu-2\/#primaryimage","url":"https:\/\/www.secondastrada.com\/wp-content\/uploads\/2026\/04\/BR0517SP-OB_BLUE_PE26_1.jpg","contentUrl":"https:\/\/www.secondastrada.com\/wp-content\/uploads\/2026\/04\/BR0517SP-OB_BLUE_PE26_1.jpg","width":1000,"height":1300,"caption":"BR0517SP-OB_BLUE_PE26"},{"@type":"BreadcrumbList","@id":"https:\/\/www.secondastrada.com\/it\/borsa-concept83-blu-2\/#breadcrumb","itemListElement":[{"@type":"ListItem","position":1,"name":"Home","item":"https:\/\/www.secondastrada.com\/it\/"},{"@type":"ListItem","position":2,"name":"Shop","item":"https:\/\/www.secondastrada.com\/it\/shop\/"},{"@type":"ListItem","position":3,"name":"Donna","item":"https:\/\/www.secondastrada.com\/it\/collezione-donna\/"},{"@type":"ListItem","position":4,"name":"Accessori","item":"https:\/\/www.secondastrada.com\/it\/collezione-donna\/accessori-donna\/"},{"@type":"ListItem","position":5,"name":"Borse","item":"https:\/\/www.secondastrada.com\/it\/collezione-donna\/accessori-donna\/borse-da-donna\/"},{"@type":"ListItem","position":6,"name":"Borsa Concept83 Blu"}]},{"@type":"WebSite","@id":"https:\/\/www.secondastrada.com\/it\/#website","url":"https:\/\/www.secondastrada.com\/it\/","name":"Seconda Strada","description":"","publisher":{"@id":"https:\/\/www.secondastrada.com\/it\/#organization"},"potentialAction":[{"@type":"SearchAction","target":{"@type":"EntryPoint","urlTemplate":"https:\/\/www.secondastrada.com\/it\/?s={search_term_string}"},"query-input":"required name=search_term_string"}],"inLanguage":"it-IT"},{"@type":"Organization","@id":"https:\/\/www.secondastrada.com\/it\/#organization","name":"Seconda Strada","url":"https:\/\/www.secondastrada.com\/it\/","logo":{"@type":"ImageObject","inLanguage":"it-IT","@id":"https:\/\/www.secondastrada.com\/it\/#\/schema\/logo\/image\/","url":"https:\/\/www.secondastrada.com\/wp-content\/uploads\/2023\/11\/secondastrada-logo.svg","contentUrl":"https:\/\/www.secondastrada.com\/wp-content\/uploads\/2023\/11\/secondastrada-logo.svg","width":353,"height":47,"caption":"Seconda Strada"},"image":{"@id":"https:\/\/www.secondastrada.com\/it\/#\/schema\/logo\/image\/"}}]}},"df_price":12.99,"df_sale_price":"","df_regular_price":12.99,"df_image_link":"https:\/\/www.secondastrada.com\/wp-content\/uploads\/2026\/04\/BR0517SP-OB_BLUE_PE26_1-300x300.jpg","_links":{"self":[{"href":"https:\/\/www.secondastrada.com\/it\/wp-json\/wp\/v2\/product\/355956"}],"collection":[{"href":"https:\/\/www.secondastrada.com\/it\/wp-json\/wp\/v2\/product"}],"about":[{"href":"https:\/\/www.secondastrada.com\/it\/wp-json\/wp\/v2\/types\/product"}],"wp:featuredmedia":[{"embeddable":true,"href":"https:\/\/www.secondastrada.com\/it\/wp-json\/wp\/v2\/media\/355937"}],"wp:attachment":[{"href":"https:\/\/www.secondastrada.com\/it\/wp-json\/wp\/v2\/media?parent=355956"}],"wp:term":[{"taxonomy":"ss_brand","embeddable":true,"href":"https:\/\/www.secondastrada.com\/it\/wp-json\/wp\/v2\/ss_brand?post=355956"},{"taxonomy":"ss_promo","embeddable":true,"href":"https:\/\/www.secondastrada.com\/it\/wp-json\/wp\/v2\/ss_promo?post=355956"},{"taxonomy":"ss_season","embeddable":true,"href":"https:\/\/www.secondastrada.com\/it\/wp-json\/wp\/v2\/ss_season?post=355956"},{"taxonomy":"product_cat","embeddable":true,"href":"https:\/\/www.secondastrada.com\/it\/wp-json\/wp\/v2\/product_cat?post=355956"},{"taxonomy":"product_tag","embeddable":true,"href":"https:\/\/www.secondastrada.com\/it\/wp-json\/wp\/v2\/product_tag?post=355956"}],"curies":[{"name":"wp","href":"https:\/\/api.w.org\/{rel}","templated":true}]}}