{"id":355972,"date":"2026-04-10T08:33:31","date_gmt":"2026-04-10T06:33:31","guid":{"rendered":"https:\/\/www.secondastrada.com\/it\/cappello-concept83-beige-3\/"},"modified":"2026-04-10T10:14:32","modified_gmt":"2026-04-10T08:14:32","slug":"cappello-concept83-beige-3","status":"publish","type":"product","link":"https:\/\/www.secondastrada.com\/it\/cappello-concept83-beige-3\/","title":{"rendered":"Cappello Concept83 Beige"},"content":{"rendered":"<p><b>Cappello CONCEPT83 Beige da donna<\/b><br \/>\nVersatile, elegante e perfetto per la stagione pi\u00f9 calda, il Cappello CONCEPT83 Beige \u00e8 l\u2019accessorio ideale per completare i tuoi look con naturalezza e raffinatezza. Il suo colore neutro lo rende estremamente facile da abbinare, mentre la lavorazione traforata dona leggerezza e un tocco delicato che valorizza ogni outfit con discrezione.<br \/>Questo cappello da donna adatto alla primavera estate \u00e8 pensato per accompagnarti nelle giornate all\u2019aperto, quando desideri un accessorio pratico ma curato nei dettagli. Puoi indossarlo nel tempo libero, durante una passeggiata, in vacanza o per un pranzo all\u2019aria aperta, aggiungendo un elemento elegante e funzionale al tuo stile quotidiano.<br \/>Realizzato in 90% cotone e 10% poliestere, \u00e8 leggero e traspirante, perfetto per affrontare il caldo con comfort. La vestibilit\u00e0 taglia unica lo rende pratico e facilmente adattabile, mantenendo sempre una linea armoniosa e femminile.<br \/>Il Cappello CONCEPT83 Beige si abbina con facilit\u00e0 a un vestito estivo per un look fresco e rilassato, oppure a un completo leggero per uno stile pi\u00f9 sofisticato ma naturale. \u00c8 l\u2019accessorio ideale quando vuoi sentirti a tuo agio senza rinunciare a un tocco di eleganza.<br \/>Tutti i prodotti su SecondaStrada.com sono originali e selezionati con cura. Codice articolo: CEP0921SP OB.<\/p>\n","protected":false},"excerpt":{"rendered":"<p>Cappello CONCEPT83 Beige da donna Versatile, elegante e perfetto per la stagione pi\u00f9 calda, il Cappello CONCEPT83 Beige \u00e8 l\u2019accessorio ideale per completare i tuoi look con naturalezza e raffinatezza. Il suo colore neutro lo rende estremamente facile da abbinare, mentre la lavorazione traforata dona leggerezza e un tocco delicato che valorizza ogni outfit con&#8230;<\/p>\n","protected":false},"featured_media":355901,"template":"","meta":{"inline_featured_image":false},"ss_brand":[1877],"ss_promo":[],"ss_season":[2531],"product_cat":[1331,1833,1658],"product_tag":[1995],"class_list":{"0":"post-355972","1":"product","2":"type-product","3":"status-publish","4":"has-post-thumbnail","6":"ss_brand-concept83-donna","7":"ss_season-pe26","8":"product_cat-accessori-donna","9":"product_cat-cappelli-da-donna","10":"product_cat-collezione-donna","11":"product_tag-nuovi-arrivi-donna","13":"first","14":"instock","15":"shipping-taxable","16":"purchasable","17":"product-type-variable","18":"has-default-attributes"},"acf":{"ss_brand":[{"term_id":1877,"name":"CONCEPT83","slug":"concept83-donna","term_group":0,"term_taxonomy_id":1877,"taxonomy":"ss_brand","description":"Comodit\u00e0 e stile sporty: scegli il made in Italy irresistibile.\u00a0Acquista online su SecondaStrada.com abbigliamento da donna Concept83 scontatissimo!","parent":1201,"count":317,"filter":"raw"}],"ss_promo":false,"ss_season":[{"term_id":2531,"name":"PE26","slug":"pe26","term_group":0,"term_taxonomy_id":2531,"taxonomy":"ss_season","description":"","parent":0,"count":1239,"filter":"raw"}],"ss_old_price":"0,00","ss_omnibus_price":"0,00","ss_style_advice":"<p><b>Cappello CONCEPT83 Beige da donna<\/b><br \/>\nVersatile, elegante e perfetto per la stagione pi\u00f9 calda, il Cappello CONCEPT83 Beige \u00e8 l\u2019accessorio ideale per completare i tuoi look con naturalezza e raffinatezza. Il suo colore neutro lo rende estremamente facile da abbinare, mentre la lavorazione traforata dona leggerezza e un tocco delicato che valorizza ogni outfit con discrezione.<br \/>Questo cappello da donna adatto alla primavera estate \u00e8 pensato per accompagnarti nelle giornate all\u2019aperto, quando desideri un accessorio pratico ma curato nei dettagli. Puoi indossarlo nel tempo libero, durante una passeggiata, in vacanza o per un pranzo all\u2019aria aperta, aggiungendo un elemento elegante e funzionale al tuo stile quotidiano.<br \/>Realizzato in 90% cotone e 10% poliestere, \u00e8 leggero e traspirante, perfetto per affrontare il caldo con comfort. La vestibilit\u00e0 taglia unica lo rende pratico e facilmente adattabile, mantenendo sempre una linea armoniosa e femminile.<br \/>Il Cappello CONCEPT83 Beige si abbina con facilit\u00e0 a un vestito estivo per un look fresco e rilassato, oppure a un completo leggero per uno stile pi\u00f9 sofisticato ma naturale. \u00c8 l\u2019accessorio ideale quando vuoi sentirti a tuo agio senza rinunciare a un tocco di eleganza.<br \/>Tutti i prodotti su SecondaStrada.com sono originali e selezionati con cura. Codice articolo: CEP0921SP OB.<\/p>\n","ss_composition":"<p>90% cotone 10% poliestere<\/p>\n","ss_fit":"<p>Taglia unica<\/p>\n"},"yoast_head":"<!-- This site is optimized with the Yoast SEO plugin v22.3 - https:\/\/yoast.com\/wordpress\/plugins\/seo\/ -->\n<title>Cappello Concept83 Beige - Acquista online! - Seconda Strada<\/title>\n<meta name=\"description\" content=\"Cappello Concept83 Beige \u27a4 Acquista online su Secondastrada.com Cappello Concept83 Beige \u2714\ufe0f Spedizione veloce entro 24h in tutta Italia \u2714\ufe0f Sconto sul tuo primo acquisto\" \/>\n<meta name=\"robots\" content=\"index, follow, max-snippet:-1, max-image-preview:large, max-video-preview:-1\" \/>\n<link rel=\"canonical\" href=\"https:\/\/www.secondastrada.com\/it\/cappello-concept83-beige-3\/\" \/>\n<meta property=\"og:locale\" content=\"it_IT\" \/>\n<meta property=\"og:type\" content=\"article\" \/>\n<meta property=\"og:title\" content=\"Cappello Concept83 Beige - Acquista online! - Seconda Strada\" \/>\n<meta property=\"og:description\" content=\"Cappello Concept83 Beige \u27a4 Acquista online su Secondastrada.com Cappello Concept83 Beige \u2714\ufe0f Spedizione veloce entro 24h in tutta Italia \u2714\ufe0f Sconto sul tuo primo acquisto\" \/>\n<meta property=\"og:url\" content=\"https:\/\/www.secondastrada.com\/it\/cappello-concept83-beige-3\/\" \/>\n<meta property=\"og:site_name\" content=\"Seconda Strada\" \/>\n<meta property=\"article:modified_time\" content=\"2026-04-10T08:14:32+00:00\" \/>\n<meta property=\"og:image\" content=\"https:\/\/www.secondastrada.com\/wp-content\/uploads\/2026\/04\/CEP0921SP-OB_SAND_PE26_1.jpg\" \/>\n\t<meta property=\"og:image:width\" content=\"1000\" \/>\n\t<meta property=\"og:image:height\" content=\"1300\" \/>\n\t<meta property=\"og:image:type\" content=\"image\/jpeg\" \/>\n<meta name=\"twitter:card\" content=\"summary_large_image\" \/>\n<meta name=\"twitter:label1\" content=\"Tempo di lettura stimato\" \/>\n\t<meta name=\"twitter:data1\" content=\"1 minuto\" \/>\n<!-- \/ Yoast SEO plugin. -->","yoast_head_json":{"title":"Cappello Concept83 Beige - Acquista online! - Seconda Strada","description":"Cappello Concept83 Beige \u27a4 Acquista online su Secondastrada.com Cappello Concept83 Beige \u2714\ufe0f Spedizione veloce entro 24h in tutta Italia \u2714\ufe0f Sconto sul tuo primo acquisto","robots":{"index":"index","follow":"follow","max-snippet":"max-snippet:-1","max-image-preview":"max-image-preview:large","max-video-preview":"max-video-preview:-1"},"canonical":"https:\/\/www.secondastrada.com\/it\/cappello-concept83-beige-3\/","og_locale":"it_IT","og_type":"article","og_title":"Cappello Concept83 Beige - Acquista online! - Seconda Strada","og_description":"Cappello Concept83 Beige \u27a4 Acquista online su Secondastrada.com Cappello Concept83 Beige \u2714\ufe0f Spedizione veloce entro 24h in tutta Italia \u2714\ufe0f Sconto sul tuo primo acquisto","og_url":"https:\/\/www.secondastrada.com\/it\/cappello-concept83-beige-3\/","og_site_name":"Seconda Strada","article_modified_time":"2026-04-10T08:14:32+00:00","og_image":[{"width":1000,"height":1300,"url":"https:\/\/www.secondastrada.com\/wp-content\/uploads\/2026\/04\/CEP0921SP-OB_SAND_PE26_1.jpg","type":"image\/jpeg"}],"twitter_card":"summary_large_image","twitter_misc":{"Tempo di lettura stimato":"1 minuto"},"schema":{"@context":"https:\/\/schema.org","@graph":[{"@type":"WebPage","@id":"https:\/\/www.secondastrada.com\/it\/cappello-concept83-beige-3\/","url":"https:\/\/www.secondastrada.com\/it\/cappello-concept83-beige-3\/","name":"Cappello Concept83 Beige - Acquista online! - Seconda Strada","isPartOf":{"@id":"https:\/\/www.secondastrada.com\/it\/#website"},"primaryImageOfPage":{"@id":"https:\/\/www.secondastrada.com\/it\/cappello-concept83-beige-3\/#primaryimage"},"image":{"@id":"https:\/\/www.secondastrada.com\/it\/cappello-concept83-beige-3\/#primaryimage"},"thumbnailUrl":"https:\/\/www.secondastrada.com\/wp-content\/uploads\/2026\/04\/CEP0921SP-OB_SAND_PE26_1.jpg","datePublished":"2026-04-10T06:33:31+00:00","dateModified":"2026-04-10T08:14:32+00:00","description":"Cappello Concept83 Beige \u27a4 Acquista online su Secondastrada.com Cappello Concept83 Beige \u2714\ufe0f Spedizione veloce entro 24h in tutta Italia \u2714\ufe0f Sconto sul tuo primo acquisto","breadcrumb":{"@id":"https:\/\/www.secondastrada.com\/it\/cappello-concept83-beige-3\/#breadcrumb"},"inLanguage":"it-IT","potentialAction":[{"@type":"ReadAction","target":["https:\/\/www.secondastrada.com\/it\/cappello-concept83-beige-3\/"]}]},{"@type":"ImageObject","inLanguage":"it-IT","@id":"https:\/\/www.secondastrada.com\/it\/cappello-concept83-beige-3\/#primaryimage","url":"https:\/\/www.secondastrada.com\/wp-content\/uploads\/2026\/04\/CEP0921SP-OB_SAND_PE26_1.jpg","contentUrl":"https:\/\/www.secondastrada.com\/wp-content\/uploads\/2026\/04\/CEP0921SP-OB_SAND_PE26_1.jpg","width":1000,"height":1300,"caption":"CEP0921SP-OB_SAND_PE26"},{"@type":"BreadcrumbList","@id":"https:\/\/www.secondastrada.com\/it\/cappello-concept83-beige-3\/#breadcrumb","itemListElement":[{"@type":"ListItem","position":1,"name":"Home","item":"https:\/\/www.secondastrada.com\/it\/"},{"@type":"ListItem","position":2,"name":"Shop","item":"https:\/\/www.secondastrada.com\/it\/shop\/"},{"@type":"ListItem","position":3,"name":"Donna","item":"https:\/\/www.secondastrada.com\/it\/collezione-donna\/"},{"@type":"ListItem","position":4,"name":"Accessori","item":"https:\/\/www.secondastrada.com\/it\/collezione-donna\/accessori-donna\/"},{"@type":"ListItem","position":5,"name":"Cappelli e Guanti","item":"https:\/\/www.secondastrada.com\/it\/collezione-donna\/accessori-donna\/cappelli-da-donna\/"},{"@type":"ListItem","position":6,"name":"Cappello Concept83 Beige"}]},{"@type":"WebSite","@id":"https:\/\/www.secondastrada.com\/it\/#website","url":"https:\/\/www.secondastrada.com\/it\/","name":"Seconda Strada","description":"","publisher":{"@id":"https:\/\/www.secondastrada.com\/it\/#organization"},"potentialAction":[{"@type":"SearchAction","target":{"@type":"EntryPoint","urlTemplate":"https:\/\/www.secondastrada.com\/it\/?s={search_term_string}"},"query-input":"required name=search_term_string"}],"inLanguage":"it-IT"},{"@type":"Organization","@id":"https:\/\/www.secondastrada.com\/it\/#organization","name":"Seconda Strada","url":"https:\/\/www.secondastrada.com\/it\/","logo":{"@type":"ImageObject","inLanguage":"it-IT","@id":"https:\/\/www.secondastrada.com\/it\/#\/schema\/logo\/image\/","url":"https:\/\/www.secondastrada.com\/wp-content\/uploads\/2023\/11\/secondastrada-logo.svg","contentUrl":"https:\/\/www.secondastrada.com\/wp-content\/uploads\/2023\/11\/secondastrada-logo.svg","width":353,"height":47,"caption":"Seconda Strada"},"image":{"@id":"https:\/\/www.secondastrada.com\/it\/#\/schema\/logo\/image\/"}}]}},"df_price":24.99,"df_sale_price":"","df_regular_price":24.99,"df_image_link":"https:\/\/www.secondastrada.com\/wp-content\/uploads\/2026\/04\/CEP0921SP-OB_SAND_PE26_1-300x300.jpg","_links":{"self":[{"href":"https:\/\/www.secondastrada.com\/it\/wp-json\/wp\/v2\/product\/355972"}],"collection":[{"href":"https:\/\/www.secondastrada.com\/it\/wp-json\/wp\/v2\/product"}],"about":[{"href":"https:\/\/www.secondastrada.com\/it\/wp-json\/wp\/v2\/types\/product"}],"wp:featuredmedia":[{"embeddable":true,"href":"https:\/\/www.secondastrada.com\/it\/wp-json\/wp\/v2\/media\/355901"}],"wp:attachment":[{"href":"https:\/\/www.secondastrada.com\/it\/wp-json\/wp\/v2\/media?parent=355972"}],"wp:term":[{"taxonomy":"ss_brand","embeddable":true,"href":"https:\/\/www.secondastrada.com\/it\/wp-json\/wp\/v2\/ss_brand?post=355972"},{"taxonomy":"ss_promo","embeddable":true,"href":"https:\/\/www.secondastrada.com\/it\/wp-json\/wp\/v2\/ss_promo?post=355972"},{"taxonomy":"ss_season","embeddable":true,"href":"https:\/\/www.secondastrada.com\/it\/wp-json\/wp\/v2\/ss_season?post=355972"},{"taxonomy":"product_cat","embeddable":true,"href":"https:\/\/www.secondastrada.com\/it\/wp-json\/wp\/v2\/product_cat?post=355972"},{"taxonomy":"product_tag","embeddable":true,"href":"https:\/\/www.secondastrada.com\/it\/wp-json\/wp\/v2\/product_tag?post=355972"}],"curies":[{"name":"wp","href":"https:\/\/api.w.org\/{rel}","templated":true}]}}