{"id":355986,"date":"2026-04-10T08:35:30","date_gmt":"2026-04-10T06:35:30","guid":{"rendered":"https:\/\/www.secondastrada.com\/it\/borsa-cafenoir-marrone\/"},"modified":"2026-04-10T10:14:13","modified_gmt":"2026-04-10T08:14:13","slug":"borsa-cafenoir-marrone","status":"publish","type":"product","link":"https:\/\/www.secondastrada.com\/it\/borsa-cafenoir-marrone\/","title":{"rendered":"Borsa Cafe`Noir Marrone"},"content":{"rendered":"<p><b>Borsa CAFeNOIR Marrone da donna<\/b><br \/>\n<br \/> Calda, elegante e ricca di dettagli, la Borsa CAFeNOIR Marrone \u00e8 l\u2019accessorio perfetto per accompagnarti con stile durante la stagione pi\u00f9 luminosa. Il colore marrone, naturale e sofisticato, si combina armoniosamente con il tessuto traforato, mentre la nappa panna applicata aggiunge un tocco delicato e femminile che rende questa borsa unica e raffinata.<br \/>Questa borsa da donna adatta alla primavera estate \u00e8 pensata per offrirti praticit\u00e0 e versatilit\u00e0 in ogni momento della giornata. Puoi indossarla nel tempo libero o in ufficio, quando desideri un accessorio capiente ma sempre curato nei dettagli. Le dimensioni, con base di 34 cm, altezza massima di 24 cm e profondit\u00e0 di 13 cm, la rendono perfetta per contenere tutto il necessario senza risultare ingombrante.<br \/>Realizzata in poliuretano, \u00e8 una borsa con tessuto traforato e nappa panna applicata resistente e leggera, ideale per un utilizzo quotidiano. Si abbina facilmente a jeans e blusa per un look casual ma elegante, oppure a un outfit pi\u00f9 formale per un risultato equilibrato e contemporaneo.<br \/>Se cerchi un accessorio che unisca praticit\u00e0 e stile con un tocco distintivo, la Borsa CAFe`NOIR Marrone \u00e8 la scelta perfetta per valorizzare i tuoi look con naturale eleganza.<br \/>Tutti i prodotti su SecondaStrada.com sono originali e selezionati con cura. Codice articolo: C3NA1001 OB.<\/p>\n","protected":false},"excerpt":{"rendered":"<p>Borsa CAFeNOIR Marrone da donna Calda, elegante e ricca di dettagli, la Borsa CAFeNOIR Marrone \u00e8 l\u2019accessorio perfetto per accompagnarti con stile durante la stagione pi\u00f9 luminosa. Il colore marrone, naturale e sofisticato, si combina armoniosamente con il tessuto traforato, mentre la nappa panna applicata aggiunge un tocco delicato e femminile che rende questa borsa&#8230;<\/p>\n","protected":false},"featured_media":355885,"template":"","meta":{"inline_featured_image":false},"ss_brand":[1204],"ss_promo":[],"ss_season":[2531],"product_cat":[1331,1477,1658],"product_tag":[1995],"class_list":{"0":"post-355986","1":"product","2":"type-product","3":"status-publish","4":"has-post-thumbnail","6":"ss_brand-cafe-noir-donna","7":"ss_season-pe26","8":"product_cat-accessori-donna","9":"product_cat-borse-da-donna","10":"product_cat-collezione-donna","11":"product_tag-nuovi-arrivi-donna","13":"first","14":"instock","15":"shipping-taxable","16":"purchasable","17":"product-type-variable","18":"has-default-attributes"},"acf":{"ss_brand":[{"term_id":1204,"name":"CAFe`NOIR","slug":"cafe-noir-donna","term_group":0,"term_taxonomy_id":1204,"taxonomy":"ss_brand","description":"<strong>Caf\u00e8noir<\/strong>\u00a0\u00e8 un brand made in Italy fiorentino di calzature. Le\u00a0<strong>scarpe da donna Caf\u00e8noir<\/strong>\u00a0hanno uno stile elegante e contemporaneo al passo con le tendenze. Approfitta di sconti favolosi per avere ogni giorno la scarpa perfetta per ogni outfit. Scegli questo brand per dare ai tuoi look il dettaglio glamour che si meritano e detta lo stile!\u00a0Acquista online su SecondaStrada.com<strong>\u00a0scarpe da donna CafeNoir scontatissime<\/strong>!","parent":1201,"count":43,"filter":"raw"}],"ss_promo":false,"ss_season":[{"term_id":2531,"name":"PE26","slug":"pe26","term_group":0,"term_taxonomy_id":2531,"taxonomy":"ss_season","description":"","parent":0,"count":1241,"filter":"raw"}],"ss_old_price":"89,90","ss_omnibus_price":"0,00","ss_style_advice":"<p><b>Borsa CAFeNOIR Marrone da donna<\/b><br \/>\n<br \/> Calda, elegante e ricca di dettagli, la Borsa CAFeNOIR Marrone \u00e8 l\u2019accessorio perfetto per accompagnarti con stile durante la stagione pi\u00f9 luminosa. Il colore marrone, naturale e sofisticato, si combina armoniosamente con il tessuto traforato, mentre la nappa panna applicata aggiunge un tocco delicato e femminile che rende questa borsa unica e raffinata.<br \/>Questa borsa da donna adatta alla primavera estate \u00e8 pensata per offrirti praticit\u00e0 e versatilit\u00e0 in ogni momento della giornata. Puoi indossarla nel tempo libero o in ufficio, quando desideri un accessorio capiente ma sempre curato nei dettagli. Le dimensioni, con base di 34 cm, altezza massima di 24 cm e profondit\u00e0 di 13 cm, la rendono perfetta per contenere tutto il necessario senza risultare ingombrante.<br \/>Realizzata in poliuretano, \u00e8 una borsa con tessuto traforato e nappa panna applicata resistente e leggera, ideale per un utilizzo quotidiano. Si abbina facilmente a jeans e blusa per un look casual ma elegante, oppure a un outfit pi\u00f9 formale per un risultato equilibrato e contemporaneo.<br \/>Se cerchi un accessorio che unisca praticit\u00e0 e stile con un tocco distintivo, la Borsa CAFe`NOIR Marrone \u00e8 la scelta perfetta per valorizzare i tuoi look con naturale eleganza.<br \/>Tutti i prodotti su SecondaStrada.com sono originali e selezionati con cura. Codice articolo: C3NA1001 OB.<\/p>\n","ss_composition":"<p>Poliuretano<\/p>\n","ss_fit":"<p>Base inferiore: 34 cm<br \/>Altezza massima: 24 cm<br \/>Profondit\u00e0: 13 cm<\/p>\n"},"yoast_head":"<!-- This site is optimized with the Yoast SEO plugin v22.3 - https:\/\/yoast.com\/wordpress\/plugins\/seo\/ -->\n<title>Borsa Cafe`Noir Marrone - Acquista online! - Seconda Strada<\/title>\n<meta name=\"description\" content=\"Borsa Cafe`Noir Marrone \u27a4 Acquista online su Secondastrada.com Borsa Cafe`Noir Marrone \u2714\ufe0f Spedizione veloce entro 24h in tutta Italia \u2714\ufe0f Sconto sul tuo primo acquisto\" \/>\n<meta name=\"robots\" content=\"index, follow, max-snippet:-1, max-image-preview:large, max-video-preview:-1\" \/>\n<link rel=\"canonical\" href=\"https:\/\/www.secondastrada.com\/it\/borsa-cafenoir-marrone\/\" \/>\n<meta property=\"og:locale\" content=\"it_IT\" \/>\n<meta property=\"og:type\" content=\"article\" \/>\n<meta property=\"og:title\" content=\"Borsa Cafe`Noir Marrone - Acquista online! - Seconda Strada\" \/>\n<meta property=\"og:description\" content=\"Borsa Cafe`Noir Marrone \u27a4 Acquista online su Secondastrada.com Borsa Cafe`Noir Marrone \u2714\ufe0f Spedizione veloce entro 24h in tutta Italia \u2714\ufe0f Sconto sul tuo primo acquisto\" \/>\n<meta property=\"og:url\" content=\"https:\/\/www.secondastrada.com\/it\/borsa-cafenoir-marrone\/\" \/>\n<meta property=\"og:site_name\" content=\"Seconda Strada\" \/>\n<meta property=\"article:modified_time\" content=\"2026-04-10T08:14:13+00:00\" \/>\n<meta property=\"og:image\" content=\"https:\/\/www.secondastrada.com\/wp-content\/uploads\/2026\/04\/C3NA1001-OB_CUOIO_PE26_1.jpg\" \/>\n\t<meta property=\"og:image:width\" content=\"1000\" \/>\n\t<meta property=\"og:image:height\" content=\"1300\" \/>\n\t<meta property=\"og:image:type\" content=\"image\/jpeg\" \/>\n<meta name=\"twitter:card\" content=\"summary_large_image\" \/>\n<meta name=\"twitter:label1\" content=\"Tempo di lettura stimato\" \/>\n\t<meta name=\"twitter:data1\" content=\"1 minuto\" \/>\n<!-- \/ Yoast SEO plugin. -->","yoast_head_json":{"title":"Borsa Cafe`Noir Marrone - Acquista online! - Seconda Strada","description":"Borsa Cafe`Noir Marrone \u27a4 Acquista online su Secondastrada.com Borsa Cafe`Noir Marrone \u2714\ufe0f Spedizione veloce entro 24h in tutta Italia \u2714\ufe0f Sconto sul tuo primo acquisto","robots":{"index":"index","follow":"follow","max-snippet":"max-snippet:-1","max-image-preview":"max-image-preview:large","max-video-preview":"max-video-preview:-1"},"canonical":"https:\/\/www.secondastrada.com\/it\/borsa-cafenoir-marrone\/","og_locale":"it_IT","og_type":"article","og_title":"Borsa Cafe`Noir Marrone - Acquista online! - Seconda Strada","og_description":"Borsa Cafe`Noir Marrone \u27a4 Acquista online su Secondastrada.com Borsa Cafe`Noir Marrone \u2714\ufe0f Spedizione veloce entro 24h in tutta Italia \u2714\ufe0f Sconto sul tuo primo acquisto","og_url":"https:\/\/www.secondastrada.com\/it\/borsa-cafenoir-marrone\/","og_site_name":"Seconda Strada","article_modified_time":"2026-04-10T08:14:13+00:00","og_image":[{"width":1000,"height":1300,"url":"https:\/\/www.secondastrada.com\/wp-content\/uploads\/2026\/04\/C3NA1001-OB_CUOIO_PE26_1.jpg","type":"image\/jpeg"}],"twitter_card":"summary_large_image","twitter_misc":{"Tempo di lettura stimato":"1 minuto"},"schema":{"@context":"https:\/\/schema.org","@graph":[{"@type":"WebPage","@id":"https:\/\/www.secondastrada.com\/it\/borsa-cafenoir-marrone\/","url":"https:\/\/www.secondastrada.com\/it\/borsa-cafenoir-marrone\/","name":"Borsa Cafe`Noir Marrone - Acquista online! - Seconda Strada","isPartOf":{"@id":"https:\/\/www.secondastrada.com\/it\/#website"},"primaryImageOfPage":{"@id":"https:\/\/www.secondastrada.com\/it\/borsa-cafenoir-marrone\/#primaryimage"},"image":{"@id":"https:\/\/www.secondastrada.com\/it\/borsa-cafenoir-marrone\/#primaryimage"},"thumbnailUrl":"https:\/\/www.secondastrada.com\/wp-content\/uploads\/2026\/04\/C3NA1001-OB_CUOIO_PE26_1.jpg","datePublished":"2026-04-10T06:35:30+00:00","dateModified":"2026-04-10T08:14:13+00:00","description":"Borsa Cafe`Noir Marrone \u27a4 Acquista online su Secondastrada.com Borsa Cafe`Noir Marrone \u2714\ufe0f Spedizione veloce entro 24h in tutta Italia \u2714\ufe0f Sconto sul tuo primo acquisto","breadcrumb":{"@id":"https:\/\/www.secondastrada.com\/it\/borsa-cafenoir-marrone\/#breadcrumb"},"inLanguage":"it-IT","potentialAction":[{"@type":"ReadAction","target":["https:\/\/www.secondastrada.com\/it\/borsa-cafenoir-marrone\/"]}]},{"@type":"ImageObject","inLanguage":"it-IT","@id":"https:\/\/www.secondastrada.com\/it\/borsa-cafenoir-marrone\/#primaryimage","url":"https:\/\/www.secondastrada.com\/wp-content\/uploads\/2026\/04\/C3NA1001-OB_CUOIO_PE26_1.jpg","contentUrl":"https:\/\/www.secondastrada.com\/wp-content\/uploads\/2026\/04\/C3NA1001-OB_CUOIO_PE26_1.jpg","width":1000,"height":1300,"caption":"C3NA1001-OB_CUOIO_PE26"},{"@type":"BreadcrumbList","@id":"https:\/\/www.secondastrada.com\/it\/borsa-cafenoir-marrone\/#breadcrumb","itemListElement":[{"@type":"ListItem","position":1,"name":"Home","item":"https:\/\/www.secondastrada.com\/it\/"},{"@type":"ListItem","position":2,"name":"Shop","item":"https:\/\/www.secondastrada.com\/it\/shop\/"},{"@type":"ListItem","position":3,"name":"Donna","item":"https:\/\/www.secondastrada.com\/it\/collezione-donna\/"},{"@type":"ListItem","position":4,"name":"Accessori","item":"https:\/\/www.secondastrada.com\/it\/collezione-donna\/accessori-donna\/"},{"@type":"ListItem","position":5,"name":"Borse","item":"https:\/\/www.secondastrada.com\/it\/collezione-donna\/accessori-donna\/borse-da-donna\/"},{"@type":"ListItem","position":6,"name":"Borsa Cafe`Noir Marrone"}]},{"@type":"WebSite","@id":"https:\/\/www.secondastrada.com\/it\/#website","url":"https:\/\/www.secondastrada.com\/it\/","name":"Seconda Strada","description":"","publisher":{"@id":"https:\/\/www.secondastrada.com\/it\/#organization"},"potentialAction":[{"@type":"SearchAction","target":{"@type":"EntryPoint","urlTemplate":"https:\/\/www.secondastrada.com\/it\/?s={search_term_string}"},"query-input":"required name=search_term_string"}],"inLanguage":"it-IT"},{"@type":"Organization","@id":"https:\/\/www.secondastrada.com\/it\/#organization","name":"Seconda Strada","url":"https:\/\/www.secondastrada.com\/it\/","logo":{"@type":"ImageObject","inLanguage":"it-IT","@id":"https:\/\/www.secondastrada.com\/it\/#\/schema\/logo\/image\/","url":"https:\/\/www.secondastrada.com\/wp-content\/uploads\/2023\/11\/secondastrada-logo.svg","contentUrl":"https:\/\/www.secondastrada.com\/wp-content\/uploads\/2023\/11\/secondastrada-logo.svg","width":353,"height":47,"caption":"Seconda Strada"},"image":{"@id":"https:\/\/www.secondastrada.com\/it\/#\/schema\/logo\/image\/"}}]}},"df_price":79.99,"df_sale_price":"","df_regular_price":79.99,"df_image_link":"https:\/\/www.secondastrada.com\/wp-content\/uploads\/2026\/04\/C3NA1001-OB_CUOIO_PE26_1-300x300.jpg","_links":{"self":[{"href":"https:\/\/www.secondastrada.com\/it\/wp-json\/wp\/v2\/product\/355986"}],"collection":[{"href":"https:\/\/www.secondastrada.com\/it\/wp-json\/wp\/v2\/product"}],"about":[{"href":"https:\/\/www.secondastrada.com\/it\/wp-json\/wp\/v2\/types\/product"}],"wp:featuredmedia":[{"embeddable":true,"href":"https:\/\/www.secondastrada.com\/it\/wp-json\/wp\/v2\/media\/355885"}],"wp:attachment":[{"href":"https:\/\/www.secondastrada.com\/it\/wp-json\/wp\/v2\/media?parent=355986"}],"wp:term":[{"taxonomy":"ss_brand","embeddable":true,"href":"https:\/\/www.secondastrada.com\/it\/wp-json\/wp\/v2\/ss_brand?post=355986"},{"taxonomy":"ss_promo","embeddable":true,"href":"https:\/\/www.secondastrada.com\/it\/wp-json\/wp\/v2\/ss_promo?post=355986"},{"taxonomy":"ss_season","embeddable":true,"href":"https:\/\/www.secondastrada.com\/it\/wp-json\/wp\/v2\/ss_season?post=355986"},{"taxonomy":"product_cat","embeddable":true,"href":"https:\/\/www.secondastrada.com\/it\/wp-json\/wp\/v2\/product_cat?post=355986"},{"taxonomy":"product_tag","embeddable":true,"href":"https:\/\/www.secondastrada.com\/it\/wp-json\/wp\/v2\/product_tag?post=355986"}],"curies":[{"name":"wp","href":"https:\/\/api.w.org\/{rel}","templated":true}]}}