{"id":355994,"date":"2026-04-10T08:36:35","date_gmt":"2026-04-10T06:36:35","guid":{"rendered":"https:\/\/www.secondastrada.com\/it\/portafoglio-cafenoir-beige-3\/"},"modified":"2026-04-10T10:13:46","modified_gmt":"2026-04-10T08:13:46","slug":"portafoglio-cafenoir-beige-3","status":"publish","type":"product","link":"https:\/\/www.secondastrada.com\/it\/portafoglio-cafenoir-beige-3\/","title":{"rendered":"Portafoglio Cafe`Noir Beige"},"content":{"rendered":"<p><b>Portafoglio CAFeNOIR Beige da donna<\/b><br \/>\n<br \/> Compatto, elegante e perfetto per accompagnarti ogni giorno, il Portafoglio CAFeNOIR Beige \u00e8 la scelta ideale se cerchi praticit\u00e0 senza rinunciare allo stile. Il suo design essenziale \u00e8 valorizzato dal colore beige, delicato e facilmente abbinabile, mentre il logo Caf\u00e8Noir in metallo panna aggiunge un dettaglio raffinato e discreto.<br \/>Questo portafoglio da donna adatto in tutte le stagioni \u00e8 pensato per seguirti in ogni momento della giornata, sia nel tempo libero che per lavoro. Le dimensioni compatte, con base di 12 cm, altezza massima di 10 cm e profondit\u00e0 di 3 cm, lo rendono perfetto da inserire in qualsiasi borsa, anche nelle pi\u00f9 piccole, permettendoti di avere sempre tutto l\u2019essenziale a portata di mano.<br \/>Realizzato in poliuretano, \u00e8 un portafoglio con compatto , logo Caf\u00e8Noir in metallo panna resistente e pratico, ideale per un utilizzo quotidiano. Nonostante le dimensioni ridotte, offre lo spazio necessario per organizzare carte, contanti e documenti in modo ordinato.<br \/>Puoi abbinarlo facilmente a una borsa coordinata per un look armonioso e curato, oppure utilizzarlo come accessorio minimal da portare con te durante le uscite pi\u00f9 rapide.<br \/>Se cerchi un accessorio funzionale ma curato nei dettagli, il Portafoglio CAFe`NOIR Beige \u00e8 la soluzione perfetta per unire praticit\u00e0 ed eleganza.<br \/>Tutti i prodotti su SecondaStrada.com sono originali e selezionati con cura. Codice articolo: C4AG1017 OB.<\/p>\n","protected":false},"excerpt":{"rendered":"<p>Portafoglio CAFeNOIR Beige da donna Compatto, elegante e perfetto per accompagnarti ogni giorno, il Portafoglio CAFeNOIR Beige \u00e8 la scelta ideale se cerchi praticit\u00e0 senza rinunciare allo stile. Il suo design essenziale \u00e8 valorizzato dal colore beige, delicato e facilmente abbinabile, mentre il logo Caf\u00e8Noir in metallo panna aggiunge un dettaglio raffinato e discreto.Questo portafoglio&#8230;<\/p>\n","protected":false},"featured_media":355880,"template":"","meta":{"inline_featured_image":false},"ss_brand":[1204],"ss_promo":[],"ss_season":[2531],"product_cat":[1331,1658,1832],"product_tag":[1995],"class_list":{"0":"post-355994","1":"product","2":"type-product","3":"status-publish","4":"has-post-thumbnail","6":"ss_brand-cafe-noir-donna","7":"ss_season-pe26","8":"product_cat-accessori-donna","9":"product_cat-collezione-donna","10":"product_cat-portafogli-da-donna","11":"product_tag-nuovi-arrivi-donna","13":"first","14":"instock","15":"shipping-taxable","16":"purchasable","17":"product-type-variable","18":"has-default-attributes"},"acf":{"ss_brand":[{"term_id":1204,"name":"CAFe`NOIR","slug":"cafe-noir-donna","term_group":0,"term_taxonomy_id":1204,"taxonomy":"ss_brand","description":"<strong>Caf\u00e8noir<\/strong>\u00a0\u00e8 un brand made in Italy fiorentino di calzature. Le\u00a0<strong>scarpe da donna Caf\u00e8noir<\/strong>\u00a0hanno uno stile elegante e contemporaneo al passo con le tendenze. Approfitta di sconti favolosi per avere ogni giorno la scarpa perfetta per ogni outfit. Scegli questo brand per dare ai tuoi look il dettaglio glamour che si meritano e detta lo stile!\u00a0Acquista online su SecondaStrada.com<strong>\u00a0scarpe da donna CafeNoir scontatissime<\/strong>!","parent":1201,"count":43,"filter":"raw"}],"ss_promo":false,"ss_season":[{"term_id":2531,"name":"PE26","slug":"pe26","term_group":0,"term_taxonomy_id":2531,"taxonomy":"ss_season","description":"","parent":0,"count":1294,"filter":"raw"}],"ss_old_price":"45,00","ss_omnibus_price":"0,00","ss_style_advice":"<p><b>Portafoglio CAFeNOIR Beige da donna<\/b><br \/>\n<br \/> Compatto, elegante e perfetto per accompagnarti ogni giorno, il Portafoglio CAFeNOIR Beige \u00e8 la scelta ideale se cerchi praticit\u00e0 senza rinunciare allo stile. Il suo design essenziale \u00e8 valorizzato dal colore beige, delicato e facilmente abbinabile, mentre il logo Caf\u00e8Noir in metallo panna aggiunge un dettaglio raffinato e discreto.<br \/>Questo portafoglio da donna adatto in tutte le stagioni \u00e8 pensato per seguirti in ogni momento della giornata, sia nel tempo libero che per lavoro. Le dimensioni compatte, con base di 12 cm, altezza massima di 10 cm e profondit\u00e0 di 3 cm, lo rendono perfetto da inserire in qualsiasi borsa, anche nelle pi\u00f9 piccole, permettendoti di avere sempre tutto l\u2019essenziale a portata di mano.<br \/>Realizzato in poliuretano, \u00e8 un portafoglio con compatto , logo Caf\u00e8Noir in metallo panna resistente e pratico, ideale per un utilizzo quotidiano. Nonostante le dimensioni ridotte, offre lo spazio necessario per organizzare carte, contanti e documenti in modo ordinato.<br \/>Puoi abbinarlo facilmente a una borsa coordinata per un look armonioso e curato, oppure utilizzarlo come accessorio minimal da portare con te durante le uscite pi\u00f9 rapide.<br \/>Se cerchi un accessorio funzionale ma curato nei dettagli, il Portafoglio CAFe`NOIR Beige \u00e8 la soluzione perfetta per unire praticit\u00e0 ed eleganza.<br \/>Tutti i prodotti su SecondaStrada.com sono originali e selezionati con cura. Codice articolo: C4AG1017 OB.<\/p>\n","ss_composition":"<p>Poliuretano<\/p>\n","ss_fit":"<p>Base inferiore: 12 cm<br \/>Altezza massima: 10 cm<br \/>Profondit\u00e0: 3 cm<\/p>\n"},"yoast_head":"<!-- This site is optimized with the Yoast SEO plugin v22.3 - https:\/\/yoast.com\/wordpress\/plugins\/seo\/ -->\n<title>Portafoglio Cafe`Noir Beige - Acquista online! - Seconda Strada<\/title>\n<meta name=\"description\" content=\"Portafoglio Cafe`Noir Beige \u27a4 Acquista online su Secondastrada.com Portafoglio Cafe`Noir Beige \u2714\ufe0f Spedizione veloce entro 24h in tutta Italia \u2714\ufe0f Sconto sul tuo primo acquisto\" \/>\n<meta name=\"robots\" content=\"index, follow, max-snippet:-1, max-image-preview:large, max-video-preview:-1\" \/>\n<link rel=\"canonical\" href=\"https:\/\/www.secondastrada.com\/it\/portafoglio-cafenoir-beige-3\/\" \/>\n<meta property=\"og:locale\" content=\"it_IT\" \/>\n<meta property=\"og:type\" content=\"article\" \/>\n<meta property=\"og:title\" content=\"Portafoglio Cafe`Noir Beige - Acquista online! - Seconda Strada\" \/>\n<meta property=\"og:description\" content=\"Portafoglio Cafe`Noir Beige \u27a4 Acquista online su Secondastrada.com Portafoglio Cafe`Noir Beige \u2714\ufe0f Spedizione veloce entro 24h in tutta Italia \u2714\ufe0f Sconto sul tuo primo acquisto\" \/>\n<meta property=\"og:url\" content=\"https:\/\/www.secondastrada.com\/it\/portafoglio-cafenoir-beige-3\/\" \/>\n<meta property=\"og:site_name\" content=\"Seconda Strada\" \/>\n<meta property=\"article:modified_time\" content=\"2026-04-10T08:13:46+00:00\" \/>\n<meta property=\"og:image\" content=\"https:\/\/www.secondastrada.com\/wp-content\/uploads\/2026\/04\/C4AG1017-OB_CIPRIA_PE26_1.jpg\" \/>\n\t<meta property=\"og:image:width\" content=\"1000\" \/>\n\t<meta property=\"og:image:height\" content=\"1300\" \/>\n\t<meta property=\"og:image:type\" content=\"image\/jpeg\" \/>\n<meta name=\"twitter:card\" content=\"summary_large_image\" \/>\n<meta name=\"twitter:label1\" content=\"Tempo di lettura stimato\" \/>\n\t<meta name=\"twitter:data1\" content=\"1 minuto\" \/>\n<!-- \/ Yoast SEO plugin. -->","yoast_head_json":{"title":"Portafoglio Cafe`Noir Beige - Acquista online! - Seconda Strada","description":"Portafoglio Cafe`Noir Beige \u27a4 Acquista online su Secondastrada.com Portafoglio Cafe`Noir Beige \u2714\ufe0f Spedizione veloce entro 24h in tutta Italia \u2714\ufe0f Sconto sul tuo primo acquisto","robots":{"index":"index","follow":"follow","max-snippet":"max-snippet:-1","max-image-preview":"max-image-preview:large","max-video-preview":"max-video-preview:-1"},"canonical":"https:\/\/www.secondastrada.com\/it\/portafoglio-cafenoir-beige-3\/","og_locale":"it_IT","og_type":"article","og_title":"Portafoglio Cafe`Noir Beige - Acquista online! - Seconda Strada","og_description":"Portafoglio Cafe`Noir Beige \u27a4 Acquista online su Secondastrada.com Portafoglio Cafe`Noir Beige \u2714\ufe0f Spedizione veloce entro 24h in tutta Italia \u2714\ufe0f Sconto sul tuo primo acquisto","og_url":"https:\/\/www.secondastrada.com\/it\/portafoglio-cafenoir-beige-3\/","og_site_name":"Seconda Strada","article_modified_time":"2026-04-10T08:13:46+00:00","og_image":[{"width":1000,"height":1300,"url":"https:\/\/www.secondastrada.com\/wp-content\/uploads\/2026\/04\/C4AG1017-OB_CIPRIA_PE26_1.jpg","type":"image\/jpeg"}],"twitter_card":"summary_large_image","twitter_misc":{"Tempo di lettura stimato":"1 minuto"},"schema":{"@context":"https:\/\/schema.org","@graph":[{"@type":"WebPage","@id":"https:\/\/www.secondastrada.com\/it\/portafoglio-cafenoir-beige-3\/","url":"https:\/\/www.secondastrada.com\/it\/portafoglio-cafenoir-beige-3\/","name":"Portafoglio Cafe`Noir Beige - Acquista online! - Seconda Strada","isPartOf":{"@id":"https:\/\/www.secondastrada.com\/it\/#website"},"primaryImageOfPage":{"@id":"https:\/\/www.secondastrada.com\/it\/portafoglio-cafenoir-beige-3\/#primaryimage"},"image":{"@id":"https:\/\/www.secondastrada.com\/it\/portafoglio-cafenoir-beige-3\/#primaryimage"},"thumbnailUrl":"https:\/\/www.secondastrada.com\/wp-content\/uploads\/2026\/04\/C4AG1017-OB_CIPRIA_PE26_1.jpg","datePublished":"2026-04-10T06:36:35+00:00","dateModified":"2026-04-10T08:13:46+00:00","description":"Portafoglio Cafe`Noir Beige \u27a4 Acquista online su Secondastrada.com Portafoglio Cafe`Noir Beige \u2714\ufe0f Spedizione veloce entro 24h in tutta Italia \u2714\ufe0f Sconto sul tuo primo acquisto","breadcrumb":{"@id":"https:\/\/www.secondastrada.com\/it\/portafoglio-cafenoir-beige-3\/#breadcrumb"},"inLanguage":"it-IT","potentialAction":[{"@type":"ReadAction","target":["https:\/\/www.secondastrada.com\/it\/portafoglio-cafenoir-beige-3\/"]}]},{"@type":"ImageObject","inLanguage":"it-IT","@id":"https:\/\/www.secondastrada.com\/it\/portafoglio-cafenoir-beige-3\/#primaryimage","url":"https:\/\/www.secondastrada.com\/wp-content\/uploads\/2026\/04\/C4AG1017-OB_CIPRIA_PE26_1.jpg","contentUrl":"https:\/\/www.secondastrada.com\/wp-content\/uploads\/2026\/04\/C4AG1017-OB_CIPRIA_PE26_1.jpg","width":1000,"height":1300,"caption":"C4AG1017-OB_CIPRIA_PE26"},{"@type":"BreadcrumbList","@id":"https:\/\/www.secondastrada.com\/it\/portafoglio-cafenoir-beige-3\/#breadcrumb","itemListElement":[{"@type":"ListItem","position":1,"name":"Home","item":"https:\/\/www.secondastrada.com\/it\/"},{"@type":"ListItem","position":2,"name":"Shop","item":"https:\/\/www.secondastrada.com\/it\/shop\/"},{"@type":"ListItem","position":3,"name":"Donna","item":"https:\/\/www.secondastrada.com\/it\/collezione-donna\/"},{"@type":"ListItem","position":4,"name":"Accessori","item":"https:\/\/www.secondastrada.com\/it\/collezione-donna\/accessori-donna\/"},{"@type":"ListItem","position":5,"name":"Portafogli","item":"https:\/\/www.secondastrada.com\/it\/collezione-donna\/accessori-donna\/portafogli-da-donna\/"},{"@type":"ListItem","position":6,"name":"Portafoglio Cafe`Noir Beige"}]},{"@type":"WebSite","@id":"https:\/\/www.secondastrada.com\/it\/#website","url":"https:\/\/www.secondastrada.com\/it\/","name":"Seconda Strada","description":"","publisher":{"@id":"https:\/\/www.secondastrada.com\/it\/#organization"},"potentialAction":[{"@type":"SearchAction","target":{"@type":"EntryPoint","urlTemplate":"https:\/\/www.secondastrada.com\/it\/?s={search_term_string}"},"query-input":"required name=search_term_string"}],"inLanguage":"it-IT"},{"@type":"Organization","@id":"https:\/\/www.secondastrada.com\/it\/#organization","name":"Seconda Strada","url":"https:\/\/www.secondastrada.com\/it\/","logo":{"@type":"ImageObject","inLanguage":"it-IT","@id":"https:\/\/www.secondastrada.com\/it\/#\/schema\/logo\/image\/","url":"https:\/\/www.secondastrada.com\/wp-content\/uploads\/2023\/11\/secondastrada-logo.svg","contentUrl":"https:\/\/www.secondastrada.com\/wp-content\/uploads\/2023\/11\/secondastrada-logo.svg","width":353,"height":47,"caption":"Seconda Strada"},"image":{"@id":"https:\/\/www.secondastrada.com\/it\/#\/schema\/logo\/image\/"}}]}},"df_price":39.99,"df_sale_price":"","df_regular_price":39.99,"df_image_link":"https:\/\/www.secondastrada.com\/wp-content\/uploads\/2026\/04\/C4AG1017-OB_CIPRIA_PE26_1-300x300.jpg","_links":{"self":[{"href":"https:\/\/www.secondastrada.com\/it\/wp-json\/wp\/v2\/product\/355994"}],"collection":[{"href":"https:\/\/www.secondastrada.com\/it\/wp-json\/wp\/v2\/product"}],"about":[{"href":"https:\/\/www.secondastrada.com\/it\/wp-json\/wp\/v2\/types\/product"}],"wp:featuredmedia":[{"embeddable":true,"href":"https:\/\/www.secondastrada.com\/it\/wp-json\/wp\/v2\/media\/355880"}],"wp:attachment":[{"href":"https:\/\/www.secondastrada.com\/it\/wp-json\/wp\/v2\/media?parent=355994"}],"wp:term":[{"taxonomy":"ss_brand","embeddable":true,"href":"https:\/\/www.secondastrada.com\/it\/wp-json\/wp\/v2\/ss_brand?post=355994"},{"taxonomy":"ss_promo","embeddable":true,"href":"https:\/\/www.secondastrada.com\/it\/wp-json\/wp\/v2\/ss_promo?post=355994"},{"taxonomy":"ss_season","embeddable":true,"href":"https:\/\/www.secondastrada.com\/it\/wp-json\/wp\/v2\/ss_season?post=355994"},{"taxonomy":"product_cat","embeddable":true,"href":"https:\/\/www.secondastrada.com\/it\/wp-json\/wp\/v2\/product_cat?post=355994"},{"taxonomy":"product_tag","embeddable":true,"href":"https:\/\/www.secondastrada.com\/it\/wp-json\/wp\/v2\/product_tag?post=355994"}],"curies":[{"name":"wp","href":"https:\/\/api.w.org\/{rel}","templated":true}]}}