{"id":356162,"date":"2026-04-10T12:26:24","date_gmt":"2026-04-10T10:26:24","guid":{"rendered":"https:\/\/www.secondastrada.com\/it\/ballerina-keys-nera\/"},"modified":"2026-04-10T12:51:23","modified_gmt":"2026-04-10T10:51:23","slug":"ballerina-keys-nera","status":"publish","type":"product","link":"https:\/\/www.secondastrada.com\/it\/ballerina-keys-nera\/","title":{"rendered":"Ballerina Keys Nera"},"content":{"rendered":"<p><b>Ballerina KEYS Nera da donna<\/b><br \/>\nLa Ballerina KEYS Nera \u00e8 la scelta perfetta per chi desidera unire semplicit\u00e0, eleganza e comfort in un\u2019unica calzatura. Il design essenziale viene valorizzato dal <b>tessuto traforato<\/b>, che dona leggerezza e traspirabilit\u00e0, rendendola ideale per affrontare con stile le giornate pi\u00f9 calde. Il colore nero, intramontabile e versatile, permette di abbinarla facilmente a qualsiasi outfit, dal pi\u00f9 casual al pi\u00f9 raffinato.<br \/>Questa <b>ballerina da donna adatte alla stagione primavera estate<\/b> \u00e8 pensata per accompagnarti nei momenti quotidiani, dal lavoro al tempo libero, quando hai bisogno di una scarpa pratica ma curata. La calzata regolare garantisce comfort immediato, mentre la soletta in pelle e la suola in gomma assicurano una piacevole sensazione di morbidezza e stabilit\u00e0 ad ogni passo.<br \/>La <b>Ballerina KEYS Nera<\/b> \u00e8 perfetta da indossare con un vestito leggero per un look femminile e rilassato, oppure con pantaloni e blazer per uno stile pi\u00f9 elegante ma informale. Se cerchi una <b>ballerina con tessuto traforato<\/b> che unisca funzionalit\u00e0 e stile, questo modello sapr\u00e0 accompagnarti con discrezione in ogni occasione.<br \/>Un modello pratico e raffinato, ideale per valorizzare il tuo guardaroba con semplicit\u00e0 e naturalezza.<br \/>Tutti i prodotti su SecondaStrada.com sono originali e selezionati con cura. Codice articolo: K12040 OB.<\/p>\n","protected":false},"excerpt":{"rendered":"<p>Ballerina KEYS Nera da donna La Ballerina KEYS Nera \u00e8 la scelta perfetta per chi desidera unire semplicit\u00e0, eleganza e comfort in un\u2019unica calzatura. Il design essenziale viene valorizzato dal tessuto traforato, che dona leggerezza e traspirabilit\u00e0, rendendola ideale per affrontare con stile le giornate pi\u00f9 calde. Il colore nero, intramontabile e versatile, permette di&#8230;<\/p>\n","protected":false},"featured_media":356052,"template":"","meta":{"inline_featured_image":false},"ss_brand":[1904],"ss_promo":[],"ss_season":[2531],"product_cat":[1658,1476,1330],"product_tag":[1995],"class_list":{"0":"post-356162","1":"product","2":"type-product","3":"status-publish","4":"has-post-thumbnail","6":"ss_brand-keys-donna","7":"ss_season-pe26","8":"product_cat-collezione-donna","9":"product_cat-sandali-da-donna","10":"product_cat-scarpe-donna","11":"product_tag-nuovi-arrivi-donna","13":"first","14":"instock","15":"shipping-taxable","16":"purchasable","17":"product-type-variable","18":"has-default-attributes"},"acf":{"ss_brand":[{"term_id":1904,"name":"KEYS","slug":"keys-donna","term_group":0,"term_taxonomy_id":1904,"taxonomy":"ss_brand","description":"Le scarpe da donna Keys sono perfette per dare fascino e stile a ogni abbigliamento casual femminile. Scoprile subito a prezzi irresistibili e indossa uno stile nuovo.\u00a0Acquista online su SecondaStrada.com scarpe da donna Keys scontatissime!","parent":1201,"count":53,"filter":"raw"}],"ss_promo":false,"ss_season":[{"term_id":2531,"name":"PE26","slug":"pe26","term_group":0,"term_taxonomy_id":2531,"taxonomy":"ss_season","description":"","parent":0,"count":1294,"filter":"raw"}],"ss_old_price":"0,00","ss_omnibus_price":"0,00","ss_style_advice":"<p><b>Ballerina KEYS Nera da donna<\/b><br \/>\nLa Ballerina KEYS Nera \u00e8 la scelta perfetta per chi desidera unire semplicit\u00e0, eleganza e comfort in un\u2019unica calzatura. Il design essenziale viene valorizzato dal <b>tessuto traforato<\/b>, che dona leggerezza e traspirabilit\u00e0, rendendola ideale per affrontare con stile le giornate pi\u00f9 calde. Il colore nero, intramontabile e versatile, permette di abbinarla facilmente a qualsiasi outfit, dal pi\u00f9 casual al pi\u00f9 raffinato.<br \/>Questa <b>ballerina da donna adatte alla stagione primavera estate<\/b> \u00e8 pensata per accompagnarti nei momenti quotidiani, dal lavoro al tempo libero, quando hai bisogno di una scarpa pratica ma curata. La calzata regolare garantisce comfort immediato, mentre la soletta in pelle e la suola in gomma assicurano una piacevole sensazione di morbidezza e stabilit\u00e0 ad ogni passo.<br \/>La <b>Ballerina KEYS Nera<\/b> \u00e8 perfetta da indossare con un vestito leggero per un look femminile e rilassato, oppure con pantaloni e blazer per uno stile pi\u00f9 elegante ma informale. Se cerchi una <b>ballerina con tessuto traforato<\/b> che unisca funzionalit\u00e0 e stile, questo modello sapr\u00e0 accompagnarti con discrezione in ogni occasione.<br \/>Un modello pratico e raffinato, ideale per valorizzare il tuo guardaroba con semplicit\u00e0 e naturalezza.<br \/>Tutti i prodotti su SecondaStrada.com sono originali e selezionati con cura. Codice articolo: K12040 OB.<\/p>\n","ss_composition":"<p>tessuto , soletta in pelle , suola in gomma<\/p>\n","ss_fit":"<p>calzata regolare<\/p>\n"},"yoast_head":"<!-- This site is optimized with the Yoast SEO plugin v22.3 - https:\/\/yoast.com\/wordpress\/plugins\/seo\/ -->\n<title>Ballerina Keys Nera - Acquista online! - Seconda Strada<\/title>\n<meta name=\"description\" content=\"Ballerina Keys Nera \u27a4 Acquista online su Secondastrada.com Ballerina Keys Nera \u2714\ufe0f Spedizione veloce entro 24h in tutta Italia \u2714\ufe0f Sconto sul tuo primo acquisto\" \/>\n<meta name=\"robots\" content=\"index, follow, max-snippet:-1, max-image-preview:large, max-video-preview:-1\" \/>\n<link rel=\"canonical\" href=\"https:\/\/www.secondastrada.com\/it\/ballerina-keys-nera\/\" \/>\n<meta property=\"og:locale\" content=\"it_IT\" \/>\n<meta property=\"og:type\" content=\"article\" \/>\n<meta property=\"og:title\" content=\"Ballerina Keys Nera - Acquista online! - Seconda Strada\" \/>\n<meta property=\"og:description\" content=\"Ballerina Keys Nera \u27a4 Acquista online su Secondastrada.com Ballerina Keys Nera \u2714\ufe0f Spedizione veloce entro 24h in tutta Italia \u2714\ufe0f Sconto sul tuo primo acquisto\" \/>\n<meta property=\"og:url\" content=\"https:\/\/www.secondastrada.com\/it\/ballerina-keys-nera\/\" \/>\n<meta property=\"og:site_name\" content=\"Seconda Strada\" \/>\n<meta property=\"article:modified_time\" content=\"2026-04-10T10:51:23+00:00\" \/>\n<meta property=\"og:image\" content=\"https:\/\/www.secondastrada.com\/wp-content\/uploads\/2026\/04\/K12040-OB_BLACK_PE26_1.jpg\" \/>\n\t<meta property=\"og:image:width\" content=\"1000\" \/>\n\t<meta property=\"og:image:height\" content=\"1300\" \/>\n\t<meta property=\"og:image:type\" content=\"image\/jpeg\" \/>\n<meta name=\"twitter:card\" content=\"summary_large_image\" \/>\n<meta name=\"twitter:label1\" content=\"Tempo di lettura stimato\" \/>\n\t<meta name=\"twitter:data1\" content=\"1 minuto\" \/>\n<!-- \/ Yoast SEO plugin. -->","yoast_head_json":{"title":"Ballerina Keys Nera - Acquista online! - Seconda Strada","description":"Ballerina Keys Nera \u27a4 Acquista online su Secondastrada.com Ballerina Keys Nera \u2714\ufe0f Spedizione veloce entro 24h in tutta Italia \u2714\ufe0f Sconto sul tuo primo acquisto","robots":{"index":"index","follow":"follow","max-snippet":"max-snippet:-1","max-image-preview":"max-image-preview:large","max-video-preview":"max-video-preview:-1"},"canonical":"https:\/\/www.secondastrada.com\/it\/ballerina-keys-nera\/","og_locale":"it_IT","og_type":"article","og_title":"Ballerina Keys Nera - Acquista online! - Seconda Strada","og_description":"Ballerina Keys Nera \u27a4 Acquista online su Secondastrada.com Ballerina Keys Nera \u2714\ufe0f Spedizione veloce entro 24h in tutta Italia \u2714\ufe0f Sconto sul tuo primo acquisto","og_url":"https:\/\/www.secondastrada.com\/it\/ballerina-keys-nera\/","og_site_name":"Seconda Strada","article_modified_time":"2026-04-10T10:51:23+00:00","og_image":[{"width":1000,"height":1300,"url":"https:\/\/www.secondastrada.com\/wp-content\/uploads\/2026\/04\/K12040-OB_BLACK_PE26_1.jpg","type":"image\/jpeg"}],"twitter_card":"summary_large_image","twitter_misc":{"Tempo di lettura stimato":"1 minuto"},"schema":{"@context":"https:\/\/schema.org","@graph":[{"@type":"WebPage","@id":"https:\/\/www.secondastrada.com\/it\/ballerina-keys-nera\/","url":"https:\/\/www.secondastrada.com\/it\/ballerina-keys-nera\/","name":"Ballerina Keys Nera - Acquista online! - Seconda Strada","isPartOf":{"@id":"https:\/\/www.secondastrada.com\/it\/#website"},"primaryImageOfPage":{"@id":"https:\/\/www.secondastrada.com\/it\/ballerina-keys-nera\/#primaryimage"},"image":{"@id":"https:\/\/www.secondastrada.com\/it\/ballerina-keys-nera\/#primaryimage"},"thumbnailUrl":"https:\/\/www.secondastrada.com\/wp-content\/uploads\/2026\/04\/K12040-OB_BLACK_PE26_1.jpg","datePublished":"2026-04-10T10:26:24+00:00","dateModified":"2026-04-10T10:51:23+00:00","description":"Ballerina Keys Nera \u27a4 Acquista online su Secondastrada.com Ballerina Keys Nera \u2714\ufe0f Spedizione veloce entro 24h in tutta Italia \u2714\ufe0f Sconto sul tuo primo acquisto","breadcrumb":{"@id":"https:\/\/www.secondastrada.com\/it\/ballerina-keys-nera\/#breadcrumb"},"inLanguage":"it-IT","potentialAction":[{"@type":"ReadAction","target":["https:\/\/www.secondastrada.com\/it\/ballerina-keys-nera\/"]}]},{"@type":"ImageObject","inLanguage":"it-IT","@id":"https:\/\/www.secondastrada.com\/it\/ballerina-keys-nera\/#primaryimage","url":"https:\/\/www.secondastrada.com\/wp-content\/uploads\/2026\/04\/K12040-OB_BLACK_PE26_1.jpg","contentUrl":"https:\/\/www.secondastrada.com\/wp-content\/uploads\/2026\/04\/K12040-OB_BLACK_PE26_1.jpg","width":1000,"height":1300,"caption":"K12040-OB_BLACK_PE26"},{"@type":"BreadcrumbList","@id":"https:\/\/www.secondastrada.com\/it\/ballerina-keys-nera\/#breadcrumb","itemListElement":[{"@type":"ListItem","position":1,"name":"Home","item":"https:\/\/www.secondastrada.com\/it\/"},{"@type":"ListItem","position":2,"name":"Shop","item":"https:\/\/www.secondastrada.com\/it\/shop\/"},{"@type":"ListItem","position":3,"name":"Donna","item":"https:\/\/www.secondastrada.com\/it\/collezione-donna\/"},{"@type":"ListItem","position":4,"name":"Scarpe","item":"https:\/\/www.secondastrada.com\/it\/collezione-donna\/scarpe-donna\/"},{"@type":"ListItem","position":5,"name":"Sandali","item":"https:\/\/www.secondastrada.com\/it\/collezione-donna\/scarpe-donna\/sandali-da-donna\/"},{"@type":"ListItem","position":6,"name":"Ballerina Keys Nera"}]},{"@type":"WebSite","@id":"https:\/\/www.secondastrada.com\/it\/#website","url":"https:\/\/www.secondastrada.com\/it\/","name":"Seconda Strada","description":"","publisher":{"@id":"https:\/\/www.secondastrada.com\/it\/#organization"},"potentialAction":[{"@type":"SearchAction","target":{"@type":"EntryPoint","urlTemplate":"https:\/\/www.secondastrada.com\/it\/?s={search_term_string}"},"query-input":"required name=search_term_string"}],"inLanguage":"it-IT"},{"@type":"Organization","@id":"https:\/\/www.secondastrada.com\/it\/#organization","name":"Seconda Strada","url":"https:\/\/www.secondastrada.com\/it\/","logo":{"@type":"ImageObject","inLanguage":"it-IT","@id":"https:\/\/www.secondastrada.com\/it\/#\/schema\/logo\/image\/","url":"https:\/\/www.secondastrada.com\/wp-content\/uploads\/2023\/11\/secondastrada-logo.svg","contentUrl":"https:\/\/www.secondastrada.com\/wp-content\/uploads\/2023\/11\/secondastrada-logo.svg","width":353,"height":47,"caption":"Seconda Strada"},"image":{"@id":"https:\/\/www.secondastrada.com\/it\/#\/schema\/logo\/image\/"}}]}},"df_price":59.9,"df_sale_price":"","df_regular_price":59.9,"df_image_link":"https:\/\/www.secondastrada.com\/wp-content\/uploads\/2026\/04\/K12040-OB_BLACK_PE26_1-300x300.jpg","_links":{"self":[{"href":"https:\/\/www.secondastrada.com\/it\/wp-json\/wp\/v2\/product\/356162"}],"collection":[{"href":"https:\/\/www.secondastrada.com\/it\/wp-json\/wp\/v2\/product"}],"about":[{"href":"https:\/\/www.secondastrada.com\/it\/wp-json\/wp\/v2\/types\/product"}],"wp:featuredmedia":[{"embeddable":true,"href":"https:\/\/www.secondastrada.com\/it\/wp-json\/wp\/v2\/media\/356052"}],"wp:attachment":[{"href":"https:\/\/www.secondastrada.com\/it\/wp-json\/wp\/v2\/media?parent=356162"}],"wp:term":[{"taxonomy":"ss_brand","embeddable":true,"href":"https:\/\/www.secondastrada.com\/it\/wp-json\/wp\/v2\/ss_brand?post=356162"},{"taxonomy":"ss_promo","embeddable":true,"href":"https:\/\/www.secondastrada.com\/it\/wp-json\/wp\/v2\/ss_promo?post=356162"},{"taxonomy":"ss_season","embeddable":true,"href":"https:\/\/www.secondastrada.com\/it\/wp-json\/wp\/v2\/ss_season?post=356162"},{"taxonomy":"product_cat","embeddable":true,"href":"https:\/\/www.secondastrada.com\/it\/wp-json\/wp\/v2\/product_cat?post=356162"},{"taxonomy":"product_tag","embeddable":true,"href":"https:\/\/www.secondastrada.com\/it\/wp-json\/wp\/v2\/product_tag?post=356162"}],"curies":[{"name":"wp","href":"https:\/\/api.w.org\/{rel}","templated":true}]}}