{"id":356415,"date":"2026-04-10T13:00:25","date_gmt":"2026-04-10T11:00:25","guid":{"rendered":"https:\/\/www.secondastrada.com\/it\/t-shirt-ea7-nera-2\/"},"modified":"2026-04-10T13:21:37","modified_gmt":"2026-04-10T11:21:37","slug":"t-shirt-ea7-nera-2","status":"publish","type":"product","link":"https:\/\/www.secondastrada.com\/it\/t-shirt-ea7-nera-2\/","title":{"rendered":"T-shirt Ea7 Nera"},"content":{"rendered":"<p><b>T-shirt EA7 Nera<\/b><br \/>\nLa <b>T-shirt EA7 Nera<\/b> \u00e8 un capo dal carattere sportivo e contemporaneo, perfetto per chi cerca comfort e stile in un\u2019unica soluzione. Questa <b>T-shirt adatta alla primavera estate<\/b> si distingue per il suo design essenziale ma dinamico, pensato per accompagnarti con facilit\u00e0 nelle giornate pi\u00f9 attive o nei momenti di relax.<br \/>Realizzata in un tessuto tecnico composto da <b>56% viscosa, 39% poliammide e 5% elastan<\/b>, offre una sensazione morbida e leggera sulla pelle, oltre a una buona elasticit\u00e0 che favorisce la libert\u00e0 di movimento. Il colore nero, sempre attuale e versatile, \u00e8 arricchito da una <b>banda sulle spalle a contrasto<\/b>, un dettaglio distintivo che dona personalit\u00e0 al capo e richiama lo stile sportivo tipico della linea EA7.<br \/>La vestibilit\u00e0 \u00e8 <b>regolare<\/b>, pensata per adattarsi in modo naturale alla silhouette senza risultare troppo aderente. Il modello in foto \u00e8 alto 187 cm e indossa una taglia L, un riferimento utile per valutare meglio la resa del capo una volta indossato.<br \/>Questa <b>T-shirt<\/b> \u00e8 ideale da indossare <b>nel tempo libero, durante una giornata in citt\u00e0, in viaggio o nelle attivit\u00e0 quotidiane<\/b>, quando vuoi sentirti comodo ma curato. Per un look casual e moderno puoi abbinarla facilmente <b>a bermuda e sneakers<\/b>, oppure a <b>jeans o pantaloni sportivi<\/b> per uno stile rilassato ma sempre attuale.<br \/>Su Seconda Strada selezioniamo con attenzione capi autentici e di qualit\u00e0. Questa <b>T-shirt EA7 \u00e8 un prodotto originale<\/b>, identificato dal <b>codice articolo 7M001395AF16724 OB<\/b>.<\/p>\n","protected":false},"excerpt":{"rendered":"<p>T-shirt EA7 Nera La T-shirt EA7 Nera \u00e8 un capo dal carattere sportivo e contemporaneo, perfetto per chi cerca comfort e stile in un\u2019unica soluzione. Questa T-shirt adatta alla primavera estate si distingue per il suo design essenziale ma dinamico, pensato per accompagnarti con facilit\u00e0 nelle giornate pi\u00f9 attive o nei momenti di relax.Realizzata in&#8230;<\/p>\n","protected":false},"featured_media":343357,"template":"","meta":{"inline_featured_image":false},"ss_brand":[2194],"ss_promo":[],"ss_season":[2531],"product_cat":[1332,1479,1714],"product_tag":[1993],"class_list":{"0":"post-356415","1":"product","2":"type-product","3":"status-publish","4":"has-post-thumbnail","6":"ss_brand-ea7-uomo","7":"ss_season-pe26","8":"product_cat-abbigliamento-uomo","9":"product_cat-t-shirt-da-uomo","10":"product_cat-collezione-uomo","11":"product_tag-nuovi-arrivi-uomo","13":"first","14":"instock","15":"shipping-taxable","16":"purchasable","17":"product-type-variable","18":"has-default-attributes"},"acf":{"ss_brand":[{"term_id":2194,"name":"EA7","slug":"ea7-uomo","term_group":0,"term_taxonomy_id":2194,"taxonomy":"ss_brand","description":"Scopri l\u2019eleganza sportiva e la funzionalit\u00e0 tecnica di <strong>EA7 Emporio Armani<\/strong> con la nostra selezione esclusiva di capi da uomo a prezzi speciali. Dalle tute ai giubbotti, fino alle felpe e alle sneaker, ogni pezzo \u00e8 studiato per offrirti comfort e stile sia in palestra che nel tempo libero. Approfitta delle nostre promozioni e rinnova il tuo guardaroba con l\u2019abbigliamento firmato EA7 in offerta su SecondaStrada.com!","parent":1268,"count":60,"filter":"raw"}],"ss_promo":false,"ss_season":[{"term_id":2531,"name":"PE26","slug":"pe26","term_group":0,"term_taxonomy_id":2531,"taxonomy":"ss_season","description":"","parent":0,"count":1337,"filter":"raw"}],"ss_old_price":"95,00","ss_omnibus_price":"0,00","ss_style_advice":"<p><b>T-shirt EA7 Nera<\/b><br \/>\nLa <b>T-shirt EA7 Nera<\/b> \u00e8 un capo dal carattere sportivo e contemporaneo, perfetto per chi cerca comfort e stile in un\u2019unica soluzione. Questa <b>T-shirt adatta alla primavera estate<\/b> si distingue per il suo design essenziale ma dinamico, pensato per accompagnarti con facilit\u00e0 nelle giornate pi\u00f9 attive o nei momenti di relax.<br \/>Realizzata in un tessuto tecnico composto da <b>56% viscosa, 39% poliammide e 5% elastan<\/b>, offre una sensazione morbida e leggera sulla pelle, oltre a una buona elasticit\u00e0 che favorisce la libert\u00e0 di movimento. Il colore nero, sempre attuale e versatile, \u00e8 arricchito da una <b>banda sulle spalle a contrasto<\/b>, un dettaglio distintivo che dona personalit\u00e0 al capo e richiama lo stile sportivo tipico della linea EA7.<br \/>La vestibilit\u00e0 \u00e8 <b>regolare<\/b>, pensata per adattarsi in modo naturale alla silhouette senza risultare troppo aderente. Il modello in foto \u00e8 alto 187 cm e indossa una taglia L, un riferimento utile per valutare meglio la resa del capo una volta indossato.<br \/>Questa <b>T-shirt<\/b> \u00e8 ideale da indossare <b>nel tempo libero, durante una giornata in citt\u00e0, in viaggio o nelle attivit\u00e0 quotidiane<\/b>, quando vuoi sentirti comodo ma curato. Per un look casual e moderno puoi abbinarla facilmente <b>a bermuda e sneakers<\/b>, oppure a <b>jeans o pantaloni sportivi<\/b> per uno stile rilassato ma sempre attuale.<br \/>Su Seconda Strada selezioniamo con attenzione capi autentici e di qualit\u00e0. Questa <b>T-shirt EA7 \u00e8 un prodotto originale<\/b>, identificato dal <b>codice articolo 7M001395AF16724 OB<\/b>.<\/p>\n","ss_composition":"<p>56% viscosa 39% poliammide 5%elastan<\/p>\n","ss_fit":"<p>Il modello \u00e8 alto 187 cm e veste la taglia L. La vestibilit\u00e0 del capo \u00e8 regolare.<\/p>\n"},"yoast_head":"<!-- This site is optimized with the Yoast SEO plugin v22.3 - https:\/\/yoast.com\/wordpress\/plugins\/seo\/ -->\n<title>T-shirt Ea7 Nera - Acquista online! - Seconda Strada<\/title>\n<meta name=\"description\" content=\"T-shirt Ea7 Nera \u27a4 Acquista online su Secondastrada.com T-shirt Ea7 Nera \u2714\ufe0f Spedizione veloce entro 24h in tutta Italia \u2714\ufe0f Sconto sul tuo primo acquisto\" \/>\n<meta name=\"robots\" content=\"index, follow, max-snippet:-1, max-image-preview:large, max-video-preview:-1\" \/>\n<link rel=\"canonical\" href=\"https:\/\/www.secondastrada.com\/it\/t-shirt-ea7-nera-2\/\" \/>\n<meta property=\"og:locale\" content=\"it_IT\" \/>\n<meta property=\"og:type\" content=\"article\" \/>\n<meta property=\"og:title\" content=\"T-shirt Ea7 Nera - Acquista online! - Seconda Strada\" \/>\n<meta property=\"og:description\" content=\"T-shirt Ea7 Nera \u27a4 Acquista online su Secondastrada.com T-shirt Ea7 Nera \u2714\ufe0f Spedizione veloce entro 24h in tutta Italia \u2714\ufe0f Sconto sul tuo primo acquisto\" \/>\n<meta property=\"og:url\" content=\"https:\/\/www.secondastrada.com\/it\/t-shirt-ea7-nera-2\/\" \/>\n<meta property=\"og:site_name\" content=\"Seconda Strada\" \/>\n<meta property=\"article:modified_time\" content=\"2026-04-10T11:21:37+00:00\" \/>\n<meta property=\"og:image\" content=\"https:\/\/www.secondastrada.com\/wp-content\/uploads\/2026\/03\/7M001395AF16724-OB_BLACK_PE26_1.jpg\" \/>\n\t<meta property=\"og:image:width\" content=\"1000\" \/>\n\t<meta property=\"og:image:height\" content=\"1300\" \/>\n\t<meta property=\"og:image:type\" content=\"image\/jpeg\" \/>\n<meta name=\"twitter:card\" content=\"summary_large_image\" \/>\n<meta name=\"twitter:label1\" content=\"Tempo di lettura stimato\" \/>\n\t<meta name=\"twitter:data1\" content=\"1 minuto\" \/>\n<!-- \/ Yoast SEO plugin. -->","yoast_head_json":{"title":"T-shirt Ea7 Nera - Acquista online! - Seconda Strada","description":"T-shirt Ea7 Nera \u27a4 Acquista online su Secondastrada.com T-shirt Ea7 Nera \u2714\ufe0f Spedizione veloce entro 24h in tutta Italia \u2714\ufe0f Sconto sul tuo primo acquisto","robots":{"index":"index","follow":"follow","max-snippet":"max-snippet:-1","max-image-preview":"max-image-preview:large","max-video-preview":"max-video-preview:-1"},"canonical":"https:\/\/www.secondastrada.com\/it\/t-shirt-ea7-nera-2\/","og_locale":"it_IT","og_type":"article","og_title":"T-shirt Ea7 Nera - Acquista online! - Seconda Strada","og_description":"T-shirt Ea7 Nera \u27a4 Acquista online su Secondastrada.com T-shirt Ea7 Nera \u2714\ufe0f Spedizione veloce entro 24h in tutta Italia \u2714\ufe0f Sconto sul tuo primo acquisto","og_url":"https:\/\/www.secondastrada.com\/it\/t-shirt-ea7-nera-2\/","og_site_name":"Seconda Strada","article_modified_time":"2026-04-10T11:21:37+00:00","og_image":[{"width":1000,"height":1300,"url":"https:\/\/www.secondastrada.com\/wp-content\/uploads\/2026\/03\/7M001395AF16724-OB_BLACK_PE26_1.jpg","type":"image\/jpeg"}],"twitter_card":"summary_large_image","twitter_misc":{"Tempo di lettura stimato":"1 minuto"},"schema":{"@context":"https:\/\/schema.org","@graph":[{"@type":"WebPage","@id":"https:\/\/www.secondastrada.com\/it\/t-shirt-ea7-nera-2\/","url":"https:\/\/www.secondastrada.com\/it\/t-shirt-ea7-nera-2\/","name":"T-shirt Ea7 Nera - Acquista online! - Seconda Strada","isPartOf":{"@id":"https:\/\/www.secondastrada.com\/it\/#website"},"primaryImageOfPage":{"@id":"https:\/\/www.secondastrada.com\/it\/t-shirt-ea7-nera-2\/#primaryimage"},"image":{"@id":"https:\/\/www.secondastrada.com\/it\/t-shirt-ea7-nera-2\/#primaryimage"},"thumbnailUrl":"https:\/\/www.secondastrada.com\/wp-content\/uploads\/2026\/03\/7M001395AF16724-OB_BLACK_PE26_1.jpg","datePublished":"2026-04-10T11:00:25+00:00","dateModified":"2026-04-10T11:21:37+00:00","description":"T-shirt Ea7 Nera \u27a4 Acquista online su Secondastrada.com T-shirt Ea7 Nera \u2714\ufe0f Spedizione veloce entro 24h in tutta Italia \u2714\ufe0f Sconto sul tuo primo acquisto","breadcrumb":{"@id":"https:\/\/www.secondastrada.com\/it\/t-shirt-ea7-nera-2\/#breadcrumb"},"inLanguage":"it-IT","potentialAction":[{"@type":"ReadAction","target":["https:\/\/www.secondastrada.com\/it\/t-shirt-ea7-nera-2\/"]}]},{"@type":"ImageObject","inLanguage":"it-IT","@id":"https:\/\/www.secondastrada.com\/it\/t-shirt-ea7-nera-2\/#primaryimage","url":"https:\/\/www.secondastrada.com\/wp-content\/uploads\/2026\/03\/7M001395AF16724-OB_BLACK_PE26_1.jpg","contentUrl":"https:\/\/www.secondastrada.com\/wp-content\/uploads\/2026\/03\/7M001395AF16724-OB_BLACK_PE26_1.jpg","width":1000,"height":1300,"caption":"7M001395AF16724-OB_BLACK_PE26"},{"@type":"BreadcrumbList","@id":"https:\/\/www.secondastrada.com\/it\/t-shirt-ea7-nera-2\/#breadcrumb","itemListElement":[{"@type":"ListItem","position":1,"name":"Home","item":"https:\/\/www.secondastrada.com\/it\/"},{"@type":"ListItem","position":2,"name":"Shop","item":"https:\/\/www.secondastrada.com\/it\/shop\/"},{"@type":"ListItem","position":3,"name":"Uomo","item":"https:\/\/www.secondastrada.com\/it\/collezione-uomo\/"},{"@type":"ListItem","position":4,"name":"Abbigliamento","item":"https:\/\/www.secondastrada.com\/it\/collezione-uomo\/abbigliamento-uomo\/"},{"@type":"ListItem","position":5,"name":"T-shirt","item":"https:\/\/www.secondastrada.com\/it\/collezione-uomo\/abbigliamento-uomo\/t-shirt-da-uomo\/"},{"@type":"ListItem","position":6,"name":"T-shirt Ea7 Nera"}]},{"@type":"WebSite","@id":"https:\/\/www.secondastrada.com\/it\/#website","url":"https:\/\/www.secondastrada.com\/it\/","name":"Seconda Strada","description":"","publisher":{"@id":"https:\/\/www.secondastrada.com\/it\/#organization"},"potentialAction":[{"@type":"SearchAction","target":{"@type":"EntryPoint","urlTemplate":"https:\/\/www.secondastrada.com\/it\/?s={search_term_string}"},"query-input":"required name=search_term_string"}],"inLanguage":"it-IT"},{"@type":"Organization","@id":"https:\/\/www.secondastrada.com\/it\/#organization","name":"Seconda Strada","url":"https:\/\/www.secondastrada.com\/it\/","logo":{"@type":"ImageObject","inLanguage":"it-IT","@id":"https:\/\/www.secondastrada.com\/it\/#\/schema\/logo\/image\/","url":"https:\/\/www.secondastrada.com\/wp-content\/uploads\/2023\/11\/secondastrada-logo.svg","contentUrl":"https:\/\/www.secondastrada.com\/wp-content\/uploads\/2023\/11\/secondastrada-logo.svg","width":353,"height":47,"caption":"Seconda Strada"},"image":{"@id":"https:\/\/www.secondastrada.com\/it\/#\/schema\/logo\/image\/"}}]}},"df_price":66.99,"df_sale_price":"","df_regular_price":66.99,"df_image_link":"https:\/\/www.secondastrada.com\/wp-content\/uploads\/2026\/03\/7M001395AF16724-OB_BLACK_PE26_1-300x300.jpg","_links":{"self":[{"href":"https:\/\/www.secondastrada.com\/it\/wp-json\/wp\/v2\/product\/356415"}],"collection":[{"href":"https:\/\/www.secondastrada.com\/it\/wp-json\/wp\/v2\/product"}],"about":[{"href":"https:\/\/www.secondastrada.com\/it\/wp-json\/wp\/v2\/types\/product"}],"wp:featuredmedia":[{"embeddable":true,"href":"https:\/\/www.secondastrada.com\/it\/wp-json\/wp\/v2\/media\/343357"}],"wp:attachment":[{"href":"https:\/\/www.secondastrada.com\/it\/wp-json\/wp\/v2\/media?parent=356415"}],"wp:term":[{"taxonomy":"ss_brand","embeddable":true,"href":"https:\/\/www.secondastrada.com\/it\/wp-json\/wp\/v2\/ss_brand?post=356415"},{"taxonomy":"ss_promo","embeddable":true,"href":"https:\/\/www.secondastrada.com\/it\/wp-json\/wp\/v2\/ss_promo?post=356415"},{"taxonomy":"ss_season","embeddable":true,"href":"https:\/\/www.secondastrada.com\/it\/wp-json\/wp\/v2\/ss_season?post=356415"},{"taxonomy":"product_cat","embeddable":true,"href":"https:\/\/www.secondastrada.com\/it\/wp-json\/wp\/v2\/product_cat?post=356415"},{"taxonomy":"product_tag","embeddable":true,"href":"https:\/\/www.secondastrada.com\/it\/wp-json\/wp\/v2\/product_tag?post=356415"}],"curies":[{"name":"wp","href":"https:\/\/api.w.org\/{rel}","templated":true}]}}