{"id":356485,"date":"2026-04-13T10:24:40","date_gmt":"2026-04-13T08:24:40","guid":{"rendered":"https:\/\/www.secondastrada.com\/it\/bermuda-goha-beige-2\/"},"modified":"2026-04-13T10:24:40","modified_gmt":"2026-04-13T08:24:40","slug":"bermuda-goha-beige-2","status":"publish","type":"product","link":"https:\/\/www.secondastrada.com\/it\/bermuda-goha-beige-2\/","title":{"rendered":"Bermuda Goha Beige"},"content":{"rendered":"<p>b&gt;Bermuda GOHA Beige da uomo<\/b><br \/>\nBermuda GOHA Beige sono la scelta perfetta per affrontare la stagione calda con stile e leggerezza, senza rinunciare al comfort. Realizzati in un mix fluido di 80% viscosa e 20% poliammide, offrono una vestibilit\u00e0 morbida e traspirante, ideale per accompagnarti durante le giornate pi\u00f9 dinamiche.<br \/>Questi shorts da uomo adatti alla primavera estate si distinguono per il loro design pratico e contemporaneo. I tasconi frontali aggiungono funzionalit\u00e0 e carattere, mentre la vita elasticizzata con lacci garantisce una regolazione perfetta e una comodit\u00e0 assoluta. Il modello, alto 187 cm e con taglia L, indossa una vestibilit\u00e0 regolare che valorizza la silhouette senza costrizioni.<br \/>Perfetti da indossare nel tempo libero, sono ideali per momenti di relax, passeggiate o viaggi estivi. Puoi abbinarli facilmente a una t-shirt per un look casual e fresco, oppure scegliere una camicia leggera per uno stile pi\u00f9 curato ma sempre rilassato. Gli shorts con tasconi fontali, lacci, vita elasticizzata si adattano con naturalezza a diverse occasioni, rendendoli un capo indispensabile nel guardaroba estivo.<br \/>Il colore beige, neutro e versatile, permette di creare outfit sempre nuovi e facilmente abbinabili, donando un tocco elegante anche ai look pi\u00f9 informali.<br \/>Acquistando su SecondaStrada.com hai la sicurezza di scegliere prodotti originali e accuratamente selezionati. <b>Codice articolo: CV8039 OB<\/b><\/p>\n","protected":false},"excerpt":{"rendered":"<p>b&gt;Bermuda GOHA Beige da uomo Bermuda GOHA Beige sono la scelta perfetta per affrontare la stagione calda con stile e leggerezza, senza rinunciare al comfort. Realizzati in un mix fluido di 80% viscosa e 20% poliammide, offrono una vestibilit\u00e0 morbida e traspirante, ideale per accompagnarti durante le giornate pi\u00f9 dinamiche.Questi shorts da uomo adatti alla&#8230;<\/p>\n","protected":false},"featured_media":356831,"template":"","meta":{"inline_featured_image":false},"ss_brand":[1897],"ss_promo":[],"ss_season":[2531],"product_cat":[1332,1551,1714],"product_tag":[1993],"class_list":{"0":"post-356485","1":"product","2":"type-product","3":"status-publish","4":"has-post-thumbnail","6":"ss_brand-goha-uomo","7":"ss_season-pe26","8":"product_cat-abbigliamento-uomo","9":"product_cat-bermuda-da-uomo","10":"product_cat-collezione-uomo","11":"product_tag-nuovi-arrivi-uomo","13":"first","14":"instock","15":"shipping-taxable","16":"purchasable","17":"product-type-variable","18":"has-default-attributes"},"acf":{"ss_brand":[{"term_id":1897,"name":"GOHA","slug":"goha-uomo","term_group":0,"term_taxonomy_id":1897,"taxonomy":"ss_brand","description":"Abbigliamento uomo scontato Goha significa concedersi la qualit\u00e0, la ricercatezza, l\u2019eleganza di un brand che riesca a spiccare con stile e a proporsi a prezzi scontati appoggiandosi agli outlet Seconda Strada.","parent":1268,"count":302,"filter":"raw"}],"ss_promo":false,"ss_season":[{"term_id":2531,"name":"PE26","slug":"pe26","term_group":0,"term_taxonomy_id":2531,"taxonomy":"ss_season","description":"","parent":0,"count":1294,"filter":"raw"}],"ss_old_price":"0,00","ss_omnibus_price":"0,00","ss_style_advice":"<p>b>Bermuda GOHA Beige da uomo<\/b><br \/>\nBermuda GOHA Beige sono la scelta perfetta per affrontare la stagione calda con stile e leggerezza, senza rinunciare al comfort. Realizzati in un mix fluido di 80% viscosa e 20% poliammide, offrono una vestibilit\u00e0 morbida e traspirante, ideale per accompagnarti durante le giornate pi\u00f9 dinamiche.<br \/>Questi shorts da uomo adatti alla primavera estate si distinguono per il loro design pratico e contemporaneo. I tasconi frontali aggiungono funzionalit\u00e0 e carattere, mentre la vita elasticizzata con lacci garantisce una regolazione perfetta e una comodit\u00e0 assoluta. Il modello, alto 187 cm e con taglia L, indossa una vestibilit\u00e0 regolare che valorizza la silhouette senza costrizioni.<br \/>Perfetti da indossare nel tempo libero, sono ideali per momenti di relax, passeggiate o viaggi estivi. Puoi abbinarli facilmente a una t-shirt per un look casual e fresco, oppure scegliere una camicia leggera per uno stile pi\u00f9 curato ma sempre rilassato. Gli shorts con tasconi fontali, lacci, vita elasticizzata si adattano con naturalezza a diverse occasioni, rendendoli un capo indispensabile nel guardaroba estivo.<br \/>Il colore beige, neutro e versatile, permette di creare outfit sempre nuovi e facilmente abbinabili, donando un tocco elegante anche ai look pi\u00f9 informali.<br \/>Acquistando su SecondaStrada.com hai la sicurezza di scegliere prodotti originali e accuratamente selezionati. <b>Codice articolo: CV8039 OB<\/b><\/p>\n","ss_composition":"<p>80% viscosa, 20% poliammide<\/p>\n","ss_fit":"<p>Il modello \u00e8 alto 187 cm e veste la taglia L. La vestibilit\u00e0 del capo \u00e8 regolare.<\/p>\n"},"yoast_head":"<!-- This site is optimized with the Yoast SEO plugin v22.3 - https:\/\/yoast.com\/wordpress\/plugins\/seo\/ -->\n<title>Bermuda Goha Beige - Acquista online! - Seconda Strada<\/title>\n<meta name=\"description\" content=\"Bermuda Goha Beige \u27a4 Acquista online su Secondastrada.com Bermuda Goha Beige \u2714\ufe0f Spedizione veloce entro 24h in tutta Italia \u2714\ufe0f Sconto sul tuo primo acquisto\" \/>\n<meta name=\"robots\" content=\"index, follow, max-snippet:-1, max-image-preview:large, max-video-preview:-1\" \/>\n<link rel=\"canonical\" href=\"https:\/\/www.secondastrada.com\/it\/bermuda-goha-beige-2\/\" \/>\n<meta property=\"og:locale\" content=\"it_IT\" \/>\n<meta property=\"og:type\" content=\"article\" \/>\n<meta property=\"og:title\" content=\"Bermuda Goha Beige - Acquista online! - Seconda Strada\" \/>\n<meta property=\"og:description\" content=\"Bermuda Goha Beige \u27a4 Acquista online su Secondastrada.com Bermuda Goha Beige \u2714\ufe0f Spedizione veloce entro 24h in tutta Italia \u2714\ufe0f Sconto sul tuo primo acquisto\" \/>\n<meta property=\"og:url\" content=\"https:\/\/www.secondastrada.com\/it\/bermuda-goha-beige-2\/\" \/>\n<meta property=\"og:site_name\" content=\"Seconda Strada\" \/>\n<meta property=\"og:image\" content=\"https:\/\/www.secondastrada.com\/wp-content\/uploads\/2026\/04\/CV8039-OB_BEIGE_PE26_1.jpg\" \/>\n\t<meta property=\"og:image:width\" content=\"1000\" \/>\n\t<meta property=\"og:image:height\" content=\"1300\" \/>\n\t<meta property=\"og:image:type\" content=\"image\/jpeg\" \/>\n<meta name=\"twitter:card\" content=\"summary_large_image\" \/>\n<meta name=\"twitter:label1\" content=\"Tempo di lettura stimato\" \/>\n\t<meta name=\"twitter:data1\" content=\"1 minuto\" \/>\n<!-- \/ Yoast SEO plugin. -->","yoast_head_json":{"title":"Bermuda Goha Beige - Acquista online! - Seconda Strada","description":"Bermuda Goha Beige \u27a4 Acquista online su Secondastrada.com Bermuda Goha Beige \u2714\ufe0f Spedizione veloce entro 24h in tutta Italia \u2714\ufe0f Sconto sul tuo primo acquisto","robots":{"index":"index","follow":"follow","max-snippet":"max-snippet:-1","max-image-preview":"max-image-preview:large","max-video-preview":"max-video-preview:-1"},"canonical":"https:\/\/www.secondastrada.com\/it\/bermuda-goha-beige-2\/","og_locale":"it_IT","og_type":"article","og_title":"Bermuda Goha Beige - Acquista online! - Seconda Strada","og_description":"Bermuda Goha Beige \u27a4 Acquista online su Secondastrada.com Bermuda Goha Beige \u2714\ufe0f Spedizione veloce entro 24h in tutta Italia \u2714\ufe0f Sconto sul tuo primo acquisto","og_url":"https:\/\/www.secondastrada.com\/it\/bermuda-goha-beige-2\/","og_site_name":"Seconda Strada","og_image":[{"width":1000,"height":1300,"url":"https:\/\/www.secondastrada.com\/wp-content\/uploads\/2026\/04\/CV8039-OB_BEIGE_PE26_1.jpg","type":"image\/jpeg"}],"twitter_card":"summary_large_image","twitter_misc":{"Tempo di lettura stimato":"1 minuto"},"schema":{"@context":"https:\/\/schema.org","@graph":[{"@type":"WebPage","@id":"https:\/\/www.secondastrada.com\/it\/bermuda-goha-beige-2\/","url":"https:\/\/www.secondastrada.com\/it\/bermuda-goha-beige-2\/","name":"Bermuda Goha Beige - Acquista online! - Seconda Strada","isPartOf":{"@id":"https:\/\/www.secondastrada.com\/it\/#website"},"primaryImageOfPage":{"@id":"https:\/\/www.secondastrada.com\/it\/bermuda-goha-beige-2\/#primaryimage"},"image":{"@id":"https:\/\/www.secondastrada.com\/it\/bermuda-goha-beige-2\/#primaryimage"},"thumbnailUrl":"https:\/\/www.secondastrada.com\/wp-content\/uploads\/2026\/04\/CV8039-OB_BEIGE_PE26_1.jpg","datePublished":"2026-04-13T08:24:40+00:00","dateModified":"2026-04-13T08:24:40+00:00","description":"Bermuda Goha Beige \u27a4 Acquista online su Secondastrada.com Bermuda Goha Beige \u2714\ufe0f Spedizione veloce entro 24h in tutta Italia \u2714\ufe0f Sconto sul tuo primo acquisto","breadcrumb":{"@id":"https:\/\/www.secondastrada.com\/it\/bermuda-goha-beige-2\/#breadcrumb"},"inLanguage":"it-IT","potentialAction":[{"@type":"ReadAction","target":["https:\/\/www.secondastrada.com\/it\/bermuda-goha-beige-2\/"]}]},{"@type":"ImageObject","inLanguage":"it-IT","@id":"https:\/\/www.secondastrada.com\/it\/bermuda-goha-beige-2\/#primaryimage","url":"https:\/\/www.secondastrada.com\/wp-content\/uploads\/2026\/04\/CV8039-OB_BEIGE_PE26_1.jpg","contentUrl":"https:\/\/www.secondastrada.com\/wp-content\/uploads\/2026\/04\/CV8039-OB_BEIGE_PE26_1.jpg","width":1000,"height":1300,"caption":"CV8039-OB_BEIGE_PE26"},{"@type":"BreadcrumbList","@id":"https:\/\/www.secondastrada.com\/it\/bermuda-goha-beige-2\/#breadcrumb","itemListElement":[{"@type":"ListItem","position":1,"name":"Home","item":"https:\/\/www.secondastrada.com\/it\/"},{"@type":"ListItem","position":2,"name":"Shop","item":"https:\/\/www.secondastrada.com\/it\/shop\/"},{"@type":"ListItem","position":3,"name":"Uomo","item":"https:\/\/www.secondastrada.com\/it\/collezione-uomo\/"},{"@type":"ListItem","position":4,"name":"Abbigliamento","item":"https:\/\/www.secondastrada.com\/it\/collezione-uomo\/abbigliamento-uomo\/"},{"@type":"ListItem","position":5,"name":"Bermuda","item":"https:\/\/www.secondastrada.com\/it\/collezione-uomo\/abbigliamento-uomo\/bermuda-da-uomo\/"},{"@type":"ListItem","position":6,"name":"Bermuda Goha Beige"}]},{"@type":"WebSite","@id":"https:\/\/www.secondastrada.com\/it\/#website","url":"https:\/\/www.secondastrada.com\/it\/","name":"Seconda Strada","description":"","publisher":{"@id":"https:\/\/www.secondastrada.com\/it\/#organization"},"potentialAction":[{"@type":"SearchAction","target":{"@type":"EntryPoint","urlTemplate":"https:\/\/www.secondastrada.com\/it\/?s={search_term_string}"},"query-input":"required name=search_term_string"}],"inLanguage":"it-IT"},{"@type":"Organization","@id":"https:\/\/www.secondastrada.com\/it\/#organization","name":"Seconda Strada","url":"https:\/\/www.secondastrada.com\/it\/","logo":{"@type":"ImageObject","inLanguage":"it-IT","@id":"https:\/\/www.secondastrada.com\/it\/#\/schema\/logo\/image\/","url":"https:\/\/www.secondastrada.com\/wp-content\/uploads\/2023\/11\/secondastrada-logo.svg","contentUrl":"https:\/\/www.secondastrada.com\/wp-content\/uploads\/2023\/11\/secondastrada-logo.svg","width":353,"height":47,"caption":"Seconda Strada"},"image":{"@id":"https:\/\/www.secondastrada.com\/it\/#\/schema\/logo\/image\/"}}]}},"df_price":59.99,"df_sale_price":"","df_regular_price":59.99,"df_image_link":"https:\/\/www.secondastrada.com\/wp-content\/uploads\/2026\/04\/CV8039-OB_BEIGE_PE26_1-300x300.jpg","_links":{"self":[{"href":"https:\/\/www.secondastrada.com\/it\/wp-json\/wp\/v2\/product\/356485"}],"collection":[{"href":"https:\/\/www.secondastrada.com\/it\/wp-json\/wp\/v2\/product"}],"about":[{"href":"https:\/\/www.secondastrada.com\/it\/wp-json\/wp\/v2\/types\/product"}],"wp:featuredmedia":[{"embeddable":true,"href":"https:\/\/www.secondastrada.com\/it\/wp-json\/wp\/v2\/media\/356831"}],"wp:attachment":[{"href":"https:\/\/www.secondastrada.com\/it\/wp-json\/wp\/v2\/media?parent=356485"}],"wp:term":[{"taxonomy":"ss_brand","embeddable":true,"href":"https:\/\/www.secondastrada.com\/it\/wp-json\/wp\/v2\/ss_brand?post=356485"},{"taxonomy":"ss_promo","embeddable":true,"href":"https:\/\/www.secondastrada.com\/it\/wp-json\/wp\/v2\/ss_promo?post=356485"},{"taxonomy":"ss_season","embeddable":true,"href":"https:\/\/www.secondastrada.com\/it\/wp-json\/wp\/v2\/ss_season?post=356485"},{"taxonomy":"product_cat","embeddable":true,"href":"https:\/\/www.secondastrada.com\/it\/wp-json\/wp\/v2\/product_cat?post=356485"},{"taxonomy":"product_tag","embeddable":true,"href":"https:\/\/www.secondastrada.com\/it\/wp-json\/wp\/v2\/product_tag?post=356485"}],"curies":[{"name":"wp","href":"https:\/\/api.w.org\/{rel}","templated":true}]}}