{"id":356852,"date":"2026-04-13T08:59:34","date_gmt":"2026-04-13T06:59:34","guid":{"rendered":"https:\/\/www.secondastrada.com\/it\/pantaloni-yes-zee-beige-17\/"},"modified":"2026-04-13T09:01:46","modified_gmt":"2026-04-13T07:01:46","slug":"pantaloni-yes-zee-beige-17","status":"publish","type":"product","link":"https:\/\/www.secondastrada.com\/it\/pantaloni-yes-zee-beige-17\/","title":{"rendered":"Pantaloni Yes Zee Beige"},"content":{"rendered":"<p>Pantaloni in simil velluto total beige, con tasche a taglio trasversale sul fronte e tasche a fessura sul retro. La vestibilit\u00e0 \u00e8 morbida e pratica grazie a bottone pi\u00f9 zip e coulisse con cordino. I pantaloni sono adatti per occasioni casual e facilmente combinabili. Aggiungili al tuo guardaroba e saprai sempre cosa indossare.<br \/>Cod. art. P660 PU00 OA<br \/>Vi ricordiamo che tutti i nostri articoli sono originali.<\/p>\n","protected":false},"excerpt":{"rendered":"<p>Pantaloni in simil velluto total beige, con tasche a taglio trasversale sul fronte e tasche a fessura sul retro. La vestibilit\u00e0 \u00e8 morbida e pratica grazie a bottone pi\u00f9 zip e coulisse con cordino. I pantaloni sono adatti per occasioni casual e facilmente combinabili. Aggiungili al tuo guardaroba e saprai sempre cosa indossare.Cod. art. P660&#8230;<\/p>\n","protected":false},"featured_media":308105,"template":"","meta":{"inline_featured_image":false},"ss_brand":[1280],"ss_promo":[2182],"ss_season":[2431],"product_cat":[1332,1484,1714],"product_tag":[1732],"class_list":{"0":"post-356852","1":"product","2":"type-product","3":"status-publish","4":"has-post-thumbnail","6":"ss_brand-yes-zee-uomo","7":"ss_promo-ultime-occasioni-uomo","8":"ss_season-ai25","9":"product_cat-abbigliamento-uomo","10":"product_cat-pantaloni-da-uomo","11":"product_cat-collezione-uomo","12":"product_tag-pantaloni-yes-zee-uomo","14":"first","15":"instock","16":"sale","17":"shipping-taxable","18":"purchasable","19":"product-type-variable","20":"has-default-attributes"},"acf":{"ss_brand":[{"term_id":1280,"name":"YES ZEE","slug":"yes-zee-uomo","term_group":0,"term_taxonomy_id":1280,"taxonomy":"ss_brand","description":"Non un semplice marchio di <strong>abbigliamento da uomo<\/strong>: <strong>Yes Zee<\/strong> \u00e8 il brand perfetto per rivoluzionare con stile tutti i tuoi look metropolitani! Scopri subito le offerte esclusive del nostro store online e acquista <strong>Yes zee da uomo a prezzi scontatissimi<\/strong>.","parent":1268,"count":454,"filter":"raw"}],"ss_promo":[2182],"ss_season":[{"term_id":2431,"name":"AI25","slug":"ai25","term_group":0,"term_taxonomy_id":2431,"taxonomy":"ss_season","description":"","parent":0,"count":2137,"filter":"raw"}],"ss_old_price":"0,00","ss_omnibus_price":"0,00","ss_style_advice":"<p>Pantaloni in simil velluto total beige, con tasche a taglio trasversale sul fronte e tasche a fessura sul retro. La vestibilit\u00e0 \u00e8 morbida e pratica grazie a bottone pi\u00f9 zip e coulisse con cordino. I pantaloni sono adatti per occasioni casual e facilmente combinabili. Aggiungili al tuo guardaroba e saprai sempre cosa indossare.<br \/>Cod. art. P660 PU00 OA<br \/>Vi ricordiamo che tutti i nostri articoli sono originali.<\/p>\n","ss_composition":"<p>98% cotone 2% elastane<\/p>\n","ss_fit":"<p>Il modello \u00e8 alto 187 cm e indossa la taglia 33 US corrispondente alla 46\/48 italiana. La vestibilit\u00e0 del capo \u00e8 regolare.<\/p>\n"},"yoast_head":"<!-- This site is optimized with the Yoast SEO plugin v22.3 - https:\/\/yoast.com\/wordpress\/plugins\/seo\/ -->\n<title>Pantaloni Yes Zee Beige - Acquista online! - Seconda Strada<\/title>\n<meta name=\"description\" content=\"Pantaloni Yes Zee Beige \u27a4 Acquista online su Secondastrada.com Pantaloni Yes Zee Beige \u2714\ufe0f Spedizione veloce entro 24h in tutta Italia \u2714\ufe0f Sconto sul tuo primo acquisto\" \/>\n<meta name=\"robots\" content=\"index, follow, max-snippet:-1, max-image-preview:large, max-video-preview:-1\" \/>\n<link rel=\"canonical\" href=\"https:\/\/www.secondastrada.com\/it\/pantaloni-yes-zee-beige-17\/\" \/>\n<meta property=\"og:locale\" content=\"it_IT\" \/>\n<meta property=\"og:type\" content=\"article\" \/>\n<meta property=\"og:title\" content=\"Pantaloni Yes Zee Beige - Acquista online! - Seconda Strada\" \/>\n<meta property=\"og:description\" content=\"Pantaloni Yes Zee Beige \u27a4 Acquista online su Secondastrada.com Pantaloni Yes Zee Beige \u2714\ufe0f Spedizione veloce entro 24h in tutta Italia \u2714\ufe0f Sconto sul tuo primo acquisto\" \/>\n<meta property=\"og:url\" content=\"https:\/\/www.secondastrada.com\/it\/pantaloni-yes-zee-beige-17\/\" \/>\n<meta property=\"og:site_name\" content=\"Seconda Strada\" \/>\n<meta property=\"article:modified_time\" content=\"2026-04-13T07:01:46+00:00\" \/>\n<meta name=\"twitter:card\" content=\"summary_large_image\" \/>\n<!-- \/ Yoast SEO plugin. -->","yoast_head_json":{"title":"Pantaloni Yes Zee Beige - Acquista online! - Seconda Strada","description":"Pantaloni Yes Zee Beige \u27a4 Acquista online su Secondastrada.com Pantaloni Yes Zee Beige \u2714\ufe0f Spedizione veloce entro 24h in tutta Italia \u2714\ufe0f Sconto sul tuo primo acquisto","robots":{"index":"index","follow":"follow","max-snippet":"max-snippet:-1","max-image-preview":"max-image-preview:large","max-video-preview":"max-video-preview:-1"},"canonical":"https:\/\/www.secondastrada.com\/it\/pantaloni-yes-zee-beige-17\/","og_locale":"it_IT","og_type":"article","og_title":"Pantaloni Yes Zee Beige - Acquista online! - Seconda Strada","og_description":"Pantaloni Yes Zee Beige \u27a4 Acquista online su Secondastrada.com Pantaloni Yes Zee Beige \u2714\ufe0f Spedizione veloce entro 24h in tutta Italia \u2714\ufe0f Sconto sul tuo primo acquisto","og_url":"https:\/\/www.secondastrada.com\/it\/pantaloni-yes-zee-beige-17\/","og_site_name":"Seconda Strada","article_modified_time":"2026-04-13T07:01:46+00:00","twitter_card":"summary_large_image","schema":{"@context":"https:\/\/schema.org","@graph":[{"@type":"WebPage","@id":"https:\/\/www.secondastrada.com\/it\/pantaloni-yes-zee-beige-17\/","url":"https:\/\/www.secondastrada.com\/it\/pantaloni-yes-zee-beige-17\/","name":"Pantaloni Yes Zee Beige - Acquista online! - Seconda Strada","isPartOf":{"@id":"https:\/\/www.secondastrada.com\/it\/#website"},"primaryImageOfPage":{"@id":"https:\/\/www.secondastrada.com\/it\/pantaloni-yes-zee-beige-17\/#primaryimage"},"image":{"@id":"https:\/\/www.secondastrada.com\/it\/pantaloni-yes-zee-beige-17\/#primaryimage"},"thumbnailUrl":"https:\/\/www.secondastrada.com\/wp-content\/uploads\/2025\/10\/P660-PU00-OA_BEIGE_AI25_1.jpg","datePublished":"2026-04-13T06:59:34+00:00","dateModified":"2026-04-13T07:01:46+00:00","description":"Pantaloni Yes Zee Beige \u27a4 Acquista online su Secondastrada.com Pantaloni Yes Zee Beige \u2714\ufe0f Spedizione veloce entro 24h in tutta Italia \u2714\ufe0f Sconto sul tuo primo acquisto","breadcrumb":{"@id":"https:\/\/www.secondastrada.com\/it\/pantaloni-yes-zee-beige-17\/#breadcrumb"},"inLanguage":"it-IT","potentialAction":[{"@type":"ReadAction","target":["https:\/\/www.secondastrada.com\/it\/pantaloni-yes-zee-beige-17\/"]}]},{"@type":"ImageObject","inLanguage":"it-IT","@id":"https:\/\/www.secondastrada.com\/it\/pantaloni-yes-zee-beige-17\/#primaryimage","url":"https:\/\/www.secondastrada.com\/wp-content\/uploads\/2025\/10\/P660-PU00-OA_BEIGE_AI25_1.jpg","contentUrl":"https:\/\/www.secondastrada.com\/wp-content\/uploads\/2025\/10\/P660-PU00-OA_BEIGE_AI25_1.jpg","width":1000,"height":1300,"caption":"P660-PU00-OA_BEIGE_AI25"},{"@type":"BreadcrumbList","@id":"https:\/\/www.secondastrada.com\/it\/pantaloni-yes-zee-beige-17\/#breadcrumb","itemListElement":[{"@type":"ListItem","position":1,"name":"Home","item":"https:\/\/www.secondastrada.com\/it\/"},{"@type":"ListItem","position":2,"name":"Shop","item":"https:\/\/www.secondastrada.com\/it\/shop\/"},{"@type":"ListItem","position":3,"name":"Pantaloni Yes Zee Beige"}]},{"@type":"WebSite","@id":"https:\/\/www.secondastrada.com\/it\/#website","url":"https:\/\/www.secondastrada.com\/it\/","name":"Seconda Strada","description":"","publisher":{"@id":"https:\/\/www.secondastrada.com\/it\/#organization"},"potentialAction":[{"@type":"SearchAction","target":{"@type":"EntryPoint","urlTemplate":"https:\/\/www.secondastrada.com\/it\/?s={search_term_string}"},"query-input":"required name=search_term_string"}],"inLanguage":"it-IT"},{"@type":"Organization","@id":"https:\/\/www.secondastrada.com\/it\/#organization","name":"Seconda Strada","url":"https:\/\/www.secondastrada.com\/it\/","logo":{"@type":"ImageObject","inLanguage":"it-IT","@id":"https:\/\/www.secondastrada.com\/it\/#\/schema\/logo\/image\/","url":"https:\/\/www.secondastrada.com\/wp-content\/uploads\/2023\/11\/secondastrada-logo.svg","contentUrl":"https:\/\/www.secondastrada.com\/wp-content\/uploads\/2023\/11\/secondastrada-logo.svg","width":353,"height":47,"caption":"Seconda Strada"},"image":{"@id":"https:\/\/www.secondastrada.com\/it\/#\/schema\/logo\/image\/"}}]}},"df_price":27.96,"df_sale_price":"","df_regular_price":27.96,"df_image_link":"https:\/\/www.secondastrada.com\/wp-content\/uploads\/2025\/10\/P660-PU00-OA_BEIGE_AI25_1-300x300.jpg","_links":{"self":[{"href":"https:\/\/www.secondastrada.com\/it\/wp-json\/wp\/v2\/product\/356852"}],"collection":[{"href":"https:\/\/www.secondastrada.com\/it\/wp-json\/wp\/v2\/product"}],"about":[{"href":"https:\/\/www.secondastrada.com\/it\/wp-json\/wp\/v2\/types\/product"}],"wp:featuredmedia":[{"embeddable":true,"href":"https:\/\/www.secondastrada.com\/it\/wp-json\/wp\/v2\/media\/308105"}],"wp:attachment":[{"href":"https:\/\/www.secondastrada.com\/it\/wp-json\/wp\/v2\/media?parent=356852"}],"wp:term":[{"taxonomy":"ss_brand","embeddable":true,"href":"https:\/\/www.secondastrada.com\/it\/wp-json\/wp\/v2\/ss_brand?post=356852"},{"taxonomy":"ss_promo","embeddable":true,"href":"https:\/\/www.secondastrada.com\/it\/wp-json\/wp\/v2\/ss_promo?post=356852"},{"taxonomy":"ss_season","embeddable":true,"href":"https:\/\/www.secondastrada.com\/it\/wp-json\/wp\/v2\/ss_season?post=356852"},{"taxonomy":"product_cat","embeddable":true,"href":"https:\/\/www.secondastrada.com\/it\/wp-json\/wp\/v2\/product_cat?post=356852"},{"taxonomy":"product_tag","embeddable":true,"href":"https:\/\/www.secondastrada.com\/it\/wp-json\/wp\/v2\/product_tag?post=356852"}],"curies":[{"name":"wp","href":"https:\/\/api.w.org\/{rel}","templated":true}]}}