{"id":357158,"date":"2026-04-13T13:23:56","date_gmt":"2026-04-13T11:23:56","guid":{"rendered":"https:\/\/www.secondastrada.com\/it\/polo-fred-mello-verde-3\/"},"modified":"2026-04-14T10:40:28","modified_gmt":"2026-04-14T08:40:28","slug":"polo-fred-mello-verde-3","status":"publish","type":"product","link":"https:\/\/www.secondastrada.com\/it\/polo-fred-mello-verde-3\/","title":{"rendered":"Polo Fred Mello Verde"},"content":{"rendered":"<p><b>Polo FRED MELLO Verde da uomo<\/b><br \/>\nLa Polo FRED MELLO Verde \u00e8 il capo ideale per chi cerca uno stile versatile e contemporaneo, perfetto da indossare in ogni stagione. Realizzata in un confortevole mix di 95% cotone e 5% elastina, assicura morbidezza al tatto e una leggera elasticit\u00e0 che segue i movimenti, garantendo praticit\u00e0 durante tutta la giornata.<br \/>Questa polo da uomo adatta in tutte le stagioni si distingue per i dettagli ricercati: il collo e le maniche con bande a contrasto aggiungono un tocco dinamico al design, mentre il logo ricamato firma il capo con discrezione e autenticit\u00e0. La vestibilit\u00e0 regolare offre un equilibrio perfetto tra comfort e stile: il modello \u00e8 alto 187 cm e indossa una taglia L.<br \/>Ideale da indossare nel tempo libero, per una passeggiata in citt\u00e0 o per occasioni informali, questa polo si adatta facilmente a diversi momenti della giornata. Puoi abbinarla a jeans e sneakers per un look casual e rilassato, oppure scegliere pantaloni chino per un outfit pi\u00f9 ordinato ma sempre disinvolto.<br \/>La Polo con collo e maniche con bande a contrasto , logo ricamato rappresenta una scelta pratica ma distintiva, pensata per chi desidera un capo semplice ma curato nei dettagli.<br \/>Acquistando su SecondaStrada.com hai la garanzia di ricevere un prodotto originale. Codice articolo: FM26S07QU SB.<\/p>\n","protected":false},"excerpt":{"rendered":"<p>Polo FRED MELLO Verde da uomo La Polo FRED MELLO Verde \u00e8 il capo ideale per chi cerca uno stile versatile e contemporaneo, perfetto da indossare in ogni stagione. Realizzata in un confortevole mix di 95% cotone e 5% elastina, assicura morbidezza al tatto e una leggera elasticit\u00e0 che segue i movimenti, garantendo praticit\u00e0 durante&#8230;<\/p>\n","protected":false},"featured_media":356979,"template":"","meta":{"inline_featured_image":false},"ss_brand":[1277],"ss_promo":[],"ss_season":[2531],"product_cat":[1332,1481,1714],"product_tag":[2408,2409,1993],"class_list":{"0":"post-357158","1":"product","2":"type-product","3":"status-publish","4":"has-post-thumbnail","6":"ss_brand-fred-mello-uomo","7":"ss_season-pe26","8":"product_cat-abbigliamento-uomo","9":"product_cat-polo-da-uomo","10":"product_cat-collezione-uomo","11":"product_tag-look-da-festa-uomo","12":"product_tag-look-da-sabato-sera-uomo","13":"product_tag-nuovi-arrivi-uomo","15":"first","16":"instock","17":"shipping-taxable","18":"purchasable","19":"product-type-variable","20":"has-default-attributes"},"acf":{"ss_brand":[{"term_id":1277,"name":"FRED MELLO","slug":"fred-mello-uomo","term_group":0,"term_taxonomy_id":1277,"taxonomy":"ss_brand","description":"Collezioni ricercate e mix di texture particolari rendono <strong>Fred Mello<\/strong> il brand d\u2019abbigliamento maschile perfetto per i veri fashionisti! Scopri tutte le collezioni e le offerte esclusive!\u00a0Acquista online su SecondaStrada.com <strong>abbigliamento da uomo Fred Mello scontatissimo<\/strong>!","parent":1268,"count":202,"filter":"raw"}],"ss_promo":false,"ss_season":[{"term_id":2531,"name":"PE26","slug":"pe26","term_group":0,"term_taxonomy_id":2531,"taxonomy":"ss_season","description":"","parent":0,"count":1294,"filter":"raw"}],"ss_old_price":"49,90","ss_omnibus_price":"0,00","ss_style_advice":"<p><b>Polo FRED MELLO Verde da uomo<\/b><br \/>\nLa Polo FRED MELLO Verde \u00e8 il capo ideale per chi cerca uno stile versatile e contemporaneo, perfetto da indossare in ogni stagione. Realizzata in un confortevole mix di 95% cotone e 5% elastina, assicura morbidezza al tatto e una leggera elasticit\u00e0 che segue i movimenti, garantendo praticit\u00e0 durante tutta la giornata.<br \/>Questa polo da uomo adatta in tutte le stagioni si distingue per i dettagli ricercati: il collo e le maniche con bande a contrasto aggiungono un tocco dinamico al design, mentre il logo ricamato firma il capo con discrezione e autenticit\u00e0. La vestibilit\u00e0 regolare offre un equilibrio perfetto tra comfort e stile: il modello \u00e8 alto 187 cm e indossa una taglia L.<br \/>Ideale da indossare nel tempo libero, per una passeggiata in citt\u00e0 o per occasioni informali, questa polo si adatta facilmente a diversi momenti della giornata. Puoi abbinarla a jeans e sneakers per un look casual e rilassato, oppure scegliere pantaloni chino per un outfit pi\u00f9 ordinato ma sempre disinvolto.<br \/>La Polo con collo e maniche con bande a contrasto , logo ricamato rappresenta una scelta pratica ma distintiva, pensata per chi desidera un capo semplice ma curato nei dettagli.<br \/>Acquistando su SecondaStrada.com hai la garanzia di ricevere un prodotto originale. Codice articolo: FM26S07QU SB.<\/p>\n","ss_composition":"<p>95% cotone 5% elastina<\/p>\n","ss_fit":"<p>Il modello \u00e8 alto 187 cm e veste la taglia L. La vestibilit\u00e0 del capo \u00e8 regolare.<\/p>\n"},"yoast_head":"<!-- This site is optimized with the Yoast SEO plugin v22.3 - https:\/\/yoast.com\/wordpress\/plugins\/seo\/ -->\n<title>Polo Fred Mello Verde - Acquista online! - Seconda Strada<\/title>\n<meta name=\"description\" content=\"Polo Fred Mello Verde \u27a4 Acquista online su Secondastrada.com Polo Fred Mello Verde \u2714\ufe0f Spedizione veloce entro 24h in tutta Italia \u2714\ufe0f Sconto sul tuo primo acquisto\" \/>\n<meta name=\"robots\" content=\"index, follow, max-snippet:-1, max-image-preview:large, max-video-preview:-1\" \/>\n<link rel=\"canonical\" href=\"https:\/\/www.secondastrada.com\/it\/polo-fred-mello-verde-3\/\" \/>\n<meta property=\"og:locale\" content=\"it_IT\" \/>\n<meta property=\"og:type\" content=\"article\" \/>\n<meta property=\"og:title\" content=\"Polo Fred Mello Verde - Acquista online! - Seconda Strada\" \/>\n<meta property=\"og:description\" content=\"Polo Fred Mello Verde \u27a4 Acquista online su Secondastrada.com Polo Fred Mello Verde \u2714\ufe0f Spedizione veloce entro 24h in tutta Italia \u2714\ufe0f Sconto sul tuo primo acquisto\" \/>\n<meta property=\"og:url\" content=\"https:\/\/www.secondastrada.com\/it\/polo-fred-mello-verde-3\/\" \/>\n<meta property=\"og:site_name\" content=\"Seconda Strada\" \/>\n<meta property=\"article:modified_time\" content=\"2026-04-14T08:40:28+00:00\" \/>\n<meta property=\"og:image\" content=\"https:\/\/www.secondastrada.com\/wp-content\/uploads\/2026\/04\/FM26S07QU-SB_ATLANTIC_PE26_1.jpg\" \/>\n\t<meta property=\"og:image:width\" content=\"1000\" \/>\n\t<meta property=\"og:image:height\" content=\"1300\" \/>\n\t<meta property=\"og:image:type\" content=\"image\/jpeg\" \/>\n<meta name=\"twitter:card\" content=\"summary_large_image\" \/>\n<meta name=\"twitter:label1\" content=\"Tempo di lettura stimato\" \/>\n\t<meta name=\"twitter:data1\" content=\"1 minuto\" \/>\n<!-- \/ Yoast SEO plugin. -->","yoast_head_json":{"title":"Polo Fred Mello Verde - Acquista online! - Seconda Strada","description":"Polo Fred Mello Verde \u27a4 Acquista online su Secondastrada.com Polo Fred Mello Verde \u2714\ufe0f Spedizione veloce entro 24h in tutta Italia \u2714\ufe0f Sconto sul tuo primo acquisto","robots":{"index":"index","follow":"follow","max-snippet":"max-snippet:-1","max-image-preview":"max-image-preview:large","max-video-preview":"max-video-preview:-1"},"canonical":"https:\/\/www.secondastrada.com\/it\/polo-fred-mello-verde-3\/","og_locale":"it_IT","og_type":"article","og_title":"Polo Fred Mello Verde - Acquista online! - Seconda Strada","og_description":"Polo Fred Mello Verde \u27a4 Acquista online su Secondastrada.com Polo Fred Mello Verde \u2714\ufe0f Spedizione veloce entro 24h in tutta Italia \u2714\ufe0f Sconto sul tuo primo acquisto","og_url":"https:\/\/www.secondastrada.com\/it\/polo-fred-mello-verde-3\/","og_site_name":"Seconda Strada","article_modified_time":"2026-04-14T08:40:28+00:00","og_image":[{"width":1000,"height":1300,"url":"https:\/\/www.secondastrada.com\/wp-content\/uploads\/2026\/04\/FM26S07QU-SB_ATLANTIC_PE26_1.jpg","type":"image\/jpeg"}],"twitter_card":"summary_large_image","twitter_misc":{"Tempo di lettura stimato":"1 minuto"},"schema":{"@context":"https:\/\/schema.org","@graph":[{"@type":"WebPage","@id":"https:\/\/www.secondastrada.com\/it\/polo-fred-mello-verde-3\/","url":"https:\/\/www.secondastrada.com\/it\/polo-fred-mello-verde-3\/","name":"Polo Fred Mello Verde - Acquista online! - Seconda Strada","isPartOf":{"@id":"https:\/\/www.secondastrada.com\/it\/#website"},"primaryImageOfPage":{"@id":"https:\/\/www.secondastrada.com\/it\/polo-fred-mello-verde-3\/#primaryimage"},"image":{"@id":"https:\/\/www.secondastrada.com\/it\/polo-fred-mello-verde-3\/#primaryimage"},"thumbnailUrl":"https:\/\/www.secondastrada.com\/wp-content\/uploads\/2026\/04\/FM26S07QU-SB_ATLANTIC_PE26_1.jpg","datePublished":"2026-04-13T11:23:56+00:00","dateModified":"2026-04-14T08:40:28+00:00","description":"Polo Fred Mello Verde \u27a4 Acquista online su Secondastrada.com Polo Fred Mello Verde \u2714\ufe0f Spedizione veloce entro 24h in tutta Italia \u2714\ufe0f Sconto sul tuo primo acquisto","breadcrumb":{"@id":"https:\/\/www.secondastrada.com\/it\/polo-fred-mello-verde-3\/#breadcrumb"},"inLanguage":"it-IT","potentialAction":[{"@type":"ReadAction","target":["https:\/\/www.secondastrada.com\/it\/polo-fred-mello-verde-3\/"]}]},{"@type":"ImageObject","inLanguage":"it-IT","@id":"https:\/\/www.secondastrada.com\/it\/polo-fred-mello-verde-3\/#primaryimage","url":"https:\/\/www.secondastrada.com\/wp-content\/uploads\/2026\/04\/FM26S07QU-SB_ATLANTIC_PE26_1.jpg","contentUrl":"https:\/\/www.secondastrada.com\/wp-content\/uploads\/2026\/04\/FM26S07QU-SB_ATLANTIC_PE26_1.jpg","width":1000,"height":1300,"caption":"FM26S07QU-SB_ATLANTIC_PE26"},{"@type":"BreadcrumbList","@id":"https:\/\/www.secondastrada.com\/it\/polo-fred-mello-verde-3\/#breadcrumb","itemListElement":[{"@type":"ListItem","position":1,"name":"Home","item":"https:\/\/www.secondastrada.com\/it\/"},{"@type":"ListItem","position":2,"name":"Shop","item":"https:\/\/www.secondastrada.com\/it\/shop\/"},{"@type":"ListItem","position":3,"name":"Uomo","item":"https:\/\/www.secondastrada.com\/it\/collezione-uomo\/"},{"@type":"ListItem","position":4,"name":"Abbigliamento","item":"https:\/\/www.secondastrada.com\/it\/collezione-uomo\/abbigliamento-uomo\/"},{"@type":"ListItem","position":5,"name":"Polo","item":"https:\/\/www.secondastrada.com\/it\/collezione-uomo\/abbigliamento-uomo\/polo-da-uomo\/"},{"@type":"ListItem","position":6,"name":"Polo Fred Mello Verde"}]},{"@type":"WebSite","@id":"https:\/\/www.secondastrada.com\/it\/#website","url":"https:\/\/www.secondastrada.com\/it\/","name":"Seconda Strada","description":"","publisher":{"@id":"https:\/\/www.secondastrada.com\/it\/#organization"},"potentialAction":[{"@type":"SearchAction","target":{"@type":"EntryPoint","urlTemplate":"https:\/\/www.secondastrada.com\/it\/?s={search_term_string}"},"query-input":"required name=search_term_string"}],"inLanguage":"it-IT"},{"@type":"Organization","@id":"https:\/\/www.secondastrada.com\/it\/#organization","name":"Seconda Strada","url":"https:\/\/www.secondastrada.com\/it\/","logo":{"@type":"ImageObject","inLanguage":"it-IT","@id":"https:\/\/www.secondastrada.com\/it\/#\/schema\/logo\/image\/","url":"https:\/\/www.secondastrada.com\/wp-content\/uploads\/2023\/11\/secondastrada-logo.svg","contentUrl":"https:\/\/www.secondastrada.com\/wp-content\/uploads\/2023\/11\/secondastrada-logo.svg","width":353,"height":47,"caption":"Seconda Strada"},"image":{"@id":"https:\/\/www.secondastrada.com\/it\/#\/schema\/logo\/image\/"}}]}},"df_price":34.99,"df_sale_price":"","df_regular_price":34.99,"df_image_link":"https:\/\/www.secondastrada.com\/wp-content\/uploads\/2026\/04\/FM26S07QU-SB_ATLANTIC_PE26_1-300x300.jpg","_links":{"self":[{"href":"https:\/\/www.secondastrada.com\/it\/wp-json\/wp\/v2\/product\/357158"}],"collection":[{"href":"https:\/\/www.secondastrada.com\/it\/wp-json\/wp\/v2\/product"}],"about":[{"href":"https:\/\/www.secondastrada.com\/it\/wp-json\/wp\/v2\/types\/product"}],"wp:featuredmedia":[{"embeddable":true,"href":"https:\/\/www.secondastrada.com\/it\/wp-json\/wp\/v2\/media\/356979"}],"wp:attachment":[{"href":"https:\/\/www.secondastrada.com\/it\/wp-json\/wp\/v2\/media?parent=357158"}],"wp:term":[{"taxonomy":"ss_brand","embeddable":true,"href":"https:\/\/www.secondastrada.com\/it\/wp-json\/wp\/v2\/ss_brand?post=357158"},{"taxonomy":"ss_promo","embeddable":true,"href":"https:\/\/www.secondastrada.com\/it\/wp-json\/wp\/v2\/ss_promo?post=357158"},{"taxonomy":"ss_season","embeddable":true,"href":"https:\/\/www.secondastrada.com\/it\/wp-json\/wp\/v2\/ss_season?post=357158"},{"taxonomy":"product_cat","embeddable":true,"href":"https:\/\/www.secondastrada.com\/it\/wp-json\/wp\/v2\/product_cat?post=357158"},{"taxonomy":"product_tag","embeddable":true,"href":"https:\/\/www.secondastrada.com\/it\/wp-json\/wp\/v2\/product_tag?post=357158"}],"curies":[{"name":"wp","href":"https:\/\/api.w.org\/{rel}","templated":true}]}}