{"id":357312,"date":"2026-04-13T13:38:23","date_gmt":"2026-04-13T11:38:23","guid":{"rendered":"https:\/\/www.secondastrada.com\/it\/polo-fred-mello-bianca-2\/"},"modified":"2026-04-14T10:40:09","modified_gmt":"2026-04-14T08:40:09","slug":"polo-fred-mello-bianca-2","status":"publish","type":"product","link":"https:\/\/www.secondastrada.com\/it\/polo-fred-mello-bianca-2\/","title":{"rendered":"Polo Fred Mello Bianca"},"content":{"rendered":"<p><b>Polo FRED MELLO Bianca da uomo<\/b><br \/>\nLa Polo FRED MELLO Bianca \u00e8 il capo perfetto per chi desidera uno stile pulito ma distintivo, ideale da indossare in ogni stagione. Realizzata in 100% cotone, assicura comfort, traspirabilit\u00e0 e una piacevole sensazione sulla pelle, accompagnandoti con naturalezza durante tutta la giornata.<br \/>Questa polo da uomo adatta in tutte le stagioni si distingue per il suo design raffinato: il collo in tessuto a contrasto dona un tocco moderno e originale, mentre il ricamo aggiunge un dettaglio discreto ma riconoscibile. Il colore bianco, luminoso e versatile, permette di creare facilmente abbinamenti sempre diversi. La vestibilit\u00e0 regolare garantisce un fit comodo e armonioso: il modello \u00e8 alto 187 cm e indossa una taglia L.<br \/>Perfetta da indossare nel tempo libero, per una giornata in citt\u00e0 o per un\u2019uscita informale, questa polo si adatta a molteplici occasioni. Puoi abbinarla con jeans e sneakers per un look casual e dinamico, oppure con pantaloni chino per uno stile pi\u00f9 curato ma sempre rilassato.<br \/>La Polo con collo in tessuto a contrasto , ricamo \u00e8 una scelta ideale per chi cerca un capo pratico ma con personalit\u00e0, capace di valorizzare anche gli outfit pi\u00f9 semplici.<br \/>Acquistando su SecondaStrada.com hai la garanzia di scegliere prodotti originali. Codice articolo: FM26S18QC SB.<\/p>\n","protected":false},"excerpt":{"rendered":"<p>Polo FRED MELLO Bianca da uomo La Polo FRED MELLO Bianca \u00e8 il capo perfetto per chi desidera uno stile pulito ma distintivo, ideale da indossare in ogni stagione. Realizzata in 100% cotone, assicura comfort, traspirabilit\u00e0 e una piacevole sensazione sulla pelle, accompagnandoti con naturalezza durante tutta la giornata.Questa polo da uomo adatta in tutte&#8230;<\/p>\n","protected":false},"featured_media":356948,"template":"","meta":{"inline_featured_image":false},"ss_brand":[1277],"ss_promo":[],"ss_season":[2531],"product_cat":[1332,1481,1714],"product_tag":[2408,2409,1993],"class_list":{"0":"post-357312","1":"product","2":"type-product","3":"status-publish","4":"has-post-thumbnail","6":"ss_brand-fred-mello-uomo","7":"ss_season-pe26","8":"product_cat-abbigliamento-uomo","9":"product_cat-polo-da-uomo","10":"product_cat-collezione-uomo","11":"product_tag-look-da-festa-uomo","12":"product_tag-look-da-sabato-sera-uomo","13":"product_tag-nuovi-arrivi-uomo","15":"first","16":"instock","17":"shipping-taxable","18":"purchasable","19":"product-type-variable","20":"has-default-attributes"},"acf":{"ss_brand":[{"term_id":1277,"name":"FRED MELLO","slug":"fred-mello-uomo","term_group":0,"term_taxonomy_id":1277,"taxonomy":"ss_brand","description":"Collezioni ricercate e mix di texture particolari rendono <strong>Fred Mello<\/strong> il brand d\u2019abbigliamento maschile perfetto per i veri fashionisti! Scopri tutte le collezioni e le offerte esclusive!\u00a0Acquista online su SecondaStrada.com <strong>abbigliamento da uomo Fred Mello scontatissimo<\/strong>!","parent":1268,"count":202,"filter":"raw"}],"ss_promo":false,"ss_season":[{"term_id":2531,"name":"PE26","slug":"pe26","term_group":0,"term_taxonomy_id":2531,"taxonomy":"ss_season","description":"","parent":0,"count":1294,"filter":"raw"}],"ss_old_price":"69,90","ss_omnibus_price":"0,00","ss_style_advice":"<p><b>Polo FRED MELLO Bianca da uomo<\/b><br \/>\nLa Polo FRED MELLO Bianca \u00e8 il capo perfetto per chi desidera uno stile pulito ma distintivo, ideale da indossare in ogni stagione. Realizzata in 100% cotone, assicura comfort, traspirabilit\u00e0 e una piacevole sensazione sulla pelle, accompagnandoti con naturalezza durante tutta la giornata.<br \/>Questa polo da uomo adatta in tutte le stagioni si distingue per il suo design raffinato: il collo in tessuto a contrasto dona un tocco moderno e originale, mentre il ricamo aggiunge un dettaglio discreto ma riconoscibile. Il colore bianco, luminoso e versatile, permette di creare facilmente abbinamenti sempre diversi. La vestibilit\u00e0 regolare garantisce un fit comodo e armonioso: il modello \u00e8 alto 187 cm e indossa una taglia L.<br \/>Perfetta da indossare nel tempo libero, per una giornata in citt\u00e0 o per un\u2019uscita informale, questa polo si adatta a molteplici occasioni. Puoi abbinarla con jeans e sneakers per un look casual e dinamico, oppure con pantaloni chino per uno stile pi\u00f9 curato ma sempre rilassato.<br \/>La Polo con collo in tessuto a contrasto , ricamo \u00e8 una scelta ideale per chi cerca un capo pratico ma con personalit\u00e0, capace di valorizzare anche gli outfit pi\u00f9 semplici.<br \/>Acquistando su SecondaStrada.com hai la garanzia di scegliere prodotti originali. Codice articolo: FM26S18QC SB.<\/p>\n","ss_composition":"<p>100% cotone<\/p>\n","ss_fit":"<p>Il modello \u00e8 alto 187 cm e veste la taglia L. La vestibilit\u00e0 del capo \u00e8 regolare.<\/p>\n"},"yoast_head":"<!-- This site is optimized with the Yoast SEO plugin v22.3 - https:\/\/yoast.com\/wordpress\/plugins\/seo\/ -->\n<title>Polo Fred Mello Bianca - Acquista online! - Seconda Strada<\/title>\n<meta name=\"description\" content=\"Polo Fred Mello Bianca \u27a4 Acquista online su Secondastrada.com Polo Fred Mello Bianca \u2714\ufe0f Spedizione veloce entro 24h in tutta Italia \u2714\ufe0f Sconto sul tuo primo acquisto\" \/>\n<meta name=\"robots\" content=\"index, follow, max-snippet:-1, max-image-preview:large, max-video-preview:-1\" \/>\n<link rel=\"canonical\" href=\"https:\/\/www.secondastrada.com\/it\/polo-fred-mello-bianca-2\/\" \/>\n<meta property=\"og:locale\" content=\"it_IT\" \/>\n<meta property=\"og:type\" content=\"article\" \/>\n<meta property=\"og:title\" content=\"Polo Fred Mello Bianca - Acquista online! - Seconda Strada\" \/>\n<meta property=\"og:description\" content=\"Polo Fred Mello Bianca \u27a4 Acquista online su Secondastrada.com Polo Fred Mello Bianca \u2714\ufe0f Spedizione veloce entro 24h in tutta Italia \u2714\ufe0f Sconto sul tuo primo acquisto\" \/>\n<meta property=\"og:url\" content=\"https:\/\/www.secondastrada.com\/it\/polo-fred-mello-bianca-2\/\" \/>\n<meta property=\"og:site_name\" content=\"Seconda Strada\" \/>\n<meta property=\"article:modified_time\" content=\"2026-04-14T08:40:09+00:00\" \/>\n<meta property=\"og:image\" content=\"https:\/\/www.secondastrada.com\/wp-content\/uploads\/2026\/04\/FM26S18QC-SB_OFF-WHITE_PE26_1.jpg\" \/>\n\t<meta property=\"og:image:width\" content=\"1000\" \/>\n\t<meta property=\"og:image:height\" content=\"1300\" \/>\n\t<meta property=\"og:image:type\" content=\"image\/jpeg\" \/>\n<meta name=\"twitter:card\" content=\"summary_large_image\" \/>\n<meta name=\"twitter:label1\" content=\"Tempo di lettura stimato\" \/>\n\t<meta name=\"twitter:data1\" content=\"1 minuto\" \/>\n<!-- \/ Yoast SEO plugin. -->","yoast_head_json":{"title":"Polo Fred Mello Bianca - Acquista online! - Seconda Strada","description":"Polo Fred Mello Bianca \u27a4 Acquista online su Secondastrada.com Polo Fred Mello Bianca \u2714\ufe0f Spedizione veloce entro 24h in tutta Italia \u2714\ufe0f Sconto sul tuo primo acquisto","robots":{"index":"index","follow":"follow","max-snippet":"max-snippet:-1","max-image-preview":"max-image-preview:large","max-video-preview":"max-video-preview:-1"},"canonical":"https:\/\/www.secondastrada.com\/it\/polo-fred-mello-bianca-2\/","og_locale":"it_IT","og_type":"article","og_title":"Polo Fred Mello Bianca - Acquista online! - Seconda Strada","og_description":"Polo Fred Mello Bianca \u27a4 Acquista online su Secondastrada.com Polo Fred Mello Bianca \u2714\ufe0f Spedizione veloce entro 24h in tutta Italia \u2714\ufe0f Sconto sul tuo primo acquisto","og_url":"https:\/\/www.secondastrada.com\/it\/polo-fred-mello-bianca-2\/","og_site_name":"Seconda Strada","article_modified_time":"2026-04-14T08:40:09+00:00","og_image":[{"width":1000,"height":1300,"url":"https:\/\/www.secondastrada.com\/wp-content\/uploads\/2026\/04\/FM26S18QC-SB_OFF-WHITE_PE26_1.jpg","type":"image\/jpeg"}],"twitter_card":"summary_large_image","twitter_misc":{"Tempo di lettura stimato":"1 minuto"},"schema":{"@context":"https:\/\/schema.org","@graph":[{"@type":"WebPage","@id":"https:\/\/www.secondastrada.com\/it\/polo-fred-mello-bianca-2\/","url":"https:\/\/www.secondastrada.com\/it\/polo-fred-mello-bianca-2\/","name":"Polo Fred Mello Bianca - Acquista online! - Seconda Strada","isPartOf":{"@id":"https:\/\/www.secondastrada.com\/it\/#website"},"primaryImageOfPage":{"@id":"https:\/\/www.secondastrada.com\/it\/polo-fred-mello-bianca-2\/#primaryimage"},"image":{"@id":"https:\/\/www.secondastrada.com\/it\/polo-fred-mello-bianca-2\/#primaryimage"},"thumbnailUrl":"https:\/\/www.secondastrada.com\/wp-content\/uploads\/2026\/04\/FM26S18QC-SB_OFF-WHITE_PE26_1.jpg","datePublished":"2026-04-13T11:38:23+00:00","dateModified":"2026-04-14T08:40:09+00:00","description":"Polo Fred Mello Bianca \u27a4 Acquista online su Secondastrada.com Polo Fred Mello Bianca \u2714\ufe0f Spedizione veloce entro 24h in tutta Italia \u2714\ufe0f Sconto sul tuo primo acquisto","breadcrumb":{"@id":"https:\/\/www.secondastrada.com\/it\/polo-fred-mello-bianca-2\/#breadcrumb"},"inLanguage":"it-IT","potentialAction":[{"@type":"ReadAction","target":["https:\/\/www.secondastrada.com\/it\/polo-fred-mello-bianca-2\/"]}]},{"@type":"ImageObject","inLanguage":"it-IT","@id":"https:\/\/www.secondastrada.com\/it\/polo-fred-mello-bianca-2\/#primaryimage","url":"https:\/\/www.secondastrada.com\/wp-content\/uploads\/2026\/04\/FM26S18QC-SB_OFF-WHITE_PE26_1.jpg","contentUrl":"https:\/\/www.secondastrada.com\/wp-content\/uploads\/2026\/04\/FM26S18QC-SB_OFF-WHITE_PE26_1.jpg","width":1000,"height":1300,"caption":"FM26S18QC-SB_OFF-WHITE_PE26"},{"@type":"BreadcrumbList","@id":"https:\/\/www.secondastrada.com\/it\/polo-fred-mello-bianca-2\/#breadcrumb","itemListElement":[{"@type":"ListItem","position":1,"name":"Home","item":"https:\/\/www.secondastrada.com\/it\/"},{"@type":"ListItem","position":2,"name":"Shop","item":"https:\/\/www.secondastrada.com\/it\/shop\/"},{"@type":"ListItem","position":3,"name":"Uomo","item":"https:\/\/www.secondastrada.com\/it\/collezione-uomo\/"},{"@type":"ListItem","position":4,"name":"Abbigliamento","item":"https:\/\/www.secondastrada.com\/it\/collezione-uomo\/abbigliamento-uomo\/"},{"@type":"ListItem","position":5,"name":"Polo","item":"https:\/\/www.secondastrada.com\/it\/collezione-uomo\/abbigliamento-uomo\/polo-da-uomo\/"},{"@type":"ListItem","position":6,"name":"Polo Fred Mello Bianca"}]},{"@type":"WebSite","@id":"https:\/\/www.secondastrada.com\/it\/#website","url":"https:\/\/www.secondastrada.com\/it\/","name":"Seconda Strada","description":"","publisher":{"@id":"https:\/\/www.secondastrada.com\/it\/#organization"},"potentialAction":[{"@type":"SearchAction","target":{"@type":"EntryPoint","urlTemplate":"https:\/\/www.secondastrada.com\/it\/?s={search_term_string}"},"query-input":"required name=search_term_string"}],"inLanguage":"it-IT"},{"@type":"Organization","@id":"https:\/\/www.secondastrada.com\/it\/#organization","name":"Seconda Strada","url":"https:\/\/www.secondastrada.com\/it\/","logo":{"@type":"ImageObject","inLanguage":"it-IT","@id":"https:\/\/www.secondastrada.com\/it\/#\/schema\/logo\/image\/","url":"https:\/\/www.secondastrada.com\/wp-content\/uploads\/2023\/11\/secondastrada-logo.svg","contentUrl":"https:\/\/www.secondastrada.com\/wp-content\/uploads\/2023\/11\/secondastrada-logo.svg","width":353,"height":47,"caption":"Seconda Strada"},"image":{"@id":"https:\/\/www.secondastrada.com\/it\/#\/schema\/logo\/image\/"}}]}},"df_price":48.99,"df_sale_price":"","df_regular_price":48.99,"df_image_link":"https:\/\/www.secondastrada.com\/wp-content\/uploads\/2026\/04\/FM26S18QC-SB_OFF-WHITE_PE26_1-300x300.jpg","_links":{"self":[{"href":"https:\/\/www.secondastrada.com\/it\/wp-json\/wp\/v2\/product\/357312"}],"collection":[{"href":"https:\/\/www.secondastrada.com\/it\/wp-json\/wp\/v2\/product"}],"about":[{"href":"https:\/\/www.secondastrada.com\/it\/wp-json\/wp\/v2\/types\/product"}],"wp:featuredmedia":[{"embeddable":true,"href":"https:\/\/www.secondastrada.com\/it\/wp-json\/wp\/v2\/media\/356948"}],"wp:attachment":[{"href":"https:\/\/www.secondastrada.com\/it\/wp-json\/wp\/v2\/media?parent=357312"}],"wp:term":[{"taxonomy":"ss_brand","embeddable":true,"href":"https:\/\/www.secondastrada.com\/it\/wp-json\/wp\/v2\/ss_brand?post=357312"},{"taxonomy":"ss_promo","embeddable":true,"href":"https:\/\/www.secondastrada.com\/it\/wp-json\/wp\/v2\/ss_promo?post=357312"},{"taxonomy":"ss_season","embeddable":true,"href":"https:\/\/www.secondastrada.com\/it\/wp-json\/wp\/v2\/ss_season?post=357312"},{"taxonomy":"product_cat","embeddable":true,"href":"https:\/\/www.secondastrada.com\/it\/wp-json\/wp\/v2\/product_cat?post=357312"},{"taxonomy":"product_tag","embeddable":true,"href":"https:\/\/www.secondastrada.com\/it\/wp-json\/wp\/v2\/product_tag?post=357312"}],"curies":[{"name":"wp","href":"https:\/\/api.w.org\/{rel}","templated":true}]}}