{"id":357323,"date":"2026-04-13T13:39:22","date_gmt":"2026-04-13T11:39:22","guid":{"rendered":"https:\/\/www.secondastrada.com\/it\/t-shirt-fred-mello-verde-5\/"},"modified":"2026-04-13T15:18:56","modified_gmt":"2026-04-13T13:18:56","slug":"t-shirt-fred-mello-verde-5","status":"publish","type":"product","link":"https:\/\/www.secondastrada.com\/it\/t-shirt-fred-mello-verde-5\/","title":{"rendered":"T-shirt Fred Mello Verde"},"content":{"rendered":"<p><b>T-shirt FRED MELLO Verde da uomo<\/b><br \/>\nLa T-shirt FRED MELLO Verde \u00e8 il capo ideale per chi cerca un equilibrio perfetto tra praticit\u00e0 e stile, pensato per accompagnarti in ogni stagione. Realizzata in 100% cotone, garantisce comfort, morbidezza e traspirabilit\u00e0, rendendola perfetta per l\u2019uso quotidiano e per affrontare con leggerezza ogni momento della giornata.<br \/>Questa T-shirt da uomo adatta in tutte le stagioni si distingue per i suoi dettagli curati: il taschino sul petto aggiunge funzionalit\u00e0 e carattere, mentre il ricamo a contrasto dona un tocco distintivo e riconoscibile senza risultare eccessivo. Il colore verde, moderno e versatile, permette di creare look sempre diversi. La vestibilit\u00e0 regolare assicura un fit comodo e naturale: il modello \u00e8 alto 187 cm e indossa una taglia L.<br \/>Perfetta da indossare nel tempo libero, durante una giornata rilassata o per un\u2019uscita informale, questa T-shirt si adatta facilmente a ogni contesto. Puoi abbinarla con jeans e sneakers per un outfit casual e dinamico, oppure con pantaloni chino per uno stile pi\u00f9 curato ma sempre disinvolto.<br \/>La T-shirt con taschino e ricamo a contrasto \u00e8 una scelta ideale per chi desidera un capo basico ma arricchito da dettagli che fanno la differenza.<br \/>Acquistando su SecondaStrada.com hai la garanzia di scegliere prodotti originali. Codice articolo: FM26S29TG SB.<\/p>\n","protected":false},"excerpt":{"rendered":"<p>T-shirt FRED MELLO Verde da uomo La T-shirt FRED MELLO Verde \u00e8 il capo ideale per chi cerca un equilibrio perfetto tra praticit\u00e0 e stile, pensato per accompagnarti in ogni stagione. Realizzata in 100% cotone, garantisce comfort, morbidezza e traspirabilit\u00e0, rendendola perfetta per l\u2019uso quotidiano e per affrontare con leggerezza ogni momento della giornata.Questa T-shirt&#8230;<\/p>\n","protected":false},"featured_media":357017,"template":"","meta":{"inline_featured_image":false},"ss_brand":[1277],"ss_promo":[],"ss_season":[2531],"product_cat":[1332,1479,1714],"product_tag":[1993,1715],"class_list":{"0":"post-357323","1":"product","2":"type-product","3":"status-publish","4":"has-post-thumbnail","6":"ss_brand-fred-mello-uomo","7":"ss_season-pe26","8":"product_cat-abbigliamento-uomo","9":"product_cat-t-shirt-da-uomo","10":"product_cat-collezione-uomo","11":"product_tag-nuovi-arrivi-uomo","12":"product_tag-t-shirt-fred-mello-uomo","14":"first","15":"instock","16":"shipping-taxable","17":"purchasable","18":"product-type-variable","19":"has-default-attributes"},"acf":{"ss_brand":[{"term_id":1277,"name":"FRED MELLO","slug":"fred-mello-uomo","term_group":0,"term_taxonomy_id":1277,"taxonomy":"ss_brand","description":"Collezioni ricercate e mix di texture particolari rendono <strong>Fred Mello<\/strong> il brand d\u2019abbigliamento maschile perfetto per i veri fashionisti! Scopri tutte le collezioni e le offerte esclusive!\u00a0Acquista online su SecondaStrada.com <strong>abbigliamento da uomo Fred Mello scontatissimo<\/strong>!","parent":1268,"count":202,"filter":"raw"}],"ss_promo":false,"ss_season":[{"term_id":2531,"name":"PE26","slug":"pe26","term_group":0,"term_taxonomy_id":2531,"taxonomy":"ss_season","description":"","parent":0,"count":1294,"filter":"raw"}],"ss_old_price":"39,90","ss_omnibus_price":"0,00","ss_style_advice":"<p><b>T-shirt FRED MELLO Verde da uomo<\/b><br \/>\nLa T-shirt FRED MELLO Verde \u00e8 il capo ideale per chi cerca un equilibrio perfetto tra praticit\u00e0 e stile, pensato per accompagnarti in ogni stagione. Realizzata in 100% cotone, garantisce comfort, morbidezza e traspirabilit\u00e0, rendendola perfetta per l\u2019uso quotidiano e per affrontare con leggerezza ogni momento della giornata.<br \/>Questa T-shirt da uomo adatta in tutte le stagioni si distingue per i suoi dettagli curati: il taschino sul petto aggiunge funzionalit\u00e0 e carattere, mentre il ricamo a contrasto dona un tocco distintivo e riconoscibile senza risultare eccessivo. Il colore verde, moderno e versatile, permette di creare look sempre diversi. La vestibilit\u00e0 regolare assicura un fit comodo e naturale: il modello \u00e8 alto 187 cm e indossa una taglia L.<br \/>Perfetta da indossare nel tempo libero, durante una giornata rilassata o per un\u2019uscita informale, questa T-shirt si adatta facilmente a ogni contesto. Puoi abbinarla con jeans e sneakers per un outfit casual e dinamico, oppure con pantaloni chino per uno stile pi\u00f9 curato ma sempre disinvolto.<br \/>La T-shirt con taschino e ricamo a contrasto \u00e8 una scelta ideale per chi desidera un capo basico ma arricchito da dettagli che fanno la differenza.<br \/>Acquistando su SecondaStrada.com hai la garanzia di scegliere prodotti originali. Codice articolo: FM26S29TG SB.<\/p>\n","ss_composition":"<p>100% cotone<\/p>\n","ss_fit":"<p>Il modello \u00e8 alto 187 cm e veste la taglia L. La vestibilit\u00e0 del capo \u00e8 regolare.<\/p>\n"},"yoast_head":"<!-- This site is optimized with the Yoast SEO plugin v22.3 - https:\/\/yoast.com\/wordpress\/plugins\/seo\/ -->\n<title>T-shirt Fred Mello Verde - Acquista online! - Seconda Strada<\/title>\n<meta name=\"description\" content=\"T-shirt Fred Mello Verde \u27a4 Acquista online su Secondastrada.com T-shirt Fred Mello Verde \u2714\ufe0f Spedizione veloce entro 24h in tutta Italia \u2714\ufe0f Sconto sul tuo primo acquisto\" \/>\n<meta name=\"robots\" content=\"index, follow, max-snippet:-1, max-image-preview:large, max-video-preview:-1\" \/>\n<link rel=\"canonical\" href=\"https:\/\/www.secondastrada.com\/it\/t-shirt-fred-mello-verde-5\/\" \/>\n<meta property=\"og:locale\" content=\"it_IT\" \/>\n<meta property=\"og:type\" content=\"article\" \/>\n<meta property=\"og:title\" content=\"T-shirt Fred Mello Verde - Acquista online! - Seconda Strada\" \/>\n<meta property=\"og:description\" content=\"T-shirt Fred Mello Verde \u27a4 Acquista online su Secondastrada.com T-shirt Fred Mello Verde \u2714\ufe0f Spedizione veloce entro 24h in tutta Italia \u2714\ufe0f Sconto sul tuo primo acquisto\" \/>\n<meta property=\"og:url\" content=\"https:\/\/www.secondastrada.com\/it\/t-shirt-fred-mello-verde-5\/\" \/>\n<meta property=\"og:site_name\" content=\"Seconda Strada\" \/>\n<meta property=\"article:modified_time\" content=\"2026-04-13T13:18:56+00:00\" \/>\n<meta property=\"og:image\" content=\"https:\/\/www.secondastrada.com\/wp-content\/uploads\/2026\/04\/FM26S29TG-SB_ATLANTIC_PE26_1.jpg\" \/>\n\t<meta property=\"og:image:width\" content=\"1000\" \/>\n\t<meta property=\"og:image:height\" content=\"1300\" \/>\n\t<meta property=\"og:image:type\" content=\"image\/jpeg\" \/>\n<meta name=\"twitter:card\" content=\"summary_large_image\" \/>\n<meta name=\"twitter:label1\" content=\"Tempo di lettura stimato\" \/>\n\t<meta name=\"twitter:data1\" content=\"1 minuto\" \/>\n<!-- \/ Yoast SEO plugin. -->","yoast_head_json":{"title":"T-shirt Fred Mello Verde - Acquista online! - Seconda Strada","description":"T-shirt Fred Mello Verde \u27a4 Acquista online su Secondastrada.com T-shirt Fred Mello Verde \u2714\ufe0f Spedizione veloce entro 24h in tutta Italia \u2714\ufe0f Sconto sul tuo primo acquisto","robots":{"index":"index","follow":"follow","max-snippet":"max-snippet:-1","max-image-preview":"max-image-preview:large","max-video-preview":"max-video-preview:-1"},"canonical":"https:\/\/www.secondastrada.com\/it\/t-shirt-fred-mello-verde-5\/","og_locale":"it_IT","og_type":"article","og_title":"T-shirt Fred Mello Verde - Acquista online! - Seconda Strada","og_description":"T-shirt Fred Mello Verde \u27a4 Acquista online su Secondastrada.com T-shirt Fred Mello Verde \u2714\ufe0f Spedizione veloce entro 24h in tutta Italia \u2714\ufe0f Sconto sul tuo primo acquisto","og_url":"https:\/\/www.secondastrada.com\/it\/t-shirt-fred-mello-verde-5\/","og_site_name":"Seconda Strada","article_modified_time":"2026-04-13T13:18:56+00:00","og_image":[{"width":1000,"height":1300,"url":"https:\/\/www.secondastrada.com\/wp-content\/uploads\/2026\/04\/FM26S29TG-SB_ATLANTIC_PE26_1.jpg","type":"image\/jpeg"}],"twitter_card":"summary_large_image","twitter_misc":{"Tempo di lettura stimato":"1 minuto"},"schema":{"@context":"https:\/\/schema.org","@graph":[{"@type":"WebPage","@id":"https:\/\/www.secondastrada.com\/it\/t-shirt-fred-mello-verde-5\/","url":"https:\/\/www.secondastrada.com\/it\/t-shirt-fred-mello-verde-5\/","name":"T-shirt Fred Mello Verde - Acquista online! - Seconda Strada","isPartOf":{"@id":"https:\/\/www.secondastrada.com\/it\/#website"},"primaryImageOfPage":{"@id":"https:\/\/www.secondastrada.com\/it\/t-shirt-fred-mello-verde-5\/#primaryimage"},"image":{"@id":"https:\/\/www.secondastrada.com\/it\/t-shirt-fred-mello-verde-5\/#primaryimage"},"thumbnailUrl":"https:\/\/www.secondastrada.com\/wp-content\/uploads\/2026\/04\/FM26S29TG-SB_ATLANTIC_PE26_1.jpg","datePublished":"2026-04-13T11:39:22+00:00","dateModified":"2026-04-13T13:18:56+00:00","description":"T-shirt Fred Mello Verde \u27a4 Acquista online su Secondastrada.com T-shirt Fred Mello Verde \u2714\ufe0f Spedizione veloce entro 24h in tutta Italia \u2714\ufe0f Sconto sul tuo primo acquisto","breadcrumb":{"@id":"https:\/\/www.secondastrada.com\/it\/t-shirt-fred-mello-verde-5\/#breadcrumb"},"inLanguage":"it-IT","potentialAction":[{"@type":"ReadAction","target":["https:\/\/www.secondastrada.com\/it\/t-shirt-fred-mello-verde-5\/"]}]},{"@type":"ImageObject","inLanguage":"it-IT","@id":"https:\/\/www.secondastrada.com\/it\/t-shirt-fred-mello-verde-5\/#primaryimage","url":"https:\/\/www.secondastrada.com\/wp-content\/uploads\/2026\/04\/FM26S29TG-SB_ATLANTIC_PE26_1.jpg","contentUrl":"https:\/\/www.secondastrada.com\/wp-content\/uploads\/2026\/04\/FM26S29TG-SB_ATLANTIC_PE26_1.jpg","width":1000,"height":1300,"caption":"FM26S29TG-SB_ATLANTIC_PE26"},{"@type":"BreadcrumbList","@id":"https:\/\/www.secondastrada.com\/it\/t-shirt-fred-mello-verde-5\/#breadcrumb","itemListElement":[{"@type":"ListItem","position":1,"name":"Home","item":"https:\/\/www.secondastrada.com\/it\/"},{"@type":"ListItem","position":2,"name":"Shop","item":"https:\/\/www.secondastrada.com\/it\/shop\/"},{"@type":"ListItem","position":3,"name":"Uomo","item":"https:\/\/www.secondastrada.com\/it\/collezione-uomo\/"},{"@type":"ListItem","position":4,"name":"Abbigliamento","item":"https:\/\/www.secondastrada.com\/it\/collezione-uomo\/abbigliamento-uomo\/"},{"@type":"ListItem","position":5,"name":"T-shirt","item":"https:\/\/www.secondastrada.com\/it\/collezione-uomo\/abbigliamento-uomo\/t-shirt-da-uomo\/"},{"@type":"ListItem","position":6,"name":"T-shirt Fred Mello Verde"}]},{"@type":"WebSite","@id":"https:\/\/www.secondastrada.com\/it\/#website","url":"https:\/\/www.secondastrada.com\/it\/","name":"Seconda Strada","description":"","publisher":{"@id":"https:\/\/www.secondastrada.com\/it\/#organization"},"potentialAction":[{"@type":"SearchAction","target":{"@type":"EntryPoint","urlTemplate":"https:\/\/www.secondastrada.com\/it\/?s={search_term_string}"},"query-input":"required name=search_term_string"}],"inLanguage":"it-IT"},{"@type":"Organization","@id":"https:\/\/www.secondastrada.com\/it\/#organization","name":"Seconda Strada","url":"https:\/\/www.secondastrada.com\/it\/","logo":{"@type":"ImageObject","inLanguage":"it-IT","@id":"https:\/\/www.secondastrada.com\/it\/#\/schema\/logo\/image\/","url":"https:\/\/www.secondastrada.com\/wp-content\/uploads\/2023\/11\/secondastrada-logo.svg","contentUrl":"https:\/\/www.secondastrada.com\/wp-content\/uploads\/2023\/11\/secondastrada-logo.svg","width":353,"height":47,"caption":"Seconda Strada"},"image":{"@id":"https:\/\/www.secondastrada.com\/it\/#\/schema\/logo\/image\/"}}]}},"df_price":27.99,"df_sale_price":"","df_regular_price":27.99,"df_image_link":"https:\/\/www.secondastrada.com\/wp-content\/uploads\/2026\/04\/FM26S29TG-SB_ATLANTIC_PE26_1-300x300.jpg","_links":{"self":[{"href":"https:\/\/www.secondastrada.com\/it\/wp-json\/wp\/v2\/product\/357323"}],"collection":[{"href":"https:\/\/www.secondastrada.com\/it\/wp-json\/wp\/v2\/product"}],"about":[{"href":"https:\/\/www.secondastrada.com\/it\/wp-json\/wp\/v2\/types\/product"}],"wp:featuredmedia":[{"embeddable":true,"href":"https:\/\/www.secondastrada.com\/it\/wp-json\/wp\/v2\/media\/357017"}],"wp:attachment":[{"href":"https:\/\/www.secondastrada.com\/it\/wp-json\/wp\/v2\/media?parent=357323"}],"wp:term":[{"taxonomy":"ss_brand","embeddable":true,"href":"https:\/\/www.secondastrada.com\/it\/wp-json\/wp\/v2\/ss_brand?post=357323"},{"taxonomy":"ss_promo","embeddable":true,"href":"https:\/\/www.secondastrada.com\/it\/wp-json\/wp\/v2\/ss_promo?post=357323"},{"taxonomy":"ss_season","embeddable":true,"href":"https:\/\/www.secondastrada.com\/it\/wp-json\/wp\/v2\/ss_season?post=357323"},{"taxonomy":"product_cat","embeddable":true,"href":"https:\/\/www.secondastrada.com\/it\/wp-json\/wp\/v2\/product_cat?post=357323"},{"taxonomy":"product_tag","embeddable":true,"href":"https:\/\/www.secondastrada.com\/it\/wp-json\/wp\/v2\/product_tag?post=357323"}],"curies":[{"name":"wp","href":"https:\/\/api.w.org\/{rel}","templated":true}]}}