{"id":357907,"date":"2026-04-17T14:08:25","date_gmt":"2026-04-17T12:08:25","guid":{"rendered":"https:\/\/www.secondastrada.com\/it\/top-explosion-bianco\/"},"modified":"2026-04-17T14:08:25","modified_gmt":"2026-04-17T12:08:25","slug":"top-explosion-bianco","status":"publish","type":"product","link":"https:\/\/www.secondastrada.com\/it\/top-explosion-bianco\/","title":{"rendered":"Top Explosion Bianco"},"content":{"rendered":"<p><b>Top EXPLOSION Bianco da donna<\/b><br \/>\nEssenziale ma d\u2019impatto, il <b>Top EXPLOSION Bianco<\/b> \u00e8 il capo perfetto per chi ama uno stile pulito con un tocco sofisticato. Il bianco illumina il look e si presta a infinite combinazioni, rendendolo un alleato versatile nel tuo guardaroba di stagione.<br \/>Realizzato in <b>100% poliestere<\/b>, questo <b>top da donna adatto alla primavera estate<\/b> offre una vestibilit\u00e0 regolare, pensata per garantire comfort e libert\u00e0 di movimento durante tutta la giornata. Il design <b>monospalla con fermaglio dorato<\/b> aggiunge carattere e femminilit\u00e0, creando un equilibrio perfetto tra semplicit\u00e0 e dettaglio prezioso.<br \/>\u00c8 il capo ideale da indossare per una serata estiva, un aperitivo o anche per un\u2019occasione speciale in cui vuoi sentirti elegante senza rinunciare alla praticit\u00e0.<br \/>Per un look raffinato puoi abbinarlo a un pantalone palazzo o a una gonna midi, mentre per uno stile pi\u00f9 casual e contemporaneo si abbina perfettamente a un jeans a vita alta e sandali minimal.<br \/>La modella \u00e8 alta 172 cm e indossa la taglia S: la vestibilit\u00e0 \u00e8 regolare e valorizza le forme in modo naturale.<br \/>Scegli un capo originale e di qualit\u00e0: su Seconda Strada ogni prodotto \u00e8 selezionato con cura per offrirti autenticit\u00e0 e stile in ogni dettaglio.<br \/><b>Codice articolo: 18621 SB<\/b><\/p>\n","protected":false},"excerpt":{"rendered":"<p>Top EXPLOSION Bianco da donna Essenziale ma d\u2019impatto, il Top EXPLOSION Bianco \u00e8 il capo perfetto per chi ama uno stile pulito con un tocco sofisticato. Il bianco illumina il look e si presta a infinite combinazioni, rendendolo un alleato versatile nel tuo guardaroba di stagione.Realizzato in 100% poliestere, questo top da donna adatto alla&#8230;<\/p>\n","protected":false},"featured_media":358264,"template":"","meta":{"inline_featured_image":false},"ss_brand":[2550],"ss_promo":[],"ss_season":[2531],"product_cat":[1329,1658,1337,1823],"product_tag":[1995],"class_list":{"0":"post-357907","1":"product","2":"type-product","3":"status-publish","4":"has-post-thumbnail","6":"ss_brand-explosion-donna","7":"ss_season-pe26","8":"product_cat-abbigliamento-donna","9":"product_cat-collezione-donna","10":"product_cat-t-shirt-e-top-da-donna","11":"product_cat-top-da-donna","12":"product_tag-nuovi-arrivi-donna","14":"first","15":"instock","16":"shipping-taxable","17":"purchasable","18":"product-type-variable","19":"has-default-attributes"},"acf":{"ss_brand":[{"term_id":2550,"name":"EXPLOSION","slug":"explosion-donna","term_group":0,"term_taxonomy_id":2550,"taxonomy":"ss_brand","description":"","parent":1201,"count":18,"filter":"raw"}],"ss_promo":false,"ss_season":[{"term_id":2531,"name":"PE26","slug":"pe26","term_group":0,"term_taxonomy_id":2531,"taxonomy":"ss_season","description":"","parent":0,"count":1387,"filter":"raw"}],"ss_old_price":"57,00","ss_omnibus_price":"0,00","ss_style_advice":"<p><b>Top EXPLOSION Bianco da donna<\/b><br \/>\nEssenziale ma d\u2019impatto, il <b>Top EXPLOSION Bianco<\/b> \u00e8 il capo perfetto per chi ama uno stile pulito con un tocco sofisticato. Il bianco illumina il look e si presta a infinite combinazioni, rendendolo un alleato versatile nel tuo guardaroba di stagione.<br \/>Realizzato in <b>100% poliestere<\/b>, questo <b>top da donna adatto alla primavera estate<\/b> offre una vestibilit\u00e0 regolare, pensata per garantire comfort e libert\u00e0 di movimento durante tutta la giornata. Il design <b>monospalla con fermaglio dorato<\/b> aggiunge carattere e femminilit\u00e0, creando un equilibrio perfetto tra semplicit\u00e0 e dettaglio prezioso.<br \/>\u00c8 il capo ideale da indossare per una serata estiva, un aperitivo o anche per un\u2019occasione speciale in cui vuoi sentirti elegante senza rinunciare alla praticit\u00e0.<br \/>Per un look raffinato puoi abbinarlo a un pantalone palazzo o a una gonna midi, mentre per uno stile pi\u00f9 casual e contemporaneo si abbina perfettamente a un jeans a vita alta e sandali minimal.<br \/>La modella \u00e8 alta 172 cm e indossa la taglia S: la vestibilit\u00e0 \u00e8 regolare e valorizza le forme in modo naturale.<br \/>Scegli un capo originale e di qualit\u00e0: su Seconda Strada ogni prodotto \u00e8 selezionato con cura per offrirti autenticit\u00e0 e stile in ogni dettaglio.<br \/><b>Codice articolo: 18621 SB<\/b><\/p>\n","ss_composition":"<p>100% poliestere<\/p>\n","ss_fit":"<p>La modella \u00e8 alta 172 cm e veste la taglia S. La vestibilit\u00e0 del capo \u00e8 regolare.<\/p>\n"},"yoast_head":"<!-- This site is optimized with the Yoast SEO plugin v22.3 - https:\/\/yoast.com\/wordpress\/plugins\/seo\/ -->\n<title>Top Explosion Bianco - Acquista online! - Seconda Strada<\/title>\n<meta name=\"description\" content=\"Top Explosion Bianco \u27a4 Acquista online su Secondastrada.com Top Explosion Bianco \u2714\ufe0f Spedizione veloce entro 24h in tutta Italia \u2714\ufe0f Sconto sul tuo primo acquisto\" \/>\n<meta name=\"robots\" content=\"index, follow, max-snippet:-1, max-image-preview:large, max-video-preview:-1\" \/>\n<link rel=\"canonical\" href=\"https:\/\/www.secondastrada.com\/it\/top-explosion-bianco\/\" \/>\n<meta property=\"og:locale\" content=\"it_IT\" \/>\n<meta property=\"og:type\" content=\"article\" \/>\n<meta property=\"og:title\" content=\"Top Explosion Bianco - Acquista online! - Seconda Strada\" \/>\n<meta property=\"og:description\" content=\"Top Explosion Bianco \u27a4 Acquista online su Secondastrada.com Top Explosion Bianco \u2714\ufe0f Spedizione veloce entro 24h in tutta Italia \u2714\ufe0f Sconto sul tuo primo acquisto\" \/>\n<meta property=\"og:url\" content=\"https:\/\/www.secondastrada.com\/it\/top-explosion-bianco\/\" \/>\n<meta property=\"og:site_name\" content=\"Seconda Strada\" \/>\n<meta property=\"og:image\" content=\"https:\/\/www.secondastrada.com\/wp-content\/uploads\/2026\/04\/18621-SB_ECRU_PE26_1.jpg\" \/>\n\t<meta property=\"og:image:width\" content=\"1000\" \/>\n\t<meta property=\"og:image:height\" content=\"1300\" \/>\n\t<meta property=\"og:image:type\" content=\"image\/jpeg\" \/>\n<meta name=\"twitter:card\" content=\"summary_large_image\" \/>\n<meta name=\"twitter:label1\" content=\"Tempo di lettura stimato\" \/>\n\t<meta name=\"twitter:data1\" content=\"1 minuto\" \/>\n<!-- \/ Yoast SEO plugin. -->","yoast_head_json":{"title":"Top Explosion Bianco - Acquista online! - Seconda Strada","description":"Top Explosion Bianco \u27a4 Acquista online su Secondastrada.com Top Explosion Bianco \u2714\ufe0f Spedizione veloce entro 24h in tutta Italia \u2714\ufe0f Sconto sul tuo primo acquisto","robots":{"index":"index","follow":"follow","max-snippet":"max-snippet:-1","max-image-preview":"max-image-preview:large","max-video-preview":"max-video-preview:-1"},"canonical":"https:\/\/www.secondastrada.com\/it\/top-explosion-bianco\/","og_locale":"it_IT","og_type":"article","og_title":"Top Explosion Bianco - Acquista online! - Seconda Strada","og_description":"Top Explosion Bianco \u27a4 Acquista online su Secondastrada.com Top Explosion Bianco \u2714\ufe0f Spedizione veloce entro 24h in tutta Italia \u2714\ufe0f Sconto sul tuo primo acquisto","og_url":"https:\/\/www.secondastrada.com\/it\/top-explosion-bianco\/","og_site_name":"Seconda Strada","og_image":[{"width":1000,"height":1300,"url":"https:\/\/www.secondastrada.com\/wp-content\/uploads\/2026\/04\/18621-SB_ECRU_PE26_1.jpg","type":"image\/jpeg"}],"twitter_card":"summary_large_image","twitter_misc":{"Tempo di lettura stimato":"1 minuto"},"schema":{"@context":"https:\/\/schema.org","@graph":[{"@type":"WebPage","@id":"https:\/\/www.secondastrada.com\/it\/top-explosion-bianco\/","url":"https:\/\/www.secondastrada.com\/it\/top-explosion-bianco\/","name":"Top Explosion Bianco - Acquista online! - Seconda Strada","isPartOf":{"@id":"https:\/\/www.secondastrada.com\/it\/#website"},"primaryImageOfPage":{"@id":"https:\/\/www.secondastrada.com\/it\/top-explosion-bianco\/#primaryimage"},"image":{"@id":"https:\/\/www.secondastrada.com\/it\/top-explosion-bianco\/#primaryimage"},"thumbnailUrl":"https:\/\/www.secondastrada.com\/wp-content\/uploads\/2026\/04\/18621-SB_ECRU_PE26_1.jpg","datePublished":"2026-04-17T12:08:25+00:00","dateModified":"2026-04-17T12:08:25+00:00","description":"Top Explosion Bianco \u27a4 Acquista online su Secondastrada.com Top Explosion Bianco \u2714\ufe0f Spedizione veloce entro 24h in tutta Italia \u2714\ufe0f Sconto sul tuo primo acquisto","breadcrumb":{"@id":"https:\/\/www.secondastrada.com\/it\/top-explosion-bianco\/#breadcrumb"},"inLanguage":"it-IT","potentialAction":[{"@type":"ReadAction","target":["https:\/\/www.secondastrada.com\/it\/top-explosion-bianco\/"]}]},{"@type":"ImageObject","inLanguage":"it-IT","@id":"https:\/\/www.secondastrada.com\/it\/top-explosion-bianco\/#primaryimage","url":"https:\/\/www.secondastrada.com\/wp-content\/uploads\/2026\/04\/18621-SB_ECRU_PE26_1.jpg","contentUrl":"https:\/\/www.secondastrada.com\/wp-content\/uploads\/2026\/04\/18621-SB_ECRU_PE26_1.jpg","width":1000,"height":1300,"caption":"18621-SB_ECRU_PE26"},{"@type":"BreadcrumbList","@id":"https:\/\/www.secondastrada.com\/it\/top-explosion-bianco\/#breadcrumb","itemListElement":[{"@type":"ListItem","position":1,"name":"Home","item":"https:\/\/www.secondastrada.com\/it\/"},{"@type":"ListItem","position":2,"name":"Shop","item":"https:\/\/www.secondastrada.com\/it\/shop\/"},{"@type":"ListItem","position":3,"name":"Donna","item":"https:\/\/www.secondastrada.com\/it\/collezione-donna\/"},{"@type":"ListItem","position":4,"name":"Abbigliamento","item":"https:\/\/www.secondastrada.com\/it\/collezione-donna\/abbigliamento-donna\/"},{"@type":"ListItem","position":5,"name":"T-shirt e Top","item":"https:\/\/www.secondastrada.com\/it\/collezione-donna\/abbigliamento-donna\/t-shirt-e-top-da-donna\/"},{"@type":"ListItem","position":6,"name":"Top","item":"https:\/\/www.secondastrada.com\/it\/collezione-donna\/abbigliamento-donna\/t-shirt-e-top-da-donna\/top-da-donna\/"},{"@type":"ListItem","position":7,"name":"Top Explosion Bianco"}]},{"@type":"WebSite","@id":"https:\/\/www.secondastrada.com\/it\/#website","url":"https:\/\/www.secondastrada.com\/it\/","name":"Seconda Strada","description":"","publisher":{"@id":"https:\/\/www.secondastrada.com\/it\/#organization"},"potentialAction":[{"@type":"SearchAction","target":{"@type":"EntryPoint","urlTemplate":"https:\/\/www.secondastrada.com\/it\/?s={search_term_string}"},"query-input":"required name=search_term_string"}],"inLanguage":"it-IT"},{"@type":"Organization","@id":"https:\/\/www.secondastrada.com\/it\/#organization","name":"Seconda Strada","url":"https:\/\/www.secondastrada.com\/it\/","logo":{"@type":"ImageObject","inLanguage":"it-IT","@id":"https:\/\/www.secondastrada.com\/it\/#\/schema\/logo\/image\/","url":"https:\/\/www.secondastrada.com\/wp-content\/uploads\/2023\/11\/secondastrada-logo.svg","contentUrl":"https:\/\/www.secondastrada.com\/wp-content\/uploads\/2023\/11\/secondastrada-logo.svg","width":353,"height":47,"caption":"Seconda Strada"},"image":{"@id":"https:\/\/www.secondastrada.com\/it\/#\/schema\/logo\/image\/"}}]}},"df_price":28.99,"df_sale_price":"","df_regular_price":28.99,"df_image_link":"https:\/\/www.secondastrada.com\/wp-content\/uploads\/2026\/04\/18621-SB_ECRU_PE26_1-300x300.jpg","_links":{"self":[{"href":"https:\/\/www.secondastrada.com\/it\/wp-json\/wp\/v2\/product\/357907"}],"collection":[{"href":"https:\/\/www.secondastrada.com\/it\/wp-json\/wp\/v2\/product"}],"about":[{"href":"https:\/\/www.secondastrada.com\/it\/wp-json\/wp\/v2\/types\/product"}],"wp:featuredmedia":[{"embeddable":true,"href":"https:\/\/www.secondastrada.com\/it\/wp-json\/wp\/v2\/media\/358264"}],"wp:attachment":[{"href":"https:\/\/www.secondastrada.com\/it\/wp-json\/wp\/v2\/media?parent=357907"}],"wp:term":[{"taxonomy":"ss_brand","embeddable":true,"href":"https:\/\/www.secondastrada.com\/it\/wp-json\/wp\/v2\/ss_brand?post=357907"},{"taxonomy":"ss_promo","embeddable":true,"href":"https:\/\/www.secondastrada.com\/it\/wp-json\/wp\/v2\/ss_promo?post=357907"},{"taxonomy":"ss_season","embeddable":true,"href":"https:\/\/www.secondastrada.com\/it\/wp-json\/wp\/v2\/ss_season?post=357907"},{"taxonomy":"product_cat","embeddable":true,"href":"https:\/\/www.secondastrada.com\/it\/wp-json\/wp\/v2\/product_cat?post=357907"},{"taxonomy":"product_tag","embeddable":true,"href":"https:\/\/www.secondastrada.com\/it\/wp-json\/wp\/v2\/product_tag?post=357907"}],"curies":[{"name":"wp","href":"https:\/\/api.w.org\/{rel}","templated":true}]}}