{"id":358317,"date":"2026-04-17T09:11:25","date_gmt":"2026-04-17T07:11:25","guid":{"rendered":"https:\/\/www.secondastrada.com\/it\/vestito-yes-zee-verde-3\/"},"modified":"2026-04-17T10:57:53","modified_gmt":"2026-04-17T08:57:53","slug":"vestito-yes-zee-verde-3","status":"publish","type":"product","link":"https:\/\/www.secondastrada.com\/it\/vestito-yes-zee-verde-3\/","title":{"rendered":"Vestito Yes Zee Verde"},"content":{"rendered":"<p><b>Vestito YES ZEE Verde da donna<\/b><br \/>\nIl <b>Vestito YES ZEE Verde<\/b> \u00e8 il capo ideale per chi desidera un look fresco, femminile e contemporaneo. Realizzato in <b>100% viscosa<\/b>, questo <b>vestito da donna adatto alla stagione primavera estate<\/b> offre una sensazione di leggerezza e comfort perfetta per le giornate pi\u00f9 calde.<br \/>Il design \u00e8 valorizzato dal <b>fondo non regolare<\/b>, che dona movimento e un tocco dinamico alla figura, mentre la <b>spalla imbottita<\/b> aggiunge struttura e carattere. La <b>cintura<\/b> in vita permette di definire la silhouette in modo naturale, adattandosi con facilit\u00e0 alle diverse forme del corpo. La vestibilit\u00e0 \u00e8 regolare: la modella \u00e8 alta 165 cm e indossa una taglia S.<br \/>Questo <b>vestito con fondo non regolare e spalla imbottita , cintura<\/b> \u00e8 perfetto da indossare nel tempo libero, per una giornata all\u2019aria aperta o un aperitivo con le amiche, quando vuoi sentirti curata senza rinunciare alla comodit\u00e0.<br \/>Per completare il look, puoi abbinarlo con <b>sandali bassi<\/b> per uno stile rilassato e naturale oppure con <b>tacchi<\/b> per un outfit pi\u00f9 elegante e slanciato.<br \/>Un capo versatile e attuale firmato YES ZEE, pensato per accompagnarti con stile durante tutta la stagione. Tutti i prodotti su SecondaStrada.com sono originali e selezionati con attenzione.<br \/><b>Codice articolo: A211 EN00<\/b><\/p>\n","protected":false},"excerpt":{"rendered":"<p>Vestito YES ZEE Verde da donna Il Vestito YES ZEE Verde \u00e8 il capo ideale per chi desidera un look fresco, femminile e contemporaneo. Realizzato in 100% viscosa, questo vestito da donna adatto alla stagione primavera estate offre una sensazione di leggerezza e comfort perfetta per le giornate pi\u00f9 calde.Il design \u00e8 valorizzato dal fondo&#8230;<\/p>\n","protected":false},"featured_media":359364,"template":"","meta":{"inline_featured_image":false},"ss_brand":[1208],"ss_promo":[],"ss_season":[2531],"product_cat":[1329,1539,1658,1610],"product_tag":[1795,1995],"class_list":{"0":"post-358317","1":"product","2":"type-product","3":"status-publish","4":"has-post-thumbnail","6":"ss_brand-yes-zee-donna","7":"ss_season-pe26","8":"product_cat-abbigliamento-donna","9":"product_cat-abiti-e-vestiti-da-donna","10":"product_cat-collezione-donna","11":"product_cat-vestiti-da-donna-corti","12":"product_tag-abiti-e-vestiti-yes-zee-donna","13":"product_tag-nuovi-arrivi-donna","15":"first","16":"instock","17":"sale","18":"shipping-taxable","19":"purchasable","20":"product-type-variable","21":"has-default-attributes"},"acf":{"ss_brand":[{"term_id":1208,"name":"YES ZEE","slug":"yes-zee-donna","term_group":0,"term_taxonomy_id":1208,"taxonomy":"ss_brand","description":"Libera il tuo istinto fashion e lasciati ispirare dalle collezioni da donna <strong>Yes Zee<\/strong> sempre all\u2019avanguardia e non perdere le nostre <strong>offerte imbattibili<\/strong>!\u00a0Acquista online su SecondaStrada.com <strong>abbigliamento da donna Yes Zee scontatissimo<\/strong>!","parent":1201,"count":734,"filter":"raw"}],"ss_promo":false,"ss_season":[{"term_id":2531,"name":"PE26","slug":"pe26","term_group":0,"term_taxonomy_id":2531,"taxonomy":"ss_season","description":"","parent":0,"count":1387,"filter":"raw"}],"ss_old_price":"0,00","ss_omnibus_price":"0,00","ss_style_advice":"<p><b>Vestito YES ZEE Verde da donna<\/b><br \/>\nIl <b>Vestito YES ZEE Verde<\/b> \u00e8 il capo ideale per chi desidera un look fresco, femminile e contemporaneo. Realizzato in <b>100% viscosa<\/b>, questo <b>vestito da donna adatto alla stagione primavera estate<\/b> offre una sensazione di leggerezza e comfort perfetta per le giornate pi\u00f9 calde.<br \/>Il design \u00e8 valorizzato dal <b>fondo non regolare<\/b>, che dona movimento e un tocco dinamico alla figura, mentre la <b>spalla imbottita<\/b> aggiunge struttura e carattere. La <b>cintura<\/b> in vita permette di definire la silhouette in modo naturale, adattandosi con facilit\u00e0 alle diverse forme del corpo. La vestibilit\u00e0 \u00e8 regolare: la modella \u00e8 alta 165 cm e indossa una taglia S.<br \/>Questo <b>vestito con fondo non regolare e spalla imbottita , cintura<\/b> \u00e8 perfetto da indossare nel tempo libero, per una giornata all\u2019aria aperta o un aperitivo con le amiche, quando vuoi sentirti curata senza rinunciare alla comodit\u00e0.<br \/>Per completare il look, puoi abbinarlo con <b>sandali bassi<\/b> per uno stile rilassato e naturale oppure con <b>tacchi<\/b> per un outfit pi\u00f9 elegante e slanciato.<br \/>Un capo versatile e attuale firmato YES ZEE, pensato per accompagnarti con stile durante tutta la stagione. Tutti i prodotti su SecondaStrada.com sono originali e selezionati con attenzione.<br \/><b>Codice articolo: A211 EN00<\/b><\/p>\n","ss_composition":"<p>100% viscosa<\/p>\n","ss_fit":"<p>La modella \u00e8 alta 165 cm e veste la taglia S. La vestibilit\u00e0 del capo \u00e8 regolare.<\/p>\n"},"yoast_head":"<!-- This site is optimized with the Yoast SEO plugin v22.3 - https:\/\/yoast.com\/wordpress\/plugins\/seo\/ -->\n<title>Vestito Yes Zee Verde - Acquista online! - Seconda Strada<\/title>\n<meta name=\"description\" content=\"Vestito Yes Zee Verde \u27a4 Acquista online su Secondastrada.com Vestito Yes Zee Verde \u2714\ufe0f Spedizione veloce entro 24h in tutta Italia \u2714\ufe0f Sconto sul tuo primo acquisto\" \/>\n<meta name=\"robots\" content=\"index, follow, max-snippet:-1, max-image-preview:large, max-video-preview:-1\" \/>\n<link rel=\"canonical\" href=\"https:\/\/www.secondastrada.com\/it\/vestito-yes-zee-verde-3\/\" \/>\n<meta property=\"og:locale\" content=\"it_IT\" \/>\n<meta property=\"og:type\" content=\"article\" \/>\n<meta property=\"og:title\" content=\"Vestito Yes Zee Verde - Acquista online! - Seconda Strada\" \/>\n<meta property=\"og:description\" content=\"Vestito Yes Zee Verde \u27a4 Acquista online su Secondastrada.com Vestito Yes Zee Verde \u2714\ufe0f Spedizione veloce entro 24h in tutta Italia \u2714\ufe0f Sconto sul tuo primo acquisto\" \/>\n<meta property=\"og:url\" content=\"https:\/\/www.secondastrada.com\/it\/vestito-yes-zee-verde-3\/\" \/>\n<meta property=\"og:site_name\" content=\"Seconda Strada\" \/>\n<meta property=\"article:modified_time\" content=\"2026-04-17T08:57:53+00:00\" \/>\n<meta property=\"og:image\" content=\"https:\/\/www.secondastrada.com\/wp-content\/uploads\/2026\/04\/A211-EN00_VERDE-MIL-SCURO_PE26_1.jpg\" \/>\n\t<meta property=\"og:image:width\" content=\"1000\" \/>\n\t<meta property=\"og:image:height\" content=\"1300\" \/>\n\t<meta property=\"og:image:type\" content=\"image\/jpeg\" \/>\n<meta name=\"twitter:card\" content=\"summary_large_image\" \/>\n<meta name=\"twitter:label1\" content=\"Tempo di lettura stimato\" \/>\n\t<meta name=\"twitter:data1\" content=\"1 minuto\" \/>\n<!-- \/ Yoast SEO plugin. -->","yoast_head_json":{"title":"Vestito Yes Zee Verde - Acquista online! - Seconda Strada","description":"Vestito Yes Zee Verde \u27a4 Acquista online su Secondastrada.com Vestito Yes Zee Verde \u2714\ufe0f Spedizione veloce entro 24h in tutta Italia \u2714\ufe0f Sconto sul tuo primo acquisto","robots":{"index":"index","follow":"follow","max-snippet":"max-snippet:-1","max-image-preview":"max-image-preview:large","max-video-preview":"max-video-preview:-1"},"canonical":"https:\/\/www.secondastrada.com\/it\/vestito-yes-zee-verde-3\/","og_locale":"it_IT","og_type":"article","og_title":"Vestito Yes Zee Verde - Acquista online! - Seconda Strada","og_description":"Vestito Yes Zee Verde \u27a4 Acquista online su Secondastrada.com Vestito Yes Zee Verde \u2714\ufe0f Spedizione veloce entro 24h in tutta Italia \u2714\ufe0f Sconto sul tuo primo acquisto","og_url":"https:\/\/www.secondastrada.com\/it\/vestito-yes-zee-verde-3\/","og_site_name":"Seconda Strada","article_modified_time":"2026-04-17T08:57:53+00:00","og_image":[{"width":1000,"height":1300,"url":"https:\/\/www.secondastrada.com\/wp-content\/uploads\/2026\/04\/A211-EN00_VERDE-MIL-SCURO_PE26_1.jpg","type":"image\/jpeg"}],"twitter_card":"summary_large_image","twitter_misc":{"Tempo di lettura stimato":"1 minuto"},"schema":{"@context":"https:\/\/schema.org","@graph":[{"@type":"WebPage","@id":"https:\/\/www.secondastrada.com\/it\/vestito-yes-zee-verde-3\/","url":"https:\/\/www.secondastrada.com\/it\/vestito-yes-zee-verde-3\/","name":"Vestito Yes Zee Verde - Acquista online! - Seconda Strada","isPartOf":{"@id":"https:\/\/www.secondastrada.com\/it\/#website"},"primaryImageOfPage":{"@id":"https:\/\/www.secondastrada.com\/it\/vestito-yes-zee-verde-3\/#primaryimage"},"image":{"@id":"https:\/\/www.secondastrada.com\/it\/vestito-yes-zee-verde-3\/#primaryimage"},"thumbnailUrl":"https:\/\/www.secondastrada.com\/wp-content\/uploads\/2026\/04\/A211-EN00_VERDE-MIL-SCURO_PE26_1.jpg","datePublished":"2026-04-17T07:11:25+00:00","dateModified":"2026-04-17T08:57:53+00:00","description":"Vestito Yes Zee Verde \u27a4 Acquista online su Secondastrada.com Vestito Yes Zee Verde \u2714\ufe0f Spedizione veloce entro 24h in tutta Italia \u2714\ufe0f Sconto sul tuo primo acquisto","breadcrumb":{"@id":"https:\/\/www.secondastrada.com\/it\/vestito-yes-zee-verde-3\/#breadcrumb"},"inLanguage":"it-IT","potentialAction":[{"@type":"ReadAction","target":["https:\/\/www.secondastrada.com\/it\/vestito-yes-zee-verde-3\/"]}]},{"@type":"ImageObject","inLanguage":"it-IT","@id":"https:\/\/www.secondastrada.com\/it\/vestito-yes-zee-verde-3\/#primaryimage","url":"https:\/\/www.secondastrada.com\/wp-content\/uploads\/2026\/04\/A211-EN00_VERDE-MIL-SCURO_PE26_1.jpg","contentUrl":"https:\/\/www.secondastrada.com\/wp-content\/uploads\/2026\/04\/A211-EN00_VERDE-MIL-SCURO_PE26_1.jpg","width":1000,"height":1300,"caption":"A211-EN00_VERDE-MIL-SCURO_PE26"},{"@type":"BreadcrumbList","@id":"https:\/\/www.secondastrada.com\/it\/vestito-yes-zee-verde-3\/#breadcrumb","itemListElement":[{"@type":"ListItem","position":1,"name":"Home","item":"https:\/\/www.secondastrada.com\/it\/"},{"@type":"ListItem","position":2,"name":"Shop","item":"https:\/\/www.secondastrada.com\/it\/shop\/"},{"@type":"ListItem","position":3,"name":"Donna","item":"https:\/\/www.secondastrada.com\/it\/collezione-donna\/"},{"@type":"ListItem","position":4,"name":"Abbigliamento","item":"https:\/\/www.secondastrada.com\/it\/collezione-donna\/abbigliamento-donna\/"},{"@type":"ListItem","position":5,"name":"Abiti e Vestiti","item":"https:\/\/www.secondastrada.com\/it\/collezione-donna\/abbigliamento-donna\/abiti-e-vestiti-da-donna\/"},{"@type":"ListItem","position":6,"name":"Vestiti corti","item":"https:\/\/www.secondastrada.com\/it\/collezione-donna\/abbigliamento-donna\/abiti-e-vestiti-da-donna\/vestiti-da-donna-corti\/"},{"@type":"ListItem","position":7,"name":"Vestito Yes Zee Verde"}]},{"@type":"WebSite","@id":"https:\/\/www.secondastrada.com\/it\/#website","url":"https:\/\/www.secondastrada.com\/it\/","name":"Seconda Strada","description":"","publisher":{"@id":"https:\/\/www.secondastrada.com\/it\/#organization"},"potentialAction":[{"@type":"SearchAction","target":{"@type":"EntryPoint","urlTemplate":"https:\/\/www.secondastrada.com\/it\/?s={search_term_string}"},"query-input":"required name=search_term_string"}],"inLanguage":"it-IT"},{"@type":"Organization","@id":"https:\/\/www.secondastrada.com\/it\/#organization","name":"Seconda Strada","url":"https:\/\/www.secondastrada.com\/it\/","logo":{"@type":"ImageObject","inLanguage":"it-IT","@id":"https:\/\/www.secondastrada.com\/it\/#\/schema\/logo\/image\/","url":"https:\/\/www.secondastrada.com\/wp-content\/uploads\/2023\/11\/secondastrada-logo.svg","contentUrl":"https:\/\/www.secondastrada.com\/wp-content\/uploads\/2023\/11\/secondastrada-logo.svg","width":353,"height":47,"caption":"Seconda Strada"},"image":{"@id":"https:\/\/www.secondastrada.com\/it\/#\/schema\/logo\/image\/"}}]}},"df_price":53.94,"df_sale_price":"","df_regular_price":53.94,"df_image_link":"https:\/\/www.secondastrada.com\/wp-content\/uploads\/2026\/04\/A211-EN00_VERDE-MIL-SCURO_PE26_1-300x300.jpg","_links":{"self":[{"href":"https:\/\/www.secondastrada.com\/it\/wp-json\/wp\/v2\/product\/358317"}],"collection":[{"href":"https:\/\/www.secondastrada.com\/it\/wp-json\/wp\/v2\/product"}],"about":[{"href":"https:\/\/www.secondastrada.com\/it\/wp-json\/wp\/v2\/types\/product"}],"wp:featuredmedia":[{"embeddable":true,"href":"https:\/\/www.secondastrada.com\/it\/wp-json\/wp\/v2\/media\/359364"}],"wp:attachment":[{"href":"https:\/\/www.secondastrada.com\/it\/wp-json\/wp\/v2\/media?parent=358317"}],"wp:term":[{"taxonomy":"ss_brand","embeddable":true,"href":"https:\/\/www.secondastrada.com\/it\/wp-json\/wp\/v2\/ss_brand?post=358317"},{"taxonomy":"ss_promo","embeddable":true,"href":"https:\/\/www.secondastrada.com\/it\/wp-json\/wp\/v2\/ss_promo?post=358317"},{"taxonomy":"ss_season","embeddable":true,"href":"https:\/\/www.secondastrada.com\/it\/wp-json\/wp\/v2\/ss_season?post=358317"},{"taxonomy":"product_cat","embeddable":true,"href":"https:\/\/www.secondastrada.com\/it\/wp-json\/wp\/v2\/product_cat?post=358317"},{"taxonomy":"product_tag","embeddable":true,"href":"https:\/\/www.secondastrada.com\/it\/wp-json\/wp\/v2\/product_tag?post=358317"}],"curies":[{"name":"wp","href":"https:\/\/api.w.org\/{rel}","templated":true}]}}