{"id":358439,"date":"2026-04-17T09:21:10","date_gmt":"2026-04-17T07:21:10","guid":{"rendered":"https:\/\/www.secondastrada.com\/it\/felpa-yes-zee-verde-3\/"},"modified":"2026-04-17T11:27:08","modified_gmt":"2026-04-17T09:27:08","slug":"felpa-yes-zee-verde-3","status":"publish","type":"product","link":"https:\/\/www.secondastrada.com\/it\/felpa-yes-zee-verde-3\/","title":{"rendered":"Felpa Yes Zee Verde"},"content":{"rendered":"<p><b>Felpa YES ZEE Verde da uomo<\/b><br \/>\nLa <b>Felpa YES ZEE Verde<\/b> \u00e8 il capo perfetto per chi desidera uno stile casual ma curato, ideale per accompagnarti con comfort nelle giornate pi\u00f9 dinamiche. Realizzata in un mix di <b>75% cotone, 22% poliestere e 3% elastina<\/b>, questa <b>felpa da uomo adatta alla stagione primavera estate<\/b> offre una piacevole sensazione di morbidezza e una vestibilit\u00e0 confortevole, perfetta per l\u2019uso quotidiano.<br \/>Il design essenziale \u00e8 caratterizzato dal <b>girocollo classico<\/b>, un dettaglio intramontabile che si adatta facilmente a qualsiasi look, e dal <b>patch logo brand<\/b> che aggiunge un tocco distintivo e moderno. La vestibilit\u00e0 \u00e8 regolare: il modello \u00e8 alto 187 cm e indossa una taglia L.<br \/>Questa <b>felpa con Girocollo classico, patch logo brand<\/b> \u00e8 ideale da indossare nel tempo libero, per una passeggiata, un viaggio o semplicemente per vivere la giornata con uno stile rilassato ma sempre curato.<br \/>Puoi abbinarla facilmente a <b>jeans<\/b> per un outfit casual e senza tempo oppure a <b>sneakers<\/b> per un look pi\u00f9 sportivo e dinamico.<br \/>Un capo firmato YES ZEE pensato per offrirti praticit\u00e0 e stile in ogni occasione, diventando un alleato versatile del tuo guardaroba. Tutti i prodotti su SecondaStrada.com sono originali e selezionati con cura.<br \/><b>Codice articolo: F526 T800<\/b><\/p>\n","protected":false},"excerpt":{"rendered":"<p>Felpa YES ZEE Verde da uomo La Felpa YES ZEE Verde \u00e8 il capo perfetto per chi desidera uno stile casual ma curato, ideale per accompagnarti con comfort nelle giornate pi\u00f9 dinamiche. Realizzata in un mix di 75% cotone, 22% poliestere e 3% elastina, questa felpa da uomo adatta alla stagione primavera estate offre una&#8230;<\/p>\n","protected":false},"featured_media":359446,"template":"","meta":{"inline_featured_image":false},"ss_brand":[1280],"ss_promo":[],"ss_season":[2531],"product_cat":[1332,1480,1714],"product_tag":[1731,1993],"class_list":{"0":"post-358439","1":"product","2":"type-product","3":"status-publish","4":"has-post-thumbnail","6":"ss_brand-yes-zee-uomo","7":"ss_season-pe26","8":"product_cat-abbigliamento-uomo","9":"product_cat-felpe-da-uomo","10":"product_cat-collezione-uomo","11":"product_tag-felpe-yes-zee-uomo","12":"product_tag-nuovi-arrivi-uomo","14":"first","15":"instock","16":"sale","17":"shipping-taxable","18":"purchasable","19":"product-type-variable","20":"has-default-attributes"},"acf":{"ss_brand":[{"term_id":1280,"name":"YES ZEE","slug":"yes-zee-uomo","term_group":0,"term_taxonomy_id":1280,"taxonomy":"ss_brand","description":"Non un semplice marchio di <strong>abbigliamento da uomo<\/strong>: <strong>Yes Zee<\/strong> \u00e8 il brand perfetto per rivoluzionare con stile tutti i tuoi look metropolitani! Scopri subito le offerte esclusive del nostro store online e acquista <strong>Yes zee da uomo a prezzi scontatissimi<\/strong>.","parent":1268,"count":487,"filter":"raw"}],"ss_promo":false,"ss_season":[{"term_id":2531,"name":"PE26","slug":"pe26","term_group":0,"term_taxonomy_id":2531,"taxonomy":"ss_season","description":"","parent":0,"count":1387,"filter":"raw"}],"ss_old_price":"0,00","ss_omnibus_price":"0,00","ss_style_advice":"<p><b>Felpa YES ZEE Verde da uomo<\/b><br \/>\nLa <b>Felpa YES ZEE Verde<\/b> \u00e8 il capo perfetto per chi desidera uno stile casual ma curato, ideale per accompagnarti con comfort nelle giornate pi\u00f9 dinamiche. Realizzata in un mix di <b>75% cotone, 22% poliestere e 3% elastina<\/b>, questa <b>felpa da uomo adatta alla stagione primavera estate<\/b> offre una piacevole sensazione di morbidezza e una vestibilit\u00e0 confortevole, perfetta per l\u2019uso quotidiano.<br \/>Il design essenziale \u00e8 caratterizzato dal <b>girocollo classico<\/b>, un dettaglio intramontabile che si adatta facilmente a qualsiasi look, e dal <b>patch logo brand<\/b> che aggiunge un tocco distintivo e moderno. La vestibilit\u00e0 \u00e8 regolare: il modello \u00e8 alto 187 cm e indossa una taglia L.<br \/>Questa <b>felpa con Girocollo classico, patch logo brand<\/b> \u00e8 ideale da indossare nel tempo libero, per una passeggiata, un viaggio o semplicemente per vivere la giornata con uno stile rilassato ma sempre curato.<br \/>Puoi abbinarla facilmente a <b>jeans<\/b> per un outfit casual e senza tempo oppure a <b>sneakers<\/b> per un look pi\u00f9 sportivo e dinamico.<br \/>Un capo firmato YES ZEE pensato per offrirti praticit\u00e0 e stile in ogni occasione, diventando un alleato versatile del tuo guardaroba. Tutti i prodotti su SecondaStrada.com sono originali e selezionati con cura.<br \/><b>Codice articolo: F526 T800<\/b><\/p>\n","ss_composition":"<p>75% cotone 22% poliestere 3% elastina<\/p>\n","ss_fit":"<p>Il modello \u00e8 alto 187 cm e veste la taglia L. La vestibilit\u00e0 del capo \u00e8 regolare.<\/p>\n"},"yoast_head":"<!-- This site is optimized with the Yoast SEO plugin v22.3 - https:\/\/yoast.com\/wordpress\/plugins\/seo\/ -->\n<title>Felpa Yes Zee Verde - Acquista online! - Seconda Strada<\/title>\n<meta name=\"description\" content=\"Felpa Yes Zee Verde \u27a4 Acquista online su Secondastrada.com Felpa Yes Zee Verde \u2714\ufe0f Spedizione veloce entro 24h in tutta Italia \u2714\ufe0f Sconto sul tuo primo acquisto\" \/>\n<meta name=\"robots\" content=\"index, follow, max-snippet:-1, max-image-preview:large, max-video-preview:-1\" \/>\n<link rel=\"canonical\" href=\"https:\/\/www.secondastrada.com\/it\/felpa-yes-zee-verde-3\/\" \/>\n<meta property=\"og:locale\" content=\"it_IT\" \/>\n<meta property=\"og:type\" content=\"article\" \/>\n<meta property=\"og:title\" content=\"Felpa Yes Zee Verde - Acquista online! - Seconda Strada\" \/>\n<meta property=\"og:description\" content=\"Felpa Yes Zee Verde \u27a4 Acquista online su Secondastrada.com Felpa Yes Zee Verde \u2714\ufe0f Spedizione veloce entro 24h in tutta Italia \u2714\ufe0f Sconto sul tuo primo acquisto\" \/>\n<meta property=\"og:url\" content=\"https:\/\/www.secondastrada.com\/it\/felpa-yes-zee-verde-3\/\" \/>\n<meta property=\"og:site_name\" content=\"Seconda Strada\" \/>\n<meta property=\"article:modified_time\" content=\"2026-04-17T09:27:08+00:00\" \/>\n<meta property=\"og:image\" content=\"https:\/\/www.secondastrada.com\/wp-content\/uploads\/2026\/04\/F526-T800_VERDE-MILITARE_PE26_1.jpg\" \/>\n\t<meta property=\"og:image:width\" content=\"1000\" \/>\n\t<meta property=\"og:image:height\" content=\"1300\" \/>\n\t<meta property=\"og:image:type\" content=\"image\/jpeg\" \/>\n<meta name=\"twitter:card\" content=\"summary_large_image\" \/>\n<meta name=\"twitter:label1\" content=\"Tempo di lettura stimato\" \/>\n\t<meta name=\"twitter:data1\" content=\"1 minuto\" \/>\n<!-- \/ Yoast SEO plugin. -->","yoast_head_json":{"title":"Felpa Yes Zee Verde - Acquista online! - Seconda Strada","description":"Felpa Yes Zee Verde \u27a4 Acquista online su Secondastrada.com Felpa Yes Zee Verde \u2714\ufe0f Spedizione veloce entro 24h in tutta Italia \u2714\ufe0f Sconto sul tuo primo acquisto","robots":{"index":"index","follow":"follow","max-snippet":"max-snippet:-1","max-image-preview":"max-image-preview:large","max-video-preview":"max-video-preview:-1"},"canonical":"https:\/\/www.secondastrada.com\/it\/felpa-yes-zee-verde-3\/","og_locale":"it_IT","og_type":"article","og_title":"Felpa Yes Zee Verde - Acquista online! - Seconda Strada","og_description":"Felpa Yes Zee Verde \u27a4 Acquista online su Secondastrada.com Felpa Yes Zee Verde \u2714\ufe0f Spedizione veloce entro 24h in tutta Italia \u2714\ufe0f Sconto sul tuo primo acquisto","og_url":"https:\/\/www.secondastrada.com\/it\/felpa-yes-zee-verde-3\/","og_site_name":"Seconda Strada","article_modified_time":"2026-04-17T09:27:08+00:00","og_image":[{"width":1000,"height":1300,"url":"https:\/\/www.secondastrada.com\/wp-content\/uploads\/2026\/04\/F526-T800_VERDE-MILITARE_PE26_1.jpg","type":"image\/jpeg"}],"twitter_card":"summary_large_image","twitter_misc":{"Tempo di lettura stimato":"1 minuto"},"schema":{"@context":"https:\/\/schema.org","@graph":[{"@type":"WebPage","@id":"https:\/\/www.secondastrada.com\/it\/felpa-yes-zee-verde-3\/","url":"https:\/\/www.secondastrada.com\/it\/felpa-yes-zee-verde-3\/","name":"Felpa Yes Zee Verde - Acquista online! - Seconda Strada","isPartOf":{"@id":"https:\/\/www.secondastrada.com\/it\/#website"},"primaryImageOfPage":{"@id":"https:\/\/www.secondastrada.com\/it\/felpa-yes-zee-verde-3\/#primaryimage"},"image":{"@id":"https:\/\/www.secondastrada.com\/it\/felpa-yes-zee-verde-3\/#primaryimage"},"thumbnailUrl":"https:\/\/www.secondastrada.com\/wp-content\/uploads\/2026\/04\/F526-T800_VERDE-MILITARE_PE26_1.jpg","datePublished":"2026-04-17T07:21:10+00:00","dateModified":"2026-04-17T09:27:08+00:00","description":"Felpa Yes Zee Verde \u27a4 Acquista online su Secondastrada.com Felpa Yes Zee Verde \u2714\ufe0f Spedizione veloce entro 24h in tutta Italia \u2714\ufe0f Sconto sul tuo primo acquisto","breadcrumb":{"@id":"https:\/\/www.secondastrada.com\/it\/felpa-yes-zee-verde-3\/#breadcrumb"},"inLanguage":"it-IT","potentialAction":[{"@type":"ReadAction","target":["https:\/\/www.secondastrada.com\/it\/felpa-yes-zee-verde-3\/"]}]},{"@type":"ImageObject","inLanguage":"it-IT","@id":"https:\/\/www.secondastrada.com\/it\/felpa-yes-zee-verde-3\/#primaryimage","url":"https:\/\/www.secondastrada.com\/wp-content\/uploads\/2026\/04\/F526-T800_VERDE-MILITARE_PE26_1.jpg","contentUrl":"https:\/\/www.secondastrada.com\/wp-content\/uploads\/2026\/04\/F526-T800_VERDE-MILITARE_PE26_1.jpg","width":1000,"height":1300,"caption":"F526-T800_VERDE-MILITARE_PE26"},{"@type":"BreadcrumbList","@id":"https:\/\/www.secondastrada.com\/it\/felpa-yes-zee-verde-3\/#breadcrumb","itemListElement":[{"@type":"ListItem","position":1,"name":"Home","item":"https:\/\/www.secondastrada.com\/it\/"},{"@type":"ListItem","position":2,"name":"Shop","item":"https:\/\/www.secondastrada.com\/it\/shop\/"},{"@type":"ListItem","position":3,"name":"Uomo","item":"https:\/\/www.secondastrada.com\/it\/collezione-uomo\/"},{"@type":"ListItem","position":4,"name":"Abbigliamento","item":"https:\/\/www.secondastrada.com\/it\/collezione-uomo\/abbigliamento-uomo\/"},{"@type":"ListItem","position":5,"name":"Felpe","item":"https:\/\/www.secondastrada.com\/it\/collezione-uomo\/abbigliamento-uomo\/felpe-da-uomo\/"},{"@type":"ListItem","position":6,"name":"Felpa Yes Zee Verde"}]},{"@type":"WebSite","@id":"https:\/\/www.secondastrada.com\/it\/#website","url":"https:\/\/www.secondastrada.com\/it\/","name":"Seconda Strada","description":"","publisher":{"@id":"https:\/\/www.secondastrada.com\/it\/#organization"},"potentialAction":[{"@type":"SearchAction","target":{"@type":"EntryPoint","urlTemplate":"https:\/\/www.secondastrada.com\/it\/?s={search_term_string}"},"query-input":"required name=search_term_string"}],"inLanguage":"it-IT"},{"@type":"Organization","@id":"https:\/\/www.secondastrada.com\/it\/#organization","name":"Seconda Strada","url":"https:\/\/www.secondastrada.com\/it\/","logo":{"@type":"ImageObject","inLanguage":"it-IT","@id":"https:\/\/www.secondastrada.com\/it\/#\/schema\/logo\/image\/","url":"https:\/\/www.secondastrada.com\/wp-content\/uploads\/2023\/11\/secondastrada-logo.svg","contentUrl":"https:\/\/www.secondastrada.com\/wp-content\/uploads\/2023\/11\/secondastrada-logo.svg","width":353,"height":47,"caption":"Seconda Strada"},"image":{"@id":"https:\/\/www.secondastrada.com\/it\/#\/schema\/logo\/image\/"}}]}},"df_price":35.94,"df_sale_price":"","df_regular_price":35.94,"df_image_link":"https:\/\/www.secondastrada.com\/wp-content\/uploads\/2026\/04\/F526-T800_VERDE-MILITARE_PE26_1-300x300.jpg","_links":{"self":[{"href":"https:\/\/www.secondastrada.com\/it\/wp-json\/wp\/v2\/product\/358439"}],"collection":[{"href":"https:\/\/www.secondastrada.com\/it\/wp-json\/wp\/v2\/product"}],"about":[{"href":"https:\/\/www.secondastrada.com\/it\/wp-json\/wp\/v2\/types\/product"}],"wp:featuredmedia":[{"embeddable":true,"href":"https:\/\/www.secondastrada.com\/it\/wp-json\/wp\/v2\/media\/359446"}],"wp:attachment":[{"href":"https:\/\/www.secondastrada.com\/it\/wp-json\/wp\/v2\/media?parent=358439"}],"wp:term":[{"taxonomy":"ss_brand","embeddable":true,"href":"https:\/\/www.secondastrada.com\/it\/wp-json\/wp\/v2\/ss_brand?post=358439"},{"taxonomy":"ss_promo","embeddable":true,"href":"https:\/\/www.secondastrada.com\/it\/wp-json\/wp\/v2\/ss_promo?post=358439"},{"taxonomy":"ss_season","embeddable":true,"href":"https:\/\/www.secondastrada.com\/it\/wp-json\/wp\/v2\/ss_season?post=358439"},{"taxonomy":"product_cat","embeddable":true,"href":"https:\/\/www.secondastrada.com\/it\/wp-json\/wp\/v2\/product_cat?post=358439"},{"taxonomy":"product_tag","embeddable":true,"href":"https:\/\/www.secondastrada.com\/it\/wp-json\/wp\/v2\/product_tag?post=358439"}],"curies":[{"name":"wp","href":"https:\/\/api.w.org\/{rel}","templated":true}]}}