{"id":358569,"date":"2026-04-17T09:31:22","date_gmt":"2026-04-17T07:31:22","guid":{"rendered":"https:\/\/www.secondastrada.com\/it\/t-shirt-yes-zee-blu-53\/"},"modified":"2026-04-20T12:01:01","modified_gmt":"2026-04-20T10:01:01","slug":"t-shirt-yes-zee-blu-53","status":"publish","type":"product","link":"https:\/\/www.secondastrada.com\/it\/t-shirt-yes-zee-blu-53\/","title":{"rendered":"T-shirt Yes Zee Blu"},"content":{"rendered":"<p><b>T-shirt YES ZEE Blu da uomo<\/b><br \/>\nLa <b>T-shirt YES ZEE Blu<\/b> \u00e8 il capo perfetto per chi cerca uno stile essenziale ma curato, ideale per accompagnarti in ogni momento della giornata. Realizzata in un morbido mix di <b>95% cotone e 5% elastina<\/b>, questa <b>T-shirt da uomo adatta in tutte le stagioni<\/b> garantisce comfort, elasticit\u00e0 e una vestibilit\u00e0 piacevole sulla pelle.<br \/>Il design pulito \u00e8 valorizzato dallo <b>scollo tondo<\/b>, un classico intramontabile che si adatta facilmente a ogni look, e dalla <b>piccola stampa logo tono su tono<\/b>, un dettaglio discreto che aggiunge personalit\u00e0 senza risultare invasivo. La vestibilit\u00e0 \u00e8 regolare: il modello \u00e8 alto 187 cm e indossa una taglia L, offrendo una linea comoda ma sempre ordinata.<br \/>Questa <b>T-shirt con scollo tondo , piccola stampa logo tono su tono<\/b> \u00e8 perfetta da indossare nel tempo libero o in contesti informali in ufficio, quando desideri un outfit semplice ma curato.<br \/>Puoi abbinarla con <b>bermuda<\/b> per un look fresco e rilassato, oppure con <b>sneakers<\/b> per completare uno stile casual e dinamico.<br \/>Un capo firmato YES ZEE pensato per diventare un alleato quotidiano del tuo guardaroba, grazie alla sua versatilit\u00e0 e al suo stile senza tempo. Tutti i prodotti su SecondaStrada.com sono originali e selezionati con cura.<br \/><b>Codice articolo: T778 TA00<\/b><\/p>\n","protected":false},"excerpt":{"rendered":"<p>T-shirt YES ZEE Blu da uomo La T-shirt YES ZEE Blu \u00e8 il capo perfetto per chi cerca uno stile essenziale ma curato, ideale per accompagnarti in ogni momento della giornata. Realizzata in un morbido mix di 95% cotone e 5% elastina, questa T-shirt da uomo adatta in tutte le stagioni garantisce comfort, elasticit\u00e0 e&#8230;<\/p>\n","protected":false},"featured_media":359262,"template":"","meta":{"inline_featured_image":false},"ss_brand":[1280],"ss_promo":[],"ss_season":[2531],"product_cat":[1332,1479,2276,1714],"product_tag":[1993,1730],"class_list":{"0":"post-358569","1":"product","2":"type-product","3":"status-publish","4":"has-post-thumbnail","6":"ss_brand-yes-zee-uomo","7":"ss_season-pe26","8":"product_cat-abbigliamento-uomo","9":"product_cat-t-shirt-da-uomo","10":"product_cat-t-shirt-in-cotone-da-uomo","11":"product_cat-collezione-uomo","12":"product_tag-nuovi-arrivi-uomo","13":"product_tag-t-shirt-yes-zee-uomo","15":"first","16":"instock","17":"sale","18":"shipping-taxable","19":"purchasable","20":"product-type-variable","21":"has-default-attributes"},"acf":{"ss_brand":[{"term_id":1280,"name":"YES ZEE","slug":"yes-zee-uomo","term_group":0,"term_taxonomy_id":1280,"taxonomy":"ss_brand","description":"Non un semplice marchio di <strong>abbigliamento da uomo<\/strong>: <strong>Yes Zee<\/strong> \u00e8 il brand perfetto per rivoluzionare con stile tutti i tuoi look metropolitani! Scopri subito le offerte esclusive del nostro store online e acquista <strong>Yes zee da uomo a prezzi scontatissimi<\/strong>.","parent":1268,"count":491,"filter":"raw"}],"ss_promo":false,"ss_season":[{"term_id":2531,"name":"PE26","slug":"pe26","term_group":0,"term_taxonomy_id":2531,"taxonomy":"ss_season","description":"","parent":0,"count":1422,"filter":"raw"}],"ss_old_price":"0,00","ss_omnibus_price":"0,00","ss_style_advice":"<p><b>T-shirt YES ZEE Blu da uomo<\/b><br \/>\nLa <b>T-shirt YES ZEE Blu<\/b> \u00e8 il capo perfetto per chi cerca uno stile essenziale ma curato, ideale per accompagnarti in ogni momento della giornata. Realizzata in un morbido mix di <b>95% cotone e 5% elastina<\/b>, questa <b>T-shirt da uomo adatta in tutte le stagioni<\/b> garantisce comfort, elasticit\u00e0 e una vestibilit\u00e0 piacevole sulla pelle.<br \/>Il design pulito \u00e8 valorizzato dallo <b>scollo tondo<\/b>, un classico intramontabile che si adatta facilmente a ogni look, e dalla <b>piccola stampa logo tono su tono<\/b>, un dettaglio discreto che aggiunge personalit\u00e0 senza risultare invasivo. La vestibilit\u00e0 \u00e8 regolare: il modello \u00e8 alto 187 cm e indossa una taglia L, offrendo una linea comoda ma sempre ordinata.<br \/>Questa <b>T-shirt con scollo tondo , piccola stampa logo tono su tono<\/b> \u00e8 perfetta da indossare nel tempo libero o in contesti informali in ufficio, quando desideri un outfit semplice ma curato.<br \/>Puoi abbinarla con <b>bermuda<\/b> per un look fresco e rilassato, oppure con <b>sneakers<\/b> per completare uno stile casual e dinamico.<br \/>Un capo firmato YES ZEE pensato per diventare un alleato quotidiano del tuo guardaroba, grazie alla sua versatilit\u00e0 e al suo stile senza tempo. Tutti i prodotti su SecondaStrada.com sono originali e selezionati con cura.<br \/><b>Codice articolo: T778 TA00<\/b><\/p>\n","ss_composition":"<p>95% cotone 5% elastina<\/p>\n","ss_fit":"<p>Il modello \u00e8 alto 187 cm e veste la taglia L. La vestibilit\u00e0 del capo \u00e8 regolare.<\/p>\n"},"yoast_head":"<!-- This site is optimized with the Yoast SEO plugin v22.3 - https:\/\/yoast.com\/wordpress\/plugins\/seo\/ -->\n<title>T-shirt Yes Zee Blu - Acquista online! - Seconda Strada<\/title>\n<meta name=\"description\" content=\"T-shirt Yes Zee Blu \u27a4 Acquista online su Secondastrada.com T-shirt Yes Zee Blu \u2714\ufe0f Spedizione veloce entro 24h in tutta Italia \u2714\ufe0f Sconto sul tuo primo acquisto\" \/>\n<meta name=\"robots\" content=\"index, follow, max-snippet:-1, max-image-preview:large, max-video-preview:-1\" \/>\n<link rel=\"canonical\" href=\"https:\/\/www.secondastrada.com\/it\/t-shirt-yes-zee-blu-53\/\" \/>\n<meta property=\"og:locale\" content=\"it_IT\" \/>\n<meta property=\"og:type\" content=\"article\" \/>\n<meta property=\"og:title\" content=\"T-shirt Yes Zee Blu - Acquista online! - Seconda Strada\" \/>\n<meta property=\"og:description\" content=\"T-shirt Yes Zee Blu \u27a4 Acquista online su Secondastrada.com T-shirt Yes Zee Blu \u2714\ufe0f Spedizione veloce entro 24h in tutta Italia \u2714\ufe0f Sconto sul tuo primo acquisto\" \/>\n<meta property=\"og:url\" content=\"https:\/\/www.secondastrada.com\/it\/t-shirt-yes-zee-blu-53\/\" \/>\n<meta property=\"og:site_name\" content=\"Seconda Strada\" \/>\n<meta property=\"article:modified_time\" content=\"2026-04-20T10:01:01+00:00\" \/>\n<meta property=\"og:image\" content=\"https:\/\/www.secondastrada.com\/wp-content\/uploads\/2026\/04\/T778-TA00_BLU-NAVY_PE26_1.jpg\" \/>\n\t<meta property=\"og:image:width\" content=\"1000\" \/>\n\t<meta property=\"og:image:height\" content=\"1300\" \/>\n\t<meta property=\"og:image:type\" content=\"image\/jpeg\" \/>\n<meta name=\"twitter:card\" content=\"summary_large_image\" \/>\n<meta name=\"twitter:label1\" content=\"Tempo di lettura stimato\" \/>\n\t<meta name=\"twitter:data1\" content=\"1 minuto\" \/>\n<!-- \/ Yoast SEO plugin. -->","yoast_head_json":{"title":"T-shirt Yes Zee Blu - Acquista online! - Seconda Strada","description":"T-shirt Yes Zee Blu \u27a4 Acquista online su Secondastrada.com T-shirt Yes Zee Blu \u2714\ufe0f Spedizione veloce entro 24h in tutta Italia \u2714\ufe0f Sconto sul tuo primo acquisto","robots":{"index":"index","follow":"follow","max-snippet":"max-snippet:-1","max-image-preview":"max-image-preview:large","max-video-preview":"max-video-preview:-1"},"canonical":"https:\/\/www.secondastrada.com\/it\/t-shirt-yes-zee-blu-53\/","og_locale":"it_IT","og_type":"article","og_title":"T-shirt Yes Zee Blu - Acquista online! - Seconda Strada","og_description":"T-shirt Yes Zee Blu \u27a4 Acquista online su Secondastrada.com T-shirt Yes Zee Blu \u2714\ufe0f Spedizione veloce entro 24h in tutta Italia \u2714\ufe0f Sconto sul tuo primo acquisto","og_url":"https:\/\/www.secondastrada.com\/it\/t-shirt-yes-zee-blu-53\/","og_site_name":"Seconda Strada","article_modified_time":"2026-04-20T10:01:01+00:00","og_image":[{"width":1000,"height":1300,"url":"https:\/\/www.secondastrada.com\/wp-content\/uploads\/2026\/04\/T778-TA00_BLU-NAVY_PE26_1.jpg","type":"image\/jpeg"}],"twitter_card":"summary_large_image","twitter_misc":{"Tempo di lettura stimato":"1 minuto"},"schema":{"@context":"https:\/\/schema.org","@graph":[{"@type":"WebPage","@id":"https:\/\/www.secondastrada.com\/it\/t-shirt-yes-zee-blu-53\/","url":"https:\/\/www.secondastrada.com\/it\/t-shirt-yes-zee-blu-53\/","name":"T-shirt Yes Zee Blu - Acquista online! - Seconda Strada","isPartOf":{"@id":"https:\/\/www.secondastrada.com\/it\/#website"},"primaryImageOfPage":{"@id":"https:\/\/www.secondastrada.com\/it\/t-shirt-yes-zee-blu-53\/#primaryimage"},"image":{"@id":"https:\/\/www.secondastrada.com\/it\/t-shirt-yes-zee-blu-53\/#primaryimage"},"thumbnailUrl":"https:\/\/www.secondastrada.com\/wp-content\/uploads\/2026\/04\/T778-TA00_BLU-NAVY_PE26_1.jpg","datePublished":"2026-04-17T07:31:22+00:00","dateModified":"2026-04-20T10:01:01+00:00","description":"T-shirt Yes Zee Blu \u27a4 Acquista online su Secondastrada.com T-shirt Yes Zee Blu \u2714\ufe0f Spedizione veloce entro 24h in tutta Italia \u2714\ufe0f Sconto sul tuo primo acquisto","breadcrumb":{"@id":"https:\/\/www.secondastrada.com\/it\/t-shirt-yes-zee-blu-53\/#breadcrumb"},"inLanguage":"it-IT","potentialAction":[{"@type":"ReadAction","target":["https:\/\/www.secondastrada.com\/it\/t-shirt-yes-zee-blu-53\/"]}]},{"@type":"ImageObject","inLanguage":"it-IT","@id":"https:\/\/www.secondastrada.com\/it\/t-shirt-yes-zee-blu-53\/#primaryimage","url":"https:\/\/www.secondastrada.com\/wp-content\/uploads\/2026\/04\/T778-TA00_BLU-NAVY_PE26_1.jpg","contentUrl":"https:\/\/www.secondastrada.com\/wp-content\/uploads\/2026\/04\/T778-TA00_BLU-NAVY_PE26_1.jpg","width":1000,"height":1300,"caption":"T778-TA00_BLU-NAVY_PE26"},{"@type":"BreadcrumbList","@id":"https:\/\/www.secondastrada.com\/it\/t-shirt-yes-zee-blu-53\/#breadcrumb","itemListElement":[{"@type":"ListItem","position":1,"name":"Home","item":"https:\/\/www.secondastrada.com\/it\/"},{"@type":"ListItem","position":2,"name":"Shop","item":"https:\/\/www.secondastrada.com\/it\/shop\/"},{"@type":"ListItem","position":3,"name":"Uomo","item":"https:\/\/www.secondastrada.com\/it\/collezione-uomo\/"},{"@type":"ListItem","position":4,"name":"Abbigliamento","item":"https:\/\/www.secondastrada.com\/it\/collezione-uomo\/abbigliamento-uomo\/"},{"@type":"ListItem","position":5,"name":"T-shirt","item":"https:\/\/www.secondastrada.com\/it\/collezione-uomo\/abbigliamento-uomo\/t-shirt-da-uomo\/"},{"@type":"ListItem","position":6,"name":"T-shirt in cotone","item":"https:\/\/www.secondastrada.com\/it\/collezione-uomo\/abbigliamento-uomo\/t-shirt-da-uomo\/t-shirt-in-cotone-da-uomo\/"},{"@type":"ListItem","position":7,"name":"T-shirt Yes Zee Blu"}]},{"@type":"WebSite","@id":"https:\/\/www.secondastrada.com\/it\/#website","url":"https:\/\/www.secondastrada.com\/it\/","name":"Seconda Strada","description":"","publisher":{"@id":"https:\/\/www.secondastrada.com\/it\/#organization"},"potentialAction":[{"@type":"SearchAction","target":{"@type":"EntryPoint","urlTemplate":"https:\/\/www.secondastrada.com\/it\/?s={search_term_string}"},"query-input":"required name=search_term_string"}],"inLanguage":"it-IT"},{"@type":"Organization","@id":"https:\/\/www.secondastrada.com\/it\/#organization","name":"Seconda Strada","url":"https:\/\/www.secondastrada.com\/it\/","logo":{"@type":"ImageObject","inLanguage":"it-IT","@id":"https:\/\/www.secondastrada.com\/it\/#\/schema\/logo\/image\/","url":"https:\/\/www.secondastrada.com\/wp-content\/uploads\/2023\/11\/secondastrada-logo.svg","contentUrl":"https:\/\/www.secondastrada.com\/wp-content\/uploads\/2023\/11\/secondastrada-logo.svg","width":353,"height":47,"caption":"Seconda Strada"},"image":{"@id":"https:\/\/www.secondastrada.com\/it\/#\/schema\/logo\/image\/"}}]}},"df_price":13.74,"df_sale_price":"","df_regular_price":13.74,"df_image_link":"https:\/\/www.secondastrada.com\/wp-content\/uploads\/2026\/04\/T778-TA00_BLU-NAVY_PE26_1-300x300.jpg","_links":{"self":[{"href":"https:\/\/www.secondastrada.com\/it\/wp-json\/wp\/v2\/product\/358569"}],"collection":[{"href":"https:\/\/www.secondastrada.com\/it\/wp-json\/wp\/v2\/product"}],"about":[{"href":"https:\/\/www.secondastrada.com\/it\/wp-json\/wp\/v2\/types\/product"}],"wp:featuredmedia":[{"embeddable":true,"href":"https:\/\/www.secondastrada.com\/it\/wp-json\/wp\/v2\/media\/359262"}],"wp:attachment":[{"href":"https:\/\/www.secondastrada.com\/it\/wp-json\/wp\/v2\/media?parent=358569"}],"wp:term":[{"taxonomy":"ss_brand","embeddable":true,"href":"https:\/\/www.secondastrada.com\/it\/wp-json\/wp\/v2\/ss_brand?post=358569"},{"taxonomy":"ss_promo","embeddable":true,"href":"https:\/\/www.secondastrada.com\/it\/wp-json\/wp\/v2\/ss_promo?post=358569"},{"taxonomy":"ss_season","embeddable":true,"href":"https:\/\/www.secondastrada.com\/it\/wp-json\/wp\/v2\/ss_season?post=358569"},{"taxonomy":"product_cat","embeddable":true,"href":"https:\/\/www.secondastrada.com\/it\/wp-json\/wp\/v2\/product_cat?post=358569"},{"taxonomy":"product_tag","embeddable":true,"href":"https:\/\/www.secondastrada.com\/it\/wp-json\/wp\/v2\/product_tag?post=358569"}],"curies":[{"name":"wp","href":"https:\/\/api.w.org\/{rel}","templated":true}]}}