{"id":358613,"date":"2026-04-17T09:35:05","date_gmt":"2026-04-17T07:35:05","guid":{"rendered":"https:\/\/www.secondastrada.com\/it\/t-shirt-yes-zee-blu-54\/"},"modified":"2026-04-20T12:00:55","modified_gmt":"2026-04-20T10:00:55","slug":"t-shirt-yes-zee-blu-54","status":"publish","type":"product","link":"https:\/\/www.secondastrada.com\/it\/t-shirt-yes-zee-blu-54\/","title":{"rendered":"T-shirt Yes Zee Blu"},"content":{"rendered":"<p><b>T-shirt YES ZEE Blu da uomo<\/b><br \/>\nLa <b>T-shirt YES ZEE Blu<\/b> \u00e8 il capo ideale per chi cerca uno stile essenziale ma curato, perfetto per accompagnarti con versatilit\u00e0 in ogni momento della giornata. Realizzata in un morbido mix di <b>95% cotone e 5% elastina<\/b>, questa <b>T-shirt da uomo adatta in tutte le stagioni<\/b> garantisce comfort, traspirabilit\u00e0 ed elasticit\u00e0, adattandosi naturalmente ai movimenti.<br \/>Il design \u00e8 valorizzato dallo <b>scollo a V<\/b>, che dona un aspetto pi\u00f9 moderno e leggermente pi\u00f9 slanciato rispetto al classico girocollo, e dalla <b>piccola stampa logo tono su tono<\/b>, discreta ma capace di aggiungere personalit\u00e0 al capo. La vestibilit\u00e0 \u00e8 regolare: il modello \u00e8 alto 187 cm e indossa una taglia L, assicurando un fit comodo e ben proporzionato.<br \/>Questa <b>T-shirt con scollo a V , piccola stampa logo tono su tono<\/b> \u00e8 perfetta da indossare nel tempo libero o anche in contesti informali in ufficio, quando desideri un look semplice ma sempre curato.<br \/>Puoi abbinarla con <b>bermuda<\/b> per un outfit fresco e rilassato, oppure con <b>sneakers<\/b> per completare uno stile casual e dinamico.<br \/>Un capo firmato YES ZEE pensato per diventare un punto fermo del tuo guardaroba quotidiano, grazie alla sua versatilit\u00e0 e al suo stile contemporaneo.Tutti i prodotti su SecondaStrada.com sono originali e selezionati con cura.<br \/><b>Codice articolo: T779 TA00<\/b><\/p>\n","protected":false},"excerpt":{"rendered":"<p>T-shirt YES ZEE Blu da uomo La T-shirt YES ZEE Blu \u00e8 il capo ideale per chi cerca uno stile essenziale ma curato, perfetto per accompagnarti con versatilit\u00e0 in ogni momento della giornata. Realizzata in un morbido mix di 95% cotone e 5% elastina, questa T-shirt da uomo adatta in tutte le stagioni garantisce comfort,&#8230;<\/p>\n","protected":false},"featured_media":359207,"template":"","meta":{"inline_featured_image":false},"ss_brand":[1280],"ss_promo":[],"ss_season":[2531],"product_cat":[1332,1479,2276,1714],"product_tag":[1993,1730],"class_list":{"0":"post-358613","1":"product","2":"type-product","3":"status-publish","4":"has-post-thumbnail","6":"ss_brand-yes-zee-uomo","7":"ss_season-pe26","8":"product_cat-abbigliamento-uomo","9":"product_cat-t-shirt-da-uomo","10":"product_cat-t-shirt-in-cotone-da-uomo","11":"product_cat-collezione-uomo","12":"product_tag-nuovi-arrivi-uomo","13":"product_tag-t-shirt-yes-zee-uomo","15":"first","16":"instock","17":"sale","18":"shipping-taxable","19":"purchasable","20":"product-type-variable","21":"has-default-attributes"},"acf":{"ss_brand":[{"term_id":1280,"name":"YES ZEE","slug":"yes-zee-uomo","term_group":0,"term_taxonomy_id":1280,"taxonomy":"ss_brand","description":"Non un semplice marchio di <strong>abbigliamento da uomo<\/strong>: <strong>Yes Zee<\/strong> \u00e8 il brand perfetto per rivoluzionare con stile tutti i tuoi look metropolitani! Scopri subito le offerte esclusive del nostro store online e acquista <strong>Yes zee da uomo a prezzi scontatissimi<\/strong>.","parent":1268,"count":491,"filter":"raw"}],"ss_promo":false,"ss_season":[{"term_id":2531,"name":"PE26","slug":"pe26","term_group":0,"term_taxonomy_id":2531,"taxonomy":"ss_season","description":"","parent":0,"count":1395,"filter":"raw"}],"ss_old_price":"0,00","ss_omnibus_price":"0,00","ss_style_advice":"<p><b>T-shirt YES ZEE Blu da uomo<\/b><br \/>\nLa <b>T-shirt YES ZEE Blu<\/b> \u00e8 il capo ideale per chi cerca uno stile essenziale ma curato, perfetto per accompagnarti con versatilit\u00e0 in ogni momento della giornata. Realizzata in un morbido mix di <b>95% cotone e 5% elastina<\/b>, questa <b>T-shirt da uomo adatta in tutte le stagioni<\/b> garantisce comfort, traspirabilit\u00e0 ed elasticit\u00e0, adattandosi naturalmente ai movimenti.<br \/>Il design \u00e8 valorizzato dallo <b>scollo a V<\/b>, che dona un aspetto pi\u00f9 moderno e leggermente pi\u00f9 slanciato rispetto al classico girocollo, e dalla <b>piccola stampa logo tono su tono<\/b>, discreta ma capace di aggiungere personalit\u00e0 al capo. La vestibilit\u00e0 \u00e8 regolare: il modello \u00e8 alto 187 cm e indossa una taglia L, assicurando un fit comodo e ben proporzionato.<br \/>Questa <b>T-shirt con scollo a V , piccola stampa logo tono su tono<\/b> \u00e8 perfetta da indossare nel tempo libero o anche in contesti informali in ufficio, quando desideri un look semplice ma sempre curato.<br \/>Puoi abbinarla con <b>bermuda<\/b> per un outfit fresco e rilassato, oppure con <b>sneakers<\/b> per completare uno stile casual e dinamico.<br \/>Un capo firmato YES ZEE pensato per diventare un punto fermo del tuo guardaroba quotidiano, grazie alla sua versatilit\u00e0 e al suo stile contemporaneo.Tutti i prodotti su SecondaStrada.com sono originali e selezionati con cura.<br \/><b>Codice articolo: T779 TA00<\/b><\/p>\n","ss_composition":"<p>95% cotone 5% elastina<\/p>\n","ss_fit":"<p>Il modello \u00e8 alto 187 cm e veste la taglia L. La vestibilit\u00e0 del capo \u00e8 regolare.<\/p>\n"},"yoast_head":"<!-- This site is optimized with the Yoast SEO plugin v22.3 - https:\/\/yoast.com\/wordpress\/plugins\/seo\/ -->\n<title>T-shirt Yes Zee Blu - Acquista online! - Seconda Strada<\/title>\n<meta name=\"description\" content=\"T-shirt Yes Zee Blu \u27a4 Acquista online su Secondastrada.com T-shirt Yes Zee Blu \u2714\ufe0f Spedizione veloce entro 24h in tutta Italia \u2714\ufe0f Sconto sul tuo primo acquisto\" \/>\n<meta name=\"robots\" content=\"index, follow, max-snippet:-1, max-image-preview:large, max-video-preview:-1\" \/>\n<link rel=\"canonical\" href=\"https:\/\/www.secondastrada.com\/it\/t-shirt-yes-zee-blu-54\/\" \/>\n<meta property=\"og:locale\" content=\"it_IT\" \/>\n<meta property=\"og:type\" content=\"article\" \/>\n<meta property=\"og:title\" content=\"T-shirt Yes Zee Blu - Acquista online! - Seconda Strada\" \/>\n<meta property=\"og:description\" content=\"T-shirt Yes Zee Blu \u27a4 Acquista online su Secondastrada.com T-shirt Yes Zee Blu \u2714\ufe0f Spedizione veloce entro 24h in tutta Italia \u2714\ufe0f Sconto sul tuo primo acquisto\" \/>\n<meta property=\"og:url\" content=\"https:\/\/www.secondastrada.com\/it\/t-shirt-yes-zee-blu-54\/\" \/>\n<meta property=\"og:site_name\" content=\"Seconda Strada\" \/>\n<meta property=\"article:modified_time\" content=\"2026-04-20T10:00:55+00:00\" \/>\n<meta property=\"og:image\" content=\"https:\/\/www.secondastrada.com\/wp-content\/uploads\/2026\/04\/T779-TA00_BLU-NAVY_PE26_1.jpg\" \/>\n\t<meta property=\"og:image:width\" content=\"1000\" \/>\n\t<meta property=\"og:image:height\" content=\"1300\" \/>\n\t<meta property=\"og:image:type\" content=\"image\/jpeg\" \/>\n<meta name=\"twitter:card\" content=\"summary_large_image\" \/>\n<meta name=\"twitter:label1\" content=\"Tempo di lettura stimato\" \/>\n\t<meta name=\"twitter:data1\" content=\"1 minuto\" \/>\n<!-- \/ Yoast SEO plugin. -->","yoast_head_json":{"title":"T-shirt Yes Zee Blu - Acquista online! - Seconda Strada","description":"T-shirt Yes Zee Blu \u27a4 Acquista online su Secondastrada.com T-shirt Yes Zee Blu \u2714\ufe0f Spedizione veloce entro 24h in tutta Italia \u2714\ufe0f Sconto sul tuo primo acquisto","robots":{"index":"index","follow":"follow","max-snippet":"max-snippet:-1","max-image-preview":"max-image-preview:large","max-video-preview":"max-video-preview:-1"},"canonical":"https:\/\/www.secondastrada.com\/it\/t-shirt-yes-zee-blu-54\/","og_locale":"it_IT","og_type":"article","og_title":"T-shirt Yes Zee Blu - Acquista online! - Seconda Strada","og_description":"T-shirt Yes Zee Blu \u27a4 Acquista online su Secondastrada.com T-shirt Yes Zee Blu \u2714\ufe0f Spedizione veloce entro 24h in tutta Italia \u2714\ufe0f Sconto sul tuo primo acquisto","og_url":"https:\/\/www.secondastrada.com\/it\/t-shirt-yes-zee-blu-54\/","og_site_name":"Seconda Strada","article_modified_time":"2026-04-20T10:00:55+00:00","og_image":[{"width":1000,"height":1300,"url":"https:\/\/www.secondastrada.com\/wp-content\/uploads\/2026\/04\/T779-TA00_BLU-NAVY_PE26_1.jpg","type":"image\/jpeg"}],"twitter_card":"summary_large_image","twitter_misc":{"Tempo di lettura stimato":"1 minuto"},"schema":{"@context":"https:\/\/schema.org","@graph":[{"@type":"WebPage","@id":"https:\/\/www.secondastrada.com\/it\/t-shirt-yes-zee-blu-54\/","url":"https:\/\/www.secondastrada.com\/it\/t-shirt-yes-zee-blu-54\/","name":"T-shirt Yes Zee Blu - Acquista online! - Seconda Strada","isPartOf":{"@id":"https:\/\/www.secondastrada.com\/it\/#website"},"primaryImageOfPage":{"@id":"https:\/\/www.secondastrada.com\/it\/t-shirt-yes-zee-blu-54\/#primaryimage"},"image":{"@id":"https:\/\/www.secondastrada.com\/it\/t-shirt-yes-zee-blu-54\/#primaryimage"},"thumbnailUrl":"https:\/\/www.secondastrada.com\/wp-content\/uploads\/2026\/04\/T779-TA00_BLU-NAVY_PE26_1.jpg","datePublished":"2026-04-17T07:35:05+00:00","dateModified":"2026-04-20T10:00:55+00:00","description":"T-shirt Yes Zee Blu \u27a4 Acquista online su Secondastrada.com T-shirt Yes Zee Blu \u2714\ufe0f Spedizione veloce entro 24h in tutta Italia \u2714\ufe0f Sconto sul tuo primo acquisto","breadcrumb":{"@id":"https:\/\/www.secondastrada.com\/it\/t-shirt-yes-zee-blu-54\/#breadcrumb"},"inLanguage":"it-IT","potentialAction":[{"@type":"ReadAction","target":["https:\/\/www.secondastrada.com\/it\/t-shirt-yes-zee-blu-54\/"]}]},{"@type":"ImageObject","inLanguage":"it-IT","@id":"https:\/\/www.secondastrada.com\/it\/t-shirt-yes-zee-blu-54\/#primaryimage","url":"https:\/\/www.secondastrada.com\/wp-content\/uploads\/2026\/04\/T779-TA00_BLU-NAVY_PE26_1.jpg","contentUrl":"https:\/\/www.secondastrada.com\/wp-content\/uploads\/2026\/04\/T779-TA00_BLU-NAVY_PE26_1.jpg","width":1000,"height":1300,"caption":"T779-TA00_BLU-NAVY_PE26"},{"@type":"BreadcrumbList","@id":"https:\/\/www.secondastrada.com\/it\/t-shirt-yes-zee-blu-54\/#breadcrumb","itemListElement":[{"@type":"ListItem","position":1,"name":"Home","item":"https:\/\/www.secondastrada.com\/it\/"},{"@type":"ListItem","position":2,"name":"Shop","item":"https:\/\/www.secondastrada.com\/it\/shop\/"},{"@type":"ListItem","position":3,"name":"Uomo","item":"https:\/\/www.secondastrada.com\/it\/collezione-uomo\/"},{"@type":"ListItem","position":4,"name":"Abbigliamento","item":"https:\/\/www.secondastrada.com\/it\/collezione-uomo\/abbigliamento-uomo\/"},{"@type":"ListItem","position":5,"name":"T-shirt","item":"https:\/\/www.secondastrada.com\/it\/collezione-uomo\/abbigliamento-uomo\/t-shirt-da-uomo\/"},{"@type":"ListItem","position":6,"name":"T-shirt in cotone","item":"https:\/\/www.secondastrada.com\/it\/collezione-uomo\/abbigliamento-uomo\/t-shirt-da-uomo\/t-shirt-in-cotone-da-uomo\/"},{"@type":"ListItem","position":7,"name":"T-shirt Yes Zee Blu"}]},{"@type":"WebSite","@id":"https:\/\/www.secondastrada.com\/it\/#website","url":"https:\/\/www.secondastrada.com\/it\/","name":"Seconda Strada","description":"","publisher":{"@id":"https:\/\/www.secondastrada.com\/it\/#organization"},"potentialAction":[{"@type":"SearchAction","target":{"@type":"EntryPoint","urlTemplate":"https:\/\/www.secondastrada.com\/it\/?s={search_term_string}"},"query-input":"required name=search_term_string"}],"inLanguage":"it-IT"},{"@type":"Organization","@id":"https:\/\/www.secondastrada.com\/it\/#organization","name":"Seconda Strada","url":"https:\/\/www.secondastrada.com\/it\/","logo":{"@type":"ImageObject","inLanguage":"it-IT","@id":"https:\/\/www.secondastrada.com\/it\/#\/schema\/logo\/image\/","url":"https:\/\/www.secondastrada.com\/wp-content\/uploads\/2023\/11\/secondastrada-logo.svg","contentUrl":"https:\/\/www.secondastrada.com\/wp-content\/uploads\/2023\/11\/secondastrada-logo.svg","width":353,"height":47,"caption":"Seconda Strada"},"image":{"@id":"https:\/\/www.secondastrada.com\/it\/#\/schema\/logo\/image\/"}}]}},"df_price":13.74,"df_sale_price":"","df_regular_price":13.74,"df_image_link":"https:\/\/www.secondastrada.com\/wp-content\/uploads\/2026\/04\/T779-TA00_BLU-NAVY_PE26_1-300x300.jpg","_links":{"self":[{"href":"https:\/\/www.secondastrada.com\/it\/wp-json\/wp\/v2\/product\/358613"}],"collection":[{"href":"https:\/\/www.secondastrada.com\/it\/wp-json\/wp\/v2\/product"}],"about":[{"href":"https:\/\/www.secondastrada.com\/it\/wp-json\/wp\/v2\/types\/product"}],"wp:featuredmedia":[{"embeddable":true,"href":"https:\/\/www.secondastrada.com\/it\/wp-json\/wp\/v2\/media\/359207"}],"wp:attachment":[{"href":"https:\/\/www.secondastrada.com\/it\/wp-json\/wp\/v2\/media?parent=358613"}],"wp:term":[{"taxonomy":"ss_brand","embeddable":true,"href":"https:\/\/www.secondastrada.com\/it\/wp-json\/wp\/v2\/ss_brand?post=358613"},{"taxonomy":"ss_promo","embeddable":true,"href":"https:\/\/www.secondastrada.com\/it\/wp-json\/wp\/v2\/ss_promo?post=358613"},{"taxonomy":"ss_season","embeddable":true,"href":"https:\/\/www.secondastrada.com\/it\/wp-json\/wp\/v2\/ss_season?post=358613"},{"taxonomy":"product_cat","embeddable":true,"href":"https:\/\/www.secondastrada.com\/it\/wp-json\/wp\/v2\/product_cat?post=358613"},{"taxonomy":"product_tag","embeddable":true,"href":"https:\/\/www.secondastrada.com\/it\/wp-json\/wp\/v2\/product_tag?post=358613"}],"curies":[{"name":"wp","href":"https:\/\/api.w.org\/{rel}","templated":true}]}}