{"id":358819,"date":"2026-04-17T09:51:25","date_gmt":"2026-04-17T07:51:25","guid":{"rendered":"https:\/\/www.secondastrada.com\/it\/bermuda-yes-zee-azzurro\/"},"modified":"2026-04-17T11:25:53","modified_gmt":"2026-04-17T09:25:53","slug":"bermuda-yes-zee-azzurro","status":"publish","type":"product","link":"https:\/\/www.secondastrada.com\/it\/bermuda-yes-zee-azzurro\/","title":{"rendered":"Bermuda Yes Zee Azzurro"},"content":{"rendered":"<p><b>Bermuda YES ZEE Azzurro da uomo<\/b><br \/>\nI <b>Bermuda YES ZEE Azzurro<\/b> sono il capo perfetto per affrontare la bella stagione con uno stile fresco e disinvolto. Realizzati in <b>98% cotone e 2% elastina<\/b>, questi <b>bermuda da uomo adatti alla stagione primavera estate<\/b> offrono comfort, leggerezza e una piacevole elasticit\u00e0 che segue i movimenti con naturalezza.<br \/>Il design si distingue per i <b>leggeri strappi<\/b>, che aggiungono un tocco moderno e dinamico, mantenendo al tempo stesso un look equilibrato grazie alla <b>vita e gamba regolare<\/b>. La vestibilit\u00e0 \u00e8 comoda e versatile: il modello \u00e8 alto 187 cm e indossa la taglia L, offrendo un riferimento utile per scegliere la misura ideale.<br \/>Questi <b>bermuda con leggeri strappi , vita e gamba regolare<\/b> sono perfetti per il tempo libero, ideali per una passeggiata in citt\u00e0 o una giornata all\u2019aria aperta, quando vuoi sentirti leggero senza rinunciare allo stile.<br \/>Per un outfit semplice ma efficace puoi abbinarli a una <b>t-shirt<\/b> basic, creando un look casual e sempre attuale.<br \/>Firmati YES ZEE, questi bermuda rappresentano un mix perfetto tra praticit\u00e0 e carattere, pensati per accompagnarti in ogni momento della stagione. Tutti i prodotti su SecondaStrada.com sono originali e accuratamente selezionati per garantirti qualit\u00e0 e autenticit\u00e0.<br \/><b>Codice articolo: P705 F187<\/b><\/p>\n","protected":false},"excerpt":{"rendered":"<p>Bermuda YES ZEE Azzurro da uomo I Bermuda YES ZEE Azzurro sono il capo perfetto per affrontare la bella stagione con uno stile fresco e disinvolto. Realizzati in 98% cotone e 2% elastina, questi bermuda da uomo adatti alla stagione primavera estate offrono comfort, leggerezza e una piacevole elasticit\u00e0 che segue i movimenti con naturalezza.Il&#8230;<\/p>\n","protected":false},"featured_media":359286,"template":"","meta":{"inline_featured_image":false},"ss_brand":[1280],"ss_promo":[],"ss_season":[2531],"product_cat":[1332,1551,1714],"product_tag":[1733,1993],"class_list":{"0":"post-358819","1":"product","2":"type-product","3":"status-publish","4":"has-post-thumbnail","6":"ss_brand-yes-zee-uomo","7":"ss_season-pe26","8":"product_cat-abbigliamento-uomo","9":"product_cat-bermuda-da-uomo","10":"product_cat-collezione-uomo","11":"product_tag-bermuda-yes-zee-uomo","12":"product_tag-nuovi-arrivi-uomo","14":"first","15":"instock","16":"sale","17":"shipping-taxable","18":"purchasable","19":"product-type-variable","20":"has-default-attributes"},"acf":{"ss_brand":[{"term_id":1280,"name":"YES ZEE","slug":"yes-zee-uomo","term_group":0,"term_taxonomy_id":1280,"taxonomy":"ss_brand","description":"Non un semplice marchio di <strong>abbigliamento da uomo<\/strong>: <strong>Yes Zee<\/strong> \u00e8 il brand perfetto per rivoluzionare con stile tutti i tuoi look metropolitani! Scopri subito le offerte esclusive del nostro store online e acquista <strong>Yes zee da uomo a prezzi scontatissimi<\/strong>.","parent":1268,"count":487,"filter":"raw"}],"ss_promo":false,"ss_season":[{"term_id":2531,"name":"PE26","slug":"pe26","term_group":0,"term_taxonomy_id":2531,"taxonomy":"ss_season","description":"","parent":0,"count":1387,"filter":"raw"}],"ss_old_price":"0,00","ss_omnibus_price":"0,00","ss_style_advice":"<p><b>Bermuda YES ZEE Azzurro da uomo<\/b><br \/>\nI <b>Bermuda YES ZEE Azzurro<\/b> sono il capo perfetto per affrontare la bella stagione con uno stile fresco e disinvolto. Realizzati in <b>98% cotone e 2% elastina<\/b>, questi <b>bermuda da uomo adatti alla stagione primavera estate<\/b> offrono comfort, leggerezza e una piacevole elasticit\u00e0 che segue i movimenti con naturalezza.<br \/>Il design si distingue per i <b>leggeri strappi<\/b>, che aggiungono un tocco moderno e dinamico, mantenendo al tempo stesso un look equilibrato grazie alla <b>vita e gamba regolare<\/b>. La vestibilit\u00e0 \u00e8 comoda e versatile: il modello \u00e8 alto 187 cm e indossa la taglia L, offrendo un riferimento utile per scegliere la misura ideale.<br \/>Questi <b>bermuda con leggeri strappi , vita e gamba regolare<\/b> sono perfetti per il tempo libero, ideali per una passeggiata in citt\u00e0 o una giornata all\u2019aria aperta, quando vuoi sentirti leggero senza rinunciare allo stile.<br \/>Per un outfit semplice ma efficace puoi abbinarli a una <b>t-shirt<\/b> basic, creando un look casual e sempre attuale.<br \/>Firmati YES ZEE, questi bermuda rappresentano un mix perfetto tra praticit\u00e0 e carattere, pensati per accompagnarti in ogni momento della stagione. Tutti i prodotti su SecondaStrada.com sono originali e accuratamente selezionati per garantirti qualit\u00e0 e autenticit\u00e0.<br \/><b>Codice articolo: P705 F187<\/b><\/p>\n","ss_composition":"<p>98% cotone 2 % elastina<\/p>\n","ss_fit":"<p>Il modello \u00e8 alto 187 cm e veste la taglia L. La vestibilit\u00e0 del capo \u00e8 regolare.<\/p>\n"},"yoast_head":"<!-- This site is optimized with the Yoast SEO plugin v22.3 - https:\/\/yoast.com\/wordpress\/plugins\/seo\/ -->\n<title>Bermuda Yes Zee Azzurro - Acquista online! - Seconda Strada<\/title>\n<meta name=\"description\" content=\"Bermuda Yes Zee Azzurro \u27a4 Acquista online su Secondastrada.com Bermuda Yes Zee Azzurro \u2714\ufe0f Spedizione veloce entro 24h in tutta Italia \u2714\ufe0f Sconto sul tuo primo acquisto\" \/>\n<meta name=\"robots\" content=\"index, follow, max-snippet:-1, max-image-preview:large, max-video-preview:-1\" \/>\n<link rel=\"canonical\" href=\"https:\/\/www.secondastrada.com\/it\/bermuda-yes-zee-azzurro\/\" \/>\n<meta property=\"og:locale\" content=\"it_IT\" \/>\n<meta property=\"og:type\" content=\"article\" \/>\n<meta property=\"og:title\" content=\"Bermuda Yes Zee Azzurro - Acquista online! - Seconda Strada\" \/>\n<meta property=\"og:description\" content=\"Bermuda Yes Zee Azzurro \u27a4 Acquista online su Secondastrada.com Bermuda Yes Zee Azzurro \u2714\ufe0f Spedizione veloce entro 24h in tutta Italia \u2714\ufe0f Sconto sul tuo primo acquisto\" \/>\n<meta property=\"og:url\" content=\"https:\/\/www.secondastrada.com\/it\/bermuda-yes-zee-azzurro\/\" \/>\n<meta property=\"og:site_name\" content=\"Seconda Strada\" \/>\n<meta property=\"article:modified_time\" content=\"2026-04-17T09:25:53+00:00\" \/>\n<meta property=\"og:image\" content=\"https:\/\/www.secondastrada.com\/wp-content\/uploads\/2026\/04\/P705-F187_SUPERUSED_PE26_1.jpg\" \/>\n\t<meta property=\"og:image:width\" content=\"1000\" \/>\n\t<meta property=\"og:image:height\" content=\"1300\" \/>\n\t<meta property=\"og:image:type\" content=\"image\/jpeg\" \/>\n<meta name=\"twitter:card\" content=\"summary_large_image\" \/>\n<meta name=\"twitter:label1\" content=\"Tempo di lettura stimato\" \/>\n\t<meta name=\"twitter:data1\" content=\"1 minuto\" \/>\n<!-- \/ Yoast SEO plugin. -->","yoast_head_json":{"title":"Bermuda Yes Zee Azzurro - Acquista online! - Seconda Strada","description":"Bermuda Yes Zee Azzurro \u27a4 Acquista online su Secondastrada.com Bermuda Yes Zee Azzurro \u2714\ufe0f Spedizione veloce entro 24h in tutta Italia \u2714\ufe0f Sconto sul tuo primo acquisto","robots":{"index":"index","follow":"follow","max-snippet":"max-snippet:-1","max-image-preview":"max-image-preview:large","max-video-preview":"max-video-preview:-1"},"canonical":"https:\/\/www.secondastrada.com\/it\/bermuda-yes-zee-azzurro\/","og_locale":"it_IT","og_type":"article","og_title":"Bermuda Yes Zee Azzurro - Acquista online! - Seconda Strada","og_description":"Bermuda Yes Zee Azzurro \u27a4 Acquista online su Secondastrada.com Bermuda Yes Zee Azzurro \u2714\ufe0f Spedizione veloce entro 24h in tutta Italia \u2714\ufe0f Sconto sul tuo primo acquisto","og_url":"https:\/\/www.secondastrada.com\/it\/bermuda-yes-zee-azzurro\/","og_site_name":"Seconda Strada","article_modified_time":"2026-04-17T09:25:53+00:00","og_image":[{"width":1000,"height":1300,"url":"https:\/\/www.secondastrada.com\/wp-content\/uploads\/2026\/04\/P705-F187_SUPERUSED_PE26_1.jpg","type":"image\/jpeg"}],"twitter_card":"summary_large_image","twitter_misc":{"Tempo di lettura stimato":"1 minuto"},"schema":{"@context":"https:\/\/schema.org","@graph":[{"@type":"WebPage","@id":"https:\/\/www.secondastrada.com\/it\/bermuda-yes-zee-azzurro\/","url":"https:\/\/www.secondastrada.com\/it\/bermuda-yes-zee-azzurro\/","name":"Bermuda Yes Zee Azzurro - Acquista online! - Seconda Strada","isPartOf":{"@id":"https:\/\/www.secondastrada.com\/it\/#website"},"primaryImageOfPage":{"@id":"https:\/\/www.secondastrada.com\/it\/bermuda-yes-zee-azzurro\/#primaryimage"},"image":{"@id":"https:\/\/www.secondastrada.com\/it\/bermuda-yes-zee-azzurro\/#primaryimage"},"thumbnailUrl":"https:\/\/www.secondastrada.com\/wp-content\/uploads\/2026\/04\/P705-F187_SUPERUSED_PE26_1.jpg","datePublished":"2026-04-17T07:51:25+00:00","dateModified":"2026-04-17T09:25:53+00:00","description":"Bermuda Yes Zee Azzurro \u27a4 Acquista online su Secondastrada.com Bermuda Yes Zee Azzurro \u2714\ufe0f Spedizione veloce entro 24h in tutta Italia \u2714\ufe0f Sconto sul tuo primo acquisto","breadcrumb":{"@id":"https:\/\/www.secondastrada.com\/it\/bermuda-yes-zee-azzurro\/#breadcrumb"},"inLanguage":"it-IT","potentialAction":[{"@type":"ReadAction","target":["https:\/\/www.secondastrada.com\/it\/bermuda-yes-zee-azzurro\/"]}]},{"@type":"ImageObject","inLanguage":"it-IT","@id":"https:\/\/www.secondastrada.com\/it\/bermuda-yes-zee-azzurro\/#primaryimage","url":"https:\/\/www.secondastrada.com\/wp-content\/uploads\/2026\/04\/P705-F187_SUPERUSED_PE26_1.jpg","contentUrl":"https:\/\/www.secondastrada.com\/wp-content\/uploads\/2026\/04\/P705-F187_SUPERUSED_PE26_1.jpg","width":1000,"height":1300,"caption":"P705-F187_SUPERUSED_PE26"},{"@type":"BreadcrumbList","@id":"https:\/\/www.secondastrada.com\/it\/bermuda-yes-zee-azzurro\/#breadcrumb","itemListElement":[{"@type":"ListItem","position":1,"name":"Home","item":"https:\/\/www.secondastrada.com\/it\/"},{"@type":"ListItem","position":2,"name":"Shop","item":"https:\/\/www.secondastrada.com\/it\/shop\/"},{"@type":"ListItem","position":3,"name":"Uomo","item":"https:\/\/www.secondastrada.com\/it\/collezione-uomo\/"},{"@type":"ListItem","position":4,"name":"Abbigliamento","item":"https:\/\/www.secondastrada.com\/it\/collezione-uomo\/abbigliamento-uomo\/"},{"@type":"ListItem","position":5,"name":"Bermuda","item":"https:\/\/www.secondastrada.com\/it\/collezione-uomo\/abbigliamento-uomo\/bermuda-da-uomo\/"},{"@type":"ListItem","position":6,"name":"Bermuda Yes Zee Azzurro"}]},{"@type":"WebSite","@id":"https:\/\/www.secondastrada.com\/it\/#website","url":"https:\/\/www.secondastrada.com\/it\/","name":"Seconda Strada","description":"","publisher":{"@id":"https:\/\/www.secondastrada.com\/it\/#organization"},"potentialAction":[{"@type":"SearchAction","target":{"@type":"EntryPoint","urlTemplate":"https:\/\/www.secondastrada.com\/it\/?s={search_term_string}"},"query-input":"required name=search_term_string"}],"inLanguage":"it-IT"},{"@type":"Organization","@id":"https:\/\/www.secondastrada.com\/it\/#organization","name":"Seconda Strada","url":"https:\/\/www.secondastrada.com\/it\/","logo":{"@type":"ImageObject","inLanguage":"it-IT","@id":"https:\/\/www.secondastrada.com\/it\/#\/schema\/logo\/image\/","url":"https:\/\/www.secondastrada.com\/wp-content\/uploads\/2023\/11\/secondastrada-logo.svg","contentUrl":"https:\/\/www.secondastrada.com\/wp-content\/uploads\/2023\/11\/secondastrada-logo.svg","width":353,"height":47,"caption":"Seconda Strada"},"image":{"@id":"https:\/\/www.secondastrada.com\/it\/#\/schema\/logo\/image\/"}}]}},"df_price":32.94,"df_sale_price":"","df_regular_price":32.94,"df_image_link":"https:\/\/www.secondastrada.com\/wp-content\/uploads\/2026\/04\/P705-F187_SUPERUSED_PE26_1-300x300.jpg","_links":{"self":[{"href":"https:\/\/www.secondastrada.com\/it\/wp-json\/wp\/v2\/product\/358819"}],"collection":[{"href":"https:\/\/www.secondastrada.com\/it\/wp-json\/wp\/v2\/product"}],"about":[{"href":"https:\/\/www.secondastrada.com\/it\/wp-json\/wp\/v2\/types\/product"}],"wp:featuredmedia":[{"embeddable":true,"href":"https:\/\/www.secondastrada.com\/it\/wp-json\/wp\/v2\/media\/359286"}],"wp:attachment":[{"href":"https:\/\/www.secondastrada.com\/it\/wp-json\/wp\/v2\/media?parent=358819"}],"wp:term":[{"taxonomy":"ss_brand","embeddable":true,"href":"https:\/\/www.secondastrada.com\/it\/wp-json\/wp\/v2\/ss_brand?post=358819"},{"taxonomy":"ss_promo","embeddable":true,"href":"https:\/\/www.secondastrada.com\/it\/wp-json\/wp\/v2\/ss_promo?post=358819"},{"taxonomy":"ss_season","embeddable":true,"href":"https:\/\/www.secondastrada.com\/it\/wp-json\/wp\/v2\/ss_season?post=358819"},{"taxonomy":"product_cat","embeddable":true,"href":"https:\/\/www.secondastrada.com\/it\/wp-json\/wp\/v2\/product_cat?post=358819"},{"taxonomy":"product_tag","embeddable":true,"href":"https:\/\/www.secondastrada.com\/it\/wp-json\/wp\/v2\/product_tag?post=358819"}],"curies":[{"name":"wp","href":"https:\/\/api.w.org\/{rel}","templated":true}]}}