{"id":358924,"date":"2026-04-17T14:13:13","date_gmt":"2026-04-17T12:13:13","guid":{"rendered":"https:\/\/www.secondastrada.com\/it\/jeans-yes-zee-blu-5\/"},"modified":"2026-04-17T14:13:13","modified_gmt":"2026-04-17T12:13:13","slug":"jeans-yes-zee-blu-5","status":"publish","type":"product","link":"https:\/\/www.secondastrada.com\/it\/jeans-yes-zee-blu-5\/","title":{"rendered":"Jeans Yes Zee Blu"},"content":{"rendered":"<p><b>Jeans YES ZEE Blu da donna<\/b><br \/>\nI <b>Jeans YES ZEE Blu<\/b> sono il capo perfetto per chi desidera unire comfort e stile in un look moderno e versatile, ideale per la mezza stagione. Realizzati in <b>98% cotone e 2% elastina<\/b>, questi <b>jeans da donna adatti alla mezza stagione<\/b> garantiscono una vestibilit\u00e0 confortevole e una leggera elasticit\u00e0 che accompagna i movimenti con naturalezza.<br \/>Il design si distingue per la <b>lunghezza 3\/4, la gamba ampia e la vita alta<\/b>, dettagli che valorizzano la silhouette e donano un tocco contemporaneo e femminile. La vestibilit\u00e0 \u00e8 regolare: la modella \u00e8 alta 165 cm e indossa la taglia S, offrendo un riferimento utile per scegliere la misura pi\u00f9 adatta.<br \/>Questi <b>jeans con lunghezza 3\/4 ,gamba ampia e vita alta<\/b> sono ideali da indossare nel tempo libero o anche per un look casual da ufficio, quando vuoi sentirti comoda senza rinunciare allo stile.<br \/>Puoi abbinarli facilmente con una <b>t-shirt<\/b> per un outfit semplice e dinamico, oppure con <b>scarpe basse<\/b> per un look pratico e sempre attuale.<br \/>Firmati YES ZEE, questi jeans rappresentano una scelta perfetta per arricchire il tuo guardaroba con un capo versatile e di tendenza. Tutti i prodotti su SecondaStrada.com sono originali e selezionati con cura per garantirti qualit\u00e0 e autenticit\u00e0.<br \/><b>Codice articolo: P348 F912<\/b><\/p>\n","protected":false},"excerpt":{"rendered":"<p>Jeans YES ZEE Blu da donna I Jeans YES ZEE Blu sono il capo perfetto per chi desidera unire comfort e stile in un look moderno e versatile, ideale per la mezza stagione. Realizzati in 98% cotone e 2% elastina, questi jeans da donna adatti alla mezza stagione garantiscono una vestibilit\u00e0 confortevole e una leggera&#8230;<\/p>\n","protected":false},"featured_media":359627,"template":"","meta":{"inline_featured_image":false},"ss_brand":[1208],"ss_promo":[],"ss_season":[2531],"product_cat":[1329,1658,1338],"product_tag":[1995],"class_list":{"0":"post-358924","1":"product","2":"type-product","3":"status-publish","4":"has-post-thumbnail","6":"ss_brand-yes-zee-donna","7":"ss_season-pe26","8":"product_cat-abbigliamento-donna","9":"product_cat-collezione-donna","10":"product_cat-jeans-da-donna","11":"product_tag-nuovi-arrivi-donna","13":"first","14":"instock","15":"sale","16":"shipping-taxable","17":"purchasable","18":"product-type-variable","19":"has-default-attributes"},"acf":{"ss_brand":[{"term_id":1208,"name":"YES ZEE","slug":"yes-zee-donna","term_group":0,"term_taxonomy_id":1208,"taxonomy":"ss_brand","description":"Libera il tuo istinto fashion e lasciati ispirare dalle collezioni da donna <strong>Yes Zee<\/strong> sempre all\u2019avanguardia e non perdere le nostre <strong>offerte imbattibili<\/strong>!\u00a0Acquista online su SecondaStrada.com <strong>abbigliamento da donna Yes Zee scontatissimo<\/strong>!","parent":1201,"count":734,"filter":"raw"}],"ss_promo":false,"ss_season":[{"term_id":2531,"name":"PE26","slug":"pe26","term_group":0,"term_taxonomy_id":2531,"taxonomy":"ss_season","description":"","parent":0,"count":1387,"filter":"raw"}],"ss_old_price":"0,00","ss_omnibus_price":"0,00","ss_style_advice":"<p><b>Jeans YES ZEE Blu da donna<\/b><br \/>\nI <b>Jeans YES ZEE Blu<\/b> sono il capo perfetto per chi desidera unire comfort e stile in un look moderno e versatile, ideale per la mezza stagione. Realizzati in <b>98% cotone e 2% elastina<\/b>, questi <b>jeans da donna adatti alla mezza stagione<\/b> garantiscono una vestibilit\u00e0 confortevole e una leggera elasticit\u00e0 che accompagna i movimenti con naturalezza.<br \/>Il design si distingue per la <b>lunghezza 3\/4, la gamba ampia e la vita alta<\/b>, dettagli che valorizzano la silhouette e donano un tocco contemporaneo e femminile. La vestibilit\u00e0 \u00e8 regolare: la modella \u00e8 alta 165 cm e indossa la taglia S, offrendo un riferimento utile per scegliere la misura pi\u00f9 adatta.<br \/>Questi <b>jeans con lunghezza 3\/4 ,gamba ampia e vita alta<\/b> sono ideali da indossare nel tempo libero o anche per un look casual da ufficio, quando vuoi sentirti comoda senza rinunciare allo stile.<br \/>Puoi abbinarli facilmente con una <b>t-shirt<\/b> per un outfit semplice e dinamico, oppure con <b>scarpe basse<\/b> per un look pratico e sempre attuale.<br \/>Firmati YES ZEE, questi jeans rappresentano una scelta perfetta per arricchire il tuo guardaroba con un capo versatile e di tendenza. Tutti i prodotti su SecondaStrada.com sono originali e selezionati con cura per garantirti qualit\u00e0 e autenticit\u00e0.<br \/><b>Codice articolo: P348 F912<\/b><\/p>\n","ss_composition":"<p>98% cotone 2% elastina<\/p>\n","ss_fit":"<p>La modella \u00e8 alta 165 cm e veste la taglia S. La vestibilit\u00e0 del capo \u00e8 regolare.<\/p>\n"},"yoast_head":"<!-- This site is optimized with the Yoast SEO plugin v22.3 - https:\/\/yoast.com\/wordpress\/plugins\/seo\/ -->\n<title>Jeans Yes Zee Blu - Acquista online! - Seconda Strada<\/title>\n<meta name=\"description\" content=\"Jeans Yes Zee Blu \u27a4 Acquista online su Secondastrada.com Jeans Yes Zee Blu \u2714\ufe0f Spedizione veloce entro 24h in tutta Italia \u2714\ufe0f Sconto sul tuo primo acquisto\" \/>\n<meta name=\"robots\" content=\"index, follow, max-snippet:-1, max-image-preview:large, max-video-preview:-1\" \/>\n<link rel=\"canonical\" href=\"https:\/\/www.secondastrada.com\/it\/jeans-yes-zee-blu-5\/\" \/>\n<meta property=\"og:locale\" content=\"it_IT\" \/>\n<meta property=\"og:type\" content=\"article\" \/>\n<meta property=\"og:title\" content=\"Jeans Yes Zee Blu - Acquista online! - Seconda Strada\" \/>\n<meta property=\"og:description\" content=\"Jeans Yes Zee Blu \u27a4 Acquista online su Secondastrada.com Jeans Yes Zee Blu \u2714\ufe0f Spedizione veloce entro 24h in tutta Italia \u2714\ufe0f Sconto sul tuo primo acquisto\" \/>\n<meta property=\"og:url\" content=\"https:\/\/www.secondastrada.com\/it\/jeans-yes-zee-blu-5\/\" \/>\n<meta property=\"og:site_name\" content=\"Seconda Strada\" \/>\n<meta property=\"og:image\" content=\"https:\/\/www.secondastrada.com\/wp-content\/uploads\/2026\/04\/P348-F912_SUPER-STONE_PE26_1.jpg\" \/>\n\t<meta property=\"og:image:width\" content=\"1000\" \/>\n\t<meta property=\"og:image:height\" content=\"1300\" \/>\n\t<meta property=\"og:image:type\" content=\"image\/jpeg\" \/>\n<meta name=\"twitter:card\" content=\"summary_large_image\" \/>\n<meta name=\"twitter:label1\" content=\"Tempo di lettura stimato\" \/>\n\t<meta name=\"twitter:data1\" content=\"1 minuto\" \/>\n<!-- \/ Yoast SEO plugin. -->","yoast_head_json":{"title":"Jeans Yes Zee Blu - Acquista online! - Seconda Strada","description":"Jeans Yes Zee Blu \u27a4 Acquista online su Secondastrada.com Jeans Yes Zee Blu \u2714\ufe0f Spedizione veloce entro 24h in tutta Italia \u2714\ufe0f Sconto sul tuo primo acquisto","robots":{"index":"index","follow":"follow","max-snippet":"max-snippet:-1","max-image-preview":"max-image-preview:large","max-video-preview":"max-video-preview:-1"},"canonical":"https:\/\/www.secondastrada.com\/it\/jeans-yes-zee-blu-5\/","og_locale":"it_IT","og_type":"article","og_title":"Jeans Yes Zee Blu - Acquista online! - Seconda Strada","og_description":"Jeans Yes Zee Blu \u27a4 Acquista online su Secondastrada.com Jeans Yes Zee Blu \u2714\ufe0f Spedizione veloce entro 24h in tutta Italia \u2714\ufe0f Sconto sul tuo primo acquisto","og_url":"https:\/\/www.secondastrada.com\/it\/jeans-yes-zee-blu-5\/","og_site_name":"Seconda Strada","og_image":[{"width":1000,"height":1300,"url":"https:\/\/www.secondastrada.com\/wp-content\/uploads\/2026\/04\/P348-F912_SUPER-STONE_PE26_1.jpg","type":"image\/jpeg"}],"twitter_card":"summary_large_image","twitter_misc":{"Tempo di lettura stimato":"1 minuto"},"schema":{"@context":"https:\/\/schema.org","@graph":[{"@type":"WebPage","@id":"https:\/\/www.secondastrada.com\/it\/jeans-yes-zee-blu-5\/","url":"https:\/\/www.secondastrada.com\/it\/jeans-yes-zee-blu-5\/","name":"Jeans Yes Zee Blu - Acquista online! - Seconda Strada","isPartOf":{"@id":"https:\/\/www.secondastrada.com\/it\/#website"},"primaryImageOfPage":{"@id":"https:\/\/www.secondastrada.com\/it\/jeans-yes-zee-blu-5\/#primaryimage"},"image":{"@id":"https:\/\/www.secondastrada.com\/it\/jeans-yes-zee-blu-5\/#primaryimage"},"thumbnailUrl":"https:\/\/www.secondastrada.com\/wp-content\/uploads\/2026\/04\/P348-F912_SUPER-STONE_PE26_1.jpg","datePublished":"2026-04-17T12:13:13+00:00","dateModified":"2026-04-17T12:13:13+00:00","description":"Jeans Yes Zee Blu \u27a4 Acquista online su Secondastrada.com Jeans Yes Zee Blu \u2714\ufe0f Spedizione veloce entro 24h in tutta Italia \u2714\ufe0f Sconto sul tuo primo acquisto","breadcrumb":{"@id":"https:\/\/www.secondastrada.com\/it\/jeans-yes-zee-blu-5\/#breadcrumb"},"inLanguage":"it-IT","potentialAction":[{"@type":"ReadAction","target":["https:\/\/www.secondastrada.com\/it\/jeans-yes-zee-blu-5\/"]}]},{"@type":"ImageObject","inLanguage":"it-IT","@id":"https:\/\/www.secondastrada.com\/it\/jeans-yes-zee-blu-5\/#primaryimage","url":"https:\/\/www.secondastrada.com\/wp-content\/uploads\/2026\/04\/P348-F912_SUPER-STONE_PE26_1.jpg","contentUrl":"https:\/\/www.secondastrada.com\/wp-content\/uploads\/2026\/04\/P348-F912_SUPER-STONE_PE26_1.jpg","width":1000,"height":1300,"caption":"P348-F912_SUPER-STONE_PE26"},{"@type":"BreadcrumbList","@id":"https:\/\/www.secondastrada.com\/it\/jeans-yes-zee-blu-5\/#breadcrumb","itemListElement":[{"@type":"ListItem","position":1,"name":"Home","item":"https:\/\/www.secondastrada.com\/it\/"},{"@type":"ListItem","position":2,"name":"Shop","item":"https:\/\/www.secondastrada.com\/it\/shop\/"},{"@type":"ListItem","position":3,"name":"Donna","item":"https:\/\/www.secondastrada.com\/it\/collezione-donna\/"},{"@type":"ListItem","position":4,"name":"Abbigliamento","item":"https:\/\/www.secondastrada.com\/it\/collezione-donna\/abbigliamento-donna\/"},{"@type":"ListItem","position":5,"name":"Jeans","item":"https:\/\/www.secondastrada.com\/it\/collezione-donna\/abbigliamento-donna\/jeans-da-donna\/"},{"@type":"ListItem","position":6,"name":"Jeans Yes Zee Blu"}]},{"@type":"WebSite","@id":"https:\/\/www.secondastrada.com\/it\/#website","url":"https:\/\/www.secondastrada.com\/it\/","name":"Seconda Strada","description":"","publisher":{"@id":"https:\/\/www.secondastrada.com\/it\/#organization"},"potentialAction":[{"@type":"SearchAction","target":{"@type":"EntryPoint","urlTemplate":"https:\/\/www.secondastrada.com\/it\/?s={search_term_string}"},"query-input":"required name=search_term_string"}],"inLanguage":"it-IT"},{"@type":"Organization","@id":"https:\/\/www.secondastrada.com\/it\/#organization","name":"Seconda Strada","url":"https:\/\/www.secondastrada.com\/it\/","logo":{"@type":"ImageObject","inLanguage":"it-IT","@id":"https:\/\/www.secondastrada.com\/it\/#\/schema\/logo\/image\/","url":"https:\/\/www.secondastrada.com\/wp-content\/uploads\/2023\/11\/secondastrada-logo.svg","contentUrl":"https:\/\/www.secondastrada.com\/wp-content\/uploads\/2023\/11\/secondastrada-logo.svg","width":353,"height":47,"caption":"Seconda Strada"},"image":{"@id":"https:\/\/www.secondastrada.com\/it\/#\/schema\/logo\/image\/"}}]}},"df_price":41.94,"df_sale_price":"","df_regular_price":41.94,"df_image_link":"https:\/\/www.secondastrada.com\/wp-content\/uploads\/2026\/04\/P348-F912_SUPER-STONE_PE26_1-300x300.jpg","_links":{"self":[{"href":"https:\/\/www.secondastrada.com\/it\/wp-json\/wp\/v2\/product\/358924"}],"collection":[{"href":"https:\/\/www.secondastrada.com\/it\/wp-json\/wp\/v2\/product"}],"about":[{"href":"https:\/\/www.secondastrada.com\/it\/wp-json\/wp\/v2\/types\/product"}],"wp:featuredmedia":[{"embeddable":true,"href":"https:\/\/www.secondastrada.com\/it\/wp-json\/wp\/v2\/media\/359627"}],"wp:attachment":[{"href":"https:\/\/www.secondastrada.com\/it\/wp-json\/wp\/v2\/media?parent=358924"}],"wp:term":[{"taxonomy":"ss_brand","embeddable":true,"href":"https:\/\/www.secondastrada.com\/it\/wp-json\/wp\/v2\/ss_brand?post=358924"},{"taxonomy":"ss_promo","embeddable":true,"href":"https:\/\/www.secondastrada.com\/it\/wp-json\/wp\/v2\/ss_promo?post=358924"},{"taxonomy":"ss_season","embeddable":true,"href":"https:\/\/www.secondastrada.com\/it\/wp-json\/wp\/v2\/ss_season?post=358924"},{"taxonomy":"product_cat","embeddable":true,"href":"https:\/\/www.secondastrada.com\/it\/wp-json\/wp\/v2\/product_cat?post=358924"},{"taxonomy":"product_tag","embeddable":true,"href":"https:\/\/www.secondastrada.com\/it\/wp-json\/wp\/v2\/product_tag?post=358924"}],"curies":[{"name":"wp","href":"https:\/\/api.w.org\/{rel}","templated":true}]}}