{"id":360602,"date":"2026-04-24T15:44:34","date_gmt":"2026-04-24T13:44:34","guid":{"rendered":"https:\/\/www.secondastrada.com\/it\/top-rue-de-clerie-giallo\/"},"modified":"2026-04-24T15:44:35","modified_gmt":"2026-04-24T13:44:35","slug":"top-rue-de-clerie-giallo","status":"publish","type":"product","link":"https:\/\/www.secondastrada.com\/it\/top-rue-de-clerie-giallo\/","title":{"rendered":"Top Rue De Clerie Giallo"},"content":{"rendered":"<p><b>Top RUE DE CLERIE Giallo da donna<\/b><br \/>\nIl Top RUE DE CLERIE Giallo \u00e8 il capo ideale per portare luce e freschezza nei tuoi look di stagione. Questo top da donna adatto alla stagione primavera estate si distingue per il suo design essenziale ma femminile, perfetto per valorizzare la silhouette con naturale semplicit\u00e0.<br \/>Realizzato in un mix di materiali elastici e confortevoli (95% poliestere, 5% elastina), aderisce delicatamente al corpo offrendo libert\u00e0 di movimento e una vestibilit\u00e0 piacevole per tutta la giornata. Il punto di forza \u00e8 lo scollo morbido, che valorizza il d\u00e9collet\u00e9 con eleganza, insieme alla linea aderente che definisce la figura senza risultare costrittiva. Questo top con scollo morbido, aderente \u00e8 pensato per adattarsi facilmente a diversi stili e occasioni. La vestibilit\u00e0 \u00e8 regolare: la modella \u00e8 alta 165 cm e indossa una taglia S.<br \/>Puoi indossare il Top RUE DE CLERIE Giallo nel tempo libero per un look luminoso e disinvolto, oppure in ufficio sotto una giacca per un tocco di colore raffinato. Perfetto sia da solo nelle giornate pi\u00f9 calde sia come base per outfit pi\u00f9 strutturati.<br \/>Versatile e contemporaneo, questo top \u00e8 un alleato ideale per rinnovare il tuo guardaroba con un capo semplice ma d\u2019impatto.<br \/>Tutti i prodotti su SecondaStrada.com sono originali e selezionati con attenzione. Codice articolo: F196XBFAK699 OB.<\/p>\n","protected":false},"excerpt":{"rendered":"<p>Top RUE DE CLERIE Giallo da donna Il Top RUE DE CLERIE Giallo \u00e8 il capo ideale per portare luce e freschezza nei tuoi look di stagione. Questo top da donna adatto alla stagione primavera estate si distingue per il suo design essenziale ma femminile, perfetto per valorizzare la silhouette con naturale semplicit\u00e0.Realizzato in un&#8230;<\/p>\n","protected":false},"featured_media":361988,"template":"","meta":{"inline_featured_image":false},"ss_brand":[1206],"ss_promo":[2196],"ss_season":[2531],"product_cat":[1329,1658,1337,1823],"product_tag":[1995],"class_list":{"0":"post-360602","1":"product","2":"type-product","3":"status-publish","4":"has-post-thumbnail","6":"ss_brand-rue-de-clerie-donna","7":"ss_promo-mid-season-sale-donna","8":"ss_season-pe26","9":"product_cat-abbigliamento-donna","10":"product_cat-collezione-donna","11":"product_cat-t-shirt-e-top-da-donna","12":"product_cat-top-da-donna","13":"product_tag-nuovi-arrivi-donna","15":"first","16":"instock","17":"sale","18":"shipping-taxable","19":"purchasable","20":"product-type-variable","21":"has-default-attributes"},"acf":{"ss_brand":[{"term_id":1206,"name":"RUE DE CLERIE","slug":"rue-de-clerie-donna","term_group":0,"term_taxonomy_id":1206,"taxonomy":"ss_brand","description":"Creazioni essenziali con interventi boh\u00e9mien dal fascino lussuoso per chi ama vestirsi con indiscutibile classe: scopri nel nostro store online gli abiti e i maglioni da donna firmati Rue de Clerie a prezzi favolosi!\u00a0Acquista online su SecondaStrada.com <strong>abbigliamento da donna Rue De Clerie scontatissimo<\/strong>!","parent":1201,"count":554,"filter":"raw"}],"ss_promo":[2196],"ss_season":[{"term_id":2531,"name":"PE26","slug":"pe26","term_group":0,"term_taxonomy_id":2531,"taxonomy":"ss_season","description":"","parent":0,"count":1542,"filter":"raw"}],"ss_old_price":"0,00","ss_omnibus_price":"0,00","ss_style_advice":"<p><b>Top RUE DE CLERIE Giallo da donna<\/b><br \/>\nIl Top RUE DE CLERIE Giallo \u00e8 il capo ideale per portare luce e freschezza nei tuoi look di stagione. Questo top da donna adatto alla stagione primavera estate si distingue per il suo design essenziale ma femminile, perfetto per valorizzare la silhouette con naturale semplicit\u00e0.<br \/>Realizzato in un mix di materiali elastici e confortevoli (95% poliestere, 5% elastina), aderisce delicatamente al corpo offrendo libert\u00e0 di movimento e una vestibilit\u00e0 piacevole per tutta la giornata. Il punto di forza \u00e8 lo scollo morbido, che valorizza il d\u00e9collet\u00e9 con eleganza, insieme alla linea aderente che definisce la figura senza risultare costrittiva. Questo top con scollo morbido, aderente \u00e8 pensato per adattarsi facilmente a diversi stili e occasioni. La vestibilit\u00e0 \u00e8 regolare: la modella \u00e8 alta 165 cm e indossa una taglia S.<br \/>Puoi indossare il Top RUE DE CLERIE Giallo nel tempo libero per un look luminoso e disinvolto, oppure in ufficio sotto una giacca per un tocco di colore raffinato. Perfetto sia da solo nelle giornate pi\u00f9 calde sia come base per outfit pi\u00f9 strutturati.<br \/>Versatile e contemporaneo, questo top \u00e8 un alleato ideale per rinnovare il tuo guardaroba con un capo semplice ma d\u2019impatto.<br \/>Tutti i prodotti su SecondaStrada.com sono originali e selezionati con attenzione. Codice articolo: F196XBFAK699 OB.<\/p>\n","ss_composition":"<p>95% poliestere, 5% elastina<\/p>\n","ss_fit":"<p>La modella \u00e8 alta 165 cm e veste la taglia S. La vestibilit\u00e0 del capo \u00e8 regolare.<\/p>\n"},"yoast_head":"<!-- This site is optimized with the Yoast SEO plugin v22.3 - https:\/\/yoast.com\/wordpress\/plugins\/seo\/ -->\n<title>Top Rue De Clerie Giallo - Acquista online! - Seconda Strada<\/title>\n<meta name=\"description\" content=\"Top Rue De Clerie Giallo \u27a4 Acquista online su Secondastrada.com Top Rue De Clerie Giallo \u2714\ufe0f Spedizione veloce entro 24h in tutta Italia \u2714\ufe0f Sconto sul tuo primo acquisto\" \/>\n<meta name=\"robots\" content=\"index, follow, max-snippet:-1, max-image-preview:large, max-video-preview:-1\" \/>\n<link rel=\"canonical\" href=\"https:\/\/www.secondastrada.com\/it\/top-rue-de-clerie-giallo\/\" \/>\n<meta property=\"og:locale\" content=\"it_IT\" \/>\n<meta property=\"og:type\" content=\"article\" \/>\n<meta property=\"og:title\" content=\"Top Rue De Clerie Giallo - Acquista online! - Seconda Strada\" \/>\n<meta property=\"og:description\" content=\"Top Rue De Clerie Giallo \u27a4 Acquista online su Secondastrada.com Top Rue De Clerie Giallo \u2714\ufe0f Spedizione veloce entro 24h in tutta Italia \u2714\ufe0f Sconto sul tuo primo acquisto\" \/>\n<meta property=\"og:url\" content=\"https:\/\/www.secondastrada.com\/it\/top-rue-de-clerie-giallo\/\" \/>\n<meta property=\"og:site_name\" content=\"Seconda Strada\" \/>\n<meta property=\"article:modified_time\" content=\"2026-04-24T13:44:35+00:00\" \/>\n<meta property=\"og:image\" content=\"https:\/\/www.secondastrada.com\/wp-content\/uploads\/2026\/04\/F196XBFAK699-OB_LIMONE_PE26_1.jpg\" \/>\n\t<meta property=\"og:image:width\" content=\"1000\" \/>\n\t<meta property=\"og:image:height\" content=\"1300\" \/>\n\t<meta property=\"og:image:type\" content=\"image\/jpeg\" \/>\n<meta name=\"twitter:card\" content=\"summary_large_image\" \/>\n<meta name=\"twitter:label1\" content=\"Tempo di lettura stimato\" \/>\n\t<meta name=\"twitter:data1\" content=\"1 minuto\" \/>\n<!-- \/ Yoast SEO plugin. -->","yoast_head_json":{"title":"Top Rue De Clerie Giallo - Acquista online! - Seconda Strada","description":"Top Rue De Clerie Giallo \u27a4 Acquista online su Secondastrada.com Top Rue De Clerie Giallo \u2714\ufe0f Spedizione veloce entro 24h in tutta Italia \u2714\ufe0f Sconto sul tuo primo acquisto","robots":{"index":"index","follow":"follow","max-snippet":"max-snippet:-1","max-image-preview":"max-image-preview:large","max-video-preview":"max-video-preview:-1"},"canonical":"https:\/\/www.secondastrada.com\/it\/top-rue-de-clerie-giallo\/","og_locale":"it_IT","og_type":"article","og_title":"Top Rue De Clerie Giallo - Acquista online! - Seconda Strada","og_description":"Top Rue De Clerie Giallo \u27a4 Acquista online su Secondastrada.com Top Rue De Clerie Giallo \u2714\ufe0f Spedizione veloce entro 24h in tutta Italia \u2714\ufe0f Sconto sul tuo primo acquisto","og_url":"https:\/\/www.secondastrada.com\/it\/top-rue-de-clerie-giallo\/","og_site_name":"Seconda Strada","article_modified_time":"2026-04-24T13:44:35+00:00","og_image":[{"width":1000,"height":1300,"url":"https:\/\/www.secondastrada.com\/wp-content\/uploads\/2026\/04\/F196XBFAK699-OB_LIMONE_PE26_1.jpg","type":"image\/jpeg"}],"twitter_card":"summary_large_image","twitter_misc":{"Tempo di lettura stimato":"1 minuto"},"schema":{"@context":"https:\/\/schema.org","@graph":[{"@type":"WebPage","@id":"https:\/\/www.secondastrada.com\/it\/top-rue-de-clerie-giallo\/","url":"https:\/\/www.secondastrada.com\/it\/top-rue-de-clerie-giallo\/","name":"Top Rue De Clerie Giallo - Acquista online! - Seconda Strada","isPartOf":{"@id":"https:\/\/www.secondastrada.com\/it\/#website"},"primaryImageOfPage":{"@id":"https:\/\/www.secondastrada.com\/it\/top-rue-de-clerie-giallo\/#primaryimage"},"image":{"@id":"https:\/\/www.secondastrada.com\/it\/top-rue-de-clerie-giallo\/#primaryimage"},"thumbnailUrl":"https:\/\/www.secondastrada.com\/wp-content\/uploads\/2026\/04\/F196XBFAK699-OB_LIMONE_PE26_1.jpg","datePublished":"2026-04-24T13:44:34+00:00","dateModified":"2026-04-24T13:44:35+00:00","description":"Top Rue De Clerie Giallo \u27a4 Acquista online su Secondastrada.com Top Rue De Clerie Giallo \u2714\ufe0f Spedizione veloce entro 24h in tutta Italia \u2714\ufe0f Sconto sul tuo primo acquisto","breadcrumb":{"@id":"https:\/\/www.secondastrada.com\/it\/top-rue-de-clerie-giallo\/#breadcrumb"},"inLanguage":"it-IT","potentialAction":[{"@type":"ReadAction","target":["https:\/\/www.secondastrada.com\/it\/top-rue-de-clerie-giallo\/"]}]},{"@type":"ImageObject","inLanguage":"it-IT","@id":"https:\/\/www.secondastrada.com\/it\/top-rue-de-clerie-giallo\/#primaryimage","url":"https:\/\/www.secondastrada.com\/wp-content\/uploads\/2026\/04\/F196XBFAK699-OB_LIMONE_PE26_1.jpg","contentUrl":"https:\/\/www.secondastrada.com\/wp-content\/uploads\/2026\/04\/F196XBFAK699-OB_LIMONE_PE26_1.jpg","width":1000,"height":1300,"caption":"F196XBFAK699-OB_LIMONE_PE26"},{"@type":"BreadcrumbList","@id":"https:\/\/www.secondastrada.com\/it\/top-rue-de-clerie-giallo\/#breadcrumb","itemListElement":[{"@type":"ListItem","position":1,"name":"Home","item":"https:\/\/www.secondastrada.com\/it\/"},{"@type":"ListItem","position":2,"name":"Shop","item":"https:\/\/www.secondastrada.com\/it\/shop\/"},{"@type":"ListItem","position":3,"name":"Donna","item":"https:\/\/www.secondastrada.com\/it\/collezione-donna\/"},{"@type":"ListItem","position":4,"name":"Abbigliamento","item":"https:\/\/www.secondastrada.com\/it\/collezione-donna\/abbigliamento-donna\/"},{"@type":"ListItem","position":5,"name":"T-shirt e Top","item":"https:\/\/www.secondastrada.com\/it\/collezione-donna\/abbigliamento-donna\/t-shirt-e-top-da-donna\/"},{"@type":"ListItem","position":6,"name":"Top","item":"https:\/\/www.secondastrada.com\/it\/collezione-donna\/abbigliamento-donna\/t-shirt-e-top-da-donna\/top-da-donna\/"},{"@type":"ListItem","position":7,"name":"Top Rue De Clerie Giallo"}]},{"@type":"WebSite","@id":"https:\/\/www.secondastrada.com\/it\/#website","url":"https:\/\/www.secondastrada.com\/it\/","name":"Seconda Strada","description":"","publisher":{"@id":"https:\/\/www.secondastrada.com\/it\/#organization"},"potentialAction":[{"@type":"SearchAction","target":{"@type":"EntryPoint","urlTemplate":"https:\/\/www.secondastrada.com\/it\/?s={search_term_string}"},"query-input":"required name=search_term_string"}],"inLanguage":"it-IT"},{"@type":"Organization","@id":"https:\/\/www.secondastrada.com\/it\/#organization","name":"Seconda Strada","url":"https:\/\/www.secondastrada.com\/it\/","logo":{"@type":"ImageObject","inLanguage":"it-IT","@id":"https:\/\/www.secondastrada.com\/it\/#\/schema\/logo\/image\/","url":"https:\/\/www.secondastrada.com\/wp-content\/uploads\/2023\/11\/secondastrada-logo.svg","contentUrl":"https:\/\/www.secondastrada.com\/wp-content\/uploads\/2023\/11\/secondastrada-logo.svg","width":353,"height":47,"caption":"Seconda Strada"},"image":{"@id":"https:\/\/www.secondastrada.com\/it\/#\/schema\/logo\/image\/"}}]}},"df_price":20.993,"df_sale_price":"","df_regular_price":20.993,"df_image_link":"https:\/\/www.secondastrada.com\/wp-content\/uploads\/2026\/04\/F196XBFAK699-OB_LIMONE_PE26_1-300x300.jpg","_links":{"self":[{"href":"https:\/\/www.secondastrada.com\/it\/wp-json\/wp\/v2\/product\/360602"}],"collection":[{"href":"https:\/\/www.secondastrada.com\/it\/wp-json\/wp\/v2\/product"}],"about":[{"href":"https:\/\/www.secondastrada.com\/it\/wp-json\/wp\/v2\/types\/product"}],"wp:featuredmedia":[{"embeddable":true,"href":"https:\/\/www.secondastrada.com\/it\/wp-json\/wp\/v2\/media\/361988"}],"wp:attachment":[{"href":"https:\/\/www.secondastrada.com\/it\/wp-json\/wp\/v2\/media?parent=360602"}],"wp:term":[{"taxonomy":"ss_brand","embeddable":true,"href":"https:\/\/www.secondastrada.com\/it\/wp-json\/wp\/v2\/ss_brand?post=360602"},{"taxonomy":"ss_promo","embeddable":true,"href":"https:\/\/www.secondastrada.com\/it\/wp-json\/wp\/v2\/ss_promo?post=360602"},{"taxonomy":"ss_season","embeddable":true,"href":"https:\/\/www.secondastrada.com\/it\/wp-json\/wp\/v2\/ss_season?post=360602"},{"taxonomy":"product_cat","embeddable":true,"href":"https:\/\/www.secondastrada.com\/it\/wp-json\/wp\/v2\/product_cat?post=360602"},{"taxonomy":"product_tag","embeddable":true,"href":"https:\/\/www.secondastrada.com\/it\/wp-json\/wp\/v2\/product_tag?post=360602"}],"curies":[{"name":"wp","href":"https:\/\/api.w.org\/{rel}","templated":true}]}}