{"id":360811,"date":"2026-04-22T14:19:14","date_gmt":"2026-04-22T12:19:14","guid":{"rendered":"https:\/\/www.secondastrada.com\/it\/camicia-rue-de-clerie-blu-3\/"},"modified":"2026-04-22T15:57:56","modified_gmt":"2026-04-22T13:57:56","slug":"camicia-rue-de-clerie-blu-3","status":"publish","type":"product","link":"https:\/\/www.secondastrada.com\/it\/camicia-rue-de-clerie-blu-3\/","title":{"rendered":"Camicia Rue De Clerie Blu"},"content":{"rendered":"<p><b>Camicia RUE DE CLERIE Blu da donna<\/b><br \/>\nLa Camicia RUE DE CLERIE Blu \u00e8 il capo perfetto per chi desidera uno stile fresco e contemporaneo, ideale per la stagione pi\u00f9 dinamica dell\u2019anno. Questa camicia da donna adatta alla stagione primavera estate unisce praticit\u00e0 e femminilit\u00e0, diventando una scelta versatile per il tuo guardaroba quotidiano.<br \/>Realizzata in un mix di cotone e poliestere (50% cotone, 50% poliestere), offre comfort e traspirabilit\u00e0, accompagnandoti con leggerezza durante tutta la giornata. Il design \u00e8 valorizzato da dettagli distintivi come la manica 3\/4, il nodo in vita e il taschino, elementi che rendono questa camicia moderna e dinamica. La vestibilit\u00e0 regolare segue la silhouette con naturalezza: la modella \u00e8 alta 165 cm e indossa una taglia S.<br \/>Puoi indossare la Camicia RUE DE CLERIE Blu nel tempo libero, per un look casual ma curato, perfetto per le giornate primaverili ed estive. Per un abbinamento di tendenza, scegli jeans a zampa e texani per uno stile deciso e attuale, oppure opta per pantaloni pi\u00f9 semplici per un outfit equilibrato.<br \/>Versatile e facile da abbinare, questa camicia \u00e8 pensata per accompagnarti in diverse occasioni con stile e semplicit\u00e0.<br \/>Tutti i prodotti su SecondaStrada.com sono originali e selezionati con attenzione. Codice articolo: F753XBF5400R OB.<\/p>\n","protected":false},"excerpt":{"rendered":"<p>Camicia RUE DE CLERIE Blu da donna La Camicia RUE DE CLERIE Blu \u00e8 il capo perfetto per chi desidera uno stile fresco e contemporaneo, ideale per la stagione pi\u00f9 dinamica dell\u2019anno. Questa camicia da donna adatta alla stagione primavera estate unisce praticit\u00e0 e femminilit\u00e0, diventando una scelta versatile per il tuo guardaroba quotidiano.Realizzata in&#8230;<\/p>\n","protected":false},"featured_media":360327,"template":"","meta":{"inline_featured_image":false},"ss_brand":[1206],"ss_promo":[2196],"ss_season":[2531],"product_cat":[1329,1339,1658],"product_tag":[1995],"class_list":{"0":"post-360811","1":"product","2":"type-product","3":"status-publish","4":"has-post-thumbnail","6":"ss_brand-rue-de-clerie-donna","7":"ss_promo-mid-season-sale-donna","8":"ss_season-pe26","9":"product_cat-abbigliamento-donna","10":"product_cat-camicie-e-bluse-da-donna","11":"product_cat-collezione-donna","12":"product_tag-nuovi-arrivi-donna","14":"first","15":"instock","16":"sale","17":"shipping-taxable","18":"purchasable","19":"product-type-variable","20":"has-default-attributes"},"acf":{"ss_brand":[{"term_id":1206,"name":"RUE DE CLERIE","slug":"rue-de-clerie-donna","term_group":0,"term_taxonomy_id":1206,"taxonomy":"ss_brand","description":"Creazioni essenziali con interventi boh\u00e9mien dal fascino lussuoso per chi ama vestirsi con indiscutibile classe: scopri nel nostro store online gli abiti e i maglioni da donna firmati Rue de Clerie a prezzi favolosi!\u00a0Acquista online su SecondaStrada.com <strong>abbigliamento da donna Rue De Clerie scontatissimo<\/strong>!","parent":1201,"count":534,"filter":"raw"}],"ss_promo":[2196],"ss_season":[{"term_id":2531,"name":"PE26","slug":"pe26","term_group":0,"term_taxonomy_id":2531,"taxonomy":"ss_season","description":"","parent":0,"count":1482,"filter":"raw"}],"ss_old_price":"0,00","ss_omnibus_price":"0,00","ss_style_advice":"<p><b>Camicia RUE DE CLERIE Blu da donna<\/b><br \/>\nLa Camicia RUE DE CLERIE Blu \u00e8 il capo perfetto per chi desidera uno stile fresco e contemporaneo, ideale per la stagione pi\u00f9 dinamica dell\u2019anno. Questa camicia da donna adatta alla stagione primavera estate unisce praticit\u00e0 e femminilit\u00e0, diventando una scelta versatile per il tuo guardaroba quotidiano.<br \/>Realizzata in un mix di cotone e poliestere (50% cotone, 50% poliestere), offre comfort e traspirabilit\u00e0, accompagnandoti con leggerezza durante tutta la giornata. Il design \u00e8 valorizzato da dettagli distintivi come la manica 3\/4, il nodo in vita e il taschino, elementi che rendono questa camicia moderna e dinamica. La vestibilit\u00e0 regolare segue la silhouette con naturalezza: la modella \u00e8 alta 165 cm e indossa una taglia S.<br \/>Puoi indossare la Camicia RUE DE CLERIE Blu nel tempo libero, per un look casual ma curato, perfetto per le giornate primaverili ed estive. Per un abbinamento di tendenza, scegli jeans a zampa e texani per uno stile deciso e attuale, oppure opta per pantaloni pi\u00f9 semplici per un outfit equilibrato.<br \/>Versatile e facile da abbinare, questa camicia \u00e8 pensata per accompagnarti in diverse occasioni con stile e semplicit\u00e0.<br \/>Tutti i prodotti su SecondaStrada.com sono originali e selezionati con attenzione. Codice articolo: F753XBF5400R OB.<\/p>\n","ss_composition":"<p>50% cotone 50% poliestere<\/p>\n","ss_fit":"<p>La modella \u00e8 alta 165 cm e veste la taglia S. La vestibilit\u00e0 del capo \u00e8 regolare.<\/p>\n"},"yoast_head":"<!-- This site is optimized with the Yoast SEO plugin v22.3 - https:\/\/yoast.com\/wordpress\/plugins\/seo\/ -->\n<title>Camicia Rue De Clerie Blu - Acquista online! - Seconda Strada<\/title>\n<meta name=\"description\" content=\"Camicia Rue De Clerie Blu \u27a4 Acquista online su Secondastrada.com Camicia Rue De Clerie Blu \u2714\ufe0f Spedizione veloce entro 24h in tutta Italia \u2714\ufe0f Sconto sul tuo primo acquisto\" \/>\n<meta name=\"robots\" content=\"index, follow, max-snippet:-1, max-image-preview:large, max-video-preview:-1\" \/>\n<link rel=\"canonical\" href=\"https:\/\/www.secondastrada.com\/it\/camicia-rue-de-clerie-blu-3\/\" \/>\n<meta property=\"og:locale\" content=\"it_IT\" \/>\n<meta property=\"og:type\" content=\"article\" \/>\n<meta property=\"og:title\" content=\"Camicia Rue De Clerie Blu - Acquista online! - Seconda Strada\" \/>\n<meta property=\"og:description\" content=\"Camicia Rue De Clerie Blu \u27a4 Acquista online su Secondastrada.com Camicia Rue De Clerie Blu \u2714\ufe0f Spedizione veloce entro 24h in tutta Italia \u2714\ufe0f Sconto sul tuo primo acquisto\" \/>\n<meta property=\"og:url\" content=\"https:\/\/www.secondastrada.com\/it\/camicia-rue-de-clerie-blu-3\/\" \/>\n<meta property=\"og:site_name\" content=\"Seconda Strada\" \/>\n<meta property=\"article:modified_time\" content=\"2026-04-22T13:57:56+00:00\" \/>\n<meta property=\"og:image\" content=\"https:\/\/www.secondastrada.com\/wp-content\/uploads\/2026\/04\/F753XBF5400R-OB_BLU_PE26_1.jpg\" \/>\n\t<meta property=\"og:image:width\" content=\"1000\" \/>\n\t<meta property=\"og:image:height\" content=\"1300\" \/>\n\t<meta property=\"og:image:type\" content=\"image\/jpeg\" \/>\n<meta name=\"twitter:card\" content=\"summary_large_image\" \/>\n<meta name=\"twitter:label1\" content=\"Tempo di lettura stimato\" \/>\n\t<meta name=\"twitter:data1\" content=\"1 minuto\" \/>\n<!-- \/ Yoast SEO plugin. -->","yoast_head_json":{"title":"Camicia Rue De Clerie Blu - Acquista online! - Seconda Strada","description":"Camicia Rue De Clerie Blu \u27a4 Acquista online su Secondastrada.com Camicia Rue De Clerie Blu \u2714\ufe0f Spedizione veloce entro 24h in tutta Italia \u2714\ufe0f Sconto sul tuo primo acquisto","robots":{"index":"index","follow":"follow","max-snippet":"max-snippet:-1","max-image-preview":"max-image-preview:large","max-video-preview":"max-video-preview:-1"},"canonical":"https:\/\/www.secondastrada.com\/it\/camicia-rue-de-clerie-blu-3\/","og_locale":"it_IT","og_type":"article","og_title":"Camicia Rue De Clerie Blu - Acquista online! - Seconda Strada","og_description":"Camicia Rue De Clerie Blu \u27a4 Acquista online su Secondastrada.com Camicia Rue De Clerie Blu \u2714\ufe0f Spedizione veloce entro 24h in tutta Italia \u2714\ufe0f Sconto sul tuo primo acquisto","og_url":"https:\/\/www.secondastrada.com\/it\/camicia-rue-de-clerie-blu-3\/","og_site_name":"Seconda Strada","article_modified_time":"2026-04-22T13:57:56+00:00","og_image":[{"width":1000,"height":1300,"url":"https:\/\/www.secondastrada.com\/wp-content\/uploads\/2026\/04\/F753XBF5400R-OB_BLU_PE26_1.jpg","type":"image\/jpeg"}],"twitter_card":"summary_large_image","twitter_misc":{"Tempo di lettura stimato":"1 minuto"},"schema":{"@context":"https:\/\/schema.org","@graph":[{"@type":"WebPage","@id":"https:\/\/www.secondastrada.com\/it\/camicia-rue-de-clerie-blu-3\/","url":"https:\/\/www.secondastrada.com\/it\/camicia-rue-de-clerie-blu-3\/","name":"Camicia Rue De Clerie Blu - Acquista online! - Seconda Strada","isPartOf":{"@id":"https:\/\/www.secondastrada.com\/it\/#website"},"primaryImageOfPage":{"@id":"https:\/\/www.secondastrada.com\/it\/camicia-rue-de-clerie-blu-3\/#primaryimage"},"image":{"@id":"https:\/\/www.secondastrada.com\/it\/camicia-rue-de-clerie-blu-3\/#primaryimage"},"thumbnailUrl":"https:\/\/www.secondastrada.com\/wp-content\/uploads\/2026\/04\/F753XBF5400R-OB_BLU_PE26_1.jpg","datePublished":"2026-04-22T12:19:14+00:00","dateModified":"2026-04-22T13:57:56+00:00","description":"Camicia Rue De Clerie Blu \u27a4 Acquista online su Secondastrada.com Camicia Rue De Clerie Blu \u2714\ufe0f Spedizione veloce entro 24h in tutta Italia \u2714\ufe0f Sconto sul tuo primo acquisto","breadcrumb":{"@id":"https:\/\/www.secondastrada.com\/it\/camicia-rue-de-clerie-blu-3\/#breadcrumb"},"inLanguage":"it-IT","potentialAction":[{"@type":"ReadAction","target":["https:\/\/www.secondastrada.com\/it\/camicia-rue-de-clerie-blu-3\/"]}]},{"@type":"ImageObject","inLanguage":"it-IT","@id":"https:\/\/www.secondastrada.com\/it\/camicia-rue-de-clerie-blu-3\/#primaryimage","url":"https:\/\/www.secondastrada.com\/wp-content\/uploads\/2026\/04\/F753XBF5400R-OB_BLU_PE26_1.jpg","contentUrl":"https:\/\/www.secondastrada.com\/wp-content\/uploads\/2026\/04\/F753XBF5400R-OB_BLU_PE26_1.jpg","width":1000,"height":1300,"caption":"F753XBF5400R-OB_BLU_PE26"},{"@type":"BreadcrumbList","@id":"https:\/\/www.secondastrada.com\/it\/camicia-rue-de-clerie-blu-3\/#breadcrumb","itemListElement":[{"@type":"ListItem","position":1,"name":"Home","item":"https:\/\/www.secondastrada.com\/it\/"},{"@type":"ListItem","position":2,"name":"Shop","item":"https:\/\/www.secondastrada.com\/it\/shop\/"},{"@type":"ListItem","position":3,"name":"Donna","item":"https:\/\/www.secondastrada.com\/it\/collezione-donna\/"},{"@type":"ListItem","position":4,"name":"Abbigliamento","item":"https:\/\/www.secondastrada.com\/it\/collezione-donna\/abbigliamento-donna\/"},{"@type":"ListItem","position":5,"name":"Camicie e Bluse","item":"https:\/\/www.secondastrada.com\/it\/collezione-donna\/abbigliamento-donna\/camicie-e-bluse-da-donna\/"},{"@type":"ListItem","position":6,"name":"Camicia Rue De Clerie Blu"}]},{"@type":"WebSite","@id":"https:\/\/www.secondastrada.com\/it\/#website","url":"https:\/\/www.secondastrada.com\/it\/","name":"Seconda Strada","description":"","publisher":{"@id":"https:\/\/www.secondastrada.com\/it\/#organization"},"potentialAction":[{"@type":"SearchAction","target":{"@type":"EntryPoint","urlTemplate":"https:\/\/www.secondastrada.com\/it\/?s={search_term_string}"},"query-input":"required name=search_term_string"}],"inLanguage":"it-IT"},{"@type":"Organization","@id":"https:\/\/www.secondastrada.com\/it\/#organization","name":"Seconda Strada","url":"https:\/\/www.secondastrada.com\/it\/","logo":{"@type":"ImageObject","inLanguage":"it-IT","@id":"https:\/\/www.secondastrada.com\/it\/#\/schema\/logo\/image\/","url":"https:\/\/www.secondastrada.com\/wp-content\/uploads\/2023\/11\/secondastrada-logo.svg","contentUrl":"https:\/\/www.secondastrada.com\/wp-content\/uploads\/2023\/11\/secondastrada-logo.svg","width":353,"height":47,"caption":"Seconda Strada"},"image":{"@id":"https:\/\/www.secondastrada.com\/it\/#\/schema\/logo\/image\/"}}]}},"df_price":27.993,"df_sale_price":"","df_regular_price":27.993,"df_image_link":"https:\/\/www.secondastrada.com\/wp-content\/uploads\/2026\/04\/F753XBF5400R-OB_BLU_PE26_1-300x300.jpg","_links":{"self":[{"href":"https:\/\/www.secondastrada.com\/it\/wp-json\/wp\/v2\/product\/360811"}],"collection":[{"href":"https:\/\/www.secondastrada.com\/it\/wp-json\/wp\/v2\/product"}],"about":[{"href":"https:\/\/www.secondastrada.com\/it\/wp-json\/wp\/v2\/types\/product"}],"wp:featuredmedia":[{"embeddable":true,"href":"https:\/\/www.secondastrada.com\/it\/wp-json\/wp\/v2\/media\/360327"}],"wp:attachment":[{"href":"https:\/\/www.secondastrada.com\/it\/wp-json\/wp\/v2\/media?parent=360811"}],"wp:term":[{"taxonomy":"ss_brand","embeddable":true,"href":"https:\/\/www.secondastrada.com\/it\/wp-json\/wp\/v2\/ss_brand?post=360811"},{"taxonomy":"ss_promo","embeddable":true,"href":"https:\/\/www.secondastrada.com\/it\/wp-json\/wp\/v2\/ss_promo?post=360811"},{"taxonomy":"ss_season","embeddable":true,"href":"https:\/\/www.secondastrada.com\/it\/wp-json\/wp\/v2\/ss_season?post=360811"},{"taxonomy":"product_cat","embeddable":true,"href":"https:\/\/www.secondastrada.com\/it\/wp-json\/wp\/v2\/product_cat?post=360811"},{"taxonomy":"product_tag","embeddable":true,"href":"https:\/\/www.secondastrada.com\/it\/wp-json\/wp\/v2\/product_tag?post=360811"}],"curies":[{"name":"wp","href":"https:\/\/api.w.org\/{rel}","templated":true}]}}