{"id":360984,"date":"2026-04-24T15:49:51","date_gmt":"2026-04-24T13:49:51","guid":{"rendered":"https:\/\/www.secondastrada.com\/it\/top-rue-de-clerie-azzurro-3\/"},"modified":"2026-04-24T15:49:52","modified_gmt":"2026-04-24T13:49:52","slug":"top-rue-de-clerie-azzurro-3","status":"publish","type":"product","link":"https:\/\/www.secondastrada.com\/it\/top-rue-de-clerie-azzurro-3\/","title":{"rendered":"Top Rue De Clerie Azzurro"},"content":{"rendered":"<p><b>Top RUE DE CLERIE Azzurro da donna<\/b><br \/>\nDelicato, luminoso e versatile, il Top RUE DE CLERIE Azzurro \u00e8 la scelta perfetta per chi desidera un capo femminile e facile da abbinare in ogni stagione.<br \/>Realizzato in un elegante tessuto lucido, questo top da donna adatto in tutte le stagioni valorizza la silhouette grazie alla sua vestibilit\u00e0 regolare, offrendo comfort e leggerezza durante tutta la giornata.<br \/>Lo <b>scollo morbido<\/b> crea una linea fluida e raffinata, ideale per esaltare il d\u00e9collet\u00e9 con naturalezza, aggiungendo un tocco sofisticato anche ai look pi\u00f9 semplici.<br \/>La composizione in 95% poliestere e 5% elastano garantisce elasticit\u00e0 e praticit\u00e0, mantenendo il capo sempre confortevole e piacevole da indossare.<br \/>Perfetto per il tempo libero quando vuoi sentirti curata con semplicit\u00e0, ma anche ideale per occasioni pi\u00f9 formali se abbinato con gli accessori giusti.<br \/>Puoi indossarlo come sottogiacca per un outfit elegante e contemporaneo oppure abbinarlo a jeans o pantaloni chiari per un look fresco e moderno.<br \/>Il colore azzurro dona luminosit\u00e0 e leggerezza, rendendo questo top con scollo morbido, tessuto lucido un alleato versatile per creare outfit sempre nuovi e armoniosi.<br \/>La modella \u00e8 alta 165 cm e indossa la taglia S: la vestibilit\u00e0 \u00e8 regolare.<br \/>Su SecondaStrada.com trovi solo prodotti originali selezionati con cura.<br \/><b>Codice articolo: F856XBF5866A OB<\/b><\/p>\n","protected":false},"excerpt":{"rendered":"<p>Top RUE DE CLERIE Azzurro da donna Delicato, luminoso e versatile, il Top RUE DE CLERIE Azzurro \u00e8 la scelta perfetta per chi desidera un capo femminile e facile da abbinare in ogni stagione.Realizzato in un elegante tessuto lucido, questo top da donna adatto in tutte le stagioni valorizza la silhouette grazie alla sua vestibilit\u00e0&#8230;<\/p>\n","protected":false},"featured_media":362018,"template":"","meta":{"inline_featured_image":false},"ss_brand":[1206],"ss_promo":[2196],"ss_season":[2531],"product_cat":[1329,1658,1337,1823],"product_tag":[1995],"class_list":{"0":"post-360984","1":"product","2":"type-product","3":"status-publish","4":"has-post-thumbnail","6":"ss_brand-rue-de-clerie-donna","7":"ss_promo-mid-season-sale-donna","8":"ss_season-pe26","9":"product_cat-abbigliamento-donna","10":"product_cat-collezione-donna","11":"product_cat-t-shirt-e-top-da-donna","12":"product_cat-top-da-donna","13":"product_tag-nuovi-arrivi-donna","15":"first","16":"instock","17":"sale","18":"shipping-taxable","19":"purchasable","20":"product-type-variable","21":"has-default-attributes"},"acf":{"ss_brand":[{"term_id":1206,"name":"RUE DE CLERIE","slug":"rue-de-clerie-donna","term_group":0,"term_taxonomy_id":1206,"taxonomy":"ss_brand","description":"Creazioni essenziali con interventi boh\u00e9mien dal fascino lussuoso per chi ama vestirsi con indiscutibile classe: scopri nel nostro store online gli abiti e i maglioni da donna firmati Rue de Clerie a prezzi favolosi!\u00a0Acquista online su SecondaStrada.com <strong>abbigliamento da donna Rue De Clerie scontatissimo<\/strong>!","parent":1201,"count":554,"filter":"raw"}],"ss_promo":[2196],"ss_season":[{"term_id":2531,"name":"PE26","slug":"pe26","term_group":0,"term_taxonomy_id":2531,"taxonomy":"ss_season","description":"","parent":0,"count":1542,"filter":"raw"}],"ss_old_price":"0,00","ss_omnibus_price":"0,00","ss_style_advice":"<p><b>Top RUE DE CLERIE Azzurro da donna<\/b><br \/>\nDelicato, luminoso e versatile, il Top RUE DE CLERIE Azzurro \u00e8 la scelta perfetta per chi desidera un capo femminile e facile da abbinare in ogni stagione.<br \/>Realizzato in un elegante tessuto lucido, questo top da donna adatto in tutte le stagioni valorizza la silhouette grazie alla sua vestibilit\u00e0 regolare, offrendo comfort e leggerezza durante tutta la giornata.<br \/>Lo <b>scollo morbido<\/b> crea una linea fluida e raffinata, ideale per esaltare il d\u00e9collet\u00e9 con naturalezza, aggiungendo un tocco sofisticato anche ai look pi\u00f9 semplici.<br \/>La composizione in 95% poliestere e 5% elastano garantisce elasticit\u00e0 e praticit\u00e0, mantenendo il capo sempre confortevole e piacevole da indossare.<br \/>Perfetto per il tempo libero quando vuoi sentirti curata con semplicit\u00e0, ma anche ideale per occasioni pi\u00f9 formali se abbinato con gli accessori giusti.<br \/>Puoi indossarlo come sottogiacca per un outfit elegante e contemporaneo oppure abbinarlo a jeans o pantaloni chiari per un look fresco e moderno.<br \/>Il colore azzurro dona luminosit\u00e0 e leggerezza, rendendo questo top con scollo morbido, tessuto lucido un alleato versatile per creare outfit sempre nuovi e armoniosi.<br \/>La modella \u00e8 alta 165 cm e indossa la taglia S: la vestibilit\u00e0 \u00e8 regolare.<br \/>Su SecondaStrada.com trovi solo prodotti originali selezionati con cura.<br \/><b>Codice articolo: F856XBF5866A OB<\/b><\/p>\n","ss_composition":"<p>95% poliestere, 5% elastano<\/p>\n","ss_fit":"<p>La modella \u00e8 alta 165 cm e veste la taglia S. La vestibilit\u00e0 del capo \u00e8 regolare.<\/p>\n"},"yoast_head":"<!-- This site is optimized with the Yoast SEO plugin v22.3 - https:\/\/yoast.com\/wordpress\/plugins\/seo\/ -->\n<title>Top Rue De Clerie Azzurro - Acquista online! - Seconda Strada<\/title>\n<meta name=\"description\" content=\"Top Rue De Clerie Azzurro \u27a4 Acquista online su Secondastrada.com Top Rue De Clerie Azzurro \u2714\ufe0f Spedizione veloce entro 24h in tutta Italia \u2714\ufe0f Sconto sul tuo primo acquisto\" \/>\n<meta name=\"robots\" content=\"index, follow, max-snippet:-1, max-image-preview:large, max-video-preview:-1\" \/>\n<link rel=\"canonical\" href=\"https:\/\/www.secondastrada.com\/it\/top-rue-de-clerie-azzurro-3\/\" \/>\n<meta property=\"og:locale\" content=\"it_IT\" \/>\n<meta property=\"og:type\" content=\"article\" \/>\n<meta property=\"og:title\" content=\"Top Rue De Clerie Azzurro - Acquista online! - Seconda Strada\" \/>\n<meta property=\"og:description\" content=\"Top Rue De Clerie Azzurro \u27a4 Acquista online su Secondastrada.com Top Rue De Clerie Azzurro \u2714\ufe0f Spedizione veloce entro 24h in tutta Italia \u2714\ufe0f Sconto sul tuo primo acquisto\" \/>\n<meta property=\"og:url\" content=\"https:\/\/www.secondastrada.com\/it\/top-rue-de-clerie-azzurro-3\/\" \/>\n<meta property=\"og:site_name\" content=\"Seconda Strada\" \/>\n<meta property=\"article:modified_time\" content=\"2026-04-24T13:49:52+00:00\" \/>\n<meta property=\"og:image\" content=\"https:\/\/www.secondastrada.com\/wp-content\/uploads\/2026\/04\/F856XBF5866A-OB_SKY_PE26_1.jpg\" \/>\n\t<meta property=\"og:image:width\" content=\"1000\" \/>\n\t<meta property=\"og:image:height\" content=\"1300\" \/>\n\t<meta property=\"og:image:type\" content=\"image\/jpeg\" \/>\n<meta name=\"twitter:card\" content=\"summary_large_image\" \/>\n<meta name=\"twitter:label1\" content=\"Tempo di lettura stimato\" \/>\n\t<meta name=\"twitter:data1\" content=\"1 minuto\" \/>\n<!-- \/ Yoast SEO plugin. -->","yoast_head_json":{"title":"Top Rue De Clerie Azzurro - Acquista online! - Seconda Strada","description":"Top Rue De Clerie Azzurro \u27a4 Acquista online su Secondastrada.com Top Rue De Clerie Azzurro \u2714\ufe0f Spedizione veloce entro 24h in tutta Italia \u2714\ufe0f Sconto sul tuo primo acquisto","robots":{"index":"index","follow":"follow","max-snippet":"max-snippet:-1","max-image-preview":"max-image-preview:large","max-video-preview":"max-video-preview:-1"},"canonical":"https:\/\/www.secondastrada.com\/it\/top-rue-de-clerie-azzurro-3\/","og_locale":"it_IT","og_type":"article","og_title":"Top Rue De Clerie Azzurro - Acquista online! - Seconda Strada","og_description":"Top Rue De Clerie Azzurro \u27a4 Acquista online su Secondastrada.com Top Rue De Clerie Azzurro \u2714\ufe0f Spedizione veloce entro 24h in tutta Italia \u2714\ufe0f Sconto sul tuo primo acquisto","og_url":"https:\/\/www.secondastrada.com\/it\/top-rue-de-clerie-azzurro-3\/","og_site_name":"Seconda Strada","article_modified_time":"2026-04-24T13:49:52+00:00","og_image":[{"width":1000,"height":1300,"url":"https:\/\/www.secondastrada.com\/wp-content\/uploads\/2026\/04\/F856XBF5866A-OB_SKY_PE26_1.jpg","type":"image\/jpeg"}],"twitter_card":"summary_large_image","twitter_misc":{"Tempo di lettura stimato":"1 minuto"},"schema":{"@context":"https:\/\/schema.org","@graph":[{"@type":"WebPage","@id":"https:\/\/www.secondastrada.com\/it\/top-rue-de-clerie-azzurro-3\/","url":"https:\/\/www.secondastrada.com\/it\/top-rue-de-clerie-azzurro-3\/","name":"Top Rue De Clerie Azzurro - Acquista online! - Seconda Strada","isPartOf":{"@id":"https:\/\/www.secondastrada.com\/it\/#website"},"primaryImageOfPage":{"@id":"https:\/\/www.secondastrada.com\/it\/top-rue-de-clerie-azzurro-3\/#primaryimage"},"image":{"@id":"https:\/\/www.secondastrada.com\/it\/top-rue-de-clerie-azzurro-3\/#primaryimage"},"thumbnailUrl":"https:\/\/www.secondastrada.com\/wp-content\/uploads\/2026\/04\/F856XBF5866A-OB_SKY_PE26_1.jpg","datePublished":"2026-04-24T13:49:51+00:00","dateModified":"2026-04-24T13:49:52+00:00","description":"Top Rue De Clerie Azzurro \u27a4 Acquista online su Secondastrada.com Top Rue De Clerie Azzurro \u2714\ufe0f Spedizione veloce entro 24h in tutta Italia \u2714\ufe0f Sconto sul tuo primo acquisto","breadcrumb":{"@id":"https:\/\/www.secondastrada.com\/it\/top-rue-de-clerie-azzurro-3\/#breadcrumb"},"inLanguage":"it-IT","potentialAction":[{"@type":"ReadAction","target":["https:\/\/www.secondastrada.com\/it\/top-rue-de-clerie-azzurro-3\/"]}]},{"@type":"ImageObject","inLanguage":"it-IT","@id":"https:\/\/www.secondastrada.com\/it\/top-rue-de-clerie-azzurro-3\/#primaryimage","url":"https:\/\/www.secondastrada.com\/wp-content\/uploads\/2026\/04\/F856XBF5866A-OB_SKY_PE26_1.jpg","contentUrl":"https:\/\/www.secondastrada.com\/wp-content\/uploads\/2026\/04\/F856XBF5866A-OB_SKY_PE26_1.jpg","width":1000,"height":1300,"caption":"F856XBF5866A-OB_SKY_PE26"},{"@type":"BreadcrumbList","@id":"https:\/\/www.secondastrada.com\/it\/top-rue-de-clerie-azzurro-3\/#breadcrumb","itemListElement":[{"@type":"ListItem","position":1,"name":"Home","item":"https:\/\/www.secondastrada.com\/it\/"},{"@type":"ListItem","position":2,"name":"Shop","item":"https:\/\/www.secondastrada.com\/it\/shop\/"},{"@type":"ListItem","position":3,"name":"Donna","item":"https:\/\/www.secondastrada.com\/it\/collezione-donna\/"},{"@type":"ListItem","position":4,"name":"Abbigliamento","item":"https:\/\/www.secondastrada.com\/it\/collezione-donna\/abbigliamento-donna\/"},{"@type":"ListItem","position":5,"name":"T-shirt e Top","item":"https:\/\/www.secondastrada.com\/it\/collezione-donna\/abbigliamento-donna\/t-shirt-e-top-da-donna\/"},{"@type":"ListItem","position":6,"name":"Top","item":"https:\/\/www.secondastrada.com\/it\/collezione-donna\/abbigliamento-donna\/t-shirt-e-top-da-donna\/top-da-donna\/"},{"@type":"ListItem","position":7,"name":"Top Rue De Clerie Azzurro"}]},{"@type":"WebSite","@id":"https:\/\/www.secondastrada.com\/it\/#website","url":"https:\/\/www.secondastrada.com\/it\/","name":"Seconda Strada","description":"","publisher":{"@id":"https:\/\/www.secondastrada.com\/it\/#organization"},"potentialAction":[{"@type":"SearchAction","target":{"@type":"EntryPoint","urlTemplate":"https:\/\/www.secondastrada.com\/it\/?s={search_term_string}"},"query-input":"required name=search_term_string"}],"inLanguage":"it-IT"},{"@type":"Organization","@id":"https:\/\/www.secondastrada.com\/it\/#organization","name":"Seconda Strada","url":"https:\/\/www.secondastrada.com\/it\/","logo":{"@type":"ImageObject","inLanguage":"it-IT","@id":"https:\/\/www.secondastrada.com\/it\/#\/schema\/logo\/image\/","url":"https:\/\/www.secondastrada.com\/wp-content\/uploads\/2023\/11\/secondastrada-logo.svg","contentUrl":"https:\/\/www.secondastrada.com\/wp-content\/uploads\/2023\/11\/secondastrada-logo.svg","width":353,"height":47,"caption":"Seconda Strada"},"image":{"@id":"https:\/\/www.secondastrada.com\/it\/#\/schema\/logo\/image\/"}}]}},"df_price":20.993,"df_sale_price":"","df_regular_price":20.993,"df_image_link":"https:\/\/www.secondastrada.com\/wp-content\/uploads\/2026\/04\/F856XBF5866A-OB_SKY_PE26_1-300x300.jpg","_links":{"self":[{"href":"https:\/\/www.secondastrada.com\/it\/wp-json\/wp\/v2\/product\/360984"}],"collection":[{"href":"https:\/\/www.secondastrada.com\/it\/wp-json\/wp\/v2\/product"}],"about":[{"href":"https:\/\/www.secondastrada.com\/it\/wp-json\/wp\/v2\/types\/product"}],"wp:featuredmedia":[{"embeddable":true,"href":"https:\/\/www.secondastrada.com\/it\/wp-json\/wp\/v2\/media\/362018"}],"wp:attachment":[{"href":"https:\/\/www.secondastrada.com\/it\/wp-json\/wp\/v2\/media?parent=360984"}],"wp:term":[{"taxonomy":"ss_brand","embeddable":true,"href":"https:\/\/www.secondastrada.com\/it\/wp-json\/wp\/v2\/ss_brand?post=360984"},{"taxonomy":"ss_promo","embeddable":true,"href":"https:\/\/www.secondastrada.com\/it\/wp-json\/wp\/v2\/ss_promo?post=360984"},{"taxonomy":"ss_season","embeddable":true,"href":"https:\/\/www.secondastrada.com\/it\/wp-json\/wp\/v2\/ss_season?post=360984"},{"taxonomy":"product_cat","embeddable":true,"href":"https:\/\/www.secondastrada.com\/it\/wp-json\/wp\/v2\/product_cat?post=360984"},{"taxonomy":"product_tag","embeddable":true,"href":"https:\/\/www.secondastrada.com\/it\/wp-json\/wp\/v2\/product_tag?post=360984"}],"curies":[{"name":"wp","href":"https:\/\/api.w.org\/{rel}","templated":true}]}}