{"id":361394,"date":"2026-04-27T14:03:29","date_gmt":"2026-04-27T12:03:29","guid":{"rendered":"https:\/\/www.secondastrada.com\/it\/t-shirt-calvin-klein-bianca\/"},"modified":"2026-04-28T12:09:52","modified_gmt":"2026-04-28T10:09:52","slug":"t-shirt-calvin-klein-bianca","status":"publish","type":"product","link":"https:\/\/www.secondastrada.com\/it\/t-shirt-calvin-klein-bianca\/","title":{"rendered":"T-shirt Calvin Klein Bianca"},"content":{"rendered":"<p><b>T-shirt CALVIN KLEIN Bianca da uomo<\/b><br \/>\nEssenziale, moderna e dal carattere deciso, la T-shirt CALVIN KLEIN Bianca \u00e8 il capo perfetto per accompagnarti con stile nelle giornate pi\u00f9 dinamiche della stagione.<br \/>Realizzata in 100% cotone, questa T-shirt da uomo adatta alla stagione primavera estate offre una sensazione di freschezza e comfort sulla pelle, ideale per un utilizzo quotidiano.<br \/>Il design minimal \u00e8 valorizzato dalla <b>stampa CK a contrasto<\/b>, un dettaglio iconico che dona personalit\u00e0 al capo e lo rende immediatamente riconoscibile, mantenendo un\u2019estetica pulita e contemporanea.<br \/>La vestibilit\u00e0 regolare garantisce una linea comoda e naturale, perfetta per adattarsi a diverse fisicit\u00e0 e per accompagnarti con libert\u00e0 nei movimenti.<br \/>Puoi indossarla nel tempo libero, durante le tue giornate pi\u00f9 rilassate o nelle occasioni casual, quando vuoi sentirti a tuo agio senza rinunciare allo stile.<br \/>Perfetta con jeans o bermuda per un look fresco e disinvolto, oppure abbinata a sneakers per uno stile giovane e dinamico.<br \/>Il colore bianco, luminoso e intramontabile, rende questa T-shirt con stampa CK a contrasto un capo estremamente versatile, facile da abbinare in ogni occasione.<br \/>Il modello \u00e8 alto 187 cm e indossa la taglia L: la vestibilit\u00e0 \u00e8 regolare.<br \/>Su SecondaStrada.com trovi solo prodotti originali selezionati con cura.<br \/><b>Codice articolo: LV04RD825G OB<\/b><\/p>\n","protected":false},"excerpt":{"rendered":"<p>T-shirt CALVIN KLEIN Bianca da uomo Essenziale, moderna e dal carattere deciso, la T-shirt CALVIN KLEIN Bianca \u00e8 il capo perfetto per accompagnarti con stile nelle giornate pi\u00f9 dinamiche della stagione.Realizzata in 100% cotone, questa T-shirt da uomo adatta alla stagione primavera estate offre una sensazione di freschezza e comfort sulla pelle, ideale per un&#8230;<\/p>\n","protected":false},"featured_media":362117,"template":"","meta":{"inline_featured_image":false},"ss_brand":[1305],"ss_promo":[],"ss_season":[2531],"product_cat":[1332,1479,2276,1714],"product_tag":[1993,1751],"class_list":{"0":"post-361394","1":"product","2":"type-product","3":"status-publish","4":"has-post-thumbnail","6":"ss_brand-calvin-klein-uomo","7":"ss_season-pe26","8":"product_cat-abbigliamento-uomo","9":"product_cat-t-shirt-da-uomo","10":"product_cat-t-shirt-in-cotone-da-uomo","11":"product_cat-collezione-uomo","12":"product_tag-nuovi-arrivi-uomo","13":"product_tag-t-shirt-calvin-klein-uomo","15":"first","16":"instock","17":"shipping-taxable","18":"purchasable","19":"product-type-variable","20":"has-default-attributes"},"acf":{"ss_brand":[{"term_id":1305,"name":"CALVIN KLEIN","slug":"calvin-klein-uomo","term_group":0,"term_taxonomy_id":1305,"taxonomy":"ss_brand","description":"Calvin Klein si afferma nell\u2019universo casual con un design privo di orpelli e funzionale. Vestiti di semplicit\u00e0 con le offerte che abbiamo preparato per te!\u00a0Acquista online su SecondaStrada.com <strong>abbigliamento da uomo CALVIN KLEIN scontatissimo<\/strong>!","parent":1268,"count":332,"filter":"raw"}],"ss_promo":false,"ss_season":[{"term_id":2531,"name":"PE26","slug":"pe26","term_group":0,"term_taxonomy_id":2531,"taxonomy":"ss_season","description":"","parent":0,"count":1573,"filter":"raw"}],"ss_old_price":"49,90","ss_omnibus_price":"0,00","ss_style_advice":"<p><b>T-shirt CALVIN KLEIN Bianca da uomo<\/b><br \/>\nEssenziale, moderna e dal carattere deciso, la T-shirt CALVIN KLEIN Bianca \u00e8 il capo perfetto per accompagnarti con stile nelle giornate pi\u00f9 dinamiche della stagione.<br \/>Realizzata in 100% cotone, questa T-shirt da uomo adatta alla stagione primavera estate offre una sensazione di freschezza e comfort sulla pelle, ideale per un utilizzo quotidiano.<br \/>Il design minimal \u00e8 valorizzato dalla <b>stampa CK a contrasto<\/b>, un dettaglio iconico che dona personalit\u00e0 al capo e lo rende immediatamente riconoscibile, mantenendo un\u2019estetica pulita e contemporanea.<br \/>La vestibilit\u00e0 regolare garantisce una linea comoda e naturale, perfetta per adattarsi a diverse fisicit\u00e0 e per accompagnarti con libert\u00e0 nei movimenti.<br \/>Puoi indossarla nel tempo libero, durante le tue giornate pi\u00f9 rilassate o nelle occasioni casual, quando vuoi sentirti a tuo agio senza rinunciare allo stile.<br \/>Perfetta con jeans o bermuda per un look fresco e disinvolto, oppure abbinata a sneakers per uno stile giovane e dinamico.<br \/>Il colore bianco, luminoso e intramontabile, rende questa T-shirt con stampa CK a contrasto un capo estremamente versatile, facile da abbinare in ogni occasione.<br \/>Il modello \u00e8 alto 187 cm e indossa la taglia L: la vestibilit\u00e0 \u00e8 regolare.<br \/>Su SecondaStrada.com trovi solo prodotti originali selezionati con cura.<br \/><b>Codice articolo: LV04RD825G OB<\/b><\/p>\n","ss_composition":"<p>100% cotone<\/p>\n","ss_fit":"<p>Il modello \u00e8 alto 187 cm e veste la taglia L. La vestibilit\u00e0 del capo \u00e8 regolare.<\/p>\n"},"yoast_head":"<!-- This site is optimized with the Yoast SEO plugin v22.3 - https:\/\/yoast.com\/wordpress\/plugins\/seo\/ -->\n<title>T-shirt Calvin Klein Bianca - Acquista online! - Seconda Strada<\/title>\n<meta name=\"description\" content=\"T-shirt Calvin Klein Bianca \u27a4 Acquista online su Secondastrada.com T-shirt Calvin Klein Bianca \u2714\ufe0f Spedizione veloce entro 24h in tutta Italia \u2714\ufe0f Sconto sul tuo primo acquisto\" \/>\n<meta name=\"robots\" content=\"index, follow, max-snippet:-1, max-image-preview:large, max-video-preview:-1\" \/>\n<link rel=\"canonical\" href=\"https:\/\/www.secondastrada.com\/it\/t-shirt-calvin-klein-bianca\/\" \/>\n<meta property=\"og:locale\" content=\"it_IT\" \/>\n<meta property=\"og:type\" content=\"article\" \/>\n<meta property=\"og:title\" content=\"T-shirt Calvin Klein Bianca - Acquista online! - Seconda Strada\" \/>\n<meta property=\"og:description\" content=\"T-shirt Calvin Klein Bianca \u27a4 Acquista online su Secondastrada.com T-shirt Calvin Klein Bianca \u2714\ufe0f Spedizione veloce entro 24h in tutta Italia \u2714\ufe0f Sconto sul tuo primo acquisto\" \/>\n<meta property=\"og:url\" content=\"https:\/\/www.secondastrada.com\/it\/t-shirt-calvin-klein-bianca\/\" \/>\n<meta property=\"og:site_name\" content=\"Seconda Strada\" \/>\n<meta property=\"article:modified_time\" content=\"2026-04-28T10:09:52+00:00\" \/>\n<meta property=\"og:image\" content=\"https:\/\/www.secondastrada.com\/wp-content\/uploads\/2026\/04\/LV04RD825G-OB_YAA_PE26_1.jpg\" \/>\n\t<meta property=\"og:image:width\" content=\"1000\" \/>\n\t<meta property=\"og:image:height\" content=\"1300\" \/>\n\t<meta property=\"og:image:type\" content=\"image\/jpeg\" \/>\n<meta name=\"twitter:card\" content=\"summary_large_image\" \/>\n<meta name=\"twitter:label1\" content=\"Tempo di lettura stimato\" \/>\n\t<meta name=\"twitter:data1\" content=\"1 minuto\" \/>\n<!-- \/ Yoast SEO plugin. -->","yoast_head_json":{"title":"T-shirt Calvin Klein Bianca - Acquista online! - Seconda Strada","description":"T-shirt Calvin Klein Bianca \u27a4 Acquista online su Secondastrada.com T-shirt Calvin Klein Bianca \u2714\ufe0f Spedizione veloce entro 24h in tutta Italia \u2714\ufe0f Sconto sul tuo primo acquisto","robots":{"index":"index","follow":"follow","max-snippet":"max-snippet:-1","max-image-preview":"max-image-preview:large","max-video-preview":"max-video-preview:-1"},"canonical":"https:\/\/www.secondastrada.com\/it\/t-shirt-calvin-klein-bianca\/","og_locale":"it_IT","og_type":"article","og_title":"T-shirt Calvin Klein Bianca - Acquista online! - Seconda Strada","og_description":"T-shirt Calvin Klein Bianca \u27a4 Acquista online su Secondastrada.com T-shirt Calvin Klein Bianca \u2714\ufe0f Spedizione veloce entro 24h in tutta Italia \u2714\ufe0f Sconto sul tuo primo acquisto","og_url":"https:\/\/www.secondastrada.com\/it\/t-shirt-calvin-klein-bianca\/","og_site_name":"Seconda Strada","article_modified_time":"2026-04-28T10:09:52+00:00","og_image":[{"width":1000,"height":1300,"url":"https:\/\/www.secondastrada.com\/wp-content\/uploads\/2026\/04\/LV04RD825G-OB_YAA_PE26_1.jpg","type":"image\/jpeg"}],"twitter_card":"summary_large_image","twitter_misc":{"Tempo di lettura stimato":"1 minuto"},"schema":{"@context":"https:\/\/schema.org","@graph":[{"@type":"WebPage","@id":"https:\/\/www.secondastrada.com\/it\/t-shirt-calvin-klein-bianca\/","url":"https:\/\/www.secondastrada.com\/it\/t-shirt-calvin-klein-bianca\/","name":"T-shirt Calvin Klein Bianca - Acquista online! - Seconda Strada","isPartOf":{"@id":"https:\/\/www.secondastrada.com\/it\/#website"},"primaryImageOfPage":{"@id":"https:\/\/www.secondastrada.com\/it\/t-shirt-calvin-klein-bianca\/#primaryimage"},"image":{"@id":"https:\/\/www.secondastrada.com\/it\/t-shirt-calvin-klein-bianca\/#primaryimage"},"thumbnailUrl":"https:\/\/www.secondastrada.com\/wp-content\/uploads\/2026\/04\/LV04RD825G-OB_YAA_PE26_1.jpg","datePublished":"2026-04-27T12:03:29+00:00","dateModified":"2026-04-28T10:09:52+00:00","description":"T-shirt Calvin Klein Bianca \u27a4 Acquista online su Secondastrada.com T-shirt Calvin Klein Bianca \u2714\ufe0f Spedizione veloce entro 24h in tutta Italia \u2714\ufe0f Sconto sul tuo primo acquisto","breadcrumb":{"@id":"https:\/\/www.secondastrada.com\/it\/t-shirt-calvin-klein-bianca\/#breadcrumb"},"inLanguage":"it-IT","potentialAction":[{"@type":"ReadAction","target":["https:\/\/www.secondastrada.com\/it\/t-shirt-calvin-klein-bianca\/"]}]},{"@type":"ImageObject","inLanguage":"it-IT","@id":"https:\/\/www.secondastrada.com\/it\/t-shirt-calvin-klein-bianca\/#primaryimage","url":"https:\/\/www.secondastrada.com\/wp-content\/uploads\/2026\/04\/LV04RD825G-OB_YAA_PE26_1.jpg","contentUrl":"https:\/\/www.secondastrada.com\/wp-content\/uploads\/2026\/04\/LV04RD825G-OB_YAA_PE26_1.jpg","width":1000,"height":1300,"caption":"LV04RD825G-OB_YAA_PE26"},{"@type":"BreadcrumbList","@id":"https:\/\/www.secondastrada.com\/it\/t-shirt-calvin-klein-bianca\/#breadcrumb","itemListElement":[{"@type":"ListItem","position":1,"name":"Home","item":"https:\/\/www.secondastrada.com\/it\/"},{"@type":"ListItem","position":2,"name":"Shop","item":"https:\/\/www.secondastrada.com\/it\/shop\/"},{"@type":"ListItem","position":3,"name":"Uomo","item":"https:\/\/www.secondastrada.com\/it\/collezione-uomo\/"},{"@type":"ListItem","position":4,"name":"Abbigliamento","item":"https:\/\/www.secondastrada.com\/it\/collezione-uomo\/abbigliamento-uomo\/"},{"@type":"ListItem","position":5,"name":"T-shirt","item":"https:\/\/www.secondastrada.com\/it\/collezione-uomo\/abbigliamento-uomo\/t-shirt-da-uomo\/"},{"@type":"ListItem","position":6,"name":"T-shirt in cotone","item":"https:\/\/www.secondastrada.com\/it\/collezione-uomo\/abbigliamento-uomo\/t-shirt-da-uomo\/t-shirt-in-cotone-da-uomo\/"},{"@type":"ListItem","position":7,"name":"T-shirt Calvin Klein Bianca"}]},{"@type":"WebSite","@id":"https:\/\/www.secondastrada.com\/it\/#website","url":"https:\/\/www.secondastrada.com\/it\/","name":"Seconda Strada","description":"","publisher":{"@id":"https:\/\/www.secondastrada.com\/it\/#organization"},"potentialAction":[{"@type":"SearchAction","target":{"@type":"EntryPoint","urlTemplate":"https:\/\/www.secondastrada.com\/it\/?s={search_term_string}"},"query-input":"required name=search_term_string"}],"inLanguage":"it-IT"},{"@type":"Organization","@id":"https:\/\/www.secondastrada.com\/it\/#organization","name":"Seconda Strada","url":"https:\/\/www.secondastrada.com\/it\/","logo":{"@type":"ImageObject","inLanguage":"it-IT","@id":"https:\/\/www.secondastrada.com\/it\/#\/schema\/logo\/image\/","url":"https:\/\/www.secondastrada.com\/wp-content\/uploads\/2023\/11\/secondastrada-logo.svg","contentUrl":"https:\/\/www.secondastrada.com\/wp-content\/uploads\/2023\/11\/secondastrada-logo.svg","width":353,"height":47,"caption":"Seconda Strada"},"image":{"@id":"https:\/\/www.secondastrada.com\/it\/#\/schema\/logo\/image\/"}}]}},"df_price":44.99,"df_sale_price":"","df_regular_price":44.99,"df_image_link":"https:\/\/www.secondastrada.com\/wp-content\/uploads\/2026\/04\/LV04RD825G-OB_YAA_PE26_1-300x300.jpg","_links":{"self":[{"href":"https:\/\/www.secondastrada.com\/it\/wp-json\/wp\/v2\/product\/361394"}],"collection":[{"href":"https:\/\/www.secondastrada.com\/it\/wp-json\/wp\/v2\/product"}],"about":[{"href":"https:\/\/www.secondastrada.com\/it\/wp-json\/wp\/v2\/types\/product"}],"wp:featuredmedia":[{"embeddable":true,"href":"https:\/\/www.secondastrada.com\/it\/wp-json\/wp\/v2\/media\/362117"}],"wp:attachment":[{"href":"https:\/\/www.secondastrada.com\/it\/wp-json\/wp\/v2\/media?parent=361394"}],"wp:term":[{"taxonomy":"ss_brand","embeddable":true,"href":"https:\/\/www.secondastrada.com\/it\/wp-json\/wp\/v2\/ss_brand?post=361394"},{"taxonomy":"ss_promo","embeddable":true,"href":"https:\/\/www.secondastrada.com\/it\/wp-json\/wp\/v2\/ss_promo?post=361394"},{"taxonomy":"ss_season","embeddable":true,"href":"https:\/\/www.secondastrada.com\/it\/wp-json\/wp\/v2\/ss_season?post=361394"},{"taxonomy":"product_cat","embeddable":true,"href":"https:\/\/www.secondastrada.com\/it\/wp-json\/wp\/v2\/product_cat?post=361394"},{"taxonomy":"product_tag","embeddable":true,"href":"https:\/\/www.secondastrada.com\/it\/wp-json\/wp\/v2\/product_tag?post=361394"}],"curies":[{"name":"wp","href":"https:\/\/api.w.org\/{rel}","templated":true}]}}