{"id":361900,"date":"2026-04-24T14:24:50","date_gmt":"2026-04-24T12:24:50","guid":{"rendered":"https:\/\/www.secondastrada.com\/it\/shorts-sun68-azzurri-tg-m\/"},"modified":"2026-04-24T14:59:05","modified_gmt":"2026-04-24T12:59:05","slug":"shorts-sun68-azzurri-tg-m","status":"publish","type":"product","link":"https:\/\/www.secondastrada.com\/it\/shorts-sun68-azzurri-tg-m\/","title":{"rendered":"Shorts Sun68 Azzurri tg.M"},"content":{"rendered":"<p><b>Shorts SUN68 Azzurri da donna<\/b><br \/>\nGli Shorts SUN68 Azzurri sono il capo perfetto per vivere la stagione pi\u00f9 calda con leggerezza e stile. Realizzati in 100% cotone, risultano freschi, traspiranti e piacevoli da indossare durante tutta la giornata. La vestibilit\u00e0 regolare li rende confortevoli e versatili, adattandosi con naturalezza alla silhouette. La modella \u00e8 alta 165 cm e indossa la taglia M, per un fit equilibrato e disinvolto.<br \/>Il design \u00e8 essenziale ma curato nei dettagli, con <b>elastico in vita<\/b> che garantisce praticit\u00e0 e comfort e il <b>risvolto sul fondo<\/b> che aggiunge un tocco casual e contemporaneo. Questi <b>Shorts da donna adatti alla primavera estate<\/b> sono ideali da indossare nel tempo libero, per una giornata all\u2019aria aperta, una passeggiata in citt\u00e0 o durante le vacanze.<br \/>Per un look fresco e rilassato, puoi abbinarli a una t-shirt o a un top leggero e sneakers. Se desideri un outfit pi\u00f9 curato, prova a indossarli con una camicia abbinata o un blouse morbido per uno stile estivo semplice ma raffinato. Il colore azzurro dona luminosit\u00e0 e si abbina facilmente a tonalit\u00e0 neutre o pi\u00f9 vivaci.<br \/>Questi <b>Shorts con elastico in vita , risvolto<\/b> fanno parte di un campionario esclusivo di stagione: un pezzo unico pensato per distinguersi con semplicit\u00e0.<br \/>Tutti i prodotti su SecondaStrada.com sono originali e selezionati con cura. Codice articolo: <b>CPB36201 N CB<\/b>.<\/p>\n","protected":false},"excerpt":{"rendered":"<p>Shorts SUN68 Azzurri da donna Gli Shorts SUN68 Azzurri sono il capo perfetto per vivere la stagione pi\u00f9 calda con leggerezza e stile. Realizzati in 100% cotone, risultano freschi, traspiranti e piacevoli da indossare durante tutta la giornata. La vestibilit\u00e0 regolare li rende confortevoli e versatili, adattandosi con naturalezza alla silhouette. La modella \u00e8 alta&#8230;<\/p>\n","protected":false},"featured_media":361702,"template":"","meta":{"inline_featured_image":false},"ss_brand":[2359],"ss_promo":[],"ss_season":[2531],"product_cat":[1329,1658,1475],"product_tag":[1953,1995],"class_list":{"0":"post-361900","1":"product","2":"type-product","3":"status-publish","4":"has-post-thumbnail","6":"ss_brand-sun68-donna","7":"ss_season-pe26","8":"product_cat-abbigliamento-donna","9":"product_cat-collezione-donna","10":"product_cat-shorts-da-donna","11":"product_tag-campionario","12":"product_tag-nuovi-arrivi-donna","14":"first","15":"instock","16":"shipping-taxable","17":"purchasable","18":"product-type-variable","19":"has-default-attributes"},"acf":{"ss_brand":[{"term_id":2359,"name":"SUN68","slug":"sun68-donna","term_group":0,"term_taxonomy_id":2359,"taxonomy":"ss_brand","description":"Lasciati conquistare dallo stile essenziale e contemporaneo del brand italiano che ha reso iconico il simbolo \u201c\u0394X\u201d. Su SecondaStrada.com trovi <strong>abbigliamento da donna SUN68<\/strong> in saldo, perfetto per chi ama un look pratico ma ricercato. Approfitta delle nostre offerte esclusive e rinnova il tuo guardaroba con capi versatili e dal design inconfondibile!","parent":1201,"count":62,"filter":"raw"}],"ss_promo":false,"ss_season":[{"term_id":2531,"name":"PE26","slug":"pe26","term_group":0,"term_taxonomy_id":2531,"taxonomy":"ss_season","description":"","parent":0,"count":1542,"filter":"raw"}],"ss_old_price":"80,00","ss_omnibus_price":"0,00","ss_style_advice":"<p><b>Shorts SUN68 Azzurri da donna<\/b><br \/>\nGli Shorts SUN68 Azzurri sono il capo perfetto per vivere la stagione pi\u00f9 calda con leggerezza e stile. Realizzati in 100% cotone, risultano freschi, traspiranti e piacevoli da indossare durante tutta la giornata. La vestibilit\u00e0 regolare li rende confortevoli e versatili, adattandosi con naturalezza alla silhouette. La modella \u00e8 alta 165 cm e indossa la taglia M, per un fit equilibrato e disinvolto.<br \/>Il design \u00e8 essenziale ma curato nei dettagli, con <b>elastico in vita<\/b> che garantisce praticit\u00e0 e comfort e il <b>risvolto sul fondo<\/b> che aggiunge un tocco casual e contemporaneo. Questi <b>Shorts da donna adatti alla primavera estate<\/b> sono ideali da indossare nel tempo libero, per una giornata all\u2019aria aperta, una passeggiata in citt\u00e0 o durante le vacanze.<br \/>Per un look fresco e rilassato, puoi abbinarli a una t-shirt o a un top leggero e sneakers. Se desideri un outfit pi\u00f9 curato, prova a indossarli con una camicia abbinata o un blouse morbido per uno stile estivo semplice ma raffinato. Il colore azzurro dona luminosit\u00e0 e si abbina facilmente a tonalit\u00e0 neutre o pi\u00f9 vivaci.<br \/>Questi <b>Shorts con elastico in vita , risvolto<\/b> fanno parte di un campionario esclusivo di stagione: un pezzo unico pensato per distinguersi con semplicit\u00e0.<br \/>Tutti i prodotti su SecondaStrada.com sono originali e selezionati con cura. Codice articolo: <b>CPB36201 N CB<\/b>.<\/p>\n","ss_composition":"<p>100% cotone<\/p>\n","ss_fit":"<p>La modella \u00e8 alta 165 cm e veste la taglia M. La vestibilit\u00e0 del capo \u00e8 regolare.L\u2019articolo appartiene al campionario esclusivo di stagione: pezzo unico.<\/p>\n"},"yoast_head":"<!-- This site is optimized with the Yoast SEO plugin v22.3 - https:\/\/yoast.com\/wordpress\/plugins\/seo\/ -->\n<title>Shorts Sun68 Azzurri tg.M - Acquista online! - Seconda Strada<\/title>\n<meta name=\"description\" content=\"Shorts Sun68 Azzurri tg.M \u27a4 Acquista online su Secondastrada.com Shorts Sun68 Azzurri tg.M \u2714\ufe0f Spedizione veloce entro 24h in tutta Italia \u2714\ufe0f Sconto sul tuo primo acquisto\" \/>\n<meta name=\"robots\" content=\"index, follow, max-snippet:-1, max-image-preview:large, max-video-preview:-1\" \/>\n<link rel=\"canonical\" href=\"https:\/\/www.secondastrada.com\/it\/shorts-sun68-azzurri-tg-m\/\" \/>\n<meta property=\"og:locale\" content=\"it_IT\" \/>\n<meta property=\"og:type\" content=\"article\" \/>\n<meta property=\"og:title\" content=\"Shorts Sun68 Azzurri tg.M - Acquista online! - Seconda Strada\" \/>\n<meta property=\"og:description\" content=\"Shorts Sun68 Azzurri tg.M \u27a4 Acquista online su Secondastrada.com Shorts Sun68 Azzurri tg.M \u2714\ufe0f Spedizione veloce entro 24h in tutta Italia \u2714\ufe0f Sconto sul tuo primo acquisto\" \/>\n<meta property=\"og:url\" content=\"https:\/\/www.secondastrada.com\/it\/shorts-sun68-azzurri-tg-m\/\" \/>\n<meta property=\"og:site_name\" content=\"Seconda Strada\" \/>\n<meta property=\"article:modified_time\" content=\"2026-04-24T12:59:05+00:00\" \/>\n<meta property=\"og:image\" content=\"https:\/\/www.secondastrada.com\/wp-content\/uploads\/2026\/04\/CPB36201-N-CB_AZZURRO_PE26_1.jpg\" \/>\n\t<meta property=\"og:image:width\" content=\"1000\" \/>\n\t<meta property=\"og:image:height\" content=\"1300\" \/>\n\t<meta property=\"og:image:type\" content=\"image\/jpeg\" \/>\n<meta name=\"twitter:card\" content=\"summary_large_image\" \/>\n<meta name=\"twitter:label1\" content=\"Tempo di lettura stimato\" \/>\n\t<meta name=\"twitter:data1\" content=\"1 minuto\" \/>\n<!-- \/ Yoast SEO plugin. -->","yoast_head_json":{"title":"Shorts Sun68 Azzurri tg.M - Acquista online! - Seconda Strada","description":"Shorts Sun68 Azzurri tg.M \u27a4 Acquista online su Secondastrada.com Shorts Sun68 Azzurri tg.M \u2714\ufe0f Spedizione veloce entro 24h in tutta Italia \u2714\ufe0f Sconto sul tuo primo acquisto","robots":{"index":"index","follow":"follow","max-snippet":"max-snippet:-1","max-image-preview":"max-image-preview:large","max-video-preview":"max-video-preview:-1"},"canonical":"https:\/\/www.secondastrada.com\/it\/shorts-sun68-azzurri-tg-m\/","og_locale":"it_IT","og_type":"article","og_title":"Shorts Sun68 Azzurri tg.M - Acquista online! - Seconda Strada","og_description":"Shorts Sun68 Azzurri tg.M \u27a4 Acquista online su Secondastrada.com Shorts Sun68 Azzurri tg.M \u2714\ufe0f Spedizione veloce entro 24h in tutta Italia \u2714\ufe0f Sconto sul tuo primo acquisto","og_url":"https:\/\/www.secondastrada.com\/it\/shorts-sun68-azzurri-tg-m\/","og_site_name":"Seconda Strada","article_modified_time":"2026-04-24T12:59:05+00:00","og_image":[{"width":1000,"height":1300,"url":"https:\/\/www.secondastrada.com\/wp-content\/uploads\/2026\/04\/CPB36201-N-CB_AZZURRO_PE26_1.jpg","type":"image\/jpeg"}],"twitter_card":"summary_large_image","twitter_misc":{"Tempo di lettura stimato":"1 minuto"},"schema":{"@context":"https:\/\/schema.org","@graph":[{"@type":"WebPage","@id":"https:\/\/www.secondastrada.com\/it\/shorts-sun68-azzurri-tg-m\/","url":"https:\/\/www.secondastrada.com\/it\/shorts-sun68-azzurri-tg-m\/","name":"Shorts Sun68 Azzurri tg.M - Acquista online! - Seconda Strada","isPartOf":{"@id":"https:\/\/www.secondastrada.com\/it\/#website"},"primaryImageOfPage":{"@id":"https:\/\/www.secondastrada.com\/it\/shorts-sun68-azzurri-tg-m\/#primaryimage"},"image":{"@id":"https:\/\/www.secondastrada.com\/it\/shorts-sun68-azzurri-tg-m\/#primaryimage"},"thumbnailUrl":"https:\/\/www.secondastrada.com\/wp-content\/uploads\/2026\/04\/CPB36201-N-CB_AZZURRO_PE26_1.jpg","datePublished":"2026-04-24T12:24:50+00:00","dateModified":"2026-04-24T12:59:05+00:00","description":"Shorts Sun68 Azzurri tg.M \u27a4 Acquista online su Secondastrada.com Shorts Sun68 Azzurri tg.M \u2714\ufe0f Spedizione veloce entro 24h in tutta Italia \u2714\ufe0f Sconto sul tuo primo acquisto","breadcrumb":{"@id":"https:\/\/www.secondastrada.com\/it\/shorts-sun68-azzurri-tg-m\/#breadcrumb"},"inLanguage":"it-IT","potentialAction":[{"@type":"ReadAction","target":["https:\/\/www.secondastrada.com\/it\/shorts-sun68-azzurri-tg-m\/"]}]},{"@type":"ImageObject","inLanguage":"it-IT","@id":"https:\/\/www.secondastrada.com\/it\/shorts-sun68-azzurri-tg-m\/#primaryimage","url":"https:\/\/www.secondastrada.com\/wp-content\/uploads\/2026\/04\/CPB36201-N-CB_AZZURRO_PE26_1.jpg","contentUrl":"https:\/\/www.secondastrada.com\/wp-content\/uploads\/2026\/04\/CPB36201-N-CB_AZZURRO_PE26_1.jpg","width":1000,"height":1300,"caption":"CPB36201-N-CB_AZZURRO_PE26"},{"@type":"BreadcrumbList","@id":"https:\/\/www.secondastrada.com\/it\/shorts-sun68-azzurri-tg-m\/#breadcrumb","itemListElement":[{"@type":"ListItem","position":1,"name":"Home","item":"https:\/\/www.secondastrada.com\/it\/"},{"@type":"ListItem","position":2,"name":"Shop","item":"https:\/\/www.secondastrada.com\/it\/shop\/"},{"@type":"ListItem","position":3,"name":"Donna","item":"https:\/\/www.secondastrada.com\/it\/collezione-donna\/"},{"@type":"ListItem","position":4,"name":"Abbigliamento","item":"https:\/\/www.secondastrada.com\/it\/collezione-donna\/abbigliamento-donna\/"},{"@type":"ListItem","position":5,"name":"Shorts","item":"https:\/\/www.secondastrada.com\/it\/collezione-donna\/abbigliamento-donna\/shorts-da-donna\/"},{"@type":"ListItem","position":6,"name":"Shorts Sun68 Azzurri tg.M"}]},{"@type":"WebSite","@id":"https:\/\/www.secondastrada.com\/it\/#website","url":"https:\/\/www.secondastrada.com\/it\/","name":"Seconda Strada","description":"","publisher":{"@id":"https:\/\/www.secondastrada.com\/it\/#organization"},"potentialAction":[{"@type":"SearchAction","target":{"@type":"EntryPoint","urlTemplate":"https:\/\/www.secondastrada.com\/it\/?s={search_term_string}"},"query-input":"required name=search_term_string"}],"inLanguage":"it-IT"},{"@type":"Organization","@id":"https:\/\/www.secondastrada.com\/it\/#organization","name":"Seconda Strada","url":"https:\/\/www.secondastrada.com\/it\/","logo":{"@type":"ImageObject","inLanguage":"it-IT","@id":"https:\/\/www.secondastrada.com\/it\/#\/schema\/logo\/image\/","url":"https:\/\/www.secondastrada.com\/wp-content\/uploads\/2023\/11\/secondastrada-logo.svg","contentUrl":"https:\/\/www.secondastrada.com\/wp-content\/uploads\/2023\/11\/secondastrada-logo.svg","width":353,"height":47,"caption":"Seconda Strada"},"image":{"@id":"https:\/\/www.secondastrada.com\/it\/#\/schema\/logo\/image\/"}}]}},"df_price":47.99,"df_sale_price":"","df_regular_price":47.99,"df_image_link":"https:\/\/www.secondastrada.com\/wp-content\/uploads\/2026\/04\/CPB36201-N-CB_AZZURRO_PE26_1-300x300.jpg","_links":{"self":[{"href":"https:\/\/www.secondastrada.com\/it\/wp-json\/wp\/v2\/product\/361900"}],"collection":[{"href":"https:\/\/www.secondastrada.com\/it\/wp-json\/wp\/v2\/product"}],"about":[{"href":"https:\/\/www.secondastrada.com\/it\/wp-json\/wp\/v2\/types\/product"}],"wp:featuredmedia":[{"embeddable":true,"href":"https:\/\/www.secondastrada.com\/it\/wp-json\/wp\/v2\/media\/361702"}],"wp:attachment":[{"href":"https:\/\/www.secondastrada.com\/it\/wp-json\/wp\/v2\/media?parent=361900"}],"wp:term":[{"taxonomy":"ss_brand","embeddable":true,"href":"https:\/\/www.secondastrada.com\/it\/wp-json\/wp\/v2\/ss_brand?post=361900"},{"taxonomy":"ss_promo","embeddable":true,"href":"https:\/\/www.secondastrada.com\/it\/wp-json\/wp\/v2\/ss_promo?post=361900"},{"taxonomy":"ss_season","embeddable":true,"href":"https:\/\/www.secondastrada.com\/it\/wp-json\/wp\/v2\/ss_season?post=361900"},{"taxonomy":"product_cat","embeddable":true,"href":"https:\/\/www.secondastrada.com\/it\/wp-json\/wp\/v2\/product_cat?post=361900"},{"taxonomy":"product_tag","embeddable":true,"href":"https:\/\/www.secondastrada.com\/it\/wp-json\/wp\/v2\/product_tag?post=361900"}],"curies":[{"name":"wp","href":"https:\/\/api.w.org\/{rel}","templated":true}]}}