{"id":361904,"date":"2026-04-24T14:25:35","date_gmt":"2026-04-24T12:25:35","guid":{"rendered":"https:\/\/www.secondastrada.com\/it\/pantalone-sun68-beige\/"},"modified":"2026-04-24T14:56:24","modified_gmt":"2026-04-24T12:56:24","slug":"pantalone-sun68-beige","status":"publish","type":"product","link":"https:\/\/www.secondastrada.com\/it\/pantalone-sun68-beige\/","title":{"rendered":"Pantalone Sun68 Beige tg.L"},"content":{"rendered":"<p><b>Pantalone SUN68 Beige da uomo<\/b><br \/>\nVersatile, contemporaneo e pensato per il massimo comfort quotidiano, il <b>Pantalone SUN68 Beige<\/b> \u00e8 la scelta ideale per affrontare con stile la stagione pi\u00f9 dinamica. Realizzato in un mix di <b>91% cotone e 9% poliammide<\/b>, offre una sensazione leggera e traspirante, perfetta per accompagnarti nelle giornate primaverili ed estive.<br \/>Questo <b>pantalone da uomo adatto alla primavera estate<\/b> si distingue per il design rilassato e funzionale: la <b>gamba morbida<\/b> garantisce libert\u00e0 di movimento, mentre l\u2019<b>elastico in vita<\/b> assicura una vestibilit\u00e0 pratica e confortevole. I <b>cottoni sul fondo<\/b> aggiungono un dettaglio sportivo e moderno, rendendo il capo adatto sia a look casual che pi\u00f9 ricercati. La vestibilit\u00e0 \u00e8 regolare e il modello, alto 187 cm, indossa una taglia L.<br \/>Ideale da indossare nel tempo libero, durante un viaggio o nelle giornate pi\u00f9 informali, questo pantalone si adatta facilmente al tuo stile quotidiano. Provalo con una <b>t-shirt e sneakers<\/b> per un outfit essenziale e dinamico, oppure abbinalo a una <b>camicia leggera<\/b> per un look pi\u00f9 curato ma sempre rilassato.<br \/>Parte di un campionario esclusivo di stagione, questo capo \u00e8 un <b>pezzo unico<\/b>, perfetto per chi desidera distinguersi con discrezione e autenticit\u00e0.<br \/><b>Tutti i prodotti su SecondaStrada.com sono originali e selezionati con cura.<\/b><br \/>Codice articolo: <b>CPF36148 N CB<\/b><\/p>\n","protected":false},"excerpt":{"rendered":"<p>Pantalone SUN68 Beige da uomo Versatile, contemporaneo e pensato per il massimo comfort quotidiano, il Pantalone SUN68 Beige \u00e8 la scelta ideale per affrontare con stile la stagione pi\u00f9 dinamica. Realizzato in un mix di 91% cotone e 9% poliammide, offre una sensazione leggera e traspirante, perfetta per accompagnarti nelle giornate primaverili ed estive.Questo pantalone&#8230;<\/p>\n","protected":false},"featured_media":361823,"template":"","meta":{"inline_featured_image":false},"ss_brand":[1296],"ss_promo":[],"ss_season":[2531],"product_cat":[1332,1484,2255,1714],"product_tag":[1953,1993],"class_list":{"0":"post-361904","1":"product","2":"type-product","3":"status-publish","4":"has-post-thumbnail","6":"ss_brand-sun68-uomo","7":"ss_season-pe26","8":"product_cat-abbigliamento-uomo","9":"product_cat-pantaloni-da-uomo","10":"product_cat-pantaloni-tuta-da-uomo","11":"product_cat-collezione-uomo","12":"product_tag-campionario","13":"product_tag-nuovi-arrivi-uomo","15":"first","16":"instock","17":"shipping-taxable","18":"purchasable","19":"product-type-variable","20":"has-default-attributes"},"acf":{"ss_brand":[{"term_id":1296,"name":"SUN68","slug":"sun68-uomo","term_group":0,"term_taxonomy_id":1296,"taxonomy":"ss_brand","description":"<p>Rendi il tuo stile unico con l\u2019<strong>abbigliamento da uomo SUN68<\/strong>, il brand italiano che ha ridefinito il concetto di casualwear. Linee moderne, dettagli originali e materiali di qualit\u00e0 si uniscono per creare capi perfetti da indossare ogni giorno. Su SecondaStrada.com trovi una selezione esclusiva a <strong>prezzi scontati<\/strong>, dalle iconiche polo alle t-shirt, fino alla maglieria e alle sneakers firmate SUN68.<\/p>","parent":1268,"count":61,"filter":"raw"}],"ss_promo":false,"ss_season":[{"term_id":2531,"name":"PE26","slug":"pe26","term_group":0,"term_taxonomy_id":2531,"taxonomy":"ss_season","description":"","parent":0,"count":1542,"filter":"raw"}],"ss_old_price":"90,00","ss_omnibus_price":"0,00","ss_style_advice":"<p><b>Pantalone SUN68 Beige da uomo<\/b><br \/>\nVersatile, contemporaneo e pensato per il massimo comfort quotidiano, il <b>Pantalone SUN68 Beige<\/b> \u00e8 la scelta ideale per affrontare con stile la stagione pi\u00f9 dinamica. Realizzato in un mix di <b>91% cotone e 9% poliammide<\/b>, offre una sensazione leggera e traspirante, perfetta per accompagnarti nelle giornate primaverili ed estive.<br \/>Questo <b>pantalone da uomo adatto alla primavera estate<\/b> si distingue per il design rilassato e funzionale: la <b>gamba morbida<\/b> garantisce libert\u00e0 di movimento, mentre l\u2019<b>elastico in vita<\/b> assicura una vestibilit\u00e0 pratica e confortevole. I <b>cottoni sul fondo<\/b> aggiungono un dettaglio sportivo e moderno, rendendo il capo adatto sia a look casual che pi\u00f9 ricercati. La vestibilit\u00e0 \u00e8 regolare e il modello, alto 187 cm, indossa una taglia L.<br \/>Ideale da indossare nel tempo libero, durante un viaggio o nelle giornate pi\u00f9 informali, questo pantalone si adatta facilmente al tuo stile quotidiano. Provalo con una <b>t-shirt e sneakers<\/b> per un outfit essenziale e dinamico, oppure abbinalo a una <b>camicia leggera<\/b> per un look pi\u00f9 curato ma sempre rilassato.<br \/>Parte di un campionario esclusivo di stagione, questo capo \u00e8 un <b>pezzo unico<\/b>, perfetto per chi desidera distinguersi con discrezione e autenticit\u00e0.<br \/><b>Tutti i prodotti su SecondaStrada.com sono originali e selezionati con cura.<\/b><br \/>Codice articolo: <b>CPF36148 N CB<\/b><\/p>\n","ss_composition":"<p>91% cotone 9% poliammide<\/p>\n","ss_fit":"<p>Il modello \u00e8 alto 187 cm e veste la taglia L. La vestibilit\u00e0 del capo \u00e8 regolare.L\u2019articolo appartiene al campionario esclusivo di stagione: pezzo unico.<\/p>\n"},"yoast_head":"<!-- This site is optimized with the Yoast SEO plugin v22.3 - https:\/\/yoast.com\/wordpress\/plugins\/seo\/ -->\n<title>Pantalone Sun68 Beige tg.L - Acquista online! - Seconda Strada<\/title>\n<meta name=\"description\" content=\"Pantalone Sun68 Beige tg.L \u27a4 Acquista online su Secondastrada.com Pantalone Sun68 Beige tg.L \u2714\ufe0f Spedizione veloce entro 24h in tutta Italia \u2714\ufe0f Sconto sul tuo primo acquisto\" \/>\n<meta name=\"robots\" content=\"index, follow, max-snippet:-1, max-image-preview:large, max-video-preview:-1\" \/>\n<link rel=\"canonical\" href=\"https:\/\/www.secondastrada.com\/it\/pantalone-sun68-beige\/\" \/>\n<meta property=\"og:locale\" content=\"it_IT\" \/>\n<meta property=\"og:type\" content=\"article\" \/>\n<meta property=\"og:title\" content=\"Pantalone Sun68 Beige tg.L - Acquista online! - Seconda Strada\" \/>\n<meta property=\"og:description\" content=\"Pantalone Sun68 Beige tg.L \u27a4 Acquista online su Secondastrada.com Pantalone Sun68 Beige tg.L \u2714\ufe0f Spedizione veloce entro 24h in tutta Italia \u2714\ufe0f Sconto sul tuo primo acquisto\" \/>\n<meta property=\"og:url\" content=\"https:\/\/www.secondastrada.com\/it\/pantalone-sun68-beige\/\" \/>\n<meta property=\"og:site_name\" content=\"Seconda Strada\" \/>\n<meta property=\"article:modified_time\" content=\"2026-04-24T12:56:24+00:00\" \/>\n<meta property=\"og:image\" content=\"https:\/\/www.secondastrada.com\/wp-content\/uploads\/2026\/04\/CPF36148-N-CB_BEIGE_PE26_1.jpg\" \/>\n\t<meta property=\"og:image:width\" content=\"1000\" \/>\n\t<meta property=\"og:image:height\" content=\"1300\" \/>\n\t<meta property=\"og:image:type\" content=\"image\/jpeg\" \/>\n<meta name=\"twitter:card\" content=\"summary_large_image\" \/>\n<meta name=\"twitter:label1\" content=\"Tempo di lettura stimato\" \/>\n\t<meta name=\"twitter:data1\" content=\"1 minuto\" \/>\n<!-- \/ Yoast SEO plugin. -->","yoast_head_json":{"title":"Pantalone Sun68 Beige tg.L - Acquista online! - Seconda Strada","description":"Pantalone Sun68 Beige tg.L \u27a4 Acquista online su Secondastrada.com Pantalone Sun68 Beige tg.L \u2714\ufe0f Spedizione veloce entro 24h in tutta Italia \u2714\ufe0f Sconto sul tuo primo acquisto","robots":{"index":"index","follow":"follow","max-snippet":"max-snippet:-1","max-image-preview":"max-image-preview:large","max-video-preview":"max-video-preview:-1"},"canonical":"https:\/\/www.secondastrada.com\/it\/pantalone-sun68-beige\/","og_locale":"it_IT","og_type":"article","og_title":"Pantalone Sun68 Beige tg.L - Acquista online! - Seconda Strada","og_description":"Pantalone Sun68 Beige tg.L \u27a4 Acquista online su Secondastrada.com Pantalone Sun68 Beige tg.L \u2714\ufe0f Spedizione veloce entro 24h in tutta Italia \u2714\ufe0f Sconto sul tuo primo acquisto","og_url":"https:\/\/www.secondastrada.com\/it\/pantalone-sun68-beige\/","og_site_name":"Seconda Strada","article_modified_time":"2026-04-24T12:56:24+00:00","og_image":[{"width":1000,"height":1300,"url":"https:\/\/www.secondastrada.com\/wp-content\/uploads\/2026\/04\/CPF36148-N-CB_BEIGE_PE26_1.jpg","type":"image\/jpeg"}],"twitter_card":"summary_large_image","twitter_misc":{"Tempo di lettura stimato":"1 minuto"},"schema":{"@context":"https:\/\/schema.org","@graph":[{"@type":"WebPage","@id":"https:\/\/www.secondastrada.com\/it\/pantalone-sun68-beige\/","url":"https:\/\/www.secondastrada.com\/it\/pantalone-sun68-beige\/","name":"Pantalone Sun68 Beige tg.L - Acquista online! - Seconda Strada","isPartOf":{"@id":"https:\/\/www.secondastrada.com\/it\/#website"},"primaryImageOfPage":{"@id":"https:\/\/www.secondastrada.com\/it\/pantalone-sun68-beige\/#primaryimage"},"image":{"@id":"https:\/\/www.secondastrada.com\/it\/pantalone-sun68-beige\/#primaryimage"},"thumbnailUrl":"https:\/\/www.secondastrada.com\/wp-content\/uploads\/2026\/04\/CPF36148-N-CB_BEIGE_PE26_1.jpg","datePublished":"2026-04-24T12:25:35+00:00","dateModified":"2026-04-24T12:56:24+00:00","description":"Pantalone Sun68 Beige tg.L \u27a4 Acquista online su Secondastrada.com Pantalone Sun68 Beige tg.L \u2714\ufe0f Spedizione veloce entro 24h in tutta Italia \u2714\ufe0f Sconto sul tuo primo acquisto","breadcrumb":{"@id":"https:\/\/www.secondastrada.com\/it\/pantalone-sun68-beige\/#breadcrumb"},"inLanguage":"it-IT","potentialAction":[{"@type":"ReadAction","target":["https:\/\/www.secondastrada.com\/it\/pantalone-sun68-beige\/"]}]},{"@type":"ImageObject","inLanguage":"it-IT","@id":"https:\/\/www.secondastrada.com\/it\/pantalone-sun68-beige\/#primaryimage","url":"https:\/\/www.secondastrada.com\/wp-content\/uploads\/2026\/04\/CPF36148-N-CB_BEIGE_PE26_1.jpg","contentUrl":"https:\/\/www.secondastrada.com\/wp-content\/uploads\/2026\/04\/CPF36148-N-CB_BEIGE_PE26_1.jpg","width":1000,"height":1300,"caption":"CPF36148-N-CB_BEIGE_PE26"},{"@type":"BreadcrumbList","@id":"https:\/\/www.secondastrada.com\/it\/pantalone-sun68-beige\/#breadcrumb","itemListElement":[{"@type":"ListItem","position":1,"name":"Home","item":"https:\/\/www.secondastrada.com\/it\/"},{"@type":"ListItem","position":2,"name":"Shop","item":"https:\/\/www.secondastrada.com\/it\/shop\/"},{"@type":"ListItem","position":3,"name":"Uomo","item":"https:\/\/www.secondastrada.com\/it\/collezione-uomo\/"},{"@type":"ListItem","position":4,"name":"Abbigliamento","item":"https:\/\/www.secondastrada.com\/it\/collezione-uomo\/abbigliamento-uomo\/"},{"@type":"ListItem","position":5,"name":"Pantaloni","item":"https:\/\/www.secondastrada.com\/it\/collezione-uomo\/abbigliamento-uomo\/pantaloni-da-uomo\/"},{"@type":"ListItem","position":6,"name":"Pantaloni tuta","item":"https:\/\/www.secondastrada.com\/it\/collezione-uomo\/abbigliamento-uomo\/pantaloni-da-uomo\/pantaloni-tuta-da-uomo\/"},{"@type":"ListItem","position":7,"name":"Pantalone Sun68 Beige tg.L"}]},{"@type":"WebSite","@id":"https:\/\/www.secondastrada.com\/it\/#website","url":"https:\/\/www.secondastrada.com\/it\/","name":"Seconda Strada","description":"","publisher":{"@id":"https:\/\/www.secondastrada.com\/it\/#organization"},"potentialAction":[{"@type":"SearchAction","target":{"@type":"EntryPoint","urlTemplate":"https:\/\/www.secondastrada.com\/it\/?s={search_term_string}"},"query-input":"required name=search_term_string"}],"inLanguage":"it-IT"},{"@type":"Organization","@id":"https:\/\/www.secondastrada.com\/it\/#organization","name":"Seconda Strada","url":"https:\/\/www.secondastrada.com\/it\/","logo":{"@type":"ImageObject","inLanguage":"it-IT","@id":"https:\/\/www.secondastrada.com\/it\/#\/schema\/logo\/image\/","url":"https:\/\/www.secondastrada.com\/wp-content\/uploads\/2023\/11\/secondastrada-logo.svg","contentUrl":"https:\/\/www.secondastrada.com\/wp-content\/uploads\/2023\/11\/secondastrada-logo.svg","width":353,"height":47,"caption":"Seconda Strada"},"image":{"@id":"https:\/\/www.secondastrada.com\/it\/#\/schema\/logo\/image\/"}}]}},"df_price":53.99,"df_sale_price":"","df_regular_price":53.99,"df_image_link":"https:\/\/www.secondastrada.com\/wp-content\/uploads\/2026\/04\/CPF36148-N-CB_BEIGE_PE26_1-300x300.jpg","_links":{"self":[{"href":"https:\/\/www.secondastrada.com\/it\/wp-json\/wp\/v2\/product\/361904"}],"collection":[{"href":"https:\/\/www.secondastrada.com\/it\/wp-json\/wp\/v2\/product"}],"about":[{"href":"https:\/\/www.secondastrada.com\/it\/wp-json\/wp\/v2\/types\/product"}],"wp:featuredmedia":[{"embeddable":true,"href":"https:\/\/www.secondastrada.com\/it\/wp-json\/wp\/v2\/media\/361823"}],"wp:attachment":[{"href":"https:\/\/www.secondastrada.com\/it\/wp-json\/wp\/v2\/media?parent=361904"}],"wp:term":[{"taxonomy":"ss_brand","embeddable":true,"href":"https:\/\/www.secondastrada.com\/it\/wp-json\/wp\/v2\/ss_brand?post=361904"},{"taxonomy":"ss_promo","embeddable":true,"href":"https:\/\/www.secondastrada.com\/it\/wp-json\/wp\/v2\/ss_promo?post=361904"},{"taxonomy":"ss_season","embeddable":true,"href":"https:\/\/www.secondastrada.com\/it\/wp-json\/wp\/v2\/ss_season?post=361904"},{"taxonomy":"product_cat","embeddable":true,"href":"https:\/\/www.secondastrada.com\/it\/wp-json\/wp\/v2\/product_cat?post=361904"},{"taxonomy":"product_tag","embeddable":true,"href":"https:\/\/www.secondastrada.com\/it\/wp-json\/wp\/v2\/product_tag?post=361904"}],"curies":[{"name":"wp","href":"https:\/\/api.w.org\/{rel}","templated":true}]}}